{"id":2744,"date":"2018-07-31T01:05:04","date_gmt":"2018-07-31T01:05:04","guid":{"rendered":"https:\/\/apan.gob.mx\/portal\/?page_id=2744"},"modified":"2018-07-31T01:09:24","modified_gmt":"2018-07-31T01:09:24","slug":"transparencia_39_2018_2","status":"publish","type":"page","link":"https:\/\/apan.gob.mx\/portal\/transparencia_39_2018_2\/","title":{"rendered":"<!--transparencia_39_2018_2-->"},"content":{"rendered":"\t\t<div data-elementor-type=\"wp-page\" data-elementor-id=\"2744\" class=\"elementor elementor-2744 elementor-bc-flex-widget\">\n\t\t\t\t\t\t<section class=\"has_ae_slider elementor-section elementor-top-section elementor-element elementor-element-kumagcp elementor-section-boxed elementor-section-height-default elementor-section-height-default ae-bg-gallery-type-default\" data-id=\"kumagcp\" data-element_type=\"section\" data-e-type=\"section\">\n\t\t\t\t\t\t<div class=\"elementor-container elementor-column-gap-default\">\n\t\t\t\t\t<div class=\"has_ae_slider elementor-column elementor-col-100 elementor-top-column elementor-element elementor-element-uqjfekz ae-bg-gallery-type-default\" data-id=\"uqjfekz\" data-element_type=\"column\" data-e-type=\"column\">\n\t\t\t<div class=\"elementor-widget-wrap elementor-element-populated\">\n\t\t\t\t\t\t<div class=\"elementor-element elementor-element-sbuusij elementor-widget elementor-widget-heading\" data-id=\"sbuusij\" data-element_type=\"widget\" data-e-type=\"widget\" data-widget_type=\"heading.default\">\n\t\t\t\t<div class=\"elementor-widget-container\">\n\t\t\t\t\t<h2 class=\"elementor-heading-title elementor-size-medium\">Fracci\u00f3n XXXlX<\/h2>\t\t\t\t<\/div>\n\t\t\t\t<\/div>\n\t\t\t\t<div class=\"elementor-element elementor-element-oxeepvc elementor-widget elementor-widget-html\" data-id=\"oxeepvc\" data-element_type=\"widget\" data-e-type=\"widget\" data-widget_type=\"html.default\">\n\t\t\t\t<div class=\"elementor-widget-container\">\n\t\t\t\t\t<style id=\"a69_f39c_9583_Styles\">\r\n<!--table\r\n\t{mso-displayed-decimal-separator:\"\\.\";\r\n\tmso-displayed-thousand-separator:\"\\,\";}\r\n.xl159583\r\n\t{padding-top:1px;\r\n\tpadding-right:1px;\r\n\tpadding-left:1px;\r\n\tmso-ignore:padding;\r\n\tcolor:black;\r\n\tfont-size:11.0pt;\r\n\tfont-weight:400;\r\n\tfont-style:normal;\r\n\ttext-decoration:none;\r\n\tfont-family:Calibri, sans-serif;\r\n\tmso-font-charset:0;\r\n\tmso-number-format:General;\r\n\ttext-align:general;\r\n\tvertical-align:bottom;\r\n\tmso-background-source:auto;\r\n\tmso-pattern:auto;\r\n\twhite-space:nowrap;}\r\n.xl659583\r\n\t{padding-top:1px;\r\n\tpadding-right:1px;\r\n\tpadding-left:1px;\r\n\tmso-ignore:padding;\r\n\tcolor:black;\r\n\tfont-size:11.0pt;\r\n\tfont-weight:400;\r\n\tfont-style:normal;\r\n\ttext-decoration:none;\r\n\tfont-family:Calibri, sans-serif;\r\n\tmso-font-charset:0;\r\n\tmso-number-format:General;\r\n\ttext-align:center;\r\n\tvertical-align:middle;\r\n\tmso-background-source:auto;\r\n\tmso-pattern:auto;\r\n\twhite-space:nowrap;}\r\n.xl669583\r\n\t{padding-top:1px;\r\n\tpadding-right:1px;\r\n\tpadding-left:1px;\r\n\tmso-ignore:padding;\r\n\tcolor:white;\r\n\tfont-size:11.0pt;\r\n\tfont-weight:700;\r\n\tfont-style:normal;\r\n\ttext-decoration:none;\r\n\tfont-family:Arial;\r\n\tmso-generic-font-family:auto;\r\n\tmso-font-charset:0;\r\n\tmso-number-format:General;\r\n\ttext-align:center;\r\n\tvertical-align:middle;\r\n\tborder:.5pt solid windowtext;\r\n\tbackground:#333333;\r\n\tmso-pattern:black none;\r\n\twhite-space:nowrap;}\r\n.xl679583\r\n\t{padding-top:1px;\r\n\tpadding-right:1px;\r\n\tpadding-left:1px;\r\n\tmso-ignore:padding;\r\n\tcolor:black;\r\n\tfont-size:10.0pt;\r\n\tfont-weight:400;\r\n\tfont-style:normal;\r\n\ttext-decoration:none;\r\n\tfont-family:Arial;\r\n\tmso-generic-font-family:auto;\r\n\tmso-font-charset:0;\r\n\tmso-number-format:General;\r\n\ttext-align:center;\r\n\tvertical-align:middle;\r\n\tborder:.5pt solid windowtext;\r\n\tbackground:#E1E1E1;\r\n\tmso-pattern:black none;\r\n\twhite-space:nowrap;}\r\n.xl689583\r\n\t{padding-top:1px;\r\n\tpadding-right:1px;\r\n\tpadding-left:1px;\r\n\tmso-ignore:padding;\r\n\tcolor:black;\r\n\tfont-size:10.0pt;\r\n\tfont-weight:400;\r\n\tfont-style:normal;\r\n\ttext-decoration:none;\r\n\tfont-family:Arial;\r\n\tmso-generic-font-family:auto;\r\n\tmso-font-charset:0;\r\n\tmso-number-format:General;\r\n\ttext-align:center;\r\n\tvertical-align:middle;\r\n\tborder:.5pt solid windowtext;\r\n\tbackground:#E1E1E1;\r\n\tmso-pattern:black none;\r\n\twhite-space:normal;}\r\n.xl699583\r\n\t{padding-top:1px;\r\n\tpadding-right:1px;\r\n\tpadding-left:1px;\r\n\tmso-ignore:padding;\r\n\tcolor:black;\r\n\tfont-size:11.0pt;\r\n\tfont-weight:400;\r\n\tfont-style:normal;\r\n\ttext-decoration:none;\r\n\tfont-family:Calibri, sans-serif;\r\n\tmso-font-charset:0;\r\n\tmso-number-format:General;\r\n\ttext-align:center;\r\n\tvertical-align:middle;\r\n\tborder:.5pt solid windowtext;\r\n\tbackground:white;\r\n\tmso-pattern:black none;\r\n\twhite-space:nowrap;}\r\n.xl709583\r\n\t{padding-top:1px;\r\n\tpadding-right:1px;\r\n\tpadding-left:1px;\r\n\tmso-ignore:padding;\r\n\tcolor:black;\r\n\tfont-size:11.0pt;\r\n\tfont-weight:400;\r\n\tfont-style:normal;\r\n\ttext-decoration:none;\r\n\tfont-family:Calibri, sans-serif;\r\n\tmso-font-charset:0;\r\n\tmso-number-format:\"Medium Date\";\r\n\ttext-align:center;\r\n\tvertical-align:middle;\r\n\tborder:.5pt solid windowtext;\r\n\tbackground:white;\r\n\tmso-pattern:black none;\r\n\twhite-space:nowrap;}\r\n.xl719583\r\n\t{padding-top:1px;\r\n\tpadding-right:1px;\r\n\tpadding-left:1px;\r\n\tmso-ignore:padding;\r\n\tcolor:blue;\r\n\tfont-size:11.0pt;\r\n\tfont-weight:400;\r\n\tfont-style:normal;\r\n\ttext-decoration:underline;\r\n\ttext-underline-style:single;\r\n\tfont-family:Calibri, sans-serif;\r\n\tmso-font-charset:0;\r\n\tmso-number-format:General;\r\n\ttext-align:center;\r\n\tvertical-align:middle;\r\n\tborder:.5pt solid windowtext;\r\n\tbackground:white;\r\n\tmso-pattern:black none;\r\n\twhite-space:nowrap;}\r\n.xl729583\r\n\t{padding-top:1px;\r\n\tpadding-right:1px;\r\n\tpadding-left:1px;\r\n\tmso-ignore:padding;\r\n\tcolor:white;\r\n\tfont-size:11.0pt;\r\n\tfont-weight:700;\r\n\tfont-style:normal;\r\n\ttext-decoration:none;\r\n\tfont-family:Arial;\r\n\tmso-generic-font-family:auto;\r\n\tmso-font-charset:0;\r\n\tmso-number-format:General;\r\n\ttext-align:center;\r\n\tvertical-align:middle;\r\n\tborder-top:.5pt solid windowtext;\r\n\tborder-right:.5pt solid windowtext;\r\n\tborder-bottom:none;\r\n\tborder-left:.5pt solid windowtext;\r\n\tbackground:#333333;\r\n\tmso-pattern:black none;\r\n\twhite-space:nowrap;}\r\n.xl739583\r\n\t{padding-top:1px;\r\n\tpadding-right:1px;\r\n\tpadding-left:1px;\r\n\tmso-ignore:padding;\r\n\tcolor:black;\r\n\tfont-size:11.0pt;\r\n\tfont-weight:400;\r\n\tfont-style:normal;\r\n\ttext-decoration:none;\r\n\tfont-family:Calibri, sans-serif;\r\n\tmso-font-charset:0;\r\n\tmso-number-format:General;\r\n\ttext-align:center;\r\n\tvertical-align:middle;\r\n\tborder:.5pt solid windowtext;\r\n\tmso-background-source:auto;\r\n\tmso-pattern:auto;\r\n\twhite-space:normal;}\r\n-->\r\n<\/style>\r\n<\/head>\r\n\r\n<body>\r\n<!--[if !excel]>&nbsp;&nbsp;<![endif]-->\r\n<!--La siguiente informaci\u00f3n se gener\u00f3 mediante el Asistente para publicar como\r\np\u00e1gina web de Microsoft Excel.-->\r\n<!--Si se vuelve a publicar el mismo elemento desde Excel, se reemplazar\u00e1 toda\r\nla informaci\u00f3n comprendida entre las etiquetas DIV.-->\r\n<!----------------------------->\r\n<!--INICIO DE LOS RESULTADOS DEL ASISTENTE PARA PUBLICAR COMO P\u00c1GINA WEB DE\r\nEXCEL -->\r\n<!----------------------------->\r\n\r\n<div id=\"a69_f39c_9583\" align=center x:publishsource=\"Excel\">\r\n\r\n<table border=0 cellpadding=0 cellspacing=0 width=3000 style='border-collapse:\r\n collapse;table-layout:fixed;width:2251pt'>\r\n <col width=56 style='mso-width-source:userset;mso-width-alt:2048;width:42pt'>\r\n <col width=255 style='mso-width-source:userset;mso-width-alt:9325;width:191pt'>\r\n <col width=270 style='mso-width-source:userset;mso-width-alt:9874;width:203pt'>\r\n <col width=68 style='mso-width-source:userset;mso-width-alt:2486;width:51pt'>\r\n <col width=95 style='mso-width-source:userset;mso-width-alt:3474;width:71pt'>\r\n <col width=108 style='mso-width-source:userset;mso-width-alt:3949;width:81pt'>\r\n <col width=286 style='mso-width-source:userset;mso-width-alt:10459;width:215pt'>\r\n <col width=390 style='mso-width-source:userset;mso-width-alt:14262;width:293pt'>\r\n <col width=187 style='mso-width-source:userset;mso-width-alt:6838;width:140pt'>\r\n <col width=512 style='mso-width-source:userset;mso-width-alt:18724;width:384pt'>\r\n <col width=123 style='mso-width-source:userset;mso-width-alt:4498;width:92pt'>\r\n <col width=140 style='mso-width-source:userset;mso-width-alt:5120;width:105pt'>\r\n <col width=510 style='mso-width-source:userset;mso-width-alt:18651;width:383pt'>\r\n <tr height=0 style='display:none'>\r\n  <td class=xl659583 width=56 style='width:42pt'>46778<\/td>\r\n  <td class=xl659583 width=255 style='width:191pt'><\/td>\r\n  <td class=xl659583 width=270 style='width:203pt'><\/td>\r\n  <td class=xl659583 width=68 style='width:51pt'><\/td>\r\n  <td class=xl659583 width=95 style='width:71pt'><\/td>\r\n  <td class=xl659583 width=108 style='width:81pt'><\/td>\r\n  <td class=xl659583 width=286 style='width:215pt'><\/td>\r\n  <td class=xl659583 width=390 style='width:293pt'><\/td>\r\n  <td class=xl659583 width=187 style='width:140pt'><\/td>\r\n  <td class=xl659583 width=512 style='width:384pt'><\/td>\r\n  <td class=xl659583 width=123 style='width:92pt'><\/td>\r\n  <td class=xl659583 width=140 style='width:105pt'><\/td>\r\n  <td class=xl659583 width=510 style='width:383pt'><\/td>\r\n <\/tr>\r\n <tr height=20 style='height:15.0pt'>\r\n  <td colspan=3 height=20 class=xl669583 style='height:15.0pt'>T\u00cdTULO<\/td>\r\n  <td colspan=3 class=xl669583>NOMBRE CORTO<\/td>\r\n  <td colspan=3 class=xl729583>DESCRIPCI\u00d3N<\/td>\r\n  <td class=xl659583><\/td>\r\n  <td class=xl659583><\/td>\r\n  <td class=xl659583><\/td>\r\n  <td class=xl659583><\/td>\r\n <\/tr>\r\n <tr height=57 style='mso-height-source:userset;height:42.75pt'>\r\n  <td colspan=3 height=57 class=xl679583 style='height:42.75pt'>Actas y\r\n  resoluciones Comit\u00e9 de Transparencia_Integrantes del Comit\u00e9 de Transparencia<\/td>\r\n  <td colspan=3 class=xl679583>a69_f39c<\/td>\r\n  <td colspan=3 class=xl689583 width=863 style='width:648pt'>Se detallar\u00e1n los\r\n  datos del presidente y los dem\u00e1s integrantes del Comit\u00e9 de Transparencia, del\r\n  sujeto obligado para cumplir con las funciones establecidas en el Cap\u00edtulo\r\n  III, T\u00edtulo Segundo de la Ley General, independientemente de que su nivel sea\r\n  menor al de jefe de departamento u hom\u00f3logo<\/td>\r\n  <td class=xl659583><\/td>\r\n  <td class=xl659583><\/td>\r\n  <td class=xl659583><\/td>\r\n  <td class=xl659583><\/td>\r\n <\/tr>\r\n <tr height=0 style='display:none'>\r\n  <td class=xl659583>1<\/td>\r\n  <td class=xl659583>4<\/td>\r\n  <td class=xl659583>4<\/td>\r\n  <td class=xl659583>1<\/td>\r\n  <td class=xl659583>1<\/td>\r\n  <td class=xl659583>1<\/td>\r\n  <td class=xl659583>1<\/td>\r\n  <td class=xl659583>1<\/td>\r\n  <td class=xl659583>1<\/td>\r\n  <td class=xl659583>2<\/td>\r\n  <td class=xl659583>4<\/td>\r\n  <td class=xl659583>13<\/td>\r\n  <td class=xl659583>14<\/td>\r\n <\/tr>\r\n <tr height=0 style='display:none'>\r\n  <td class=xl659583>397227<\/td>\r\n  <td class=xl659583>397228<\/td>\r\n  <td class=xl659583>397229<\/td>\r\n  <td class=xl659583>397232<\/td>\r\n  <td class=xl659583>397233<\/td>\r\n  <td class=xl659583>397234<\/td>\r\n  <td class=xl659583>397222<\/td>\r\n  <td class=xl659583>397223<\/td>\r\n  <td class=xl659583>397226<\/td>\r\n  <td class=xl659583>397230<\/td>\r\n  <td class=xl659583>397224<\/td>\r\n  <td class=xl659583>397225<\/td>\r\n  <td class=xl659583>397231<\/td>\r\n <\/tr>\r\n <tr height=20 style='height:15.0pt'>\r\n  <td colspan=13 height=20 class=xl669583 style='height:15.0pt'>Tabla Campos<\/td>\r\n <\/tr>\r\n <tr height=34 style='height:25.5pt'>\r\n  <td height=34 class=xl689583 width=56 style='height:25.5pt;width:42pt'>Ejercicio<\/td>\r\n  <td class=xl689583 width=255 style='border-left:none;width:191pt'>Fecha de\r\n  inicio del periodo que se informa<\/td>\r\n  <td class=xl689583 width=270 style='border-left:none;width:203pt'>Fecha de\r\n  t\u00e9rmino del periodo que se informa<\/td>\r\n  <td class=xl689583 width=68 style='border-left:none;width:51pt'>Nombre(s)<\/td>\r\n  <td class=xl689583 width=95 style='border-left:none;width:71pt'>Primer\r\n  apellido<\/td>\r\n  <td class=xl689583 width=108 style='border-left:none;width:81pt'>Segundo\r\n  apellido<\/td>\r\n  <td class=xl689583 width=286 style='border-left:none;width:215pt'>Cargo o\r\n  puesto que ocupa en el sujeto obligado<\/td>\r\n  <td class=xl689583 width=390 style='border-left:none;width:293pt'>Cargo y\/o\r\n  funci\u00f3n que desempe\u00f1a en el Comit\u00e9 de Transparencia<\/td>\r\n  <td class=xl689583 width=187 style='border-left:none;width:140pt'>Correo\r\n  electr\u00f3nico oficial<span style='mso-spacerun:yes'>\u00a0<\/span><\/td>\r\n  <td class=xl689583 width=512 style='border-left:none;width:384pt'>\u00c1rea(s)\r\n  responsable(s) que genera(n), posee(n), publica(n) y actualizan la\r\n  informaci\u00f3n<\/td>\r\n  <td class=xl689583 width=123 style='border-left:none;width:92pt'>Fecha de\r\n  validaci\u00f3n<\/td>\r\n  <td class=xl689583 width=140 style='border-left:none;width:105pt'>Fecha de\r\n  actualizaci\u00f3n<\/td>\r\n  <td class=xl689583 width=510 style='border-left:none;width:383pt'>Nota<\/td>\r\n <\/tr>\r\n <tr height=20 style='height:15.0pt'>\r\n  <td height=20 class=xl699583 style='height:15.0pt;border-top:none'>2018<\/td>\r\n  <td class=xl709583 style='border-top:none;border-left:none'>01-abr-18<\/td>\r\n  <td class=xl709583 style='border-top:none;border-left:none'>30-jun-18<\/td>\r\n  <td class=xl699583 style='border-top:none;border-left:none'>Vicente<\/td>\r\n  <td class=xl699583 style='border-top:none;border-left:none'>Mu\u00f1oz<\/td>\r\n  <td class=xl699583 style='border-top:none;border-left:none'>Fern\u00e1ndez<\/td>\r\n  <td class=xl699583 style='border-top:none;border-left:none'>Titular de la\r\n  Unidad de Transparencia<\/td>\r\n  <td class=xl699583 style='border-top:none;border-left:none'>Presidente del\r\n  comit\u00e9 de Transparencia<\/td>\r\n  <td class=xl719583 style='border-top:none;border-left:none'><a\r\n  href=\"mailto:transparencia@apan.gob.mx\">transparencia@apan.gob.mx<\/a><\/td>\r\n  <td class=xl699583 style='border-top:none;border-left:none'>Unidad de\r\n  Transparencia<\/td>\r\n  <td class=xl709583 style='border-top:none;border-left:none'>01-jul-18<\/td>\r\n  <td class=xl709583 style='border-top:none;border-left:none'>01-ene-18<\/td>\r\n  <td class=xl699583 style='border-top:none;border-left:none'>durante el\r\n  periodo que se informa no hubo sesiones de comit\u00e9 de tranparencia<span\r\n  style='mso-spacerun:yes'>\u00a0<\/span><\/td>\r\n <\/tr>\r\n <![if supportMisalignedColumns]>\r\n <tr height=0 style='display:none'>\r\n  <td width=56 style='width:42pt'><\/td>\r\n  <td width=255 style='width:191pt'><\/td>\r\n  <td width=270 style='width:203pt'><\/td>\r\n  <td width=68 style='width:51pt'><\/td>\r\n  <td width=95 style='width:71pt'><\/td>\r\n  <td width=108 style='width:81pt'><\/td>\r\n  <td width=286 style='width:215pt'><\/td>\r\n  <td width=390 style='width:293pt'><\/td>\r\n  <td width=187 style='width:140pt'><\/td>\r\n  <td width=512 style='width:384pt'><\/td>\r\n  <td width=123 style='width:92pt'><\/td>\r\n  <td width=140 style='width:105pt'><\/td>\r\n  <td width=510 style='width:383pt'><\/td>\r\n <\/tr>\r\n <![endif]>\r\n<\/table>\r\n\r\n<\/div>\r\n\r\n\r\n\t\t\t\t<\/div>\n\t\t\t\t<\/div>\n\t\t\t\t<div class=\"elementor-element elementor-element-hzhypce elementor-widget elementor-widget-heading\" data-id=\"hzhypce\" data-element_type=\"widget\" data-e-type=\"widget\" data-widget_type=\"heading.default\">\n\t\t\t\t<div class=\"elementor-widget-container\">\n\t\t\t\t\t<h2 class=\"elementor-heading-title elementor-size-small\">Fecha en que se subi\u00f3 la informaci\u00f3n: 30-julio-18<\/h2>\t\t\t\t<\/div>\n\t\t\t\t<\/div>\n\t\t\t\t\t<\/div>\n\t\t<\/div>\n\t\t\t\t\t<\/div>\n\t\t<\/section>\n\t\t\t\t<\/div>\n\t\t","protected":false},"excerpt":{"rendered":"<p>Fracci\u00f3n XXXlX 46778 T\u00cdTULO NOMBRE CORTO DESCRIPCI\u00d3N Actas y resoluciones Comit\u00e9 de Transparencia_Integrantes del Comit\u00e9 de Transparencia a69_f39c Se detallar\u00e1n los datos del presidente y los dem\u00e1s integrantes del Comit\u00e9 de Transparencia, del sujeto obligado para cumplir con las funciones establecidas en el Cap\u00edtulo III, T\u00edtulo Segundo de la Ley General, independientemente de que su [&hellip;]<\/p>\n","protected":false},"author":1,"featured_media":0,"parent":0,"menu_order":0,"comment_status":"closed","ping_status":"closed","template":"page-template-full.php","meta":{"footnotes":""},"class_list":["post-2744","page","type-page","status-publish","hentry"],"jetpack_sharing_enabled":true,"_links":{"self":[{"href":"https:\/\/apan.gob.mx\/portal\/wp-json\/wp\/v2\/pages\/2744","targetHints":{"allow":["GET"]}}],"collection":[{"href":"https:\/\/apan.gob.mx\/portal\/wp-json\/wp\/v2\/pages"}],"about":[{"href":"https:\/\/apan.gob.mx\/portal\/wp-json\/wp\/v2\/types\/page"}],"author":[{"embeddable":true,"href":"https:\/\/apan.gob.mx\/portal\/wp-json\/wp\/v2\/users\/1"}],"replies":[{"embeddable":true,"href":"https:\/\/apan.gob.mx\/portal\/wp-json\/wp\/v2\/comments?post=2744"}],"version-history":[{"count":2,"href":"https:\/\/apan.gob.mx\/portal\/wp-json\/wp\/v2\/pages\/2744\/revisions"}],"predecessor-version":[{"id":2746,"href":"https:\/\/apan.gob.mx\/portal\/wp-json\/wp\/v2\/pages\/2744\/revisions\/2746"}],"wp:attachment":[{"href":"https:\/\/apan.gob.mx\/portal\/wp-json\/wp\/v2\/media?parent=2744"}],"curies":[{"name":"wp","href":"https:\/\/api.w.org\/{rel}","templated":true}]}}