{"id":2769,"date":"2018-07-31T03:01:47","date_gmt":"2018-07-31T03:01:47","guid":{"rendered":"https:\/\/apan.gob.mx\/portal\/?page_id=2769"},"modified":"2018-07-31T03:09:25","modified_gmt":"2018-07-31T03:09:25","slug":"sanidad_27_2018_2","status":"publish","type":"page","link":"https:\/\/apan.gob.mx\/portal\/sanidad_27_2018_2\/","title":{"rendered":"<!--sanidad_27_2018_2-->"},"content":{"rendered":"\t\t<div data-elementor-type=\"wp-page\" data-elementor-id=\"2769\" class=\"elementor elementor-2769 elementor-bc-flex-widget\">\n\t\t\t\t\t\t<section class=\"has_ae_slider elementor-section elementor-top-section elementor-element elementor-element-wysxgyc elementor-section-boxed elementor-section-height-default elementor-section-height-default ae-bg-gallery-type-default\" data-id=\"wysxgyc\" data-element_type=\"section\" data-e-type=\"section\">\n\t\t\t\t\t\t<div class=\"elementor-container elementor-column-gap-default\">\n\t\t\t\t\t<div class=\"has_ae_slider elementor-column elementor-col-100 elementor-top-column elementor-element elementor-element-vhtyzjx ae-bg-gallery-type-default\" data-id=\"vhtyzjx\" data-element_type=\"column\" data-e-type=\"column\">\n\t\t\t<div class=\"elementor-widget-wrap elementor-element-populated\">\n\t\t\t\t\t\t<div class=\"elementor-element elementor-element-xpbesnd elementor-widget elementor-widget-heading\" data-id=\"xpbesnd\" data-element_type=\"widget\" data-e-type=\"widget\" data-widget_type=\"heading.default\">\n\t\t\t\t<div class=\"elementor-widget-container\">\n\t\t\t\t\t<h2 class=\"elementor-heading-title elementor-size-medium\">Fracci\u00f3n XXVll<\/h2>\t\t\t\t<\/div>\n\t\t\t\t<\/div>\n\t\t\t\t<div class=\"elementor-element elementor-element-mmw2sdc elementor-widget elementor-widget-html\" data-id=\"mmw2sdc\" data-element_type=\"widget\" data-e-type=\"widget\" data-widget_type=\"html.default\">\n\t\t\t\t<div class=\"elementor-widget-container\">\n\t\t\t\t\t<style id=\"a69_f27_22740_Styles\">\r\n<!--table\r\n\t{mso-displayed-decimal-separator:\"\\.\";\r\n\tmso-displayed-thousand-separator:\"\\,\";}\r\n.xl1522740\r\n\t{padding-top:1px;\r\n\tpadding-right:1px;\r\n\tpadding-left:1px;\r\n\tmso-ignore:padding;\r\n\tcolor:black;\r\n\tfont-size:11.0pt;\r\n\tfont-weight:400;\r\n\tfont-style:normal;\r\n\ttext-decoration:none;\r\n\tfont-family:Calibri, sans-serif;\r\n\tmso-font-charset:0;\r\n\tmso-number-format:General;\r\n\ttext-align:general;\r\n\tvertical-align:bottom;\r\n\tmso-background-source:auto;\r\n\tmso-pattern:auto;\r\n\twhite-space:nowrap;}\r\n.xl6522740\r\n\t{padding-top:1px;\r\n\tpadding-right:1px;\r\n\tpadding-left:1px;\r\n\tmso-ignore:padding;\r\n\tcolor:white;\r\n\tfont-size:11.0pt;\r\n\tfont-weight:700;\r\n\tfont-style:normal;\r\n\ttext-decoration:none;\r\n\tfont-family:Arial;\r\n\tmso-generic-font-family:auto;\r\n\tmso-font-charset:0;\r\n\tmso-number-format:General;\r\n\ttext-align:center;\r\n\tvertical-align:middle;\r\n\tborder:.5pt solid windowtext;\r\n\tbackground:#333333;\r\n\tmso-pattern:black none;\r\n\twhite-space:nowrap;}\r\n.xl6622740\r\n\t{padding-top:1px;\r\n\tpadding-right:1px;\r\n\tpadding-left:1px;\r\n\tmso-ignore:padding;\r\n\tcolor:black;\r\n\tfont-size:10.0pt;\r\n\tfont-weight:400;\r\n\tfont-style:normal;\r\n\ttext-decoration:none;\r\n\tfont-family:Arial;\r\n\tmso-generic-font-family:auto;\r\n\tmso-font-charset:0;\r\n\tmso-number-format:General;\r\n\ttext-align:center;\r\n\tvertical-align:middle;\r\n\tborder:.5pt solid windowtext;\r\n\tbackground:#E1E1E1;\r\n\tmso-pattern:black none;\r\n\twhite-space:normal;}\r\n.xl6722740\r\n\t{padding-top:1px;\r\n\tpadding-right:1px;\r\n\tpadding-left:1px;\r\n\tmso-ignore:padding;\r\n\tcolor:black;\r\n\tfont-size:11.0pt;\r\n\tfont-weight:400;\r\n\tfont-style:normal;\r\n\ttext-decoration:none;\r\n\tfont-family:Calibri, sans-serif;\r\n\tmso-font-charset:0;\r\n\tmso-number-format:General;\r\n\ttext-align:center;\r\n\tvertical-align:middle;\r\n\tmso-background-source:auto;\r\n\tmso-pattern:auto;\r\n\twhite-space:nowrap;}\r\n.xl6822740\r\n\t{padding-top:1px;\r\n\tpadding-right:1px;\r\n\tpadding-left:1px;\r\n\tmso-ignore:padding;\r\n\tcolor:black;\r\n\tfont-size:10.0pt;\r\n\tfont-weight:400;\r\n\tfont-style:normal;\r\n\ttext-decoration:none;\r\n\tfont-family:Arial;\r\n\tmso-generic-font-family:auto;\r\n\tmso-font-charset:0;\r\n\tmso-number-format:General;\r\n\ttext-align:center;\r\n\tvertical-align:middle;\r\n\tborder:.5pt solid windowtext;\r\n\tbackground:#E1E1E1;\r\n\tmso-pattern:black none;\r\n\twhite-space:nowrap;}\r\n.xl6922740\r\n\t{padding-top:1px;\r\n\tpadding-right:1px;\r\n\tpadding-left:1px;\r\n\tmso-ignore:padding;\r\n\tcolor:black;\r\n\tfont-size:11.0pt;\r\n\tfont-weight:400;\r\n\tfont-style:normal;\r\n\ttext-decoration:none;\r\n\tfont-family:Calibri, sans-serif;\r\n\tmso-font-charset:0;\r\n\tmso-number-format:General;\r\n\ttext-align:center;\r\n\tvertical-align:middle;\r\n\tmso-background-source:auto;\r\n\tmso-pattern:auto;\r\n\twhite-space:normal;}\r\n.xl7022740\r\n\t{padding-top:1px;\r\n\tpadding-right:1px;\r\n\tpadding-left:1px;\r\n\tmso-ignore:padding;\r\n\tcolor:black;\r\n\tfont-size:11.0pt;\r\n\tfont-weight:400;\r\n\tfont-style:normal;\r\n\ttext-decoration:none;\r\n\tfont-family:Calibri, sans-serif;\r\n\tmso-font-charset:0;\r\n\tmso-number-format:General;\r\n\ttext-align:center;\r\n\tvertical-align:middle;\r\n\tborder:.5pt solid windowtext;\r\n\tbackground:white;\r\n\tmso-pattern:black none;\r\n\twhite-space:nowrap;}\r\n.xl7122740\r\n\t{padding-top:1px;\r\n\tpadding-right:1px;\r\n\tpadding-left:1px;\r\n\tmso-ignore:padding;\r\n\tcolor:black;\r\n\tfont-size:11.0pt;\r\n\tfont-weight:400;\r\n\tfont-style:normal;\r\n\ttext-decoration:none;\r\n\tfont-family:Calibri, sans-serif;\r\n\tmso-font-charset:0;\r\n\tmso-number-format:\"Medium Date\";\r\n\ttext-align:center;\r\n\tvertical-align:middle;\r\n\tborder:.5pt solid windowtext;\r\n\tbackground:white;\r\n\tmso-pattern:black none;\r\n\twhite-space:nowrap;}\r\n.xl7222740\r\n\t{padding-top:1px;\r\n\tpadding-right:1px;\r\n\tpadding-left:1px;\r\n\tmso-ignore:padding;\r\n\tcolor:blue;\r\n\tfont-size:11.0pt;\r\n\tfont-weight:400;\r\n\tfont-style:normal;\r\n\ttext-decoration:underline;\r\n\ttext-underline-style:single;\r\n\tfont-family:Calibri, sans-serif;\r\n\tmso-font-charset:0;\r\n\tmso-number-format:General;\r\n\ttext-align:center;\r\n\tvertical-align:middle;\r\n\tborder:.5pt solid windowtext;\r\n\tbackground:white;\r\n\tmso-pattern:#E1E1E1 none;\r\n\twhite-space:nowrap;}\r\n-->\r\n<\/style>\r\n<\/head>\r\n\r\n<body>\r\n<!--[if !excel]>&nbsp;&nbsp;<![endif]-->\r\n<!--La siguiente informaci\u00f3n se gener\u00f3 mediante el Asistente para publicar como\r\np\u00e1gina web de Microsoft Excel.-->\r\n<!--Si se vuelve a publicar el mismo elemento desde Excel, se reemplazar\u00e1 toda\r\nla informaci\u00f3n comprendida entre las etiquetas DIV.-->\r\n<!----------------------------->\r\n<!--INICIO DE LOS RESULTADOS DEL ASISTENTE PARA PUBLICAR COMO P\u00c1GINA WEB DE\r\nEXCEL -->\r\n<!----------------------------->\r\n\r\n<div id=\"a69_f27_22740\" align=center x:publishsource=\"Excel\">\r\n\r\n<table border=0 cellpadding=0 cellspacing=0 width=9936 style='border-collapse:\r\n collapse;table-layout:fixed;width:7456pt'>\r\n <col width=56 style='mso-width-source:userset;mso-width-alt:2048;width:42pt'>\r\n <col width=255 style='mso-width-source:userset;mso-width-alt:9325;width:191pt'>\r\n <col width=270 style='mso-width-source:userset;mso-width-alt:9874;width:203pt'>\r\n <col width=188 style='mso-width-source:userset;mso-width-alt:6875;width:141pt'>\r\n <col width=358 style='mso-width-source:userset;mso-width-alt:13092;width:269pt'>\r\n <col width=242 style='mso-width-source:userset;mso-width-alt:8850;width:182pt'>\r\n <col width=487 style='mso-width-source:userset;mso-width-alt:17810;width:365pt'>\r\n <col width=333 style='mso-width-source:userset;mso-width-alt:12178;width:250pt'>\r\n <col width=298 style='mso-width-source:userset;mso-width-alt:10898;width:224pt'>\r\n <col width=319 style='mso-width-source:userset;mso-width-alt:11666;width:239pt'>\r\n <col width=346 style='mso-width-source:userset;mso-width-alt:12653;width:260pt'>\r\n <col width=358 style='mso-width-source:userset;mso-width-alt:13092;width:269pt'>\r\n <col width=330 style='mso-width-source:userset;mso-width-alt:12068;width:248pt'>\r\n <col width=266 style='mso-width-source:userset;mso-width-alt:9728;width:200pt'>\r\n <col width=277 style='mso-width-source:userset;mso-width-alt:10130;width:208pt'>\r\n <col width=443 style='mso-width-source:userset;mso-width-alt:16201;width:332pt'>\r\n <col width=685 style='mso-width-source:userset;mso-width-alt:25051;width:514pt'>\r\n <col width=245 style='mso-width-source:userset;mso-width-alt:8960;width:184pt'>\r\n <col width=337 style='mso-width-source:userset;mso-width-alt:12324;width:253pt'>\r\n <col width=685 style='mso-width-source:userset;mso-width-alt:25051;width:514pt'>\r\n <col width=700 span=2 style='mso-width-source:userset;mso-width-alt:25600;\r\n width:525pt'>\r\n <col width=295 style='mso-width-source:userset;mso-width-alt:10788;width:221pt'>\r\n <col width=688 style='mso-width-source:userset;mso-width-alt:25161;width:516pt'>\r\n <col width=512 style='mso-width-source:userset;mso-width-alt:18724;width:384pt'>\r\n <col width=123 style='mso-width-source:userset;mso-width-alt:4498;width:92pt'>\r\n <col width=140 style='mso-width-source:userset;mso-width-alt:5120;width:105pt'>\r\n <tr height=0 style='display:none'>\r\n  <td class=xl6722740 width=56 style='width:42pt'>50750<\/td>\r\n  <td class=xl6722740 width=255 style='width:191pt'><\/td>\r\n  <td class=xl6722740 width=270 style='width:203pt'><\/td>\r\n  <td class=xl6722740 width=188 style='width:141pt'><\/td>\r\n  <td class=xl6722740 width=358 style='width:269pt'><\/td>\r\n  <td class=xl6722740 width=242 style='width:182pt'><\/td>\r\n  <td class=xl6722740 width=487 style='width:365pt'><\/td>\r\n  <td class=xl6722740 width=333 style='width:250pt'><\/td>\r\n  <td class=xl6722740 width=298 style='width:224pt'><\/td>\r\n  <td class=xl6722740 width=319 style='width:239pt'><\/td>\r\n  <td class=xl6722740 width=346 style='width:260pt'><\/td>\r\n  <td class=xl6722740 width=358 style='width:269pt'><\/td>\r\n  <td class=xl6722740 width=330 style='width:248pt'><\/td>\r\n  <td class=xl6722740 width=266 style='width:200pt'><\/td>\r\n  <td class=xl6722740 width=277 style='width:208pt'><\/td>\r\n  <td class=xl6722740 width=443 style='width:332pt'><\/td>\r\n  <td class=xl6722740 width=685 style='width:514pt'><\/td>\r\n  <td class=xl6722740 width=245 style='width:184pt'><\/td>\r\n  <td class=xl6722740 width=337 style='width:253pt'><\/td>\r\n  <td class=xl6722740 width=685 style='width:514pt'><\/td>\r\n  <td class=xl6722740 width=700 style='width:525pt'><\/td>\r\n  <td class=xl6722740 width=700 style='width:525pt'><\/td>\r\n  <td class=xl6722740 width=295 style='width:221pt'><\/td>\r\n  <td class=xl6722740 width=688 style='width:516pt'><\/td>\r\n  <td class=xl6722740 width=512 style='width:384pt'><\/td>\r\n  <td class=xl6722740 width=123 style='width:92pt'><\/td>\r\n  <td class=xl6722740 width=140 style='width:105pt'><\/td>\r\n <\/tr>\r\n <tr height=20 style='height:15.0pt'>\r\n  <td colspan=3 height=20 class=xl6522740 style='height:15.0pt'>T\u00cdTULO<\/td>\r\n  <td colspan=3 class=xl6522740>NOMBRE CORTO<\/td>\r\n  <td colspan=3 class=xl6522740>DESCRIPCI\u00d3N<\/td>\r\n  <td class=xl6722740><\/td>\r\n  <td class=xl6722740><\/td>\r\n  <td class=xl6722740><\/td>\r\n  <td class=xl6722740><\/td>\r\n  <td class=xl6722740><\/td>\r\n  <td class=xl6722740><\/td>\r\n  <td class=xl6722740><\/td>\r\n  <td class=xl6722740><\/td>\r\n  <td class=xl6722740><\/td>\r\n  <td class=xl6722740><\/td>\r\n  <td class=xl6722740><\/td>\r\n  <td class=xl6722740><\/td>\r\n  <td class=xl6722740><\/td>\r\n  <td class=xl6722740><\/td>\r\n  <td class=xl6722740><\/td>\r\n  <td class=xl6722740><\/td>\r\n  <td class=xl6722740><\/td>\r\n  <td class=xl6722740><\/td>\r\n <\/tr>\r\n <tr height=47 style='mso-height-source:userset;height:35.25pt'>\r\n  <td colspan=3 height=47 class=xl6822740 style='height:35.25pt'>Las\r\n  concesiones, contratos, convenios, permisos, licencias o autorizaciones\r\n  otorgadas<\/td>\r\n  <td colspan=3 class=xl6822740>a69_f27<\/td>\r\n  <td colspan=3 class=xl6622740 width=1118 style='width:839pt'>La informaci\u00f3n\r\n  de cualquier tipo de concesi\u00f3n, contratos, convenios, permisos, licencias o\r\n  autorizaciones otorgados, de acuerdo con sus atribuciones. La informaci\u00f3n se\r\n  organizar\u00e1 por acto jur\u00eddico y publicarse a partir de la fecha en la que \u00e9ste\r\n  inici\u00f3.<span style='mso-spacerun:yes'>\u00a0<\/span><\/td>\r\n  <td class=xl6722740><\/td>\r\n  <td class=xl6722740><\/td>\r\n  <td class=xl6722740><\/td>\r\n  <td class=xl6722740><\/td>\r\n  <td class=xl6722740><\/td>\r\n  <td class=xl6722740><\/td>\r\n  <td class=xl6722740><\/td>\r\n  <td class=xl6722740><\/td>\r\n  <td class=xl6722740><\/td>\r\n  <td class=xl6722740><\/td>\r\n  <td class=xl6722740><\/td>\r\n  <td class=xl6722740><\/td>\r\n  <td class=xl6722740><\/td>\r\n  <td class=xl6722740><\/td>\r\n  <td class=xl6722740><\/td>\r\n  <td class=xl6722740><\/td>\r\n  <td class=xl6722740><\/td>\r\n  <td class=xl6722740><\/td>\r\n <\/tr>\r\n <tr height=0 style='display:none'>\r\n  <td class=xl6722740>1<\/td>\r\n  <td class=xl6722740>4<\/td>\r\n  <td class=xl6722740>4<\/td>\r\n  <td class=xl6722740>9<\/td>\r\n  <td class=xl6722740>2<\/td>\r\n  <td class=xl6722740>2<\/td>\r\n  <td class=xl6722740>2<\/td>\r\n  <td class=xl6722740>1<\/td>\r\n  <td class=xl6722740>9<\/td>\r\n  <td class=xl6722740>1<\/td>\r\n  <td class=xl6722740>1<\/td>\r\n  <td class=xl6722740>1<\/td>\r\n  <td class=xl6722740>1<\/td>\r\n  <td class=xl6722740>4<\/td>\r\n  <td class=xl6722740>4<\/td>\r\n  <td class=xl6722740>1<\/td>\r\n  <td class=xl6722740>7<\/td>\r\n  <td class=xl6722740>2<\/td>\r\n  <td class=xl6722740>6<\/td>\r\n  <td class=xl6722740>7<\/td>\r\n  <td class=xl6722740>7<\/td>\r\n  <td class=xl6722740>7<\/td>\r\n  <td class=xl6722740>9<\/td>\r\n  <td class=xl6722740>7<\/td>\r\n  <td class=xl6722740>2<\/td>\r\n  <td class=xl6722740>4<\/td>\r\n  <td class=xl6722740>13<\/td>\r\n <\/tr>\r\n <tr height=0 style='display:none'>\r\n  <td class=xl6722740>466529<\/td>\r\n  <td class=xl6722740>466542<\/td>\r\n  <td class=xl6722740>466543<\/td>\r\n  <td class=xl6722740>466519<\/td>\r\n  <td class=xl6722740>466544<\/td>\r\n  <td class=xl6722740>466530<\/td>\r\n  <td class=xl6722740>466531<\/td>\r\n  <td class=xl6722740>466523<\/td>\r\n  <td class=xl6722740>466541<\/td>\r\n  <td class=xl6722740>466524<\/td>\r\n  <td class=xl6722740>466525<\/td>\r\n  <td class=xl6722740>466526<\/td>\r\n  <td class=xl6722740>466527<\/td>\r\n  <td class=xl6722740>466533<\/td>\r\n  <td class=xl6722740>466534<\/td>\r\n  <td class=xl6722740>466528<\/td>\r\n  <td class=xl6722740>466539<\/td>\r\n  <td class=xl6722740>466532<\/td>\r\n  <td class=xl6722740>466545<\/td>\r\n  <td class=xl6722740>466537<\/td>\r\n  <td class=xl6722740>466536<\/td>\r\n  <td class=xl6722740>466538<\/td>\r\n  <td class=xl6722740>466546<\/td>\r\n  <td class=xl6722740>466522<\/td>\r\n  <td class=xl6722740>466520<\/td>\r\n  <td class=xl6722740>466535<\/td>\r\n  <td class=xl6722740>466540<\/td>\r\n <\/tr>\r\n <tr height=20 style='height:15.0pt'>\r\n  <td colspan=27 height=20 class=xl6522740 style='height:15.0pt'>Tabla Campos<\/td>\r\n <\/tr>\r\n <tr height=34 style='height:25.5pt'>\r\n  <td height=34 class=xl6622740 width=56 style='height:25.5pt;width:42pt'>Ejercicio<\/td>\r\n  <td class=xl6622740 width=255 style='border-left:none;width:191pt'>Fecha de\r\n  inicio del periodo que se informa<\/td>\r\n  <td class=xl6622740 width=270 style='border-left:none;width:203pt'>Fecha de\r\n  t\u00e9rmino del periodo que se informa<\/td>\r\n  <td class=xl6622740 width=188 style='border-left:none;width:141pt'>Tipo de\r\n  acto jur\u00eddico (cat\u00e1logo)<\/td>\r\n  <td class=xl6622740 width=358 style='border-left:none;width:269pt'>N\u00famero de\r\n  control interno asignado, en su caso, al contrato, convenio, concesi\u00f3n, entre\r\n  otros.<\/td>\r\n  <td class=xl6622740 width=242 style='border-left:none;width:182pt'>Objeto de\r\n  la realizaci\u00f3n del acto jur\u00eddico<\/td>\r\n  <td class=xl6622740 width=487 style='border-left:none;width:365pt'>Fundamento\r\n  jur\u00eddico por el cual se llev\u00f3 a cabo el acto<\/td>\r\n  <td class=xl6622740 width=333 style='border-left:none;width:250pt'>Unidad(es)\r\n  o \u00e1rea(s) responsable(s) de instrumentaci\u00f3n<\/td>\r\n  <td class=xl6622740 width=298 style='border-left:none;width:224pt'>Sector al\r\n  cual se otorg\u00f3 el acto jur\u00eddico (cat\u00e1logo)<\/td>\r\n  <td class=xl6622740 width=319 style='border-left:none;width:239pt'>Nombre(s)\r\n  del titular al cual se otorg\u00f3 el acto jur\u00eddico<\/td>\r\n  <td class=xl6622740 width=346 style='border-left:none;width:260pt'>Primer\r\n  apellido del titular al cual se otorg\u00f3 el acto jur\u00eddico<\/td>\r\n  <td class=xl6622740 width=358 style='border-left:none;width:269pt'>Segundo\r\n  apellido del titular al cual se otorg\u00f3 el acto jur\u00eddico<\/td>\r\n  <td class=xl6622740 width=330 style='border-left:none;width:248pt'>Raz\u00f3n\r\n  social del titular al cual se otorg\u00f3 el acto jur\u00eddico<\/td>\r\n  <td class=xl6622740 width=266 style='border-left:none;width:200pt'>Fecha de\r\n  inicio de vigencia del acto jur\u00eddico<span style='mso-spacerun:yes'>\u00a0<\/span><\/td>\r\n  <td class=xl6622740 width=277 style='border-left:none;width:208pt'>Fecha de\r\n  t\u00e9rmino de vigencia del acto jur\u00eddico<\/td>\r\n  <td class=xl6622740 width=443 style='border-left:none;width:332pt'>Cl\u00e1usula\r\n  en que se especifican los t\u00e9rminos y condiciones del acto jur\u00eddico<\/td>\r\n  <td class=xl6622740 width=685 style='border-left:none;width:514pt'>Hiperv\u00ednculo\r\n  al contrato, convenio, permiso, licencia o concesi\u00f3n<\/td>\r\n  <td class=xl6622740 width=245 style='border-left:none;width:184pt'>Monto\r\n  total o beneficio, servicio y\/o recurso p\u00fablico aprovechado<\/td>\r\n  <td class=xl6622740 width=337 style='border-left:none;width:253pt'>Monto\r\n  entregado, bien, servicio y\/o recurso p\u00fablico aprovechado al periodo que se\r\n  informa<\/td>\r\n  <td class=xl6622740 width=685 style='border-left:none;width:514pt'>Hiperv\u00ednculo\r\n  al documento donde se desglose el gasto a precios del a\u00f1o<\/td>\r\n  <td class=xl6622740 width=700 style='border-left:none;width:525pt'>Hiperv\u00ednculo\r\n  al informe sobre el monto total erogado, que en su caso corresponda<\/td>\r\n  <td class=xl6622740 width=700 style='border-left:none;width:525pt'>Hiperv\u00ednculo\r\n  al contrato plurianual modificado, en su caso<\/td>\r\n  <td class=xl6622740 width=295 style='border-left:none;width:221pt'>Se\r\n  realizaron convenios modificatorios (cat\u00e1logo)<\/td>\r\n  <td class=xl6622740 width=688 style='border-left:none;width:516pt'>Hiperv\u00ednculo\r\n  al convenio modificatorio, si as\u00ed corresponde<\/td>\r\n  <td class=xl6622740 width=512 style='border-left:none;width:384pt'>\u00c1rea(s)\r\n  responsable(s) que genera(n), posee(n), publica(n) y actualizan la\r\n  informaci\u00f3n<\/td>\r\n  <td class=xl6622740 width=123 style='border-left:none;width:92pt'>Fecha de\r\n  validaci\u00f3n<\/td>\r\n  <td class=xl6622740 width=140 style='border-left:none;width:105pt'>Fecha de\r\n  actualizaci\u00f3n<\/td>\r\n <\/tr>\r\n <tr height=20 style='height:15.0pt'>\r\n  <td height=20 class=xl7022740 style='height:15.0pt;border-top:none'>2018<\/td>\r\n  <td class=xl7122740 style='border-top:none;border-left:none'>01-abr-18<\/td>\r\n  <td class=xl7122740 style='border-top:none;border-left:none'>30-jun-18<\/td>\r\n  <td class=xl7022740 style='border-top:none;border-left:none'>Permiso<\/td>\r\n  <td class=xl7022740 style='border-top:none;border-left:none'>0<\/td>\r\n  <td class=xl7022740 style='border-top:none;border-left:none'>Para ayudar a\r\n  Jovenes con Adicciones<span style='mso-spacerun:yes'>\u00a0<\/span><\/td>\r\n  <td class=xl7022740 style='border-top:none;border-left:none'>Ley Organica del\r\n  Municipio y la Norma Oficial Mexicana NOM-028-SSA2-1999<\/td>\r\n  <td class=xl7022740 style='border-top:none;border-left:none'>Direccion de\r\n  Sanidad<\/td>\r\n  <td class=xl7022740 style='border-top:none;border-left:none'>P\u00fablico<\/td>\r\n  <td class=xl7022740 style='border-top:none;border-left:none'>Maria Antonieta\r\n  de los Angeles<\/td>\r\n  <td class=xl7022740 style='border-top:none;border-left:none'>Anaya<span\r\n  style='mso-spacerun:yes'>\u00a0<\/span><\/td>\r\n  <td class=xl7022740 style='border-top:none;border-left:none'>Ortega<span\r\n  style='mso-spacerun:yes'>\u00a0<\/span><\/td>\r\n  <td class=xl7022740 style='border-top:none;border-left:none'>Presidenta\r\n  Municipal Constitucional de Apan<span style='mso-spacerun:yes'>\u00a0<\/span><\/td>\r\n  <td class=xl7122740 style='border-top:none;border-left:none'>01-feb-17<\/td>\r\n  <td class=xl7122740 style='border-top:none;border-left:none'>31-ago-20<\/td>\r\n  <td class=xl7022740 style='border-top:none;border-left:none'>Ley General de\r\n  salud<span style='mso-spacerun:yes'>\u00a0<\/span><\/td>\r\n  <td class=xl7222740 style='border-top:none;border-left:none'><a\r\n  href=\"https:\/\/www.apan.gob.mx\/descargables\/transparencia\/articulo69\/fraccion27\/2018_2\/sanidad\/FrXXVII1_1.pdf\">https:\/\/www.apan.gob.mx\/descargables\/transparencia\/articulo69\/fraccion27\/2018_2\/sanidad\/FrXXVII1_1.pdf<\/a><\/td>\r\n  <td class=xl7022740 style='border-top:none;border-left:none'>0<\/td>\r\n  <td class=xl7022740 style='border-top:none;border-left:none'>0<\/td>\r\n  <td class=xl7222740 style='border-top:none;border-left:none'><a\r\n  href=\"https:\/\/www.apan.gob.mx\/descargables\/transparencia\/articulo69\/fraccion27\/2018_2\/sanidad\/FrXXVII1_2.pdf\">https:\/\/www.apan.gob.mx\/descargables\/transparencia\/articulo69\/fraccion27\/2018_2\/sanidad\/FrXXVII1_2.pdf<\/a><\/td>\r\n  <td class=xl7222740 style='border-top:none;border-left:none'><a\r\n  href=\"https:\/\/www.apan.gob.mx\/descargables\/transparencia\/articulo69\/fraccion27\/2018_2\/sanidad\/FrXXVII1_3.pdf\">https:\/\/www.apan.gob.mx\/descargables\/transparencia\/articulo69\/fraccion27\/2018_2\/sanidad\/FrXXVII1_3.pdf<\/a><\/td>\r\n  <td class=xl7222740 style='border-top:none;border-left:none'><a\r\n  href=\"https:\/\/www.apan.gob.mx\/descargables\/transparencia\/articulo69\/fraccion27\/2018_2\/sanidad\/FrXXVII1_4.pdf\">https:\/\/www.apan.gob.mx\/descargables\/transparencia\/articulo69\/fraccion27\/2018_2\/sanidad\/FrXXVII1_4.pdf<\/a><\/td>\r\n  <td class=xl7022740 style='border-top:none;border-left:none'>No<\/td>\r\n  <td class=xl7222740 style='border-top:none;border-left:none'><a\r\n  href=\"https:\/\/www.apan.gob.mx\/descargables\/transparencia\/articulo69\/fraccion27\/2018_2\/sanidad\/FrXXVII1_5.pdf\">https:\/\/www.apan.gob.mx\/descargables\/transparencia\/articulo69\/fraccion27\/2018_2\/sanidad\/FrXXVII1_5.pdf<\/a><\/td>\r\n  <td class=xl7022740 style='border-top:none;border-left:none'>Direccion de\r\n  Sanidad<\/td>\r\n  <td class=xl7122740 style='border-top:none;border-left:none'>03-jul-18<\/td>\r\n  <td class=xl7122740 style='border-top:none;border-left:none'>01-ene-18<\/td>\r\n <\/tr>\r\n <![if supportMisalignedColumns]>\r\n <tr height=0 style='display:none'>\r\n  <td width=56 style='width:42pt'><\/td>\r\n  <td width=255 style='width:191pt'><\/td>\r\n  <td width=270 style='width:203pt'><\/td>\r\n  <td width=188 style='width:141pt'><\/td>\r\n  <td width=358 style='width:269pt'><\/td>\r\n  <td width=242 style='width:182pt'><\/td>\r\n  <td width=487 style='width:365pt'><\/td>\r\n  <td width=333 style='width:250pt'><\/td>\r\n  <td width=298 style='width:224pt'><\/td>\r\n  <td width=319 style='width:239pt'><\/td>\r\n  <td width=346 style='width:260pt'><\/td>\r\n  <td width=358 style='width:269pt'><\/td>\r\n  <td width=330 style='width:248pt'><\/td>\r\n  <td width=266 style='width:200pt'><\/td>\r\n  <td width=277 style='width:208pt'><\/td>\r\n  <td width=443 style='width:332pt'><\/td>\r\n  <td width=685 style='width:514pt'><\/td>\r\n  <td width=245 style='width:184pt'><\/td>\r\n  <td width=337 style='width:253pt'><\/td>\r\n  <td width=685 style='width:514pt'><\/td>\r\n  <td width=700 style='width:525pt'><\/td>\r\n  <td width=700 style='width:525pt'><\/td>\r\n  <td width=295 style='width:221pt'><\/td>\r\n  <td width=688 style='width:516pt'><\/td>\r\n  <td width=512 style='width:384pt'><\/td>\r\n  <td width=123 style='width:92pt'><\/td>\r\n  <td width=140 style='width:105pt'><\/td>\r\n <\/tr>\r\n <![endif]>\r\n<\/table>\r\n\r\n<\/div>\r\n\r\n\r\n\r\n\t\t\t\t<\/div>\n\t\t\t\t<\/div>\n\t\t\t\t<div class=\"elementor-element elementor-element-svrjqkq elementor-widget elementor-widget-heading\" data-id=\"svrjqkq\" data-element_type=\"widget\" data-e-type=\"widget\" data-widget_type=\"heading.default\">\n\t\t\t\t<div class=\"elementor-widget-container\">\n\t\t\t\t\t<h2 class=\"elementor-heading-title elementor-size-small\">Fecha en que se subi\u00f3 la informaci\u00f3n: 30-julio-18<\/h2>\t\t\t\t<\/div>\n\t\t\t\t<\/div>\n\t\t\t\t\t<\/div>\n\t\t<\/div>\n\t\t\t\t\t<\/div>\n\t\t<\/section>\n\t\t\t\t<\/div>\n\t\t","protected":false},"excerpt":{"rendered":"<p>Fracci\u00f3n XXVll 50750 T\u00cdTULO NOMBRE CORTO DESCRIPCI\u00d3N Las concesiones, contratos, convenios, permisos, licencias o autorizaciones otorgadas a69_f27 La informaci\u00f3n de cualquier tipo de concesi\u00f3n, contratos, convenios, permisos, licencias o autorizaciones otorgados, de acuerdo con sus atribuciones. La informaci\u00f3n se organizar\u00e1 por acto jur\u00eddico y publicarse a partir de la fecha en la que \u00e9ste inici\u00f3.\u00a0 [&hellip;]<\/p>\n","protected":false},"author":1,"featured_media":0,"parent":0,"menu_order":0,"comment_status":"closed","ping_status":"closed","template":"page-template-full.php","meta":{"footnotes":""},"class_list":["post-2769","page","type-page","status-publish","hentry"],"jetpack_sharing_enabled":true,"_links":{"self":[{"href":"https:\/\/apan.gob.mx\/portal\/wp-json\/wp\/v2\/pages\/2769","targetHints":{"allow":["GET"]}}],"collection":[{"href":"https:\/\/apan.gob.mx\/portal\/wp-json\/wp\/v2\/pages"}],"about":[{"href":"https:\/\/apan.gob.mx\/portal\/wp-json\/wp\/v2\/types\/page"}],"author":[{"embeddable":true,"href":"https:\/\/apan.gob.mx\/portal\/wp-json\/wp\/v2\/users\/1"}],"replies":[{"embeddable":true,"href":"https:\/\/apan.gob.mx\/portal\/wp-json\/wp\/v2\/comments?post=2769"}],"version-history":[{"count":3,"href":"https:\/\/apan.gob.mx\/portal\/wp-json\/wp\/v2\/pages\/2769\/revisions"}],"predecessor-version":[{"id":2773,"href":"https:\/\/apan.gob.mx\/portal\/wp-json\/wp\/v2\/pages\/2769\/revisions\/2773"}],"wp:attachment":[{"href":"https:\/\/apan.gob.mx\/portal\/wp-json\/wp\/v2\/media?parent=2769"}],"curies":[{"name":"wp","href":"https:\/\/api.w.org\/{rel}","templated":true}]}}