{"id":2872,"date":"2018-08-01T21:50:02","date_gmt":"2018-08-01T21:50:02","guid":{"rendered":"https:\/\/apan.gob.mx\/portal\/?page_id=2872"},"modified":"2018-08-01T22:29:56","modified_gmt":"2018-08-01T22:29:56","slug":"planeacion_30_2018_2","status":"publish","type":"page","link":"https:\/\/apan.gob.mx\/portal\/planeacion_30_2018_2\/","title":{"rendered":"<!--planeacion_30_2018_2-->"},"content":{"rendered":"\t\t<div data-elementor-type=\"wp-page\" data-elementor-id=\"2872\" class=\"elementor elementor-2872 elementor-bc-flex-widget\">\n\t\t\t\t\t\t<section class=\"has_ae_slider elementor-section elementor-top-section elementor-element elementor-element-ssgjups elementor-section-boxed elementor-section-height-default elementor-section-height-default ae-bg-gallery-type-default\" data-id=\"ssgjups\" data-element_type=\"section\" data-e-type=\"section\">\n\t\t\t\t\t\t<div class=\"elementor-container elementor-column-gap-default\">\n\t\t\t\t\t<div class=\"has_ae_slider elementor-column elementor-col-100 elementor-top-column elementor-element elementor-element-tuzxrin ae-bg-gallery-type-default\" data-id=\"tuzxrin\" data-element_type=\"column\" data-e-type=\"column\">\n\t\t\t<div class=\"elementor-widget-wrap elementor-element-populated\">\n\t\t\t\t\t\t<div class=\"elementor-element elementor-element-ajwfgeh elementor-widget elementor-widget-heading\" data-id=\"ajwfgeh\" data-element_type=\"widget\" data-e-type=\"widget\" data-widget_type=\"heading.default\">\n\t\t\t\t<div class=\"elementor-widget-container\">\n\t\t\t\t\t<h2 class=\"elementor-heading-title elementor-size-medium\">Fracci\u00f3n XXX<\/h2>\t\t\t\t<\/div>\n\t\t\t\t<\/div>\n\t\t\t\t<div class=\"elementor-element elementor-element-jybeaqx elementor-widget elementor-widget-html\" data-id=\"jybeaqx\" data-element_type=\"widget\" data-e-type=\"widget\" data-widget_type=\"html.default\">\n\t\t\t\t<div class=\"elementor-widget-container\">\n\t\t\t\t\t<style id=\"a69_f30_9228_Styles\">\r\n<!--table\r\n\t{mso-displayed-decimal-separator:\"\\.\";\r\n\tmso-displayed-thousand-separator:\"\\,\";}\r\n.xl159228\r\n\t{padding-top:1px;\r\n\tpadding-right:1px;\r\n\tpadding-left:1px;\r\n\tmso-ignore:padding;\r\n\tcolor:black;\r\n\tfont-size:11.0pt;\r\n\tfont-weight:400;\r\n\tfont-style:normal;\r\n\ttext-decoration:none;\r\n\tfont-family:Calibri, sans-serif;\r\n\tmso-font-charset:0;\r\n\tmso-number-format:General;\r\n\ttext-align:general;\r\n\tvertical-align:bottom;\r\n\tmso-background-source:auto;\r\n\tmso-pattern:auto;\r\n\twhite-space:nowrap;}\r\n.xl659228\r\n\t{padding-top:1px;\r\n\tpadding-right:1px;\r\n\tpadding-left:1px;\r\n\tmso-ignore:padding;\r\n\tcolor:black;\r\n\tfont-size:10.0pt;\r\n\tfont-weight:400;\r\n\tfont-style:normal;\r\n\ttext-decoration:none;\r\n\tfont-family:Arial, sans-serif;\r\n\tmso-font-charset:0;\r\n\tmso-number-format:General;\r\n\ttext-align:center;\r\n\tvertical-align:bottom;\r\n\tborder:.5pt solid windowtext;\r\n\tbackground:#E1E1E1;\r\n\tmso-pattern:black none;\r\n\twhite-space:normal;}\r\n.xl669228\r\n\t{padding-top:1px;\r\n\tpadding-right:1px;\r\n\tpadding-left:1px;\r\n\tmso-ignore:padding;\r\n\tcolor:white;\r\n\tfont-size:11.0pt;\r\n\tfont-weight:700;\r\n\tfont-style:normal;\r\n\ttext-decoration:none;\r\n\tfont-family:Arial, sans-serif;\r\n\tmso-font-charset:0;\r\n\tmso-number-format:General;\r\n\ttext-align:center;\r\n\tvertical-align:bottom;\r\n\tborder:.5pt solid windowtext;\r\n\tbackground:#333333;\r\n\tmso-pattern:black none;\r\n\twhite-space:nowrap;}\r\n.xl679228\r\n\t{padding-top:1px;\r\n\tpadding-right:1px;\r\n\tpadding-left:1px;\r\n\tmso-ignore:padding;\r\n\tcolor:black;\r\n\tfont-size:10.0pt;\r\n\tfont-weight:400;\r\n\tfont-style:normal;\r\n\ttext-decoration:none;\r\n\tfont-family:Arial, sans-serif;\r\n\tmso-font-charset:0;\r\n\tmso-number-format:General;\r\n\ttext-align:general;\r\n\tvertical-align:bottom;\r\n\tborder:.5pt solid windowtext;\r\n\tbackground:#E1E1E1;\r\n\tmso-pattern:black none;\r\n\twhite-space:nowrap;}\r\n.xl689228\r\n\t{padding-top:1px;\r\n\tpadding-right:1px;\r\n\tpadding-left:1px;\r\n\tmso-ignore:padding;\r\n\tcolor:black;\r\n\tfont-size:11.0pt;\r\n\tfont-weight:400;\r\n\tfont-style:normal;\r\n\ttext-decoration:none;\r\n\tfont-family:Calibri, sans-serif;\r\n\tmso-font-charset:0;\r\n\tmso-number-format:General;\r\n\ttext-align:general;\r\n\tvertical-align:bottom;\r\n\tborder:.5pt solid windowtext;\r\n\tbackground:white;\r\n\tmso-pattern:black none;\r\n\twhite-space:nowrap;}\r\n.xl699228\r\n\t{padding-top:1px;\r\n\tpadding-right:1px;\r\n\tpadding-left:1px;\r\n\tmso-ignore:padding;\r\n\tcolor:black;\r\n\tfont-size:11.0pt;\r\n\tfont-weight:400;\r\n\tfont-style:normal;\r\n\ttext-decoration:none;\r\n\tfont-family:Calibri, sans-serif;\r\n\tmso-font-charset:0;\r\n\tmso-number-format:\"Medium Date\";\r\n\ttext-align:general;\r\n\tvertical-align:bottom;\r\n\tborder:.5pt solid windowtext;\r\n\tbackground:white;\r\n\tmso-pattern:black none;\r\n\twhite-space:nowrap;}\r\n.xl709228\r\n\t{padding-top:1px;\r\n\tpadding-right:1px;\r\n\tpadding-left:1px;\r\n\tmso-ignore:padding;\r\n\tcolor:#0563C1;\r\n\tfont-size:11.0pt;\r\n\tfont-weight:400;\r\n\tfont-style:normal;\r\n\ttext-decoration:underline;\r\n\ttext-underline-style:single;\r\n\tfont-family:Calibri, sans-serif;\r\n\tmso-font-charset:0;\r\n\tmso-number-format:General;\r\n\ttext-align:general;\r\n\tvertical-align:bottom;\r\n\tborder:.5pt solid windowtext;\r\n\tbackground:white;\r\n\tmso-pattern:#E1E1E1 none;\r\n\twhite-space:nowrap;}\r\n-->\r\n<\/style>\r\n<\/head>\r\n\r\n<body>\r\n<!--[if !excel]>&nbsp;&nbsp;<![endif]-->\r\n<!--La siguiente informaci\u00f3n se gener\u00f3 mediante el Asistente para publicar como\r\np\u00e1gina web de Microsoft Excel.-->\r\n<!--Si se vuelve a publicar el mismo elemento desde Excel, se reemplazar\u00e1 toda\r\nla informaci\u00f3n comprendida entre las etiquetas DIV.-->\r\n<!----------------------------->\r\n<!--INICIO DE LOS RESULTADOS DEL ASISTENTE PARA PUBLICAR COMO P\u00c1GINA WEB DE\r\nEXCEL -->\r\n<!----------------------------->\r\n\r\n<div id=\"a69_f30_9228\" align=center x:publishsource=\"Excel\">\r\n\r\n<table border=0 cellpadding=0 cellspacing=0 width=5447 style='border-collapse:\r\n collapse;table-layout:fixed;width:4086pt'>\r\n <col width=56 style='mso-width-source:userset;mso-width-alt:2048;width:42pt'>\r\n <col width=255 style='mso-width-source:userset;mso-width-alt:9325;width:191pt'>\r\n <col width=269 style='mso-width-source:userset;mso-width-alt:9837;width:202pt'>\r\n <col width=402 style='mso-width-source:userset;mso-width-alt:14701;width:302pt'>\r\n <col width=204 style='mso-width-source:userset;mso-width-alt:7460;width:153pt'>\r\n <col width=239 style='mso-width-source:userset;mso-width-alt:8740;width:179pt'>\r\n <col width=735 style='mso-width-source:userset;mso-width-alt:26880;width:551pt'>\r\n <col width=718 style='mso-width-source:userset;mso-width-alt:26258;width:539pt'>\r\n <col width=233 style='mso-width-source:userset;mso-width-alt:8521;width:175pt'>\r\n <col width=758 style='mso-width-source:userset;mso-width-alt:27721;width:569pt'>\r\n <col width=747 style='mso-width-source:userset;mso-width-alt:27318;width:560pt'>\r\n <col width=512 style='mso-width-source:userset;mso-width-alt:18724;width:384pt'>\r\n <col width=123 style='mso-width-source:userset;mso-width-alt:4498;width:92pt'>\r\n <col width=140 style='mso-width-source:userset;mso-width-alt:5120;width:105pt'>\r\n <col width=56 style='mso-width-source:userset;mso-width-alt:2048;width:42pt'>\r\n <tr height=0 style='display:none'>\r\n  <td class=xl159228 width=56 style='width:42pt'>45736<\/td>\r\n  <td class=xl159228 width=255 style='width:191pt'><\/td>\r\n  <td class=xl159228 width=269 style='width:202pt'><\/td>\r\n  <td class=xl159228 width=402 style='width:302pt'><\/td>\r\n  <td class=xl159228 width=204 style='width:153pt'><\/td>\r\n  <td class=xl159228 width=239 style='width:179pt'><\/td>\r\n  <td class=xl159228 width=735 style='width:551pt'><\/td>\r\n  <td class=xl159228 width=718 style='width:539pt'><\/td>\r\n  <td class=xl159228 width=233 style='width:175pt'><\/td>\r\n  <td class=xl159228 width=758 style='width:569pt'><\/td>\r\n  <td class=xl159228 width=747 style='width:560pt'><\/td>\r\n  <td class=xl159228 width=512 style='width:384pt'><\/td>\r\n  <td class=xl159228 width=123 style='width:92pt'><\/td>\r\n  <td class=xl159228 width=140 style='width:105pt'><\/td>\r\n  <td class=xl159228 width=56 style='width:42pt'><\/td>\r\n <\/tr>\r\n <tr height=20 style='height:15.0pt'>\r\n  <td colspan=3 height=20 class=xl669228 style='height:15.0pt'>T\u00cdTULO<\/td>\r\n  <td colspan=3 class=xl669228>NOMBRE CORTO<\/td>\r\n  <td colspan=3 class=xl669228>DESCRIPCI\u00d3N<\/td>\r\n  <td class=xl159228><\/td>\r\n  <td class=xl159228><\/td>\r\n  <td class=xl159228><\/td>\r\n  <td class=xl159228><\/td>\r\n  <td class=xl159228><\/td>\r\n  <td class=xl159228><\/td>\r\n <\/tr>\r\n <tr height=20 style='height:15.0pt'>\r\n  <td colspan=3 height=20 class=xl679228 style='height:15.0pt'>Estad\u00edsticas\r\n  generadas<\/td>\r\n  <td colspan=3 class=xl679228>a69_f30<\/td>\r\n  <td colspan=3 class=xl679228>Los sujetos obligados deber\u00e1n publicar una\r\n  relaci\u00f3n de las estad\u00edsticas de cualquier tipo que hayan generado en\r\n  cumplimiento de sus facultades, competencias y\/o funciones<\/td>\r\n  <td class=xl159228><\/td>\r\n  <td class=xl159228><\/td>\r\n  <td class=xl159228><\/td>\r\n  <td class=xl159228><\/td>\r\n  <td class=xl159228><\/td>\r\n  <td class=xl159228><\/td>\r\n <\/tr>\r\n <tr height=0 style='display:none'>\r\n  <td class=xl159228>1<\/td>\r\n  <td class=xl159228>4<\/td>\r\n  <td class=xl159228>4<\/td>\r\n  <td class=xl159228>2<\/td>\r\n  <td class=xl159228>1<\/td>\r\n  <td class=xl159228>2<\/td>\r\n  <td class=xl159228>7<\/td>\r\n  <td class=xl159228>7<\/td>\r\n  <td class=xl159228>2<\/td>\r\n  <td class=xl159228>7<\/td>\r\n  <td class=xl159228>7<\/td>\r\n  <td class=xl159228>2<\/td>\r\n  <td class=xl159228>4<\/td>\r\n  <td class=xl159228>13<\/td>\r\n  <td class=xl159228>14<\/td>\r\n <\/tr>\r\n <tr height=0 style='display:none'>\r\n  <td class=xl159228>378590<\/td>\r\n  <td class=xl159228>378599<\/td>\r\n  <td class=xl159228>378603<\/td>\r\n  <td class=xl159228>378592<\/td>\r\n  <td class=xl159228>378591<\/td>\r\n  <td class=xl159228>378593<\/td>\r\n  <td class=xl159228>378600<\/td>\r\n  <td class=xl159228>378595<\/td>\r\n  <td class=xl159228>378604<\/td>\r\n  <td class=xl159228>378596<\/td>\r\n  <td class=xl159228>378597<\/td>\r\n  <td class=xl159228>378601<\/td>\r\n  <td class=xl159228>378594<\/td>\r\n  <td class=xl159228>378598<\/td>\r\n  <td class=xl159228>378602<\/td>\r\n <\/tr>\r\n <tr height=20 style='height:15.0pt'>\r\n  <td colspan=15 height=20 class=xl669228 style='height:15.0pt'>Tabla Campos<\/td>\r\n <\/tr>\r\n <tr height=35 style='height:26.25pt'>\r\n  <td height=35 class=xl659228 width=56 style='height:26.25pt;width:42pt'>Ejercicio<\/td>\r\n  <td class=xl659228 width=255 style='border-left:none;width:191pt'>Fecha de\r\n  inicio del periodo que se informa<\/td>\r\n  <td class=xl659228 width=269 style='border-left:none;width:202pt'>Fecha de\r\n  t\u00e9rmino del periodo que se informa<\/td>\r\n  <td class=xl659228 width=402 style='border-left:none;width:302pt'>Tema de la\r\n  estad\u00edstica<\/td>\r\n  <td class=xl659228 width=204 style='border-left:none;width:153pt'>Periodo de\r\n  actualizaci\u00f3n de datos<\/td>\r\n  <td class=xl659228 width=239 style='border-left:none;width:179pt'>Denominaci\u00f3n\r\n  del Proyecto<\/td>\r\n  <td class=xl659228 width=735 style='border-left:none;width:551pt'>Hiperv\u00ednculo\r\n  al documento en el cual se describan las variables<\/td>\r\n  <td class=xl659228 width=718 style='border-left:none;width:539pt'>Hiperv\u00ednculo\r\n  a los documentos t\u00e9cnicos, metodol\u00f3gicos y normativos<\/td>\r\n  <td class=xl659228 width=233 style='border-left:none;width:175pt'>Tipos de\r\n  archivo de las bases de datos<\/td>\r\n  <td class=xl659228 width=758 style='border-left:none;width:569pt'>Hiperv\u00ednculo\r\n  a las bases de datos correspondientes al proyecto que se informa<\/td>\r\n  <td class=xl659228 width=747 style='border-left:none;width:560pt'>Hiperv\u00ednculo\r\n  a las series o bancos de datos existentes, relacionados con el tema de la\r\n  estad\u00edstica<\/td>\r\n  <td class=xl659228 width=512 style='border-left:none;width:384pt'>\u00c1rea(s)\r\n  responsable(s) que genera(n), posee(n), publica(n) y actualizan la\r\n  informaci\u00f3n<\/td>\r\n  <td class=xl659228 width=123 style='border-left:none;width:92pt'>Fecha de\r\n  validaci\u00f3n<\/td>\r\n  <td class=xl659228 width=140 style='border-left:none;width:105pt'>Fecha de\r\n  actualizaci\u00f3n<\/td>\r\n  <td class=xl659228 width=56 style='border-left:none;width:42pt'>Nota<\/td>\r\n <\/tr>\r\n <tr height=20 style='height:15.0pt'>\r\n  <td height=20 class=xl689228 align=right style='height:15.0pt;border-top:\r\n  none'>2018<\/td>\r\n  <td class=xl699228 align=right style='border-top:none;border-left:none'>01-abr-18<\/td>\r\n  <td class=xl699228 align=right style='border-top:none;border-left:none'>30-jun-18<\/td>\r\n  <td class=xl689228 style='border-top:none;border-left:none'>RESULTADOS\r\n  PROGRAMA AGENDA DE DESARROLLO MUNICIPAL<\/td>\r\n  <td class=xl699228 align=right style='border-top:none;border-left:none'>04-jul-18<\/td>\r\n  <td class=xl689228 style='border-top:none;border-left:none'>AGENDA DE\r\n  DESARROLLO MUNICIPAL<\/td>\r\n  <td class=xl709228 style='border-top:none;border-left:none'><a\r\n  href=\"https:\/\/www.apan.gob.mx\/descargables\/transparencia\/articulo69\/fraccion30\/2018_2\/planeacion\/FrXXXa1_1.pdf\">https:\/\/www.apan.gob.mx\/descargables\/transparencia\/articulo69\/fraccion30\/2018_2\/planeacion\/FrXXXa1_1.pdf<\/a><\/td>\r\n  <td class=xl709228 style='border-top:none;border-left:none'><a\r\n  href=\"https:\/\/www.apan.gob.mx\/descargables\/transparencia\/articulo69\/fraccion30\/2018_2\/planeacion\/FrXXXa1_2.pdf\">https:\/\/www.apan.gob.mx\/descargables\/transparencia\/articulo69\/fraccion30\/2018_2\/planeacion\/FrXXXa1_2.pdf<\/a><\/td>\r\n  <td class=xl689228 style='border-top:none;border-left:none'>pdf<\/td>\r\n  <td class=xl709228 style='border-top:none;border-left:none'><a\r\n  href=\"https:\/\/www.apan.gob.mx\/descargables\/transparencia\/articulo69\/fraccion30\/2018_2\/planeacion\/FrXXXa1_3.pdf\">https:\/\/www.apan.gob.mx\/descargables\/transparencia\/articulo69\/fraccion30\/2018_2\/planeacion\/FrXXXa1_3.pdf<\/a><\/td>\r\n  <td class=xl709228 style='border-top:none;border-left:none'><a\r\n  href=\"https:\/\/www.apan.gob.mx\/descargables\/transparencia\/articulo69\/fraccion30\/2018_2\/planeacion\/FrXXXa1_4.pdf\">https:\/\/www.apan.gob.mx\/descargables\/transparencia\/articulo69\/fraccion30\/2018_2\/planeacion\/FrXXXa1_4.pdf<\/a><\/td>\r\n  <td class=xl689228 style='border-top:none;border-left:none'>PLANEACI\u00d3N Y\r\n  EVALUACI\u00d3N DEL DESEMPE\u00d1O<\/td>\r\n  <td class=xl699228 align=right style='border-top:none;border-left:none'>04-jul-18<\/td>\r\n  <td class=xl699228 align=right style='border-top:none;border-left:none'>04-jul-18<\/td>\r\n  <td class=xl689228 style='border-top:none;border-left:none'>N\/A<\/td>\r\n <\/tr>\r\n <![if supportMisalignedColumns]>\r\n <tr height=0 style='display:none'>\r\n  <td width=56 style='width:42pt'><\/td>\r\n  <td width=255 style='width:191pt'><\/td>\r\n  <td width=269 style='width:202pt'><\/td>\r\n  <td width=402 style='width:302pt'><\/td>\r\n  <td width=204 style='width:153pt'><\/td>\r\n  <td width=239 style='width:179pt'><\/td>\r\n  <td width=735 style='width:551pt'><\/td>\r\n  <td width=718 style='width:539pt'><\/td>\r\n  <td width=233 style='width:175pt'><\/td>\r\n  <td width=758 style='width:569pt'><\/td>\r\n  <td width=747 style='width:560pt'><\/td>\r\n  <td width=512 style='width:384pt'><\/td>\r\n  <td width=123 style='width:92pt'><\/td>\r\n  <td width=140 style='width:105pt'><\/td>\r\n  <td width=56 style='width:42pt'><\/td>\r\n <\/tr>\r\n <![endif]>\r\n<\/table>\r\n\r\n<\/div>\r\n\r\n\r\n\r\n\t\t\t\t<\/div>\n\t\t\t\t<\/div>\n\t\t\t\t<div class=\"elementor-element elementor-element-vbtrlyl elementor-widget elementor-widget-heading\" data-id=\"vbtrlyl\" data-element_type=\"widget\" data-e-type=\"widget\" data-widget_type=\"heading.default\">\n\t\t\t\t<div class=\"elementor-widget-container\">\n\t\t\t\t\t<h2 class=\"elementor-heading-title elementor-size-small\">Fecha en que se subi\u00f3 la informaci\u00f3n: 01-agosto-18<\/h2>\t\t\t\t<\/div>\n\t\t\t\t<\/div>\n\t\t\t\t\t<\/div>\n\t\t<\/div>\n\t\t\t\t\t<\/div>\n\t\t<\/section>\n\t\t\t\t<\/div>\n\t\t","protected":false},"excerpt":{"rendered":"<p>Fracci\u00f3n XXX 45736 T\u00cdTULO NOMBRE CORTO DESCRIPCI\u00d3N Estad\u00edsticas generadas a69_f30 Los sujetos obligados deber\u00e1n publicar una relaci\u00f3n de las estad\u00edsticas de cualquier tipo que hayan generado en cumplimiento de sus facultades, competencias y\/o funciones 1 4 4 2 1 2 7 7 2 7 7 2 4 13 14 378590 378599 378603 378592 378591 378593 [&hellip;]<\/p>\n","protected":false},"author":1,"featured_media":0,"parent":0,"menu_order":0,"comment_status":"closed","ping_status":"closed","template":"page-template-full.php","meta":{"footnotes":""},"class_list":["post-2872","page","type-page","status-publish","hentry"],"jetpack_sharing_enabled":true,"_links":{"self":[{"href":"https:\/\/apan.gob.mx\/portal\/wp-json\/wp\/v2\/pages\/2872","targetHints":{"allow":["GET"]}}],"collection":[{"href":"https:\/\/apan.gob.mx\/portal\/wp-json\/wp\/v2\/pages"}],"about":[{"href":"https:\/\/apan.gob.mx\/portal\/wp-json\/wp\/v2\/types\/page"}],"author":[{"embeddable":true,"href":"https:\/\/apan.gob.mx\/portal\/wp-json\/wp\/v2\/users\/1"}],"replies":[{"embeddable":true,"href":"https:\/\/apan.gob.mx\/portal\/wp-json\/wp\/v2\/comments?post=2872"}],"version-history":[{"count":3,"href":"https:\/\/apan.gob.mx\/portal\/wp-json\/wp\/v2\/pages\/2872\/revisions"}],"predecessor-version":[{"id":2878,"href":"https:\/\/apan.gob.mx\/portal\/wp-json\/wp\/v2\/pages\/2872\/revisions\/2878"}],"wp:attachment":[{"href":"https:\/\/apan.gob.mx\/portal\/wp-json\/wp\/v2\/media?parent=2872"}],"curies":[{"name":"wp","href":"https:\/\/api.w.org\/{rel}","templated":true}]}}