{"id":2885,"date":"2018-08-01T23:07:36","date_gmt":"2018-08-01T23:07:36","guid":{"rendered":"https:\/\/apan.gob.mx\/portal\/?page_id=2885"},"modified":"2019-01-18T23:03:17","modified_gmt":"2019-01-18T23:03:17","slug":"turismo_19_2018_2","status":"publish","type":"page","link":"https:\/\/apan.gob.mx\/portal\/turismo_19_2018_2\/","title":{"rendered":"<!--turismo_19_2018_2-->"},"content":{"rendered":"\t\t<div data-elementor-type=\"wp-page\" data-elementor-id=\"2885\" class=\"elementor elementor-2885 elementor-bc-flex-widget\">\n\t\t\t\t\t\t<section class=\"has_ae_slider elementor-section elementor-top-section elementor-element elementor-element-vocyfpt elementor-section-boxed elementor-section-height-default elementor-section-height-default ae-bg-gallery-type-default\" data-id=\"vocyfpt\" data-element_type=\"section\" data-e-type=\"section\">\n\t\t\t\t\t\t<div class=\"elementor-container elementor-column-gap-default\">\n\t\t\t\t\t<div class=\"has_ae_slider elementor-column elementor-col-100 elementor-top-column elementor-element elementor-element-dmjkahw ae-bg-gallery-type-default\" data-id=\"dmjkahw\" data-element_type=\"column\" data-e-type=\"column\">\n\t\t\t<div class=\"elementor-widget-wrap elementor-element-populated\">\n\t\t\t\t\t\t<div class=\"elementor-element elementor-element-ajhxsas elementor-widget elementor-widget-heading\" data-id=\"ajhxsas\" data-element_type=\"widget\" data-e-type=\"widget\" data-widget_type=\"heading.default\">\n\t\t\t\t<div class=\"elementor-widget-container\">\n\t\t\t\t\t<h2 class=\"elementor-heading-title elementor-size-medium\">Fracci\u00f3n XlX<\/h2>\t\t\t\t<\/div>\n\t\t\t\t<\/div>\n\t\t\t\t<div class=\"elementor-element elementor-element-qdt9b8b elementor-widget elementor-widget-html\" data-id=\"qdt9b8b\" data-element_type=\"widget\" data-e-type=\"widget\" data-widget_type=\"html.default\">\n\t\t\t\t<div class=\"elementor-widget-container\">\n\t\t\t\t\t<style>\r\nv\\:* {behavior:url(#default#VML);}\r\no\\:* {behavior:url(#default#VML);}\r\nx\\:* {behavior:url(#default#VML);}\r\n.shape {behavior:url(#default#VML);}\r\n<\/style>\r\n<![endif]-->\r\n<style id=\"a69_f19_21271_Styles\">\r\n<!--table\r\n\t{mso-displayed-decimal-separator:\"\\.\";\r\n\tmso-displayed-thousand-separator:\"\\,\";}\r\n.xl1521271\r\n\t{padding:0px;\r\n\tmso-ignore:padding;\r\n\tcolor:black;\r\n\tfont-size:11.0pt;\r\n\tfont-weight:400;\r\n\tfont-style:normal;\r\n\ttext-decoration:none;\r\n\tfont-family:Calibri, sans-serif;\r\n\tmso-font-charset:0;\r\n\tmso-number-format:General;\r\n\ttext-align:general;\r\n\tvertical-align:bottom;\r\n\tmso-background-source:auto;\r\n\tmso-pattern:auto;\r\n\twhite-space:nowrap;}\r\n.xl6521271\r\n\t{padding:0px;\r\n\tmso-ignore:padding;\r\n\tcolor:black;\r\n\tfont-size:11.0pt;\r\n\tfont-weight:400;\r\n\tfont-style:normal;\r\n\ttext-decoration:none;\r\n\tfont-family:Calibri, sans-serif;\r\n\tmso-font-charset:0;\r\n\tmso-number-format:General;\r\n\ttext-align:center;\r\n\tvertical-align:middle;\r\n\tmso-background-source:auto;\r\n\tmso-pattern:auto;\r\n\twhite-space:nowrap;}\r\n.xl6621271\r\n\t{padding:0px;\r\n\tmso-ignore:padding;\r\n\tcolor:white;\r\n\tfont-size:11.0pt;\r\n\tfont-weight:700;\r\n\tfont-style:normal;\r\n\ttext-decoration:none;\r\n\tfont-family:Arial, sans-serif;\r\n\tmso-font-charset:0;\r\n\tmso-number-format:General;\r\n\ttext-align:center;\r\n\tvertical-align:middle;\r\n\tborder:.5pt solid windowtext;\r\n\tbackground:#333333;\r\n\tmso-pattern:black none;\r\n\twhite-space:normal;}\r\n.xl6721271\r\n\t{padding:0px;\r\n\tmso-ignore:padding;\r\n\tcolor:black;\r\n\tfont-size:10.0pt;\r\n\tfont-weight:400;\r\n\tfont-style:normal;\r\n\ttext-decoration:none;\r\n\tfont-family:Arial, sans-serif;\r\n\tmso-font-charset:0;\r\n\tmso-number-format:General;\r\n\ttext-align:center;\r\n\tvertical-align:middle;\r\n\tborder:.5pt solid windowtext;\r\n\tbackground:#E1E1E1;\r\n\tmso-pattern:black none;\r\n\twhite-space:nowrap;}\r\n.xl6821271\r\n\t{padding:0px;\r\n\tmso-ignore:padding;\r\n\tcolor:black;\r\n\tfont-size:10.0pt;\r\n\tfont-weight:400;\r\n\tfont-style:normal;\r\n\ttext-decoration:none;\r\n\tfont-family:Arial, sans-serif;\r\n\tmso-font-charset:0;\r\n\tmso-number-format:General;\r\n\ttext-align:center;\r\n\tvertical-align:middle;\r\n\tborder:.5pt solid windowtext;\r\n\tbackground:#E1E1E1;\r\n\tmso-pattern:black none;\r\n\twhite-space:normal;}\r\n.xl6921271\r\n\t{padding:0px;\r\n\tmso-ignore:padding;\r\n\tcolor:black;\r\n\tfont-size:11.0pt;\r\n\tfont-weight:400;\r\n\tfont-style:normal;\r\n\ttext-decoration:none;\r\n\tfont-family:Calibri, sans-serif;\r\n\tmso-font-charset:0;\r\n\tmso-number-format:General;\r\n\ttext-align:center;\r\n\tvertical-align:middle;\r\n\tmso-background-source:auto;\r\n\tmso-pattern:auto;\r\n\twhite-space:normal;}\r\n.xl7021271\r\n\t{padding:0px;\r\n\tmso-ignore:padding;\r\n\tcolor:black;\r\n\tfont-size:11.0pt;\r\n\tfont-weight:400;\r\n\tfont-style:normal;\r\n\ttext-decoration:none;\r\n\tfont-family:Calibri, sans-serif;\r\n\tmso-font-charset:0;\r\n\tmso-number-format:General;\r\n\ttext-align:center;\r\n\tvertical-align:middle;\r\n\tborder:.5pt solid windowtext;\r\n\tbackground:white;\r\n\tmso-pattern:black none;\r\n\twhite-space:nowrap;}\r\n.xl7121271\r\n\t{padding:0px;\r\n\tmso-ignore:padding;\r\n\tcolor:black;\r\n\tfont-size:11.0pt;\r\n\tfont-weight:400;\r\n\tfont-style:normal;\r\n\ttext-decoration:none;\r\n\tfont-family:Calibri, sans-serif;\r\n\tmso-font-charset:0;\r\n\tmso-number-format:\"Short Date\";\r\n\ttext-align:center;\r\n\tvertical-align:middle;\r\n\tborder:.5pt solid windowtext;\r\n\tbackground:white;\r\n\tmso-pattern:black none;\r\n\twhite-space:nowrap;}\r\n.xl7221271\r\n\t{padding:0px;\r\n\tmso-ignore:padding;\r\n\tcolor:#0563C1;\r\n\tfont-size:11.0pt;\r\n\tfont-weight:400;\r\n\tfont-style:normal;\r\n\ttext-decoration:underline;\r\n\ttext-underline-style:single;\r\n\tfont-family:Calibri, sans-serif;\r\n\tmso-font-charset:0;\r\n\tmso-number-format:General;\r\n\ttext-align:center;\r\n\tvertical-align:middle;\r\n\tborder:.5pt solid windowtext;\r\n\tbackground:white;\r\n\tmso-pattern:black none;\r\n\twhite-space:nowrap;}\r\n-->\r\n<\/style>\r\n<\/head>\r\n\r\n<body>\r\n<!--[if !excel]>&nbsp;&nbsp;<![endif]-->\r\n<!--La siguiente informaci\u00f3n se gener\u00f3 mediante el Asistente para publicar como\r\np\u00e1gina web de Microsoft Excel.-->\r\n<!--Si se vuelve a publicar el mismo elemento desde Excel, se reemplazar\u00e1 toda\r\nla informaci\u00f3n comprendida entre las etiquetas DIV.-->\r\n<!----------------------------->\r\n<!--INICIO DE LOS RESULTADOS DEL ASISTENTE PARA PUBLICAR COMO P\u00c1GINA WEB DE\r\nEXCEL -->\r\n<!----------------------------->\r\n\r\n<div id=\"a69_f19_21271\" align=center x:publishsource=\"Excel\">\r\n\r\n<table border=0 cellpadding=0 cellspacing=0 width=8921 style='border-collapse:\r\n collapse;table-layout:fixed;width:6692pt'>\r\n <col width=138 style='mso-width-source:userset;mso-width-alt:5046;width:104pt'>\r\n <col width=336 style='mso-width-source:userset;mso-width-alt:12288;width:252pt'>\r\n <col width=363 style='mso-width-source:userset;mso-width-alt:13275;width:272pt'>\r\n <col width=216 style='mso-width-source:userset;mso-width-alt:7899;width:162pt'>\r\n <col width=233 style='mso-width-source:userset;mso-width-alt:8521;width:175pt'>\r\n <col width=299 style='mso-width-source:userset;mso-width-alt:10934;width:224pt'>\r\n <col width=457 style='mso-width-source:userset;mso-width-alt:16713;width:343pt'>\r\n <col width=187 style='mso-width-source:userset;mso-width-alt:6838;width:140pt'>\r\n <col width=284 style='mso-width-source:userset;mso-width-alt:10386;width:213pt'>\r\n <col width=293 style='mso-width-source:userset;mso-width-alt:10715;width:220pt'>\r\n <col width=790 style='mso-width-source:userset;mso-width-alt:28891;width:593pt'>\r\n <col width=200 style='mso-width-source:userset;mso-width-alt:7314;width:150pt'>\r\n <col width=427 style='mso-width-source:userset;mso-width-alt:15616;width:320pt'>\r\n <col width=339 style='mso-width-source:userset;mso-width-alt:12397;width:254pt'>\r\n <col width=231 style='mso-width-source:userset;mso-width-alt:8448;width:173pt'>\r\n <col width=286 style='mso-width-source:userset;mso-width-alt:10459;width:215pt'>\r\n <col width=368 style='mso-width-source:userset;mso-width-alt:13458;width:276pt'>\r\n <col width=351 style='mso-width-source:userset;mso-width-alt:12836;width:263pt'>\r\n <col width=322 style='mso-width-source:userset;mso-width-alt:11776;width:242pt'>\r\n <col width=397 style='mso-width-source:userset;mso-width-alt:14518;width:298pt'>\r\n <col width=773 style='mso-width-source:userset;mso-width-alt:28269;width:580pt'>\r\n <col width=563 style='mso-width-source:userset;mso-width-alt:20589;width:422pt'>\r\n <col width=212 style='mso-width-source:userset;mso-width-alt:7753;width:159pt'>\r\n <col width=271 style='mso-width-source:userset;mso-width-alt:9910;width:203pt'>\r\n <col width=585 style='mso-width-source:userset;mso-width-alt:21394;width:439pt'>\r\n <tr height=0 style='display:none'>\r\n  <td class=xl6521271 width=138 style='width:104pt'>44250<\/td>\r\n  <td class=xl6521271 width=336 style='width:252pt'><\/td>\r\n  <td class=xl6521271 width=363 style='width:272pt'><\/td>\r\n  <td class=xl6521271 width=216 style='width:162pt'><\/td>\r\n  <td class=xl6521271 width=233 style='width:175pt'><\/td>\r\n  <td class=xl6521271 width=299 style='width:224pt'><\/td>\r\n  <td class=xl6521271 width=457 style='width:343pt'><\/td>\r\n  <td class=xl6521271 width=187 style='width:140pt'><\/td>\r\n  <td class=xl6521271 width=284 style='width:213pt'><\/td>\r\n  <td class=xl6521271 width=293 style='width:220pt'><\/td>\r\n  <td class=xl6521271 width=790 style='width:593pt'><\/td>\r\n  <td class=xl6521271 width=200 style='width:150pt'><\/td>\r\n  <td class=xl6521271 width=427 style='width:320pt'><\/td>\r\n  <td class=xl6521271 width=339 style='width:254pt'><\/td>\r\n  <td class=xl6521271 width=231 style='width:173pt'><\/td>\r\n  <td class=xl6521271 width=286 style='width:215pt'><\/td>\r\n  <td class=xl6521271 width=368 style='width:276pt'><\/td>\r\n  <td class=xl6521271 width=351 style='width:263pt'><\/td>\r\n  <td class=xl6521271 width=322 style='width:242pt'><\/td>\r\n  <td class=xl6521271 width=397 style='width:298pt'><\/td>\r\n  <td class=xl6521271 width=773 style='width:580pt'><\/td>\r\n  <td class=xl6521271 width=563 style='width:422pt'><\/td>\r\n  <td class=xl6521271 width=212 style='width:159pt'><\/td>\r\n  <td class=xl6521271 width=271 style='width:203pt'><\/td>\r\n  <td class=xl6521271 width=585 style='width:439pt'><\/td>\r\n <\/tr>\r\n <tr height=20 style='height:15.0pt'>\r\n  <td colspan=3 height=20 class=xl6621271 width=837 style='height:15.0pt;\r\n  width:628pt'>T\u00cdTULO<\/td>\r\n  <td colspan=3 class=xl6621271 width=748 style='width:561pt'>NOMBRE CORTO<\/td>\r\n  <td colspan=3 class=xl6621271 width=928 style='width:696pt'>DESCRIPCI\u00d3N<\/td>\r\n  <td class=xl6521271><\/td>\r\n  <td class=xl6521271><\/td>\r\n  <td class=xl6521271><\/td>\r\n  <td class=xl6521271><\/td>\r\n  <td class=xl6521271><\/td>\r\n  <td class=xl6521271><\/td>\r\n  <td class=xl6521271><\/td>\r\n  <td class=xl6521271><\/td>\r\n  <td class=xl6521271><\/td>\r\n  <td class=xl6521271><\/td>\r\n  <td class=xl6521271><\/td>\r\n  <td class=xl6521271><\/td>\r\n  <td class=xl6521271><\/td>\r\n  <td class=xl6521271><\/td>\r\n  <td class=xl6521271><\/td>\r\n  <td class=xl6521271><\/td>\r\n <\/tr>\r\n <tr height=73 style='mso-height-source:userset;height:54.75pt'>\r\n  <td colspan=3 height=73 class=xl6721271 style='height:54.75pt'>Servicios\r\n  ofrecidos<\/td>\r\n  <td colspan=3 class=xl6721271>a69_f19<\/td>\r\n  <td colspan=3 class=xl6821271 width=928 style='width:696pt'>La informaci\u00f3n\r\n  para dar a conocer los servicios p\u00fablicos que presta el sujeto obligado,\r\n  tanto de las actividades realizadas por la administraci\u00f3n p\u00fablica para\r\n  satisfacer necesidades de la poblaci\u00f3n, como las realizadas por los sujetos\r\n  obligados que no formen parte de la Administraci\u00f3n P\u00fablica, pero que\r\n  involucren el uso de recursos p\u00fablicos. Los servicios deben estar al alcance\r\n  de la poblaci\u00f3n sin necesidad de que el \u00e9sta los exija, como es el caso de\r\n  los tr\u00e1mites.<\/td>\r\n  <td class=xl6521271><\/td>\r\n  <td class=xl6521271><\/td>\r\n  <td class=xl6521271><\/td>\r\n  <td class=xl6521271><\/td>\r\n  <td class=xl6521271><\/td>\r\n  <td class=xl6521271><\/td>\r\n  <td class=xl6521271><\/td>\r\n  <td class=xl6521271><\/td>\r\n  <td class=xl6521271><\/td>\r\n  <td class=xl6521271><\/td>\r\n  <td class=xl6521271><\/td>\r\n  <td class=xl6521271><\/td>\r\n  <td class=xl6521271><\/td>\r\n  <td class=xl6521271><\/td>\r\n  <td class=xl6521271><\/td>\r\n  <td class=xl6521271><\/td>\r\n <\/tr>\r\n <tr height=0 style='display:none'>\r\n  <td class=xl6521271>1<\/td>\r\n  <td class=xl6521271>4<\/td>\r\n  <td class=xl6521271>4<\/td>\r\n  <td class=xl6521271>2<\/td>\r\n  <td class=xl6521271>9<\/td>\r\n  <td class=xl6521271>1<\/td>\r\n  <td class=xl6521271>2<\/td>\r\n  <td class=xl6521271>1<\/td>\r\n  <td class=xl6521271>2<\/td>\r\n  <td class=xl6521271>2<\/td>\r\n  <td class=xl6521271>7<\/td>\r\n  <td class=xl6521271>1<\/td>\r\n  <td class=xl6521271>10<\/td>\r\n  <td class=xl6521271>1<\/td>\r\n  <td class=xl6521271>2<\/td>\r\n  <td class=xl6521271>2<\/td>\r\n  <td class=xl6521271>2<\/td>\r\n  <td class=xl6521271>2<\/td>\r\n  <td class=xl6521271>10<\/td>\r\n  <td class=xl6521271>7<\/td>\r\n  <td class=xl6521271>7<\/td>\r\n  <td class=xl6521271>2<\/td>\r\n  <td class=xl6521271>4<\/td>\r\n  <td class=xl6521271>13<\/td>\r\n  <td class=xl6521271>14<\/td>\r\n <\/tr>\r\n <tr height=0 style='display:none'>\r\n  <td class=xl6521271>350704<\/td>\r\n  <td class=xl6521271>350705<\/td>\r\n  <td class=xl6521271>350706<\/td>\r\n  <td class=xl6521271>350690<\/td>\r\n  <td class=xl6521271>350709<\/td>\r\n  <td class=xl6521271>350713<\/td>\r\n  <td class=xl6521271>350692<\/td>\r\n  <td class=xl6521271>350711<\/td>\r\n  <td class=xl6521271>350693<\/td>\r\n  <td class=xl6521271>350694<\/td>\r\n  <td class=xl6521271>350700<\/td>\r\n  <td class=xl6521271>350688<\/td>\r\n  <td class=xl6521271>350710<\/td>\r\n  <td class=xl6521271>350689<\/td>\r\n  <td class=xl6521271>350695<\/td>\r\n  <td class=xl6521271>350712<\/td>\r\n  <td class=xl6521271>350691<\/td>\r\n  <td class=xl6521271>350696<\/td>\r\n  <td class=xl6521271>350701<\/td>\r\n  <td class=xl6521271>350699<\/td>\r\n  <td class=xl6521271>350698<\/td>\r\n  <td class=xl6521271>350708<\/td>\r\n  <td class=xl6521271>350697<\/td>\r\n  <td class=xl6521271>350703<\/td>\r\n  <td class=xl6521271>350707<\/td>\r\n <\/tr>\r\n <tr height=20 style='height:15.0pt'>\r\n  <td colspan=25 height=20 class=xl6621271 width=8921 style='height:15.0pt;\r\n  width:6692pt'>Tabla Campos<\/td>\r\n <\/tr>\r\n <tr height=34 style='height:25.5pt'>\r\n  <td height=34 class=xl6821271 width=138 style='height:25.5pt;width:104pt'>Ejercicio<\/td>\r\n  <td class=xl6821271 width=336 style='border-left:none;width:252pt'>Fecha de\r\n  inicio del periodo que se informa<\/td>\r\n  <td class=xl6821271 width=363 style='border-left:none;width:272pt'>Fecha de\r\n  t\u00e9rmino del periodo que se informa<\/td>\r\n  <td class=xl6821271 width=216 style='border-left:none;width:162pt'>Denominaci\u00f3n\r\n  del servicio<\/td>\r\n  <td class=xl6821271 width=233 style='border-left:none;width:175pt'>Tipo de\r\n  servicio (cat\u00e1logo)<\/td>\r\n  <td class=xl6821271 width=299 style='border-left:none;width:224pt'>Tipo de\r\n  usuario y\/o poblaci\u00f3n objetivo<\/td>\r\n  <td class=xl6821271 width=457 style='border-left:none;width:343pt'>Descripci\u00f3n\r\n  del objetivo del servicio<\/td>\r\n  <td class=xl6821271 width=187 style='border-left:none;width:140pt'>Modalidad\r\n  del servicio<\/td>\r\n  <td class=xl6821271 width=284 style='border-left:none;width:213pt'>Requisitos\r\n  para obtener el servicio<\/td>\r\n  <td class=xl6821271 width=293 style='border-left:none;width:220pt'>Documentos\r\n  requeridos, en su caso<\/td>\r\n  <td class=xl6821271 width=790 style='border-left:none;width:593pt'>Hiperv\u00ednculo\r\n  a los formatos respectivo(s) publicado(s) en medio oficial<\/td>\r\n  <td class=xl6821271 width=200 style='border-left:none;width:150pt'>Tiempo de\r\n  respuesta<\/td>\r\n  <td class=xl6821271 width=427 style='border-left:none;width:320pt'>\u00c1rea en la\r\n  que se proporciona el servicio y los datos de contacto <br>\r\n    Tabla_350710<\/td>\r\n  <td class=xl6821271 width=339 style='border-left:none;width:254pt'>Costo, en\r\n  su caso especificar que es gratuito<\/td>\r\n  <td class=xl6821271 width=231 style='border-left:none;width:173pt'>Sustento\r\n  legal para su cobro<\/td>\r\n  <td class=xl6821271 width=286 style='border-left:none;width:215pt'>Lugares\r\n  donde se efect\u00faa el pago<\/td>\r\n  <td class=xl6821271 width=368 style='border-left:none;width:276pt'>Fundamento\r\n  jur\u00eddico-administrativo del servicio<\/td>\r\n  <td class=xl6821271 width=351 style='border-left:none;width:263pt'>Derechos\r\n  del usuario ante la negativa o la falta<\/td>\r\n  <td class=xl6821271 width=322 style='border-left:none;width:242pt'>Lugar para\r\n  reportar presuntas anomalias <br>\r\n    Tabla_350701<\/td>\r\n  <td class=xl6821271 width=397 style='border-left:none;width:298pt'>Hiperv\u00ednculo\r\n  informaci\u00f3n adicional del servicio<\/td>\r\n  <td class=xl6821271 width=773 style='border-left:none;width:580pt'>Hiperv\u00ednculo\r\n  al cat\u00e1logo, manual o sistemas<span style='mso-spacerun:yes'>\u00a0<\/span><\/td>\r\n  <td class=xl6821271 width=563 style='border-left:none;width:422pt'>\u00c1rea(s)\r\n  responsable(s) que genera(n), posee(n), publica(n) y actualizan la\r\n  informaci\u00f3n<\/td>\r\n  <td class=xl6821271 width=212 style='border-left:none;width:159pt'>Fecha de\r\n  validaci\u00f3n<\/td>\r\n  <td class=xl6821271 width=271 style='border-left:none;width:203pt'>Fecha de\r\n  actualizaci\u00f3n<\/td>\r\n  <td class=xl6821271 width=585 style='border-left:none;width:439pt'>Nota<\/td>\r\n <\/tr>\r\n <tr height=20 style='height:15.0pt'>\r\n  <td height=20 class=xl7021271 style='height:15.0pt;border-top:none'>2018<\/td>\r\n  <td class=xl7121271 style='border-top:none;border-left:none'>01\/04\/2018<\/td>\r\n  <td class=xl7121271 style='border-top:none;border-left:none'>30\/06\/2018<\/td>\r\n  <td class=xl7021271 style='border-top:none;border-left:none'>recorridos\r\n  turisticos<\/td>\r\n  <td class=xl7021271 style='border-top:none;border-left:none'>Directo<\/td>\r\n  <td class=xl7021271 style='border-top:none;border-left:none'>solicitantes en\r\n  general<span style='mso-spacerun:yes'>\u00a0<\/span><\/td>\r\n  <td class=xl7021271 style='border-top:none;border-left:none'>dar a conocer el\r\n  acervo turistico e historico del municipio<\/td>\r\n  <td class=xl7021271 style='border-top:none;border-left:none'>personal<span\r\n  style='mso-spacerun:yes'>\u00a0<\/span><\/td>\r\n  <td class=xl7021271 style='border-top:none;border-left:none'>solicitud<span\r\n  style='mso-spacerun:yes'>\u00a0<\/span><\/td>\r\n  <td class=xl7021271 style='border-top:none;border-left:none'>oficio<\/td>\r\n  <td class=xl7221271 style='border-top:none;border-left:none'><a\r\n  href=\"https:\/\/www.apan.gob.mx\/descargables\/transparencia\/articulo69\/fraccion19\/2018_2\/turismo\/FrXIXa1_1.pdf\">https:\/\/www.apan.gob.mx\/descargables\/transparencia\/articulo69\/fraccion19\/2018_2\/turismo\/FrXIXa1_1.pdf<\/a><\/td>\r\n  <td class=xl7021271 style='border-top:none;border-left:none'>8 dias habiles<\/td>\r\n  <td class=xl7021271 style='border-top:none;border-left:none'>1<\/td>\r\n  <td class=xl7021271 style='border-top:none;border-left:none'>gratuito<span\r\n  style='mso-spacerun:yes'>\u00a0<\/span><\/td>\r\n  <td class=xl7021271 style='border-top:none;border-left:none'>no aplica\r\n  unicamente son recorridos muestra<\/td>\r\n  <td class=xl7021271 style='border-top:none;border-left:none'>no aplica<\/td>\r\n  <td class=xl7021271 style='border-top:none;border-left:none'>ley general de\r\n  turismo<\/td>\r\n  <td class=xl7021271 style='border-top:none;border-left:none'>presentar\r\n  queja<span style='mso-spacerun:yes'>\u00a0<\/span><\/td>\r\n  <td class=xl7021271 style='border-top:none;border-left:none'>1<\/td>\r\n  <td class=xl7221271 style='border-top:none;border-left:none'><a\r\n  href=\"https:\/\/apan.gob.mx\/portal\/Tur\/\">https:\/\/apan.gob.mx\/portal\/Tur\/<\/a><\/td>\r\n  <td class=xl7221271 style='border-top:none;border-left:none'><a\r\n  href=\"https:\/\/www.apan.gob.mx\/descargables\/transparencia\/articulo69\/fraccion19\/2018_2\/turismo\/FrXIXa1_2.pdf\">https:\/\/www.apan.gob.mx\/descargables\/transparencia\/articulo69\/fraccion19\/2018_2\/turismo\/FrXIXa1_2.pdf<\/a><\/td>\r\n  <td class=xl7021271 style='border-top:none;border-left:none'>direccion de\r\n  turismo<\/td>\r\n  <td class=xl7121271 style='border-top:none;border-left:none'>05\/07\/2018<\/td>\r\n  <td class=xl7121271 style='border-top:none;border-left:none'>01\/01\/2018<\/td>\r\n  <td class=xl7021271 style='border-top:none;border-left:none'>no aplica los\r\n  lugares de pago unicamente se realizan los recorridos muestra sin cobro.<\/td>\r\n <\/tr>\r\n <![if supportMisalignedColumns]>\r\n <tr height=0 style='display:none'>\r\n  <td width=138 style='width:104pt'><\/td>\r\n  <td width=336 style='width:252pt'><\/td>\r\n  <td width=363 style='width:272pt'><\/td>\r\n  <td width=216 style='width:162pt'><\/td>\r\n  <td width=233 style='width:175pt'><\/td>\r\n  <td width=299 style='width:224pt'><\/td>\r\n  <td width=457 style='width:343pt'><\/td>\r\n  <td width=187 style='width:140pt'><\/td>\r\n  <td width=284 style='width:213pt'><\/td>\r\n  <td width=293 style='width:220pt'><\/td>\r\n  <td width=790 style='width:593pt'><\/td>\r\n  <td width=200 style='width:150pt'><\/td>\r\n  <td width=427 style='width:320pt'><\/td>\r\n  <td width=339 style='width:254pt'><\/td>\r\n  <td width=231 style='width:173pt'><\/td>\r\n  <td width=286 style='width:215pt'><\/td>\r\n  <td width=368 style='width:276pt'><\/td>\r\n  <td width=351 style='width:263pt'><\/td>\r\n  <td width=322 style='width:242pt'><\/td>\r\n  <td width=397 style='width:298pt'><\/td>\r\n  <td width=773 style='width:580pt'><\/td>\r\n  <td width=563 style='width:422pt'><\/td>\r\n  <td width=212 style='width:159pt'><\/td>\r\n  <td width=271 style='width:203pt'><\/td>\r\n  <td width=585 style='width:439pt'><\/td>\r\n <\/tr>\r\n <![endif]>\r\n<\/table>\r\n\r\n<\/div>\r\n\r\n\r\n\r\n\t\t\t\t<\/div>\n\t\t\t\t<\/div>\n\t\t\t\t<div class=\"elementor-element elementor-element-m4iony7 elementor-widget elementor-widget-button\" data-id=\"m4iony7\" data-element_type=\"widget\" data-e-type=\"widget\" data-widget_type=\"button.default\">\n\t\t\t\t<div class=\"elementor-widget-container\">\n\t\t\t\t\t\t\t\t\t<div class=\"elementor-button-wrapper\">\n\t\t\t\t\t<a class=\"elementor-button elementor-button-link elementor-size-sm\" href=\"https:\/\/www.apan.gob.mx\/descargables\/transparencia\/articulo69\/fraccion19\/2018_2\/turismo\/a69_f19.xlsx\">\n\t\t\t\t\t\t<span class=\"elementor-button-content-wrapper\">\n\t\t\t\t\t\t\t\t\t<span class=\"elementor-button-text\">Descargar<\/span>\n\t\t\t\t\t<\/span>\n\t\t\t\t\t<\/a>\n\t\t\t\t<\/div>\n\t\t\t\t\t\t\t\t<\/div>\n\t\t\t\t<\/div>\n\t\t\t\t<div class=\"elementor-element elementor-element-tgofdwy elementor-widget elementor-widget-heading\" data-id=\"tgofdwy\" data-element_type=\"widget\" data-e-type=\"widget\" data-widget_type=\"heading.default\">\n\t\t\t\t<div class=\"elementor-widget-container\">\n\t\t\t\t\t<h2 class=\"elementor-heading-title elementor-size-small\">\u00daltima fecha de modificaci\u00f3n de la informaci\u00f3n: 18-enero-19<\/h2>\t\t\t\t<\/div>\n\t\t\t\t<\/div>\n\t\t\t\t\t<\/div>\n\t\t<\/div>\n\t\t\t\t\t<\/div>\n\t\t<\/section>\n\t\t\t\t<\/div>\n\t\t","protected":false},"excerpt":{"rendered":"<p>Fracci\u00f3n XlX 44250 T\u00cdTULO NOMBRE CORTO DESCRIPCI\u00d3N Servicios ofrecidos a69_f19 La informaci\u00f3n para dar a conocer los servicios p\u00fablicos que presta el sujeto obligado, tanto de las actividades realizadas por la administraci\u00f3n p\u00fablica para satisfacer necesidades de la poblaci\u00f3n, como las realizadas por los sujetos obligados que no formen parte de la Administraci\u00f3n P\u00fablica, pero [&hellip;]<\/p>\n","protected":false},"author":1,"featured_media":0,"parent":0,"menu_order":0,"comment_status":"closed","ping_status":"closed","template":"page-template-full.php","meta":{"footnotes":""},"class_list":["post-2885","page","type-page","status-publish","hentry"],"jetpack_sharing_enabled":true,"_links":{"self":[{"href":"https:\/\/apan.gob.mx\/portal\/wp-json\/wp\/v2\/pages\/2885","targetHints":{"allow":["GET"]}}],"collection":[{"href":"https:\/\/apan.gob.mx\/portal\/wp-json\/wp\/v2\/pages"}],"about":[{"href":"https:\/\/apan.gob.mx\/portal\/wp-json\/wp\/v2\/types\/page"}],"author":[{"embeddable":true,"href":"https:\/\/apan.gob.mx\/portal\/wp-json\/wp\/v2\/users\/1"}],"replies":[{"embeddable":true,"href":"https:\/\/apan.gob.mx\/portal\/wp-json\/wp\/v2\/comments?post=2885"}],"version-history":[{"count":8,"href":"https:\/\/apan.gob.mx\/portal\/wp-json\/wp\/v2\/pages\/2885\/revisions"}],"predecessor-version":[{"id":4054,"href":"https:\/\/apan.gob.mx\/portal\/wp-json\/wp\/v2\/pages\/2885\/revisions\/4054"}],"wp:attachment":[{"href":"https:\/\/apan.gob.mx\/portal\/wp-json\/wp\/v2\/media?parent=2885"}],"curies":[{"name":"wp","href":"https:\/\/api.w.org\/{rel}","templated":true}]}}