{"id":2993,"date":"2018-08-25T01:35:22","date_gmt":"2018-08-25T01:35:22","guid":{"rendered":"https:\/\/apan.gob.mx\/portal\/?page_id=2993"},"modified":"2018-08-25T01:36:46","modified_gmt":"2018-08-25T01:36:46","slug":"tesoreria_20_2018_2","status":"publish","type":"page","link":"https:\/\/apan.gob.mx\/portal\/tesoreria_20_2018_2\/","title":{"rendered":"<!--tesoreria_20_2018_2-->"},"content":{"rendered":"\t\t<div data-elementor-type=\"wp-page\" data-elementor-id=\"2993\" class=\"elementor elementor-2993 elementor-bc-flex-widget\">\n\t\t\t\t\t\t<section class=\"has_ae_slider elementor-section elementor-top-section elementor-element elementor-element-zyaopwn elementor-section-boxed elementor-section-height-default elementor-section-height-default ae-bg-gallery-type-default\" data-id=\"zyaopwn\" data-element_type=\"section\" data-e-type=\"section\">\n\t\t\t\t\t\t<div class=\"elementor-container elementor-column-gap-default\">\n\t\t\t\t\t<div class=\"has_ae_slider elementor-column elementor-col-100 elementor-top-column elementor-element elementor-element-jhqszgb ae-bg-gallery-type-default\" data-id=\"jhqszgb\" data-element_type=\"column\" data-e-type=\"column\">\n\t\t\t<div class=\"elementor-widget-wrap elementor-element-populated\">\n\t\t\t\t\t\t<div class=\"elementor-element elementor-element-puprhue elementor-widget elementor-widget-heading\" data-id=\"puprhue\" data-element_type=\"widget\" data-e-type=\"widget\" data-widget_type=\"heading.default\">\n\t\t\t\t<div class=\"elementor-widget-container\">\n\t\t\t\t\t<h2 class=\"elementor-heading-title elementor-size-medium\">Fracci\u00f3n XX<\/h2>\t\t\t\t<\/div>\n\t\t\t\t<\/div>\n\t\t\t\t<div class=\"elementor-element elementor-element-gbrbojc elementor-widget elementor-widget-html\" data-id=\"gbrbojc\" data-element_type=\"widget\" data-e-type=\"widget\" data-widget_type=\"html.default\">\n\t\t\t\t<div class=\"elementor-widget-container\">\n\t\t\t\t\t<style id=\"a69_f20 T2_20611_Styles\">\r\n<!--table\r\n\t{mso-displayed-decimal-separator:\"\\.\";\r\n\tmso-displayed-thousand-separator:\"\\,\";}\r\n.xl1520611\r\n\t{padding-top:1px;\r\n\tpadding-right:1px;\r\n\tpadding-left:1px;\r\n\tmso-ignore:padding;\r\n\tcolor:black;\r\n\tfont-size:11.0pt;\r\n\tfont-weight:400;\r\n\tfont-style:normal;\r\n\ttext-decoration:none;\r\n\tfont-family:Calibri, sans-serif;\r\n\tmso-font-charset:0;\r\n\tmso-number-format:General;\r\n\ttext-align:general;\r\n\tvertical-align:bottom;\r\n\tmso-background-source:auto;\r\n\tmso-pattern:auto;\r\n\twhite-space:nowrap;}\r\n.xl6320611\r\n\t{padding-top:1px;\r\n\tpadding-right:1px;\r\n\tpadding-left:1px;\r\n\tmso-ignore:padding;\r\n\tcolor:black;\r\n\tfont-size:10.0pt;\r\n\tfont-weight:400;\r\n\tfont-style:normal;\r\n\ttext-decoration:none;\r\n\tfont-family:Arial, sans-serif;\r\n\tmso-font-charset:0;\r\n\tmso-number-format:General;\r\n\ttext-align:center;\r\n\tvertical-align:bottom;\r\n\tborder:.5pt solid windowtext;\r\n\tbackground:#E1E1E1;\r\n\tmso-pattern:black none;\r\n\twhite-space:normal;}\r\n.xl6420611\r\n\t{padding-top:1px;\r\n\tpadding-right:1px;\r\n\tpadding-left:1px;\r\n\tmso-ignore:padding;\r\n\tcolor:white;\r\n\tfont-size:11.0pt;\r\n\tfont-weight:700;\r\n\tfont-style:normal;\r\n\ttext-decoration:none;\r\n\tfont-family:Arial, sans-serif;\r\n\tmso-font-charset:0;\r\n\tmso-number-format:General;\r\n\ttext-align:center;\r\n\tvertical-align:bottom;\r\n\tborder:.5pt solid windowtext;\r\n\tbackground:#333333;\r\n\tmso-pattern:black none;\r\n\twhite-space:normal;}\r\n.xl6520611\r\n\t{padding-top:1px;\r\n\tpadding-right:1px;\r\n\tpadding-left:1px;\r\n\tmso-ignore:padding;\r\n\tcolor:black;\r\n\tfont-size:10.0pt;\r\n\tfont-weight:400;\r\n\tfont-style:normal;\r\n\ttext-decoration:none;\r\n\tfont-family:Arial, sans-serif;\r\n\tmso-font-charset:0;\r\n\tmso-number-format:General;\r\n\ttext-align:general;\r\n\tvertical-align:bottom;\r\n\tborder:.5pt solid windowtext;\r\n\tbackground:#E1E1E1;\r\n\tmso-pattern:black none;\r\n\twhite-space:nowrap;}\r\n.xl6620611\r\n\t{padding-top:1px;\r\n\tpadding-right:1px;\r\n\tpadding-left:1px;\r\n\tmso-ignore:padding;\r\n\tcolor:black;\r\n\tfont-size:11.0pt;\r\n\tfont-weight:400;\r\n\tfont-style:normal;\r\n\ttext-decoration:none;\r\n\tfont-family:Calibri, sans-serif;\r\n\tmso-font-charset:0;\r\n\tmso-number-format:General;\r\n\ttext-align:general;\r\n\tvertical-align:bottom;\r\n\tmso-background-source:auto;\r\n\tmso-pattern:auto;\r\n\twhite-space:normal;}\r\n.xl6720611\r\n\t{padding-top:1px;\r\n\tpadding-right:1px;\r\n\tpadding-left:1px;\r\n\tmso-ignore:padding;\r\n\tcolor:black;\r\n\tfont-size:11.0pt;\r\n\tfont-weight:400;\r\n\tfont-style:normal;\r\n\ttext-decoration:none;\r\n\tfont-family:Calibri, sans-serif;\r\n\tmso-font-charset:0;\r\n\tmso-number-format:General;\r\n\ttext-align:general;\r\n\tvertical-align:bottom;\r\n\tborder:.5pt solid windowtext;\r\n\tbackground:white;\r\n\tmso-pattern:black none;\r\n\twhite-space:nowrap;}\r\n.xl6820611\r\n\t{padding-top:1px;\r\n\tpadding-right:1px;\r\n\tpadding-left:1px;\r\n\tmso-ignore:padding;\r\n\tcolor:black;\r\n\tfont-size:11.0pt;\r\n\tfont-weight:400;\r\n\tfont-style:normal;\r\n\ttext-decoration:none;\r\n\tfont-family:Calibri, sans-serif;\r\n\tmso-font-charset:0;\r\n\tmso-number-format:\"Medium Date\";\r\n\ttext-align:general;\r\n\tvertical-align:bottom;\r\n\tborder:.5pt solid windowtext;\r\n\tbackground:white;\r\n\tmso-pattern:black none;\r\n\twhite-space:nowrap;}\r\n.xl6920611\r\n\t{padding-top:1px;\r\n\tpadding-right:1px;\r\n\tpadding-left:1px;\r\n\tmso-ignore:padding;\r\n\tcolor:black;\r\n\tfont-size:11.0pt;\r\n\tfont-weight:400;\r\n\tfont-style:normal;\r\n\ttext-decoration:none;\r\n\tfont-family:Calibri, sans-serif;\r\n\tmso-font-charset:0;\r\n\tmso-number-format:General;\r\n\ttext-align:general;\r\n\tvertical-align:bottom;\r\n\tborder:.5pt solid windowtext;\r\n\tbackground:white;\r\n\tmso-pattern:black none;\r\n\twhite-space:normal;}\r\n.xl7020611\r\n\t{padding-top:1px;\r\n\tpadding-right:1px;\r\n\tpadding-left:1px;\r\n\tmso-ignore:padding;\r\n\tcolor:white;\r\n\tfont-size:11.0pt;\r\n\tfont-weight:700;\r\n\tfont-style:normal;\r\n\ttext-decoration:none;\r\n\tfont-family:Arial, sans-serif;\r\n\tmso-font-charset:0;\r\n\tmso-number-format:General;\r\n\ttext-align:center;\r\n\tvertical-align:bottom;\r\n\tborder-top:.5pt solid windowtext;\r\n\tborder-right:.5pt solid windowtext;\r\n\tborder-bottom:none;\r\n\tborder-left:.5pt solid windowtext;\r\n\tbackground:#333333;\r\n\tmso-pattern:black none;\r\n\twhite-space:normal;}\r\n.xl7120611\r\n\t{padding-top:1px;\r\n\tpadding-right:1px;\r\n\tpadding-left:1px;\r\n\tmso-ignore:padding;\r\n\tcolor:black;\r\n\tfont-size:11.0pt;\r\n\tfont-weight:400;\r\n\tfont-style:normal;\r\n\ttext-decoration:none;\r\n\tfont-family:Calibri, sans-serif;\r\n\tmso-font-charset:0;\r\n\tmso-number-format:General;\r\n\ttext-align:general;\r\n\tvertical-align:bottom;\r\n\tborder:.5pt solid windowtext;\r\n\tmso-background-source:auto;\r\n\tmso-pattern:auto;\r\n\twhite-space:nowrap;}\r\n-->\r\n<\/style>\r\n<\/head>\r\n\r\n<body>\r\n<!--[if !excel]>&nbsp;&nbsp;<![endif]-->\r\n<!--La siguiente informaci\u00f3n se gener\u00f3 mediante el Asistente para publicar como\r\np\u00e1gina web de Microsoft Excel.-->\r\n<!--Si se vuelve a publicar el mismo elemento desde Excel, se reemplazar\u00e1 toda\r\nla informaci\u00f3n comprendida entre las etiquetas DIV.-->\r\n<!----------------------------->\r\n<!--INICIO DE LOS RESULTADOS DEL ASISTENTE PARA PUBLICAR COMO P\u00c1GINA WEB DE\r\nEXCEL -->\r\n<!----------------------------->\r\n\r\n<div id=\"a69_f20 T2_20611\" align=center x:publishsource=\"Excel\">\r\n\r\n<table border=0 cellpadding=0 cellspacing=0 width=2136 style='border-collapse:\r\n collapse;table-layout:fixed;width:1603pt'>\r\n <col width=121 style='mso-width-source:userset;mso-width-alt:4425;width:91pt'>\r\n <col width=96 style='mso-width-source:userset;mso-width-alt:3510;width:72pt'>\r\n <col width=162 style='mso-width-source:userset;mso-width-alt:5924;width:122pt'>\r\n <col width=233 style='mso-width-source:userset;mso-width-alt:8521;width:175pt'>\r\n <col width=237 style='mso-width-source:userset;mso-width-alt:8667;width:178pt'>\r\n <col width=147 style='mso-width-source:userset;mso-width-alt:5376;width:110pt'>\r\n <col width=123 style='mso-width-source:userset;mso-width-alt:4498;width:92pt'>\r\n <col width=237 style='mso-width-source:userset;mso-width-alt:8667;width:178pt'>\r\n <col width=56 style='mso-width-source:userset;mso-width-alt:2048;width:42pt'>\r\n <col width=140 style='mso-width-source:userset;mso-width-alt:5120;width:105pt'>\r\n <col class=xl6620611 width=584 style='mso-width-source:userset;mso-width-alt:\r\n 21357;width:438pt'>\r\n <tr height=0 style='display:none'>\r\n  <td class=xl1520611 width=121 style='width:91pt'>35919<\/td>\r\n  <td class=xl1520611 width=96 style='width:72pt'><\/td>\r\n  <td class=xl1520611 width=162 style='width:122pt'><\/td>\r\n  <td class=xl1520611 width=233 style='width:175pt'><\/td>\r\n  <td class=xl1520611 width=237 style='width:178pt'><\/td>\r\n  <td class=xl1520611 width=147 style='width:110pt'><\/td>\r\n  <td class=xl1520611 width=123 style='width:92pt'><\/td>\r\n  <td class=xl1520611 width=237 style='width:178pt'><\/td>\r\n  <td class=xl1520611 width=56 style='width:42pt'><\/td>\r\n  <td class=xl1520611 width=140 style='width:105pt'><\/td>\r\n  <td class=xl6620611 width=584 style='width:438pt'><\/td>\r\n <\/tr>\r\n <tr height=20 style='height:15.0pt'>\r\n  <td colspan=3 height=20 class=xl6420611 width=379 style='height:15.0pt;\r\n  width:285pt'>T\u00cdTULO<\/td>\r\n  <td class=xl6420611 width=233 style='width:175pt'>NOMBRE CORTO<\/td>\r\n  <td colspan=2 class=xl7020611 width=384 style='border-left:none;width:288pt'>DESCRIPCI\u00d3N<\/td>\r\n  <td class=xl1520611><\/td>\r\n  <td class=xl1520611><\/td>\r\n  <td class=xl1520611><\/td>\r\n  <td class=xl1520611><\/td>\r\n  <td class=xl6620611 width=584 style='width:438pt'><\/td>\r\n <\/tr>\r\n <tr height=20 style='height:15.0pt'>\r\n  <td colspan=3 height=20 class=xl6520611 style='height:15.0pt'>FRACCI\u00d3N XX.-\r\n  Tr\u00e1mites, requisitos y formatos que ofrecen.<\/td>\r\n  <td class=xl6520611 style='border-top:none'>a69_f20<\/td>\r\n  <td colspan=2 class=xl6520611 style='border-left:none'>Los tr\u00e1mites,\r\n  requisitos y formatos que ofrecen;<\/td>\r\n  <td class=xl1520611><\/td>\r\n  <td class=xl1520611><\/td>\r\n  <td class=xl1520611><\/td>\r\n  <td class=xl1520611><\/td>\r\n  <td class=xl6620611 width=584 style='width:438pt'><\/td>\r\n <\/tr>\r\n <tr height=0 style='display:none'>\r\n  <td class=xl1520611>1<\/td>\r\n  <td class=xl1520611>1<\/td>\r\n  <td class=xl1520611>2<\/td>\r\n  <td class=xl1520611>2<\/td>\r\n  <td class=xl1520611>2<\/td>\r\n  <td class=xl1520611>2<\/td>\r\n  <td class=xl1520611>4<\/td>\r\n  <td class=xl1520611>1<\/td>\r\n  <td class=xl1520611>12<\/td>\r\n  <td class=xl1520611>13<\/td>\r\n  <td class=xl6620611 width=584 style='width:438pt'>14<\/td>\r\n <\/tr>\r\n <tr height=0 style='display:none'>\r\n  <td class=xl1520611>235514<\/td>\r\n  <td class=xl1520611>235512<\/td>\r\n  <td class=xl1520611>235516<\/td>\r\n  <td class=xl1520611>235517<\/td>\r\n  <td class=xl1520611>235521<\/td>\r\n  <td class=xl1520611>235518<\/td>\r\n  <td class=xl1520611>235525<\/td>\r\n  <td class=xl1520611>235513<\/td>\r\n  <td class=xl1520611>235533<\/td>\r\n  <td class=xl1520611>235534<\/td>\r\n  <td class=xl6620611 width=584 style='width:438pt'>235535<\/td>\r\n <\/tr>\r\n <tr height=20 style='height:15.0pt'>\r\n  <td colspan=11 height=20 class=xl6420611 width=2136 style='height:15.0pt;\r\n  width:1603pt'>Tabla Campos<\/td>\r\n <\/tr>\r\n <tr height=35 style='height:26.25pt'>\r\n  <td height=35 class=xl6320611 width=121 style='height:26.25pt;width:91pt'>Acto\r\n  administrativo<\/td>\r\n  <td class=xl6320611 width=96 style='border-left:none;width:72pt'>Tipo de\r\n  tr\u00e1mite<\/td>\r\n  <td class=xl6320611 width=162 style='border-left:none;width:122pt'>Denominaci\u00f3n\r\n  del tr\u00e1mite.<\/td>\r\n  <td class=xl6320611 width=233 style='border-left:none;width:175pt'>Tipo de\r\n  usuario y\/o poblaci\u00f3n objetivo.<\/td>\r\n  <td class=xl6320611 width=237 style='border-left:none;width:178pt'>Requisitos\r\n  para llevar a cabo el tr\u00e1mite<\/td>\r\n  <td class=xl6320611 width=147 style='border-left:none;width:110pt'>Documentos\r\n  requeridos<\/td>\r\n  <td class=xl6320611 width=123 style='border-left:none;width:92pt'>Fecha de\r\n  validaci\u00f3n<\/td>\r\n  <td class=xl6320611 width=237 style='border-left:none;width:178pt'>\u00c1rea\r\n  responsable de la informaci\u00f3n<\/td>\r\n  <td class=xl6320611 width=56 style='border-left:none;width:42pt'>A\u00f1o<\/td>\r\n  <td class=xl6320611 width=140 style='border-left:none;width:105pt'>Fecha de\r\n  actualizaci\u00f3n<\/td>\r\n  <td class=xl6320611 width=584 style='border-left:none;width:438pt'>Nota<\/td>\r\n <\/tr>\r\n <tr height=60 style='height:45.0pt'>\r\n  <td height=60 class=xl6720611 style='height:45.0pt;border-top:none'>&nbsp;<\/td>\r\n  <td class=xl6720611 style='border-top:none;border-left:none'>&nbsp;<\/td>\r\n  <td class=xl6720611 style='border-top:none;border-left:none'>&nbsp;<\/td>\r\n  <td class=xl6720611 style='border-top:none;border-left:none'>&nbsp;<\/td>\r\n  <td class=xl6720611 style='border-top:none;border-left:none'>&nbsp;<\/td>\r\n  <td class=xl6720611 style='border-top:none;border-left:none'>&nbsp;<\/td>\r\n  <td class=xl6820611 align=right style='border-top:none;border-left:none'>06-abr-18<\/td>\r\n  <td class=xl6720611 style='border-top:none;border-left:none'>Tesoreria\r\n  Municipal de Apan Hidalgo<\/td>\r\n  <td class=xl6720611 align=right style='border-top:none;border-left:none'>2018<\/td>\r\n  <td class=xl6820611 align=right style='border-top:none;border-left:none'>31-jul-18<\/td>\r\n  <td class=xl6920611 width=584 style='border-top:none;border-left:none;\r\n  width:438pt'>Al periodo que se reporta,<span style='mso-spacerun:yes'>\u00a0\r\n  <\/span>la Tesoreria Municipal no ofrece al publico la ejecuci\u00f3n de tr\u00e1mites\r\n  directos , solo se encarga de realizar el cobro de aquellos ofrecidos<span\r\n  style='mso-spacerun:yes'>\u00a0 <\/span>por las<span style='mso-spacerun:yes'>\u00a0\r\n  <\/span>distintas unidades<span style='mso-spacerun:yes'>\u00a0\r\n  <\/span>administrativas<span style='mso-spacerun:yes'>\u00a0 <\/span>del\r\n  Ayuntamiento.<\/td>\r\n <\/tr>\r\n <![if supportMisalignedColumns]>\r\n <tr height=0 style='display:none'>\r\n  <td width=121 style='width:91pt'><\/td>\r\n  <td width=96 style='width:72pt'><\/td>\r\n  <td width=162 style='width:122pt'><\/td>\r\n  <td width=233 style='width:175pt'><\/td>\r\n  <td width=237 style='width:178pt'><\/td>\r\n  <td width=147 style='width:110pt'><\/td>\r\n  <td width=123 style='width:92pt'><\/td>\r\n  <td width=237 style='width:178pt'><\/td>\r\n  <td width=56 style='width:42pt'><\/td>\r\n  <td width=140 style='width:105pt'><\/td>\r\n  <td width=584 style='width:438pt'><\/td>\r\n <\/tr>\r\n <![endif]>\r\n<\/table>\r\n\r\n<\/div>\r\n\r\n\r\n\t\t\t\t<\/div>\n\t\t\t\t<\/div>\n\t\t\t\t<div class=\"elementor-element elementor-element-pbowsxk elementor-widget elementor-widget-heading\" data-id=\"pbowsxk\" data-element_type=\"widget\" data-e-type=\"widget\" data-widget_type=\"heading.default\">\n\t\t\t\t<div class=\"elementor-widget-container\">\n\t\t\t\t\t<h2 class=\"elementor-heading-title elementor-size-small\">Fecha en que se subi\u00f3 la informaci\u00f3n: 24-agosto-18<\/h2>\t\t\t\t<\/div>\n\t\t\t\t<\/div>\n\t\t\t\t\t<\/div>\n\t\t<\/div>\n\t\t\t\t\t<\/div>\n\t\t<\/section>\n\t\t\t\t<\/div>\n\t\t","protected":false},"excerpt":{"rendered":"<p>&nbsp; Fracci\u00f3n XX &lt;![if supportMisalignedColumns]&gt;&lt;![endif]&gt; 35919 T\u00cdTULO NOMBRE CORTO DESCRIPCI\u00d3N FRACCI\u00d3N XX.- Tr\u00e1mites, requisitos y formatos que ofrecen. a69_f20 Los tr\u00e1mites, requisitos y formatos que ofrecen; 1 1 2 2 2 2 4 1 12 13 14 235514 235512 235516 235517 235521 235518 235525 235513 235533 235534 235535 Tabla Campos Acto administrativo Tipo de tr\u00e1mite [&hellip;]<\/p>\n","protected":false},"author":1,"featured_media":0,"parent":0,"menu_order":0,"comment_status":"closed","ping_status":"closed","template":"page-template-full.php","meta":{"footnotes":""},"class_list":["post-2993","page","type-page","status-publish","hentry"],"jetpack_sharing_enabled":true,"_links":{"self":[{"href":"https:\/\/apan.gob.mx\/portal\/wp-json\/wp\/v2\/pages\/2993","targetHints":{"allow":["GET"]}}],"collection":[{"href":"https:\/\/apan.gob.mx\/portal\/wp-json\/wp\/v2\/pages"}],"about":[{"href":"https:\/\/apan.gob.mx\/portal\/wp-json\/wp\/v2\/types\/page"}],"author":[{"embeddable":true,"href":"https:\/\/apan.gob.mx\/portal\/wp-json\/wp\/v2\/users\/1"}],"replies":[{"embeddable":true,"href":"https:\/\/apan.gob.mx\/portal\/wp-json\/wp\/v2\/comments?post=2993"}],"version-history":[{"count":3,"href":"https:\/\/apan.gob.mx\/portal\/wp-json\/wp\/v2\/pages\/2993\/revisions"}],"predecessor-version":[{"id":2996,"href":"https:\/\/apan.gob.mx\/portal\/wp-json\/wp\/v2\/pages\/2993\/revisions\/2996"}],"wp:attachment":[{"href":"https:\/\/apan.gob.mx\/portal\/wp-json\/wp\/v2\/media?parent=2993"}],"curies":[{"name":"wp","href":"https:\/\/api.w.org\/{rel}","templated":true}]}}