{"id":3003,"date":"2018-08-27T19:05:50","date_gmt":"2018-08-27T19:05:50","guid":{"rendered":"https:\/\/apan.gob.mx\/portal\/?page_id=3003"},"modified":"2018-10-18T00:04:37","modified_gmt":"2018-10-18T00:04:37","slug":"tesoreria_22_2018_2","status":"publish","type":"page","link":"https:\/\/apan.gob.mx\/portal\/tesoreria_22_2018_2\/","title":{"rendered":"<!--tesoreria_22_2018_2-->"},"content":{"rendered":"\t\t<div data-elementor-type=\"wp-page\" data-elementor-id=\"3003\" class=\"elementor elementor-3003 elementor-bc-flex-widget\">\n\t\t\t\t\t\t<section class=\"has_ae_slider elementor-section elementor-top-section elementor-element elementor-element-edoghyj elementor-section-boxed elementor-section-height-default elementor-section-height-default ae-bg-gallery-type-default\" data-id=\"edoghyj\" data-element_type=\"section\" data-e-type=\"section\">\n\t\t\t\t\t\t<div class=\"elementor-container elementor-column-gap-default\">\n\t\t\t\t\t<div class=\"has_ae_slider elementor-column elementor-col-100 elementor-top-column elementor-element elementor-element-giiyyqu ae-bg-gallery-type-default\" data-id=\"giiyyqu\" data-element_type=\"column\" data-e-type=\"column\">\n\t\t\t<div class=\"elementor-widget-wrap elementor-element-populated\">\n\t\t\t\t\t\t<div class=\"elementor-element elementor-element-wndjfrt elementor-widget elementor-widget-heading\" data-id=\"wndjfrt\" data-element_type=\"widget\" data-e-type=\"widget\" data-widget_type=\"heading.default\">\n\t\t\t\t<div class=\"elementor-widget-container\">\n\t\t\t\t\t<h2 class=\"elementor-heading-title elementor-size-medium\">Fracci\u00f3n XXll<\/h2>\t\t\t\t<\/div>\n\t\t\t\t<\/div>\n\t\t\t\t<div class=\"elementor-element elementor-element-kydjrjb elementor-widget elementor-widget-html\" data-id=\"kydjrjb\" data-element_type=\"widget\" data-e-type=\"widget\" data-widget_type=\"html.default\">\n\t\t\t\t<div class=\"elementor-widget-container\">\n\t\t\t\t\t<style id=\"a69_f22 T2_4757_Styles\">\r\n<!--table\r\n\t{mso-displayed-decimal-separator:\"\\.\";\r\n\tmso-displayed-thousand-separator:\"\\,\";}\r\n.xl154757\r\n\t{padding-top:1px;\r\n\tpadding-right:1px;\r\n\tpadding-left:1px;\r\n\tmso-ignore:padding;\r\n\tcolor:black;\r\n\tfont-size:11.0pt;\r\n\tfont-weight:400;\r\n\tfont-style:normal;\r\n\ttext-decoration:none;\r\n\tfont-family:Calibri, sans-serif;\r\n\tmso-font-charset:0;\r\n\tmso-number-format:General;\r\n\ttext-align:general;\r\n\tvertical-align:bottom;\r\n\tmso-background-source:auto;\r\n\tmso-pattern:auto;\r\n\twhite-space:nowrap;}\r\n.xl634757\r\n\t{padding-top:1px;\r\n\tpadding-right:1px;\r\n\tpadding-left:1px;\r\n\tmso-ignore:padding;\r\n\tcolor:white;\r\n\tfont-size:11.0pt;\r\n\tfont-weight:700;\r\n\tfont-style:normal;\r\n\ttext-decoration:none;\r\n\tfont-family:Arial;\r\n\tmso-generic-font-family:auto;\r\n\tmso-font-charset:0;\r\n\tmso-number-format:General;\r\n\ttext-align:center;\r\n\tvertical-align:middle;\r\n\tborder:.5pt solid windowtext;\r\n\tbackground:#333333;\r\n\tmso-pattern:black none;\r\n\twhite-space:nowrap;}\r\n.xl644757\r\n\t{padding-top:1px;\r\n\tpadding-right:1px;\r\n\tpadding-left:1px;\r\n\tmso-ignore:padding;\r\n\tcolor:white;\r\n\tfont-size:11.0pt;\r\n\tfont-weight:700;\r\n\tfont-style:normal;\r\n\ttext-decoration:none;\r\n\tfont-family:Arial;\r\n\tmso-generic-font-family:auto;\r\n\tmso-font-charset:0;\r\n\tmso-number-format:General;\r\n\ttext-align:center;\r\n\tvertical-align:middle;\r\n\tborder-top:.5pt solid windowtext;\r\n\tborder-right:.5pt solid windowtext;\r\n\tborder-bottom:none;\r\n\tborder-left:.5pt solid windowtext;\r\n\tbackground:#333333;\r\n\tmso-pattern:black none;\r\n\twhite-space:nowrap;}\r\n.xl654757\r\n\t{padding-top:1px;\r\n\tpadding-right:1px;\r\n\tpadding-left:1px;\r\n\tmso-ignore:padding;\r\n\tcolor:black;\r\n\tfont-size:10.0pt;\r\n\tfont-weight:400;\r\n\tfont-style:normal;\r\n\ttext-decoration:none;\r\n\tfont-family:Arial;\r\n\tmso-generic-font-family:auto;\r\n\tmso-font-charset:0;\r\n\tmso-number-format:General;\r\n\ttext-align:center;\r\n\tvertical-align:middle;\r\n\tborder:.5pt solid windowtext;\r\n\tbackground:#E1E1E1;\r\n\tmso-pattern:black none;\r\n\twhite-space:normal;}\r\n.xl664757\r\n\t{padding-top:1px;\r\n\tpadding-right:1px;\r\n\tpadding-left:1px;\r\n\tmso-ignore:padding;\r\n\tcolor:black;\r\n\tfont-size:11.0pt;\r\n\tfont-weight:400;\r\n\tfont-style:normal;\r\n\ttext-decoration:none;\r\n\tfont-family:Calibri, sans-serif;\r\n\tmso-font-charset:0;\r\n\tmso-number-format:General;\r\n\ttext-align:center;\r\n\tvertical-align:middle;\r\n\tmso-background-source:auto;\r\n\tmso-pattern:auto;\r\n\twhite-space:nowrap;}\r\n.xl674757\r\n\t{padding-top:1px;\r\n\tpadding-right:1px;\r\n\tpadding-left:1px;\r\n\tmso-ignore:padding;\r\n\tcolor:black;\r\n\tfont-size:10.0pt;\r\n\tfont-weight:400;\r\n\tfont-style:normal;\r\n\ttext-decoration:none;\r\n\tfont-family:Arial;\r\n\tmso-generic-font-family:auto;\r\n\tmso-font-charset:0;\r\n\tmso-number-format:General;\r\n\ttext-align:center;\r\n\tvertical-align:middle;\r\n\tborder:.5pt solid windowtext;\r\n\tbackground:#E1E1E1;\r\n\tmso-pattern:black none;\r\n\twhite-space:nowrap;}\r\n.xl684757\r\n\t{padding-top:1px;\r\n\tpadding-right:1px;\r\n\tpadding-left:1px;\r\n\tmso-ignore:padding;\r\n\tcolor:black;\r\n\tfont-size:11.0pt;\r\n\tfont-weight:400;\r\n\tfont-style:normal;\r\n\ttext-decoration:none;\r\n\tfont-family:Calibri, sans-serif;\r\n\tmso-font-charset:0;\r\n\tmso-number-format:General;\r\n\ttext-align:center;\r\n\tvertical-align:middle;\r\n\tborder:.5pt solid windowtext;\r\n\tmso-background-source:auto;\r\n\tmso-pattern:auto;\r\n\twhite-space:nowrap;}\r\n.xl694757\r\n\t{padding-top:1px;\r\n\tpadding-right:1px;\r\n\tpadding-left:1px;\r\n\tmso-ignore:padding;\r\n\tcolor:black;\r\n\tfont-size:11.0pt;\r\n\tfont-weight:400;\r\n\tfont-style:normal;\r\n\ttext-decoration:none;\r\n\tfont-family:Calibri, sans-serif;\r\n\tmso-font-charset:0;\r\n\tmso-number-format:General;\r\n\ttext-align:center;\r\n\tvertical-align:middle;\r\n\tborder:.5pt solid windowtext;\r\n\tbackground:white;\r\n\tmso-pattern:black none;\r\n\twhite-space:nowrap;}\r\n.xl704757\r\n\t{padding-top:1px;\r\n\tpadding-right:1px;\r\n\tpadding-left:1px;\r\n\tmso-ignore:padding;\r\n\tcolor:black;\r\n\tfont-size:11.0pt;\r\n\tfont-weight:400;\r\n\tfont-style:normal;\r\n\ttext-decoration:none;\r\n\tfont-family:Calibri, sans-serif;\r\n\tmso-font-charset:0;\r\n\tmso-number-format:\"Medium Date\";\r\n\ttext-align:center;\r\n\tvertical-align:middle;\r\n\tborder:.5pt solid windowtext;\r\n\tbackground:white;\r\n\tmso-pattern:black none;\r\n\twhite-space:nowrap;}\r\n.xl714757\r\n\t{padding-top:1px;\r\n\tpadding-right:1px;\r\n\tpadding-left:1px;\r\n\tmso-ignore:padding;\r\n\tcolor:black;\r\n\tfont-size:11.0pt;\r\n\tfont-weight:400;\r\n\tfont-style:normal;\r\n\ttext-decoration:none;\r\n\tfont-family:Calibri, sans-serif;\r\n\tmso-font-charset:0;\r\n\tmso-number-format:General;\r\n\ttext-align:center;\r\n\tvertical-align:middle;\r\n\tborder:.5pt solid windowtext;\r\n\tbackground:white;\r\n\tmso-pattern:black none;\r\n\twhite-space:normal;}\r\n-->\r\n<\/style>\r\n<\/head>\r\n\r\n<body>\r\n<!--[if !excel]>&nbsp;&nbsp;<![endif]-->\r\n<!--La siguiente informaci\u00f3n se gener\u00f3 mediante el Asistente para publicar como\r\np\u00e1gina web de Microsoft Excel.-->\r\n<!--Si se vuelve a publicar el mismo elemento desde Excel, se reemplazar\u00e1 toda\r\nla informaci\u00f3n comprendida entre las etiquetas DIV.-->\r\n<!----------------------------->\r\n<!--INICIO DE LOS RESULTADOS DEL ASISTENTE PARA PUBLICAR COMO P\u00c1GINA WEB DE\r\nEXCEL -->\r\n<!----------------------------->\r\n\r\n<div id=\"a69_f22 T2_4757\" align=center x:publishsource=\"Excel\">\r\n\r\n<table border=0 cellpadding=0 cellspacing=0 width=2202 style='border-collapse:\r\n collapse;table-layout:fixed;width:1654pt'>\r\n <col width=59 style='mso-width-source:userset;mso-width-alt:2157;width:44pt'>\r\n <col width=142 style='mso-width-source:userset;mso-width-alt:5193;width:107pt'>\r\n <col width=192 style='mso-width-source:userset;mso-width-alt:7021;width:144pt'>\r\n <col width=193 style='mso-width-source:userset;mso-width-alt:7058;width:145pt'>\r\n <col width=113 style='mso-width-source:userset;mso-width-alt:4132;width:85pt'>\r\n <col width=60 style='mso-width-source:userset;mso-width-alt:2194;width:45pt'>\r\n <col width=169 style='mso-width-source:userset;mso-width-alt:6180;width:127pt'>\r\n <col width=158 style='mso-width-source:userset;mso-width-alt:5778;width:119pt'>\r\n <col width=198 style='mso-width-source:userset;mso-width-alt:7241;width:149pt'>\r\n <col width=123 style='mso-width-source:userset;mso-width-alt:4498;width:92pt'>\r\n <col width=237 style='mso-width-source:userset;mso-width-alt:8667;width:178pt'>\r\n <col width=56 style='mso-width-source:userset;mso-width-alt:2048;width:42pt'>\r\n <col width=140 style='mso-width-source:userset;mso-width-alt:5120;width:105pt'>\r\n <col width=362 style='mso-width-source:userset;mso-width-alt:13238;width:272pt'>\r\n <tr height=0 style='display:none'>\r\n  <td class=xl664757 width=59 style='width:44pt'>35923<\/td>\r\n  <td class=xl664757 width=142 style='width:107pt'><\/td>\r\n  <td class=xl664757 width=192 style='width:144pt'><\/td>\r\n  <td class=xl664757 width=193 style='width:145pt'><\/td>\r\n  <td class=xl664757 width=113 style='width:85pt'><\/td>\r\n  <td class=xl664757 width=60 style='width:45pt'><\/td>\r\n  <td class=xl664757 width=169 style='width:127pt'><\/td>\r\n  <td class=xl664757 width=158 style='width:119pt'><\/td>\r\n  <td class=xl664757 width=198 style='width:149pt'><\/td>\r\n  <td class=xl664757 width=123 style='width:92pt'><\/td>\r\n  <td class=xl664757 width=237 style='width:178pt'><\/td>\r\n  <td class=xl664757 width=56 style='width:42pt'><\/td>\r\n  <td class=xl664757 width=140 style='width:105pt'><\/td>\r\n  <td class=xl664757 width=362 style='width:272pt'><\/td>\r\n <\/tr>\r\n <tr height=20 style='height:15.0pt'>\r\n  <td colspan=3 height=20 class=xl634757 style='height:15.0pt'>T\u00cdTULO<\/td>\r\n  <td colspan=3 class=xl634757>NOMBRE CORTO<\/td>\r\n  <td colspan=3 class=xl644757>DESCRIPCI\u00d3N<\/td>\r\n  <td class=xl664757><\/td>\r\n  <td class=xl664757><\/td>\r\n  <td class=xl664757><\/td>\r\n  <td class=xl664757><\/td>\r\n  <td class=xl664757><\/td>\r\n <\/tr>\r\n <tr height=20 style='height:15.0pt'>\r\n  <td colspan=3 height=20 class=xl674757 style='height:15.0pt'>FRACCI\u00d3N XXII.-\r\n  La informaci\u00f3n relativa a la Deuda P\u00fablica.<\/td>\r\n  <td colspan=3 class=xl674757>a69_f22<\/td>\r\n  <td colspan=3 class=xl674757>La informaci\u00f3n relativa a la deuda p\u00fablica, en\r\n  t\u00e9rminos de la normatividad aplicable;<\/td>\r\n  <td class=xl664757><\/td>\r\n  <td class=xl664757><\/td>\r\n  <td class=xl664757><\/td>\r\n  <td class=xl664757><\/td>\r\n  <td class=xl664757><\/td>\r\n <\/tr>\r\n <tr height=0 style='display:none'>\r\n  <td class=xl664757>1<\/td>\r\n  <td class=xl664757>1<\/td>\r\n  <td class=xl664757>1<\/td>\r\n  <td class=xl664757>1<\/td>\r\n  <td class=xl664757>9<\/td>\r\n  <td class=xl664757>1<\/td>\r\n  <td class=xl664757>4<\/td>\r\n  <td class=xl664757>6<\/td>\r\n  <td class=xl664757>1<\/td>\r\n  <td class=xl664757>4<\/td>\r\n  <td class=xl664757>1<\/td>\r\n  <td class=xl664757>12<\/td>\r\n  <td class=xl664757>13<\/td>\r\n  <td class=xl664757>14<\/td>\r\n <\/tr>\r\n <tr height=0 style='display:none'>\r\n  <td class=xl664757>235592<\/td>\r\n  <td class=xl664757>235586<\/td>\r\n  <td class=xl664757>235587<\/td>\r\n  <td class=xl664757>235588<\/td>\r\n  <td class=xl664757>235613<\/td>\r\n  <td class=xl664757>235589<\/td>\r\n  <td class=xl664757>235596<\/td>\r\n  <td class=xl664757>235600<\/td>\r\n  <td class=xl664757>235606<\/td>\r\n  <td class=xl664757>235599<\/td>\r\n  <td class=xl664757>235591<\/td>\r\n  <td class=xl664757>235614<\/td>\r\n  <td class=xl664757>235615<\/td>\r\n  <td class=xl664757>235616<\/td>\r\n <\/tr>\r\n <tr height=20 style='height:15.0pt'>\r\n  <td colspan=14 height=20 class=xl634757 style='height:15.0pt'>Tabla Campos<\/td>\r\n <\/tr>\r\n <tr height=34 style='height:25.5pt'>\r\n  <td height=34 class=xl654757 width=59 style='height:25.5pt;width:44pt'>Ejercicio<span\r\n  style='mso-spacerun:yes'>\u00a0<\/span><\/td>\r\n  <td class=xl654757 width=142 style='border-left:none;width:107pt'>Periodo que\r\n  se informa<\/td>\r\n  <td class=xl654757 width=192 style='border-left:none;width:144pt'>Acreditado<\/td>\r\n  <td class=xl654757 width=193 style='border-left:none;width:145pt'>Denominaci\u00f3n\r\n  de la instancia ejecutora<\/td>\r\n  <td class=xl654757 width=113 style='border-left:none;width:85pt'>Tipo de\r\n  obligaci\u00f3n<\/td>\r\n  <td class=xl654757 width=60 style='border-left:none;width:45pt'>Acreedor<\/td>\r\n  <td class=xl654757 width=169 style='border-left:none;width:127pt'>Fecha de\r\n  firma del contrato<\/td>\r\n  <td class=xl654757 width=158 style='border-left:none;width:119pt'>Monto\r\n  original contratado<\/td>\r\n  <td class=xl654757 width=198 style='border-left:none;width:149pt'>Plazo de\r\n  tasa de inter\u00e9s pactado<\/td>\r\n  <td class=xl654757 width=123 style='border-left:none;width:92pt'>Fecha de\r\n  validaci\u00f3n<\/td>\r\n  <td class=xl654757 width=237 style='border-left:none;width:178pt'>\u00c1rea\r\n  responsable de la informaci\u00f3n<\/td>\r\n  <td class=xl654757 width=56 style='border-left:none;width:42pt'>A\u00f1o<\/td>\r\n  <td class=xl654757 width=140 style='border-left:none;width:105pt'>Fecha de\r\n  actualizaci\u00f3n<\/td>\r\n  <td class=xl654757 width=362 style='border-left:none;width:272pt'>Nota<\/td>\r\n <\/tr>\r\n <tr height=73 style='mso-height-source:userset;height:54.75pt'>\r\n  <td height=73 class=xl694757 style='height:54.75pt;border-top:none'>2018<\/td>\r\n  <td class=xl694757 style='border-top:none;border-left:none'>2do trim<\/td>\r\n  <td class=xl694757 style='border-top:none;border-left:none'>&nbsp;<\/td>\r\n  <td class=xl694757 style='border-top:none;border-left:none'>&nbsp;<\/td>\r\n  <td class=xl694757 style='border-top:none;border-left:none'>&nbsp;<\/td>\r\n  <td class=xl694757 style='border-top:none;border-left:none'>&nbsp;<\/td>\r\n  <td class=xl694757 style='border-top:none;border-left:none'>&nbsp;<\/td>\r\n  <td class=xl694757 style='border-top:none;border-left:none'>&nbsp;<\/td>\r\n  <td class=xl694757 style='border-top:none;border-left:none'>&nbsp;<\/td>\r\n  <td class=xl704757 style='border-top:none;border-left:none'>06-abr-18<\/td>\r\n  <td class=xl694757 style='border-top:none;border-left:none'>Tesoreria\r\n  Municipal de Apan Hidalgo<\/td>\r\n  <td class=xl694757 style='border-top:none;border-left:none'>2018<\/td>\r\n  <td class=xl704757 style='border-top:none;border-left:none'>31-jul-18<\/td>\r\n  <td class=xl714757 width=362 style='border-top:none;border-left:none;\r\n  width:272pt'>Al per\u00edodo reportado, el municipio no tiene financiamiento,\r\n  cr\u00e9dito<span style='mso-spacerun:yes'>\u00a0 <\/span>o cualquier otra forma de\r\n  deuda p\u00fablica<span style='mso-spacerun:yes'>\u00a0 <\/span>vigente.<\/td>\r\n <\/tr>\r\n <![if supportMisalignedColumns]>\r\n <tr height=0 style='display:none'>\r\n  <td width=59 style='width:44pt'><\/td>\r\n  <td width=142 style='width:107pt'><\/td>\r\n  <td width=192 style='width:144pt'><\/td>\r\n  <td width=193 style='width:145pt'><\/td>\r\n  <td width=113 style='width:85pt'><\/td>\r\n  <td width=60 style='width:45pt'><\/td>\r\n  <td width=169 style='width:127pt'><\/td>\r\n  <td width=158 style='width:119pt'><\/td>\r\n  <td width=198 style='width:149pt'><\/td>\r\n  <td width=123 style='width:92pt'><\/td>\r\n  <td width=237 style='width:178pt'><\/td>\r\n  <td width=56 style='width:42pt'><\/td>\r\n  <td width=140 style='width:105pt'><\/td>\r\n  <td width=362 style='width:272pt'><\/td>\r\n <\/tr>\r\n <![endif]>\r\n<\/table>\r\n\r\n<\/div>\r\n\r\n\t\t\t\t<\/div>\n\t\t\t\t<\/div>\n\t\t\t\t<div class=\"elementor-element elementor-element-zmpeh2c elementor-widget elementor-widget-button\" data-id=\"zmpeh2c\" data-element_type=\"widget\" data-e-type=\"widget\" data-widget_type=\"button.default\">\n\t\t\t\t<div class=\"elementor-widget-container\">\n\t\t\t\t\t\t\t\t\t<div class=\"elementor-button-wrapper\">\n\t\t\t\t\t<a class=\"elementor-button elementor-button-link elementor-size-sm\" href=\"https:\/\/www.apan.gob.mx\/descargables\/transparencia\/articulo69\/fraccion22\/2018_2\/tesoreria\/2do_trim_2018_a69_f22_T2.xlsx\">\n\t\t\t\t\t\t<span class=\"elementor-button-content-wrapper\">\n\t\t\t\t\t\t\t\t\t<span class=\"elementor-button-text\">Descargar<\/span>\n\t\t\t\t\t<\/span>\n\t\t\t\t\t<\/a>\n\t\t\t\t<\/div>\n\t\t\t\t\t\t\t\t<\/div>\n\t\t\t\t<\/div>\n\t\t\t\t<div class=\"elementor-element elementor-element-iohkybw elementor-widget elementor-widget-heading\" data-id=\"iohkybw\" data-element_type=\"widget\" data-e-type=\"widget\" data-widget_type=\"heading.default\">\n\t\t\t\t<div class=\"elementor-widget-container\">\n\t\t\t\t\t<h2 class=\"elementor-heading-title elementor-size-small\">Fecha en que se subi\u00f3 la informaci\u00f3n: 27-agosto-18<\/h2>\t\t\t\t<\/div>\n\t\t\t\t<\/div>\n\t\t\t\t\t<\/div>\n\t\t<\/div>\n\t\t\t\t\t<\/div>\n\t\t<\/section>\n\t\t\t\t<\/div>\n\t\t","protected":false},"excerpt":{"rendered":"<p>Fracci\u00f3n XXll 35923 T\u00cdTULO NOMBRE CORTO DESCRIPCI\u00d3N FRACCI\u00d3N XXII.- La informaci\u00f3n relativa a la Deuda P\u00fablica. a69_f22 La informaci\u00f3n relativa a la deuda p\u00fablica, en t\u00e9rminos de la normatividad aplicable; 1 1 1 1 9 1 4 6 1 4 1 12 13 14 235592 235586 235587 235588 235613 235589 235596 235600 235606 235599 235591 [&hellip;]<\/p>\n","protected":false},"author":1,"featured_media":0,"parent":0,"menu_order":0,"comment_status":"closed","ping_status":"closed","template":"page-template-full.php","meta":{"footnotes":""},"class_list":["post-3003","page","type-page","status-publish","hentry"],"jetpack_sharing_enabled":true,"_links":{"self":[{"href":"https:\/\/apan.gob.mx\/portal\/wp-json\/wp\/v2\/pages\/3003","targetHints":{"allow":["GET"]}}],"collection":[{"href":"https:\/\/apan.gob.mx\/portal\/wp-json\/wp\/v2\/pages"}],"about":[{"href":"https:\/\/apan.gob.mx\/portal\/wp-json\/wp\/v2\/types\/page"}],"author":[{"embeddable":true,"href":"https:\/\/apan.gob.mx\/portal\/wp-json\/wp\/v2\/users\/1"}],"replies":[{"embeddable":true,"href":"https:\/\/apan.gob.mx\/portal\/wp-json\/wp\/v2\/comments?post=3003"}],"version-history":[{"count":4,"href":"https:\/\/apan.gob.mx\/portal\/wp-json\/wp\/v2\/pages\/3003\/revisions"}],"predecessor-version":[{"id":3228,"href":"https:\/\/apan.gob.mx\/portal\/wp-json\/wp\/v2\/pages\/3003\/revisions\/3228"}],"wp:attachment":[{"href":"https:\/\/apan.gob.mx\/portal\/wp-json\/wp\/v2\/media?parent=3003"}],"curies":[{"name":"wp","href":"https:\/\/api.w.org\/{rel}","templated":true}]}}