{"id":3008,"date":"2018-08-27T19:16:36","date_gmt":"2018-08-27T19:16:36","guid":{"rendered":"https:\/\/apan.gob.mx\/portal\/?page_id=3008"},"modified":"2018-10-17T23:27:30","modified_gmt":"2018-10-17T23:27:30","slug":"tesoreria_24_2018_2","status":"publish","type":"page","link":"https:\/\/apan.gob.mx\/portal\/tesoreria_24_2018_2\/","title":{"rendered":"<!--tesoreria_24_2018_2-->"},"content":{"rendered":"\t\t<div data-elementor-type=\"wp-page\" data-elementor-id=\"3008\" class=\"elementor elementor-3008 elementor-bc-flex-widget\">\n\t\t\t\t\t\t<section class=\"has_ae_slider elementor-section elementor-top-section elementor-element elementor-element-ccugicf elementor-section-boxed elementor-section-height-default elementor-section-height-default ae-bg-gallery-type-default\" data-id=\"ccugicf\" data-element_type=\"section\" data-e-type=\"section\">\n\t\t\t\t\t\t<div class=\"elementor-container elementor-column-gap-default\">\n\t\t\t\t\t<div class=\"has_ae_slider elementor-column elementor-col-100 elementor-top-column elementor-element elementor-element-dxpcpkz ae-bg-gallery-type-default\" data-id=\"dxpcpkz\" data-element_type=\"column\" data-e-type=\"column\">\n\t\t\t<div class=\"elementor-widget-wrap elementor-element-populated\">\n\t\t\t\t\t\t<div class=\"elementor-element elementor-element-zselhim elementor-widget elementor-widget-heading\" data-id=\"zselhim\" data-element_type=\"widget\" data-e-type=\"widget\" data-widget_type=\"heading.default\">\n\t\t\t\t<div class=\"elementor-widget-container\">\n\t\t\t\t\t<h2 class=\"elementor-heading-title elementor-size-medium\">Fracci\u00f3n XXlV<\/h2>\t\t\t\t<\/div>\n\t\t\t\t<\/div>\n\t\t\t\t<div class=\"elementor-element elementor-element-wtjovoy elementor-widget elementor-widget-html\" data-id=\"wtjovoy\" data-element_type=\"widget\" data-e-type=\"widget\" data-widget_type=\"html.default\">\n\t\t\t\t<div class=\"elementor-widget-container\">\n\t\t\t\t\t<style id=\"a69_f24 T2_15859_Styles\">\r\n<!--table\r\n\t{mso-displayed-decimal-separator:\"\\.\";\r\n\tmso-displayed-thousand-separator:\"\\,\";}\r\n.xl1515859\r\n\t{padding-top:1px;\r\n\tpadding-right:1px;\r\n\tpadding-left:1px;\r\n\tmso-ignore:padding;\r\n\tcolor:black;\r\n\tfont-size:11.0pt;\r\n\tfont-weight:400;\r\n\tfont-style:normal;\r\n\ttext-decoration:none;\r\n\tfont-family:Calibri, sans-serif;\r\n\tmso-font-charset:0;\r\n\tmso-number-format:General;\r\n\ttext-align:general;\r\n\tvertical-align:bottom;\r\n\tmso-background-source:auto;\r\n\tmso-pattern:auto;\r\n\twhite-space:nowrap;}\r\n.xl6315859\r\n\t{padding-top:1px;\r\n\tpadding-right:1px;\r\n\tpadding-left:1px;\r\n\tmso-ignore:padding;\r\n\tcolor:black;\r\n\tfont-size:11.0pt;\r\n\tfont-weight:400;\r\n\tfont-style:normal;\r\n\ttext-decoration:none;\r\n\tfont-family:Calibri, sans-serif;\r\n\tmso-font-charset:0;\r\n\tmso-number-format:General;\r\n\ttext-align:center;\r\n\tvertical-align:middle;\r\n\tmso-background-source:auto;\r\n\tmso-pattern:auto;\r\n\twhite-space:nowrap;}\r\n.xl6415859\r\n\t{padding-top:1px;\r\n\tpadding-right:1px;\r\n\tpadding-left:1px;\r\n\tmso-ignore:padding;\r\n\tcolor:white;\r\n\tfont-size:11.0pt;\r\n\tfont-weight:700;\r\n\tfont-style:normal;\r\n\ttext-decoration:none;\r\n\tfont-family:Arial, sans-serif;\r\n\tmso-font-charset:0;\r\n\tmso-number-format:General;\r\n\ttext-align:center;\r\n\tvertical-align:middle;\r\n\tborder:.5pt solid windowtext;\r\n\tbackground:#333333;\r\n\tmso-pattern:black none;\r\n\twhite-space:nowrap;}\r\n.xl6515859\r\n\t{padding-top:1px;\r\n\tpadding-right:1px;\r\n\tpadding-left:1px;\r\n\tmso-ignore:padding;\r\n\tcolor:black;\r\n\tfont-size:10.0pt;\r\n\tfont-weight:400;\r\n\tfont-style:normal;\r\n\ttext-decoration:none;\r\n\tfont-family:Arial, sans-serif;\r\n\tmso-font-charset:0;\r\n\tmso-number-format:General;\r\n\ttext-align:center;\r\n\tvertical-align:middle;\r\n\tborder:.5pt solid windowtext;\r\n\tbackground:#E1E1E1;\r\n\tmso-pattern:black none;\r\n\twhite-space:normal;}\r\n.xl6615859\r\n\t{padding-top:1px;\r\n\tpadding-right:1px;\r\n\tpadding-left:1px;\r\n\tmso-ignore:padding;\r\n\tcolor:black;\r\n\tfont-size:11.0pt;\r\n\tfont-weight:400;\r\n\tfont-style:normal;\r\n\ttext-decoration:none;\r\n\tfont-family:Calibri, sans-serif;\r\n\tmso-font-charset:0;\r\n\tmso-number-format:General;\r\n\ttext-align:center;\r\n\tvertical-align:middle;\r\n\tmso-background-source:auto;\r\n\tmso-pattern:auto;\r\n\twhite-space:normal;}\r\n.xl6715859\r\n\t{padding-top:1px;\r\n\tpadding-right:1px;\r\n\tpadding-left:1px;\r\n\tmso-ignore:padding;\r\n\tcolor:black;\r\n\tfont-size:10.0pt;\r\n\tfont-weight:400;\r\n\tfont-style:normal;\r\n\ttext-decoration:none;\r\n\tfont-family:Arial, sans-serif;\r\n\tmso-font-charset:0;\r\n\tmso-number-format:General;\r\n\ttext-align:center;\r\n\tvertical-align:middle;\r\n\tborder:.5pt solid windowtext;\r\n\tbackground:#E1E1E1;\r\n\tmso-pattern:black none;\r\n\twhite-space:nowrap;}\r\n.xl6815859\r\n\t{padding-top:1px;\r\n\tpadding-right:1px;\r\n\tpadding-left:1px;\r\n\tmso-ignore:padding;\r\n\tcolor:black;\r\n\tfont-size:11.0pt;\r\n\tfont-weight:400;\r\n\tfont-style:normal;\r\n\ttext-decoration:none;\r\n\tfont-family:Calibri, sans-serif;\r\n\tmso-font-charset:0;\r\n\tmso-number-format:General;\r\n\ttext-align:center;\r\n\tvertical-align:middle;\r\n\tborder:.5pt solid windowtext;\r\n\tbackground:white;\r\n\tmso-pattern:black none;\r\n\twhite-space:nowrap;}\r\n.xl6915859\r\n\t{padding-top:1px;\r\n\tpadding-right:1px;\r\n\tpadding-left:1px;\r\n\tmso-ignore:padding;\r\n\tcolor:black;\r\n\tfont-size:11.0pt;\r\n\tfont-weight:400;\r\n\tfont-style:normal;\r\n\ttext-decoration:none;\r\n\tfont-family:Calibri, sans-serif;\r\n\tmso-font-charset:0;\r\n\tmso-number-format:\"Medium Date\";\r\n\ttext-align:center;\r\n\tvertical-align:middle;\r\n\tborder:.5pt solid windowtext;\r\n\tbackground:white;\r\n\tmso-pattern:black none;\r\n\twhite-space:nowrap;}\r\n-->\r\n<\/style>\r\n<\/head>\r\n\r\n<body>\r\n<!--[if !excel]>&nbsp;&nbsp;<![endif]-->\r\n<!--La siguiente informaci\u00f3n se gener\u00f3 mediante el Asistente para publicar como\r\np\u00e1gina web de Microsoft Excel.-->\r\n<!--Si se vuelve a publicar el mismo elemento desde Excel, se reemplazar\u00e1 toda\r\nla informaci\u00f3n comprendida entre las etiquetas DIV.-->\r\n<!----------------------------->\r\n<!--INICIO DE LOS RESULTADOS DEL ASISTENTE PARA PUBLICAR COMO P\u00c1GINA WEB DE\r\nEXCEL -->\r\n<!----------------------------->\r\n\r\n<div id=\"a69_f24 T2_15859\" align=center x:publishsource=\"Excel\">\r\n\r\n<table border=0 cellpadding=0 cellspacing=0 width=2018 style='border-collapse:\r\n collapse;table-layout:fixed;width:1514pt'>\r\n <col width=59 style='mso-width-source:userset;mso-width-alt:2157;width:44pt'>\r\n <col width=111 style='mso-width-source:userset;mso-width-alt:4059;width:83pt'>\r\n <col width=115 style='mso-width-source:userset;mso-width-alt:4205;width:86pt'>\r\n <col width=106 style='mso-width-source:userset;mso-width-alt:3876;width:80pt'>\r\n <col width=56 style='mso-width-source:userset;mso-width-alt:2048;width:42pt'>\r\n <col width=106 style='mso-width-source:userset;mso-width-alt:3876;width:80pt'>\r\n <col width=128 style='mso-width-source:userset;mso-width-alt:4681;width:96pt'>\r\n <col width=248 style='mso-width-source:userset;mso-width-alt:9069;width:186pt'>\r\n <col width=294 style='mso-width-source:userset;mso-width-alt:10752;width:221pt'>\r\n <col width=259 style='mso-width-source:userset;mso-width-alt:9472;width:194pt'>\r\n <col width=56 style='mso-width-source:userset;mso-width-alt:2048;width:42pt'>\r\n <col width=140 style='mso-width-source:userset;mso-width-alt:5120;width:105pt'>\r\n <col width=340 style='mso-width-source:userset;mso-width-alt:12434;width:255pt'>\r\n <tr height=0 style='display:none'>\r\n  <td class=xl6315859 width=59 style='width:44pt'>35927<\/td>\r\n  <td class=xl6315859 width=111 style='width:83pt'><\/td>\r\n  <td class=xl6315859 width=115 style='width:86pt'><\/td>\r\n  <td class=xl6315859 width=106 style='width:80pt'><\/td>\r\n  <td class=xl6315859 width=56 style='width:42pt'><\/td>\r\n  <td class=xl6315859 width=106 style='width:80pt'><\/td>\r\n  <td class=xl6315859 width=128 style='width:96pt'><\/td>\r\n  <td class=xl6315859 width=248 style='width:186pt'><\/td>\r\n  <td class=xl6315859 width=294 style='width:221pt'><\/td>\r\n  <td class=xl6315859 width=259 style='width:194pt'><\/td>\r\n  <td class=xl6315859 width=56 style='width:42pt'><\/td>\r\n  <td class=xl6315859 width=140 style='width:105pt'><\/td>\r\n  <td class=xl6315859 width=340 style='width:255pt'><\/td>\r\n <\/tr>\r\n <tr height=20 style='height:15.0pt'>\r\n  <td colspan=3 height=20 class=xl6415859 style='height:15.0pt'>T\u00cdTULO<\/td>\r\n  <td colspan=3 class=xl6415859>NOMBRE CORTO<\/td>\r\n  <td colspan=3 class=xl6415859>DESCRIPCI\u00d3N<\/td>\r\n  <td class=xl6315859><\/td>\r\n  <td class=xl6315859><\/td>\r\n  <td class=xl6315859><\/td>\r\n  <td class=xl6315859><\/td>\r\n <\/tr>\r\n <tr height=51 style='mso-height-source:userset;height:38.25pt'>\r\n  <td colspan=3 height=51 class=xl6515859 width=285 style='height:38.25pt;\r\n  width:213pt'>FRACCI\u00d3N XXIV.- Informes de resultados de las auditor\u00edas al\r\n  ejercicio presupuestal.<\/td>\r\n  <td colspan=3 class=xl6715859>a69_f24<\/td>\r\n  <td colspan=3 class=xl6515859 width=670 style='width:503pt'>Los informes de\r\n  resultados de las auditor\u00edas al ejercicio presupuestal de cada sujeto\r\n  obligado que se realicen y, en su caso, las aclaraciones que correspondan;<\/td>\r\n  <td class=xl6315859><\/td>\r\n  <td class=xl6315859><\/td>\r\n  <td class=xl6315859><\/td>\r\n  <td class=xl6315859><\/td>\r\n <\/tr>\r\n <tr height=0 style='display:none'>\r\n  <td class=xl6315859>1<\/td>\r\n  <td class=xl6315859>1<\/td>\r\n  <td class=xl6315859>1<\/td>\r\n  <td class=xl6315859>1<\/td>\r\n  <td class=xl6315859>9<\/td>\r\n  <td class=xl6315859>1<\/td>\r\n  <td class=xl6315859>1<\/td>\r\n  <td class=xl6315859>1<\/td>\r\n  <td class=xl6315859>1<\/td>\r\n  <td class=xl6315859>1<\/td>\r\n  <td class=xl6315859>12<\/td>\r\n  <td class=xl6315859>13<\/td>\r\n  <td class=xl6315859>14<\/td>\r\n <\/tr>\r\n <tr height=0 style='display:none'>\r\n  <td class=xl6315859>235702<\/td>\r\n  <td class=xl6315859>235692<\/td>\r\n  <td class=xl6315859>235693<\/td>\r\n  <td class=xl6315859>235694<\/td>\r\n  <td class=xl6315859>235716<\/td>\r\n  <td class=xl6315859>235695<\/td>\r\n  <td class=xl6315859>235696<\/td>\r\n  <td class=xl6315859>235697<\/td>\r\n  <td class=xl6315859>235698<\/td>\r\n  <td class=xl6315859>235701<\/td>\r\n  <td class=xl6315859>235717<\/td>\r\n  <td class=xl6315859>235718<\/td>\r\n  <td class=xl6315859>235719<\/td>\r\n <\/tr>\r\n <tr height=20 style='height:15.0pt'>\r\n  <td colspan=13 height=20 class=xl6415859 style='height:15.0pt'>Tabla Campos<\/td>\r\n <\/tr>\r\n <tr height=34 style='height:25.5pt'>\r\n  <td height=34 class=xl6515859 width=59 style='height:25.5pt;width:44pt'>Ejercicio<span\r\n  style='mso-spacerun:yes'>\u00a0<\/span><\/td>\r\n  <td class=xl6515859 width=111 style='border-left:none;width:83pt'>Periodo\r\n  trimestral<\/td>\r\n  <td class=xl6515859 width=115 style='border-left:none;width:86pt'>Ejercicio\r\n  auditado:<\/td>\r\n  <td class=xl6515859 width=106 style='border-left:none;width:80pt'>Periodo\r\n  auditado<\/td>\r\n  <td class=xl6515859 width=56 style='border-left:none;width:42pt'>Rubro<\/td>\r\n  <td class=xl6515859 width=106 style='border-left:none;width:80pt'>Tipo de\r\n  Auditor\u00eda<\/td>\r\n  <td class=xl6515859 width=128 style='border-left:none;width:96pt'>N\u00famero de\r\n  Auditor\u00eda<\/td>\r\n  <td class=xl6515859 width=248 style='border-left:none;width:186pt'>\u00d3rgano que\r\n  realiz\u00f3 la revisi\u00f3n o auditor\u00eda<\/td>\r\n  <td class=xl6515859 width=294 style='border-left:none;width:221pt'>N\u00famero del\r\n  oficio de inicio de trabajo de revisi\u00f3n<\/td>\r\n  <td class=xl6515859 width=259 style='border-left:none;width:194pt'>\u00c1rea\r\n  responsable de la informaci\u00f3n<\/td>\r\n  <td class=xl6515859 width=56 style='border-left:none;width:42pt'>A\u00f1o<\/td>\r\n  <td class=xl6515859 width=140 style='border-left:none;width:105pt'>Fecha de\r\n  actualizaci\u00f3n<\/td>\r\n  <td class=xl6515859 width=340 style='border-left:none;width:255pt'>Nota<\/td>\r\n <\/tr>\r\n <tr height=20 style='height:15.0pt'>\r\n  <td height=20 class=xl6815859 style='height:15.0pt;border-top:none'>2018<\/td>\r\n  <td class=xl6815859 style='border-top:none;border-left:none'>2do trimestre<\/td>\r\n  <td class=xl6815859 style='border-top:none;border-left:none'>&nbsp;<\/td>\r\n  <td class=xl6815859 style='border-top:none;border-left:none'>&nbsp;<\/td>\r\n  <td class=xl6815859 style='border-top:none;border-left:none'>&nbsp;<\/td>\r\n  <td class=xl6815859 style='border-top:none;border-left:none'>&nbsp;<\/td>\r\n  <td class=xl6815859 style='border-top:none;border-left:none'>&nbsp;<\/td>\r\n  <td class=xl6815859 style='border-top:none;border-left:none'>&nbsp;<\/td>\r\n  <td class=xl6815859 style='border-top:none;border-left:none'>&nbsp;<\/td>\r\n  <td class=xl6815859 style='border-top:none;border-left:none'>Tesoreria\r\n  Municipal de Apan Hidalgo<\/td>\r\n  <td class=xl6815859 style='border-top:none;border-left:none'>2018<\/td>\r\n  <td class=xl6915859 style='border-top:none;border-left:none'>31-jul-18<\/td>\r\n  <td class=xl6815859 style='border-top:none;border-left:none'>Al periodo\r\n  reportado<span style='mso-spacerun:yes'>\u00a0\u00a0 <\/span>no se tiene ejercicio\r\n  auditado.<\/td>\r\n <\/tr>\r\n <![if supportMisalignedColumns]>\r\n <tr height=0 style='display:none'>\r\n  <td width=59 style='width:44pt'><\/td>\r\n  <td width=111 style='width:83pt'><\/td>\r\n  <td width=115 style='width:86pt'><\/td>\r\n  <td width=106 style='width:80pt'><\/td>\r\n  <td width=56 style='width:42pt'><\/td>\r\n  <td width=106 style='width:80pt'><\/td>\r\n  <td width=128 style='width:96pt'><\/td>\r\n  <td width=248 style='width:186pt'><\/td>\r\n  <td width=294 style='width:221pt'><\/td>\r\n  <td width=259 style='width:194pt'><\/td>\r\n  <td width=56 style='width:42pt'><\/td>\r\n  <td width=140 style='width:105pt'><\/td>\r\n  <td width=340 style='width:255pt'><\/td>\r\n <\/tr>\r\n <![endif]>\r\n<\/table>\r\n\r\n<\/div>\r\n\r\n\r\n\t\t\t\t<\/div>\n\t\t\t\t<\/div>\n\t\t\t\t<div class=\"elementor-element elementor-element-ba8fpzv elementor-widget elementor-widget-button\" data-id=\"ba8fpzv\" data-element_type=\"widget\" data-e-type=\"widget\" data-widget_type=\"button.default\">\n\t\t\t\t<div class=\"elementor-widget-container\">\n\t\t\t\t\t\t\t\t\t<div class=\"elementor-button-wrapper\">\n\t\t\t\t\t<a class=\"elementor-button elementor-button-link elementor-size-sm\" href=\"https:\/\/www.apan.gob.mx\/descargables\/transparencia\/articulo69\/fraccion24\/2018_2\/tesoreria\/2do_trim_2018_a69_f24_T2.xlsx\">\n\t\t\t\t\t\t<span class=\"elementor-button-content-wrapper\">\n\t\t\t\t\t\t\t\t\t<span class=\"elementor-button-text\">Descargar<\/span>\n\t\t\t\t\t<\/span>\n\t\t\t\t\t<\/a>\n\t\t\t\t<\/div>\n\t\t\t\t\t\t\t\t<\/div>\n\t\t\t\t<\/div>\n\t\t\t\t<div class=\"elementor-element elementor-element-rxygdou elementor-widget elementor-widget-heading\" data-id=\"rxygdou\" data-element_type=\"widget\" data-e-type=\"widget\" data-widget_type=\"heading.default\">\n\t\t\t\t<div class=\"elementor-widget-container\">\n\t\t\t\t\t<h2 class=\"elementor-heading-title elementor-size-small\">\u00daltima fecha de modificaci\u00f3n de la informaci\u00f3n: 17-octubre-18<\/h2>\t\t\t\t<\/div>\n\t\t\t\t<\/div>\n\t\t\t\t\t<\/div>\n\t\t<\/div>\n\t\t\t\t\t<\/div>\n\t\t<\/section>\n\t\t\t\t<\/div>\n\t\t","protected":false},"excerpt":{"rendered":"<p>Fracci\u00f3n XXlV 35927 T\u00cdTULO NOMBRE CORTO DESCRIPCI\u00d3N FRACCI\u00d3N XXIV.- Informes de resultados de las auditor\u00edas al ejercicio presupuestal. a69_f24 Los informes de resultados de las auditor\u00edas al ejercicio presupuestal de cada sujeto obligado que se realicen y, en su caso, las aclaraciones que correspondan; 1 1 1 1 9 1 1 1 1 1 12 [&hellip;]<\/p>\n","protected":false},"author":1,"featured_media":0,"parent":0,"menu_order":0,"comment_status":"closed","ping_status":"closed","template":"page-template-full.php","meta":{"footnotes":""},"class_list":["post-3008","page","type-page","status-publish","hentry"],"jetpack_sharing_enabled":true,"_links":{"self":[{"href":"https:\/\/apan.gob.mx\/portal\/wp-json\/wp\/v2\/pages\/3008","targetHints":{"allow":["GET"]}}],"collection":[{"href":"https:\/\/apan.gob.mx\/portal\/wp-json\/wp\/v2\/pages"}],"about":[{"href":"https:\/\/apan.gob.mx\/portal\/wp-json\/wp\/v2\/types\/page"}],"author":[{"embeddable":true,"href":"https:\/\/apan.gob.mx\/portal\/wp-json\/wp\/v2\/users\/1"}],"replies":[{"embeddable":true,"href":"https:\/\/apan.gob.mx\/portal\/wp-json\/wp\/v2\/comments?post=3008"}],"version-history":[{"count":4,"href":"https:\/\/apan.gob.mx\/portal\/wp-json\/wp\/v2\/pages\/3008\/revisions"}],"predecessor-version":[{"id":3224,"href":"https:\/\/apan.gob.mx\/portal\/wp-json\/wp\/v2\/pages\/3008\/revisions\/3224"}],"wp:attachment":[{"href":"https:\/\/apan.gob.mx\/portal\/wp-json\/wp\/v2\/media?parent=3008"}],"curies":[{"name":"wp","href":"https:\/\/api.w.org\/{rel}","templated":true}]}}