{"id":3012,"date":"2018-08-27T21:58:45","date_gmt":"2018-08-27T21:58:45","guid":{"rendered":"https:\/\/apan.gob.mx\/portal\/?page_id=3012"},"modified":"2018-08-27T22:17:04","modified_gmt":"2018-08-27T22:17:04","slug":"tesoreria_25_2018_2","status":"publish","type":"page","link":"https:\/\/apan.gob.mx\/portal\/tesoreria_25_2018_2\/","title":{"rendered":"<!--tesoreria_25_2018_2-->"},"content":{"rendered":"\t\t<div data-elementor-type=\"wp-page\" data-elementor-id=\"3012\" class=\"elementor elementor-3012 elementor-bc-flex-widget\">\n\t\t\t\t\t\t<section class=\"has_ae_slider elementor-section elementor-top-section elementor-element elementor-element-otprxgy elementor-section-boxed elementor-section-height-default elementor-section-height-default ae-bg-gallery-type-default\" data-id=\"otprxgy\" data-element_type=\"section\" data-e-type=\"section\">\n\t\t\t\t\t\t<div class=\"elementor-container elementor-column-gap-default\">\n\t\t\t\t\t<div class=\"has_ae_slider elementor-column elementor-col-100 elementor-top-column elementor-element elementor-element-ogbmnpj ae-bg-gallery-type-default\" data-id=\"ogbmnpj\" data-element_type=\"column\" data-e-type=\"column\">\n\t\t\t<div class=\"elementor-widget-wrap elementor-element-populated\">\n\t\t\t\t\t\t<div class=\"elementor-element elementor-element-ffryfze elementor-widget elementor-widget-heading\" data-id=\"ffryfze\" data-element_type=\"widget\" data-e-type=\"widget\" data-widget_type=\"heading.default\">\n\t\t\t\t<div class=\"elementor-widget-container\">\n\t\t\t\t\t<h2 class=\"elementor-heading-title elementor-size-medium\">Fracci\u00f3n XXV<\/h2>\t\t\t\t<\/div>\n\t\t\t\t<\/div>\n\t\t\t\t<div class=\"elementor-element elementor-element-oakwnzu elementor-widget elementor-widget-html\" data-id=\"oakwnzu\" data-element_type=\"widget\" data-e-type=\"widget\" data-widget_type=\"html.default\">\n\t\t\t\t<div class=\"elementor-widget-container\">\n\t\t\t\t\t<style id=\"a69_f25 T2_16359_Styles\">\r\n<!--table\r\n\t{mso-displayed-decimal-separator:\"\\.\";\r\n\tmso-displayed-thousand-separator:\"\\,\";}\r\n.xl1516359\r\n\t{padding-top:1px;\r\n\tpadding-right:1px;\r\n\tpadding-left:1px;\r\n\tmso-ignore:padding;\r\n\tcolor:black;\r\n\tfont-size:11.0pt;\r\n\tfont-weight:400;\r\n\tfont-style:normal;\r\n\ttext-decoration:none;\r\n\tfont-family:Calibri, sans-serif;\r\n\tmso-font-charset:0;\r\n\tmso-number-format:General;\r\n\ttext-align:general;\r\n\tvertical-align:bottom;\r\n\tmso-background-source:auto;\r\n\tmso-pattern:auto;\r\n\twhite-space:nowrap;}\r\n.xl6316359\r\n\t{padding-top:1px;\r\n\tpadding-right:1px;\r\n\tpadding-left:1px;\r\n\tmso-ignore:padding;\r\n\tcolor:black;\r\n\tfont-size:10.0pt;\r\n\tfont-weight:400;\r\n\tfont-style:normal;\r\n\ttext-decoration:none;\r\n\tfont-family:Arial;\r\n\tmso-generic-font-family:auto;\r\n\tmso-font-charset:0;\r\n\tmso-number-format:General;\r\n\ttext-align:center;\r\n\tvertical-align:bottom;\r\n\tborder:.5pt solid windowtext;\r\n\tbackground:#E1E1E1;\r\n\tmso-pattern:black none;\r\n\twhite-space:normal;}\r\n.xl6416359\r\n\t{padding-top:1px;\r\n\tpadding-right:1px;\r\n\tpadding-left:1px;\r\n\tmso-ignore:padding;\r\n\tcolor:white;\r\n\tfont-size:11.0pt;\r\n\tfont-weight:700;\r\n\tfont-style:normal;\r\n\ttext-decoration:none;\r\n\tfont-family:Arial;\r\n\tmso-generic-font-family:auto;\r\n\tmso-font-charset:0;\r\n\tmso-number-format:General;\r\n\ttext-align:center;\r\n\tvertical-align:bottom;\r\n\tborder:.5pt solid windowtext;\r\n\tbackground:#333333;\r\n\tmso-pattern:black none;\r\n\twhite-space:nowrap;}\r\n.xl6516359\r\n\t{padding-top:1px;\r\n\tpadding-right:1px;\r\n\tpadding-left:1px;\r\n\tmso-ignore:padding;\r\n\tcolor:black;\r\n\tfont-size:10.0pt;\r\n\tfont-weight:400;\r\n\tfont-style:normal;\r\n\ttext-decoration:none;\r\n\tfont-family:Arial;\r\n\tmso-generic-font-family:auto;\r\n\tmso-font-charset:0;\r\n\tmso-number-format:General;\r\n\ttext-align:general;\r\n\tvertical-align:bottom;\r\n\tborder:.5pt solid windowtext;\r\n\tbackground:#E1E1E1;\r\n\tmso-pattern:black none;\r\n\twhite-space:nowrap;}\r\n.xl6616359\r\n\t{padding-top:1px;\r\n\tpadding-right:1px;\r\n\tpadding-left:1px;\r\n\tmso-ignore:padding;\r\n\tcolor:black;\r\n\tfont-size:11.0pt;\r\n\tfont-weight:400;\r\n\tfont-style:normal;\r\n\ttext-decoration:none;\r\n\tfont-family:Calibri, sans-serif;\r\n\tmso-font-charset:0;\r\n\tmso-number-format:General;\r\n\ttext-align:general;\r\n\tvertical-align:bottom;\r\n\tmso-background-source:auto;\r\n\tmso-pattern:auto;\r\n\twhite-space:normal;}\r\n.xl6716359\r\n\t{padding-top:1px;\r\n\tpadding-right:1px;\r\n\tpadding-left:1px;\r\n\tmso-ignore:padding;\r\n\tcolor:black;\r\n\tfont-size:11.0pt;\r\n\tfont-weight:400;\r\n\tfont-style:normal;\r\n\ttext-decoration:none;\r\n\tfont-family:Calibri, sans-serif;\r\n\tmso-font-charset:0;\r\n\tmso-number-format:General;\r\n\ttext-align:general;\r\n\tvertical-align:bottom;\r\n\tborder:.5pt solid windowtext;\r\n\tbackground:white;\r\n\tmso-pattern:black none;\r\n\twhite-space:nowrap;}\r\n.xl6816359\r\n\t{padding-top:1px;\r\n\tpadding-right:1px;\r\n\tpadding-left:1px;\r\n\tmso-ignore:padding;\r\n\tcolor:black;\r\n\tfont-size:11.0pt;\r\n\tfont-weight:400;\r\n\tfont-style:normal;\r\n\ttext-decoration:none;\r\n\tfont-family:Calibri, sans-serif;\r\n\tmso-font-charset:0;\r\n\tmso-number-format:\"Medium Date\";\r\n\ttext-align:general;\r\n\tvertical-align:bottom;\r\n\tborder:.5pt solid windowtext;\r\n\tbackground:white;\r\n\tmso-pattern:black none;\r\n\twhite-space:nowrap;}\r\n.xl6916359\r\n\t{padding-top:1px;\r\n\tpadding-right:1px;\r\n\tpadding-left:1px;\r\n\tmso-ignore:padding;\r\n\tcolor:black;\r\n\tfont-size:11.0pt;\r\n\tfont-weight:400;\r\n\tfont-style:normal;\r\n\ttext-decoration:none;\r\n\tfont-family:Calibri, sans-serif;\r\n\tmso-font-charset:0;\r\n\tmso-number-format:General;\r\n\ttext-align:general;\r\n\tvertical-align:bottom;\r\n\tborder:.5pt solid windowtext;\r\n\tbackground:white;\r\n\tmso-pattern:black none;\r\n\twhite-space:normal;}\r\n.xl7016359\r\n\t{padding-top:1px;\r\n\tpadding-right:1px;\r\n\tpadding-left:1px;\r\n\tmso-ignore:padding;\r\n\tcolor:white;\r\n\tfont-size:11.0pt;\r\n\tfont-weight:700;\r\n\tfont-style:normal;\r\n\ttext-decoration:none;\r\n\tfont-family:Arial;\r\n\tmso-generic-font-family:auto;\r\n\tmso-font-charset:0;\r\n\tmso-number-format:General;\r\n\ttext-align:center;\r\n\tvertical-align:bottom;\r\n\tborder-top:.5pt solid windowtext;\r\n\tborder-right:.5pt solid windowtext;\r\n\tborder-bottom:none;\r\n\tborder-left:.5pt solid windowtext;\r\n\tbackground:#333333;\r\n\tmso-pattern:black none;\r\n\twhite-space:nowrap;}\r\n.xl7116359\r\n\t{padding-top:1px;\r\n\tpadding-right:1px;\r\n\tpadding-left:1px;\r\n\tmso-ignore:padding;\r\n\tcolor:black;\r\n\tfont-size:11.0pt;\r\n\tfont-weight:400;\r\n\tfont-style:normal;\r\n\ttext-decoration:none;\r\n\tfont-family:Calibri, sans-serif;\r\n\tmso-font-charset:0;\r\n\tmso-number-format:General;\r\n\ttext-align:general;\r\n\tvertical-align:bottom;\r\n\tborder:.5pt solid windowtext;\r\n\tmso-background-source:auto;\r\n\tmso-pattern:auto;\r\n\twhite-space:nowrap;}\r\n-->\r\n<\/style>\r\n<\/head>\r\n\r\n<body>\r\n<!--[if !excel]>&nbsp;&nbsp;<![endif]-->\r\n<!--La siguiente informaci\u00f3n se gener\u00f3 mediante el Asistente para publicar como\r\np\u00e1gina web de Microsoft Excel.-->\r\n<!--Si se vuelve a publicar el mismo elemento desde Excel, se reemplazar\u00e1 toda\r\nla informaci\u00f3n comprendida entre las etiquetas DIV.-->\r\n<!----------------------------->\r\n<!--INICIO DE LOS RESULTADOS DEL ASISTENTE PARA PUBLICAR COMO P\u00c1GINA WEB DE\r\nEXCEL -->\r\n<!----------------------------->\r\n\r\n<div id=\"a69_f25 T2_16359\" align=center x:publishsource=\"Excel\">\r\n\r\n<table border=0 cellpadding=0 cellspacing=0 width=1939 style='border-collapse:\r\n collapse;table-layout:fixed;width:1455pt'>\r\n <col width=56 style='mso-width-source:userset;mso-width-alt:2048;width:42pt'>\r\n <col width=111 style='mso-width-source:userset;mso-width-alt:4059;width:83pt'>\r\n <col width=290 style='mso-width-source:userset;mso-width-alt:10605;width:218pt'>\r\n <col width=189 style='mso-width-source:userset;mso-width-alt:6912;width:142pt'>\r\n <col width=200 style='mso-width-source:userset;mso-width-alt:7314;width:150pt'>\r\n <col width=145 style='mso-width-source:userset;mso-width-alt:5302;width:109pt'>\r\n <col width=68 style='mso-width-source:userset;mso-width-alt:2486;width:51pt'>\r\n <col width=240 style='mso-width-source:userset;mso-width-alt:8777;width:180pt'>\r\n <col width=48 style='mso-width-source:userset;mso-width-alt:1755;width:36pt'>\r\n <col width=140 style='mso-width-source:userset;mso-width-alt:5120;width:105pt'>\r\n <col class=xl6616359 width=452 style='mso-width-source:userset;mso-width-alt:\r\n 16530;width:339pt'>\r\n <tr height=0 style='display:none'>\r\n  <td class=xl1516359 width=56 style='width:42pt'>25099<\/td>\r\n  <td class=xl1516359 width=111 style='width:83pt'><\/td>\r\n  <td class=xl1516359 width=290 style='width:218pt'><\/td>\r\n  <td class=xl1516359 width=189 style='width:142pt'><\/td>\r\n  <td class=xl1516359 width=200 style='width:150pt'><\/td>\r\n  <td class=xl1516359 width=145 style='width:109pt'><\/td>\r\n  <td class=xl1516359 width=68 style='width:51pt'><\/td>\r\n  <td class=xl1516359 width=240 style='width:180pt'><\/td>\r\n  <td class=xl1516359 width=48 style='width:36pt'><\/td>\r\n  <td class=xl1516359 width=140 style='width:105pt'><\/td>\r\n  <td class=xl6616359 width=452 style='width:339pt'><\/td>\r\n <\/tr>\r\n <tr height=20 style='height:15.0pt'>\r\n  <td colspan=3 height=20 class=xl6416359 style='height:15.0pt'>T\u00cdTULO<\/td>\r\n  <td class=xl6416359>NOMBRE CORTO<\/td>\r\n  <td colspan=3 class=xl7016359 style='border-left:none'>DESCRIPCI\u00d3N<\/td>\r\n  <td class=xl1516359><\/td>\r\n  <td class=xl1516359><\/td>\r\n  <td class=xl1516359><\/td>\r\n  <td class=xl6616359 width=452 style='width:339pt'><\/td>\r\n <\/tr>\r\n <tr height=20 style='height:15.0pt'>\r\n  <td colspan=3 height=20 class=xl6516359 style='height:15.0pt'>FRACCI\u00d3N XXV.-\r\n  Resultado de la dictaminaci\u00f3n de los estados financieros.<span\r\n  style='mso-spacerun:yes'>\u00a0<\/span><\/td>\r\n  <td class=xl6516359 style='border-top:none'>a69_f25<\/td>\r\n  <td colspan=3 class=xl6516359 style='border-left:none'>El resultado de la\r\n  dictaminaci\u00f3n de los estados financieros;<\/td>\r\n  <td class=xl1516359><\/td>\r\n  <td class=xl1516359><\/td>\r\n  <td class=xl1516359><\/td>\r\n  <td class=xl6616359 width=452 style='width:339pt'><\/td>\r\n <\/tr>\r\n <tr height=0 style='display:none'>\r\n  <td class=xl1516359>1<\/td>\r\n  <td class=xl1516359>1<\/td>\r\n  <td class=xl1516359>7<\/td>\r\n  <td class=xl1516359>4<\/td>\r\n  <td class=xl1516359>1<\/td>\r\n  <td class=xl1516359>1<\/td>\r\n  <td class=xl1516359>1<\/td>\r\n  <td class=xl1516359>1<\/td>\r\n  <td class=xl1516359>12<\/td>\r\n  <td class=xl1516359>13<\/td>\r\n  <td class=xl6616359 width=452 style='width:339pt'>14<\/td>\r\n <\/tr>\r\n <tr height=0 style='display:none'>\r\n  <td class=xl1516359>57016<\/td>\r\n  <td class=xl1516359>57023<\/td>\r\n  <td class=xl1516359>57013<\/td>\r\n  <td class=xl1516359>57027<\/td>\r\n  <td class=xl1516359>57012<\/td>\r\n  <td class=xl1516359>57021<\/td>\r\n  <td class=xl1516359>57019<\/td>\r\n  <td class=xl1516359>57020<\/td>\r\n  <td class=xl1516359>57018<\/td>\r\n  <td class=xl1516359>57026<\/td>\r\n  <td class=xl6616359 width=452 style='width:339pt'>57022<\/td>\r\n <\/tr>\r\n <tr height=20 style='height:15.0pt'>\r\n  <td colspan=11 height=20 class=xl6416359 style='height:15.0pt'>Tabla Campos<\/td>\r\n <\/tr>\r\n <tr height=35 style='height:26.25pt'>\r\n  <td height=35 class=xl6316359 width=56 style='height:26.25pt;width:42pt'>Ejercicio<\/td>\r\n  <td class=xl6316359 width=111 style='border-left:none;width:83pt'>Ejercicio\r\n  auditado<\/td>\r\n  <td class=xl6316359 width=290 style='border-left:none;width:218pt'>Hiperv\u00ednculo\r\n  a estados financieros dictaminados<\/td>\r\n  <td class=xl6316359 width=189 style='border-left:none;width:142pt'>Fecha de\r\n  emisi\u00f3n del dictamen<\/td>\r\n  <td class=xl6316359 width=200 style='border-left:none;width:150pt'>Total de\r\n  aclaraciones efectuadas<\/td>\r\n  <td class=xl6316359 width=145 style='border-left:none;width:109pt'>Total de\r\n  solventaciones<\/td>\r\n  <td class=xl6316359 width=68 style='border-left:none;width:51pt'>Nombre(s)<\/td>\r\n  <td class=xl6316359 width=240 style='border-left:none;width:180pt'>\u00c1rea\r\n  responsable de la informaci\u00f3n<\/td>\r\n  <td class=xl6316359 width=48 style='border-left:none;width:36pt'>A\u00f1o<\/td>\r\n  <td class=xl6316359 width=140 style='border-left:none;width:105pt'>Fecha de\r\n  actualizaci\u00f3n<\/td>\r\n  <td class=xl6316359 width=452 style='border-left:none;width:339pt'>Nota<\/td>\r\n <\/tr>\r\n <tr height=40 style='height:30.0pt'>\r\n  <td height=40 class=xl6716359 align=right style='height:30.0pt;border-top:\r\n  none'>2018<\/td>\r\n  <td class=xl6716359 style='border-top:none;border-left:none'>&nbsp;<\/td>\r\n  <td class=xl6716359 style='border-top:none;border-left:none'>&nbsp;<\/td>\r\n  <td class=xl6716359 style='border-top:none;border-left:none'>&nbsp;<\/td>\r\n  <td class=xl6716359 style='border-top:none;border-left:none'>&nbsp;<\/td>\r\n  <td class=xl6716359 style='border-top:none;border-left:none'>&nbsp;<\/td>\r\n  <td class=xl6716359 style='border-top:none;border-left:none'>&nbsp;<\/td>\r\n  <td class=xl6716359 style='border-top:none;border-left:none'>Tesoreria\r\n  Municipal<span style='mso-spacerun:yes'>\u00a0 <\/span>de Apan Hidalgo<\/td>\r\n  <td class=xl6716359 align=right style='border-top:none;border-left:none'>2018<\/td>\r\n  <td class=xl6816359 align=right style='border-top:none;border-left:none'>31-jul-18<\/td>\r\n  <td class=xl6916359 width=452 style='border-top:none;border-left:none;\r\n  width:339pt'>Al per\u00edodo que se informa, los estados financieros del Municipio\r\n  no han sido dictaminados por terceros.<span style='mso-spacerun:yes'>\u00a0<\/span><\/td>\r\n <\/tr>\r\n <![if supportMisalignedColumns]>\r\n <tr height=0 style='display:none'>\r\n  <td width=56 style='width:42pt'><\/td>\r\n  <td width=111 style='width:83pt'><\/td>\r\n  <td width=290 style='width:218pt'><\/td>\r\n  <td width=189 style='width:142pt'><\/td>\r\n  <td width=200 style='width:150pt'><\/td>\r\n  <td width=145 style='width:109pt'><\/td>\r\n  <td width=68 style='width:51pt'><\/td>\r\n  <td width=240 style='width:180pt'><\/td>\r\n  <td width=48 style='width:36pt'><\/td>\r\n  <td width=140 style='width:105pt'><\/td>\r\n  <td width=452 style='width:339pt'><\/td>\r\n <\/tr>\r\n <![endif]>\r\n<\/table>\r\n\r\n<\/div>\r\n\r\n\t\t\t\t<\/div>\n\t\t\t\t<\/div>\n\t\t\t\t<div class=\"elementor-element elementor-element-mqfwwsf elementor-widget elementor-widget-heading\" data-id=\"mqfwwsf\" data-element_type=\"widget\" data-e-type=\"widget\" data-widget_type=\"heading.default\">\n\t\t\t\t<div class=\"elementor-widget-container\">\n\t\t\t\t\t<h2 class=\"elementor-heading-title elementor-size-small\">Fecha en que se subi\u00f3 la informaci\u00f3n: 27-agosto-18<\/h2>\t\t\t\t<\/div>\n\t\t\t\t<\/div>\n\t\t\t\t\t<\/div>\n\t\t<\/div>\n\t\t\t\t\t<\/div>\n\t\t<\/section>\n\t\t\t\t<\/div>\n\t\t","protected":false},"excerpt":{"rendered":"<p>Fracci\u00f3n XXV 25099 T\u00cdTULO NOMBRE CORTO DESCRIPCI\u00d3N FRACCI\u00d3N XXV.- Resultado de la dictaminaci\u00f3n de los estados financieros.\u00a0 a69_f25 El resultado de la dictaminaci\u00f3n de los estados financieros; 1 1 7 4 1 1 1 1 12 13 14 57016 57023 57013 57027 57012 57021 57019 57020 57018 57026 57022 Tabla Campos Ejercicio Ejercicio auditado Hiperv\u00ednculo [&hellip;]<\/p>\n","protected":false},"author":1,"featured_media":0,"parent":0,"menu_order":0,"comment_status":"closed","ping_status":"closed","template":"page-template-full.php","meta":{"footnotes":""},"class_list":["post-3012","page","type-page","status-publish","hentry"],"jetpack_sharing_enabled":true,"_links":{"self":[{"href":"https:\/\/apan.gob.mx\/portal\/wp-json\/wp\/v2\/pages\/3012","targetHints":{"allow":["GET"]}}],"collection":[{"href":"https:\/\/apan.gob.mx\/portal\/wp-json\/wp\/v2\/pages"}],"about":[{"href":"https:\/\/apan.gob.mx\/portal\/wp-json\/wp\/v2\/types\/page"}],"author":[{"embeddable":true,"href":"https:\/\/apan.gob.mx\/portal\/wp-json\/wp\/v2\/users\/1"}],"replies":[{"embeddable":true,"href":"https:\/\/apan.gob.mx\/portal\/wp-json\/wp\/v2\/comments?post=3012"}],"version-history":[{"count":3,"href":"https:\/\/apan.gob.mx\/portal\/wp-json\/wp\/v2\/pages\/3012\/revisions"}],"predecessor-version":[{"id":3015,"href":"https:\/\/apan.gob.mx\/portal\/wp-json\/wp\/v2\/pages\/3012\/revisions\/3015"}],"wp:attachment":[{"href":"https:\/\/apan.gob.mx\/portal\/wp-json\/wp\/v2\/media?parent=3012"}],"curies":[{"name":"wp","href":"https:\/\/api.w.org\/{rel}","templated":true}]}}