{"id":30161,"date":"2025-11-19T15:53:29","date_gmt":"2025-11-19T21:53:29","guid":{"rendered":"https:\/\/apan.gob.mx\/portal\/?page_id=30161"},"modified":"2025-11-25T16:22:12","modified_gmt":"2025-11-25T22:22:12","slug":"30161-2","status":"publish","type":"page","link":"https:\/\/apan.gob.mx\/portal\/3-trimestre-2025\/30161-2\/","title":{"rendered":"<--tesoreria-21-2025-3-->\u00a0"},"content":{"rendered":"\t\t<div data-elementor-type=\"wp-page\" data-elementor-id=\"30161\" class=\"elementor elementor-30161\">\n\t\t\t\t\t\t<section class=\"has_ae_slider elementor-section elementor-top-section elementor-element elementor-element-e8c2862 elementor-section-boxed elementor-section-height-default elementor-section-height-default ae-bg-gallery-type-default\" data-id=\"e8c2862\" data-element_type=\"section\" data-e-type=\"section\">\n\t\t\t\t\t\t<div class=\"elementor-container elementor-column-gap-default\">\n\t\t\t\t\t<div class=\"has_ae_slider elementor-column elementor-col-100 elementor-top-column elementor-element elementor-element-c83a45a ae-bg-gallery-type-default\" data-id=\"c83a45a\" data-element_type=\"column\" data-e-type=\"column\">\n\t\t\t<div class=\"elementor-widget-wrap elementor-element-populated\">\n\t\t\t\t\t\t<div class=\"elementor-element elementor-element-65739f5 elementor-widget elementor-widget-heading\" data-id=\"65739f5\" data-element_type=\"widget\" data-e-type=\"widget\" data-widget_type=\"heading.default\">\n\t\t\t\t<div class=\"elementor-widget-container\">\n\t\t\t\t\t<h2 class=\"elementor-heading-title elementor-size-medium\"><a href=\"https:\/\/www.apan.gob.mx\/descargables\/transparencia\/articulo69\/fraccion21\/2025_1\/tesoreria\/a\/a69_f21_a%20(2).xlsx\">Fracci\u00f3n XXI a, esta fracci\u00f3n podr\u00e1 consultarla en el cuarto trimestre del presente a\u00f1o, por ser una fracci\u00f3n de publicaci\u00f3n anual<\/a><\/h2>\t\t\t\t<\/div>\n\t\t\t\t<\/div>\n\t\t\t\t\t<\/div>\n\t\t<\/div>\n\t\t\t\t\t<\/div>\n\t\t<\/section>\n\t\t\t\t<section class=\"has_ae_slider elementor-section elementor-top-section elementor-element elementor-element-9476830 elementor-section-boxed elementor-section-height-default elementor-section-height-default ae-bg-gallery-type-default\" data-id=\"9476830\" data-element_type=\"section\" data-e-type=\"section\">\n\t\t\t\t\t\t<div class=\"elementor-container elementor-column-gap-default\">\n\t\t\t\t\t<div class=\"has_ae_slider elementor-column elementor-col-100 elementor-top-column elementor-element elementor-element-0f34559 ae-bg-gallery-type-default\" data-id=\"0f34559\" data-element_type=\"column\" data-e-type=\"column\">\n\t\t\t<div class=\"elementor-widget-wrap elementor-element-populated\">\n\t\t\t\t\t\t<div class=\"elementor-element elementor-element-b8c7464 elementor-widget elementor-widget-button\" data-id=\"b8c7464\" data-element_type=\"widget\" data-e-type=\"widget\" data-widget_type=\"button.default\">\n\t\t\t\t<div class=\"elementor-widget-container\">\n\t\t\t\t\t\t\t\t\t<div class=\"elementor-button-wrapper\">\n\t\t\t\t\t<a class=\"elementor-button elementor-button-link elementor-size-sm\" href=\"https:\/\/www.apan.gob.mx\/descargables\/transparencia\/articulo69\/fraccion21\/2025_3\/tesoreria\/b\/a69_f21_b%20(3).xlsx\" target=\"_blank\">\n\t\t\t\t\t\t<span class=\"elementor-button-content-wrapper\">\n\t\t\t\t\t\t\t\t\t<span class=\"elementor-button-text\">Descargar archivo<\/span>\n\t\t\t\t\t<\/span>\n\t\t\t\t\t<\/a>\n\t\t\t\t<\/div>\n\t\t\t\t\t\t\t\t<\/div>\n\t\t\t\t<\/div>\n\t\t\t\t<div class=\"elementor-element elementor-element-5c13a5d elementor-widget elementor-widget-heading\" data-id=\"5c13a5d\" data-element_type=\"widget\" data-e-type=\"widget\" data-widget_type=\"heading.default\">\n\t\t\t\t<div class=\"elementor-widget-container\">\n\t\t\t\t\t<h2 class=\"elementor-heading-title elementor-size-medium\"><a href=\"http:\/\/http\">Fracci\u00f3n XXI b<\/a><\/h2>\t\t\t\t<\/div>\n\t\t\t\t<\/div>\n\t\t\t\t<div class=\"elementor-element elementor-element-aabcae9 elementor-widget elementor-widget-html\" data-id=\"aabcae9\" data-element_type=\"widget\" data-e-type=\"widget\" data-widget_type=\"html.default\">\n\t\t\t\t<div class=\"elementor-widget-container\">\n\t\t\t\t\t<html xmlns:o=\"urn:schemas-microsoft-com:office:office\"\r\nxmlns:x=\"urn:schemas-microsoft-com:office:excel\"\r\nxmlns=\"http:\/\/www.w3.org\/TR\/REC-html40\">\r\n\r\n<head>\r\n<meta http-equiv=Content-Type content=\"text\/html; charset=windows-1252\">\r\n<meta name=ProgId content=Excel.Sheet>\r\n<meta name=Generator content=\"Microsoft Excel 15\">\r\n<link rel=File-List href=\"a69_f21_b%20(3)_archivos\/filelist.xml\">\r\n<style id=\"a69_f21_b (3)_9000_Styles\">\r\n<!--table\r\n\t{mso-displayed-decimal-separator:\"\\.\";\r\n\tmso-displayed-thousand-separator:\"\\,\";}\r\n.xl159000\r\n\t{padding-top:1px;\r\n\tpadding-right:1px;\r\n\tpadding-left:1px;\r\n\tmso-ignore:padding;\r\n\tcolor:black;\r\n\tfont-size:11.0pt;\r\n\tfont-weight:400;\r\n\tfont-style:normal;\r\n\ttext-decoration:none;\r\n\tfont-family:Calibri, sans-serif;\r\n\tmso-font-charset:0;\r\n\tmso-number-format:General;\r\n\ttext-align:general;\r\n\tvertical-align:bottom;\r\n\tmso-background-source:auto;\r\n\tmso-pattern:auto;\r\n\twhite-space:nowrap;}\r\n.xl649000\r\n\t{padding-top:1px;\r\n\tpadding-right:1px;\r\n\tpadding-left:1px;\r\n\tmso-ignore:padding;\r\n\tcolor:black;\r\n\tfont-size:10.0pt;\r\n\tfont-weight:400;\r\n\tfont-style:normal;\r\n\ttext-decoration:none;\r\n\tfont-family:Arial;\r\n\tmso-generic-font-family:auto;\r\n\tmso-font-charset:0;\r\n\tmso-number-format:General;\r\n\ttext-align:center;\r\n\tvertical-align:bottom;\r\n\tborder:.5pt solid windowtext;\r\n\tbackground:#E1E1E1;\r\n\tmso-pattern:black none;\r\n\twhite-space:normal;}\r\n.xl659000\r\n\t{padding-top:1px;\r\n\tpadding-right:1px;\r\n\tpadding-left:1px;\r\n\tmso-ignore:padding;\r\n\tcolor:black;\r\n\tfont-size:11.0pt;\r\n\tfont-weight:400;\r\n\tfont-style:normal;\r\n\ttext-decoration:none;\r\n\tfont-family:Calibri, sans-serif;\r\n\tmso-font-charset:0;\r\n\tmso-number-format:General;\r\n\ttext-align:general;\r\n\tvertical-align:bottom;\r\n\tborder:.5pt solid windowtext;\r\n\tmso-background-source:auto;\r\n\tmso-pattern:auto;\r\n\twhite-space:nowrap;}\r\n.xl669000\r\n\t{padding-top:1px;\r\n\tpadding-right:1px;\r\n\tpadding-left:1px;\r\n\tmso-ignore:padding;\r\n\tcolor:black;\r\n\tfont-size:11.0pt;\r\n\tfont-weight:400;\r\n\tfont-style:normal;\r\n\ttext-decoration:none;\r\n\tfont-family:Calibri, sans-serif;\r\n\tmso-font-charset:0;\r\n\tmso-number-format:\"Short Date\";\r\n\ttext-align:general;\r\n\tvertical-align:bottom;\r\n\tborder:.5pt solid windowtext;\r\n\tmso-background-source:auto;\r\n\tmso-pattern:auto;\r\n\twhite-space:nowrap;}\r\n.xl679000\r\n\t{padding-top:1px;\r\n\tpadding-right:1px;\r\n\tpadding-left:1px;\r\n\tmso-ignore:padding;\r\n\tcolor:blue;\r\n\tfont-size:11.0pt;\r\n\tfont-weight:400;\r\n\tfont-style:normal;\r\n\ttext-decoration:underline;\r\n\ttext-underline-style:single;\r\n\tfont-family:Calibri, sans-serif;\r\n\tmso-font-charset:0;\r\n\tmso-number-format:General;\r\n\ttext-align:general;\r\n\tvertical-align:bottom;\r\n\tborder:.5pt solid windowtext;\r\n\tmso-background-source:auto;\r\n\tmso-pattern:auto;\r\n\twhite-space:nowrap;}\r\n.xl689000\r\n\t{padding-top:1px;\r\n\tpadding-right:1px;\r\n\tpadding-left:1px;\r\n\tmso-ignore:padding;\r\n\tcolor:white;\r\n\tfont-size:11.0pt;\r\n\tfont-weight:700;\r\n\tfont-style:normal;\r\n\ttext-decoration:none;\r\n\tfont-family:Arial;\r\n\tmso-generic-font-family:auto;\r\n\tmso-font-charset:0;\r\n\tmso-number-format:General;\r\n\ttext-align:center;\r\n\tvertical-align:bottom;\r\n\tborder:.5pt solid windowtext;\r\n\tbackground:#333333;\r\n\tmso-pattern:black none;\r\n\twhite-space:normal;}\r\n.xl699000\r\n\t{padding-top:1px;\r\n\tpadding-right:1px;\r\n\tpadding-left:1px;\r\n\tmso-ignore:padding;\r\n\tcolor:black;\r\n\tfont-size:10.0pt;\r\n\tfont-weight:400;\r\n\tfont-style:normal;\r\n\ttext-decoration:none;\r\n\tfont-family:Arial;\r\n\tmso-generic-font-family:auto;\r\n\tmso-font-charset:0;\r\n\tmso-number-format:General;\r\n\ttext-align:general;\r\n\tvertical-align:bottom;\r\n\tborder:.5pt solid windowtext;\r\n\tbackground:#E1E1E1;\r\n\tmso-pattern:black none;\r\n\twhite-space:nowrap;}\r\n-->\r\n<\/style>\r\n<\/head>\r\n\r\n<body>\r\n<!--[if !excel]>&nbsp;&nbsp;<![endif]-->\r\n<!--La siguiente informaci n se gener  mediante el Asistente para publicar como\r\np gina web de Microsoft Excel.-->\r\n<!--Si se vuelve a publicar el mismo elemento desde Excel, se reemplazar  toda\r\nla informaci n comprendida entre las etiquetas DIV.-->\r\n<!----------------------------->\r\n<!--INICIO DE LOS RESULTADOS DEL ASISTENTE PARA PUBLICAR COMO P GINA WEB DE\r\nEXCEL -->\r\n<!----------------------------->\r\n\r\n<div id=\"a69_f21_b (3)_9000\" align=center x:publishsource=\"Excel\">\r\n\r\n<table border=0 cellpadding=0 cellspacing=0 width=2744 style='border-collapse:\r\n collapse;table-layout:fixed;width:2058pt'>\r\n <col width=56 style='mso-width-source:userset;mso-width-alt:2048;width:42pt'>\r\n <col width=255 style='mso-width-source:userset;mso-width-alt:9325;width:191pt'>\r\n <col width=270 style='mso-width-source:userset;mso-width-alt:9874;width:203pt'>\r\n <col width=491 style='mso-width-source:userset;mso-width-alt:17956;width:368pt'>\r\n <col width=900 style='mso-width-source:userset;mso-width-alt:32914;width:675pt'>\r\n <col width=512 style='mso-width-source:userset;mso-width-alt:18724;width:384pt'>\r\n <col width=140 style='mso-width-source:userset;mso-width-alt:5120;width:105pt'>\r\n <col width=56 style='mso-width-source:userset;mso-width-alt:2048;width:42pt'>\r\n <col width=64 style='width:48pt'>\r\n <tr height=0 style='display:none'>\r\n  <td class=xl159000 width=56 style='width:42pt'>46582<\/td>\r\n  <td class=xl159000 width=255 style='width:191pt'><\/td>\r\n  <td class=xl159000 width=270 style='width:203pt'><\/td>\r\n  <td class=xl159000 width=491 style='width:368pt'><\/td>\r\n  <td class=xl159000 width=900 style='width:675pt'><\/td>\r\n  <td class=xl159000 width=512 style='width:384pt'><\/td>\r\n  <td class=xl159000 width=140 style='width:105pt'><\/td>\r\n  <td class=xl159000 width=56 style='width:42pt'><\/td>\r\n  <td class=xl159000 width=64 style='width:48pt'><\/td>\r\n <\/tr>\r\n <tr height=20 style='height:15.0pt'>\r\n  <td colspan=3 height=20 class=xl689000 width=581 style='height:15.0pt;\r\n  width:436pt'>T TULO<\/td>\r\n  <td colspan=3 class=xl689000 width=1903 style='width:1427pt'>NOMBRE CORTO<\/td>\r\n  <td colspan=3 class=xl689000 width=260 style='width:195pt'>DESCRIPCI N<\/td>\r\n <\/tr>\r\n <tr height=20 style='height:15.0pt'>\r\n  <td colspan=3 height=20 class=xl699000 style='height:15.0pt'>Presupuesto\r\n  asignado_Ejercicio de los egresos presupuestarios<\/td>\r\n  <td colspan=3 class=xl699000>a69_f21_b<\/td>\r\n  <td colspan=3 class=xl699000>El ejercicio de los egresos presupuestarios\r\n  pertenece al Estado Anal tico del Ejercicio del Presupuesto de Egresos,\r\n  generado de manera peri dica y de acuerdo con la Ley General de Contabilidad\r\n  Gubernamental  ste deber  contener  nicamente los datos desglosados\r\n  correspondientes a la Clasificaci n por Objeto del Gasto (Cap tulo y\r\n  Concepto), el hiperv nculo al Estado Anal tico del Ejercicio del Presupuesto\r\n  de Egresos completo.<\/td>\r\n <\/tr>\r\n <tr height=0 style='display:none'>\r\n  <td class=xl159000>1<\/td>\r\n  <td class=xl159000>4<\/td>\r\n  <td class=xl159000>4<\/td>\r\n  <td class=xl159000>10<\/td>\r\n  <td class=xl159000>7<\/td>\r\n  <td class=xl159000>2<\/td>\r\n  <td class=xl159000>13<\/td>\r\n  <td class=xl159000>14<\/td>\r\n  <td class=xl159000><\/td>\r\n <\/tr>\r\n <tr height=0 style='display:none'>\r\n  <td class=xl159000>393851<\/td>\r\n  <td class=xl159000>393856<\/td>\r\n  <td class=xl159000>393855<\/td>\r\n  <td class=xl159000>393859<\/td>\r\n  <td class=xl159000>393854<\/td>\r\n  <td class=xl159000>393858<\/td>\r\n  <td class=xl159000>393853<\/td>\r\n  <td class=xl159000>393857<\/td>\r\n  <td class=xl159000><\/td>\r\n <\/tr>\r\n <tr height=20 style='height:15.0pt'>\r\n  <td colspan=8 height=20 class=xl689000 width=2680 style='height:15.0pt;\r\n  width:2010pt'>Tabla Campos<\/td>\r\n  <td class=xl159000><\/td>\r\n <\/tr>\r\n <tr height=35 style='height:26.25pt'>\r\n  <td height=35 class=xl649000 width=56 style='height:26.25pt;width:42pt'>Ejercicio<\/td>\r\n  <td class=xl649000 width=255 style='border-left:none;width:191pt'>Fecha de\r\n  inicio del periodo que se informa<\/td>\r\n  <td class=xl649000 width=270 style='border-left:none;width:203pt'>Fecha de\r\n  t rmino del periodo que se informa<\/td>\r\n  <td class=xl649000 width=491 style='border-left:none;width:368pt'>Clasificaci n\r\n  del estado anal tico del ejercicio del presupuesto por objeto de gasto <br>\r\n    Tabla_393859<\/td>\r\n  <td class=xl649000 width=900 style='border-left:none;width:675pt'>Hiperv nculo\r\n  al Estado anal tico del ejercicio del Presupuesto de Egresos<\/td>\r\n  <td class=xl649000 width=512 style='border-left:none;width:384pt'> rea(s)\r\n  responsable(s) que genera(n), posee(n), publica(n) y actualizan la\r\n  informaci n<\/td>\r\n  <td class=xl649000 width=140 style='border-left:none;width:105pt'>Fecha de\r\n  actualizaci n<\/td>\r\n  <td class=xl649000 width=56 style='border-left:none;width:42pt'>Nota<\/td>\r\n  <td class=xl159000><\/td>\r\n <\/tr>\r\n <tr height=20 style='height:15.0pt'>\r\n  <td height=20 class=xl659000 align=right style='height:15.0pt;border-top:\r\n  none'>2025<\/td>\r\n  <td class=xl669000 align=right style='border-top:none;border-left:none'>01\/07\/2025<\/td>\r\n  <td class=xl669000 align=right style='border-top:none;border-left:none'>30\/09\/2025<\/td>\r\n  <td class=xl659000 align=right style='border-top:none;border-left:none'>1<\/td>\r\n  <td class=xl679000 style='border-top:none;border-left:none'>https:\/\/www.apan.gob.mx\/descargables\/transparencia\/articulo69\/fraccion21\/2025_3\/tesoreria\/b\/rptEstadoAnaliticoPresupuestoEgresos.pdf<\/td>\r\n  <td class=xl659000 style='border-top:none;border-left:none'>TESORERIA\r\n  MUNICIPAL<\/td>\r\n  <td class=xl669000 align=right style='border-top:none;border-left:none'>14\/10\/2025<\/td>\r\n  <td class=xl659000 style='border-top:none;border-left:none'>&nbsp;<\/td>\r\n  <td class=xl159000><\/td>\r\n <\/tr>\r\n <tr height=20 style='height:15.0pt'>\r\n  <td height=20 class=xl659000 align=right style='height:15.0pt;border-top:\r\n  none'>2025<\/td>\r\n  <td class=xl669000 align=right style='border-top:none;border-left:none'>01\/07\/2025<\/td>\r\n  <td class=xl669000 align=right style='border-top:none;border-left:none'>30\/09\/2025<\/td>\r\n  <td class=xl659000 align=right style='border-top:none;border-left:none'>2<\/td>\r\n  <td class=xl679000 style='border-top:none;border-left:none'>https:\/\/www.apan.gob.mx\/descargables\/transparencia\/articulo69\/fraccion21\/2025_3\/tesoreria\/b\/rptEstadoAnaliticoPresupuestoEgresos.pdf<\/td>\r\n  <td class=xl659000 style='border-top:none;border-left:none'>TESORERIA\r\n  MUNICIPAL<\/td>\r\n  <td class=xl669000 align=right style='border-top:none;border-left:none'>14\/10\/2025<\/td>\r\n  <td class=xl659000 style='border-top:none;border-left:none'>&nbsp;<\/td>\r\n  <td class=xl159000><\/td>\r\n <\/tr>\r\n <tr height=20 style='height:15.0pt'>\r\n  <td height=20 class=xl659000 align=right style='height:15.0pt;border-top:\r\n  none'>2025<\/td>\r\n  <td class=xl669000 align=right style='border-top:none;border-left:none'>01\/07\/2025<\/td>\r\n  <td class=xl669000 align=right style='border-top:none;border-left:none'>30\/09\/2025<\/td>\r\n  <td class=xl659000 align=right style='border-top:none;border-left:none'>3<\/td>\r\n  <td class=xl679000 style='border-top:none;border-left:none'>https:\/\/www.apan.gob.mx\/descargables\/transparencia\/articulo69\/fraccion21\/2025_3\/tesoreria\/b\/rptEstadoAnaliticoPresupuestoEgresos.pdf<\/td>\r\n  <td class=xl659000 style='border-top:none;border-left:none'>TESORERIA\r\n  MUNICIPAL<\/td>\r\n  <td class=xl669000 align=right style='border-top:none;border-left:none'>14\/10\/2025<\/td>\r\n  <td class=xl659000 style='border-top:none;border-left:none'>&nbsp;<\/td>\r\n  <td class=xl159000><\/td>\r\n <\/tr>\r\n <tr height=20 style='height:15.0pt'>\r\n  <td height=20 class=xl659000 align=right style='height:15.0pt;border-top:\r\n  none'>2025<\/td>\r\n  <td class=xl669000 align=right style='border-top:none;border-left:none'>01\/07\/2025<\/td>\r\n  <td class=xl669000 align=right style='border-top:none;border-left:none'>30\/09\/2025<\/td>\r\n  <td class=xl659000 align=right style='border-top:none;border-left:none'>4<\/td>\r\n  <td class=xl679000 style='border-top:none;border-left:none'>https:\/\/www.apan.gob.mx\/descargables\/transparencia\/articulo69\/fraccion21\/2025_3\/tesoreria\/b\/rptEstadoAnaliticoPresupuestoEgresos.pdf<\/td>\r\n  <td class=xl659000 style='border-top:none;border-left:none'>TESORERIA\r\n  MUNICIPAL<\/td>\r\n  <td class=xl669000 align=right style='border-top:none;border-left:none'>14\/10\/2025<\/td>\r\n  <td class=xl659000 style='border-top:none;border-left:none'>&nbsp;<\/td>\r\n  <td class=xl159000><\/td>\r\n <\/tr>\r\n <tr height=20 style='height:15.0pt'>\r\n  <td height=20 class=xl659000 align=right style='height:15.0pt;border-top:\r\n  none'>2025<\/td>\r\n  <td class=xl669000 align=right style='border-top:none;border-left:none'>01\/07\/2025<\/td>\r\n  <td class=xl669000 align=right style='border-top:none;border-left:none'>30\/09\/2025<\/td>\r\n  <td class=xl659000 align=right style='border-top:none;border-left:none'>5<\/td>\r\n  <td class=xl679000 style='border-top:none;border-left:none'>https:\/\/www.apan.gob.mx\/descargables\/transparencia\/articulo69\/fraccion21\/2025_3\/tesoreria\/b\/rptEstadoAnaliticoPresupuestoEgresos.pdf<\/td>\r\n  <td class=xl659000 style='border-top:none;border-left:none'>TESORERIA\r\n  MUNICIPAL<\/td>\r\n  <td class=xl669000 align=right style='border-top:none;border-left:none'>14\/10\/2025<\/td>\r\n  <td class=xl659000 style='border-top:none;border-left:none'>&nbsp;<\/td>\r\n  <td class=xl159000><\/td>\r\n <\/tr>\r\n <tr height=20 style='height:15.0pt'>\r\n  <td height=20 class=xl659000 align=right style='height:15.0pt;border-top:\r\n  none'>2025<\/td>\r\n  <td class=xl669000 align=right style='border-top:none;border-left:none'>01\/07\/2025<\/td>\r\n  <td class=xl669000 align=right style='border-top:none;border-left:none'>30\/09\/2025<\/td>\r\n  <td class=xl659000 align=right style='border-top:none;border-left:none'>6<\/td>\r\n  <td class=xl679000 style='border-top:none;border-left:none'>https:\/\/www.apan.gob.mx\/descargables\/transparencia\/articulo69\/fraccion21\/2025_3\/tesoreria\/b\/rptEstadoAnaliticoPresupuestoEgresos.pdf<\/td>\r\n  <td class=xl659000 style='border-top:none;border-left:none'>TESORERIA\r\n  MUNICIPAL<\/td>\r\n  <td class=xl669000 align=right style='border-top:none;border-left:none'>14\/10\/2025<\/td>\r\n  <td class=xl659000 style='border-top:none;border-left:none'>&nbsp;<\/td>\r\n  <td class=xl159000><\/td>\r\n <\/tr>\r\n <![if supportMisalignedColumns]>\r\n <tr height=0 style='display:none'>\r\n  <td width=56 style='width:42pt'><\/td>\r\n  <td width=255 style='width:191pt'><\/td>\r\n  <td width=270 style='width:203pt'><\/td>\r\n  <td width=491 style='width:368pt'><\/td>\r\n  <td width=900 style='width:675pt'><\/td>\r\n  <td width=512 style='width:384pt'><\/td>\r\n  <td width=140 style='width:105pt'><\/td>\r\n  <td width=56 style='width:42pt'><\/td>\r\n  <td width=64 style='width:48pt'><\/td>\r\n <\/tr>\r\n <![endif]>\r\n<\/table>\r\n\r\n<\/div>\r\n\r\n\r\n<!----------------------------->\r\n<!--FINAL DE LOS RESULTADOS DEL ASISTENTE PARA PUBLICAR COMO P GINA WEB DE\r\nEXCEL-->\r\n<!----------------------------->\r\n<\/body>\r\n\r\n<\/html>\r\n\t\t\t\t<\/div>\n\t\t\t\t<\/div>\n\t\t\t\t\t<\/div>\n\t\t<\/div>\n\t\t\t\t\t<\/div>\n\t\t<\/section>\n\t\t\t\t<section class=\"has_ae_slider elementor-section elementor-top-section elementor-element elementor-element-0ac3560 elementor-section-boxed elementor-section-height-default elementor-section-height-default ae-bg-gallery-type-default\" data-id=\"0ac3560\" data-element_type=\"section\" data-e-type=\"section\">\n\t\t\t\t\t\t<div class=\"elementor-container elementor-column-gap-default\">\n\t\t\t\t\t<div class=\"has_ae_slider elementor-column elementor-col-100 elementor-top-column elementor-element elementor-element-073d998 ae-bg-gallery-type-default\" data-id=\"073d998\" data-element_type=\"column\" data-e-type=\"column\">\n\t\t\t<div class=\"elementor-widget-wrap elementor-element-populated\">\n\t\t\t\t\t\t<div class=\"elementor-element elementor-element-da5252f elementor-widget elementor-widget-heading\" data-id=\"da5252f\" data-element_type=\"widget\" data-e-type=\"widget\" data-widget_type=\"heading.default\">\n\t\t\t\t<div class=\"elementor-widget-container\">\n\t\t\t\t\t<h2 class=\"elementor-heading-title elementor-size-medium\"><a href=\"http:\/\/http\">Fracci\u00f3n XXI c, esta fracci\u00f3n podr\u00e1 consultarla en el cuarto trimestre del presente a\u00f1o, por ser una fracci\u00f3n de publicaci\u00f3n anual<\/a><\/h2>\t\t\t\t<\/div>\n\t\t\t\t<\/div>\n\t\t\t\t\t<\/div>\n\t\t<\/div>\n\t\t\t\t\t<\/div>\n\t\t<\/section>\n\t\t\t\t<\/div>\n\t\t","protected":false},"excerpt":{"rendered":"<p>Fracci\u00f3n XXI a, esta fracci\u00f3n podr\u00e1 consultarla en el cuarto trimestre del presente a\u00f1o, por ser una fracci\u00f3n de publicaci\u00f3n anual Descargar archivo Fracci\u00f3n XXI b 46582 T TULO NOMBRE CORTO DESCRIPCI N Presupuesto asignado_Ejercicio de los egresos presupuestarios a69_f21_b El ejercicio de los egresos presupuestarios pertenece al Estado Anal tico del Ejercicio del Presupuesto [&hellip;]<\/p>\n","protected":false},"author":1,"featured_media":0,"parent":29367,"menu_order":0,"comment_status":"closed","ping_status":"closed","template":"","meta":{"footnotes":""},"class_list":["post-30161","page","type-page","status-publish","hentry"],"jetpack_sharing_enabled":true,"_links":{"self":[{"href":"https:\/\/apan.gob.mx\/portal\/wp-json\/wp\/v2\/pages\/30161","targetHints":{"allow":["GET"]}}],"collection":[{"href":"https:\/\/apan.gob.mx\/portal\/wp-json\/wp\/v2\/pages"}],"about":[{"href":"https:\/\/apan.gob.mx\/portal\/wp-json\/wp\/v2\/types\/page"}],"author":[{"embeddable":true,"href":"https:\/\/apan.gob.mx\/portal\/wp-json\/wp\/v2\/users\/1"}],"replies":[{"embeddable":true,"href":"https:\/\/apan.gob.mx\/portal\/wp-json\/wp\/v2\/comments?post=30161"}],"version-history":[{"count":10,"href":"https:\/\/apan.gob.mx\/portal\/wp-json\/wp\/v2\/pages\/30161\/revisions"}],"predecessor-version":[{"id":31069,"href":"https:\/\/apan.gob.mx\/portal\/wp-json\/wp\/v2\/pages\/30161\/revisions\/31069"}],"up":[{"embeddable":true,"href":"https:\/\/apan.gob.mx\/portal\/wp-json\/wp\/v2\/pages\/29367"}],"wp:attachment":[{"href":"https:\/\/apan.gob.mx\/portal\/wp-json\/wp\/v2\/media?parent=30161"}],"curies":[{"name":"wp","href":"https:\/\/api.w.org\/{rel}","templated":true}]}}