{"id":3018,"date":"2018-08-27T23:10:33","date_gmt":"2018-08-27T23:10:33","guid":{"rendered":"https:\/\/apan.gob.mx\/portal\/?page_id=3018"},"modified":"2018-10-17T23:34:56","modified_gmt":"2018-10-17T23:34:56","slug":"tesoreria_26_2018_2","status":"publish","type":"page","link":"https:\/\/apan.gob.mx\/portal\/tesoreria_26_2018_2\/","title":{"rendered":"<!--tesoreria_26_2018_2-->"},"content":{"rendered":"\t\t<div data-elementor-type=\"wp-page\" data-elementor-id=\"3018\" class=\"elementor elementor-3018 elementor-bc-flex-widget\">\n\t\t\t\t\t\t<section class=\"has_ae_slider elementor-section elementor-top-section elementor-element elementor-element-kmcexar elementor-section-boxed elementor-section-height-default elementor-section-height-default ae-bg-gallery-type-default\" data-id=\"kmcexar\" data-element_type=\"section\" data-e-type=\"section\">\n\t\t\t\t\t\t<div class=\"elementor-container elementor-column-gap-default\">\n\t\t\t\t\t<div class=\"has_ae_slider elementor-column elementor-col-100 elementor-top-column elementor-element elementor-element-vwbanlt ae-bg-gallery-type-default\" data-id=\"vwbanlt\" data-element_type=\"column\" data-e-type=\"column\">\n\t\t\t<div class=\"elementor-widget-wrap elementor-element-populated\">\n\t\t\t\t\t\t<div class=\"elementor-element elementor-element-mjdkfij elementor-widget elementor-widget-heading\" data-id=\"mjdkfij\" data-element_type=\"widget\" data-e-type=\"widget\" data-widget_type=\"heading.default\">\n\t\t\t\t<div class=\"elementor-widget-container\">\n\t\t\t\t\t<h2 class=\"elementor-heading-title elementor-size-medium\">Fracci\u00f3n XXVl<\/h2>\t\t\t\t<\/div>\n\t\t\t\t<\/div>\n\t\t\t\t<div class=\"elementor-element elementor-element-tczegxy elementor-widget elementor-widget-html\" data-id=\"tczegxy\" data-element_type=\"widget\" data-e-type=\"widget\" data-widget_type=\"html.default\">\n\t\t\t\t<div class=\"elementor-widget-container\">\n\t\t\t\t\t<style id=\"a69_f26 T2_21967_Styles\">\r\n<!--table\r\n\t{mso-displayed-decimal-separator:\"\\.\";\r\n\tmso-displayed-thousand-separator:\"\\,\";}\r\n.xl1521967\r\n\t{padding-top:1px;\r\n\tpadding-right:1px;\r\n\tpadding-left:1px;\r\n\tmso-ignore:padding;\r\n\tcolor:black;\r\n\tfont-size:11.0pt;\r\n\tfont-weight:400;\r\n\tfont-style:normal;\r\n\ttext-decoration:none;\r\n\tfont-family:Calibri, sans-serif;\r\n\tmso-font-charset:0;\r\n\tmso-number-format:General;\r\n\ttext-align:general;\r\n\tvertical-align:bottom;\r\n\tmso-background-source:auto;\r\n\tmso-pattern:auto;\r\n\twhite-space:nowrap;}\r\n.xl6321967\r\n\t{padding-top:1px;\r\n\tpadding-right:1px;\r\n\tpadding-left:1px;\r\n\tmso-ignore:padding;\r\n\tcolor:black;\r\n\tfont-size:11.0pt;\r\n\tfont-weight:400;\r\n\tfont-style:normal;\r\n\ttext-decoration:none;\r\n\tfont-family:Calibri, sans-serif;\r\n\tmso-font-charset:0;\r\n\tmso-number-format:General;\r\n\ttext-align:center;\r\n\tvertical-align:middle;\r\n\tmso-background-source:auto;\r\n\tmso-pattern:auto;\r\n\twhite-space:nowrap;}\r\n.xl6421967\r\n\t{padding-top:1px;\r\n\tpadding-right:1px;\r\n\tpadding-left:1px;\r\n\tmso-ignore:padding;\r\n\tcolor:white;\r\n\tfont-size:11.0pt;\r\n\tfont-weight:700;\r\n\tfont-style:normal;\r\n\ttext-decoration:none;\r\n\tfont-family:Arial, sans-serif;\r\n\tmso-font-charset:0;\r\n\tmso-number-format:General;\r\n\ttext-align:center;\r\n\tvertical-align:middle;\r\n\tborder:.5pt solid windowtext;\r\n\tbackground:#333333;\r\n\tmso-pattern:black none;\r\n\twhite-space:normal;}\r\n.xl6521967\r\n\t{padding-top:1px;\r\n\tpadding-right:1px;\r\n\tpadding-left:1px;\r\n\tmso-ignore:padding;\r\n\tcolor:black;\r\n\tfont-size:10.0pt;\r\n\tfont-weight:400;\r\n\tfont-style:normal;\r\n\ttext-decoration:none;\r\n\tfont-family:Arial, sans-serif;\r\n\tmso-font-charset:0;\r\n\tmso-number-format:General;\r\n\ttext-align:center;\r\n\tvertical-align:middle;\r\n\tborder:.5pt solid windowtext;\r\n\tbackground:#E1E1E1;\r\n\tmso-pattern:black none;\r\n\twhite-space:normal;}\r\n.xl6621967\r\n\t{padding-top:1px;\r\n\tpadding-right:1px;\r\n\tpadding-left:1px;\r\n\tmso-ignore:padding;\r\n\tcolor:black;\r\n\tfont-size:11.0pt;\r\n\tfont-weight:400;\r\n\tfont-style:normal;\r\n\ttext-decoration:none;\r\n\tfont-family:Calibri, sans-serif;\r\n\tmso-font-charset:0;\r\n\tmso-number-format:General;\r\n\ttext-align:center;\r\n\tvertical-align:middle;\r\n\tmso-background-source:auto;\r\n\tmso-pattern:auto;\r\n\twhite-space:normal;}\r\n.xl6721967\r\n\t{padding-top:1px;\r\n\tpadding-right:1px;\r\n\tpadding-left:1px;\r\n\tmso-ignore:padding;\r\n\tcolor:black;\r\n\tfont-size:10.0pt;\r\n\tfont-weight:400;\r\n\tfont-style:normal;\r\n\ttext-decoration:none;\r\n\tfont-family:Arial, sans-serif;\r\n\tmso-font-charset:0;\r\n\tmso-number-format:General;\r\n\ttext-align:center;\r\n\tvertical-align:middle;\r\n\tborder:.5pt solid windowtext;\r\n\tbackground:#E1E1E1;\r\n\tmso-pattern:black none;\r\n\twhite-space:nowrap;}\r\n.xl6821967\r\n\t{padding-top:1px;\r\n\tpadding-right:1px;\r\n\tpadding-left:1px;\r\n\tmso-ignore:padding;\r\n\tcolor:black;\r\n\tfont-size:11.0pt;\r\n\tfont-weight:400;\r\n\tfont-style:normal;\r\n\ttext-decoration:none;\r\n\tfont-family:Calibri, sans-serif;\r\n\tmso-font-charset:0;\r\n\tmso-number-format:General;\r\n\ttext-align:center;\r\n\tvertical-align:middle;\r\n\tborder:.5pt solid windowtext;\r\n\tbackground:white;\r\n\tmso-pattern:black none;\r\n\twhite-space:nowrap;}\r\n.xl6921967\r\n\t{padding-top:1px;\r\n\tpadding-right:1px;\r\n\tpadding-left:1px;\r\n\tmso-ignore:padding;\r\n\tcolor:black;\r\n\tfont-size:11.0pt;\r\n\tfont-weight:400;\r\n\tfont-style:normal;\r\n\ttext-decoration:none;\r\n\tfont-family:Calibri, sans-serif;\r\n\tmso-font-charset:0;\r\n\tmso-number-format:\"Medium Date\";\r\n\ttext-align:center;\r\n\tvertical-align:middle;\r\n\tborder:.5pt solid windowtext;\r\n\tbackground:white;\r\n\tmso-pattern:black none;\r\n\twhite-space:nowrap;}\r\n-->\r\n<\/style>\r\n<\/head>\r\n\r\n<body>\r\n<!--[if !excel]>&nbsp;&nbsp;<![endif]-->\r\n<!--La siguiente informaci\u00f3n se gener\u00f3 mediante el Asistente para publicar como\r\np\u00e1gina web de Microsoft Excel.-->\r\n<!--Si se vuelve a publicar el mismo elemento desde Excel, se reemplazar\u00e1 toda\r\nla informaci\u00f3n comprendida entre las etiquetas DIV.-->\r\n<!----------------------------->\r\n<!--INICIO DE LOS RESULTADOS DEL ASISTENTE PARA PUBLICAR COMO P\u00c1GINA WEB DE\r\nEXCEL -->\r\n<!----------------------------->\r\n\r\n<div id=\"a69_f26 T2_21967\" align=center x:publishsource=\"Excel\">\r\n\r\n<table border=0 cellpadding=0 cellspacing=0 width=3136 style='border-collapse:\r\n collapse;table-layout:fixed;width:2352pt'>\r\n <col width=56 style='mso-width-source:userset;mso-width-alt:2048;width:42pt'>\r\n <col width=142 style='mso-width-source:userset;mso-width-alt:5193;width:107pt'>\r\n <col width=187 style='mso-width-source:userset;mso-width-alt:6838;width:140pt'>\r\n <col width=215 style='mso-width-source:userset;mso-width-alt:7862;width:161pt'>\r\n <col width=295 style='mso-width-source:userset;mso-width-alt:10788;width:221pt'>\r\n <col width=322 style='mso-width-source:userset;mso-width-alt:11776;width:242pt'>\r\n <col width=315 style='mso-width-source:userset;mso-width-alt:11520;width:236pt'>\r\n <col width=292 style='mso-width-source:userset;mso-width-alt:10678;width:219pt'>\r\n <col width=295 style='mso-width-source:userset;mso-width-alt:10788;width:221pt'>\r\n <col width=238 style='mso-width-source:userset;mso-width-alt:8704;width:179pt'>\r\n <col width=56 style='mso-width-source:userset;mso-width-alt:2048;width:42pt'>\r\n <col width=140 style='mso-width-source:userset;mso-width-alt:5120;width:105pt'>\r\n <col width=583 style='mso-width-source:userset;mso-width-alt:21321;width:437pt'>\r\n <tr height=0 style='display:none'>\r\n  <td class=xl6321967 width=56 style='width:42pt'>35928<\/td>\r\n  <td class=xl6321967 width=142 style='width:107pt'><\/td>\r\n  <td class=xl6321967 width=187 style='width:140pt'><\/td>\r\n  <td class=xl6321967 width=215 style='width:161pt'><\/td>\r\n  <td class=xl6321967 width=295 style='width:221pt'><\/td>\r\n  <td class=xl6321967 width=322 style='width:242pt'><\/td>\r\n  <td class=xl6321967 width=315 style='width:236pt'><\/td>\r\n  <td class=xl6321967 width=292 style='width:219pt'><\/td>\r\n  <td class=xl6321967 width=295 style='width:221pt'><\/td>\r\n  <td class=xl6321967 width=238 style='width:179pt'><\/td>\r\n  <td class=xl6321967 width=56 style='width:42pt'><\/td>\r\n  <td class=xl6321967 width=140 style='width:105pt'><\/td>\r\n  <td class=xl6321967 width=583 style='width:437pt'><\/td>\r\n <\/tr>\r\n <tr height=20 style='height:15.0pt'>\r\n  <td colspan=3 height=20 class=xl6421967 width=385 style='height:15.0pt;\r\n  width:289pt'>T\u00cdTULO<\/td>\r\n  <td colspan=3 class=xl6421967 width=832 style='width:624pt'>NOMBRE CORTO<\/td>\r\n  <td colspan=3 class=xl6421967 width=902 style='width:676pt'>DESCRIPCI\u00d3N<\/td>\r\n  <td class=xl6321967><\/td>\r\n  <td class=xl6321967><\/td>\r\n  <td class=xl6321967><\/td>\r\n  <td class=xl6321967><\/td>\r\n <\/tr>\r\n <tr height=59 style='mso-height-source:userset;height:44.25pt'>\r\n  <td colspan=3 height=59 class=xl6521967 width=385 style='height:44.25pt;\r\n  width:289pt'>FRACCI\u00d3N XXVI.- Personas f\u00edsicas o morales a quienes se asigna o\r\n  permite usar recursos p\u00fablicos.<\/td>\r\n  <td colspan=3 class=xl6721967>a69_f26<\/td>\r\n  <td colspan=3 class=xl6521967 width=902 style='width:676pt'>Los montos,\r\n  criterios, convocatorias y listado de personas f\u00edsicas o morales a quienes,\r\n  por cualquier motivo, se les asigne o permita usar recursos p\u00fablicos o, en\r\n  los t\u00e9rminos de las disposiciones aplicables, realicen actos de autoridad.\r\n  Asimismo, los informes que dichas personas les entreguen sobre el uso y\r\n  destino de dichos recursos;<\/td>\r\n  <td class=xl6321967><\/td>\r\n  <td class=xl6321967><\/td>\r\n  <td class=xl6321967><\/td>\r\n  <td class=xl6321967><\/td>\r\n <\/tr>\r\n <tr height=0 style='display:none'>\r\n  <td class=xl6321967>1<\/td>\r\n  <td class=xl6321967>1<\/td>\r\n  <td class=xl6321967>9<\/td>\r\n  <td class=xl6321967>4<\/td>\r\n  <td class=xl6321967>7<\/td>\r\n  <td class=xl6321967>10<\/td>\r\n  <td class=xl6321967>1<\/td>\r\n  <td class=xl6321967>2<\/td>\r\n  <td class=xl6321967>9<\/td>\r\n  <td class=xl6321967>1<\/td>\r\n  <td class=xl6321967>12<\/td>\r\n  <td class=xl6321967>13<\/td>\r\n  <td class=xl6321967>14<\/td>\r\n <\/tr>\r\n <tr height=0 style='display:none'>\r\n  <td class=xl6321967>235723<\/td>\r\n  <td class=xl6321967>235724<\/td>\r\n  <td class=xl6321967>235739<\/td>\r\n  <td class=xl6321967>235733<\/td>\r\n  <td class=xl6321967>235737<\/td>\r\n  <td class=xl6321967>235741<\/td>\r\n  <td class=xl6321967>235721<\/td>\r\n  <td class=xl6321967>235730<\/td>\r\n  <td class=xl6321967>235738<\/td>\r\n  <td class=xl6321967>235725<\/td>\r\n  <td class=xl6321967>235742<\/td>\r\n  <td class=xl6321967>235743<\/td>\r\n  <td class=xl6321967>235744<\/td>\r\n <\/tr>\r\n <tr height=20 style='height:15.0pt'>\r\n  <td colspan=13 height=20 class=xl6421967 width=3136 style='height:15.0pt;\r\n  width:2352pt'>Tabla Campos<\/td>\r\n <\/tr>\r\n <tr height=34 style='height:25.5pt'>\r\n  <td height=34 class=xl6521967 width=56 style='height:25.5pt;width:42pt'>Ejercicio<\/td>\r\n  <td class=xl6521967 width=142 style='border-left:none;width:107pt'>Periodo\r\n  que se informa<\/td>\r\n  <td class=xl6521967 width=187 style='border-left:none;width:140pt'>\u00c1mbito de\r\n  aplicaci\u00f3n o destino<\/td>\r\n  <td class=xl6521967 width=215 style='border-left:none;width:161pt'>Fecha de\r\n  firma entrega de recursos<\/td>\r\n  <td class=xl6521967 width=295 style='border-left:none;width:221pt'>Hiperv\u00ednculo\r\n  al convenio, acuerdo o convocatoria<\/td>\r\n  <td class=xl6521967 width=322 style='border-left:none;width:242pt'>Partida\r\n  presupuestal<span style='mso-spacerun:yes'>\u00a0<\/span><\/td>\r\n  <td class=xl6521967 width=315 style='border-left:none;width:236pt'>Unidad\r\n  administrativa responsable del otorgamiento<\/td>\r\n  <td class=xl6521967 width=292 style='border-left:none;width:219pt'>Fundamento\r\n  jur\u00eddico para usar recursos p\u00fablicos<\/td>\r\n  <td class=xl6521967 width=295 style='border-left:none;width:221pt'>Personer\u00eda\r\n  jur\u00eddica: Persona f\u00edsica \/Persona moral<\/td>\r\n  <td class=xl6521967 width=238 style='border-left:none;width:179pt'>\u00c1rea\r\n  responsable de la informaci\u00f3n:<span style='mso-spacerun:yes'>\u00a0<\/span><\/td>\r\n  <td class=xl6521967 width=56 style='border-left:none;width:42pt'>A\u00f1o<\/td>\r\n  <td class=xl6521967 width=140 style='border-left:none;width:105pt'>Fecha de\r\n  actualizaci\u00f3n<\/td>\r\n  <td class=xl6521967 width=583 style='border-left:none;width:437pt'>Nota<\/td>\r\n <\/tr>\r\n <tr height=20 style='height:15.0pt'>\r\n  <td height=20 class=xl6821967 style='height:15.0pt;border-top:none'>2018<\/td>\r\n  <td class=xl6821967 style='border-top:none;border-left:none'>2do trimestre<\/td>\r\n  <td class=xl6821967 style='border-top:none;border-left:none'>&nbsp;<\/td>\r\n  <td class=xl6821967 style='border-top:none;border-left:none'>&nbsp;<\/td>\r\n  <td class=xl6821967 style='border-top:none;border-left:none'>&nbsp;<\/td>\r\n  <td class=xl6821967 style='border-top:none;border-left:none'>&nbsp;<\/td>\r\n  <td class=xl6821967 style='border-top:none;border-left:none'>&nbsp;<\/td>\r\n  <td class=xl6821967 style='border-top:none;border-left:none'>&nbsp;<\/td>\r\n  <td class=xl6821967 style='border-top:none;border-left:none'>&nbsp;<\/td>\r\n  <td class=xl6821967 style='border-top:none;border-left:none'>Tesoreria\r\n  Municipal de Apan Hidalgo<\/td>\r\n  <td class=xl6821967 style='border-top:none;border-left:none'>2018<\/td>\r\n  <td class=xl6921967 style='border-top:none;border-left:none'>31-jul-18<\/td>\r\n  <td class=xl6821967 style='border-top:none;border-left:none'>En este periodo\r\n  el municipio reporta, que ningun tipo de recurso fue ejercido por terceros.<\/td>\r\n <\/tr>\r\n <![if supportMisalignedColumns]>\r\n <tr height=0 style='display:none'>\r\n  <td width=56 style='width:42pt'><\/td>\r\n  <td width=142 style='width:107pt'><\/td>\r\n  <td width=187 style='width:140pt'><\/td>\r\n  <td width=215 style='width:161pt'><\/td>\r\n  <td width=295 style='width:221pt'><\/td>\r\n  <td width=322 style='width:242pt'><\/td>\r\n  <td width=315 style='width:236pt'><\/td>\r\n  <td width=292 style='width:219pt'><\/td>\r\n  <td width=295 style='width:221pt'><\/td>\r\n  <td width=238 style='width:179pt'><\/td>\r\n  <td width=56 style='width:42pt'><\/td>\r\n  <td width=140 style='width:105pt'><\/td>\r\n  <td width=583 style='width:437pt'><\/td>\r\n <\/tr>\r\n <![endif]>\r\n<\/table>\r\n\r\n<\/div>\r\n\r\n\t\t\t\t<\/div>\n\t\t\t\t<\/div>\n\t\t\t\t<div class=\"elementor-element elementor-element-bkd27nv elementor-widget elementor-widget-button\" data-id=\"bkd27nv\" data-element_type=\"widget\" data-e-type=\"widget\" data-widget_type=\"button.default\">\n\t\t\t\t<div class=\"elementor-widget-container\">\n\t\t\t\t\t\t\t\t\t<div class=\"elementor-button-wrapper\">\n\t\t\t\t\t<a class=\"elementor-button elementor-button-link elementor-size-sm\" href=\"https:\/\/www.apan.gob.mx\/descargables\/transparencia\/articulo69\/fraccion26\/2018_2\/tesoreria\/2do_trim_2018_a69_f26_T2.xlsx\">\n\t\t\t\t\t\t<span class=\"elementor-button-content-wrapper\">\n\t\t\t\t\t\t\t\t\t<span class=\"elementor-button-text\">Descargar<\/span>\n\t\t\t\t\t<\/span>\n\t\t\t\t\t<\/a>\n\t\t\t\t<\/div>\n\t\t\t\t\t\t\t\t<\/div>\n\t\t\t\t<\/div>\n\t\t\t\t<div class=\"elementor-element elementor-element-ooutawh elementor-widget elementor-widget-heading\" data-id=\"ooutawh\" data-element_type=\"widget\" data-e-type=\"widget\" data-widget_type=\"heading.default\">\n\t\t\t\t<div class=\"elementor-widget-container\">\n\t\t\t\t\t<h2 class=\"elementor-heading-title elementor-size-small\">\u00daltima fecha de modificaci\u00f3n de la informaci\u00f3n: 17-octubre-18<\/h2>\t\t\t\t<\/div>\n\t\t\t\t<\/div>\n\t\t\t\t\t<\/div>\n\t\t<\/div>\n\t\t\t\t\t<\/div>\n\t\t<\/section>\n\t\t\t\t<\/div>\n\t\t","protected":false},"excerpt":{"rendered":"<p>Fracci\u00f3n XXVl 35928 T\u00cdTULO NOMBRE CORTO DESCRIPCI\u00d3N FRACCI\u00d3N XXVI.- Personas f\u00edsicas o morales a quienes se asigna o permite usar recursos p\u00fablicos. a69_f26 Los montos, criterios, convocatorias y listado de personas f\u00edsicas o morales a quienes, por cualquier motivo, se les asigne o permita usar recursos p\u00fablicos o, en los t\u00e9rminos de las disposiciones aplicables, [&hellip;]<\/p>\n","protected":false},"author":1,"featured_media":0,"parent":0,"menu_order":0,"comment_status":"closed","ping_status":"closed","template":"page-template-full.php","meta":{"footnotes":""},"class_list":["post-3018","page","type-page","status-publish","hentry"],"jetpack_sharing_enabled":true,"_links":{"self":[{"href":"https:\/\/apan.gob.mx\/portal\/wp-json\/wp\/v2\/pages\/3018","targetHints":{"allow":["GET"]}}],"collection":[{"href":"https:\/\/apan.gob.mx\/portal\/wp-json\/wp\/v2\/pages"}],"about":[{"href":"https:\/\/apan.gob.mx\/portal\/wp-json\/wp\/v2\/types\/page"}],"author":[{"embeddable":true,"href":"https:\/\/apan.gob.mx\/portal\/wp-json\/wp\/v2\/users\/1"}],"replies":[{"embeddable":true,"href":"https:\/\/apan.gob.mx\/portal\/wp-json\/wp\/v2\/comments?post=3018"}],"version-history":[{"count":3,"href":"https:\/\/apan.gob.mx\/portal\/wp-json\/wp\/v2\/pages\/3018\/revisions"}],"predecessor-version":[{"id":3225,"href":"https:\/\/apan.gob.mx\/portal\/wp-json\/wp\/v2\/pages\/3018\/revisions\/3225"}],"wp:attachment":[{"href":"https:\/\/apan.gob.mx\/portal\/wp-json\/wp\/v2\/media?parent=3018"}],"curies":[{"name":"wp","href":"https:\/\/api.w.org\/{rel}","templated":true}]}}