{"id":3023,"date":"2018-08-27T23:34:20","date_gmt":"2018-08-27T23:34:20","guid":{"rendered":"https:\/\/apan.gob.mx\/portal\/?page_id=3023"},"modified":"2018-10-17T23:45:54","modified_gmt":"2018-10-17T23:45:54","slug":"tesoreria_31_2018_2","status":"publish","type":"page","link":"https:\/\/apan.gob.mx\/portal\/tesoreria_31_2018_2\/","title":{"rendered":"<!--tesoreria_31_2018_2-->"},"content":{"rendered":"\t\t<div data-elementor-type=\"wp-page\" data-elementor-id=\"3023\" class=\"elementor elementor-3023 elementor-bc-flex-widget\">\n\t\t\t\t\t\t<section class=\"has_ae_slider elementor-section elementor-top-section elementor-element elementor-element-ilwnmtf elementor-section-boxed elementor-section-height-default elementor-section-height-default ae-bg-gallery-type-default\" data-id=\"ilwnmtf\" data-element_type=\"section\" data-e-type=\"section\">\n\t\t\t\t\t\t<div class=\"elementor-container elementor-column-gap-default\">\n\t\t\t\t\t<div class=\"has_ae_slider elementor-column elementor-col-100 elementor-top-column elementor-element elementor-element-nomcnob ae-bg-gallery-type-default\" data-id=\"nomcnob\" data-element_type=\"column\" data-e-type=\"column\">\n\t\t\t<div class=\"elementor-widget-wrap elementor-element-populated\">\n\t\t\t\t\t\t<div class=\"elementor-element elementor-element-khssxip elementor-widget elementor-widget-heading\" data-id=\"khssxip\" data-element_type=\"widget\" data-e-type=\"widget\" data-widget_type=\"heading.default\">\n\t\t\t\t<div class=\"elementor-widget-container\">\n\t\t\t\t\t<h2 class=\"elementor-heading-title elementor-size-medium\">Fracci\u00f3n XXXl<\/h2>\t\t\t\t<\/div>\n\t\t\t\t<\/div>\n\t\t\t\t<div class=\"elementor-element elementor-element-pjddcsn elementor-widget elementor-widget-html\" data-id=\"pjddcsn\" data-element_type=\"widget\" data-e-type=\"widget\" data-widget_type=\"html.default\">\n\t\t\t\t<div class=\"elementor-widget-container\">\n\t\t\t\t\t<style id=\"a69_f31_b_29190_Styles\">\r\n<!--table\r\n\t{mso-displayed-decimal-separator:\"\\.\";\r\n\tmso-displayed-thousand-separator:\"\\,\";}\r\n.xl1529190\r\n\t{padding-top:1px;\r\n\tpadding-right:1px;\r\n\tpadding-left:1px;\r\n\tmso-ignore:padding;\r\n\tcolor:black;\r\n\tfont-size:11.0pt;\r\n\tfont-weight:400;\r\n\tfont-style:normal;\r\n\ttext-decoration:none;\r\n\tfont-family:Calibri, sans-serif;\r\n\tmso-font-charset:0;\r\n\tmso-number-format:General;\r\n\ttext-align:general;\r\n\tvertical-align:bottom;\r\n\tmso-background-source:auto;\r\n\tmso-pattern:auto;\r\n\twhite-space:nowrap;}\r\n.xl6529190\r\n\t{padding-top:1px;\r\n\tpadding-right:1px;\r\n\tpadding-left:1px;\r\n\tmso-ignore:padding;\r\n\tcolor:black;\r\n\tfont-size:10.0pt;\r\n\tfont-weight:400;\r\n\tfont-style:normal;\r\n\ttext-decoration:none;\r\n\tfont-family:Arial, sans-serif;\r\n\tmso-font-charset:0;\r\n\tmso-number-format:General;\r\n\ttext-align:center;\r\n\tvertical-align:bottom;\r\n\tborder:.5pt solid windowtext;\r\n\tbackground:#E1E1E1;\r\n\tmso-pattern:black none;\r\n\twhite-space:normal;}\r\n.xl6629190\r\n\t{padding-top:1px;\r\n\tpadding-right:1px;\r\n\tpadding-left:1px;\r\n\tmso-ignore:padding;\r\n\tcolor:white;\r\n\tfont-size:11.0pt;\r\n\tfont-weight:700;\r\n\tfont-style:normal;\r\n\ttext-decoration:none;\r\n\tfont-family:Arial, sans-serif;\r\n\tmso-font-charset:0;\r\n\tmso-number-format:General;\r\n\ttext-align:center;\r\n\tvertical-align:bottom;\r\n\tborder:.5pt solid windowtext;\r\n\tbackground:#333333;\r\n\tmso-pattern:black none;\r\n\twhite-space:nowrap;}\r\n.xl6729190\r\n\t{padding-top:1px;\r\n\tpadding-right:1px;\r\n\tpadding-left:1px;\r\n\tmso-ignore:padding;\r\n\tcolor:black;\r\n\tfont-size:10.0pt;\r\n\tfont-weight:400;\r\n\tfont-style:normal;\r\n\ttext-decoration:none;\r\n\tfont-family:Arial, sans-serif;\r\n\tmso-font-charset:0;\r\n\tmso-number-format:General;\r\n\ttext-align:general;\r\n\tvertical-align:bottom;\r\n\tborder:.5pt solid windowtext;\r\n\tbackground:#E1E1E1;\r\n\tmso-pattern:black none;\r\n\twhite-space:nowrap;}\r\n.xl6829190\r\n\t{padding-top:1px;\r\n\tpadding-right:1px;\r\n\tpadding-left:1px;\r\n\tmso-ignore:padding;\r\n\tcolor:black;\r\n\tfont-size:10.0pt;\r\n\tfont-weight:400;\r\n\tfont-style:normal;\r\n\ttext-decoration:none;\r\n\tfont-family:Arial, sans-serif;\r\n\tmso-font-charset:0;\r\n\tmso-number-format:General;\r\n\ttext-align:general;\r\n\tvertical-align:bottom;\r\n\tborder:.5pt solid windowtext;\r\n\tbackground:#E1E1E1;\r\n\tmso-pattern:black none;\r\n\twhite-space:normal;}\r\n.xl6929190\r\n\t{padding-top:1px;\r\n\tpadding-right:1px;\r\n\tpadding-left:1px;\r\n\tmso-ignore:padding;\r\n\tcolor:white;\r\n\tfont-size:11.0pt;\r\n\tfont-weight:700;\r\n\tfont-style:normal;\r\n\ttext-decoration:none;\r\n\tfont-family:Arial, sans-serif;\r\n\tmso-font-charset:0;\r\n\tmso-number-format:General;\r\n\ttext-align:center;\r\n\tvertical-align:bottom;\r\n\tborder-top:.5pt solid windowtext;\r\n\tborder-right:.5pt solid windowtext;\r\n\tborder-bottom:none;\r\n\tborder-left:.5pt solid windowtext;\r\n\tbackground:#333333;\r\n\tmso-pattern:black none;\r\n\twhite-space:nowrap;}\r\n.xl7029190\r\n\t{padding-top:1px;\r\n\tpadding-right:1px;\r\n\tpadding-left:1px;\r\n\tmso-ignore:padding;\r\n\tcolor:black;\r\n\tfont-size:11.0pt;\r\n\tfont-weight:400;\r\n\tfont-style:normal;\r\n\ttext-decoration:none;\r\n\tfont-family:Calibri, sans-serif;\r\n\tmso-font-charset:0;\r\n\tmso-number-format:General;\r\n\ttext-align:general;\r\n\tvertical-align:bottom;\r\n\tborder:.5pt solid windowtext;\r\n\tmso-background-source:auto;\r\n\tmso-pattern:auto;\r\n\twhite-space:normal;}\r\n.xl7129190\r\n\t{padding-top:1px;\r\n\tpadding-right:1px;\r\n\tpadding-left:1px;\r\n\tmso-ignore:padding;\r\n\tcolor:black;\r\n\tfont-size:11.0pt;\r\n\tfont-weight:400;\r\n\tfont-style:normal;\r\n\ttext-decoration:none;\r\n\tfont-family:Calibri, sans-serif;\r\n\tmso-font-charset:0;\r\n\tmso-number-format:General;\r\n\ttext-align:general;\r\n\tvertical-align:bottom;\r\n\tborder:.5pt solid windowtext;\r\n\tbackground:white;\r\n\tmso-pattern:black none;\r\n\twhite-space:nowrap;}\r\n.xl7229190\r\n\t{padding-top:1px;\r\n\tpadding-right:1px;\r\n\tpadding-left:1px;\r\n\tmso-ignore:padding;\r\n\tcolor:black;\r\n\tfont-size:11.0pt;\r\n\tfont-weight:400;\r\n\tfont-style:normal;\r\n\ttext-decoration:none;\r\n\tfont-family:Calibri, sans-serif;\r\n\tmso-font-charset:0;\r\n\tmso-number-format:\"Medium Date\";\r\n\ttext-align:general;\r\n\tvertical-align:bottom;\r\n\tborder:.5pt solid windowtext;\r\n\tbackground:white;\r\n\tmso-pattern:black none;\r\n\twhite-space:nowrap;}\r\n.xl7329190\r\n\t{padding-top:1px;\r\n\tpadding-right:1px;\r\n\tpadding-left:1px;\r\n\tmso-ignore:padding;\r\n\tcolor:blue;\r\n\tfont-size:11.0pt;\r\n\tfont-weight:400;\r\n\tfont-style:normal;\r\n\ttext-decoration:underline;\r\n\ttext-underline-style:single;\r\n\tfont-family:Calibri, sans-serif;\r\n\tmso-font-charset:0;\r\n\tmso-number-format:General;\r\n\ttext-align:general;\r\n\tvertical-align:bottom;\r\n\tborder:.5pt solid windowtext;\r\n\tbackground:white;\r\n\tmso-pattern:black none;\r\n\twhite-space:nowrap;}\r\n-->\r\n<\/style>\r\n<\/head>\r\n\r\n<body>\r\n<!--[if !excel]>&nbsp;&nbsp;<![endif]-->\r\n<!--La siguiente informaci\u00f3n se gener\u00f3 mediante el Asistente para publicar como\r\np\u00e1gina web de Microsoft Excel.-->\r\n<!--Si se vuelve a publicar el mismo elemento desde Excel, se reemplazar\u00e1 toda\r\nla informaci\u00f3n comprendida entre las etiquetas DIV.-->\r\n<!----------------------------->\r\n<!--INICIO DE LOS RESULTADOS DEL ASISTENTE PARA PUBLICAR COMO P\u00c1GINA WEB DE\r\nEXCEL -->\r\n<!----------------------------->\r\n\r\n<div id=\"a69_f31_b_29190\" align=center x:publishsource=\"Excel\">\r\n\r\n<table border=0 cellpadding=0 cellspacing=0 width=3257 style='border-collapse:\r\n collapse;table-layout:fixed;width:2443pt'>\r\n <col width=56 style='mso-width-source:userset;mso-width-alt:2048;width:42pt'>\r\n <col width=255 style='mso-width-source:userset;mso-width-alt:9325;width:191pt'>\r\n <col width=270 style='mso-width-source:userset;mso-width-alt:9874;width:203pt'>\r\n <col width=244 style='mso-width-source:userset;mso-width-alt:8923;width:183pt'>\r\n <col width=637 style='mso-width-source:userset;mso-width-alt:23296;width:478pt'>\r\n <col width=456 style='mso-width-source:userset;mso-width-alt:16676;width:342pt'>\r\n <col width=564 style='mso-width-source:userset;mso-width-alt:20626;width:423pt'>\r\n <col width=512 style='mso-width-source:userset;mso-width-alt:18724;width:384pt'>\r\n <col width=123 style='mso-width-source:userset;mso-width-alt:4498;width:92pt'>\r\n <col width=140 style='mso-width-source:userset;mso-width-alt:5120;width:105pt'>\r\n <tr height=0 style='display:none'>\r\n  <td class=xl1529190 width=56 style='width:42pt'>46637<\/td>\r\n  <td class=xl1529190 width=255 style='width:191pt'><\/td>\r\n  <td class=xl1529190 width=270 style='width:203pt'><\/td>\r\n  <td class=xl1529190 width=244 style='width:183pt'><\/td>\r\n  <td class=xl1529190 width=637 style='width:478pt'><\/td>\r\n  <td class=xl1529190 width=456 style='width:342pt'><\/td>\r\n  <td class=xl1529190 width=564 style='width:423pt'><\/td>\r\n  <td class=xl1529190 width=512 style='width:384pt'><\/td>\r\n  <td class=xl1529190 width=123 style='width:92pt'><\/td>\r\n  <td class=xl1529190 width=140 style='width:105pt'><\/td>\r\n <\/tr>\r\n <tr height=20 style='height:15.0pt'>\r\n  <td colspan=3 height=20 class=xl6629190 style='height:15.0pt'>T\u00cdTULO<\/td>\r\n  <td colspan=3 class=xl6629190>NOMBRE CORTO<\/td>\r\n  <td colspan=3 class=xl6929190>DESCRIPCI\u00d3N<\/td>\r\n  <td class=xl1529190><\/td>\r\n <\/tr>\r\n <tr height=45 style='mso-height-source:userset;height:33.75pt'>\r\n  <td colspan=3 height=45 class=xl6729190 style='height:33.75pt'>Informe\r\n  financiero_Informes financieros contables, presupuestales y program\u00e1ticos<\/td>\r\n  <td colspan=3 class=xl6729190>a69_f31_b<\/td>\r\n  <td colspan=3 class=xl6829190 width=1199 style='width:899pt'>Los sujetos\r\n  obligados deben publicar y actualizar los documentos financieros contables,\r\n  presupuestales y program\u00e1ticos, que le sean aplicables en cumplimiento de la\r\n  Ley General de Contabilidad Gubernamental y dem\u00e1s normatividad aplicable.<\/td>\r\n  <td class=xl1529190><\/td>\r\n <\/tr>\r\n <tr height=0 style='display:none'>\r\n  <td class=xl1529190>1<\/td>\r\n  <td class=xl1529190>4<\/td>\r\n  <td class=xl1529190>4<\/td>\r\n  <td class=xl1529190>9<\/td>\r\n  <td class=xl1529190>1<\/td>\r\n  <td class=xl1529190>7<\/td>\r\n  <td class=xl1529190>7<\/td>\r\n  <td class=xl1529190>2<\/td>\r\n  <td class=xl1529190>4<\/td>\r\n  <td class=xl1529190>13<\/td>\r\n <\/tr>\r\n <tr height=0 style='display:none'>\r\n  <td class=xl1529190>394833<\/td>\r\n  <td class=xl1529190>394832<\/td>\r\n  <td class=xl1529190>394824<\/td>\r\n  <td class=xl1529190>394834<\/td>\r\n  <td class=xl1529190>394828<\/td>\r\n  <td class=xl1529190>394831<\/td>\r\n  <td class=xl1529190>394829<\/td>\r\n  <td class=xl1529190>394827<\/td>\r\n  <td class=xl1529190>394830<\/td>\r\n  <td class=xl1529190>394826<\/td>\r\n <\/tr>\r\n <tr height=20 style='height:15.0pt'>\r\n  <td colspan=10 height=20 class=xl6629190 style='height:15.0pt'>Tabla Campos<\/td>\r\n <\/tr>\r\n <tr height=35 style='height:26.25pt'>\r\n  <td height=35 class=xl6529190 width=56 style='height:26.25pt;width:42pt'>Ejercicio<\/td>\r\n  <td class=xl6529190 width=255 style='border-left:none;width:191pt'>Fecha de\r\n  inicio del periodo que se informa<\/td>\r\n  <td class=xl6529190 width=270 style='border-left:none;width:203pt'>Fecha de\r\n  t\u00e9rmino del periodo que se informa<\/td>\r\n  <td class=xl6529190 width=244 style='border-left:none;width:183pt'>Tipo de\r\n  documento financiero (cat\u00e1logo)<\/td>\r\n  <td class=xl6529190 width=637 style='border-left:none;width:478pt'>Denominaci\u00f3n\r\n  del documento financiero contable, presupuestal y program\u00e1tico<\/td>\r\n  <td class=xl6529190 width=456 style='border-left:none;width:342pt'>Hiperv\u00ednculo\r\n  al documento financiero contable, presupuestal y program\u00e1tico<\/td>\r\n  <td class=xl6529190 width=564 style='border-left:none;width:423pt'>Hiperv\u00ednculo\r\n  al sitio de Internet (avance program\u00e1tico): SHCP\/Secretar\u00edas de\r\n  finanzas\/an\u00e1logas<\/td>\r\n  <td class=xl6529190 width=512 style='border-left:none;width:384pt'>\u00c1rea(s)\r\n  responsable(s) que genera(n), posee(n), publica(n) y actualizan la\r\n  informaci\u00f3n<\/td>\r\n  <td class=xl6529190 width=123 style='border-left:none;width:92pt'>Fecha de\r\n  validaci\u00f3n<\/td>\r\n  <td class=xl6529190 width=140 style='border-left:none;width:105pt'>Fecha de\r\n  actualizaci\u00f3n<\/td>\r\n <\/tr>\r\n <tr height=20 style='height:15.0pt'>\r\n  <td height=20 class=xl7129190 align=right style='height:15.0pt;border-top:\r\n  none'>2018<\/td>\r\n  <td class=xl7229190 align=right style='border-top:none;border-left:none'>01-ene-18<\/td>\r\n  <td class=xl7229190 align=right style='border-top:none;border-left:none'>30-jun-18<\/td>\r\n  <td class=xl7129190 style='border-top:none;border-left:none'>Contable<\/td>\r\n  <td class=xl7129190 style='border-top:none;border-left:none'>Estado de\r\n  situacion financiera<\/td>\r\n  <td class=xl7329190 style='border-top:none;border-left:none'><a\r\n  href=\"https:\/\/apan.gob.mx\/portal\/armonizacion_presidencia_18\/\">https:\/\/apan.gob.mx\/portal\/armonizacion_presidencia_18\/<\/a><\/td>\r\n  <td class=xl7329190 style='border-top:none;border-left:none'><a\r\n  href=\"https:\/\/apan.gob.mx\/portal\/armonizacion_presidencia_18\/\">https:\/\/apan.gob.mx\/portal\/armonizacion_presidencia_18\/<\/a><\/td>\r\n  <td class=xl7129190 style='border-top:none;border-left:none'>Tesoreria\r\n  Municipal de Apan Hidalgo<\/td>\r\n  <td class=xl7229190 align=right style='border-top:none;border-left:none'>01-abr-18<\/td>\r\n  <td class=xl7229190 align=right style='border-top:none;border-left:none'>30-jun-18<\/td>\r\n <\/tr>\r\n <tr height=20 style='height:15.0pt'>\r\n  <td height=20 class=xl7129190 align=right style='height:15.0pt;border-top:\r\n  none'>2018<\/td>\r\n  <td class=xl7229190 align=right style='border-top:none;border-left:none'>01-ene-18<\/td>\r\n  <td class=xl7229190 align=right style='border-top:none;border-left:none'>30-jun-18<\/td>\r\n  <td class=xl7129190 style='border-top:none;border-left:none'>Contable<\/td>\r\n  <td class=xl7129190 style='border-top:none;border-left:none'>Estado de\r\n  cambios en la situacion financiera<\/td>\r\n  <td class=xl7329190 style='border-top:none;border-left:none'><a\r\n  href=\"https:\/\/apan.gob.mx\/portal\/armonizacion_presidencia_18\/\">https:\/\/apan.gob.mx\/portal\/armonizacion_presidencia_18\/<\/a><\/td>\r\n  <td class=xl7329190 style='border-top:none;border-left:none'><a\r\n  href=\"https:\/\/apan.gob.mx\/portal\/armonizacion_presidencia_18\/\">https:\/\/apan.gob.mx\/portal\/armonizacion_presidencia_18\/<\/a><\/td>\r\n  <td class=xl7129190 style='border-top:none;border-left:none'>Tesoreria\r\n  Municipal de Apan Hidalgo<\/td>\r\n  <td class=xl7229190 align=right style='border-top:none;border-left:none'>01-abr-18<\/td>\r\n  <td class=xl7229190 align=right style='border-top:none;border-left:none'>30-jun-18<\/td>\r\n <\/tr>\r\n <tr height=20 style='height:15.0pt'>\r\n  <td height=20 class=xl7129190 align=right style='height:15.0pt;border-top:\r\n  none'>2018<\/td>\r\n  <td class=xl7229190 align=right style='border-top:none;border-left:none'>01-ene-18<\/td>\r\n  <td class=xl7229190 align=right style='border-top:none;border-left:none'>30-jun-18<\/td>\r\n  <td class=xl7129190 style='border-top:none;border-left:none'>Presupuestal<\/td>\r\n  <td class=xl7129190 style='border-top:none;border-left:none'>Estado Anal\u00edtico\r\n  del Ejercicio del Presupuesto de Egresos clasificaci\u00f3n Funcional(finalidad y\r\n  funci\u00f3n)<\/td>\r\n  <td class=xl7329190 style='border-top:none;border-left:none'><a\r\n  href=\"https:\/\/apan.gob.mx\/portal\/armonizacion_presidencia_18\/\">https:\/\/apan.gob.mx\/portal\/armonizacion_presidencia_18\/<\/a><\/td>\r\n  <td class=xl7329190 style='border-top:none;border-left:none'><a\r\n  href=\"https:\/\/apan.gob.mx\/portal\/armonizacion_presidencia_18\/\">https:\/\/apan.gob.mx\/portal\/armonizacion_presidencia_18\/<\/a><\/td>\r\n  <td class=xl7129190 style='border-top:none;border-left:none'>Tesoreria\r\n  Municipal de Apan Hidalgo<\/td>\r\n  <td class=xl7229190 align=right style='border-top:none;border-left:none'>01-abr-18<\/td>\r\n  <td class=xl7229190 align=right style='border-top:none;border-left:none'>30-jun-18<\/td>\r\n <\/tr>\r\n <tr height=20 style='height:15.0pt'>\r\n  <td height=20 class=xl7129190 align=right style='height:15.0pt;border-top:\r\n  none'>2018<\/td>\r\n  <td class=xl7229190 align=right style='border-top:none;border-left:none'>01-ene-18<\/td>\r\n  <td class=xl7229190 align=right style='border-top:none;border-left:none'>30-jun-18<\/td>\r\n  <td class=xl7129190 style='border-top:none;border-left:none'>Program\u00e1tico<\/td>\r\n  <td class=xl7129190 style='border-top:none;border-left:none'>Estado Anal\u00edtico\r\n  de la Deuda y Otros Pasivos<\/td>\r\n  <td class=xl7329190 style='border-top:none;border-left:none'><a\r\n  href=\"https:\/\/apan.gob.mx\/portal\/armonizacion_presidencia_18\/\">https:\/\/apan.gob.mx\/portal\/armonizacion_presidencia_18\/<\/a><\/td>\r\n  <td class=xl7329190 style='border-top:none;border-left:none'><a\r\n  href=\"https:\/\/apan.gob.mx\/portal\/armonizacion_presidencia_18\/\">https:\/\/apan.gob.mx\/portal\/armonizacion_presidencia_18\/<\/a><\/td>\r\n  <td class=xl7129190 style='border-top:none;border-left:none'>Tesoreria\r\n  Municipal de Apan Hidalgo<\/td>\r\n  <td class=xl7229190 align=right style='border-top:none;border-left:none'>01-abr-18<\/td>\r\n  <td class=xl7229190 align=right style='border-top:none;border-left:none'>30-jun-18<\/td>\r\n <\/tr>\r\n <tr height=20 style='height:15.0pt'>\r\n  <td height=20 class=xl7129190 align=right style='height:15.0pt;border-top:\r\n  none'>2018<\/td>\r\n  <td class=xl7229190 align=right style='border-top:none;border-left:none'>01-ene-18<\/td>\r\n  <td class=xl7229190 align=right style='border-top:none;border-left:none'>30-jun-18<\/td>\r\n  <td class=xl7129190 style='border-top:none;border-left:none'>Program\u00e1tico<\/td>\r\n  <td class=xl7129190 style='border-top:none;border-left:none'>Balance\r\n  Presupuestario -LDF<\/td>\r\n  <td class=xl7329190 style='border-top:none;border-left:none'><a\r\n  href=\"https:\/\/apan.gob.mx\/portal\/armonizacion_presidencia_18\/\">https:\/\/apan.gob.mx\/portal\/armonizacion_presidencia_18\/<\/a><\/td>\r\n  <td class=xl7329190 style='border-top:none;border-left:none'><a\r\n  href=\"https:\/\/apan.gob.mx\/portal\/armonizacion_presidencia_18\/\">https:\/\/apan.gob.mx\/portal\/armonizacion_presidencia_18\/<\/a><\/td>\r\n  <td class=xl7129190 style='border-top:none;border-left:none'>Tesoreria\r\n  Municipal de Apan Hidalgo<\/td>\r\n  <td class=xl7229190 align=right style='border-top:none;border-left:none'>01-abr-18<\/td>\r\n  <td class=xl7229190 align=right style='border-top:none;border-left:none'>30-jun-18<\/td>\r\n <\/tr>\r\n <![if supportMisalignedColumns]>\r\n <tr height=0 style='display:none'>\r\n  <td width=56 style='width:42pt'><\/td>\r\n  <td width=255 style='width:191pt'><\/td>\r\n  <td width=270 style='width:203pt'><\/td>\r\n  <td width=244 style='width:183pt'><\/td>\r\n  <td width=637 style='width:478pt'><\/td>\r\n  <td width=456 style='width:342pt'><\/td>\r\n  <td width=564 style='width:423pt'><\/td>\r\n  <td width=512 style='width:384pt'><\/td>\r\n  <td width=123 style='width:92pt'><\/td>\r\n  <td width=140 style='width:105pt'><\/td>\r\n <\/tr>\r\n <![endif]>\r\n<\/table>\r\n\r\n<\/div>\r\n\r\n\r\n\t\t\t\t<\/div>\n\t\t\t\t<\/div>\n\t\t\t\t<div class=\"elementor-element elementor-element-5745uij elementor-widget elementor-widget-button\" data-id=\"5745uij\" data-element_type=\"widget\" data-e-type=\"widget\" data-widget_type=\"button.default\">\n\t\t\t\t<div class=\"elementor-widget-container\">\n\t\t\t\t\t\t\t\t\t<div class=\"elementor-button-wrapper\">\n\t\t\t\t\t<a class=\"elementor-button elementor-button-link elementor-size-sm\" href=\"https:\/\/www.apan.gob.mx\/descargables\/transparencia\/articulo69\/fraccion31\/2018_2\/tesoreria\/2do_trim_2018_a69_f31_b.xlsx\">\n\t\t\t\t\t\t<span class=\"elementor-button-content-wrapper\">\n\t\t\t\t\t\t\t\t\t<span class=\"elementor-button-text\">Descargar<\/span>\n\t\t\t\t\t<\/span>\n\t\t\t\t\t<\/a>\n\t\t\t\t<\/div>\n\t\t\t\t\t\t\t\t<\/div>\n\t\t\t\t<\/div>\n\t\t\t\t<div class=\"elementor-element elementor-element-qhzsswe elementor-widget elementor-widget-heading\" data-id=\"qhzsswe\" data-element_type=\"widget\" data-e-type=\"widget\" data-widget_type=\"heading.default\">\n\t\t\t\t<div class=\"elementor-widget-container\">\n\t\t\t\t\t<h2 class=\"elementor-heading-title elementor-size-small\">\u00daltima fecha de modificaci\u00f3n de la informaci\u00f3n: 17-octubre-18<\/h2>\t\t\t\t<\/div>\n\t\t\t\t<\/div>\n\t\t\t\t\t<\/div>\n\t\t<\/div>\n\t\t\t\t\t<\/div>\n\t\t<\/section>\n\t\t\t\t<\/div>\n\t\t","protected":false},"excerpt":{"rendered":"<p>Fracci\u00f3n XXXl 46637 T\u00cdTULO NOMBRE CORTO DESCRIPCI\u00d3N Informe financiero_Informes financieros contables, presupuestales y program\u00e1ticos a69_f31_b Los sujetos obligados deben publicar y actualizar los documentos financieros contables, presupuestales y program\u00e1ticos, que le sean aplicables en cumplimiento de la Ley General de Contabilidad Gubernamental y dem\u00e1s normatividad aplicable. 1 4 4 9 1 7 7 2 4 [&hellip;]<\/p>\n","protected":false},"author":1,"featured_media":0,"parent":0,"menu_order":0,"comment_status":"closed","ping_status":"closed","template":"page-template-full.php","meta":{"footnotes":""},"class_list":["post-3023","page","type-page","status-publish","hentry"],"jetpack_sharing_enabled":true,"_links":{"self":[{"href":"https:\/\/apan.gob.mx\/portal\/wp-json\/wp\/v2\/pages\/3023","targetHints":{"allow":["GET"]}}],"collection":[{"href":"https:\/\/apan.gob.mx\/portal\/wp-json\/wp\/v2\/pages"}],"about":[{"href":"https:\/\/apan.gob.mx\/portal\/wp-json\/wp\/v2\/types\/page"}],"author":[{"embeddable":true,"href":"https:\/\/apan.gob.mx\/portal\/wp-json\/wp\/v2\/users\/1"}],"replies":[{"embeddable":true,"href":"https:\/\/apan.gob.mx\/portal\/wp-json\/wp\/v2\/comments?post=3023"}],"version-history":[{"count":3,"href":"https:\/\/apan.gob.mx\/portal\/wp-json\/wp\/v2\/pages\/3023\/revisions"}],"predecessor-version":[{"id":3226,"href":"https:\/\/apan.gob.mx\/portal\/wp-json\/wp\/v2\/pages\/3023\/revisions\/3226"}],"wp:attachment":[{"href":"https:\/\/apan.gob.mx\/portal\/wp-json\/wp\/v2\/media?parent=3023"}],"curies":[{"name":"wp","href":"https:\/\/api.w.org\/{rel}","templated":true}]}}