{"id":3037,"date":"2018-08-28T01:20:59","date_gmt":"2018-08-28T01:20:59","guid":{"rendered":"https:\/\/apan.gob.mx\/portal\/?page_id=3037"},"modified":"2018-08-28T01:24:13","modified_gmt":"2018-08-28T01:24:13","slug":"tesoreria_43_2018_2","status":"publish","type":"page","link":"https:\/\/apan.gob.mx\/portal\/tesoreria_43_2018_2\/","title":{"rendered":"<!--tesoreria_43_2018_2-->"},"content":{"rendered":"\t\t<div data-elementor-type=\"wp-page\" data-elementor-id=\"3037\" class=\"elementor elementor-3037 elementor-bc-flex-widget\">\n\t\t\t\t\t\t<section class=\"has_ae_slider elementor-section elementor-top-section elementor-element elementor-element-xluwbxp elementor-section-boxed elementor-section-height-default elementor-section-height-default ae-bg-gallery-type-default\" data-id=\"xluwbxp\" data-element_type=\"section\" data-e-type=\"section\">\n\t\t\t\t\t\t<div class=\"elementor-container elementor-column-gap-default\">\n\t\t\t\t\t<div class=\"has_ae_slider elementor-column elementor-col-100 elementor-top-column elementor-element elementor-element-tiqorvy ae-bg-gallery-type-default\" data-id=\"tiqorvy\" data-element_type=\"column\" data-e-type=\"column\">\n\t\t\t<div class=\"elementor-widget-wrap elementor-element-populated\">\n\t\t\t\t\t\t<div class=\"elementor-element elementor-element-owpxjjp elementor-widget elementor-widget-heading\" data-id=\"owpxjjp\" data-element_type=\"widget\" data-e-type=\"widget\" data-widget_type=\"heading.default\">\n\t\t\t\t<div class=\"elementor-widget-container\">\n\t\t\t\t\t<h2 class=\"elementor-heading-title elementor-size-medium\">Fracci\u00f3n XLIII<\/h2>\t\t\t\t<\/div>\n\t\t\t\t<\/div>\n\t\t\t\t<div class=\"elementor-element elementor-element-orhkfhm elementor-widget elementor-widget-html\" data-id=\"orhkfhm\" data-element_type=\"widget\" data-e-type=\"widget\" data-widget_type=\"html.default\">\n\t\t\t\t<div class=\"elementor-widget-container\">\n\t\t\t\t\t<style id=\"a69_f43_a T2_6655_Styles\">\r\n<!--table\r\n\t{mso-displayed-decimal-separator:\"\\.\";\r\n\tmso-displayed-thousand-separator:\"\\,\";}\r\n.xl156655\r\n\t{padding-top:1px;\r\n\tpadding-right:1px;\r\n\tpadding-left:1px;\r\n\tmso-ignore:padding;\r\n\tcolor:black;\r\n\tfont-size:11.0pt;\r\n\tfont-weight:400;\r\n\tfont-style:normal;\r\n\ttext-decoration:none;\r\n\tfont-family:Calibri, sans-serif;\r\n\tmso-font-charset:0;\r\n\tmso-number-format:General;\r\n\ttext-align:general;\r\n\tvertical-align:bottom;\r\n\tmso-background-source:auto;\r\n\tmso-pattern:auto;\r\n\twhite-space:nowrap;}\r\n.xl646655\r\n\t{padding-top:1px;\r\n\tpadding-right:1px;\r\n\tpadding-left:1px;\r\n\tmso-ignore:padding;\r\n\tcolor:black;\r\n\tfont-size:10.0pt;\r\n\tfont-weight:400;\r\n\tfont-style:normal;\r\n\ttext-decoration:none;\r\n\tfont-family:Arial, sans-serif;\r\n\tmso-font-charset:0;\r\n\tmso-number-format:General;\r\n\ttext-align:center;\r\n\tvertical-align:bottom;\r\n\tborder:.5pt solid windowtext;\r\n\tbackground:#E1E1E1;\r\n\tmso-pattern:black none;\r\n\twhite-space:normal;}\r\n.xl656655\r\n\t{padding-top:1px;\r\n\tpadding-right:1px;\r\n\tpadding-left:1px;\r\n\tmso-ignore:padding;\r\n\tcolor:white;\r\n\tfont-size:11.0pt;\r\n\tfont-weight:700;\r\n\tfont-style:normal;\r\n\ttext-decoration:none;\r\n\tfont-family:Arial, sans-serif;\r\n\tmso-font-charset:0;\r\n\tmso-number-format:General;\r\n\ttext-align:center;\r\n\tvertical-align:bottom;\r\n\tborder:.5pt solid windowtext;\r\n\tbackground:#333333;\r\n\tmso-pattern:black none;\r\n\twhite-space:nowrap;}\r\n.xl666655\r\n\t{padding-top:1px;\r\n\tpadding-right:1px;\r\n\tpadding-left:1px;\r\n\tmso-ignore:padding;\r\n\tcolor:black;\r\n\tfont-size:10.0pt;\r\n\tfont-weight:400;\r\n\tfont-style:normal;\r\n\ttext-decoration:none;\r\n\tfont-family:Arial, sans-serif;\r\n\tmso-font-charset:0;\r\n\tmso-number-format:General;\r\n\ttext-align:general;\r\n\tvertical-align:bottom;\r\n\tborder:.5pt solid windowtext;\r\n\tbackground:#E1E1E1;\r\n\tmso-pattern:black none;\r\n\twhite-space:nowrap;}\r\n.xl676655\r\n\t{padding-top:1px;\r\n\tpadding-right:1px;\r\n\tpadding-left:1px;\r\n\tmso-ignore:padding;\r\n\tcolor:black;\r\n\tfont-size:10.0pt;\r\n\tfont-weight:400;\r\n\tfont-style:normal;\r\n\ttext-decoration:none;\r\n\tfont-family:Arial, sans-serif;\r\n\tmso-font-charset:0;\r\n\tmso-number-format:General;\r\n\ttext-align:general;\r\n\tvertical-align:bottom;\r\n\tborder:.5pt solid windowtext;\r\n\tbackground:#E1E1E1;\r\n\tmso-pattern:black none;\r\n\twhite-space:normal;}\r\n.xl686655\r\n\t{padding-top:1px;\r\n\tpadding-right:1px;\r\n\tpadding-left:1px;\r\n\tmso-ignore:padding;\r\n\tcolor:black;\r\n\tfont-size:11.0pt;\r\n\tfont-weight:400;\r\n\tfont-style:normal;\r\n\ttext-decoration:none;\r\n\tfont-family:Calibri, sans-serif;\r\n\tmso-font-charset:0;\r\n\tmso-number-format:General;\r\n\ttext-align:general;\r\n\tvertical-align:bottom;\r\n\tborder:.5pt solid windowtext;\r\n\tbackground:white;\r\n\tmso-pattern:black none;\r\n\twhite-space:nowrap;}\r\n.xl696655\r\n\t{padding-top:1px;\r\n\tpadding-right:1px;\r\n\tpadding-left:1px;\r\n\tmso-ignore:padding;\r\n\tcolor:blue;\r\n\tfont-size:11.0pt;\r\n\tfont-weight:400;\r\n\tfont-style:normal;\r\n\ttext-decoration:underline;\r\n\ttext-underline-style:single;\r\n\tfont-family:Calibri, sans-serif;\r\n\tmso-font-charset:0;\r\n\tmso-number-format:General;\r\n\ttext-align:general;\r\n\tvertical-align:bottom;\r\n\tborder:.5pt solid windowtext;\r\n\tbackground:white;\r\n\tmso-pattern:black none;\r\n\twhite-space:nowrap;}\r\n.xl706655\r\n\t{padding-top:1px;\r\n\tpadding-right:1px;\r\n\tpadding-left:1px;\r\n\tmso-ignore:padding;\r\n\tcolor:black;\r\n\tfont-size:11.0pt;\r\n\tfont-weight:400;\r\n\tfont-style:normal;\r\n\ttext-decoration:none;\r\n\tfont-family:Calibri, sans-serif;\r\n\tmso-font-charset:0;\r\n\tmso-number-format:\"Medium Date\";\r\n\ttext-align:general;\r\n\tvertical-align:bottom;\r\n\tborder:.5pt solid windowtext;\r\n\tbackground:white;\r\n\tmso-pattern:black none;\r\n\twhite-space:nowrap;}\r\n.xl716655\r\n\t{padding-top:1px;\r\n\tpadding-right:1px;\r\n\tpadding-left:1px;\r\n\tmso-ignore:padding;\r\n\tcolor:white;\r\n\tfont-size:11.0pt;\r\n\tfont-weight:700;\r\n\tfont-style:normal;\r\n\ttext-decoration:none;\r\n\tfont-family:Arial, sans-serif;\r\n\tmso-font-charset:0;\r\n\tmso-number-format:General;\r\n\ttext-align:center;\r\n\tvertical-align:bottom;\r\n\tborder-top:.5pt solid windowtext;\r\n\tborder-right:.5pt solid windowtext;\r\n\tborder-bottom:none;\r\n\tborder-left:.5pt solid windowtext;\r\n\tbackground:#333333;\r\n\tmso-pattern:black none;\r\n\twhite-space:nowrap;}\r\n.xl726655\r\n\t{padding-top:1px;\r\n\tpadding-right:1px;\r\n\tpadding-left:1px;\r\n\tmso-ignore:padding;\r\n\tcolor:black;\r\n\tfont-size:11.0pt;\r\n\tfont-weight:400;\r\n\tfont-style:normal;\r\n\ttext-decoration:none;\r\n\tfont-family:Calibri, sans-serif;\r\n\tmso-font-charset:0;\r\n\tmso-number-format:General;\r\n\ttext-align:general;\r\n\tvertical-align:bottom;\r\n\tborder:.5pt solid windowtext;\r\n\tmso-background-source:auto;\r\n\tmso-pattern:auto;\r\n\twhite-space:normal;}\r\n-->\r\n<\/style>\r\n<\/head>\r\n\r\n<body>\r\n<!--[if !excel]>&nbsp;&nbsp;<![endif]-->\r\n<!--La siguiente informaci\u00f3n se gener\u00f3 mediante el Asistente para publicar como\r\np\u00e1gina web de Microsoft Excel.-->\r\n<!--Si se vuelve a publicar el mismo elemento desde Excel, se reemplazar\u00e1 toda\r\nla informaci\u00f3n comprendida entre las etiquetas DIV.-->\r\n<!----------------------------->\r\n<!--INICIO DE LOS RESULTADOS DEL ASISTENTE PARA PUBLICAR COMO P\u00c1GINA WEB DE\r\nEXCEL -->\r\n<!----------------------------->\r\n\r\n<div id=\"a69_f43_a T2_6655\" align=center x:publishsource=\"Excel\">\r\n\r\n<table border=0 cellpadding=0 cellspacing=0 width=1691 style='border-collapse:\r\n collapse;table-layout:fixed;width:1269pt'>\r\n <col width=56 style='mso-width-source:userset;mso-width-alt:2048;width:42pt'>\r\n <col width=142 style='mso-width-source:userset;mso-width-alt:5193;width:107pt'>\r\n <col width=154 style='mso-width-source:userset;mso-width-alt:5632;width:116pt'>\r\n <col width=139 style='mso-width-source:userset;mso-width-alt:5083;width:104pt'>\r\n <col width=190 style='mso-width-source:userset;mso-width-alt:6948;width:143pt'>\r\n <col width=419 style='mso-width-source:userset;mso-width-alt:15323;width:314pt'>\r\n <col width=123 style='mso-width-source:userset;mso-width-alt:4498;width:92pt'>\r\n <col width=272 style='mso-width-source:userset;mso-width-alt:9947;width:204pt'>\r\n <col width=56 style='mso-width-source:userset;mso-width-alt:2048;width:42pt'>\r\n <col width=140 style='mso-width-source:userset;mso-width-alt:5120;width:105pt'>\r\n <tr height=0 style='display:none'>\r\n  <td class=xl156655 width=56 style='width:42pt'>35975<\/td>\r\n  <td class=xl156655 width=142 style='width:107pt'><\/td>\r\n  <td class=xl156655 width=154 style='width:116pt'><\/td>\r\n  <td class=xl156655 width=139 style='width:104pt'><\/td>\r\n  <td class=xl156655 width=190 style='width:143pt'><\/td>\r\n  <td class=xl156655 width=419 style='width:314pt'><\/td>\r\n  <td class=xl156655 width=123 style='width:92pt'><\/td>\r\n  <td class=xl156655 width=272 style='width:204pt'><\/td>\r\n  <td class=xl156655 width=56 style='width:42pt'><\/td>\r\n  <td class=xl156655 width=140 style='width:105pt'><\/td>\r\n <\/tr>\r\n <tr height=20 style='height:15.0pt'>\r\n  <td colspan=3 height=20 class=xl656655 style='height:15.0pt'>T\u00cdTULO<\/td>\r\n  <td class=xl656655>NOMBRE CORTO<\/td>\r\n  <td colspan=3 class=xl716655 style='border-left:none'>DESCRIPCI\u00d3N<\/td>\r\n  <td class=xl156655><\/td>\r\n  <td class=xl156655><\/td>\r\n  <td class=xl156655><\/td>\r\n <\/tr>\r\n <tr height=49 style='mso-height-source:userset;height:36.75pt'>\r\n  <td colspan=3 height=49 class=xl666655 style='height:36.75pt'>FRACCI\u00d3N\r\n  XLIII.- Ingresos recibidos por cualquier concepto.<\/td>\r\n  <td class=xl666655 style='border-top:none'>a69_f43_a<\/td>\r\n  <td colspan=3 class=xl676655 width=732 style='border-left:none;width:549pt'>Los\r\n  ingresos recibidos por cualquier concepto se\u00f1alando el nombre de los\r\n  responsables de recibirlos, administrarlos y ejercerlos, as\u00ed como su origen,\r\n  indicando el destino final de cada uno de ellos;<\/td>\r\n  <td class=xl156655><\/td>\r\n  <td class=xl156655><\/td>\r\n  <td class=xl156655><\/td>\r\n <\/tr>\r\n <tr height=0 style='display:none'>\r\n  <td class=xl156655>1<\/td>\r\n  <td class=xl156655>1<\/td>\r\n  <td class=xl156655>2<\/td>\r\n  <td class=xl156655>1<\/td>\r\n  <td class=xl156655>4<\/td>\r\n  <td class=xl156655>7<\/td>\r\n  <td class=xl156655>4<\/td>\r\n  <td class=xl156655>1<\/td>\r\n  <td class=xl156655>12<\/td>\r\n  <td class=xl156655>13<\/td>\r\n <\/tr>\r\n <tr height=0 style='display:none'>\r\n  <td class=xl156655>236469<\/td>\r\n  <td class=xl156655>236467<\/td>\r\n  <td class=xl156655>236472<\/td>\r\n  <td class=xl156655>236471<\/td>\r\n  <td class=xl156655>236473<\/td>\r\n  <td class=xl156655>236476<\/td>\r\n  <td class=xl156655>236474<\/td>\r\n  <td class=xl156655>236468<\/td>\r\n  <td class=xl156655>236478<\/td>\r\n  <td class=xl156655>236479<\/td>\r\n <\/tr>\r\n <tr height=20 style='height:15.0pt'>\r\n  <td colspan=10 height=20 class=xl656655 style='height:15.0pt'>Tabla Campos<\/td>\r\n <\/tr>\r\n <tr height=35 style='height:26.25pt'>\r\n  <td height=35 class=xl646655 width=56 style='height:26.25pt;width:42pt'>Ejercicio<\/td>\r\n  <td class=xl646655 width=142 style='border-left:none;width:107pt'>Periodo que\r\n  se informa<\/td>\r\n  <td class=xl646655 width=154 style='border-left:none;width:116pt'>Concepto de\r\n  los ingresos<\/td>\r\n  <td class=xl646655 width=139 style='border-left:none;width:104pt'>Fuente de\r\n  los ingresos<\/td>\r\n  <td class=xl646655 width=190 style='border-left:none;width:143pt'>Fecha de\r\n  los ingresos recibidos<\/td>\r\n  <td class=xl646655 width=419 style='border-left:none;width:314pt'>Hiperv\u00ednculo\r\n  a los informes de destino<\/td>\r\n  <td class=xl646655 width=123 style='border-left:none;width:92pt'>Fecha de\r\n  validaci\u00f3n<\/td>\r\n  <td class=xl646655 width=272 style='border-left:none;width:204pt'>\u00c1rea\r\n  responsable de la informaci\u00f3n<\/td>\r\n  <td class=xl646655 width=56 style='border-left:none;width:42pt'>A\u00f1o<\/td>\r\n  <td class=xl646655 width=140 style='border-left:none;width:105pt'>Fecha de\r\n  actualizaci\u00f3n<\/td>\r\n <\/tr>\r\n <tr height=20 style='height:15.0pt'>\r\n  <td height=20 class=xl686655 align=right style='height:15.0pt;border-top:\r\n  none'>2018<\/td>\r\n  <td class=xl686655 style='border-top:none;border-left:none'>2do trimestre<\/td>\r\n  <td class=xl686655 style='border-top:none;border-left:none'>&nbsp;<\/td>\r\n  <td class=xl686655 style='border-top:none;border-left:none'>&nbsp;<\/td>\r\n  <td class=xl686655 style='border-top:none;border-left:none'>&nbsp;<\/td>\r\n  <td class=xl696655 style='border-top:none;border-left:none'><a\r\n  href=\"https:\/\/apan.gob.mx\/portal\/armonizacion_presidencia_18\/\">https:\/\/apan.gob.mx\/portal\/armonizacion_presidencia_18\/<\/a><\/td>\r\n  <td class=xl706655 align=right style='border-top:none;border-left:none'>06-abr-18<\/td>\r\n  <td class=xl686655 style='border-top:none;border-left:none'>Tesoreria\r\n  municipal de Apan Hidalgo<\/td>\r\n  <td class=xl686655 align=right style='border-top:none;border-left:none'>2018<\/td>\r\n  <td class=xl706655 align=right style='border-top:none;border-left:none'>31-jul-18<\/td>\r\n <\/tr>\r\n <![if supportMisalignedColumns]>\r\n <tr height=0 style='display:none'>\r\n  <td width=56 style='width:42pt'><\/td>\r\n  <td width=142 style='width:107pt'><\/td>\r\n  <td width=154 style='width:116pt'><\/td>\r\n  <td width=139 style='width:104pt'><\/td>\r\n  <td width=190 style='width:143pt'><\/td>\r\n  <td width=419 style='width:314pt'><\/td>\r\n  <td width=123 style='width:92pt'><\/td>\r\n  <td width=272 style='width:204pt'><\/td>\r\n  <td width=56 style='width:42pt'><\/td>\r\n  <td width=140 style='width:105pt'><\/td>\r\n <\/tr>\r\n <![endif]>\r\n<\/table>\r\n\r\n<\/div>\r\n\r\n\r\n\t\t\t\t<\/div>\n\t\t\t\t<\/div>\n\t\t\t\t<div class=\"elementor-element elementor-element-rkoyqcc elementor-widget elementor-widget-heading\" data-id=\"rkoyqcc\" data-element_type=\"widget\" data-e-type=\"widget\" data-widget_type=\"heading.default\">\n\t\t\t\t<div class=\"elementor-widget-container\">\n\t\t\t\t\t<h2 class=\"elementor-heading-title elementor-size-small\">Fecha en que se subi\u00f3 la informaci\u00f3n: 27-agosto-18<\/h2>\t\t\t\t<\/div>\n\t\t\t\t<\/div>\n\t\t\t\t\t<\/div>\n\t\t<\/div>\n\t\t\t\t\t<\/div>\n\t\t<\/section>\n\t\t\t\t<\/div>\n\t\t","protected":false},"excerpt":{"rendered":"<p>Fracci\u00f3n XLIII 35975 T\u00cdTULO NOMBRE CORTO DESCRIPCI\u00d3N FRACCI\u00d3N XLIII.- Ingresos recibidos por cualquier concepto. a69_f43_a Los ingresos recibidos por cualquier concepto se\u00f1alando el nombre de los responsables de recibirlos, administrarlos y ejercerlos, as\u00ed como su origen, indicando el destino final de cada uno de ellos; 1 1 2 1 4 7 4 1 12 13 [&hellip;]<\/p>\n","protected":false},"author":1,"featured_media":0,"parent":0,"menu_order":0,"comment_status":"closed","ping_status":"closed","template":"page-template-full.php","meta":{"footnotes":""},"class_list":["post-3037","page","type-page","status-publish","hentry"],"jetpack_sharing_enabled":true,"_links":{"self":[{"href":"https:\/\/apan.gob.mx\/portal\/wp-json\/wp\/v2\/pages\/3037","targetHints":{"allow":["GET"]}}],"collection":[{"href":"https:\/\/apan.gob.mx\/portal\/wp-json\/wp\/v2\/pages"}],"about":[{"href":"https:\/\/apan.gob.mx\/portal\/wp-json\/wp\/v2\/types\/page"}],"author":[{"embeddable":true,"href":"https:\/\/apan.gob.mx\/portal\/wp-json\/wp\/v2\/users\/1"}],"replies":[{"embeddable":true,"href":"https:\/\/apan.gob.mx\/portal\/wp-json\/wp\/v2\/comments?post=3037"}],"version-history":[{"count":2,"href":"https:\/\/apan.gob.mx\/portal\/wp-json\/wp\/v2\/pages\/3037\/revisions"}],"predecessor-version":[{"id":3039,"href":"https:\/\/apan.gob.mx\/portal\/wp-json\/wp\/v2\/pages\/3037\/revisions\/3039"}],"wp:attachment":[{"href":"https:\/\/apan.gob.mx\/portal\/wp-json\/wp\/v2\/media?parent=3037"}],"curies":[{"name":"wp","href":"https:\/\/api.w.org\/{rel}","templated":true}]}}