{"id":31264,"date":"2025-12-10T13:00:38","date_gmt":"2025-12-10T19:00:38","guid":{"rendered":"https:\/\/apan.gob.mx\/portal\/?page_id=31264"},"modified":"2025-12-10T13:07:50","modified_gmt":"2025-12-10T19:07:50","slug":"app-oficial-conoce-apan-tu-guia-turistica-digital","status":"publish","type":"page","link":"https:\/\/apan.gob.mx\/portal\/app-oficial-conoce-apan-tu-guia-turistica-digital\/","title":{"rendered":"App Oficial Conoce Apan | Tu Gu\u00eda Tur\u00edstica Digital"},"content":{"rendered":"\n<p>\ud83d\udcf1 \u00a1Lleva la Cultura y la Historia de Apan en tu Bolsillo!<\/p>\n\n\n\n<figure class=\"wp-block-image is-resized\"><img data-recalc-dims=\"1\" decoding=\"async\" src=\"https:\/\/i0.wp.com\/apan.gob.mx\/portal\/wp-content\/uploads\/2025\/12\/logo1.png?resize=206%2C136&#038;ssl=1\" alt=\"\" class=\"wp-image-31265\" width=\"206\" height=\"136\" srcset=\"https:\/\/i0.wp.com\/apan.gob.mx\/portal\/wp-content\/uploads\/2025\/12\/logo1.png?w=778&amp;ssl=1 778w, https:\/\/i0.wp.com\/apan.gob.mx\/portal\/wp-content\/uploads\/2025\/12\/logo1.png?resize=300%2C198&amp;ssl=1 300w, https:\/\/i0.wp.com\/apan.gob.mx\/portal\/wp-content\/uploads\/2025\/12\/logo1.png?resize=768%2C506&amp;ssl=1 768w\" sizes=\"(max-width: 206px) 100vw, 206px\" \/><figcaption class=\"wp-element-caption\"><strong><strong>&#8220;Conoce Apan&#8221;<\/strong> <\/strong>es la aplicaci\u00f3n oficial de la Presidencia Municipal para descubrir todo el turismo, la cultura y la gastronom\u00eda de Apan, Hidalgo, directamente desde tu celular. Es la herramienta perfecta para planear tu visita y explorar nuestros atractivos hist\u00f3ricos y culturales.<\/figcaption><\/figure>\n\n\n\n<div class=\"wp-block-buttons is-layout-flex wp-block-buttons-is-layout-flex\">\n<div class=\"wp-block-button is-style-outline is-style-outline--1\"><a class=\"wp-block-button__link wp-element-button\" href=\"https:\/\/play.google.com\/store\/search?q=conoce%20apan&amp;c=apps\" target=\"_blank\" rel=\"noreferrer noopener\">Descargar en Google Play<\/a><\/div>\n<\/div>\n\n\n\n<blockquote class=\"wp-block-quote is-layout-flow wp-block-quote-is-layout-flow\">\n<h3 class=\"wp-block-heading\">\u00bfQu\u00e9 puedes encontrar en la App?<\/h3>\n<\/blockquote>\n\n\n\n<ul class=\"wp-block-list\">\n<li><strong>\ud83d\uddfa\ufe0f Rutas de Turismo y Mapas:<\/strong> Encuentra los lugares m\u00e1s emblem\u00e1ticos, desde haciendas pulqueras hasta la Parroquia de la Asunci\u00f3n.<\/li>\n\n\n\n<li><strong>\ud83d\udcdc Historia y Tradici\u00f3n:<\/strong> Descubre la rica historia y las tradiciones de Apan.<\/li>\n\n\n\n<li><strong>\u26ea Arquitectura de Apan:<\/strong> Conoce la historia y detalles de los edificios hist\u00f3ricos, ex conventos y monumentos.<\/li>\n\n\n\n<li><strong>\ud83c\udf72 Gu\u00eda Gastron\u00f3mica:<\/strong> Ubica los mejores sitios para probar la comida local.<\/li>\n\n\n\n<li><strong>\u2728 Apta para todo p\u00fablico<\/strong>.<\/li>\n<\/ul>\n\n\n\n<div class=\"wp-block-columns are-vertically-aligned-center is-layout-flex wp-container-core-columns-is-layout-28f84493 wp-block-columns-is-layout-flex\">\n<div class=\"wp-block-column is-vertically-aligned-center is-layout-flow wp-block-column-is-layout-flow\" style=\"flex-basis:100%\"><\/div>\n<\/div>\n","protected":false},"excerpt":{"rendered":"<p>\ud83d\udcf1 \u00a1Lleva la Cultura y la Historia de Apan en tu Bolsillo! \u00bfQu\u00e9 puedes encontrar en la App?<\/p>\n","protected":false},"author":1,"featured_media":0,"parent":0,"menu_order":0,"comment_status":"closed","ping_status":"closed","template":"","meta":{"footnotes":""},"class_list":["post-31264","page","type-page","status-publish","hentry"],"jetpack_sharing_enabled":true,"_links":{"self":[{"href":"https:\/\/apan.gob.mx\/portal\/wp-json\/wp\/v2\/pages\/31264","targetHints":{"allow":["GET"]}}],"collection":[{"href":"https:\/\/apan.gob.mx\/portal\/wp-json\/wp\/v2\/pages"}],"about":[{"href":"https:\/\/apan.gob.mx\/portal\/wp-json\/wp\/v2\/types\/page"}],"author":[{"embeddable":true,"href":"https:\/\/apan.gob.mx\/portal\/wp-json\/wp\/v2\/users\/1"}],"replies":[{"embeddable":true,"href":"https:\/\/apan.gob.mx\/portal\/wp-json\/wp\/v2\/comments?post=31264"}],"version-history":[{"count":3,"href":"https:\/\/apan.gob.mx\/portal\/wp-json\/wp\/v2\/pages\/31264\/revisions"}],"predecessor-version":[{"id":31271,"href":"https:\/\/apan.gob.mx\/portal\/wp-json\/wp\/v2\/pages\/31264\/revisions\/31271"}],"wp:attachment":[{"href":"https:\/\/apan.gob.mx\/portal\/wp-json\/wp\/v2\/media?parent=31264"}],"curies":[{"name":"wp","href":"https:\/\/api.w.org\/{rel}","templated":true}]}}