{"id":3259,"date":"2018-10-18T02:15:33","date_gmt":"2018-10-18T02:15:33","guid":{"rendered":"https:\/\/apan.gob.mx\/portal\/?page_id=3259"},"modified":"2018-10-18T02:18:18","modified_gmt":"2018-10-18T02:18:18","slug":"tesoreria_25_2016_4","status":"publish","type":"page","link":"https:\/\/apan.gob.mx\/portal\/tesoreria_25_2016_4\/","title":{"rendered":"<!--tesoreria_25_2016_4-->"},"content":{"rendered":"\t\t<div data-elementor-type=\"wp-page\" data-elementor-id=\"3259\" class=\"elementor elementor-3259 elementor-bc-flex-widget\">\n\t\t\t\t\t\t<div class=\"elementor-inner\">\n\t\t\t\t<div class=\"elementor-section-wrap\">\n\t\t\t\t\t\t\t\t\t<section class=\"has_ae_slider elementor-section elementor-top-section elementor-element elementor-element-nsznlcq elementor-section-boxed elementor-section-height-default elementor-section-height-default ae-bg-gallery-type-default\" data-id=\"nsznlcq\" data-element_type=\"section\">\n\t\t\t\t\t\t<div class=\"elementor-container elementor-column-gap-default\">\n\t\t\t\t\t\t\t<div class=\"elementor-row\">\n\t\t\t\t\t<div class=\"has_ae_slider elementor-column elementor-col-100 elementor-top-column elementor-element elementor-element-wjpwewb ae-bg-gallery-type-default\" data-id=\"wjpwewb\" data-element_type=\"column\">\n\t\t\t<div class=\"elementor-column-wrap elementor-element-populated\">\n\t\t\t\t\t\t\t<div class=\"elementor-widget-wrap\">\n\t\t\t\t\t\t<div class=\"elementor-element elementor-element-iyvhkso elementor-widget elementor-widget-heading\" data-id=\"iyvhkso\" data-element_type=\"widget\" data-widget_type=\"heading.default\">\n\t\t\t\t<div class=\"elementor-widget-container\">\n\t\t\t<h2 class=\"elementor-heading-title elementor-size-medium\">Fracci\u00f3n XXV<\/h2>\t\t<\/div>\n\t\t\t\t<\/div>\n\t\t\t\t<div class=\"elementor-element elementor-element-cxqzfjp elementor-widget elementor-widget-html\" data-id=\"cxqzfjp\" data-element_type=\"widget\" data-widget_type=\"html.default\">\n\t\t\t\t<div class=\"elementor-widget-container\">\n\t\t\t\r\n<style id=\"2016_a69_f25 4to 16_32392_Styles\">\r\n<!--table\r\n\t{mso-displayed-decimal-separator:\"\\.\";\r\n\tmso-displayed-thousand-separator:\"\\,\";}\r\n.xl1532392\r\n\t{padding-top:1px;\r\n\tpadding-right:1px;\r\n\tpadding-left:1px;\r\n\tmso-ignore:padding;\r\n\tcolor:black;\r\n\tfont-size:11.0pt;\r\n\tfont-weight:400;\r\n\tfont-style:normal;\r\n\ttext-decoration:none;\r\n\tfont-family:Calibri, sans-serif;\r\n\tmso-font-charset:0;\r\n\tmso-number-format:General;\r\n\ttext-align:general;\r\n\tvertical-align:bottom;\r\n\tmso-background-source:auto;\r\n\tmso-pattern:auto;\r\n\twhite-space:nowrap;}\r\n.xl6332392\r\n\t{padding-top:1px;\r\n\tpadding-right:1px;\r\n\tpadding-left:1px;\r\n\tmso-ignore:padding;\r\n\tcolor:white;\r\n\tfont-size:11.0pt;\r\n\tfont-weight:700;\r\n\tfont-style:normal;\r\n\ttext-decoration:none;\r\n\tfont-family:Arial, sans-serif;\r\n\tmso-font-charset:0;\r\n\tmso-number-format:General;\r\n\ttext-align:center;\r\n\tvertical-align:bottom;\r\n\tborder:.5pt solid windowtext;\r\n\tbackground:#333333;\r\n\tmso-pattern:black none;\r\n\twhite-space:nowrap;}\r\n.xl6432392\r\n\t{padding-top:1px;\r\n\tpadding-right:1px;\r\n\tpadding-left:1px;\r\n\tmso-ignore:padding;\r\n\tcolor:black;\r\n\tfont-size:10.0pt;\r\n\tfont-weight:400;\r\n\tfont-style:normal;\r\n\ttext-decoration:none;\r\n\tfont-family:Arial, sans-serif;\r\n\tmso-font-charset:0;\r\n\tmso-number-format:General;\r\n\ttext-align:center;\r\n\tvertical-align:bottom;\r\n\tborder:.5pt solid windowtext;\r\n\tbackground:#E1E1E1;\r\n\tmso-pattern:black none;\r\n\twhite-space:normal;}\r\n.xl6532392\r\n\t{padding-top:1px;\r\n\tpadding-right:1px;\r\n\tpadding-left:1px;\r\n\tmso-ignore:padding;\r\n\tcolor:black;\r\n\tfont-size:10.0pt;\r\n\tfont-weight:400;\r\n\tfont-style:normal;\r\n\ttext-decoration:none;\r\n\tfont-family:Arial, sans-serif;\r\n\tmso-font-charset:0;\r\n\tmso-number-format:General;\r\n\ttext-align:center;\r\n\tvertical-align:bottom;\r\n\tborder-top:.5pt solid windowtext;\r\n\tborder-right:.5pt solid windowtext;\r\n\tborder-bottom:none;\r\n\tborder-left:.5pt solid windowtext;\r\n\tbackground:#E1E1E1;\r\n\tmso-pattern:black none;\r\n\twhite-space:normal;}\r\n.xl6632392\r\n\t{padding-top:1px;\r\n\tpadding-right:1px;\r\n\tpadding-left:1px;\r\n\tmso-ignore:padding;\r\n\tcolor:black;\r\n\tfont-size:10.0pt;\r\n\tfont-weight:400;\r\n\tfont-style:normal;\r\n\ttext-decoration:none;\r\n\tfont-family:Arial, sans-serif;\r\n\tmso-font-charset:0;\r\n\tmso-number-format:General;\r\n\ttext-align:general;\r\n\tvertical-align:top;\r\n\tborder:.5pt solid windowtext;\r\n\tbackground:white;\r\n\tmso-pattern:black none;\r\n\twhite-space:normal;}\r\n-->\r\n<\/style>\r\n<\/head>\r\n\r\n<body>\r\n<!--[if !excel]>&nbsp;&nbsp;<![endif]-->\r\n<!--La siguiente informaci\u00f3n se gener\u00f3 mediante el Asistente para publicar como\r\np\u00e1gina web de Microsoft Excel.-->\r\n<!--Si se vuelve a publicar el mismo elemento desde Excel, se reemplazar\u00e1 toda\r\nla informaci\u00f3n comprendida entre las etiquetas DIV.-->\r\n<!----------------------------->\r\n<!--INICIO DE LOS RESULTADOS DEL ASISTENTE PARA PUBLICAR COMO P\u00c1GINA WEB DE\r\nEXCEL -->\r\n<!----------------------------->\r\n\r\n<div id=\"2016_a69_f25 4to 16_32392\" align=center x:publishsource=\"Excel\">\r\n\r\n<table border=0 cellpadding=0 cellspacing=0 width=3911 style='border-collapse:\r\n collapse;table-layout:fixed;width:2932pt'>\r\n <col width=109 style='mso-width-source:userset;mso-width-alt:3986;width:82pt'>\r\n <col width=56 style='mso-width-source:userset;mso-width-alt:2048;width:42pt'>\r\n <col width=111 style='mso-width-source:userset;mso-width-alt:4059;width:83pt'>\r\n <col width=647 style='mso-width-source:userset;mso-width-alt:23661;width:485pt'>\r\n <col width=189 style='mso-width-source:userset;mso-width-alt:6912;width:142pt'>\r\n <col width=647 style='mso-width-source:userset;mso-width-alt:23661;width:485pt'>\r\n <col width=211 style='mso-width-source:userset;mso-width-alt:7716;width:158pt'>\r\n <col width=200 style='mso-width-source:userset;mso-width-alt:7314;width:150pt'>\r\n <col width=145 style='mso-width-source:userset;mso-width-alt:5302;width:109pt'>\r\n <col width=68 style='mso-width-source:userset;mso-width-alt:2486;width:51pt'>\r\n <col width=95 style='mso-width-source:userset;mso-width-alt:3474;width:71pt'>\r\n <col width=108 style='mso-width-source:userset;mso-width-alt:3949;width:81pt'>\r\n <col width=175 style='mso-width-source:userset;mso-width-alt:6400;width:131pt'>\r\n <col width=123 style='mso-width-source:userset;mso-width-alt:4498;width:92pt'>\r\n <col width=224 style='mso-width-source:userset;mso-width-alt:8192;width:168pt'>\r\n <col width=48 style='mso-width-source:userset;mso-width-alt:1755;width:36pt'>\r\n <col width=140 style='mso-width-source:userset;mso-width-alt:5120;width:105pt'>\r\n <col width=615 style='mso-width-source:userset;mso-width-alt:22491;width:461pt'>\r\n <tr height=0 style='display:none'>\r\n  <td class=xl1532392 width=109 style='width:82pt'>25099<\/td>\r\n  <td class=xl1532392 width=56 style='width:42pt'><\/td>\r\n  <td class=xl1532392 width=111 style='width:83pt'><\/td>\r\n  <td class=xl1532392 width=647 style='width:485pt'><\/td>\r\n  <td class=xl1532392 width=189 style='width:142pt'><\/td>\r\n  <td class=xl1532392 width=647 style='width:485pt'><\/td>\r\n  <td class=xl1532392 width=211 style='width:158pt'><\/td>\r\n  <td class=xl1532392 width=200 style='width:150pt'><\/td>\r\n  <td class=xl1532392 width=145 style='width:109pt'><\/td>\r\n  <td class=xl1532392 width=68 style='width:51pt'><\/td>\r\n  <td class=xl1532392 width=95 style='width:71pt'><\/td>\r\n  <td class=xl1532392 width=108 style='width:81pt'><\/td>\r\n  <td class=xl1532392 width=175 style='width:131pt'><\/td>\r\n  <td class=xl1532392 width=123 style='width:92pt'><\/td>\r\n  <td class=xl1532392 width=224 style='width:168pt'><\/td>\r\n  <td class=xl1532392 width=48 style='width:36pt'><\/td>\r\n  <td class=xl1532392 width=140 style='width:105pt'><\/td>\r\n  <td class=xl1532392 width=615 style='width:461pt'><\/td>\r\n <\/tr>\r\n <tr height=20 style='height:15.0pt'>\r\n  <td colspan=3 height=20 class=xl6332392 style='height:15.0pt'>T\u00cdTULO<\/td>\r\n  <td colspan=3 class=xl6332392>NOMBRE CORTO<\/td>\r\n  <td colspan=3 class=xl6332392>DESCRIPCI\u00d3N<\/td>\r\n  <td class=xl1532392><\/td>\r\n  <td class=xl1532392><\/td>\r\n  <td class=xl1532392><\/td>\r\n  <td class=xl1532392><\/td>\r\n  <td class=xl1532392><\/td>\r\n  <td class=xl1532392><\/td>\r\n  <td class=xl1532392><\/td>\r\n  <td class=xl1532392><\/td>\r\n  <td class=xl1532392><\/td>\r\n <\/tr>\r\n <tr height=20 style='height:15.0pt'>\r\n  <td colspan=3 height=20 class=xl6432392 width=276 style='height:15.0pt;\r\n  width:207pt'>FRACCI\u00d3N XXV.- Resultado de la dictaminaci\u00f3n de los estados\r\n  financieros.<span style='mso-spacerun:yes'>\u00a0<\/span><\/td>\r\n  <td colspan=3 class=xl6432392 width=1483 style='width:1112pt'>a69_f25<\/td>\r\n  <td colspan=3 class=xl6432392 width=556 style='width:417pt'>&nbsp;<\/td>\r\n  <td class=xl1532392><\/td>\r\n  <td class=xl1532392><\/td>\r\n  <td class=xl1532392><\/td>\r\n  <td class=xl1532392><\/td>\r\n  <td class=xl1532392><\/td>\r\n  <td class=xl1532392><\/td>\r\n  <td class=xl1532392><\/td>\r\n  <td class=xl1532392><\/td>\r\n  <td class=xl1532392><\/td>\r\n <\/tr>\r\n <tr height=0 style='display:none'>\r\n  <td class=xl1532392><\/td>\r\n  <td class=xl1532392>1<\/td>\r\n  <td class=xl1532392>1<\/td>\r\n  <td class=xl1532392>7<\/td>\r\n  <td class=xl1532392>4<\/td>\r\n  <td class=xl1532392>7<\/td>\r\n  <td class=xl1532392>1<\/td>\r\n  <td class=xl1532392>1<\/td>\r\n  <td class=xl1532392>1<\/td>\r\n  <td class=xl1532392>1<\/td>\r\n  <td class=xl1532392>1<\/td>\r\n  <td class=xl1532392>1<\/td>\r\n  <td class=xl1532392>1<\/td>\r\n  <td class=xl1532392>4<\/td>\r\n  <td class=xl1532392>1<\/td>\r\n  <td class=xl1532392>12<\/td>\r\n  <td class=xl1532392>13<\/td>\r\n  <td class=xl1532392>14<\/td>\r\n <\/tr>\r\n <tr height=0 style='display:none'>\r\n  <td class=xl1532392><\/td>\r\n  <td class=xl1532392>57016<\/td>\r\n  <td class=xl1532392>57023<\/td>\r\n  <td class=xl1532392>57013<\/td>\r\n  <td class=xl1532392>57027<\/td>\r\n  <td class=xl1532392>57015<\/td>\r\n  <td class=xl1532392>57025<\/td>\r\n  <td class=xl1532392>57012<\/td>\r\n  <td class=xl1532392>57021<\/td>\r\n  <td class=xl1532392>57019<\/td>\r\n  <td class=xl1532392>57014<\/td>\r\n  <td class=xl1532392>57011<\/td>\r\n  <td class=xl1532392>57024<\/td>\r\n  <td class=xl1532392>57017<\/td>\r\n  <td class=xl1532392>57020<\/td>\r\n  <td class=xl1532392>57018<\/td>\r\n  <td class=xl1532392>57026<\/td>\r\n  <td class=xl1532392>57022<\/td>\r\n <\/tr>\r\n <tr height=20 style='height:15.0pt'>\r\n  <td colspan=18 height=20 class=xl6332392 style='height:15.0pt'>Tabla Campos<\/td>\r\n <\/tr>\r\n <tr height=35 style='height:26.25pt'>\r\n  <td height=35 class=xl1532392 style='height:26.25pt'><\/td>\r\n  <td class=xl6532392 width=56 style='width:42pt'>Ejercicio<\/td>\r\n  <td class=xl6532392 width=111 style='border-left:none;width:83pt'>Ejercicio\r\n  auditado<\/td>\r\n  <td class=xl6532392 width=647 style='border-left:none;width:485pt'>Hiperv\u00ednculo\r\n  a estados financieros dictaminados<\/td>\r\n  <td class=xl6532392 width=189 style='border-left:none;width:142pt'>Fecha de\r\n  emisi\u00f3n del dictamen<\/td>\r\n  <td class=xl6532392 width=647 style='border-left:none;width:485pt'>Hiperv\u00ednculo\r\n  al dictamen de estados financieros<\/td>\r\n  <td class=xl6532392 width=211 style='border-left:none;width:158pt'>Total de\r\n  observaciones resultantes<\/td>\r\n  <td class=xl6532392 width=200 style='border-left:none;width:150pt'>Total de\r\n  aclaraciones efectuadas<\/td>\r\n  <td class=xl6532392 width=145 style='border-left:none;width:109pt'>Total de\r\n  solventaciones<\/td>\r\n  <td class=xl6532392 width=68 style='border-left:none;width:51pt'>Nombre(s)<\/td>\r\n  <td class=xl6532392 width=95 style='border-left:none;width:71pt'>Primer\r\n  apellido<\/td>\r\n  <td class=xl6532392 width=108 style='border-left:none;width:81pt'>Segundo\r\n  apellido<\/td>\r\n  <td class=xl6532392 width=175 style='border-left:none;width:131pt'>Denominaci\u00f3n\r\n  o raz\u00f3n social<\/td>\r\n  <td class=xl6532392 width=123 style='border-left:none;width:92pt'>Fecha de\r\n  validaci\u00f3n<\/td>\r\n  <td class=xl6532392 width=224 style='border-left:none;width:168pt'>\u00c1rea\r\n  responsable de la informaci\u00f3n<\/td>\r\n  <td class=xl6532392 width=48 style='border-left:none;width:36pt'>A\u00f1o<\/td>\r\n  <td class=xl6532392 width=140 style='border-left:none;width:105pt'>Fecha de\r\n  actualizaci\u00f3n<\/td>\r\n  <td class=xl6532392 width=615 style='border-left:none;width:461pt'>Nota<\/td>\r\n <\/tr>\r\n <tr height=60 style='mso-height-source:userset;height:45.0pt'>\r\n  <td height=60 class=xl6632392 width=109 style='height:45.0pt;width:82pt'>YYZzz6fv6Z4=<\/td>\r\n  <td class=xl6632392 width=56 style='border-left:none;width:42pt'>2016<\/td>\r\n  <td class=xl6632392 width=111 style='border-left:none;width:83pt'>&nbsp;<\/td>\r\n  <td class=xl6632392 width=647 style='border-left:none;width:485pt'>https:\/\/www.apan.gob.mx\/descargables\/transparencia\/articulo69\/fraccion25\/2017_4\/Tesoreria\/FrXXVa1_1.pdf<\/td>\r\n  <td class=xl6632392 width=189 style='border-left:none;width:142pt'>&nbsp;<\/td>\r\n  <td class=xl6632392 width=647 style='border-left:none;width:485pt'>https:\/\/www.apan.gob.mx\/descargables\/transparencia\/articulo69\/fraccion25\/2017_4\/Tesoreria\/FrXXVa1_2.pdf<\/td>\r\n  <td class=xl6632392 width=211 style='border-left:none;width:158pt'>&nbsp;<\/td>\r\n  <td class=xl6632392 width=200 style='border-left:none;width:150pt'>&nbsp;<\/td>\r\n  <td class=xl6632392 width=145 style='border-left:none;width:109pt'>&nbsp;<\/td>\r\n  <td class=xl6632392 width=68 style='border-left:none;width:51pt'>&nbsp;<\/td>\r\n  <td class=xl6632392 width=95 style='border-left:none;width:71pt'>&nbsp;<\/td>\r\n  <td class=xl6632392 width=108 style='border-left:none;width:81pt'>&nbsp;<\/td>\r\n  <td class=xl6632392 width=175 style='border-left:none;width:131pt'>&nbsp;<\/td>\r\n  <td class=xl6632392 width=123 style='border-left:none;width:92pt'>31\/12\/2016<\/td>\r\n  <td class=xl6632392 width=224 style='border-left:none;width:168pt'>Tesoreria\r\n  Municipal<span style='mso-spacerun:yes'>\u00a0 <\/span>de Apan Hidalgo<\/td>\r\n  <td class=xl6632392 width=48 style='border-left:none;width:36pt'>2016<\/td>\r\n  <td class=xl6632392 width=140 style='border-left:none;width:105pt'>31\/12\/2016<\/td>\r\n  <td class=xl6632392 width=615 style='border-left:none;width:461pt'>Al periodo\r\n  que se informa, lo estados financieros del Municipio no han sido dictaminados\r\n  por terceros.<\/td>\r\n <\/tr>\r\n <![if supportMisalignedColumns]>\r\n <tr height=0 style='display:none'>\r\n  <td width=109 style='width:82pt'><\/td>\r\n  <td width=56 style='width:42pt'><\/td>\r\n  <td width=111 style='width:83pt'><\/td>\r\n  <td width=647 style='width:485pt'><\/td>\r\n  <td width=189 style='width:142pt'><\/td>\r\n  <td width=647 style='width:485pt'><\/td>\r\n  <td width=211 style='width:158pt'><\/td>\r\n  <td width=200 style='width:150pt'><\/td>\r\n  <td width=145 style='width:109pt'><\/td>\r\n  <td width=68 style='width:51pt'><\/td>\r\n  <td width=95 style='width:71pt'><\/td>\r\n  <td width=108 style='width:81pt'><\/td>\r\n  <td width=175 style='width:131pt'><\/td>\r\n  <td width=123 style='width:92pt'><\/td>\r\n  <td width=224 style='width:168pt'><\/td>\r\n  <td width=48 style='width:36pt'><\/td>\r\n  <td width=140 style='width:105pt'><\/td>\r\n  <td width=615 style='width:461pt'><\/td>\r\n <\/tr>\r\n <![endif]>\r\n<\/table>\r\n\r\n<\/div>\r\n\r\n\r\n\t\t<\/div>\n\t\t\t\t<\/div>\n\t\t\t\t<div class=\"elementor-element elementor-element-0tvsrds elementor-widget elementor-widget-button\" data-id=\"0tvsrds\" data-element_type=\"widget\" data-widget_type=\"button.default\">\n\t\t\t\t<div class=\"elementor-widget-container\">\n\t\t\t\t\t<div class=\"elementor-button-wrapper\">\n\t\t\t<a href=\"https:\/\/www.apan.gob.mx\/descargables\/transparencia\/articulo69\/fraccion25\/2016_4\/tesoreria\/2016_a69_f25.xlsx\" class=\"elementor-button-link elementor-button elementor-size-sm\" role=\"button\">\n\t\t\t\t\t\t<span class=\"elementor-button-content-wrapper\">\n\t\t\t\t\t\t<span class=\"elementor-button-text\">Descargar<\/span>\n\t\t<\/span>\n\t\t\t\t\t<\/a>\n\t\t<\/div>\n\t\t\t\t<\/div>\n\t\t\t\t<\/div>\n\t\t\t\t<div class=\"elementor-element elementor-element-opqzket elementor-widget elementor-widget-heading\" data-id=\"opqzket\" data-element_type=\"widget\" data-widget_type=\"heading.default\">\n\t\t\t\t<div class=\"elementor-widget-container\">\n\t\t\t<h2 class=\"elementor-heading-title elementor-size-small\">\u00daltima fecha de modificaci\u00f3n de la informaci\u00f3n: 17-octubre-18<\/h2>\t\t<\/div>\n\t\t\t\t<\/div>\n\t\t\t\t\t\t<\/div>\n\t\t\t\t\t<\/div>\n\t\t<\/div>\n\t\t\t\t\t\t\t\t<\/div>\n\t\t\t\t\t<\/div>\n\t\t<\/section>\n\t\t\t\t\t\t\t\t\t<\/div>\n\t\t\t<\/div>\n\t\t\t\t\t<\/div>\n\t\t","protected":false},"excerpt":{"rendered":"<p>Fracci\u00f3n XXV 25099 T\u00cdTULO NOMBRE CORTO DESCRIPCI\u00d3N FRACCI\u00d3N XXV.- Resultado de la dictaminaci\u00f3n de los estados financieros.\u00a0 a69_f25 &nbsp; 1 1 7 4 7 1 1 1 1 1 1 1 4 1 12 13 14 57016 57023 57013 57027 57015 57025 57012 57021 57019 57014 57011 57024 57017 57020 57018 57026 57022 Tabla Campos [&hellip;]<\/p>\n","protected":false},"author":1,"featured_media":0,"parent":0,"menu_order":0,"comment_status":"closed","ping_status":"closed","template":"page-template-full.php","meta":[],"jetpack_sharing_enabled":true,"_links":{"self":[{"href":"https:\/\/apan.gob.mx\/portal\/wp-json\/wp\/v2\/pages\/3259"}],"collection":[{"href":"https:\/\/apan.gob.mx\/portal\/wp-json\/wp\/v2\/pages"}],"about":[{"href":"https:\/\/apan.gob.mx\/portal\/wp-json\/wp\/v2\/types\/page"}],"author":[{"embeddable":true,"href":"https:\/\/apan.gob.mx\/portal\/wp-json\/wp\/v2\/users\/1"}],"replies":[{"embeddable":true,"href":"https:\/\/apan.gob.mx\/portal\/wp-json\/wp\/v2\/comments?post=3259"}],"version-history":[{"count":4,"href":"https:\/\/apan.gob.mx\/portal\/wp-json\/wp\/v2\/pages\/3259\/revisions"}],"predecessor-version":[{"id":3263,"href":"https:\/\/apan.gob.mx\/portal\/wp-json\/wp\/v2\/pages\/3259\/revisions\/3263"}],"wp:attachment":[{"href":"https:\/\/apan.gob.mx\/portal\/wp-json\/wp\/v2\/media?parent=3259"}],"curies":[{"name":"wp","href":"https:\/\/api.w.org\/{rel}","templated":true}]}}