{"id":3273,"date":"2018-10-18T02:43:32","date_gmt":"2018-10-18T02:43:32","guid":{"rendered":"https:\/\/apan.gob.mx\/portal\/?page_id=3273"},"modified":"2018-10-18T14:08:31","modified_gmt":"2018-10-18T14:08:31","slug":"tesoreria_24_2017_4","status":"publish","type":"page","link":"https:\/\/apan.gob.mx\/portal\/tesoreria_24_2017_4\/","title":{"rendered":"<!--tesoreria_24_2017_4-->"},"content":{"rendered":"\t\t<div data-elementor-type=\"wp-page\" data-elementor-id=\"3273\" class=\"elementor elementor-3273 elementor-bc-flex-widget\">\n\t\t\t\t\t\t<section class=\"has_ae_slider elementor-section elementor-top-section elementor-element elementor-element-tlgqpva elementor-section-boxed elementor-section-height-default elementor-section-height-default ae-bg-gallery-type-default\" data-id=\"tlgqpva\" data-element_type=\"section\" data-e-type=\"section\">\n\t\t\t\t\t\t<div class=\"elementor-container elementor-column-gap-default\">\n\t\t\t\t\t<div class=\"has_ae_slider elementor-column elementor-col-100 elementor-top-column elementor-element elementor-element-coircoa ae-bg-gallery-type-default\" data-id=\"coircoa\" data-element_type=\"column\" data-e-type=\"column\">\n\t\t\t<div class=\"elementor-widget-wrap elementor-element-populated\">\n\t\t\t\t\t\t<div class=\"elementor-element elementor-element-eheetjw elementor-widget elementor-widget-heading\" data-id=\"eheetjw\" data-element_type=\"widget\" data-e-type=\"widget\" data-widget_type=\"heading.default\">\n\t\t\t\t<div class=\"elementor-widget-container\">\n\t\t\t\t\t<h2 class=\"elementor-heading-title elementor-size-medium\">Fracci\u00f3n XXlV<\/h2>\t\t\t\t<\/div>\n\t\t\t\t<\/div>\n\t\t\t\t<div class=\"elementor-element elementor-element-rwtpgpl elementor-widget elementor-widget-html\" data-id=\"rwtpgpl\" data-element_type=\"widget\" data-e-type=\"widget\" data-widget_type=\"html.default\">\n\t\t\t\t<div class=\"elementor-widget-container\">\n\t\t\t\t\t\r\n<style id=\"4to_trim_2017_a69_f24_29747_Styles\">\r\n<!--table\r\n\t{mso-displayed-decimal-separator:\"\\.\";\r\n\tmso-displayed-thousand-separator:\"\\,\";}\r\n.xl1529747\r\n\t{padding-top:1px;\r\n\tpadding-right:1px;\r\n\tpadding-left:1px;\r\n\tmso-ignore:padding;\r\n\tcolor:black;\r\n\tfont-size:11.0pt;\r\n\tfont-weight:400;\r\n\tfont-style:normal;\r\n\ttext-decoration:none;\r\n\tfont-family:Calibri, sans-serif;\r\n\tmso-font-charset:0;\r\n\tmso-number-format:General;\r\n\ttext-align:general;\r\n\tvertical-align:bottom;\r\n\tmso-background-source:auto;\r\n\tmso-pattern:auto;\r\n\twhite-space:nowrap;}\r\n.xl6329747\r\n\t{padding-top:1px;\r\n\tpadding-right:1px;\r\n\tpadding-left:1px;\r\n\tmso-ignore:padding;\r\n\tcolor:black;\r\n\tfont-size:10.0pt;\r\n\tfont-weight:400;\r\n\tfont-style:normal;\r\n\ttext-decoration:none;\r\n\tfont-family:Arial, sans-serif;\r\n\tmso-font-charset:0;\r\n\tmso-number-format:General;\r\n\ttext-align:center;\r\n\tvertical-align:bottom;\r\n\tborder:.5pt solid windowtext;\r\n\tbackground:#E1E1E1;\r\n\tmso-pattern:black none;\r\n\twhite-space:normal;}\r\n.xl6429747\r\n\t{padding-top:1px;\r\n\tpadding-right:1px;\r\n\tpadding-left:1px;\r\n\tmso-ignore:padding;\r\n\tcolor:white;\r\n\tfont-size:11.0pt;\r\n\tfont-weight:700;\r\n\tfont-style:normal;\r\n\ttext-decoration:none;\r\n\tfont-family:Arial, sans-serif;\r\n\tmso-font-charset:0;\r\n\tmso-number-format:General;\r\n\ttext-align:center;\r\n\tvertical-align:bottom;\r\n\tborder:.5pt solid windowtext;\r\n\tbackground:#333333;\r\n\tmso-pattern:black none;\r\n\twhite-space:nowrap;}\r\n.xl6529747\r\n\t{padding-top:1px;\r\n\tpadding-right:1px;\r\n\tpadding-left:1px;\r\n\tmso-ignore:padding;\r\n\tcolor:black;\r\n\tfont-size:10.0pt;\r\n\tfont-weight:400;\r\n\tfont-style:normal;\r\n\ttext-decoration:none;\r\n\tfont-family:Arial, sans-serif;\r\n\tmso-font-charset:0;\r\n\tmso-number-format:General;\r\n\ttext-align:general;\r\n\tvertical-align:bottom;\r\n\tborder:.5pt solid windowtext;\r\n\tbackground:#E1E1E1;\r\n\tmso-pattern:black none;\r\n\twhite-space:nowrap;}\r\n.xl6629747\r\n\t{padding-top:1px;\r\n\tpadding-right:1px;\r\n\tpadding-left:1px;\r\n\tmso-ignore:padding;\r\n\tcolor:black;\r\n\tfont-size:11.0pt;\r\n\tfont-weight:400;\r\n\tfont-style:normal;\r\n\ttext-decoration:none;\r\n\tfont-family:Calibri, sans-serif;\r\n\tmso-font-charset:0;\r\n\tmso-number-format:General;\r\n\ttext-align:general;\r\n\tvertical-align:bottom;\r\n\tborder:.5pt solid windowtext;\r\n\tbackground:white;\r\n\tmso-pattern:black none;\r\n\twhite-space:nowrap;}\r\n.xl6729747\r\n\t{padding-top:1px;\r\n\tpadding-right:1px;\r\n\tpadding-left:1px;\r\n\tmso-ignore:padding;\r\n\tcolor:black;\r\n\tfont-size:11.0pt;\r\n\tfont-weight:400;\r\n\tfont-style:normal;\r\n\ttext-decoration:none;\r\n\tfont-family:Calibri, sans-serif;\r\n\tmso-font-charset:0;\r\n\tmso-number-format:\"Short Date\";\r\n\ttext-align:general;\r\n\tvertical-align:bottom;\r\n\tborder:.5pt solid windowtext;\r\n\tbackground:white;\r\n\tmso-pattern:black none;\r\n\twhite-space:nowrap;}\r\n-->\r\n<\/style>\r\n<\/head>\r\n\r\n<body>\r\n<!--[if !excel]>&nbsp;&nbsp;<![endif]-->\r\n<!--La siguiente informaci\u00f3n se gener\u00f3 mediante el Asistente para publicar como\r\np\u00e1gina web de Microsoft Excel.-->\r\n<!--Si se vuelve a publicar el mismo elemento desde Excel, se reemplazar\u00e1 toda\r\nla informaci\u00f3n comprendida entre las etiquetas DIV.-->\r\n<!----------------------------->\r\n<!--INICIO DE LOS RESULTADOS DEL ASISTENTE PARA PUBLICAR COMO P\u00c1GINA WEB DE\r\nEXCEL -->\r\n<!----------------------------->\r\n\r\n<div id=\"4to_trim_2017_a69_f24_29747\" align=center x:publishsource=\"Excel\">\r\n\r\n<table border=0 cellpadding=0 cellspacing=0 width=7237 style='border-collapse:\r\n collapse;table-layout:fixed;width:5430pt'>\r\n <col width=59 style='mso-width-source:userset;mso-width-alt:2157;width:44pt'>\r\n <col width=118 style='mso-width-source:userset;mso-width-alt:4315;width:89pt'>\r\n <col width=119 style='mso-width-source:userset;mso-width-alt:4352;width:89pt'>\r\n <col width=110 style='mso-width-source:userset;mso-width-alt:4022;width:83pt'>\r\n <col width=56 style='mso-width-source:userset;mso-width-alt:2048;width:42pt'>\r\n <col width=110 style='mso-width-source:userset;mso-width-alt:4022;width:83pt'>\r\n <col width=132 style='mso-width-source:userset;mso-width-alt:4827;width:99pt'>\r\n <col width=267 style='mso-width-source:userset;mso-width-alt:9764;width:200pt'>\r\n <col width=307 style='mso-width-source:userset;mso-width-alt:11227;width:230pt'>\r\n <col width=281 style='mso-width-source:userset;mso-width-alt:10276;width:211pt'>\r\n <col width=272 style='mso-width-source:userset;mso-width-alt:9947;width:204pt'>\r\n <col width=162 style='mso-width-source:userset;mso-width-alt:5924;width:122pt'>\r\n <col width=139 style='mso-width-source:userset;mso-width-alt:5083;width:104pt'>\r\n <col width=313 style='mso-width-source:userset;mso-width-alt:11446;width:235pt'>\r\n <col width=289 style='mso-width-source:userset;mso-width-alt:10569;width:217pt'>\r\n <col width=199 style='mso-width-source:userset;mso-width-alt:7277;width:149pt'>\r\n <col width=275 style='mso-width-source:userset;mso-width-alt:10057;width:206pt'>\r\n <col width=263 style='mso-width-source:userset;mso-width-alt:9618;width:197pt'>\r\n <col width=294 style='mso-width-source:userset;mso-width-alt:10752;width:221pt'>\r\n <col width=239 style='mso-width-source:userset;mso-width-alt:8740;width:179pt'>\r\n <col width=253 style='mso-width-source:userset;mso-width-alt:9252;width:190pt'>\r\n <col width=256 style='mso-width-source:userset;mso-width-alt:9362;width:192pt'>\r\n <col width=196 style='mso-width-source:userset;mso-width-alt:7168;width:147pt'>\r\n <col width=185 style='mso-width-source:userset;mso-width-alt:6765;width:139pt'>\r\n <col width=128 style='mso-width-source:userset;mso-width-alt:4681;width:96pt'>\r\n <col width=224 style='mso-width-source:userset;mso-width-alt:8192;width:168pt'>\r\n <col width=56 style='mso-width-source:userset;mso-width-alt:2048;width:42pt'>\r\n <col width=145 style='mso-width-source:userset;mso-width-alt:5302;width:109pt'>\r\n <col width=1790 style='mso-width-source:userset;mso-width-alt:65462;\r\n width:1343pt'>\r\n <tr height=0 style='display:none'>\r\n  <td class=xl1529747 width=59 style='width:44pt'>35927<\/td>\r\n  <td class=xl1529747 width=118 style='width:89pt'><\/td>\r\n  <td class=xl1529747 width=119 style='width:89pt'><\/td>\r\n  <td class=xl1529747 width=110 style='width:83pt'><\/td>\r\n  <td class=xl1529747 width=56 style='width:42pt'><\/td>\r\n  <td class=xl1529747 width=110 style='width:83pt'><\/td>\r\n  <td class=xl1529747 width=132 style='width:99pt'><\/td>\r\n  <td class=xl1529747 width=267 style='width:200pt'><\/td>\r\n  <td class=xl1529747 width=307 style='width:230pt'><\/td>\r\n  <td class=xl1529747 width=281 style='width:211pt'><\/td>\r\n  <td class=xl1529747 width=272 style='width:204pt'><\/td>\r\n  <td class=xl1529747 width=162 style='width:122pt'><\/td>\r\n  <td class=xl1529747 width=139 style='width:104pt'><\/td>\r\n  <td class=xl1529747 width=313 style='width:235pt'><\/td>\r\n  <td class=xl1529747 width=289 style='width:217pt'><\/td>\r\n  <td class=xl1529747 width=199 style='width:149pt'><\/td>\r\n  <td class=xl1529747 width=275 style='width:206pt'><\/td>\r\n  <td class=xl1529747 width=263 style='width:197pt'><\/td>\r\n  <td class=xl1529747 width=294 style='width:221pt'><\/td>\r\n  <td class=xl1529747 width=239 style='width:179pt'><\/td>\r\n  <td class=xl1529747 width=253 style='width:190pt'><\/td>\r\n  <td class=xl1529747 width=256 style='width:192pt'><\/td>\r\n  <td class=xl1529747 width=196 style='width:147pt'><\/td>\r\n  <td class=xl1529747 width=185 style='width:139pt'><\/td>\r\n  <td class=xl1529747 width=128 style='width:96pt'><\/td>\r\n  <td class=xl1529747 width=224 style='width:168pt'><\/td>\r\n  <td class=xl1529747 width=56 style='width:42pt'><\/td>\r\n  <td class=xl1529747 width=145 style='width:109pt'><\/td>\r\n  <td class=xl1529747 width=1790 style='width:1343pt'><\/td>\r\n <\/tr>\r\n <tr height=20 style='height:15.0pt'>\r\n  <td colspan=3 height=20 class=xl6429747 style='height:15.0pt'>T\u00cdTULO<\/td>\r\n  <td colspan=3 class=xl6429747>NOMBRE CORTO<\/td>\r\n  <td colspan=3 class=xl6429747>DESCRIPCI\u00d3N<\/td>\r\n  <td class=xl1529747><\/td>\r\n  <td class=xl1529747><\/td>\r\n  <td class=xl1529747><\/td>\r\n  <td class=xl1529747><\/td>\r\n  <td class=xl1529747><\/td>\r\n  <td class=xl1529747><\/td>\r\n  <td class=xl1529747><\/td>\r\n  <td class=xl1529747><\/td>\r\n  <td class=xl1529747><\/td>\r\n  <td class=xl1529747><\/td>\r\n  <td class=xl1529747><\/td>\r\n  <td class=xl1529747><\/td>\r\n  <td class=xl1529747><\/td>\r\n  <td class=xl1529747><\/td>\r\n  <td class=xl1529747><\/td>\r\n  <td class=xl1529747><\/td>\r\n  <td class=xl1529747><\/td>\r\n  <td class=xl1529747><\/td>\r\n  <td class=xl1529747><\/td>\r\n  <td class=xl1529747><\/td>\r\n <\/tr>\r\n <tr height=20 style='height:15.0pt'>\r\n  <td colspan=3 height=20 class=xl6529747 style='height:15.0pt'>FRACCI\u00d3N XXIV.-\r\n  Informes de resultados de las auditor\u00edas al ejercicio presupuestal.<\/td>\r\n  <td colspan=3 class=xl6529747>a69_f24<\/td>\r\n  <td colspan=3 class=xl6529747>Los informes de resultados de las auditor\u00edas al\r\n  ejercicio presupuestal de cada sujeto obligado que se realicen y, en su caso,\r\n  las aclaraciones que correspondan;<\/td>\r\n  <td class=xl1529747><\/td>\r\n  <td class=xl1529747><\/td>\r\n  <td class=xl1529747><\/td>\r\n  <td class=xl1529747><\/td>\r\n  <td class=xl1529747><\/td>\r\n  <td class=xl1529747><\/td>\r\n  <td class=xl1529747><\/td>\r\n  <td class=xl1529747><\/td>\r\n  <td class=xl1529747><\/td>\r\n  <td class=xl1529747><\/td>\r\n  <td class=xl1529747><\/td>\r\n  <td class=xl1529747><\/td>\r\n  <td class=xl1529747><\/td>\r\n  <td class=xl1529747><\/td>\r\n  <td class=xl1529747><\/td>\r\n  <td class=xl1529747><\/td>\r\n  <td class=xl1529747><\/td>\r\n  <td class=xl1529747><\/td>\r\n  <td class=xl1529747><\/td>\r\n  <td class=xl1529747><\/td>\r\n <\/tr>\r\n <tr height=0 style='display:none'>\r\n  <td class=xl1529747>1<\/td>\r\n  <td class=xl1529747>1<\/td>\r\n  <td class=xl1529747>1<\/td>\r\n  <td class=xl1529747>1<\/td>\r\n  <td class=xl1529747>9<\/td>\r\n  <td class=xl1529747>1<\/td>\r\n  <td class=xl1529747>1<\/td>\r\n  <td class=xl1529747>1<\/td>\r\n  <td class=xl1529747>1<\/td>\r\n  <td class=xl1529747>1<\/td>\r\n  <td class=xl1529747>2<\/td>\r\n  <td class=xl1529747>2<\/td>\r\n  <td class=xl1529747>2<\/td>\r\n  <td class=xl1529747>7<\/td>\r\n  <td class=xl1529747>2<\/td>\r\n  <td class=xl1529747>2<\/td>\r\n  <td class=xl1529747>7<\/td>\r\n  <td class=xl1529747>2<\/td>\r\n  <td class=xl1529747>2<\/td>\r\n  <td class=xl1529747>1<\/td>\r\n  <td class=xl1529747>3<\/td>\r\n  <td class=xl1529747>2<\/td>\r\n  <td class=xl1529747>3<\/td>\r\n  <td class=xl1529747>7<\/td>\r\n  <td class=xl1529747>4<\/td>\r\n  <td class=xl1529747>1<\/td>\r\n  <td class=xl1529747>12<\/td>\r\n  <td class=xl1529747>13<\/td>\r\n  <td class=xl1529747>14<\/td>\r\n <\/tr>\r\n <tr height=0 style='display:none'>\r\n  <td class=xl1529747>235702<\/td>\r\n  <td class=xl1529747>235692<\/td>\r\n  <td class=xl1529747>235693<\/td>\r\n  <td class=xl1529747>235694<\/td>\r\n  <td class=xl1529747>235716<\/td>\r\n  <td class=xl1529747>235695<\/td>\r\n  <td class=xl1529747>235696<\/td>\r\n  <td class=xl1529747>235697<\/td>\r\n  <td class=xl1529747>235698<\/td>\r\n  <td class=xl1529747>235699<\/td>\r\n  <td class=xl1529747>235703<\/td>\r\n  <td class=xl1529747>235705<\/td>\r\n  <td class=xl1529747>235704<\/td>\r\n  <td class=xl1529747>235713<\/td>\r\n  <td class=xl1529747>235710<\/td>\r\n  <td class=xl1529747>235709<\/td>\r\n  <td class=xl1529747>235714<\/td>\r\n  <td class=xl1529747>235706<\/td>\r\n  <td class=xl1529747>235707<\/td>\r\n  <td class=xl1529747>235700<\/td>\r\n  <td class=xl1529747>235711<\/td>\r\n  <td class=xl1529747>235708<\/td>\r\n  <td class=xl1529747>235720<\/td>\r\n  <td class=xl1529747>235715<\/td>\r\n  <td class=xl1529747>235712<\/td>\r\n  <td class=xl1529747>235701<\/td>\r\n  <td class=xl1529747>235717<\/td>\r\n  <td class=xl1529747>235718<\/td>\r\n  <td class=xl1529747>235719<\/td>\r\n <\/tr>\r\n <tr height=20 style='height:15.0pt'>\r\n  <td colspan=29 height=20 class=xl6429747 style='height:15.0pt'>Tabla Campos<\/td>\r\n <\/tr>\r\n <tr height=35 style='height:26.25pt'>\r\n  <td height=35 class=xl6329747 width=59 style='height:26.25pt;width:44pt'><span\r\n  style='mso-spacerun:yes'>\u00a0<\/span>Ejercicio<\/td>\r\n  <td class=xl6329747 width=118 style='border-left:none;width:89pt'><span\r\n  style='mso-spacerun:yes'>\u00a0<\/span>Periodo Trimestral<\/td>\r\n  <td class=xl6329747 width=119 style='border-left:none;width:89pt'><span\r\n  style='mso-spacerun:yes'>\u00a0<\/span>Ejercicio Auditado:<\/td>\r\n  <td class=xl6329747 width=110 style='border-left:none;width:83pt'><span\r\n  style='mso-spacerun:yes'>\u00a0<\/span>Periodo Auditado<\/td>\r\n  <td class=xl6329747 width=56 style='border-left:none;width:42pt'><span\r\n  style='mso-spacerun:yes'>\u00a0<\/span>Rubro<\/td>\r\n  <td class=xl6329747 width=110 style='border-left:none;width:83pt'><span\r\n  style='mso-spacerun:yes'>\u00a0<\/span>Tipo de Auditor\u00eda<\/td>\r\n  <td class=xl6329747 width=132 style='border-left:none;width:99pt'><span\r\n  style='mso-spacerun:yes'>\u00a0<\/span>N\u00famero de Auditor\u00eda<\/td>\r\n  <td class=xl6329747 width=267 style='border-left:none;width:200pt'><span\r\n  style='mso-spacerun:yes'>\u00a0<\/span>\u00d3rgano Que Realiz\u00f3 La Revisi\u00f3n O Auditor\u00eda<\/td>\r\n  <td class=xl6329747 width=307 style='border-left:none;width:230pt'><span\r\n  style='mso-spacerun:yes'>\u00a0<\/span>N\u00famero Del Oficio de Inicio de Trabajo de\r\n  Revisi\u00f3n<\/td>\r\n  <td class=xl6329747 width=281 style='border-left:none;width:211pt'><span\r\n  style='mso-spacerun:yes'>\u00a0<\/span>N\u00famero Del Oficio de Solicitud de\r\n  Informaci\u00f3n<\/td>\r\n  <td class=xl6329747 width=272 style='border-left:none;width:204pt'><span\r\n  style='mso-spacerun:yes'>\u00a0<\/span>Objetivo(s) de La Realizaci\u00f3n de La\r\n  Auditor\u00eda<\/td>\r\n  <td class=xl6329747 width=162 style='border-left:none;width:122pt'><span\r\n  style='mso-spacerun:yes'>\u00a0<\/span>Rubros Sujetos a Revisi\u00f3n<\/td>\r\n  <td class=xl6329747 width=139 style='border-left:none;width:104pt'><span\r\n  style='mso-spacerun:yes'>\u00a0<\/span>Fundamentos Legales<\/td>\r\n  <td class=xl6329747 width=313 style='border-left:none;width:235pt'><span\r\n  style='mso-spacerun:yes'>\u00a0<\/span>Hiperv\u00ednculo Al Oficio de Notificaci\u00f3n de\r\n  Resultados<\/td>\r\n  <td class=xl6329747 width=289 style='border-left:none;width:217pt'><span\r\n  style='mso-spacerun:yes'>\u00a0<\/span>N\u00famero de Oficio de Notificaci\u00f3n de\r\n  Resultados<\/td>\r\n  <td class=xl6329747 width=199 style='border-left:none;width:149pt'><span\r\n  style='mso-spacerun:yes'>\u00a0<\/span>Por Rubro, Especificar Hallazgos<\/td>\r\n  <td class=xl6329747 width=275 style='border-left:none;width:206pt'><span\r\n  style='mso-spacerun:yes'>\u00a0<\/span>Hiperv\u00ednculo a Las Recomendaciones Hechas<\/td>\r\n  <td class=xl6329747 width=263 style='border-left:none;width:197pt'><span\r\n  style='mso-spacerun:yes'>\u00a0<\/span>Informes Finales, de Revisi\u00f3n Y\/o Dictamen<\/td>\r\n  <td class=xl6329747 width=294 style='border-left:none;width:221pt'><span\r\n  style='mso-spacerun:yes'>\u00a0<\/span>Acci\u00f3n Implementada por El \u00d3rgano\r\n  Fiscalizador<\/td>\r\n  <td class=xl6329747 width=239 style='border-left:none;width:179pt'><span\r\n  style='mso-spacerun:yes'>\u00a0<\/span>Responsable de Recibir Los Resultados<\/td>\r\n  <td class=xl6329747 width=253 style='border-left:none;width:190pt'><span\r\n  style='mso-spacerun:yes'>\u00a0<\/span>Total de Solv Y\/o Aclaraciones Realizadas<\/td>\r\n  <td class=xl6329747 width=256 style='border-left:none;width:192pt'><span\r\n  style='mso-spacerun:yes'>\u00a0<\/span>Informe Aclaraciones por Y Promovidas Of<\/td>\r\n  <td class=xl6329747 width=196 style='border-left:none;width:147pt'><span\r\n  style='mso-spacerun:yes'>\u00a0<\/span>Total de Acciones por Solventar<\/td>\r\n  <td class=xl6329747 width=185 style='border-left:none;width:139pt'><span\r\n  style='mso-spacerun:yes'>\u00a0<\/span>Programa Anual de Auditor\u00edas<\/td>\r\n  <td class=xl6329747 width=128 style='border-left:none;width:96pt'><span\r\n  style='mso-spacerun:yes'>\u00a0<\/span>Fecha de Validaci\u00f3n<\/td>\r\n  <td class=xl6329747 width=224 style='border-left:none;width:168pt'><span\r\n  style='mso-spacerun:yes'>\u00a0<\/span>\u00c1rea Responsable de La Informaci\u00f3n<\/td>\r\n  <td class=xl6329747 width=56 style='border-left:none;width:42pt'><span\r\n  style='mso-spacerun:yes'>\u00a0<\/span>A\u00f1o<\/td>\r\n  <td class=xl6329747 width=145 style='border-left:none;width:109pt'><span\r\n  style='mso-spacerun:yes'>\u00a0<\/span>Fecha de Actualizaci\u00f3n<\/td>\r\n  <td class=xl6329747 width=1790 style='border-left:none;width:1343pt'><span\r\n  style='mso-spacerun:yes'>\u00a0<\/span>Nota<\/td>\r\n <\/tr>\r\n <tr height=20 style='height:15.0pt'>\r\n  <td height=20 class=xl6629747 align=right style='height:15.0pt;border-top:\r\n  none'>2017<\/td>\r\n  <td class=xl6629747 style='border-top:none;border-left:none'>Octubre -\r\n  Diciembr<span style='display:none'>e<\/span><\/td>\r\n  <td class=xl6629747 style='border-top:none;border-left:none'>&nbsp;<\/td>\r\n  <td class=xl6629747 style='border-top:none;border-left:none'>&nbsp;<\/td>\r\n  <td class=xl6629747 style='border-top:none;border-left:none'>&nbsp;<\/td>\r\n  <td class=xl6629747 style='border-top:none;border-left:none'>&nbsp;<\/td>\r\n  <td class=xl6629747 style='border-top:none;border-left:none'>&nbsp;<\/td>\r\n  <td class=xl6629747 style='border-top:none;border-left:none'>&nbsp;<\/td>\r\n  <td class=xl6629747 style='border-top:none;border-left:none'>&nbsp;<\/td>\r\n  <td class=xl6629747 style='border-top:none;border-left:none'>&nbsp;<\/td>\r\n  <td class=xl6629747 style='border-top:none;border-left:none'>&nbsp;<\/td>\r\n  <td class=xl6629747 style='border-top:none;border-left:none'>&nbsp;<\/td>\r\n  <td class=xl6629747 style='border-top:none;border-left:none'>&nbsp;<\/td>\r\n  <td class=xl6629747 style='border-top:none;border-left:none'>&nbsp;<\/td>\r\n  <td class=xl6629747 style='border-top:none;border-left:none'>&nbsp;<\/td>\r\n  <td class=xl6629747 style='border-top:none;border-left:none'>&nbsp;<\/td>\r\n  <td class=xl6629747 style='border-top:none;border-left:none'>&nbsp;<\/td>\r\n  <td class=xl6629747 style='border-top:none;border-left:none'>&nbsp;<\/td>\r\n  <td class=xl6629747 style='border-top:none;border-left:none'>&nbsp;<\/td>\r\n  <td class=xl6629747 style='border-top:none;border-left:none'>&nbsp;<\/td>\r\n  <td class=xl6629747 style='border-top:none;border-left:none'>&nbsp;<\/td>\r\n  <td class=xl6629747 style='border-top:none;border-left:none'>&nbsp;<\/td>\r\n  <td class=xl6629747 style='border-top:none;border-left:none'>&nbsp;<\/td>\r\n  <td class=xl6629747 style='border-top:none;border-left:none'>&nbsp;<\/td>\r\n  <td class=xl6729747 align=right style='border-top:none;border-left:none'>08\/01\/2018<\/td>\r\n  <td class=xl6629747 style='border-top:none;border-left:none'>Tesoreria\r\n  Municipal de Apan Hidalg<span style='display:none'>o<\/span><\/td>\r\n  <td class=xl6629747 align=right style='border-top:none;border-left:none'>2018<\/td>\r\n  <td class=xl6729747 align=right style='border-top:none;border-left:none'>08\/01\/2018<\/td>\r\n  <td class=xl6629747 style='border-top:none;border-left:none'>Al periodo\r\n  reportado<span style='mso-spacerun:yes'>\u00a0\u00a0 <\/span>no se tienen ejercicios\r\n  auditados pendientes de dictaminar anteriores a 2015 dado que las cuentas de\r\n  2014 y anteriores est\u00e1n solventadas, el dictamen de la auditor\u00eda del primero\r\n  se encuentra<span style='mso-spacerun:yes'>\u00a0 <\/span>en\r\n  http:\/\/web.aseh.gob.mx\/archivos\/transparencia\/informes\/informes_auditoria\/2015\/municipios\/8.pdf,\r\n  sin embargo, el pliego de observaciones est\u00e1 clasificado reservado por la\r\n  propia ASEH.<\/td>\r\n <\/tr>\r\n <![if supportMisalignedColumns]>\r\n <tr height=0 style='display:none'>\r\n  <td width=59 style='width:44pt'><\/td>\r\n  <td width=118 style='width:89pt'><\/td>\r\n  <td width=119 style='width:89pt'><\/td>\r\n  <td width=110 style='width:83pt'><\/td>\r\n  <td width=56 style='width:42pt'><\/td>\r\n  <td width=110 style='width:83pt'><\/td>\r\n  <td width=132 style='width:99pt'><\/td>\r\n  <td width=267 style='width:200pt'><\/td>\r\n  <td width=307 style='width:230pt'><\/td>\r\n  <td width=281 style='width:211pt'><\/td>\r\n  <td width=272 style='width:204pt'><\/td>\r\n  <td width=162 style='width:122pt'><\/td>\r\n  <td width=139 style='width:104pt'><\/td>\r\n  <td width=313 style='width:235pt'><\/td>\r\n  <td width=289 style='width:217pt'><\/td>\r\n  <td width=199 style='width:149pt'><\/td>\r\n  <td width=275 style='width:206pt'><\/td>\r\n  <td width=263 style='width:197pt'><\/td>\r\n  <td width=294 style='width:221pt'><\/td>\r\n  <td width=239 style='width:179pt'><\/td>\r\n  <td width=253 style='width:190pt'><\/td>\r\n  <td width=256 style='width:192pt'><\/td>\r\n  <td width=196 style='width:147pt'><\/td>\r\n  <td width=185 style='width:139pt'><\/td>\r\n  <td width=128 style='width:96pt'><\/td>\r\n  <td width=224 style='width:168pt'><\/td>\r\n  <td width=56 style='width:42pt'><\/td>\r\n  <td width=145 style='width:109pt'><\/td>\r\n  <td width=1790 style='width:1343pt'><\/td>\r\n <\/tr>\r\n <![endif]>\r\n<\/table>\r\n\r\n<\/div>\r\n\r\n\r\n\r\n\t\t\t\t<\/div>\n\t\t\t\t<\/div>\n\t\t\t\t<div class=\"elementor-element elementor-element-orfm8vu elementor-widget elementor-widget-button\" data-id=\"orfm8vu\" data-element_type=\"widget\" data-e-type=\"widget\" data-widget_type=\"button.default\">\n\t\t\t\t<div class=\"elementor-widget-container\">\n\t\t\t\t\t\t\t\t\t<div class=\"elementor-button-wrapper\">\n\t\t\t\t\t<a class=\"elementor-button elementor-button-link elementor-size-sm\" href=\"https:\/\/www.apan.gob.mx\/descargables\/transparencia\/articulo69\/fraccion24\/2017_4\/tesoreria\/4to_trim_2017_a69_f24.xlsx\">\n\t\t\t\t\t\t<span class=\"elementor-button-content-wrapper\">\n\t\t\t\t\t\t\t\t\t<span class=\"elementor-button-text\">Descargar<\/span>\n\t\t\t\t\t<\/span>\n\t\t\t\t\t<\/a>\n\t\t\t\t<\/div>\n\t\t\t\t\t\t\t\t<\/div>\n\t\t\t\t<\/div>\n\t\t\t\t<div class=\"elementor-element elementor-element-abnixko elementor-widget elementor-widget-heading\" data-id=\"abnixko\" data-element_type=\"widget\" data-e-type=\"widget\" data-widget_type=\"heading.default\">\n\t\t\t\t<div class=\"elementor-widget-container\">\n\t\t\t\t\t<h2 class=\"elementor-heading-title elementor-size-small\">\u00daltima fecha de modificaci\u00f3n de la informaci\u00f3n: 17-octubre-18<\/h2>\t\t\t\t<\/div>\n\t\t\t\t<\/div>\n\t\t\t\t\t<\/div>\n\t\t<\/div>\n\t\t\t\t\t<\/div>\n\t\t<\/section>\n\t\t\t\t<\/div>\n\t\t","protected":false},"excerpt":{"rendered":"<p>Fracci\u00f3n XXlV 35927 T\u00cdTULO NOMBRE CORTO DESCRIPCI\u00d3N FRACCI\u00d3N XXIV.- Informes de resultados de las auditor\u00edas al ejercicio presupuestal. a69_f24 Los informes de resultados de las auditor\u00edas al ejercicio presupuestal de cada sujeto obligado que se realicen y, en su caso, las aclaraciones que correspondan; 1 1 1 1 9 1 1 1 1 1 2 [&hellip;]<\/p>\n","protected":false},"author":1,"featured_media":0,"parent":0,"menu_order":0,"comment_status":"closed","ping_status":"closed","template":"page-template-full.php","meta":{"footnotes":""},"class_list":["post-3273","page","type-page","status-publish","hentry"],"jetpack_sharing_enabled":true,"_links":{"self":[{"href":"https:\/\/apan.gob.mx\/portal\/wp-json\/wp\/v2\/pages\/3273","targetHints":{"allow":["GET"]}}],"collection":[{"href":"https:\/\/apan.gob.mx\/portal\/wp-json\/wp\/v2\/pages"}],"about":[{"href":"https:\/\/apan.gob.mx\/portal\/wp-json\/wp\/v2\/types\/page"}],"author":[{"embeddable":true,"href":"https:\/\/apan.gob.mx\/portal\/wp-json\/wp\/v2\/users\/1"}],"replies":[{"embeddable":true,"href":"https:\/\/apan.gob.mx\/portal\/wp-json\/wp\/v2\/comments?post=3273"}],"version-history":[{"count":3,"href":"https:\/\/apan.gob.mx\/portal\/wp-json\/wp\/v2\/pages\/3273\/revisions"}],"predecessor-version":[{"id":3278,"href":"https:\/\/apan.gob.mx\/portal\/wp-json\/wp\/v2\/pages\/3273\/revisions\/3278"}],"wp:attachment":[{"href":"https:\/\/apan.gob.mx\/portal\/wp-json\/wp\/v2\/media?parent=3273"}],"curies":[{"name":"wp","href":"https:\/\/api.w.org\/{rel}","templated":true}]}}