{"id":3280,"date":"2018-10-18T14:10:16","date_gmt":"2018-10-18T14:10:16","guid":{"rendered":"https:\/\/apan.gob.mx\/portal\/?page_id=3280"},"modified":"2018-10-18T14:14:55","modified_gmt":"2018-10-18T14:14:55","slug":"tesoreria_26_2017_4","status":"publish","type":"page","link":"https:\/\/apan.gob.mx\/portal\/tesoreria_26_2017_4\/","title":{"rendered":"<!--tesoreria_26_2017_4-->"},"content":{"rendered":"\t\t<div data-elementor-type=\"wp-page\" data-elementor-id=\"3280\" class=\"elementor elementor-3280 elementor-bc-flex-widget\">\n\t\t\t\t\t\t<section class=\"has_ae_slider elementor-section elementor-top-section elementor-element elementor-element-pcrvxay elementor-section-boxed elementor-section-height-default elementor-section-height-default ae-bg-gallery-type-default\" data-id=\"pcrvxay\" data-element_type=\"section\" data-e-type=\"section\">\n\t\t\t\t\t\t<div class=\"elementor-container elementor-column-gap-default\">\n\t\t\t\t\t<div class=\"has_ae_slider elementor-column elementor-col-100 elementor-top-column elementor-element elementor-element-vwzgxqr ae-bg-gallery-type-default\" data-id=\"vwzgxqr\" data-element_type=\"column\" data-e-type=\"column\">\n\t\t\t<div class=\"elementor-widget-wrap elementor-element-populated\">\n\t\t\t\t\t\t<div class=\"elementor-element elementor-element-powshzn elementor-widget elementor-widget-heading\" data-id=\"powshzn\" data-element_type=\"widget\" data-e-type=\"widget\" data-widget_type=\"heading.default\">\n\t\t\t\t<div class=\"elementor-widget-container\">\n\t\t\t\t\t<h2 class=\"elementor-heading-title elementor-size-medium\">Fracci\u00f3n XXVl<\/h2>\t\t\t\t<\/div>\n\t\t\t\t<\/div>\n\t\t\t\t<div class=\"elementor-element elementor-element-h8j8mhr elementor-widget elementor-widget-html\" data-id=\"h8j8mhr\" data-element_type=\"widget\" data-e-type=\"widget\" data-widget_type=\"html.default\">\n\t\t\t\t<div class=\"elementor-widget-container\">\n\t\t\t\t\t\r\n<style>\r\nv\\:* {behavior:url(#default#VML);}\r\no\\:* {behavior:url(#default#VML);}\r\nx\\:* {behavior:url(#default#VML);}\r\n.shape {behavior:url(#default#VML);}\r\n<\/style>\r\n<![endif]-->\r\n<style id=\"4to_trim_2017_a69_f26_16560_Styles\">\r\n<!--table\r\n\t{mso-displayed-decimal-separator:\"\\.\";\r\n\tmso-displayed-thousand-separator:\"\\,\";}\r\n.xl1516560\r\n\t{padding:0px;\r\n\tmso-ignore:padding;\r\n\tcolor:black;\r\n\tfont-size:11.0pt;\r\n\tfont-weight:400;\r\n\tfont-style:normal;\r\n\ttext-decoration:none;\r\n\tfont-family:Calibri, sans-serif;\r\n\tmso-font-charset:0;\r\n\tmso-number-format:General;\r\n\ttext-align:general;\r\n\tvertical-align:bottom;\r\n\tmso-background-source:auto;\r\n\tmso-pattern:auto;\r\n\twhite-space:nowrap;}\r\n.xl6316560\r\n\t{padding:0px;\r\n\tmso-ignore:padding;\r\n\tcolor:black;\r\n\tfont-size:10.0pt;\r\n\tfont-weight:400;\r\n\tfont-style:normal;\r\n\ttext-decoration:none;\r\n\tfont-family:Arial, sans-serif;\r\n\tmso-font-charset:0;\r\n\tmso-number-format:General;\r\n\ttext-align:center;\r\n\tvertical-align:bottom;\r\n\tborder:.5pt solid windowtext;\r\n\tbackground:#E1E1E1;\r\n\tmso-pattern:black none;\r\n\twhite-space:normal;}\r\n.xl6416560\r\n\t{padding:0px;\r\n\tmso-ignore:padding;\r\n\tcolor:white;\r\n\tfont-size:11.0pt;\r\n\tfont-weight:700;\r\n\tfont-style:normal;\r\n\ttext-decoration:none;\r\n\tfont-family:Arial, sans-serif;\r\n\tmso-font-charset:0;\r\n\tmso-number-format:General;\r\n\ttext-align:center;\r\n\tvertical-align:bottom;\r\n\tborder:.5pt solid windowtext;\r\n\tbackground:#333333;\r\n\tmso-pattern:black none;\r\n\twhite-space:normal;}\r\n.xl6516560\r\n\t{padding:0px;\r\n\tmso-ignore:padding;\r\n\tcolor:black;\r\n\tfont-size:10.0pt;\r\n\tfont-weight:400;\r\n\tfont-style:normal;\r\n\ttext-decoration:none;\r\n\tfont-family:Arial, sans-serif;\r\n\tmso-font-charset:0;\r\n\tmso-number-format:General;\r\n\ttext-align:general;\r\n\tvertical-align:bottom;\r\n\tborder:.5pt solid windowtext;\r\n\tbackground:#E1E1E1;\r\n\tmso-pattern:black none;\r\n\twhite-space:nowrap;}\r\n.xl6616560\r\n\t{padding:0px;\r\n\tmso-ignore:padding;\r\n\tcolor:black;\r\n\tfont-size:11.0pt;\r\n\tfont-weight:400;\r\n\tfont-style:normal;\r\n\ttext-decoration:none;\r\n\tfont-family:Calibri, sans-serif;\r\n\tmso-font-charset:0;\r\n\tmso-number-format:General;\r\n\ttext-align:general;\r\n\tvertical-align:bottom;\r\n\tmso-background-source:auto;\r\n\tmso-pattern:auto;\r\n\twhite-space:normal;}\r\n.xl6716560\r\n\t{padding:0px;\r\n\tmso-ignore:padding;\r\n\tcolor:black;\r\n\tfont-size:11.0pt;\r\n\tfont-weight:400;\r\n\tfont-style:normal;\r\n\ttext-decoration:none;\r\n\tfont-family:Calibri, sans-serif;\r\n\tmso-font-charset:0;\r\n\tmso-number-format:General;\r\n\ttext-align:general;\r\n\tvertical-align:bottom;\r\n\tborder:.5pt solid windowtext;\r\n\tbackground:white;\r\n\tmso-pattern:black none;\r\n\twhite-space:nowrap;}\r\n.xl6816560\r\n\t{padding:0px;\r\n\tmso-ignore:padding;\r\n\tcolor:black;\r\n\tfont-size:11.0pt;\r\n\tfont-weight:400;\r\n\tfont-style:normal;\r\n\ttext-decoration:none;\r\n\tfont-family:Calibri, sans-serif;\r\n\tmso-font-charset:0;\r\n\tmso-number-format:\"Short Date\";\r\n\ttext-align:general;\r\n\tvertical-align:bottom;\r\n\tborder:.5pt solid windowtext;\r\n\tbackground:white;\r\n\tmso-pattern:black none;\r\n\twhite-space:nowrap;}\r\n.xl6916560\r\n\t{padding:0px;\r\n\tmso-ignore:padding;\r\n\tcolor:black;\r\n\tfont-size:11.0pt;\r\n\tfont-weight:400;\r\n\tfont-style:normal;\r\n\ttext-decoration:none;\r\n\tfont-family:Calibri, sans-serif;\r\n\tmso-font-charset:0;\r\n\tmso-number-format:General;\r\n\ttext-align:general;\r\n\tvertical-align:bottom;\r\n\tborder:.5pt solid windowtext;\r\n\tbackground:white;\r\n\tmso-pattern:black none;\r\n\twhite-space:normal;}\r\n.xl7016560\r\n\t{padding:0px;\r\n\tmso-ignore:padding;\r\n\tcolor:black;\r\n\tfont-size:10.0pt;\r\n\tfont-weight:400;\r\n\tfont-style:normal;\r\n\ttext-decoration:none;\r\n\tfont-family:Arial, sans-serif;\r\n\tmso-font-charset:0;\r\n\tmso-number-format:General;\r\n\ttext-align:general;\r\n\tvertical-align:bottom;\r\n\tborder:.5pt solid windowtext;\r\n\tbackground:#E1E1E1;\r\n\tmso-pattern:black none;\r\n\twhite-space:normal;}\r\n-->\r\n<\/style>\r\n<\/head>\r\n\r\n<body>\r\n<!--[if !excel]>&nbsp;&nbsp;<![endif]-->\r\n<!--La siguiente informaci\u00f3n se gener\u00f3 mediante el Asistente para publicar como\r\np\u00e1gina web de Microsoft Excel.-->\r\n<!--Si se vuelve a publicar el mismo elemento desde Excel, se reemplazar\u00e1 toda\r\nla informaci\u00f3n comprendida entre las etiquetas DIV.-->\r\n<!----------------------------->\r\n<!--INICIO DE LOS RESULTADOS DEL ASISTENTE PARA PUBLICAR COMO P\u00c1GINA WEB DE\r\nEXCEL -->\r\n<!----------------------------->\r\n\r\n<div id=\"4to_trim_2017_a69_f26_16560\" align=center x:publishsource=\"Excel\">\r\n\r\n<table border=0 cellpadding=0 cellspacing=0 width=5965 style='border-collapse:\r\n collapse;table-layout:fixed;width:4478pt'>\r\n <col width=59 style='mso-width-source:userset;mso-width-alt:2157;width:44pt'>\r\n <col width=149 style='mso-width-source:userset;mso-width-alt:5449;width:112pt'>\r\n <col width=195 style='mso-width-source:userset;mso-width-alt:7131;width:146pt'>\r\n <col width=225 style='mso-width-source:userset;mso-width-alt:8228;width:169pt'>\r\n <col width=306 style='mso-width-source:userset;mso-width-alt:11190;width:230pt'>\r\n <col width=322 style='mso-width-source:userset;mso-width-alt:11776;width:242pt'>\r\n <col width=326 style='mso-width-source:userset;mso-width-alt:11922;width:245pt'>\r\n <col width=300 style='mso-width-source:userset;mso-width-alt:10971;width:225pt'>\r\n <col width=301 style='mso-width-source:userset;mso-width-alt:11008;width:226pt'>\r\n <col width=237 style='mso-width-source:userset;mso-width-alt:8667;width:178pt'>\r\n <col width=265 style='mso-width-source:userset;mso-width-alt:9691;width:199pt'>\r\n <col width=292 style='mso-width-source:userset;mso-width-alt:10678;width:219pt'>\r\n <col width=305 style='mso-width-source:userset;mso-width-alt:11154;width:229pt'>\r\n <col width=281 style='mso-width-source:userset;mso-width-alt:10276;width:211pt'>\r\n <col width=317 style='mso-width-source:userset;mso-width-alt:11593;width:238pt'>\r\n <col width=270 style='mso-width-source:userset;mso-width-alt:9874;width:203pt'>\r\n <col width=225 style='mso-width-source:userset;mso-width-alt:8228;width:169pt'>\r\n <col width=291 style='mso-width-source:userset;mso-width-alt:10642;width:218pt'>\r\n <col width=301 style='mso-width-source:userset;mso-width-alt:11008;width:226pt'>\r\n <col width=128 style='mso-width-source:userset;mso-width-alt:4681;width:96pt'>\r\n <col width=228 style='mso-width-source:userset;mso-width-alt:8338;width:171pt'>\r\n <col width=56 style='mso-width-source:userset;mso-width-alt:2048;width:42pt'>\r\n <col width=145 style='mso-width-source:userset;mso-width-alt:5302;width:109pt'>\r\n <col class=xl6616560 width=441 style='mso-width-source:userset;mso-width-alt:\r\n 16128;width:331pt'>\r\n <tr height=0 style='display:none'>\r\n  <td class=xl1516560 width=59 style='width:44pt'>35928<\/td>\r\n  <td class=xl1516560 width=149 style='width:112pt'><\/td>\r\n  <td class=xl1516560 width=195 style='width:146pt'><\/td>\r\n  <td class=xl1516560 width=225 style='width:169pt'><\/td>\r\n  <td class=xl1516560 width=306 style='width:230pt'><\/td>\r\n  <td class=xl1516560 width=322 style='width:242pt'><\/td>\r\n  <td class=xl1516560 width=326 style='width:245pt'><\/td>\r\n  <td class=xl1516560 width=300 style='width:225pt'><\/td>\r\n  <td class=xl1516560 width=301 style='width:226pt'><\/td>\r\n  <td class=xl1516560 width=237 style='width:178pt'><\/td>\r\n  <td class=xl1516560 width=265 style='width:199pt'><\/td>\r\n  <td class=xl1516560 width=292 style='width:219pt'><\/td>\r\n  <td class=xl1516560 width=305 style='width:229pt'><\/td>\r\n  <td class=xl1516560 width=281 style='width:211pt'><\/td>\r\n  <td class=xl1516560 width=317 style='width:238pt'><\/td>\r\n  <td class=xl1516560 width=270 style='width:203pt'><\/td>\r\n  <td class=xl1516560 width=225 style='width:169pt'><\/td>\r\n  <td class=xl1516560 width=291 style='width:218pt'><\/td>\r\n  <td class=xl1516560 width=301 style='width:226pt'><\/td>\r\n  <td class=xl1516560 width=128 style='width:96pt'><\/td>\r\n  <td class=xl1516560 width=228 style='width:171pt'><\/td>\r\n  <td class=xl1516560 width=56 style='width:42pt'><\/td>\r\n  <td class=xl1516560 width=145 style='width:109pt'><\/td>\r\n  <td class=xl6616560 width=441 style='width:331pt'><\/td>\r\n <\/tr>\r\n <tr height=20 style='height:15.0pt'>\r\n  <td colspan=3 height=20 class=xl6416560 width=403 style='height:15.0pt;\r\n  width:302pt'>T\u00cdTULO<\/td>\r\n  <td colspan=3 class=xl6416560 width=853 style='width:641pt'>NOMBRE CORTO<\/td>\r\n  <td colspan=3 class=xl6416560 width=927 style='width:696pt'>DESCRIPCI\u00d3N<\/td>\r\n  <td class=xl1516560><\/td>\r\n  <td class=xl1516560><\/td>\r\n  <td class=xl1516560><\/td>\r\n  <td class=xl1516560><\/td>\r\n  <td class=xl1516560><\/td>\r\n  <td class=xl1516560><\/td>\r\n  <td class=xl1516560><\/td>\r\n  <td class=xl1516560><\/td>\r\n  <td class=xl1516560><\/td>\r\n  <td class=xl1516560><\/td>\r\n  <td class=xl1516560><\/td>\r\n  <td class=xl1516560><\/td>\r\n  <td class=xl1516560><\/td>\r\n  <td class=xl1516560><\/td>\r\n  <td class=xl6616560 width=441 style='width:331pt'><\/td>\r\n <\/tr>\r\n <tr height=69 style='mso-height-source:userset;height:51.75pt'>\r\n  <td colspan=3 height=69 class=xl7016560 width=403 style='height:51.75pt;\r\n  width:302pt'>FRACCI\u00d3N XXVI.- Personas f\u00edsicas o morales a quienes se asigna o\r\n  permite usar recursos p\u00fablicos.<\/td>\r\n  <td colspan=3 class=xl6516560>a69_f26<\/td>\r\n  <td colspan=3 class=xl7016560 width=927 style='width:696pt'>Los montos,\r\n  criterios, convocatorias y listado de personas f\u00edsicas o morales a quienes,\r\n  por cualquier motivo, se les asigne o permita usar recursos p\u00fablicos o, en\r\n  los t\u00e9rminos de las disposiciones aplicables, realicen actos de autoridad.\r\n  Asimismo, los informes que dichas personas les entreguen sobre el uso y\r\n  destino de dichos recursos;<\/td>\r\n  <td class=xl1516560><\/td>\r\n  <td class=xl1516560><\/td>\r\n  <td class=xl1516560><\/td>\r\n  <td class=xl1516560><\/td>\r\n  <td class=xl1516560><\/td>\r\n  <td class=xl1516560><\/td>\r\n  <td class=xl1516560><\/td>\r\n  <td class=xl1516560><\/td>\r\n  <td class=xl1516560><\/td>\r\n  <td class=xl1516560><\/td>\r\n  <td class=xl1516560><\/td>\r\n  <td class=xl1516560><\/td>\r\n  <td class=xl1516560><\/td>\r\n  <td class=xl1516560><\/td>\r\n  <td class=xl6616560 width=441 style='width:331pt'><\/td>\r\n <\/tr>\r\n <tr height=0 style='display:none'>\r\n  <td class=xl1516560>1<\/td>\r\n  <td class=xl1516560>1<\/td>\r\n  <td class=xl1516560>9<\/td>\r\n  <td class=xl1516560>4<\/td>\r\n  <td class=xl1516560>7<\/td>\r\n  <td class=xl1516560>10<\/td>\r\n  <td class=xl1516560>1<\/td>\r\n  <td class=xl1516560>2<\/td>\r\n  <td class=xl1516560>9<\/td>\r\n  <td class=xl1516560>9<\/td>\r\n  <td class=xl1516560>1<\/td>\r\n  <td class=xl1516560>1<\/td>\r\n  <td class=xl1516560>1<\/td>\r\n  <td class=xl1516560>1<\/td>\r\n  <td class=xl1516560>6<\/td>\r\n  <td class=xl1516560>6<\/td>\r\n  <td class=xl1516560>1<\/td>\r\n  <td class=xl1516560>4<\/td>\r\n  <td class=xl1516560>7<\/td>\r\n  <td class=xl1516560>4<\/td>\r\n  <td class=xl1516560>1<\/td>\r\n  <td class=xl1516560>12<\/td>\r\n  <td class=xl1516560>13<\/td>\r\n  <td class=xl6616560 width=441 style='width:331pt'>14<\/td>\r\n <\/tr>\r\n <tr height=0 style='display:none'>\r\n  <td class=xl1516560>235723<\/td>\r\n  <td class=xl1516560>235724<\/td>\r\n  <td class=xl1516560>235739<\/td>\r\n  <td class=xl1516560>235733<\/td>\r\n  <td class=xl1516560>235737<\/td>\r\n  <td class=xl1516560>235741<\/td>\r\n  <td class=xl1516560>235721<\/td>\r\n  <td class=xl1516560>235730<\/td>\r\n  <td class=xl1516560>235738<\/td>\r\n  <td class=xl1516560>235740<\/td>\r\n  <td class=xl1516560>235726<\/td>\r\n  <td class=xl1516560>235727<\/td>\r\n  <td class=xl1516560>235728<\/td>\r\n  <td class=xl1516560>235729<\/td>\r\n  <td class=xl1516560>235734<\/td>\r\n  <td class=xl1516560>235735<\/td>\r\n  <td class=xl1516560>235722<\/td>\r\n  <td class=xl1516560>235731<\/td>\r\n  <td class=xl1516560>235736<\/td>\r\n  <td class=xl1516560>235732<\/td>\r\n  <td class=xl1516560>235725<\/td>\r\n  <td class=xl1516560>235742<\/td>\r\n  <td class=xl1516560>235743<\/td>\r\n  <td class=xl6616560 width=441 style='width:331pt'>235744<\/td>\r\n <\/tr>\r\n <tr height=20 style='height:15.0pt'>\r\n  <td colspan=24 height=20 class=xl6416560 width=5965 style='height:15.0pt;\r\n  width:4478pt'>Tabla Campos<\/td>\r\n <\/tr>\r\n <tr height=35 style='height:26.25pt'>\r\n  <td height=35 class=xl6316560 width=59 style='height:26.25pt;width:44pt'><span\r\n  style='mso-spacerun:yes'>\u00a0<\/span>Ejercicio<\/td>\r\n  <td class=xl6316560 width=149 style='border-left:none;width:112pt'><span\r\n  style='mso-spacerun:yes'>\u00a0<\/span>Periodo Que Se Informa<\/td>\r\n  <td class=xl6316560 width=195 style='border-left:none;width:146pt'><span\r\n  style='mso-spacerun:yes'>\u00a0<\/span>\u00c1mbito de Aplicaci\u00f3n O Destino<\/td>\r\n  <td class=xl6316560 width=225 style='border-left:none;width:169pt'><span\r\n  style='mso-spacerun:yes'>\u00a0<\/span>Fecha de Firma Entrega de Recursos<\/td>\r\n  <td class=xl6316560 width=306 style='border-left:none;width:230pt'><span\r\n  style='mso-spacerun:yes'>\u00a0<\/span>Hiperv\u00ednculo Al Convenio, Acuerdo O\r\n  Convocatoria<\/td>\r\n  <td class=xl6316560 width=322 style='border-left:none;width:242pt'><span\r\n  style='mso-spacerun:yes'>\u00a0<\/span>Partida Presupuestal <br>\r\n    Tabla_235741<\/td>\r\n  <td class=xl6316560 width=326 style='border-left:none;width:245pt'><span\r\n  style='mso-spacerun:yes'>\u00a0<\/span>Unidad Administrativa Responsable Del\r\n  Otorgamiento<\/td>\r\n  <td class=xl6316560 width=300 style='border-left:none;width:225pt'><span\r\n  style='mso-spacerun:yes'>\u00a0<\/span>Fundamento Jur\u00eddico para Usar Recursos\r\n  P\u00fablicos<\/td>\r\n  <td class=xl6316560 width=301 style='border-left:none;width:226pt'><span\r\n  style='mso-spacerun:yes'>\u00a0<\/span>Personer\u00eda Jur\u00eddica: Persona F\u00edsica \/persona\r\n  Moral<\/td>\r\n  <td class=xl6316560 width=237 style='border-left:none;width:178pt'><span\r\n  style='mso-spacerun:yes'>\u00a0<\/span>Especificaci\u00f3n, en su Caso de Persona.<\/td>\r\n  <td class=xl6316560 width=265 style='border-left:none;width:199pt'><span\r\n  style='mso-spacerun:yes'>\u00a0<\/span>Nombre(s) Del Beneficiario (persona F\u00edsica)<\/td>\r\n  <td class=xl6316560 width=292 style='border-left:none;width:219pt'><span\r\n  style='mso-spacerun:yes'>\u00a0<\/span>Primer Apellido Del Beneficiario (persona\r\n  F\u00edsica)<\/td>\r\n  <td class=xl6316560 width=305 style='border-left:none;width:229pt'><span\r\n  style='mso-spacerun:yes'>\u00a0<\/span>Segundo Apellido Del Beneficiario (persona\r\n  F\u00edsica)<\/td>\r\n  <td class=xl6316560 width=281 style='border-left:none;width:211pt'><span\r\n  style='mso-spacerun:yes'>\u00a0<\/span>Denominaci\u00f3n O Raz\u00f3n Social Del Beneficiario<\/td>\r\n  <td class=xl6316560 width=317 style='border-left:none;width:238pt'><span\r\n  style='mso-spacerun:yes'>\u00a0<\/span>Monto Total O Recurso P\u00fablico Que Se\r\n  Permiti\u00f3 Usar<\/td>\r\n  <td class=xl6316560 width=270 style='border-left:none;width:203pt'><span\r\n  style='mso-spacerun:yes'>\u00a0<\/span>Monto por Entregarse Que Se Permitir\u00e1 Usar<\/td>\r\n  <td class=xl6316560 width=225 style='border-left:none;width:169pt'><span\r\n  style='mso-spacerun:yes'>\u00a0<\/span>Periodicidad de Entrega de Recursos<\/td>\r\n  <td class=xl6316560 width=291 style='border-left:none;width:218pt'><span\r\n  style='mso-spacerun:yes'>\u00a0<\/span>Fecha en Que Se Entregaron (r\u00e1n) Los\r\n  Recursos<\/td>\r\n  <td class=xl6316560 width=301 style='border-left:none;width:226pt'><span\r\n  style='mso-spacerun:yes'>\u00a0<\/span>Hiperv\u00ednculo a Informes sobre El Uso de\r\n  Recursos<\/td>\r\n  <td class=xl6316560 width=128 style='border-left:none;width:96pt'><span\r\n  style='mso-spacerun:yes'>\u00a0<\/span>Fecha de Validaci\u00f3n<\/td>\r\n  <td class=xl6316560 width=228 style='border-left:none;width:171pt'><span\r\n  style='mso-spacerun:yes'>\u00a0<\/span>\u00c1rea Responsable de La Informaci\u00f3n:<\/td>\r\n  <td class=xl6316560 width=56 style='border-left:none;width:42pt'><span\r\n  style='mso-spacerun:yes'>\u00a0<\/span>A\u00f1o<\/td>\r\n  <td class=xl6316560 width=145 style='border-left:none;width:109pt'><span\r\n  style='mso-spacerun:yes'>\u00a0<\/span>Fecha de Actualizaci\u00f3n<\/td>\r\n  <td class=xl6316560 width=441 style='border-left:none;width:331pt'><span\r\n  style='mso-spacerun:yes'>\u00a0<\/span>Nota<\/td>\r\n <\/tr>\r\n <tr height=40 style='height:30.0pt'>\r\n  <td height=40 class=xl6716560 align=right style='height:30.0pt;border-top:\r\n  none'>2017<\/td>\r\n  <td class=xl6716560 style='border-top:none;border-left:none'>Octubre -\r\n  Diciembre<\/td>\r\n  <td class=xl6716560 style='border-top:none;border-left:none'>&nbsp;<\/td>\r\n  <td class=xl6716560 style='border-top:none;border-left:none'>&nbsp;<\/td>\r\n  <td class=xl6716560 style='border-top:none;border-left:none'>&nbsp;<\/td>\r\n  <td class=xl6716560 style='border-top:none;border-left:none'>Colocar el ID de\r\n  los registros de la Tabla_235741<\/td>\r\n  <td class=xl6716560 style='border-top:none;border-left:none'>&nbsp;<\/td>\r\n  <td class=xl6716560 style='border-top:none;border-left:none'>&nbsp;<\/td>\r\n  <td class=xl6716560 style='border-top:none;border-left:none'>&nbsp;<\/td>\r\n  <td class=xl6716560 style='border-top:none;border-left:none'>&nbsp;<\/td>\r\n  <td class=xl6716560 style='border-top:none;border-left:none'>&nbsp;<\/td>\r\n  <td class=xl6716560 style='border-top:none;border-left:none'>&nbsp;<\/td>\r\n  <td class=xl6716560 style='border-top:none;border-left:none'>&nbsp;<\/td>\r\n  <td class=xl6716560 style='border-top:none;border-left:none'>&nbsp;<\/td>\r\n  <td class=xl6716560 style='border-top:none;border-left:none'>&nbsp;<\/td>\r\n  <td class=xl6716560 style='border-top:none;border-left:none'>&nbsp;<\/td>\r\n  <td class=xl6716560 style='border-top:none;border-left:none'>&nbsp;<\/td>\r\n  <td class=xl6716560 style='border-top:none;border-left:none'>&nbsp;<\/td>\r\n  <td class=xl6716560 style='border-top:none;border-left:none'>&nbsp;<\/td>\r\n  <td class=xl6816560 align=right style='border-top:none;border-left:none'>08\/01\/2018<\/td>\r\n  <td class=xl6716560 style='border-top:none;border-left:none'>Tesoreria\r\n  Municipal de Apan Hidalgo<\/td>\r\n  <td class=xl6716560 align=right style='border-top:none;border-left:none'>2018<\/td>\r\n  <td class=xl6816560 align=right style='border-top:none;border-left:none'>08\/01\/2018<\/td>\r\n  <td class=xl6916560 width=441 style='border-top:none;border-left:none;\r\n  width:331pt'>En este periodo reportado ningun tipo de recurso fue ejercido\r\n  por terceros.<\/td>\r\n <\/tr>\r\n <![if supportMisalignedColumns]>\r\n <tr height=0 style='display:none'>\r\n  <td width=59 style='width:44pt'><\/td>\r\n  <td width=149 style='width:112pt'><\/td>\r\n  <td width=195 style='width:146pt'><\/td>\r\n  <td width=225 style='width:169pt'><\/td>\r\n  <td width=306 style='width:230pt'><\/td>\r\n  <td width=322 style='width:242pt'><\/td>\r\n  <td width=326 style='width:245pt'><\/td>\r\n  <td width=300 style='width:225pt'><\/td>\r\n  <td width=301 style='width:226pt'><\/td>\r\n  <td width=237 style='width:178pt'><\/td>\r\n  <td width=265 style='width:199pt'><\/td>\r\n  <td width=292 style='width:219pt'><\/td>\r\n  <td width=305 style='width:229pt'><\/td>\r\n  <td width=281 style='width:211pt'><\/td>\r\n  <td width=317 style='width:238pt'><\/td>\r\n  <td width=270 style='width:203pt'><\/td>\r\n  <td width=225 style='width:169pt'><\/td>\r\n  <td width=291 style='width:218pt'><\/td>\r\n  <td width=301 style='width:226pt'><\/td>\r\n  <td width=128 style='width:96pt'><\/td>\r\n  <td width=228 style='width:171pt'><\/td>\r\n  <td width=56 style='width:42pt'><\/td>\r\n  <td width=145 style='width:109pt'><\/td>\r\n  <td width=441 style='width:331pt'><\/td>\r\n <\/tr>\r\n <![endif]>\r\n<\/table>\r\n\r\n<\/div>\r\n\r\n\t\t\t\t<\/div>\n\t\t\t\t<\/div>\n\t\t\t\t<div class=\"elementor-element elementor-element-q88er5g elementor-widget elementor-widget-button\" data-id=\"q88er5g\" data-element_type=\"widget\" data-e-type=\"widget\" data-widget_type=\"button.default\">\n\t\t\t\t<div class=\"elementor-widget-container\">\n\t\t\t\t\t\t\t\t\t<div class=\"elementor-button-wrapper\">\n\t\t\t\t\t<a class=\"elementor-button elementor-button-link elementor-size-sm\" href=\"https:\/\/www.apan.gob.mx\/descargables\/transparencia\/articulo69\/fraccion26\/2017_4\/tesoreria\/4to_trim_2017_a69_f26.xlsx\">\n\t\t\t\t\t\t<span class=\"elementor-button-content-wrapper\">\n\t\t\t\t\t\t\t\t\t<span class=\"elementor-button-text\">Descargar<\/span>\n\t\t\t\t\t<\/span>\n\t\t\t\t\t<\/a>\n\t\t\t\t<\/div>\n\t\t\t\t\t\t\t\t<\/div>\n\t\t\t\t<\/div>\n\t\t\t\t<div class=\"elementor-element elementor-element-idcxqtx elementor-widget elementor-widget-heading\" data-id=\"idcxqtx\" data-element_type=\"widget\" data-e-type=\"widget\" data-widget_type=\"heading.default\">\n\t\t\t\t<div class=\"elementor-widget-container\">\n\t\t\t\t\t<h2 class=\"elementor-heading-title elementor-size-small\">\u00daltima fecha de modificaci\u00f3n de la informaci\u00f3n: 17_octubre-18<\/h2>\t\t\t\t<\/div>\n\t\t\t\t<\/div>\n\t\t\t\t\t<\/div>\n\t\t<\/div>\n\t\t\t\t\t<\/div>\n\t\t<\/section>\n\t\t\t\t<\/div>\n\t\t","protected":false},"excerpt":{"rendered":"<p>Fracci\u00f3n XXVl 35928 T\u00cdTULO NOMBRE CORTO DESCRIPCI\u00d3N FRACCI\u00d3N XXVI.- Personas f\u00edsicas o morales a quienes se asigna o permite usar recursos p\u00fablicos. a69_f26 Los montos, criterios, convocatorias y listado de personas f\u00edsicas o morales a quienes, por cualquier motivo, se les asigne o permita usar recursos p\u00fablicos o, en los t\u00e9rminos de las disposiciones aplicables, [&hellip;]<\/p>\n","protected":false},"author":1,"featured_media":0,"parent":0,"menu_order":0,"comment_status":"closed","ping_status":"closed","template":"page-template-full.php","meta":{"footnotes":""},"class_list":["post-3280","page","type-page","status-publish","hentry"],"jetpack_sharing_enabled":true,"_links":{"self":[{"href":"https:\/\/apan.gob.mx\/portal\/wp-json\/wp\/v2\/pages\/3280","targetHints":{"allow":["GET"]}}],"collection":[{"href":"https:\/\/apan.gob.mx\/portal\/wp-json\/wp\/v2\/pages"}],"about":[{"href":"https:\/\/apan.gob.mx\/portal\/wp-json\/wp\/v2\/types\/page"}],"author":[{"embeddable":true,"href":"https:\/\/apan.gob.mx\/portal\/wp-json\/wp\/v2\/users\/1"}],"replies":[{"embeddable":true,"href":"https:\/\/apan.gob.mx\/portal\/wp-json\/wp\/v2\/comments?post=3280"}],"version-history":[{"count":4,"href":"https:\/\/apan.gob.mx\/portal\/wp-json\/wp\/v2\/pages\/3280\/revisions"}],"predecessor-version":[{"id":3284,"href":"https:\/\/apan.gob.mx\/portal\/wp-json\/wp\/v2\/pages\/3280\/revisions\/3284"}],"wp:attachment":[{"href":"https:\/\/apan.gob.mx\/portal\/wp-json\/wp\/v2\/media?parent=3280"}],"curies":[{"name":"wp","href":"https:\/\/api.w.org\/{rel}","templated":true}]}}