{"id":3402,"date":"2018-10-29T18:18:52","date_gmt":"2018-10-29T18:18:52","guid":{"rendered":"https:\/\/apan.gob.mx\/portal\/?page_id=3402"},"modified":"2018-10-29T18:24:23","modified_gmt":"2018-10-29T18:24:23","slug":"secgral_45_2018_1","status":"publish","type":"page","link":"https:\/\/apan.gob.mx\/portal\/secgral_45_2018_1\/","title":{"rendered":"<!--secgral_45_2018_1-->"},"content":{"rendered":"\t\t<div data-elementor-type=\"wp-page\" data-elementor-id=\"3402\" class=\"elementor elementor-3402 elementor-bc-flex-widget\">\n\t\t\t\t\t\t<section class=\"has_ae_slider elementor-section elementor-top-section elementor-element elementor-element-sorxzso elementor-section-boxed elementor-section-height-default elementor-section-height-default ae-bg-gallery-type-default\" data-id=\"sorxzso\" data-element_type=\"section\" data-e-type=\"section\">\n\t\t\t\t\t\t<div class=\"elementor-container elementor-column-gap-default\">\n\t\t\t\t\t<div class=\"has_ae_slider elementor-column elementor-col-100 elementor-top-column elementor-element elementor-element-tjjvyey ae-bg-gallery-type-default\" data-id=\"tjjvyey\" data-element_type=\"column\" data-e-type=\"column\">\n\t\t\t<div class=\"elementor-widget-wrap elementor-element-populated\">\n\t\t\t\t\t\t<div class=\"elementor-element elementor-element-zeksjxh elementor-widget elementor-widget-heading\" data-id=\"zeksjxh\" data-element_type=\"widget\" data-e-type=\"widget\" data-widget_type=\"heading.default\">\n\t\t\t\t<div class=\"elementor-widget-container\">\n\t\t\t\t\t<h2 class=\"elementor-heading-title elementor-size-medium\">Fracci\u00f3n XLV<\/h2>\t\t\t\t<\/div>\n\t\t\t\t<\/div>\n\t\t\t\t<div class=\"elementor-element elementor-element-ngstrkv elementor-widget elementor-widget-html\" data-id=\"ngstrkv\" data-element_type=\"widget\" data-e-type=\"widget\" data-widget_type=\"html.default\">\n\t\t\t\t<div class=\"elementor-widget-container\">\n\t\t\t\t\t<style id=\"a69_f45_11455_Styles\">\r\n<!--table\r\n\t{mso-displayed-decimal-separator:\"\\.\";\r\n\tmso-displayed-thousand-separator:\"\\,\";}\r\n.xl1511455\r\n\t{padding-top:1px;\r\n\tpadding-right:1px;\r\n\tpadding-left:1px;\r\n\tmso-ignore:padding;\r\n\tcolor:black;\r\n\tfont-size:11.0pt;\r\n\tfont-weight:400;\r\n\tfont-style:normal;\r\n\ttext-decoration:none;\r\n\tfont-family:Calibri, sans-serif;\r\n\tmso-font-charset:0;\r\n\tmso-number-format:General;\r\n\ttext-align:general;\r\n\tvertical-align:bottom;\r\n\tmso-background-source:auto;\r\n\tmso-pattern:auto;\r\n\twhite-space:nowrap;}\r\n.xl6511455\r\n\t{padding-top:1px;\r\n\tpadding-right:1px;\r\n\tpadding-left:1px;\r\n\tmso-ignore:padding;\r\n\tcolor:black;\r\n\tfont-size:11.0pt;\r\n\tfont-weight:400;\r\n\tfont-style:normal;\r\n\ttext-decoration:none;\r\n\tfont-family:Calibri, sans-serif;\r\n\tmso-font-charset:0;\r\n\tmso-number-format:General;\r\n\ttext-align:general;\r\n\tvertical-align:bottom;\r\n\tmso-background-source:auto;\r\n\tmso-pattern:auto;\r\n\twhite-space:normal;}\r\n.xl6611455\r\n\t{padding-top:1px;\r\n\tpadding-right:1px;\r\n\tpadding-left:1px;\r\n\tmso-ignore:padding;\r\n\tcolor:white;\r\n\tfont-size:11.0pt;\r\n\tfont-weight:700;\r\n\tfont-style:normal;\r\n\ttext-decoration:none;\r\n\tfont-family:Arial, sans-serif;\r\n\tmso-font-charset:0;\r\n\tmso-number-format:General;\r\n\ttext-align:center;\r\n\tvertical-align:middle;\r\n\tborder:.5pt solid windowtext;\r\n\tbackground:#333333;\r\n\tmso-pattern:black none;\r\n\twhite-space:normal;}\r\n.xl6711455\r\n\t{padding-top:1px;\r\n\tpadding-right:1px;\r\n\tpadding-left:1px;\r\n\tmso-ignore:padding;\r\n\tcolor:black;\r\n\tfont-size:10.0pt;\r\n\tfont-weight:400;\r\n\tfont-style:normal;\r\n\ttext-decoration:none;\r\n\tfont-family:Arial, sans-serif;\r\n\tmso-font-charset:0;\r\n\tmso-number-format:General;\r\n\ttext-align:center;\r\n\tvertical-align:middle;\r\n\tborder:.5pt solid windowtext;\r\n\tbackground:#E1E1E1;\r\n\tmso-pattern:black none;\r\n\twhite-space:normal;}\r\n.xl6811455\r\n\t{padding-top:1px;\r\n\tpadding-right:1px;\r\n\tpadding-left:1px;\r\n\tmso-ignore:padding;\r\n\tcolor:black;\r\n\tfont-size:11.0pt;\r\n\tfont-weight:400;\r\n\tfont-style:normal;\r\n\ttext-decoration:none;\r\n\tfont-family:Calibri, sans-serif;\r\n\tmso-font-charset:0;\r\n\tmso-number-format:General;\r\n\ttext-align:center;\r\n\tvertical-align:middle;\r\n\tmso-background-source:auto;\r\n\tmso-pattern:auto;\r\n\twhite-space:nowrap;}\r\n.xl6911455\r\n\t{padding-top:1px;\r\n\tpadding-right:1px;\r\n\tpadding-left:1px;\r\n\tmso-ignore:padding;\r\n\tcolor:black;\r\n\tfont-size:11.0pt;\r\n\tfont-weight:400;\r\n\tfont-style:normal;\r\n\ttext-decoration:none;\r\n\tfont-family:Calibri, sans-serif;\r\n\tmso-font-charset:0;\r\n\tmso-number-format:General;\r\n\ttext-align:center;\r\n\tvertical-align:middle;\r\n\tmso-background-source:auto;\r\n\tmso-pattern:auto;\r\n\twhite-space:normal;}\r\n.xl7011455\r\n\t{padding-top:1px;\r\n\tpadding-right:1px;\r\n\tpadding-left:1px;\r\n\tmso-ignore:padding;\r\n\tcolor:black;\r\n\tfont-size:10.0pt;\r\n\tfont-weight:400;\r\n\tfont-style:normal;\r\n\ttext-decoration:none;\r\n\tfont-family:Arial, sans-serif;\r\n\tmso-font-charset:0;\r\n\tmso-number-format:General;\r\n\ttext-align:center;\r\n\tvertical-align:middle;\r\n\tborder:.5pt solid windowtext;\r\n\tbackground:#E1E1E1;\r\n\tmso-pattern:black none;\r\n\twhite-space:nowrap;}\r\n.xl7111455\r\n\t{padding-top:1px;\r\n\tpadding-right:1px;\r\n\tpadding-left:1px;\r\n\tmso-ignore:padding;\r\n\tcolor:black;\r\n\tfont-size:11.0pt;\r\n\tfont-weight:400;\r\n\tfont-style:normal;\r\n\ttext-decoration:none;\r\n\tfont-family:Calibri, sans-serif;\r\n\tmso-font-charset:0;\r\n\tmso-number-format:General;\r\n\ttext-align:center;\r\n\tvertical-align:middle;\r\n\tborder:.5pt solid windowtext;\r\n\tbackground:white;\r\n\tmso-pattern:black none;\r\n\twhite-space:nowrap;}\r\n.xl7211455\r\n\t{padding-top:1px;\r\n\tpadding-right:1px;\r\n\tpadding-left:1px;\r\n\tmso-ignore:padding;\r\n\tcolor:black;\r\n\tfont-size:11.0pt;\r\n\tfont-weight:400;\r\n\tfont-style:normal;\r\n\ttext-decoration:none;\r\n\tfont-family:Calibri, sans-serif;\r\n\tmso-font-charset:0;\r\n\tmso-number-format:\"Medium Date\";\r\n\ttext-align:center;\r\n\tvertical-align:middle;\r\n\tborder:.5pt solid windowtext;\r\n\tbackground:white;\r\n\tmso-pattern:black none;\r\n\twhite-space:nowrap;}\r\n.xl7311455\r\n\t{padding-top:1px;\r\n\tpadding-right:1px;\r\n\tpadding-left:1px;\r\n\tmso-ignore:padding;\r\n\tcolor:#0563C1;\r\n\tfont-size:11.0pt;\r\n\tfont-weight:400;\r\n\tfont-style:normal;\r\n\ttext-decoration:underline;\r\n\ttext-underline-style:single;\r\n\tfont-family:Calibri, sans-serif;\r\n\tmso-font-charset:0;\r\n\tmso-number-format:General;\r\n\ttext-align:center;\r\n\tvertical-align:middle;\r\n\tborder:.5pt solid windowtext;\r\n\tbackground:white;\r\n\tmso-pattern:black none;\r\n\twhite-space:nowrap;}\r\n.xl7411455\r\n\t{padding-top:1px;\r\n\tpadding-right:1px;\r\n\tpadding-left:1px;\r\n\tmso-ignore:padding;\r\n\tcolor:black;\r\n\tfont-size:11.0pt;\r\n\tfont-weight:400;\r\n\tfont-style:normal;\r\n\ttext-decoration:none;\r\n\tfont-family:Calibri, sans-serif;\r\n\tmso-font-charset:0;\r\n\tmso-number-format:General;\r\n\ttext-align:center;\r\n\tvertical-align:middle;\r\n\tborder:.5pt solid windowtext;\r\n\tbackground:white;\r\n\tmso-pattern:black none;\r\n\twhite-space:normal;}\r\n-->\r\n<\/style>\r\n<\/head>\r\n\r\n<body>\r\n<!--[if !excel]>&nbsp;&nbsp;<![endif]-->\r\n<!--La siguiente informaci\u00f3n se gener\u00f3 mediante el Asistente para publicar como\r\np\u00e1gina web de Microsoft Excel.-->\r\n<!--Si se vuelve a publicar el mismo elemento desde Excel, se reemplazar\u00e1 toda\r\nla informaci\u00f3n comprendida entre las etiquetas DIV.-->\r\n<!----------------------------->\r\n<!--INICIO DE LOS RESULTADOS DEL ASISTENTE PARA PUBLICAR COMO P\u00c1GINA WEB DE\r\nEXCEL -->\r\n<!----------------------------->\r\n\r\n<div id=\"a69_f45_11455\" align=center x:publishsource=\"Excel\">\r\n\r\n<table border=0 cellpadding=0 cellspacing=0 width=3266 style='border-collapse:\r\n collapse;table-layout:fixed;width:2450pt'>\r\n <col width=56 style='mso-width-source:userset;mso-width-alt:2048;width:42pt'>\r\n <col width=255 style='mso-width-source:userset;mso-width-alt:9325;width:191pt'>\r\n <col width=270 style='mso-width-source:userset;mso-width-alt:9874;width:203pt'>\r\n <col width=211 style='mso-width-source:userset;mso-width-alt:7716;width:158pt'>\r\n <col width=712 style='mso-width-source:userset;mso-width-alt:26038;width:534pt'>\r\n <col width=466 style='mso-width-source:userset;mso-width-alt:17042;width:350pt'>\r\n <col width=512 style='mso-width-source:userset;mso-width-alt:18724;width:384pt'>\r\n <col width=123 style='mso-width-source:userset;mso-width-alt:4498;width:92pt'>\r\n <col width=140 style='mso-width-source:userset;mso-width-alt:5120;width:105pt'>\r\n <col class=xl6511455 width=521 style='mso-width-source:userset;mso-width-alt:\r\n 19053;width:391pt'>\r\n <tr height=0 style='display:none'>\r\n  <td class=xl6811455 width=56 style='width:42pt'>45771<\/td>\r\n  <td class=xl6811455 width=255 style='width:191pt'><\/td>\r\n  <td class=xl6811455 width=270 style='width:203pt'><\/td>\r\n  <td class=xl6811455 width=211 style='width:158pt'><\/td>\r\n  <td class=xl6811455 width=712 style='width:534pt'><\/td>\r\n  <td class=xl6811455 width=466 style='width:350pt'><\/td>\r\n  <td class=xl6811455 width=512 style='width:384pt'><\/td>\r\n  <td class=xl6811455 width=123 style='width:92pt'><\/td>\r\n  <td class=xl6811455 width=140 style='width:105pt'><\/td>\r\n  <td class=xl6911455 width=521 style='width:391pt'><\/td>\r\n <\/tr>\r\n <tr height=20 style='height:15.0pt'>\r\n  <td colspan=3 height=20 class=xl6611455 width=581 style='height:15.0pt;\r\n  width:436pt'>T\u00cdTULO<\/td>\r\n  <td colspan=3 class=xl6611455 width=1389 style='width:1042pt'>NOMBRE CORTO<\/td>\r\n  <td colspan=3 class=xl6611455 width=775 style='width:581pt'>DESCRIPCI\u00d3N<\/td>\r\n  <td class=xl6911455 width=521 style='width:391pt'><\/td>\r\n <\/tr>\r\n <tr height=54 style='mso-height-source:userset;height:40.5pt'>\r\n  <td colspan=3 height=54 class=xl7011455 style='height:40.5pt'>Cat\u00e1logo de\r\n  disposici\u00f3n documental y gu\u00eda simple de archivos<\/td>\r\n  <td colspan=3 class=xl7011455>a69_f45<\/td>\r\n  <td colspan=3 class=xl6711455 width=775 style='width:581pt'>Se publicar\u00e1n los\r\n  instrumentos de control y consulta archiv\u00edstica que le permitan organizar,\r\n  administrar, conservar y localizar de manera expedita sus archivos<\/td>\r\n  <td class=xl6911455 width=521 style='width:391pt'><\/td>\r\n <\/tr>\r\n <tr height=0 style='display:none'>\r\n  <td class=xl6811455>1<\/td>\r\n  <td class=xl6811455>4<\/td>\r\n  <td class=xl6811455>4<\/td>\r\n  <td class=xl6811455>9<\/td>\r\n  <td class=xl6811455>7<\/td>\r\n  <td class=xl6811455>10<\/td>\r\n  <td class=xl6811455>2<\/td>\r\n  <td class=xl6811455>4<\/td>\r\n  <td class=xl6811455>13<\/td>\r\n  <td class=xl6911455 width=521 style='width:391pt'>14<\/td>\r\n <\/tr>\r\n <tr height=0 style='display:none'>\r\n  <td class=xl6811455>379152<\/td>\r\n  <td class=xl6811455>379160<\/td>\r\n  <td class=xl6811455>379161<\/td>\r\n  <td class=xl6811455>379155<\/td>\r\n  <td class=xl6811455>379154<\/td>\r\n  <td class=xl6811455>379156<\/td>\r\n  <td class=xl6811455>379159<\/td>\r\n  <td class=xl6811455>379153<\/td>\r\n  <td class=xl6811455>379157<\/td>\r\n  <td class=xl6911455 width=521 style='width:391pt'>379158<\/td>\r\n <\/tr>\r\n <tr height=20 style='height:15.0pt'>\r\n  <td colspan=10 height=20 class=xl6611455 width=3266 style='height:15.0pt;\r\n  width:2450pt'>Tabla Campos<\/td>\r\n <\/tr>\r\n <tr height=34 style='height:25.5pt'>\r\n  <td height=34 class=xl6711455 width=56 style='height:25.5pt;width:42pt'>Ejercicio<\/td>\r\n  <td class=xl6711455 width=255 style='border-left:none;width:191pt'>Fecha de\r\n  inicio del periodo que se informa<\/td>\r\n  <td class=xl6711455 width=270 style='border-left:none;width:203pt'>Fecha de\r\n  t\u00e9rmino del periodo que se informa<\/td>\r\n  <td class=xl6711455 width=211 style='border-left:none;width:158pt'>Instrumento\r\n  archiv\u00edstico (cat\u00e1logo)<\/td>\r\n  <td class=xl6711455 width=712 style='border-left:none;width:534pt'>Hiperv\u00ednculo\r\n  a los documentos<\/td>\r\n  <td class=xl6711455 width=466 style='border-left:none;width:350pt'>Nombre\r\n  completo del (la) responsable e integrantes del \u00e1rea, cargo y puesto<span\r\n  style='mso-spacerun:yes'>\u00a0 <\/span><br>\r\n    Tabla_379156<\/td>\r\n  <td class=xl6711455 width=512 style='border-left:none;width:384pt'>\u00c1rea(s)\r\n  responsable(s) que genera(n), posee(n), publica(n) y actualizan la\r\n  informaci\u00f3n<\/td>\r\n  <td class=xl6711455 width=123 style='border-left:none;width:92pt'>Fecha de\r\n  validaci\u00f3n<\/td>\r\n  <td class=xl6711455 width=140 style='border-left:none;width:105pt'>Fecha de\r\n  actualizaci\u00f3n<\/td>\r\n  <td class=xl6711455 width=521 style='border-left:none;width:391pt'>Nota<\/td>\r\n <\/tr>\r\n <tr height=40 style='height:30.0pt'>\r\n  <td height=40 class=xl7111455 style='height:30.0pt;border-top:none'>2018<\/td>\r\n  <td class=xl7211455 style='border-top:none;border-left:none'>01-ene-18<\/td>\r\n  <td class=xl7211455 style='border-top:none;border-left:none'>31-mar-18<\/td>\r\n  <td class=xl7111455 style='border-top:none;border-left:none'>Otros<\/td>\r\n  <td class=xl7311455 style='border-top:none;border-left:none'><a\r\n  href=\"https:\/\/www.apan.gob.mx\/descargables\/transparencia\/articulo69\/fraccion45\/2018_1\/secgral\/FrXLVa1_1.pdf\">https:\/\/www.apan.gob.mx\/descargables\/transparencia\/articulo69\/fraccion45\/2018_1\/secgral\/FrXLVa1_1.pdf<\/a><\/td>\r\n  <td class=xl7111455 style='border-top:none;border-left:none'>1<\/td>\r\n  <td class=xl7111455 style='border-top:none;border-left:none'>Secretaria\r\n  General Municipal<\/td>\r\n  <td class=xl7211455 style='border-top:none;border-left:none'>01-abr-18<\/td>\r\n  <td class=xl7211455 style='border-top:none;border-left:none'>01-ene-18<\/td>\r\n  <td class=xl7411455 width=521 style='border-top:none;border-left:none;\r\n  width:391pt'>El catalogo de disposicion documental y guia simple de archivos\r\n  se encuentra en estatus de<span style='mso-spacerun:yes'>\u00a0\r\n  <\/span>clasificaci\u00f3n.<\/td>\r\n <\/tr>\r\n <![if supportMisalignedColumns]>\r\n <tr height=0 style='display:none'>\r\n  <td width=56 style='width:42pt'><\/td>\r\n  <td width=255 style='width:191pt'><\/td>\r\n  <td width=270 style='width:203pt'><\/td>\r\n  <td width=211 style='width:158pt'><\/td>\r\n  <td width=712 style='width:534pt'><\/td>\r\n  <td width=466 style='width:350pt'><\/td>\r\n  <td width=512 style='width:384pt'><\/td>\r\n  <td width=123 style='width:92pt'><\/td>\r\n  <td width=140 style='width:105pt'><\/td>\r\n  <td width=521 style='width:391pt'><\/td>\r\n <\/tr>\r\n <![endif]>\r\n<\/table>\r\n\r\n<\/div>\r\n\r\n\r\n\t\t\t\t<\/div>\n\t\t\t\t<\/div>\n\t\t\t\t<div class=\"elementor-element elementor-element-pljxrvj elementor-widget elementor-widget-button\" data-id=\"pljxrvj\" data-element_type=\"widget\" data-e-type=\"widget\" data-widget_type=\"button.default\">\n\t\t\t\t<div class=\"elementor-widget-container\">\n\t\t\t\t\t\t\t\t\t<div class=\"elementor-button-wrapper\">\n\t\t\t\t\t<a class=\"elementor-button elementor-button-link elementor-size-sm\" href=\"https:\/\/www.apan.gob.mx\/descargables\/transparencia\/articulo69\/fraccion45\/2018_1\/secgral\/a69_f45.xlsx\">\n\t\t\t\t\t\t<span class=\"elementor-button-content-wrapper\">\n\t\t\t\t\t\t\t\t\t<span class=\"elementor-button-text\">Descargar<\/span>\n\t\t\t\t\t<\/span>\n\t\t\t\t\t<\/a>\n\t\t\t\t<\/div>\n\t\t\t\t\t\t\t\t<\/div>\n\t\t\t\t<\/div>\n\t\t\t\t<div class=\"elementor-element elementor-element-edmuqmf elementor-widget elementor-widget-heading\" data-id=\"edmuqmf\" data-element_type=\"widget\" data-e-type=\"widget\" data-widget_type=\"heading.default\">\n\t\t\t\t<div class=\"elementor-widget-container\">\n\t\t\t\t\t<h2 class=\"elementor-heading-title elementor-size-small\">Fecha en que se subi\u00f3 la informaci\u00f3n: 29-octubre-18<\/h2>\t\t\t\t<\/div>\n\t\t\t\t<\/div>\n\t\t\t\t\t<\/div>\n\t\t<\/div>\n\t\t\t\t\t<\/div>\n\t\t<\/section>\n\t\t\t\t<\/div>\n\t\t","protected":false},"excerpt":{"rendered":"<p>Fracci\u00f3n XLV 45771 T\u00cdTULO NOMBRE CORTO DESCRIPCI\u00d3N Cat\u00e1logo de disposici\u00f3n documental y gu\u00eda simple de archivos a69_f45 Se publicar\u00e1n los instrumentos de control y consulta archiv\u00edstica que le permitan organizar, administrar, conservar y localizar de manera expedita sus archivos 1 4 4 9 7 10 2 4 13 14 379152 379160 379161 379155 379154 379156 [&hellip;]<\/p>\n","protected":false},"author":1,"featured_media":0,"parent":0,"menu_order":0,"comment_status":"closed","ping_status":"closed","template":"page-template-full.php","meta":{"footnotes":""},"class_list":["post-3402","page","type-page","status-publish","hentry"],"jetpack_sharing_enabled":true,"_links":{"self":[{"href":"https:\/\/apan.gob.mx\/portal\/wp-json\/wp\/v2\/pages\/3402","targetHints":{"allow":["GET"]}}],"collection":[{"href":"https:\/\/apan.gob.mx\/portal\/wp-json\/wp\/v2\/pages"}],"about":[{"href":"https:\/\/apan.gob.mx\/portal\/wp-json\/wp\/v2\/types\/page"}],"author":[{"embeddable":true,"href":"https:\/\/apan.gob.mx\/portal\/wp-json\/wp\/v2\/users\/1"}],"replies":[{"embeddable":true,"href":"https:\/\/apan.gob.mx\/portal\/wp-json\/wp\/v2\/comments?post=3402"}],"version-history":[{"count":3,"href":"https:\/\/apan.gob.mx\/portal\/wp-json\/wp\/v2\/pages\/3402\/revisions"}],"predecessor-version":[{"id":3405,"href":"https:\/\/apan.gob.mx\/portal\/wp-json\/wp\/v2\/pages\/3402\/revisions\/3405"}],"wp:attachment":[{"href":"https:\/\/apan.gob.mx\/portal\/wp-json\/wp\/v2\/media?parent=3402"}],"curies":[{"name":"wp","href":"https:\/\/api.w.org\/{rel}","templated":true}]}}