{"id":3470,"date":"2018-11-06T23:31:09","date_gmt":"2018-11-06T23:31:09","guid":{"rendered":"https:\/\/apan.gob.mx\/portal\/?page_id=3470"},"modified":"2018-11-07T00:16:08","modified_gmt":"2018-11-07T00:16:08","slug":"agricultura_19_2018_3","status":"publish","type":"page","link":"https:\/\/apan.gob.mx\/portal\/agricultura_19_2018_3\/","title":{"rendered":"<!--agricultura_19_2018_3-->"},"content":{"rendered":"\t\t<div data-elementor-type=\"wp-page\" data-elementor-id=\"3470\" class=\"elementor elementor-3470 elementor-bc-flex-widget\">\n\t\t\t\t\t\t<section class=\"has_ae_slider elementor-section elementor-top-section elementor-element elementor-element-crdtmsk elementor-section-boxed elementor-section-height-default elementor-section-height-default ae-bg-gallery-type-default\" data-id=\"crdtmsk\" data-element_type=\"section\" data-e-type=\"section\">\n\t\t\t\t\t\t<div class=\"elementor-container elementor-column-gap-default\">\n\t\t\t\t\t<div class=\"has_ae_slider elementor-column elementor-col-100 elementor-top-column elementor-element elementor-element-kpykvvh ae-bg-gallery-type-default\" data-id=\"kpykvvh\" data-element_type=\"column\" data-e-type=\"column\">\n\t\t\t<div class=\"elementor-widget-wrap elementor-element-populated\">\n\t\t\t\t\t\t<div class=\"elementor-element elementor-element-ncmgtys elementor-widget elementor-widget-heading\" data-id=\"ncmgtys\" data-element_type=\"widget\" data-e-type=\"widget\" data-widget_type=\"heading.default\">\n\t\t\t\t<div class=\"elementor-widget-container\">\n\t\t\t\t\t<h2 class=\"elementor-heading-title elementor-size-medium\">Fracci\u00f3n XlX<\/h2>\t\t\t\t<\/div>\n\t\t\t\t<\/div>\n\t\t\t\t<div class=\"elementor-element elementor-element-vtouoqi elementor-widget elementor-widget-html\" data-id=\"vtouoqi\" data-element_type=\"widget\" data-e-type=\"widget\" data-widget_type=\"html.default\">\n\t\t\t\t<div class=\"elementor-widget-container\">\n\t\t\t\t\t<style id=\"a69_f19_31445_Styles\">\r\n<!--table\r\n\t{mso-displayed-decimal-separator:\"\\.\";\r\n\tmso-displayed-thousand-separator:\"\\,\";}\r\n.xl1531445\r\n\t{padding-top:1px;\r\n\tpadding-right:1px;\r\n\tpadding-left:1px;\r\n\tmso-ignore:padding;\r\n\tcolor:black;\r\n\tfont-size:11.0pt;\r\n\tfont-weight:400;\r\n\tfont-style:normal;\r\n\ttext-decoration:none;\r\n\tfont-family:Calibri, sans-serif;\r\n\tmso-font-charset:0;\r\n\tmso-number-format:General;\r\n\ttext-align:general;\r\n\tvertical-align:bottom;\r\n\tmso-background-source:auto;\r\n\tmso-pattern:auto;\r\n\twhite-space:nowrap;}\r\n.xl6531445\r\n\t{padding-top:1px;\r\n\tpadding-right:1px;\r\n\tpadding-left:1px;\r\n\tmso-ignore:padding;\r\n\tcolor:black;\r\n\tfont-size:11.0pt;\r\n\tfont-weight:400;\r\n\tfont-style:normal;\r\n\ttext-decoration:none;\r\n\tfont-family:Calibri, sans-serif;\r\n\tmso-font-charset:0;\r\n\tmso-number-format:General;\r\n\ttext-align:general;\r\n\tvertical-align:bottom;\r\n\tmso-background-source:auto;\r\n\tmso-pattern:auto;\r\n\twhite-space:normal;}\r\n.xl6631445\r\n\t{padding-top:1px;\r\n\tpadding-right:1px;\r\n\tpadding-left:1px;\r\n\tmso-ignore:padding;\r\n\tcolor:black;\r\n\tfont-size:11.0pt;\r\n\tfont-weight:400;\r\n\tfont-style:normal;\r\n\ttext-decoration:none;\r\n\tfont-family:Calibri, sans-serif;\r\n\tmso-font-charset:0;\r\n\tmso-number-format:General;\r\n\ttext-align:center;\r\n\tvertical-align:middle;\r\n\tmso-background-source:auto;\r\n\tmso-pattern:auto;\r\n\twhite-space:nowrap;}\r\n.xl6731445\r\n\t{padding-top:1px;\r\n\tpadding-right:1px;\r\n\tpadding-left:1px;\r\n\tmso-ignore:padding;\r\n\tcolor:black;\r\n\tfont-size:11.0pt;\r\n\tfont-weight:400;\r\n\tfont-style:normal;\r\n\ttext-decoration:none;\r\n\tfont-family:Calibri, sans-serif;\r\n\tmso-font-charset:0;\r\n\tmso-number-format:General;\r\n\ttext-align:center;\r\n\tvertical-align:middle;\r\n\tmso-background-source:auto;\r\n\tmso-pattern:auto;\r\n\twhite-space:normal;}\r\n.xl6831445\r\n\t{padding-top:1px;\r\n\tpadding-right:1px;\r\n\tpadding-left:1px;\r\n\tmso-ignore:padding;\r\n\tcolor:white;\r\n\tfont-size:11.0pt;\r\n\tfont-weight:700;\r\n\tfont-style:normal;\r\n\ttext-decoration:none;\r\n\tfont-family:Arial;\r\n\tmso-generic-font-family:auto;\r\n\tmso-font-charset:0;\r\n\tmso-number-format:General;\r\n\ttext-align:center;\r\n\tvertical-align:middle;\r\n\tborder:.5pt solid windowtext;\r\n\tbackground:#333333;\r\n\tmso-pattern:black none;\r\n\twhite-space:normal;}\r\n.xl6931445\r\n\t{padding-top:1px;\r\n\tpadding-right:1px;\r\n\tpadding-left:1px;\r\n\tmso-ignore:padding;\r\n\tcolor:black;\r\n\tfont-size:10.0pt;\r\n\tfont-weight:400;\r\n\tfont-style:normal;\r\n\ttext-decoration:none;\r\n\tfont-family:Arial;\r\n\tmso-generic-font-family:auto;\r\n\tmso-font-charset:0;\r\n\tmso-number-format:General;\r\n\ttext-align:center;\r\n\tvertical-align:middle;\r\n\tborder:.5pt solid windowtext;\r\n\tbackground:#E1E1E1;\r\n\tmso-pattern:black none;\r\n\twhite-space:nowrap;}\r\n.xl7031445\r\n\t{padding-top:1px;\r\n\tpadding-right:1px;\r\n\tpadding-left:1px;\r\n\tmso-ignore:padding;\r\n\tcolor:black;\r\n\tfont-size:10.0pt;\r\n\tfont-weight:400;\r\n\tfont-style:normal;\r\n\ttext-decoration:none;\r\n\tfont-family:Arial;\r\n\tmso-generic-font-family:auto;\r\n\tmso-font-charset:0;\r\n\tmso-number-format:General;\r\n\ttext-align:center;\r\n\tvertical-align:middle;\r\n\tborder:.5pt solid windowtext;\r\n\tbackground:#E1E1E1;\r\n\tmso-pattern:black none;\r\n\twhite-space:normal;}\r\n.xl7131445\r\n\t{padding-top:1px;\r\n\tpadding-right:1px;\r\n\tpadding-left:1px;\r\n\tmso-ignore:padding;\r\n\tcolor:black;\r\n\tfont-size:10.0pt;\r\n\tfont-weight:400;\r\n\tfont-style:normal;\r\n\ttext-decoration:none;\r\n\tfont-family:Arial, sans-serif;\r\n\tmso-font-charset:0;\r\n\tmso-number-format:General;\r\n\ttext-align:center;\r\n\tvertical-align:middle;\r\n\tborder:.5pt solid windowtext;\r\n\tbackground:#E1E1E1;\r\n\tmso-pattern:black none;\r\n\twhite-space:normal;}\r\n.xl7231445\r\n\t{padding-top:1px;\r\n\tpadding-right:1px;\r\n\tpadding-left:1px;\r\n\tmso-ignore:padding;\r\n\tcolor:black;\r\n\tfont-size:11.0pt;\r\n\tfont-weight:400;\r\n\tfont-style:normal;\r\n\ttext-decoration:none;\r\n\tfont-family:Calibri, sans-serif;\r\n\tmso-font-charset:0;\r\n\tmso-number-format:General;\r\n\ttext-align:center;\r\n\tvertical-align:middle;\r\n\tborder:.5pt solid windowtext;\r\n\tbackground:white;\r\n\tmso-pattern:black none;\r\n\twhite-space:nowrap;}\r\n.xl7331445\r\n\t{padding-top:1px;\r\n\tpadding-right:1px;\r\n\tpadding-left:1px;\r\n\tmso-ignore:padding;\r\n\tcolor:black;\r\n\tfont-size:11.0pt;\r\n\tfont-weight:400;\r\n\tfont-style:normal;\r\n\ttext-decoration:none;\r\n\tfont-family:Calibri, sans-serif;\r\n\tmso-font-charset:0;\r\n\tmso-number-format:\"Medium Date\";\r\n\ttext-align:center;\r\n\tvertical-align:middle;\r\n\tborder:.5pt solid windowtext;\r\n\tbackground:white;\r\n\tmso-pattern:black none;\r\n\twhite-space:nowrap;}\r\n.xl7431445\r\n\t{padding-top:1px;\r\n\tpadding-right:1px;\r\n\tpadding-left:1px;\r\n\tmso-ignore:padding;\r\n\tcolor:#0563C1;\r\n\tfont-size:11.0pt;\r\n\tfont-weight:400;\r\n\tfont-style:normal;\r\n\ttext-decoration:underline;\r\n\ttext-underline-style:single;\r\n\tfont-family:Calibri, sans-serif;\r\n\tmso-font-charset:0;\r\n\tmso-number-format:General;\r\n\ttext-align:center;\r\n\tvertical-align:middle;\r\n\tborder:.5pt solid windowtext;\r\n\tbackground:white;\r\n\tmso-pattern:#E1E1E1 none;\r\n\twhite-space:nowrap;}\r\n.xl7531445\r\n\t{padding-top:1px;\r\n\tpadding-right:1px;\r\n\tpadding-left:1px;\r\n\tmso-ignore:padding;\r\n\tcolor:black;\r\n\tfont-size:11.0pt;\r\n\tfont-weight:400;\r\n\tfont-style:normal;\r\n\ttext-decoration:none;\r\n\tfont-family:Calibri, sans-serif;\r\n\tmso-font-charset:0;\r\n\tmso-number-format:General;\r\n\ttext-align:center;\r\n\tvertical-align:middle;\r\n\tborder:.5pt solid windowtext;\r\n\tbackground:white;\r\n\tmso-pattern:black none;\r\n\twhite-space:normal;}\r\n-->\r\n<\/style>\r\n<\/head>\r\n\r\n<body>\r\n<!--[if !excel]>&nbsp;&nbsp;<![endif]-->\r\n<!--La siguiente informaci\u00f3n se gener\u00f3 mediante el Asistente para publicar como\r\np\u00e1gina web de Microsoft Excel.-->\r\n<!--Si se vuelve a publicar el mismo elemento desde Excel, se reemplazar\u00e1 toda\r\nla informaci\u00f3n comprendida entre las etiquetas DIV.-->\r\n<!----------------------------->\r\n<!--INICIO DE LOS RESULTADOS DEL ASISTENTE PARA PUBLICAR COMO P\u00c1GINA WEB DE\r\nEXCEL -->\r\n<!----------------------------->\r\n\r\n<div id=\"a69_f19_31445\" align=center x:publishsource=\"Excel\">\r\n\r\n<table border=0 cellpadding=0 cellspacing=0 width=8051 style='border-collapse:\r\n collapse;table-layout:fixed;width:6042pt'>\r\n <col width=56 style='mso-width-source:userset;mso-width-alt:2048;width:42pt'>\r\n <col width=255 style='mso-width-source:userset;mso-width-alt:9325;width:191pt'>\r\n <col width=270 style='mso-width-source:userset;mso-width-alt:9874;width:203pt'>\r\n <col width=246 style='mso-width-source:userset;mso-width-alt:8996;width:185pt'>\r\n <col width=162 style='mso-width-source:userset;mso-width-alt:5924;width:122pt'>\r\n <col width=331 style='mso-width-source:userset;mso-width-alt:12105;width:248pt'>\r\n <col width=217 style='mso-width-source:userset;mso-width-alt:7936;width:163pt'>\r\n <col width=137 style='mso-width-source:userset;mso-width-alt:5010;width:103pt'>\r\n <col width=356 style='mso-width-source:userset;mso-width-alt:13019;width:267pt'>\r\n <col width=387 style='mso-width-source:userset;mso-width-alt:14153;width:290pt'>\r\n <col width=712 style='mso-width-source:userset;mso-width-alt:26038;width:534pt'>\r\n <col width=130 style='mso-width-source:userset;mso-width-alt:4754;width:98pt'>\r\n <col width=389 style='mso-width-source:userset;mso-width-alt:14226;width:292pt'>\r\n <col width=269 style='mso-width-source:userset;mso-width-alt:9837;width:202pt'>\r\n <col width=174 style='mso-width-source:userset;mso-width-alt:6363;width:131pt'>\r\n <col width=205 style='mso-width-source:userset;mso-width-alt:7497;width:154pt'>\r\n <col width=286 style='mso-width-source:userset;mso-width-alt:10459;width:215pt'>\r\n <col width=296 style='mso-width-source:userset;mso-width-alt:10825;width:222pt'>\r\n <col width=322 style='mso-width-source:userset;mso-width-alt:11776;width:242pt'>\r\n <col width=754 style='mso-width-source:userset;mso-width-alt:27574;width:566pt'>\r\n <col width=755 style='mso-width-source:userset;mso-width-alt:27611;width:566pt'>\r\n <col width=512 style='mso-width-source:userset;mso-width-alt:18724;width:384pt'>\r\n <col width=123 style='mso-width-source:userset;mso-width-alt:4498;width:92pt'>\r\n <col width=140 style='mso-width-source:userset;mso-width-alt:5120;width:105pt'>\r\n <col class=xl6531445 width=567 style='mso-width-source:userset;mso-width-alt:\r\n 20736;width:425pt'>\r\n <tr height=0 style='display:none'>\r\n  <td class=xl6631445 width=56 style='width:42pt'>44250<\/td>\r\n  <td class=xl6631445 width=255 style='width:191pt'><\/td>\r\n  <td class=xl6631445 width=270 style='width:203pt'><\/td>\r\n  <td class=xl6631445 width=246 style='width:185pt'><\/td>\r\n  <td class=xl6631445 width=162 style='width:122pt'><\/td>\r\n  <td class=xl6631445 width=331 style='width:248pt'><\/td>\r\n  <td class=xl6631445 width=217 style='width:163pt'><\/td>\r\n  <td class=xl6631445 width=137 style='width:103pt'><\/td>\r\n  <td class=xl6631445 width=356 style='width:267pt'><\/td>\r\n  <td class=xl6631445 width=387 style='width:290pt'><\/td>\r\n  <td class=xl6631445 width=712 style='width:534pt'><\/td>\r\n  <td class=xl6631445 width=130 style='width:98pt'><\/td>\r\n  <td class=xl6631445 width=389 style='width:292pt'><\/td>\r\n  <td class=xl6631445 width=269 style='width:202pt'><\/td>\r\n  <td class=xl6631445 width=174 style='width:131pt'><\/td>\r\n  <td class=xl6631445 width=205 style='width:154pt'><\/td>\r\n  <td class=xl6631445 width=286 style='width:215pt'><\/td>\r\n  <td class=xl6631445 width=296 style='width:222pt'><\/td>\r\n  <td class=xl6631445 width=322 style='width:242pt'><\/td>\r\n  <td class=xl6631445 width=754 style='width:566pt'><\/td>\r\n  <td class=xl6631445 width=755 style='width:566pt'><\/td>\r\n  <td class=xl6631445 width=512 style='width:384pt'><\/td>\r\n  <td class=xl6631445 width=123 style='width:92pt'><\/td>\r\n  <td class=xl6631445 width=140 style='width:105pt'><\/td>\r\n  <td class=xl6731445 width=567 style='width:425pt'><\/td>\r\n <\/tr>\r\n <tr height=20 style='height:15.0pt'>\r\n  <td colspan=3 height=20 class=xl6831445 width=581 style='height:15.0pt;\r\n  width:436pt'>T\u00cdTULO<\/td>\r\n  <td colspan=3 class=xl6831445 width=739 style='width:555pt'>NOMBRE CORTO<\/td>\r\n  <td colspan=3 class=xl6831445 width=710 style='width:533pt'>DESCRIPCI\u00d3N<\/td>\r\n  <td class=xl6631445><\/td>\r\n  <td class=xl6631445><\/td>\r\n  <td class=xl6631445><\/td>\r\n  <td class=xl6631445><\/td>\r\n  <td class=xl6631445><\/td>\r\n  <td class=xl6631445><\/td>\r\n  <td class=xl6631445><\/td>\r\n  <td class=xl6631445><\/td>\r\n  <td class=xl6631445><\/td>\r\n  <td class=xl6631445><\/td>\r\n  <td class=xl6631445><\/td>\r\n  <td class=xl6631445><\/td>\r\n  <td class=xl6631445><\/td>\r\n  <td class=xl6631445><\/td>\r\n  <td class=xl6631445><\/td>\r\n  <td class=xl6731445 width=567 style='width:425pt'><\/td>\r\n <\/tr>\r\n <tr height=80 style='mso-height-source:userset;height:60.0pt'>\r\n  <td colspan=3 height=80 class=xl6931445 style='height:60.0pt'>Servicios\r\n  ofrecidos<\/td>\r\n  <td colspan=3 class=xl6931445>a69_f19<\/td>\r\n  <td colspan=3 class=xl7031445 width=710 style='width:533pt'>La informaci\u00f3n\r\n  para dar a conocer los servicios p\u00fablicos que presta el sujeto obligado,\r\n  tanto de las actividades realizadas por la administraci\u00f3n p\u00fablica para\r\n  satisfacer necesidades de la poblaci\u00f3n, como las realizadas por los sujetos\r\n  obligados que no formen parte de la Administraci\u00f3n P\u00fablica, pero que\r\n  involucren el uso de recursos p\u00fablicos. Los servicios deben estar al alcance\r\n  de la poblaci\u00f3n sin necesidad de que el \u00e9sta los exija, como es el caso de\r\n  los tr\u00e1mites.<\/td>\r\n  <td class=xl6631445><\/td>\r\n  <td class=xl6631445><\/td>\r\n  <td class=xl6631445><\/td>\r\n  <td class=xl6631445><\/td>\r\n  <td class=xl6631445><\/td>\r\n  <td class=xl6631445><\/td>\r\n  <td class=xl6631445><\/td>\r\n  <td class=xl6631445><\/td>\r\n  <td class=xl6631445><\/td>\r\n  <td class=xl6631445><\/td>\r\n  <td class=xl6631445><\/td>\r\n  <td class=xl6631445><\/td>\r\n  <td class=xl6631445><\/td>\r\n  <td class=xl6631445><\/td>\r\n  <td class=xl6631445><\/td>\r\n  <td class=xl6731445 width=567 style='width:425pt'><\/td>\r\n <\/tr>\r\n <tr height=0 style='display:none'>\r\n  <td class=xl6631445>1<\/td>\r\n  <td class=xl6631445>4<\/td>\r\n  <td class=xl6631445>4<\/td>\r\n  <td class=xl6631445>2<\/td>\r\n  <td class=xl6631445>9<\/td>\r\n  <td class=xl6631445>1<\/td>\r\n  <td class=xl6631445>2<\/td>\r\n  <td class=xl6631445>1<\/td>\r\n  <td class=xl6631445>2<\/td>\r\n  <td class=xl6631445>2<\/td>\r\n  <td class=xl6631445>7<\/td>\r\n  <td class=xl6631445>1<\/td>\r\n  <td class=xl6631445>10<\/td>\r\n  <td class=xl6631445>1<\/td>\r\n  <td class=xl6631445>2<\/td>\r\n  <td class=xl6631445>2<\/td>\r\n  <td class=xl6631445>2<\/td>\r\n  <td class=xl6631445>2<\/td>\r\n  <td class=xl6631445>10<\/td>\r\n  <td class=xl6631445>7<\/td>\r\n  <td class=xl6631445>7<\/td>\r\n  <td class=xl6631445>2<\/td>\r\n  <td class=xl6631445>4<\/td>\r\n  <td class=xl6631445>13<\/td>\r\n  <td class=xl6731445 width=567 style='width:425pt'>14<\/td>\r\n <\/tr>\r\n <tr height=0 style='display:none'>\r\n  <td class=xl6631445>350704<\/td>\r\n  <td class=xl6631445>350705<\/td>\r\n  <td class=xl6631445>350706<\/td>\r\n  <td class=xl6631445>350690<\/td>\r\n  <td class=xl6631445>350709<\/td>\r\n  <td class=xl6631445>350713<\/td>\r\n  <td class=xl6631445>350692<\/td>\r\n  <td class=xl6631445>350711<\/td>\r\n  <td class=xl6631445>350693<\/td>\r\n  <td class=xl6631445>350694<\/td>\r\n  <td class=xl6631445>350700<\/td>\r\n  <td class=xl6631445>350688<\/td>\r\n  <td class=xl6631445>350710<\/td>\r\n  <td class=xl6631445>350689<\/td>\r\n  <td class=xl6631445>350695<\/td>\r\n  <td class=xl6631445>350712<\/td>\r\n  <td class=xl6631445>350691<\/td>\r\n  <td class=xl6631445>350696<\/td>\r\n  <td class=xl6631445>350701<\/td>\r\n  <td class=xl6631445>350699<\/td>\r\n  <td class=xl6631445>350698<\/td>\r\n  <td class=xl6631445>350708<\/td>\r\n  <td class=xl6631445>350697<\/td>\r\n  <td class=xl6631445>350703<\/td>\r\n  <td class=xl6731445 width=567 style='width:425pt'>350707<\/td>\r\n <\/tr>\r\n <tr height=20 style='height:15.0pt'>\r\n  <td colspan=25 height=20 class=xl6831445 width=8051 style='height:15.0pt;\r\n  width:6042pt'>Tabla Campos<\/td>\r\n <\/tr>\r\n <tr height=34 style='height:25.5pt'>\r\n  <td height=34 class=xl7031445 width=56 style='height:25.5pt;width:42pt'>Ejercicio<\/td>\r\n  <td class=xl7031445 width=255 style='border-left:none;width:191pt'>Fecha de\r\n  inicio del periodo que se informa<\/td>\r\n  <td class=xl7031445 width=270 style='border-left:none;width:203pt'>Fecha de\r\n  t\u00e9rmino del periodo que se informa<\/td>\r\n  <td class=xl7031445 width=246 style='border-left:none;width:185pt'>Denominaci\u00f3n\r\n  del servicio<\/td>\r\n  <td class=xl7031445 width=162 style='border-left:none;width:122pt'>Tipo de\r\n  servicio (cat\u00e1logo)<\/td>\r\n  <td class=xl7031445 width=331 style='border-left:none;width:248pt'>Tipo de\r\n  usuario y\/o poblaci\u00f3n objetivo<\/td>\r\n  <td class=xl7031445 width=217 style='border-left:none;width:163pt'>Descripci\u00f3n\r\n  del objetivo del servicio<\/td>\r\n  <td class=xl7031445 width=137 style='border-left:none;width:103pt'>Modalidad\r\n  del servicio<\/td>\r\n  <td class=xl7031445 width=356 style='border-left:none;width:267pt'>Requisitos\r\n  para obtener el servicio<\/td>\r\n  <td class=xl7031445 width=387 style='border-left:none;width:290pt'>Documentos\r\n  requeridos, en su caso<\/td>\r\n  <td class=xl7031445 width=712 style='border-left:none;width:534pt'>Hiperv\u00ednculo\r\n  a los formatos respectivo(s) publicado(s) en medio oficial<\/td>\r\n  <td class=xl7031445 width=130 style='border-left:none;width:98pt'>Tiempo de\r\n  respuesta<\/td>\r\n  <td class=xl7131445 width=389 style='border-left:none;width:292pt'>\u00c1rea en la\r\n  que se proporciona el servicio y los datos de contacto<span\r\n  style='mso-spacerun:yes'>\u00a0<\/span><\/td>\r\n  <td class=xl7031445 width=269 style='border-left:none;width:202pt'>Costo, en\r\n  su caso especificar que es gratuito<\/td>\r\n  <td class=xl7031445 width=174 style='border-left:none;width:131pt'>Sustento\r\n  legal para su cobro<\/td>\r\n  <td class=xl7031445 width=205 style='border-left:none;width:154pt'>Lugares\r\n  donde se efect\u00faa el pago<\/td>\r\n  <td class=xl7031445 width=286 style='border-left:none;width:215pt'>Fundamento\r\n  jur\u00eddico-administrativo del servicio<\/td>\r\n  <td class=xl7031445 width=296 style='border-left:none;width:222pt'>Derechos\r\n  del usuario ante la negativa o la falta<\/td>\r\n  <td class=xl7131445 width=322 style='border-left:none;width:242pt'>Lugar para\r\n  reportar presuntas anomalias<span style='mso-spacerun:yes'>\u00a0<\/span><\/td>\r\n  <td class=xl7031445 width=754 style='border-left:none;width:566pt'>Hiperv\u00ednculo\r\n  informaci\u00f3n adicional del servicio<\/td>\r\n  <td class=xl7031445 width=755 style='border-left:none;width:566pt'>Hiperv\u00ednculo\r\n  al cat\u00e1logo, manual o sistemas<span style='mso-spacerun:yes'>\u00a0<\/span><\/td>\r\n  <td class=xl7031445 width=512 style='border-left:none;width:384pt'>\u00c1rea(s)\r\n  responsable(s) que genera(n), posee(n), publica(n) y actualizan la\r\n  informaci\u00f3n<\/td>\r\n  <td class=xl7031445 width=123 style='border-left:none;width:92pt'>Fecha de\r\n  validaci\u00f3n<\/td>\r\n  <td class=xl7031445 width=140 style='border-left:none;width:105pt'>Fecha de\r\n  actualizaci\u00f3n<\/td>\r\n  <td class=xl7031445 width=567 style='border-left:none;width:425pt'>Nota<\/td>\r\n <\/tr>\r\n <tr height=40 style='height:30.0pt'>\r\n  <td height=40 class=xl7231445 style='height:30.0pt;border-top:none'>2018<\/td>\r\n  <td class=xl7331445 style='border-top:none;border-left:none'>01-jul-18<\/td>\r\n  <td class=xl7331445 style='border-top:none;border-left:none'>30-sep-18<\/td>\r\n  <td class=xl7231445 style='border-top:none;border-left:none'><span\r\n  style='mso-spacerun:yes'>\u00a0<\/span>Orientacion de Proyectos Productivos<\/td>\r\n  <td class=xl7231445 style='border-top:none;border-left:none'>Directo<\/td>\r\n  <td class=xl7231445 style='border-top:none;border-left:none'>A la poblacion\r\n  solicitante de proyectos productivos<span style='mso-spacerun:yes'>\u00a0<\/span><\/td>\r\n  <td class=xl7231445 style='border-top:none;border-left:none'>obtener<span\r\n  style='mso-spacerun:yes'>\u00a0 <\/span>un proyecto productivo<\/td>\r\n  <td class=xl7231445 style='border-top:none;border-left:none'>Presencial<\/td>\r\n  <td class=xl7231445 style='border-top:none;border-left:none'>Asistir al area\r\n  de Desarrollo Agropecuario a solicitarlo<\/td>\r\n  <td class=xl7231445 style='border-top:none;border-left:none'>INE,Curp,RFC,Comprobante\r\n  de domicilio,Formato 32d<\/td>\r\n  <td class=xl7431445 style='border-top:none;border-left:none'><a\r\n  href=\"https:\/\/www.apan.gob.mx\/descargables\/transparencia\/articulo69\/fraccion19\/2018_3\/agricultura\/FrXIXa1_1.pdf\">https:\/\/www.apan.gob.mx\/descargables\/transparencia\/articulo69\/fraccion19\/2018_3\/agricultura\/FrXIXa1_1.pdf<\/a><\/td>\r\n  <td class=xl7231445 style='border-top:none;border-left:none'>ocho meses a un\r\n  a\u00f1o<\/td>\r\n  <td class=xl7231445 style='border-top:none;border-left:none'>Direccion de\r\n  Desarrollo Agropecuario<\/td>\r\n  <td class=xl7231445 style='border-top:none;border-left:none'>Gratuito<\/td>\r\n  <td class=xl7231445 style='border-top:none;border-left:none'>Reglas de\r\n  Operaci\u00f3n de SAGARPA<\/td>\r\n  <td class=xl7231445 style='border-top:none;border-left:none'>Gratuito<\/td>\r\n  <td class=xl7231445 style='border-top:none;border-left:none'>Reglas de\r\n  Operaci\u00f3n de SAGARPA<\/td>\r\n  <td class=xl7231445 style='border-top:none;border-left:none'>Verificacion del\r\n  proyecto y Sondeo del mismo<\/td>\r\n  <td class=xl7231445 style='border-top:none;border-left:none'>cader_apan@hgo.sagarpa.gob.mx<\/td>\r\n  <td class=xl7431445 style='border-top:none;border-left:none'><a\r\n  href=\"https:\/\/www.apan.gob.mx\/descargables\/transparencia\/articulo69\/fraccion19\/2018_3\/agricultura\/FrXIXa1_2.pdf\">https:\/\/www.apan.gob.mx\/descargables\/transparencia\/articulo69\/fraccion19\/2018_3\/agricultura\/FrXIXa1_2.pdf<\/a><\/td>\r\n  <td class=xl7431445 style='border-top:none;border-left:none'><a\r\n  href=\"https:\/\/www.apan.gob.mx\/descargables\/transparencia\/articulo69\/fraccion19\/2018_3\/agricultura\/FrXIXa1_3.pdf\">https:\/\/www.apan.gob.mx\/descargables\/transparencia\/articulo69\/fraccion19\/2018_3\/agricultura\/FrXIXa1_3.pdf<\/a><\/td>\r\n  <td class=xl7231445 style='border-top:none;border-left:none'><span\r\n  style='mso-spacerun:yes'>\u00a0<\/span>Desarrollo Agropecuario<\/td>\r\n  <td class=xl7331445 style='border-top:none;border-left:none'>01-oct-18<\/td>\r\n  <td class=xl7331445 style='border-top:none;border-left:none'>01-ene-18<\/td>\r\n  <td class=xl7531445 width=567 style='border-top:none;border-left:none;\r\n  width:425pt'>La direccion de desarrollo agropecuario solo orienta y gestiona\r\n  proyectos por esa razon no existe un lugar de cobro. Y no existe alguna\r\n  oficina en el exterior<\/td>\r\n <\/tr>\r\n <![if supportMisalignedColumns]>\r\n <tr height=0 style='display:none'>\r\n  <td width=56 style='width:42pt'><\/td>\r\n  <td width=255 style='width:191pt'><\/td>\r\n  <td width=270 style='width:203pt'><\/td>\r\n  <td width=246 style='width:185pt'><\/td>\r\n  <td width=162 style='width:122pt'><\/td>\r\n  <td width=331 style='width:248pt'><\/td>\r\n  <td width=217 style='width:163pt'><\/td>\r\n  <td width=137 style='width:103pt'><\/td>\r\n  <td width=356 style='width:267pt'><\/td>\r\n  <td width=387 style='width:290pt'><\/td>\r\n  <td width=712 style='width:534pt'><\/td>\r\n  <td width=130 style='width:98pt'><\/td>\r\n  <td width=389 style='width:292pt'><\/td>\r\n  <td width=269 style='width:202pt'><\/td>\r\n  <td width=174 style='width:131pt'><\/td>\r\n  <td width=205 style='width:154pt'><\/td>\r\n  <td width=286 style='width:215pt'><\/td>\r\n  <td width=296 style='width:222pt'><\/td>\r\n  <td width=322 style='width:242pt'><\/td>\r\n  <td width=754 style='width:566pt'><\/td>\r\n  <td width=755 style='width:566pt'><\/td>\r\n  <td width=512 style='width:384pt'><\/td>\r\n  <td width=123 style='width:92pt'><\/td>\r\n  <td width=140 style='width:105pt'><\/td>\r\n  <td width=567 style='width:425pt'><\/td>\r\n <\/tr>\r\n <![endif]>\r\n<\/table>\r\n\r\n<\/div>\r\n\r\n\t\t\t\t<\/div>\n\t\t\t\t<\/div>\n\t\t\t\t<div class=\"elementor-element elementor-element-tr5iwut elementor-widget elementor-widget-button\" data-id=\"tr5iwut\" data-element_type=\"widget\" data-e-type=\"widget\" data-widget_type=\"button.default\">\n\t\t\t\t<div class=\"elementor-widget-container\">\n\t\t\t\t\t\t\t\t\t<div class=\"elementor-button-wrapper\">\n\t\t\t\t\t<a class=\"elementor-button elementor-button-link elementor-size-sm\" href=\"https:\/\/www.apan.gob.mx\/descargables\/transparencia\/articulo69\/fraccion19\/2018_3\/agricultura\/a69_f19.xlsx\">\n\t\t\t\t\t\t<span class=\"elementor-button-content-wrapper\">\n\t\t\t\t\t\t\t\t\t<span class=\"elementor-button-text\">Descargar<\/span>\n\t\t\t\t\t<\/span>\n\t\t\t\t\t<\/a>\n\t\t\t\t<\/div>\n\t\t\t\t\t\t\t\t<\/div>\n\t\t\t\t<\/div>\n\t\t\t\t<div class=\"elementor-element elementor-element-tdntsck elementor-widget elementor-widget-heading\" data-id=\"tdntsck\" data-element_type=\"widget\" data-e-type=\"widget\" data-widget_type=\"heading.default\">\n\t\t\t\t<div class=\"elementor-widget-container\">\n\t\t\t\t\t<h2 class=\"elementor-heading-title elementor-size-small\">Fecha en que se subi\u00f3 la informaci\u00f3n: 06-noviembre-18<\/h2>\t\t\t\t<\/div>\n\t\t\t\t<\/div>\n\t\t\t\t\t<\/div>\n\t\t<\/div>\n\t\t\t\t\t<\/div>\n\t\t<\/section>\n\t\t\t\t<\/div>\n\t\t","protected":false},"excerpt":{"rendered":"<p>Fracci\u00f3n XlX 44250 T\u00cdTULO NOMBRE CORTO DESCRIPCI\u00d3N Servicios ofrecidos a69_f19 La informaci\u00f3n para dar a conocer los servicios p\u00fablicos que presta el sujeto obligado, tanto de las actividades realizadas por la administraci\u00f3n p\u00fablica para satisfacer necesidades de la poblaci\u00f3n, como las realizadas por los sujetos obligados que no formen parte de la Administraci\u00f3n P\u00fablica, pero [&hellip;]<\/p>\n","protected":false},"author":1,"featured_media":0,"parent":0,"menu_order":0,"comment_status":"closed","ping_status":"closed","template":"page-template-full.php","meta":{"footnotes":""},"class_list":["post-3470","page","type-page","status-publish","hentry"],"jetpack_sharing_enabled":true,"_links":{"self":[{"href":"https:\/\/apan.gob.mx\/portal\/wp-json\/wp\/v2\/pages\/3470","targetHints":{"allow":["GET"]}}],"collection":[{"href":"https:\/\/apan.gob.mx\/portal\/wp-json\/wp\/v2\/pages"}],"about":[{"href":"https:\/\/apan.gob.mx\/portal\/wp-json\/wp\/v2\/types\/page"}],"author":[{"embeddable":true,"href":"https:\/\/apan.gob.mx\/portal\/wp-json\/wp\/v2\/users\/1"}],"replies":[{"embeddable":true,"href":"https:\/\/apan.gob.mx\/portal\/wp-json\/wp\/v2\/comments?post=3470"}],"version-history":[{"count":2,"href":"https:\/\/apan.gob.mx\/portal\/wp-json\/wp\/v2\/pages\/3470\/revisions"}],"predecessor-version":[{"id":3472,"href":"https:\/\/apan.gob.mx\/portal\/wp-json\/wp\/v2\/pages\/3470\/revisions\/3472"}],"wp:attachment":[{"href":"https:\/\/apan.gob.mx\/portal\/wp-json\/wp\/v2\/media?parent=3470"}],"curies":[{"name":"wp","href":"https:\/\/api.w.org\/{rel}","templated":true}]}}