{"id":3634,"date":"2018-11-23T02:43:50","date_gmt":"2018-11-23T02:43:50","guid":{"rendered":"https:\/\/apan.gob.mx\/portal\/?page_id=3634"},"modified":"2018-11-23T02:49:29","modified_gmt":"2018-11-23T02:49:29","slug":"turismo_19_2018_3","status":"publish","type":"page","link":"https:\/\/apan.gob.mx\/portal\/turismo_19_2018_3\/","title":{"rendered":"<!--turismo_19_2018_3-->"},"content":{"rendered":"\t\t<div data-elementor-type=\"wp-page\" data-elementor-id=\"3634\" class=\"elementor elementor-3634 elementor-bc-flex-widget\">\n\t\t\t\t\t\t<section class=\"has_ae_slider elementor-section elementor-top-section elementor-element elementor-element-ffztspg elementor-section-boxed elementor-section-height-default elementor-section-height-default ae-bg-gallery-type-default\" data-id=\"ffztspg\" data-element_type=\"section\" data-e-type=\"section\">\n\t\t\t\t\t\t<div class=\"elementor-container elementor-column-gap-default\">\n\t\t\t\t\t<div class=\"has_ae_slider elementor-column elementor-col-100 elementor-top-column elementor-element elementor-element-ojokigj ae-bg-gallery-type-default\" data-id=\"ojokigj\" data-element_type=\"column\" data-e-type=\"column\">\n\t\t\t<div class=\"elementor-widget-wrap elementor-element-populated\">\n\t\t\t\t\t\t<div class=\"elementor-element elementor-element-bfwesvd elementor-widget elementor-widget-heading\" data-id=\"bfwesvd\" data-element_type=\"widget\" data-e-type=\"widget\" data-widget_type=\"heading.default\">\n\t\t\t\t<div class=\"elementor-widget-container\">\n\t\t\t\t\t<h2 class=\"elementor-heading-title elementor-size-medium\">Fracci\u00f3n XlX<\/h2>\t\t\t\t<\/div>\n\t\t\t\t<\/div>\n\t\t\t\t<div class=\"elementor-element elementor-element-enncbxq elementor-widget elementor-widget-html\" data-id=\"enncbxq\" data-element_type=\"widget\" data-e-type=\"widget\" data-widget_type=\"html.default\">\n\t\t\t\t<div class=\"elementor-widget-container\">\n\t\t\t\t\t<style>\r\nv\\:* {behavior:url(#default#VML);}\r\no\\:* {behavior:url(#default#VML);}\r\nx\\:* {behavior:url(#default#VML);}\r\n.shape {behavior:url(#default#VML);}\r\n<\/style>\r\n<![endif]-->\r\n<style id=\"a69_f19_17631_Styles\">\r\n<!--table\r\n\t{mso-displayed-decimal-separator:\"\\.\";\r\n\tmso-displayed-thousand-separator:\"\\,\";}\r\n.xl1517631\r\n\t{padding:0px;\r\n\tmso-ignore:padding;\r\n\tcolor:black;\r\n\tfont-size:11.0pt;\r\n\tfont-weight:400;\r\n\tfont-style:normal;\r\n\ttext-decoration:none;\r\n\tfont-family:Calibri, sans-serif;\r\n\tmso-font-charset:0;\r\n\tmso-number-format:General;\r\n\ttext-align:general;\r\n\tvertical-align:bottom;\r\n\tmso-background-source:auto;\r\n\tmso-pattern:auto;\r\n\twhite-space:nowrap;}\r\n.xl6517631\r\n\t{padding:0px;\r\n\tmso-ignore:padding;\r\n\tcolor:black;\r\n\tfont-size:10.0pt;\r\n\tfont-weight:400;\r\n\tfont-style:normal;\r\n\ttext-decoration:none;\r\n\tfont-family:Arial;\r\n\tmso-generic-font-family:auto;\r\n\tmso-font-charset:0;\r\n\tmso-number-format:General;\r\n\ttext-align:center;\r\n\tvertical-align:bottom;\r\n\tborder:.5pt solid windowtext;\r\n\tbackground:#E1E1E1;\r\n\tmso-pattern:black none;\r\n\twhite-space:normal;}\r\n.xl6617631\r\n\t{padding:0px;\r\n\tmso-ignore:padding;\r\n\tcolor:white;\r\n\tfont-size:11.0pt;\r\n\tfont-weight:700;\r\n\tfont-style:normal;\r\n\ttext-decoration:none;\r\n\tfont-family:Arial;\r\n\tmso-generic-font-family:auto;\r\n\tmso-font-charset:0;\r\n\tmso-number-format:General;\r\n\ttext-align:center;\r\n\tvertical-align:bottom;\r\n\tborder:.5pt solid windowtext;\r\n\tbackground:#333333;\r\n\tmso-pattern:black none;\r\n\twhite-space:normal;}\r\n.xl6717631\r\n\t{padding:0px;\r\n\tmso-ignore:padding;\r\n\tcolor:black;\r\n\tfont-size:10.0pt;\r\n\tfont-weight:400;\r\n\tfont-style:normal;\r\n\ttext-decoration:none;\r\n\tfont-family:Arial;\r\n\tmso-generic-font-family:auto;\r\n\tmso-font-charset:0;\r\n\tmso-number-format:General;\r\n\ttext-align:general;\r\n\tvertical-align:bottom;\r\n\tborder:.5pt solid windowtext;\r\n\tbackground:#E1E1E1;\r\n\tmso-pattern:black none;\r\n\twhite-space:nowrap;}\r\n.xl6817631\r\n\t{padding:0px;\r\n\tmso-ignore:padding;\r\n\tcolor:black;\r\n\tfont-size:10.0pt;\r\n\tfont-weight:400;\r\n\tfont-style:normal;\r\n\ttext-decoration:none;\r\n\tfont-family:Arial, sans-serif;\r\n\tmso-font-charset:0;\r\n\tmso-number-format:General;\r\n\ttext-align:center;\r\n\tvertical-align:bottom;\r\n\tborder:.5pt solid windowtext;\r\n\tbackground:#E1E1E1;\r\n\tmso-pattern:black none;\r\n\twhite-space:normal;}\r\n.xl6917631\r\n\t{padding:0px;\r\n\tmso-ignore:padding;\r\n\tcolor:black;\r\n\tfont-size:10.0pt;\r\n\tfont-weight:400;\r\n\tfont-style:normal;\r\n\ttext-decoration:none;\r\n\tfont-family:Arial;\r\n\tmso-generic-font-family:auto;\r\n\tmso-font-charset:0;\r\n\tmso-number-format:General;\r\n\ttext-align:general;\r\n\tvertical-align:bottom;\r\n\tborder:.5pt solid windowtext;\r\n\tbackground:#E1E1E1;\r\n\tmso-pattern:black none;\r\n\twhite-space:normal;}\r\n.xl7017631\r\n\t{padding:0px;\r\n\tmso-ignore:padding;\r\n\tcolor:black;\r\n\tfont-size:11.0pt;\r\n\tfont-weight:400;\r\n\tfont-style:normal;\r\n\ttext-decoration:none;\r\n\tfont-family:Calibri, sans-serif;\r\n\tmso-font-charset:0;\r\n\tmso-number-format:General;\r\n\ttext-align:general;\r\n\tvertical-align:bottom;\r\n\tmso-background-source:auto;\r\n\tmso-pattern:auto;\r\n\twhite-space:normal;}\r\n.xl7117631\r\n\t{padding:0px;\r\n\tmso-ignore:padding;\r\n\tcolor:black;\r\n\tfont-size:11.0pt;\r\n\tfont-weight:400;\r\n\tfont-style:normal;\r\n\ttext-decoration:none;\r\n\tfont-family:Calibri, sans-serif;\r\n\tmso-font-charset:0;\r\n\tmso-number-format:General;\r\n\ttext-align:general;\r\n\tvertical-align:bottom;\r\n\tborder:.5pt solid windowtext;\r\n\tbackground:white;\r\n\tmso-pattern:black none;\r\n\twhite-space:nowrap;}\r\n.xl7217631\r\n\t{padding:0px;\r\n\tmso-ignore:padding;\r\n\tcolor:black;\r\n\tfont-size:11.0pt;\r\n\tfont-weight:400;\r\n\tfont-style:normal;\r\n\ttext-decoration:none;\r\n\tfont-family:Calibri, sans-serif;\r\n\tmso-font-charset:0;\r\n\tmso-number-format:\"Medium Date\";\r\n\ttext-align:general;\r\n\tvertical-align:bottom;\r\n\tborder:.5pt solid windowtext;\r\n\tbackground:white;\r\n\tmso-pattern:black none;\r\n\twhite-space:nowrap;}\r\n.xl7317631\r\n\t{padding:0px;\r\n\tmso-ignore:padding;\r\n\tcolor:#0563C1;\r\n\tfont-size:11.0pt;\r\n\tfont-weight:400;\r\n\tfont-style:normal;\r\n\ttext-decoration:underline;\r\n\ttext-underline-style:single;\r\n\tfont-family:Calibri, sans-serif;\r\n\tmso-font-charset:0;\r\n\tmso-number-format:General;\r\n\ttext-align:general;\r\n\tvertical-align:bottom;\r\n\tborder:.5pt solid windowtext;\r\n\tbackground:white;\r\n\tmso-pattern:black none;\r\n\twhite-space:nowrap;}\r\n-->\r\n<\/style>\r\n<\/head>\r\n\r\n<body>\r\n<!--[if !excel]>&nbsp;&nbsp;<![endif]-->\r\n<!--La siguiente informaci\u00f3n se gener\u00f3 mediante el Asistente para publicar como\r\np\u00e1gina web de Microsoft Excel.-->\r\n<!--Si se vuelve a publicar el mismo elemento desde Excel, se reemplazar\u00e1 toda\r\nla informaci\u00f3n comprendida entre las etiquetas DIV.-->\r\n<!----------------------------->\r\n<!--INICIO DE LOS RESULTADOS DEL ASISTENTE PARA PUBLICAR COMO P\u00c1GINA WEB DE\r\nEXCEL -->\r\n<!----------------------------->\r\n\r\n<div id=\"a69_f19_17631\" align=center x:publishsource=\"Excel\">\r\n\r\n<table border=0 cellpadding=0 cellspacing=0 width=7225 style='border-collapse:\r\n collapse;table-layout:fixed;width:5424pt'>\r\n <col width=56 style='mso-width-source:userset;mso-width-alt:2048;width:42pt'>\r\n <col width=255 style='mso-width-source:userset;mso-width-alt:9325;width:191pt'>\r\n <col width=270 style='mso-width-source:userset;mso-width-alt:9874;width:203pt'>\r\n <col width=161 style='mso-width-source:userset;mso-width-alt:5888;width:121pt'>\r\n <col width=162 style='mso-width-source:userset;mso-width-alt:5924;width:122pt'>\r\n <col width=229 style='mso-width-source:userset;mso-width-alt:8374;width:172pt'>\r\n <col width=366 style='mso-width-source:userset;mso-width-alt:13385;width:275pt'>\r\n <col width=137 style='mso-width-source:userset;mso-width-alt:5010;width:103pt'>\r\n <col width=209 style='mso-width-source:userset;mso-width-alt:7643;width:157pt'>\r\n <col width=216 style='mso-width-source:userset;mso-width-alt:7899;width:162pt'>\r\n <col width=694 style='mso-width-source:userset;mso-width-alt:25380;width:521pt'>\r\n <col width=130 style='mso-width-source:userset;mso-width-alt:4754;width:98pt'>\r\n <col width=389 style='mso-width-source:userset;mso-width-alt:14226;width:292pt'>\r\n <col width=269 style='mso-width-source:userset;mso-width-alt:9837;width:202pt'>\r\n <col width=347 style='mso-width-source:userset;mso-width-alt:12690;width:260pt'>\r\n <col width=205 style='mso-width-source:userset;mso-width-alt:7497;width:154pt'>\r\n <col width=286 style='mso-width-source:userset;mso-width-alt:10459;width:215pt'>\r\n <col width=284 style='mso-width-source:userset;mso-width-alt:10386;width:213pt'>\r\n <col width=322 style='mso-width-source:userset;mso-width-alt:11776;width:242pt'>\r\n <col width=274 style='mso-width-source:userset;mso-width-alt:10020;width:206pt'>\r\n <col width=694 style='mso-width-source:userset;mso-width-alt:25380;width:521pt'>\r\n <col width=512 style='mso-width-source:userset;mso-width-alt:18724;width:384pt'>\r\n <col width=123 style='mso-width-source:userset;mso-width-alt:4498;width:92pt'>\r\n <col width=140 style='mso-width-source:userset;mso-width-alt:5120;width:105pt'>\r\n <col width=495 style='mso-width-source:userset;mso-width-alt:18102;width:371pt'>\r\n <tr height=0 style='display:none'>\r\n  <td class=xl1517631 width=56 style='width:42pt'>44250<\/td>\r\n  <td class=xl1517631 width=255 style='width:191pt'><\/td>\r\n  <td class=xl1517631 width=270 style='width:203pt'><\/td>\r\n  <td class=xl1517631 width=161 style='width:121pt'><\/td>\r\n  <td class=xl1517631 width=162 style='width:122pt'><\/td>\r\n  <td class=xl1517631 width=229 style='width:172pt'><\/td>\r\n  <td class=xl1517631 width=366 style='width:275pt'><\/td>\r\n  <td class=xl1517631 width=137 style='width:103pt'><\/td>\r\n  <td class=xl1517631 width=209 style='width:157pt'><\/td>\r\n  <td class=xl1517631 width=216 style='width:162pt'><\/td>\r\n  <td class=xl1517631 width=694 style='width:521pt'><\/td>\r\n  <td class=xl1517631 width=130 style='width:98pt'><\/td>\r\n  <td class=xl1517631 width=389 style='width:292pt'><\/td>\r\n  <td class=xl1517631 width=269 style='width:202pt'><\/td>\r\n  <td class=xl1517631 width=347 style='width:260pt'><\/td>\r\n  <td class=xl1517631 width=205 style='width:154pt'><\/td>\r\n  <td class=xl1517631 width=286 style='width:215pt'><\/td>\r\n  <td class=xl1517631 width=284 style='width:213pt'><\/td>\r\n  <td class=xl1517631 width=322 style='width:242pt'><\/td>\r\n  <td class=xl1517631 width=274 style='width:206pt'><\/td>\r\n  <td class=xl1517631 width=694 style='width:521pt'><\/td>\r\n  <td class=xl1517631 width=512 style='width:384pt'><\/td>\r\n  <td class=xl1517631 width=123 style='width:92pt'><\/td>\r\n  <td class=xl1517631 width=140 style='width:105pt'><\/td>\r\n  <td class=xl1517631 width=495 style='width:371pt'><\/td>\r\n <\/tr>\r\n <tr height=20 style='height:15.0pt'>\r\n  <td colspan=3 height=20 class=xl6617631 width=581 style='height:15.0pt;\r\n  width:436pt'>T\u00cdTULO<\/td>\r\n  <td colspan=3 class=xl6617631 width=552 style='width:415pt'>NOMBRE CORTO<\/td>\r\n  <td colspan=3 class=xl6617631 width=712 style='width:535pt'>DESCRIPCI\u00d3N<\/td>\r\n  <td class=xl1517631><\/td>\r\n  <td class=xl1517631><\/td>\r\n  <td class=xl1517631><\/td>\r\n  <td class=xl1517631><\/td>\r\n  <td class=xl1517631><\/td>\r\n  <td class=xl1517631><\/td>\r\n  <td class=xl1517631><\/td>\r\n  <td class=xl1517631><\/td>\r\n  <td class=xl1517631><\/td>\r\n  <td class=xl1517631><\/td>\r\n  <td class=xl1517631><\/td>\r\n  <td class=xl1517631><\/td>\r\n  <td class=xl1517631><\/td>\r\n  <td class=xl1517631><\/td>\r\n  <td class=xl1517631><\/td>\r\n  <td class=xl1517631><\/td>\r\n <\/tr>\r\n <tr height=86 style='mso-height-source:userset;height:64.5pt'>\r\n  <td colspan=3 height=86 class=xl6717631 style='height:64.5pt'>Servicios\r\n  ofrecidos<\/td>\r\n  <td colspan=3 class=xl6717631>a69_f19<\/td>\r\n  <td colspan=3 class=xl6917631 width=712 style='width:535pt'>La informaci\u00f3n\r\n  para dar a conocer los servicios p\u00fablicos que presta el sujeto obligado,\r\n  tanto de las actividades realizadas por la administraci\u00f3n p\u00fablica para\r\n  satisfacer necesidades de la poblaci\u00f3n, como las realizadas por los sujetos\r\n  obligados que no formen parte de la Administraci\u00f3n P\u00fablica, pero que\r\n  involucren el uso de recursos p\u00fablicos. Los servicios deben estar al alcance\r\n  de la poblaci\u00f3n sin necesidad de que el \u00e9sta los exija, como es el caso de\r\n  los tr\u00e1mites.<\/td>\r\n  <td class=xl1517631><\/td>\r\n  <td class=xl1517631><\/td>\r\n  <td class=xl1517631><\/td>\r\n  <td class=xl1517631><\/td>\r\n  <td class=xl1517631><\/td>\r\n  <td class=xl1517631><\/td>\r\n  <td class=xl1517631><\/td>\r\n  <td class=xl1517631><\/td>\r\n  <td class=xl1517631><\/td>\r\n  <td class=xl1517631><\/td>\r\n  <td class=xl1517631><\/td>\r\n  <td class=xl1517631><\/td>\r\n  <td class=xl1517631><\/td>\r\n  <td class=xl1517631><\/td>\r\n  <td class=xl1517631><\/td>\r\n  <td class=xl1517631><\/td>\r\n <\/tr>\r\n <tr height=0 style='display:none'>\r\n  <td class=xl1517631>1<\/td>\r\n  <td class=xl1517631>4<\/td>\r\n  <td class=xl1517631>4<\/td>\r\n  <td class=xl1517631>2<\/td>\r\n  <td class=xl1517631>9<\/td>\r\n  <td class=xl1517631>1<\/td>\r\n  <td class=xl1517631>2<\/td>\r\n  <td class=xl1517631>1<\/td>\r\n  <td class=xl1517631>2<\/td>\r\n  <td class=xl1517631>2<\/td>\r\n  <td class=xl1517631>7<\/td>\r\n  <td class=xl1517631>1<\/td>\r\n  <td class=xl1517631>10<\/td>\r\n  <td class=xl1517631>1<\/td>\r\n  <td class=xl1517631>2<\/td>\r\n  <td class=xl1517631>2<\/td>\r\n  <td class=xl1517631>2<\/td>\r\n  <td class=xl1517631>2<\/td>\r\n  <td class=xl1517631>10<\/td>\r\n  <td class=xl1517631>7<\/td>\r\n  <td class=xl1517631>7<\/td>\r\n  <td class=xl1517631>2<\/td>\r\n  <td class=xl1517631>4<\/td>\r\n  <td class=xl1517631>13<\/td>\r\n  <td class=xl1517631>14<\/td>\r\n <\/tr>\r\n <tr height=0 style='display:none'>\r\n  <td class=xl1517631>350704<\/td>\r\n  <td class=xl1517631>350705<\/td>\r\n  <td class=xl1517631>350706<\/td>\r\n  <td class=xl1517631>350690<\/td>\r\n  <td class=xl1517631>350709<\/td>\r\n  <td class=xl1517631>350713<\/td>\r\n  <td class=xl1517631>350692<\/td>\r\n  <td class=xl1517631>350711<\/td>\r\n  <td class=xl1517631>350693<\/td>\r\n  <td class=xl1517631>350694<\/td>\r\n  <td class=xl1517631>350700<\/td>\r\n  <td class=xl1517631>350688<\/td>\r\n  <td class=xl1517631>350710<\/td>\r\n  <td class=xl1517631>350689<\/td>\r\n  <td class=xl1517631>350695<\/td>\r\n  <td class=xl1517631>350712<\/td>\r\n  <td class=xl1517631>350691<\/td>\r\n  <td class=xl1517631>350696<\/td>\r\n  <td class=xl1517631>350701<\/td>\r\n  <td class=xl1517631>350699<\/td>\r\n  <td class=xl1517631>350698<\/td>\r\n  <td class=xl1517631>350708<\/td>\r\n  <td class=xl1517631>350697<\/td>\r\n  <td class=xl1517631>350703<\/td>\r\n  <td class=xl1517631>350707<\/td>\r\n <\/tr>\r\n <tr height=20 style='height:15.0pt'>\r\n  <td colspan=25 height=20 class=xl6617631 width=7225 style='height:15.0pt;\r\n  width:5424pt'>Tabla Campos<\/td>\r\n <\/tr>\r\n <tr height=35 style='height:26.25pt'>\r\n  <td height=35 class=xl6517631 width=56 style='height:26.25pt;width:42pt'>Ejercicio<\/td>\r\n  <td class=xl6517631 width=255 style='border-left:none;width:191pt'>Fecha de\r\n  inicio del periodo que se informa<\/td>\r\n  <td class=xl6517631 width=270 style='border-left:none;width:203pt'>Fecha de\r\n  t\u00e9rmino del periodo que se informa<\/td>\r\n  <td class=xl6517631 width=161 style='border-left:none;width:121pt'>Denominaci\u00f3n\r\n  del servicio<\/td>\r\n  <td class=xl6517631 width=162 style='border-left:none;width:122pt'>Tipo de\r\n  servicio (cat\u00e1logo)<\/td>\r\n  <td class=xl6517631 width=229 style='border-left:none;width:172pt'>Tipo de\r\n  usuario y\/o poblaci\u00f3n objetivo<\/td>\r\n  <td class=xl6517631 width=366 style='border-left:none;width:275pt'>Descripci\u00f3n\r\n  del objetivo del servicio<\/td>\r\n  <td class=xl6517631 width=137 style='border-left:none;width:103pt'>Modalidad\r\n  del servicio<\/td>\r\n  <td class=xl6517631 width=209 style='border-left:none;width:157pt'>Requisitos\r\n  para obtener el servicio<\/td>\r\n  <td class=xl6517631 width=216 style='border-left:none;width:162pt'>Documentos\r\n  requeridos, en su caso<\/td>\r\n  <td class=xl6517631 width=694 style='border-left:none;width:521pt'>Hiperv\u00ednculo\r\n  a los formatos respectivo(s) publicado(s) en medio oficial<\/td>\r\n  <td class=xl6517631 width=130 style='border-left:none;width:98pt'>Tiempo de\r\n  respuesta<\/td>\r\n  <td class=xl6817631 width=389 style='border-left:none;width:292pt'>\u00c1rea en la\r\n  que se proporciona el servicio y los datos de contacto<span\r\n  style='mso-spacerun:yes'>\u00a0<\/span><\/td>\r\n  <td class=xl6517631 width=269 style='border-left:none;width:202pt'>Costo, en\r\n  su caso especificar que es gratuito<\/td>\r\n  <td class=xl6517631 width=347 style='border-left:none;width:260pt'>Sustento\r\n  legal para su cobro<\/td>\r\n  <td class=xl6517631 width=205 style='border-left:none;width:154pt'>Lugares\r\n  donde se efect\u00faa el pago<\/td>\r\n  <td class=xl6517631 width=286 style='border-left:none;width:215pt'>Fundamento\r\n  jur\u00eddico-administrativo del servicio<\/td>\r\n  <td class=xl6517631 width=284 style='border-left:none;width:213pt'>Derechos\r\n  del usuario ante la negativa o la falta<\/td>\r\n  <td class=xl6817631 width=322 style='border-left:none;width:242pt'>Lugar para\r\n  reportar presuntas anomalias<span style='mso-spacerun:yes'>\u00a0<\/span><\/td>\r\n  <td class=xl6517631 width=274 style='border-left:none;width:206pt'>Hiperv\u00ednculo\r\n  informaci\u00f3n adicional del servicio<\/td>\r\n  <td class=xl6517631 width=694 style='border-left:none;width:521pt'>Hiperv\u00ednculo\r\n  al cat\u00e1logo, manual o sistemas<span style='mso-spacerun:yes'>\u00a0<\/span><\/td>\r\n  <td class=xl6517631 width=512 style='border-left:none;width:384pt'>\u00c1rea(s)\r\n  responsable(s) que genera(n), posee(n), publica(n) y actualizan la\r\n  informaci\u00f3n<\/td>\r\n  <td class=xl6517631 width=123 style='border-left:none;width:92pt'>Fecha de\r\n  validaci\u00f3n<\/td>\r\n  <td class=xl6517631 width=140 style='border-left:none;width:105pt'>Fecha de\r\n  actualizaci\u00f3n<\/td>\r\n  <td class=xl6517631 width=495 style='border-left:none;width:371pt'>Nota<\/td>\r\n <\/tr>\r\n <tr height=20 style='height:15.0pt'>\r\n  <td height=20 class=xl7117631 align=right style='height:15.0pt;border-top:\r\n  none'>2018<\/td>\r\n  <td class=xl7217631 align=right style='border-top:none;border-left:none'>01-jul-18<\/td>\r\n  <td class=xl7217631 align=right style='border-top:none;border-left:none'>30-sep-18<\/td>\r\n  <td class=xl7117631 style='border-top:none;border-left:none'>recorridos\r\n  turisticos<\/td>\r\n  <td class=xl7117631 style='border-top:none;border-left:none'>Directo<\/td>\r\n  <td class=xl7117631 style='border-top:none;border-left:none'>solicitantes en\r\n  general<span style='mso-spacerun:yes'>\u00a0<\/span><\/td>\r\n  <td class=xl7117631 style='border-top:none;border-left:none'>dar a conocer el\r\n  acervo turistico e historico del municipio<\/td>\r\n  <td class=xl7117631 style='border-top:none;border-left:none'>personal<span\r\n  style='mso-spacerun:yes'>\u00a0<\/span><\/td>\r\n  <td class=xl7117631 style='border-top:none;border-left:none'>solicitud<span\r\n  style='mso-spacerun:yes'>\u00a0<\/span><\/td>\r\n  <td class=xl7117631 style='border-top:none;border-left:none'>oficio<\/td>\r\n  <td class=xl7317631 style='border-top:none;border-left:none'><a\r\n  href=\"https:\/\/www.apan.gob.mx\/descargables\/transparencia\/articulo69\/fraccion19\/2018_3\/turismo\/FrXIXa1_1.pdf\">https:\/\/www.apan.gob.mx\/descargables\/transparencia\/articulo69\/fraccion19\/2018_3\/turismo\/FrXIXa1_1.pdf<\/a><\/td>\r\n  <td class=xl7117631 style='border-top:none;border-left:none'>8 dias habiles<\/td>\r\n  <td class=xl7117631 style='border-top:none;border-left:none'>Direccion de\r\n  turismo<\/td>\r\n  <td class=xl7117631 style='border-top:none;border-left:none'>gratuito<span\r\n  style='mso-spacerun:yes'>\u00a0<\/span><\/td>\r\n  <td class=xl7117631 style='border-top:none;border-left:none'>art. 10 frac.\r\n  III, IV, VII, VIII<span style='mso-spacerun:yes'>\u00a0 <\/span>de la ley general\r\n  de turismo<\/td>\r\n  <td class=xl7117631 style='border-top:none;border-left:none'>N\/A<\/td>\r\n  <td class=xl7117631 style='border-top:none;border-left:none'>art. 10 frac.\r\n  VII de la ley general de turismo<\/td>\r\n  <td class=xl7117631 style='border-top:none;border-left:none'>presentar\r\n  queja<span style='mso-spacerun:yes'>\u00a0<\/span><\/td>\r\n  <td class=xl7117631 style='border-top:none;border-left:none'>01-748-91-2-03-16\r\n  Ext 115<\/td>\r\n  <td class=xl7317631 style='border-top:none;border-left:none'><a\r\n  href=\"https:\/\/apan.gob.mx\/portal\/Tur\/\">https:\/\/apan.gob.mx\/portal\/Tur\/<\/a><\/td>\r\n  <td class=xl7317631 style='border-top:none;border-left:none'><a\r\n  href=\"https:\/\/www.apan.gob.mx\/descargables\/transparencia\/articulo69\/fraccion19\/2018_3\/turismo\/FrXIXa1_2.pdf\">https:\/\/www.apan.gob.mx\/descargables\/transparencia\/articulo69\/fraccion19\/2018_3\/turismo\/FrXIXa1_2.pdf<\/a><\/td>\r\n  <td class=xl7117631 style='border-top:none;border-left:none'>direccion de\r\n  turismo<\/td>\r\n  <td class=xl7217631 align=right style='border-top:none;border-left:none'>05-oct-18<\/td>\r\n  <td class=xl7217631 align=right style='border-top:none;border-left:none'>01-ene-18<\/td>\r\n  <td class=xl7117631 style='border-top:none;border-left:none'>no aplica los\r\n  lugares de pago unicamente se realizan los recorridos sin cobro<\/td>\r\n <\/tr>\r\n <![if supportMisalignedColumns]>\r\n <tr height=0 style='display:none'>\r\n  <td width=56 style='width:42pt'><\/td>\r\n  <td width=255 style='width:191pt'><\/td>\r\n  <td width=270 style='width:203pt'><\/td>\r\n  <td width=161 style='width:121pt'><\/td>\r\n  <td width=162 style='width:122pt'><\/td>\r\n  <td width=229 style='width:172pt'><\/td>\r\n  <td width=366 style='width:275pt'><\/td>\r\n  <td width=137 style='width:103pt'><\/td>\r\n  <td width=209 style='width:157pt'><\/td>\r\n  <td width=216 style='width:162pt'><\/td>\r\n  <td width=694 style='width:521pt'><\/td>\r\n  <td width=130 style='width:98pt'><\/td>\r\n  <td width=389 style='width:292pt'><\/td>\r\n  <td width=269 style='width:202pt'><\/td>\r\n  <td width=347 style='width:260pt'><\/td>\r\n  <td width=205 style='width:154pt'><\/td>\r\n  <td width=286 style='width:215pt'><\/td>\r\n  <td width=284 style='width:213pt'><\/td>\r\n  <td width=322 style='width:242pt'><\/td>\r\n  <td width=274 style='width:206pt'><\/td>\r\n  <td width=694 style='width:521pt'><\/td>\r\n  <td width=512 style='width:384pt'><\/td>\r\n  <td width=123 style='width:92pt'><\/td>\r\n  <td width=140 style='width:105pt'><\/td>\r\n  <td width=495 style='width:371pt'><\/td>\r\n <\/tr>\r\n <![endif]>\r\n<\/table>\r\n\r\n<\/div>\r\n\r\n\r\n\t\t\t\t<\/div>\n\t\t\t\t<\/div>\n\t\t\t\t<div class=\"elementor-element elementor-element-jaws3gm elementor-widget elementor-widget-button\" data-id=\"jaws3gm\" data-element_type=\"widget\" data-e-type=\"widget\" data-widget_type=\"button.default\">\n\t\t\t\t<div class=\"elementor-widget-container\">\n\t\t\t\t\t\t\t\t\t<div class=\"elementor-button-wrapper\">\n\t\t\t\t\t<a class=\"elementor-button elementor-button-link elementor-size-sm\" href=\"https:\/\/www.apan.gob.mx\/descargables\/transparencia\/articulo69\/fraccion19\/2018_3\/turismo\/a69_f19.xlsx\">\n\t\t\t\t\t\t<span class=\"elementor-button-content-wrapper\">\n\t\t\t\t\t\t\t\t\t<span class=\"elementor-button-text\">Descargar<\/span>\n\t\t\t\t\t<\/span>\n\t\t\t\t\t<\/a>\n\t\t\t\t<\/div>\n\t\t\t\t\t\t\t\t<\/div>\n\t\t\t\t<\/div>\n\t\t\t\t<div class=\"elementor-element elementor-element-lddvtxv elementor-widget elementor-widget-heading\" data-id=\"lddvtxv\" data-element_type=\"widget\" data-e-type=\"widget\" data-widget_type=\"heading.default\">\n\t\t\t\t<div class=\"elementor-widget-container\">\n\t\t\t\t\t<h2 class=\"elementor-heading-title elementor-size-small\">Fecha en que se subi\u00f3 la informaci\u00f3n: 22-noviembre-18<\/h2>\t\t\t\t<\/div>\n\t\t\t\t<\/div>\n\t\t\t\t\t<\/div>\n\t\t<\/div>\n\t\t\t\t\t<\/div>\n\t\t<\/section>\n\t\t\t\t<\/div>\n\t\t","protected":false},"excerpt":{"rendered":"<p>Fracci\u00f3n XlX 44250 T\u00cdTULO NOMBRE CORTO DESCRIPCI\u00d3N Servicios ofrecidos a69_f19 La informaci\u00f3n para dar a conocer los servicios p\u00fablicos que presta el sujeto obligado, tanto de las actividades realizadas por la administraci\u00f3n p\u00fablica para satisfacer necesidades de la poblaci\u00f3n, como las realizadas por los sujetos obligados que no formen parte de la Administraci\u00f3n P\u00fablica, pero [&hellip;]<\/p>\n","protected":false},"author":1,"featured_media":0,"parent":0,"menu_order":0,"comment_status":"closed","ping_status":"closed","template":"page-template-full.php","meta":{"footnotes":""},"class_list":["post-3634","page","type-page","status-publish","hentry"],"jetpack_sharing_enabled":true,"_links":{"self":[{"href":"https:\/\/apan.gob.mx\/portal\/wp-json\/wp\/v2\/pages\/3634","targetHints":{"allow":["GET"]}}],"collection":[{"href":"https:\/\/apan.gob.mx\/portal\/wp-json\/wp\/v2\/pages"}],"about":[{"href":"https:\/\/apan.gob.mx\/portal\/wp-json\/wp\/v2\/types\/page"}],"author":[{"embeddable":true,"href":"https:\/\/apan.gob.mx\/portal\/wp-json\/wp\/v2\/users\/1"}],"replies":[{"embeddable":true,"href":"https:\/\/apan.gob.mx\/portal\/wp-json\/wp\/v2\/comments?post=3634"}],"version-history":[{"count":2,"href":"https:\/\/apan.gob.mx\/portal\/wp-json\/wp\/v2\/pages\/3634\/revisions"}],"predecessor-version":[{"id":3636,"href":"https:\/\/apan.gob.mx\/portal\/wp-json\/wp\/v2\/pages\/3634\/revisions\/3636"}],"wp:attachment":[{"href":"https:\/\/apan.gob.mx\/portal\/wp-json\/wp\/v2\/media?parent=3634"}],"curies":[{"name":"wp","href":"https:\/\/api.w.org\/{rel}","templated":true}]}}