{"id":3691,"date":"2018-11-28T00:58:22","date_gmt":"2018-11-28T00:58:22","guid":{"rendered":"https:\/\/apan.gob.mx\/portal\/?page_id=3691"},"modified":"2018-11-28T01:17:29","modified_gmt":"2018-11-28T01:17:29","slug":"sm_20_2018_3","status":"publish","type":"page","link":"https:\/\/apan.gob.mx\/portal\/sm_20_2018_3\/","title":{"rendered":"<!-sm_20_2018_3-->"},"content":{"rendered":"\t\t<div data-elementor-type=\"wp-page\" data-elementor-id=\"3691\" class=\"elementor elementor-3691 elementor-bc-flex-widget\">\n\t\t\t\t\t\t<section class=\"has_ae_slider elementor-section elementor-top-section elementor-element elementor-element-bhumeno elementor-section-boxed elementor-section-height-default elementor-section-height-default ae-bg-gallery-type-default\" data-id=\"bhumeno\" data-element_type=\"section\" data-e-type=\"section\">\n\t\t\t\t\t\t<div class=\"elementor-container elementor-column-gap-default\">\n\t\t\t\t\t<div class=\"has_ae_slider elementor-column elementor-col-100 elementor-top-column elementor-element elementor-element-zrwpgur ae-bg-gallery-type-default\" data-id=\"zrwpgur\" data-element_type=\"column\" data-e-type=\"column\">\n\t\t\t<div class=\"elementor-widget-wrap elementor-element-populated\">\n\t\t\t\t\t\t<div class=\"elementor-element elementor-element-klzvxni elementor-widget elementor-widget-heading\" data-id=\"klzvxni\" data-element_type=\"widget\" data-e-type=\"widget\" data-widget_type=\"heading.default\">\n\t\t\t\t<div class=\"elementor-widget-container\">\n\t\t\t\t\t<h2 class=\"elementor-heading-title elementor-size-medium\">Fracci\u00f3n XX<\/h2>\t\t\t\t<\/div>\n\t\t\t\t<\/div>\n\t\t\t\t<div class=\"elementor-element elementor-element-y7my5yw elementor-widget elementor-widget-html\" data-id=\"y7my5yw\" data-element_type=\"widget\" data-e-type=\"widget\" data-widget_type=\"html.default\">\n\t\t\t\t<div class=\"elementor-widget-container\">\n\t\t\t\t\t<style id=\"FRACCXX_22147_Styles\">\r\n<!--table\r\n\t{mso-displayed-decimal-separator:\"\\.\";\r\n\tmso-displayed-thousand-separator:\"\\,\";}\r\n.xl1522147\r\n\t{padding-top:1px;\r\n\tpadding-right:1px;\r\n\tpadding-left:1px;\r\n\tmso-ignore:padding;\r\n\tcolor:black;\r\n\tfont-size:11.0pt;\r\n\tfont-weight:400;\r\n\tfont-style:normal;\r\n\ttext-decoration:none;\r\n\tfont-family:Calibri, sans-serif;\r\n\tmso-font-charset:0;\r\n\tmso-number-format:General;\r\n\ttext-align:general;\r\n\tvertical-align:bottom;\r\n\tmso-background-source:auto;\r\n\tmso-pattern:auto;\r\n\twhite-space:nowrap;}\r\n.xl6522147\r\n\t{padding-top:1px;\r\n\tpadding-right:1px;\r\n\tpadding-left:1px;\r\n\tmso-ignore:padding;\r\n\tcolor:black;\r\n\tfont-size:11.0pt;\r\n\tfont-weight:400;\r\n\tfont-style:normal;\r\n\ttext-decoration:none;\r\n\tfont-family:Calibri, sans-serif;\r\n\tmso-font-charset:0;\r\n\tmso-number-format:General;\r\n\ttext-align:center;\r\n\tvertical-align:middle;\r\n\tmso-background-source:auto;\r\n\tmso-pattern:auto;\r\n\twhite-space:nowrap;}\r\n.xl6622147\r\n\t{padding-top:1px;\r\n\tpadding-right:1px;\r\n\tpadding-left:1px;\r\n\tmso-ignore:padding;\r\n\tcolor:black;\r\n\tfont-size:10.0pt;\r\n\tfont-weight:400;\r\n\tfont-style:normal;\r\n\ttext-decoration:none;\r\n\tfont-family:Arial;\r\n\tmso-generic-font-family:auto;\r\n\tmso-font-charset:0;\r\n\tmso-number-format:General;\r\n\ttext-align:center;\r\n\tvertical-align:middle;\r\n\tborder:.5pt solid windowtext;\r\n\tbackground:#E1E1E1;\r\n\tmso-pattern:black none;\r\n\twhite-space:normal;}\r\n.xl6722147\r\n\t{padding-top:1px;\r\n\tpadding-right:1px;\r\n\tpadding-left:1px;\r\n\tmso-ignore:padding;\r\n\tcolor:black;\r\n\tfont-size:10.0pt;\r\n\tfont-weight:400;\r\n\tfont-style:normal;\r\n\ttext-decoration:none;\r\n\tfont-family:Arial, sans-serif;\r\n\tmso-font-charset:0;\r\n\tmso-number-format:General;\r\n\ttext-align:center;\r\n\tvertical-align:middle;\r\n\tborder:.5pt solid windowtext;\r\n\tbackground:#E1E1E1;\r\n\tmso-pattern:black none;\r\n\twhite-space:normal;}\r\n.xl6822147\r\n\t{padding-top:1px;\r\n\tpadding-right:1px;\r\n\tpadding-left:1px;\r\n\tmso-ignore:padding;\r\n\tcolor:black;\r\n\tfont-size:11.0pt;\r\n\tfont-weight:400;\r\n\tfont-style:normal;\r\n\ttext-decoration:none;\r\n\tfont-family:Calibri, sans-serif;\r\n\tmso-font-charset:0;\r\n\tmso-number-format:General;\r\n\ttext-align:center;\r\n\tvertical-align:middle;\r\n\tborder:.5pt solid windowtext;\r\n\tbackground:white;\r\n\tmso-pattern:black none;\r\n\twhite-space:nowrap;}\r\n.xl6922147\r\n\t{padding-top:1px;\r\n\tpadding-right:1px;\r\n\tpadding-left:1px;\r\n\tmso-ignore:padding;\r\n\tcolor:black;\r\n\tfont-size:11.0pt;\r\n\tfont-weight:400;\r\n\tfont-style:normal;\r\n\ttext-decoration:none;\r\n\tfont-family:Calibri, sans-serif;\r\n\tmso-font-charset:0;\r\n\tmso-number-format:\"Medium Date\";\r\n\ttext-align:center;\r\n\tvertical-align:middle;\r\n\tborder:.5pt solid windowtext;\r\n\tbackground:white;\r\n\tmso-pattern:black none;\r\n\twhite-space:nowrap;}\r\n.xl7022147\r\n\t{padding-top:1px;\r\n\tpadding-right:1px;\r\n\tpadding-left:1px;\r\n\tmso-ignore:padding;\r\n\tcolor:blue;\r\n\tfont-size:11.0pt;\r\n\tfont-weight:400;\r\n\tfont-style:normal;\r\n\ttext-decoration:underline;\r\n\ttext-underline-style:single;\r\n\tfont-family:Calibri, sans-serif;\r\n\tmso-font-charset:0;\r\n\tmso-number-format:General;\r\n\ttext-align:center;\r\n\tvertical-align:middle;\r\n\tborder:.5pt solid windowtext;\r\n\tbackground:white;\r\n\tmso-pattern:black none;\r\n\twhite-space:nowrap;}\r\n.xl7122147\r\n\t{padding-top:1px;\r\n\tpadding-right:1px;\r\n\tpadding-left:1px;\r\n\tmso-ignore:padding;\r\n\tcolor:white;\r\n\tfont-size:11.0pt;\r\n\tfont-weight:700;\r\n\tfont-style:normal;\r\n\ttext-decoration:none;\r\n\tfont-family:Arial;\r\n\tmso-generic-font-family:auto;\r\n\tmso-font-charset:0;\r\n\tmso-number-format:General;\r\n\ttext-align:center;\r\n\tvertical-align:middle;\r\n\tborder:.5pt solid windowtext;\r\n\tbackground:#333333;\r\n\tmso-pattern:black none;\r\n\twhite-space:normal;}\r\n.xl7222147\r\n\t{padding-top:1px;\r\n\tpadding-right:1px;\r\n\tpadding-left:1px;\r\n\tmso-ignore:padding;\r\n\tcolor:black;\r\n\tfont-size:10.0pt;\r\n\tfont-weight:400;\r\n\tfont-style:normal;\r\n\ttext-decoration:none;\r\n\tfont-family:Arial;\r\n\tmso-generic-font-family:auto;\r\n\tmso-font-charset:0;\r\n\tmso-number-format:General;\r\n\ttext-align:center;\r\n\tvertical-align:middle;\r\n\tborder:.5pt solid windowtext;\r\n\tbackground:#E1E1E1;\r\n\tmso-pattern:black none;\r\n\twhite-space:nowrap;}\r\n.xl7322147\r\n\t{padding-top:1px;\r\n\tpadding-right:1px;\r\n\tpadding-left:1px;\r\n\tmso-ignore:padding;\r\n\tcolor:black;\r\n\tfont-size:11.0pt;\r\n\tfont-weight:400;\r\n\tfont-style:normal;\r\n\ttext-decoration:none;\r\n\tfont-family:Calibri, sans-serif;\r\n\tmso-font-charset:0;\r\n\tmso-number-format:General;\r\n\ttext-align:center;\r\n\tvertical-align:middle;\r\n\tmso-background-source:auto;\r\n\tmso-pattern:auto;\r\n\twhite-space:normal;}\r\n-->\r\n<\/style>\r\n<\/head>\r\n\r\n<body>\r\n<!--[if !excel]>&nbsp;&nbsp;<![endif]-->\r\n<!--La siguiente informaci\u00f3n se gener\u00f3 mediante el Asistente para publicar como\r\np\u00e1gina web de Microsoft Excel.-->\r\n<!--Si se vuelve a publicar el mismo elemento desde Excel, se reemplazar\u00e1 toda\r\nla informaci\u00f3n comprendida entre las etiquetas DIV.-->\r\n<!----------------------------->\r\n<!--INICIO DE LOS RESULTADOS DEL ASISTENTE PARA PUBLICAR COMO P\u00c1GINA WEB DE\r\nEXCEL -->\r\n<!----------------------------->\r\n\r\n<div id=\"FRACCXX_22147\" align=center x:publishsource=\"Excel\">\r\n\r\n<table border=0 cellpadding=0 cellspacing=0 width=8201 style='border-collapse:\r\n collapse;table-layout:fixed;width:6154pt'>\r\n <col width=56 style='mso-width-source:userset;mso-width-alt:2048;width:42pt'>\r\n <col width=255 style='mso-width-source:userset;mso-width-alt:9325;width:191pt'>\r\n <col width=270 style='mso-width-source:userset;mso-width-alt:9874;width:203pt'>\r\n <col width=159 style='mso-width-source:userset;mso-width-alt:5814;width:119pt'>\r\n <col width=229 style='mso-width-source:userset;mso-width-alt:8374;width:172pt'>\r\n <col width=215 style='mso-width-source:userset;mso-width-alt:7862;width:161pt'>\r\n <col width=135 style='mso-width-source:userset;mso-width-alt:4937;width:101pt'>\r\n <col width=713 style='mso-width-source:userset;mso-width-alt:26075;width:535pt'>\r\n <col width=147 style='mso-width-source:userset;mso-width-alt:5376;width:110pt'>\r\n <col width=690 style='mso-width-source:userset;mso-width-alt:25234;width:518pt'>\r\n <col width=304 style='mso-width-source:userset;mso-width-alt:11117;width:228pt'>\r\n <col width=228 style='mso-width-source:userset;mso-width-alt:8338;width:171pt'>\r\n <col width=373 style='mso-width-source:userset;mso-width-alt:13641;width:280pt'>\r\n <col width=273 style='mso-width-source:userset;mso-width-alt:9984;width:205pt'>\r\n <col width=174 style='mso-width-source:userset;mso-width-alt:6363;width:131pt'>\r\n <col width=322 style='mso-width-source:userset;mso-width-alt:11776;width:242pt'>\r\n <col width=283 style='mso-width-source:userset;mso-width-alt:10349;width:212pt'>\r\n <col width=130 style='mso-width-source:userset;mso-width-alt:4754;width:98pt'>\r\n <col width=322 style='mso-width-source:userset;mso-width-alt:11776;width:242pt'>\r\n <col width=437 style='mso-width-source:userset;mso-width-alt:15981;width:328pt'>\r\n <col width=690 style='mso-width-source:userset;mso-width-alt:25234;width:518pt'>\r\n <col width=575 style='mso-width-source:userset;mso-width-alt:21028;width:431pt'>\r\n <col width=512 style='mso-width-source:userset;mso-width-alt:18724;width:384pt'>\r\n <col width=123 style='mso-width-source:userset;mso-width-alt:4498;width:92pt'>\r\n <col width=140 style='mso-width-source:userset;mso-width-alt:5120;width:105pt'>\r\n <col width=446 style='mso-width-source:userset;mso-width-alt:16310;width:335pt'>\r\n <tr height=0 style='display:none'>\r\n  <td class=xl6522147 width=56 style='width:42pt'>44251<\/td>\r\n  <td class=xl6522147 width=255 style='width:191pt'><\/td>\r\n  <td class=xl6522147 width=270 style='width:203pt'><\/td>\r\n  <td class=xl6522147 width=159 style='width:119pt'><\/td>\r\n  <td class=xl6522147 width=229 style='width:172pt'><\/td>\r\n  <td class=xl6522147 width=215 style='width:161pt'><\/td>\r\n  <td class=xl6522147 width=135 style='width:101pt'><\/td>\r\n  <td class=xl6522147 width=713 style='width:535pt'><\/td>\r\n  <td class=xl6522147 width=147 style='width:110pt'><\/td>\r\n  <td class=xl6522147 width=690 style='width:518pt'><\/td>\r\n  <td class=xl6522147 width=304 style='width:228pt'><\/td>\r\n  <td class=xl6522147 width=228 style='width:171pt'><\/td>\r\n  <td class=xl6522147 width=373 style='width:280pt'><\/td>\r\n  <td class=xl6522147 width=273 style='width:205pt'><\/td>\r\n  <td class=xl6522147 width=174 style='width:131pt'><\/td>\r\n  <td class=xl6522147 width=322 style='width:242pt'><\/td>\r\n  <td class=xl6522147 width=283 style='width:212pt'><\/td>\r\n  <td class=xl6522147 width=130 style='width:98pt'><\/td>\r\n  <td class=xl6522147 width=322 style='width:242pt'><\/td>\r\n  <td class=xl6522147 width=437 style='width:328pt'><\/td>\r\n  <td class=xl6522147 width=690 style='width:518pt'><\/td>\r\n  <td class=xl6522147 width=575 style='width:431pt'><\/td>\r\n  <td class=xl6522147 width=512 style='width:384pt'><\/td>\r\n  <td class=xl6522147 width=123 style='width:92pt'><\/td>\r\n  <td class=xl6522147 width=140 style='width:105pt'><\/td>\r\n  <td class=xl6522147 width=446 style='width:335pt'><\/td>\r\n <\/tr>\r\n <tr height=20 style='height:15.0pt'>\r\n  <td colspan=3 height=20 class=xl7122147 width=581 style='height:15.0pt;\r\n  width:436pt'>T\u00cdTULO<\/td>\r\n  <td colspan=3 class=xl7122147 width=603 style='width:452pt'>NOMBRE CORTO<\/td>\r\n  <td colspan=3 class=xl7122147 width=995 style='width:746pt'>DESCRIPCI\u00d3N<\/td>\r\n  <td class=xl6522147><\/td>\r\n  <td class=xl6522147><\/td>\r\n  <td class=xl6522147><\/td>\r\n  <td class=xl6522147><\/td>\r\n  <td class=xl6522147><\/td>\r\n  <td class=xl6522147><\/td>\r\n  <td class=xl6522147><\/td>\r\n  <td class=xl6522147><\/td>\r\n  <td class=xl6522147><\/td>\r\n  <td class=xl6522147><\/td>\r\n  <td class=xl6522147><\/td>\r\n  <td class=xl6522147><\/td>\r\n  <td class=xl6522147><\/td>\r\n  <td class=xl6522147><\/td>\r\n  <td class=xl6522147><\/td>\r\n  <td class=xl6522147><\/td>\r\n  <td class=xl6522147><\/td>\r\n <\/tr>\r\n <tr height=68 style='mso-height-source:userset;height:51.0pt'>\r\n  <td colspan=3 height=68 class=xl7222147 style='height:51.0pt'>Tr\u00e1mites\r\n  ofrecidos<\/td>\r\n  <td colspan=3 class=xl7222147>a69_f20<\/td>\r\n  <td colspan=3 class=xl6622147 width=995 style='width:746pt'>La informaci\u00f3n\r\n  relacionada con las tareas administrativas que realizan los sujetos obligados\r\n  en sus diferentes \u00e1mbitos con el objeto de atender las peticiones que\r\n  realicen los particulares ya sea para la obtenci\u00f3n de un beneficio, o cumplir\r\n  con alguna obligaci\u00f3n ante una autoridad, de conformidad con la normatividad\r\n  respecto de los tr\u00e1mites que realizan. Generalmente \u00e9stos implican la entrega\r\n  de informaci\u00f3n ante una autoridad por parte de los particulares.<\/td>\r\n  <td class=xl6522147><\/td>\r\n  <td class=xl6522147><\/td>\r\n  <td class=xl6522147><\/td>\r\n  <td class=xl6522147><\/td>\r\n  <td class=xl6522147><\/td>\r\n  <td class=xl6522147><\/td>\r\n  <td class=xl6522147><\/td>\r\n  <td class=xl6522147><\/td>\r\n  <td class=xl6522147><\/td>\r\n  <td class=xl6522147><\/td>\r\n  <td class=xl6522147><\/td>\r\n  <td class=xl6522147><\/td>\r\n  <td class=xl6522147><\/td>\r\n  <td class=xl6522147><\/td>\r\n  <td class=xl6522147><\/td>\r\n  <td class=xl6522147><\/td>\r\n  <td class=xl6522147><\/td>\r\n <\/tr>\r\n <tr height=0 style='display:none'>\r\n  <td class=xl6522147>1<\/td>\r\n  <td class=xl6522147>4<\/td>\r\n  <td class=xl6522147>4<\/td>\r\n  <td class=xl6522147>2<\/td>\r\n  <td class=xl6522147>2<\/td>\r\n  <td class=xl6522147>2<\/td>\r\n  <td class=xl6522147>1<\/td>\r\n  <td class=xl6522147>7<\/td>\r\n  <td class=xl6522147>2<\/td>\r\n  <td class=xl6522147>7<\/td>\r\n  <td class=xl6522147>1<\/td>\r\n  <td class=xl6522147>1<\/td>\r\n  <td class=xl6522147>10<\/td>\r\n  <td class=xl6522147>6<\/td>\r\n  <td class=xl6522147>2<\/td>\r\n  <td class=xl6522147>10<\/td>\r\n  <td class=xl6522147>2<\/td>\r\n  <td class=xl6522147>2<\/td>\r\n  <td class=xl6522147>10<\/td>\r\n  <td class=xl6522147>2<\/td>\r\n  <td class=xl6522147>7<\/td>\r\n  <td class=xl6522147>7<\/td>\r\n  <td class=xl6522147>2<\/td>\r\n  <td class=xl6522147>4<\/td>\r\n  <td class=xl6522147>13<\/td>\r\n  <td class=xl6522147>14<\/td>\r\n <\/tr>\r\n <tr height=0 style='display:none'>\r\n  <td class=xl6522147>350731<\/td>\r\n  <td class=xl6522147>350733<\/td>\r\n  <td class=xl6522147>350732<\/td>\r\n  <td class=xl6522147>350716<\/td>\r\n  <td class=xl6522147>350744<\/td>\r\n  <td class=xl6522147>350717<\/td>\r\n  <td class=xl6522147>350715<\/td>\r\n  <td class=xl6522147>350734<\/td>\r\n  <td class=xl6522147>350745<\/td>\r\n  <td class=xl6522147>350738<\/td>\r\n  <td class=xl6522147>350735<\/td>\r\n  <td class=xl6522147>350714<\/td>\r\n  <td class=xl6522147>350724<\/td>\r\n  <td class=xl6522147>350721<\/td>\r\n  <td class=xl6522147>350719<\/td>\r\n  <td class=xl6522147>350726<\/td>\r\n  <td class=xl6522147>350718<\/td>\r\n  <td class=xl6522147>350741<\/td>\r\n  <td class=xl6522147>350725<\/td>\r\n  <td class=xl6522147>350743<\/td>\r\n  <td class=xl6522147>350722<\/td>\r\n  <td class=xl6522147>350723<\/td>\r\n  <td class=xl6522147>350737<\/td>\r\n  <td class=xl6522147>350720<\/td>\r\n  <td class=xl6522147>350730<\/td>\r\n  <td class=xl6522147>350736<\/td>\r\n <\/tr>\r\n <tr height=20 style='height:15.0pt'>\r\n  <td colspan=26 height=20 class=xl7122147 width=8201 style='height:15.0pt;\r\n  width:6154pt'>Tabla Campos<\/td>\r\n <\/tr>\r\n <tr height=34 style='height:25.5pt'>\r\n  <td height=34 class=xl6622147 width=56 style='height:25.5pt;width:42pt'>Ejercicio<\/td>\r\n  <td class=xl6622147 width=255 style='border-left:none;width:191pt'>Fecha de\r\n  inicio del periodo que se informa<\/td>\r\n  <td class=xl6622147 width=270 style='border-left:none;width:203pt'>Fecha de\r\n  t\u00e9rmino del periodo que se informa<\/td>\r\n  <td class=xl6622147 width=159 style='border-left:none;width:119pt'>Denominaci\u00f3n\r\n  del tr\u00e1mite<\/td>\r\n  <td class=xl6622147 width=229 style='border-left:none;width:172pt'>Tipo de\r\n  usuario y\/o poblaci\u00f3n objetivo<\/td>\r\n  <td class=xl6622147 width=215 style='border-left:none;width:161pt'>Descripci\u00f3n\r\n  del objetivo del tr\u00e1mite<\/td>\r\n  <td class=xl6622147 width=135 style='border-left:none;width:101pt'>Modalidad\r\n  del tr\u00e1mite<\/td>\r\n  <td class=xl6622147 width=713 style='border-left:none;width:535pt'>Hiperv\u00ednculo\r\n  a los requisitos para llevar a cabo el tr\u00e1mite<\/td>\r\n  <td class=xl6622147 width=147 style='border-left:none;width:110pt'>Documentos\r\n  requeridos<\/td>\r\n  <td class=xl6622147 width=690 style='border-left:none;width:518pt'>Hiperv\u00ednculo\r\n  al\/los formatos respectivos<\/td>\r\n  <td class=xl6622147 width=304 style='border-left:none;width:228pt'>Tiempo de\r\n  respuesta por parte del sujeto Obligado<\/td>\r\n  <td class=xl6622147 width=228 style='border-left:none;width:171pt'>Vigencia\r\n  de los resultados del tr\u00e1mite<\/td>\r\n  <td class=xl6722147 width=373 style='border-left:none;width:280pt'>\u00c1rea y\r\n  datos de contacto del lugar donde se realiza el tr\u00e1mite<span\r\n  style='mso-spacerun:yes'>\u00a0<\/span><\/td>\r\n  <td class=xl6622147 width=273 style='border-left:none;width:205pt'>Costo, en\r\n  su caso, especificar que es gratuito<\/td>\r\n  <td class=xl6622147 width=174 style='border-left:none;width:131pt'>Sustento\r\n  legal para su cobro<\/td>\r\n  <td class=xl6722147 width=322 style='border-left:none;width:242pt'>Lugares\r\n  donde se efect\u00faa el pago<span style='mso-spacerun:yes'>\u00a0<\/span><\/td>\r\n  <td class=xl6622147 width=283 style='border-left:none;width:212pt'>Fundamento\r\n  jur\u00eddico-administrativo del tr\u00e1mite<\/td>\r\n  <td class=xl6622147 width=130 style='border-left:none;width:98pt'>Derechos\r\n  del usuario<\/td>\r\n  <td class=xl6722147 width=322 style='border-left:none;width:242pt'>Lugares\r\n  para reportar presuntas anomal\u00edas<span style='mso-spacerun:yes'>\u00a0<\/span><\/td>\r\n  <td class=xl6622147 width=437 style='border-left:none;width:328pt'>Otros\r\n  datos, en su caso, para el env\u00edo de consultas, documentos y quejas<\/td>\r\n  <td class=xl6622147 width=690 style='border-left:none;width:518pt'>Hiperv\u00ednculo\r\n  informaci\u00f3n adicional del tr\u00e1mite<\/td>\r\n  <td class=xl6622147 width=575 style='border-left:none;width:431pt'>Hiperv\u00ednculo\r\n  al sistema correspondiente<\/td>\r\n  <td class=xl6622147 width=512 style='border-left:none;width:384pt'>\u00c1rea(s)\r\n  responsable(s) que genera(n), posee(n), publica(n) y actualizan la\r\n  informaci\u00f3n<\/td>\r\n  <td class=xl6622147 width=123 style='border-left:none;width:92pt'>Fecha de\r\n  validaci\u00f3n<\/td>\r\n  <td class=xl6622147 width=140 style='border-left:none;width:105pt'>Fecha de\r\n  actualizaci\u00f3n<\/td>\r\n  <td class=xl6622147 width=446 style='border-left:none;width:335pt'>Nota<\/td>\r\n <\/tr>\r\n <tr height=20 style='height:15.0pt'>\r\n  <td height=20 class=xl6822147 style='height:15.0pt;border-top:none'>2018<\/td>\r\n  <td class=xl6922147 style='border-top:none;border-left:none'>01-jul-18<\/td>\r\n  <td class=xl6922147 style='border-top:none;border-left:none'>30-sep-18<\/td>\r\n  <td class=xl6822147 style='border-top:none;border-left:none'>No Aplica<\/td>\r\n  <td class=xl6822147 style='border-top:none;border-left:none'>No Aplica<\/td>\r\n  <td class=xl6822147 style='border-top:none;border-left:none'>No Aplica<\/td>\r\n  <td class=xl6822147 style='border-top:none;border-left:none'>No Aplica<\/td>\r\n  <td class=xl7022147 style='border-top:none;border-left:none'><a\r\n  href=\"https:\/\/www.apan.gob.mx\/descargables\/transparencia\/articulo69\/fraccion20\/2018_3\/sm\/FrXXa1_1.pdf\">https:\/\/www.apan.gob.mx\/descargables\/transparencia\/articulo69\/fraccion20\/2018_3\/sm\/FrXXa1_1.pdf<\/a><\/td>\r\n  <td class=xl6822147 style='border-top:none;border-left:none'>No Aplica<\/td>\r\n  <td class=xl7022147 style='border-top:none;border-left:none'><a\r\n  href=\"https:\/\/www.apan.gob.mx\/descargables\/transparencia\/articulo69\/fraccion20\/2018_3\/sm\/FrXXa1_2.pdf\">https:\/\/www.apan.gob.mx\/descargables\/transparencia\/articulo69\/fraccion20\/2018_3\/sm\/FrXXa1_2.pdf<\/a><\/td>\r\n  <td class=xl6822147 style='border-top:none;border-left:none'>No Aplica<\/td>\r\n  <td class=xl6822147 style='border-top:none;border-left:none'>No Aplica<\/td>\r\n  <td class=xl6822147 style='border-top:none;border-left:none'>Direcci\u00f3n de\r\n  Servicios Generales y Municipales<\/td>\r\n  <td class=xl6822147 style='border-top:none;border-left:none'>0<\/td>\r\n  <td class=xl6822147 style='border-top:none;border-left:none'>No Aplica<\/td>\r\n  <td class=xl6822147 style='border-top:none;border-left:none'>No Aplica<\/td>\r\n  <td class=xl6822147 style='border-top:none;border-left:none'>No Aplica<\/td>\r\n  <td class=xl6822147 style='border-top:none;border-left:none'>No Aplica<\/td>\r\n  <td class=xl7022147 style='border-top:none;border-left:none'><a\r\n  href=\"mailto:contraloria@apan.gob.mx\">contraloria@apan.gob.mx<\/a><\/td>\r\n  <td class=xl6822147 style='border-top:none;border-left:none'>No Aplica<\/td>\r\n  <td class=xl7022147 style='border-top:none;border-left:none'><a\r\n  href=\"https:\/\/www.apan.gob.mx\/descargables\/transparencia\/articulo69\/fraccion20\/2018_3\/sm\/FrXXa1_3.pdf\">https:\/\/www.apan.gob.mx\/descargables\/transparencia\/articulo69\/fraccion20\/2018_3\/sm\/FrXXa1_3.pdf<\/a><\/td>\r\n  <td class=xl7022147 style='border-top:none;border-left:none'><a\r\n  href=\"https:\/\/www.apan.gob.mx\/descargables\/transparencia\/articulo69\/fraccion20\/2018_3\/sm\/FrXX1_4.pdf\">https:\/\/www.apan.gob.mx\/descargables\/transparencia\/articulo69\/fraccion20\/2018_3\/sm\/FrXX1_4.pdf<\/a><\/td>\r\n  <td class=xl6822147 style='border-top:none;border-left:none'>Direcci\u00f3n de\r\n  Servicios Generales y Municipales<span style='mso-spacerun:yes'>\u00a0<\/span><\/td>\r\n  <td class=xl6922147 style='border-top:none;border-left:none'>03-oct-18<\/td>\r\n  <td class=xl6922147 style='border-top:none;border-left:none'>01-ene-18<\/td>\r\n  <td class=xl6822147 style='border-top:none;border-left:none'>La Direcci\u00f3n de\r\n  Servicios Generales no realiz\u00e1 tramites, solo Servicios<span\r\n  style='mso-spacerun:yes'>\u00a0<\/span><\/td>\r\n <\/tr>\r\n <![if supportMisalignedColumns]>\r\n <tr height=0 style='display:none'>\r\n  <td width=56 style='width:42pt'><\/td>\r\n  <td width=255 style='width:191pt'><\/td>\r\n  <td width=270 style='width:203pt'><\/td>\r\n  <td width=159 style='width:119pt'><\/td>\r\n  <td width=229 style='width:172pt'><\/td>\r\n  <td width=215 style='width:161pt'><\/td>\r\n  <td width=135 style='width:101pt'><\/td>\r\n  <td width=713 style='width:535pt'><\/td>\r\n  <td width=147 style='width:110pt'><\/td>\r\n  <td width=690 style='width:518pt'><\/td>\r\n  <td width=304 style='width:228pt'><\/td>\r\n  <td width=228 style='width:171pt'><\/td>\r\n  <td width=373 style='width:280pt'><\/td>\r\n  <td width=273 style='width:205pt'><\/td>\r\n  <td width=174 style='width:131pt'><\/td>\r\n  <td width=322 style='width:242pt'><\/td>\r\n  <td width=283 style='width:212pt'><\/td>\r\n  <td width=130 style='width:98pt'><\/td>\r\n  <td width=322 style='width:242pt'><\/td>\r\n  <td width=437 style='width:328pt'><\/td>\r\n  <td width=690 style='width:518pt'><\/td>\r\n  <td width=575 style='width:431pt'><\/td>\r\n  <td width=512 style='width:384pt'><\/td>\r\n  <td width=123 style='width:92pt'><\/td>\r\n  <td width=140 style='width:105pt'><\/td>\r\n  <td width=446 style='width:335pt'><\/td>\r\n <\/tr>\r\n <![endif]>\r\n<\/table>\r\n\r\n<\/div>\r\n\r\n\t\t\t\t<\/div>\n\t\t\t\t<\/div>\n\t\t\t\t<div class=\"elementor-element elementor-element-9kg15av elementor-widget elementor-widget-button\" data-id=\"9kg15av\" data-element_type=\"widget\" data-e-type=\"widget\" data-widget_type=\"button.default\">\n\t\t\t\t<div class=\"elementor-widget-container\">\n\t\t\t\t\t\t\t\t\t<div class=\"elementor-button-wrapper\">\n\t\t\t\t\t<a class=\"elementor-button elementor-button-link elementor-size-sm\" href=\"https:\/\/www.apan.gob.mx\/descargables\/transparencia\/articulo69\/fraccion20\/2018_3\/sm\/FRACCXX.xlsx\">\n\t\t\t\t\t\t<span class=\"elementor-button-content-wrapper\">\n\t\t\t\t\t\t\t\t\t<span class=\"elementor-button-text\">Descargar<\/span>\n\t\t\t\t\t<\/span>\n\t\t\t\t\t<\/a>\n\t\t\t\t<\/div>\n\t\t\t\t\t\t\t\t<\/div>\n\t\t\t\t<\/div>\n\t\t\t\t<div class=\"elementor-element elementor-element-wausvzf elementor-widget elementor-widget-heading\" data-id=\"wausvzf\" data-element_type=\"widget\" data-e-type=\"widget\" data-widget_type=\"heading.default\">\n\t\t\t\t<div class=\"elementor-widget-container\">\n\t\t\t\t\t<h2 class=\"elementor-heading-title elementor-size-small\">Fecha en que se subi\u00f3 la informaci\u00f3n: 27-noviembre-18<\/h2>\t\t\t\t<\/div>\n\t\t\t\t<\/div>\n\t\t\t\t\t<\/div>\n\t\t<\/div>\n\t\t\t\t\t<\/div>\n\t\t<\/section>\n\t\t\t\t<\/div>\n\t\t","protected":false},"excerpt":{"rendered":"<p>Fracci\u00f3n XX 44251 T\u00cdTULO NOMBRE CORTO DESCRIPCI\u00d3N Tr\u00e1mites ofrecidos a69_f20 La informaci\u00f3n relacionada con las tareas administrativas que realizan los sujetos obligados en sus diferentes \u00e1mbitos con el objeto de atender las peticiones que realicen los particulares ya sea para la obtenci\u00f3n de un beneficio, o cumplir con alguna obligaci\u00f3n ante una autoridad, de conformidad [&hellip;]<\/p>\n","protected":false},"author":1,"featured_media":0,"parent":0,"menu_order":0,"comment_status":"closed","ping_status":"closed","template":"page-template-full.php","meta":{"footnotes":""},"class_list":["post-3691","page","type-page","status-publish","hentry"],"jetpack_sharing_enabled":true,"_links":{"self":[{"href":"https:\/\/apan.gob.mx\/portal\/wp-json\/wp\/v2\/pages\/3691","targetHints":{"allow":["GET"]}}],"collection":[{"href":"https:\/\/apan.gob.mx\/portal\/wp-json\/wp\/v2\/pages"}],"about":[{"href":"https:\/\/apan.gob.mx\/portal\/wp-json\/wp\/v2\/types\/page"}],"author":[{"embeddable":true,"href":"https:\/\/apan.gob.mx\/portal\/wp-json\/wp\/v2\/users\/1"}],"replies":[{"embeddable":true,"href":"https:\/\/apan.gob.mx\/portal\/wp-json\/wp\/v2\/comments?post=3691"}],"version-history":[{"count":5,"href":"https:\/\/apan.gob.mx\/portal\/wp-json\/wp\/v2\/pages\/3691\/revisions"}],"predecessor-version":[{"id":3697,"href":"https:\/\/apan.gob.mx\/portal\/wp-json\/wp\/v2\/pages\/3691\/revisions\/3697"}],"wp:attachment":[{"href":"https:\/\/apan.gob.mx\/portal\/wp-json\/wp\/v2\/media?parent=3691"}],"curies":[{"name":"wp","href":"https:\/\/api.w.org\/{rel}","templated":true}]}}