{"id":3895,"date":"2019-01-14T18:23:45","date_gmt":"2019-01-14T18:23:45","guid":{"rendered":"https:\/\/apan.gob.mx\/portal\/?page_id=3895"},"modified":"2019-01-14T18:35:38","modified_gmt":"2019-01-14T18:35:38","slug":"agricultura_27_2016_4","status":"publish","type":"page","link":"https:\/\/apan.gob.mx\/portal\/agricultura_27_2016_4\/","title":{"rendered":"<!--agricultura_27_2016_4-->"},"content":{"rendered":"\t\t<div data-elementor-type=\"wp-page\" data-elementor-id=\"3895\" class=\"elementor elementor-3895 elementor-bc-flex-widget\">\n\t\t\t\t\t\t<div class=\"elementor-inner\">\n\t\t\t\t<div class=\"elementor-section-wrap\">\n\t\t\t\t\t\t\t\t\t<section class=\"has_ae_slider elementor-section elementor-top-section elementor-element elementor-element-ehzncvd elementor-section-boxed elementor-section-height-default elementor-section-height-default ae-bg-gallery-type-default\" data-id=\"ehzncvd\" data-element_type=\"section\">\n\t\t\t\t\t\t<div class=\"elementor-container elementor-column-gap-default\">\n\t\t\t\t\t\t\t<div class=\"elementor-row\">\n\t\t\t\t\t<div class=\"has_ae_slider elementor-column elementor-col-100 elementor-top-column elementor-element elementor-element-lmwlucm ae-bg-gallery-type-default\" data-id=\"lmwlucm\" data-element_type=\"column\">\n\t\t\t<div class=\"elementor-column-wrap elementor-element-populated\">\n\t\t\t\t\t\t\t<div class=\"elementor-widget-wrap\">\n\t\t\t\t\t\t<div class=\"elementor-element elementor-element-dazsizi elementor-widget elementor-widget-heading\" data-id=\"dazsizi\" data-element_type=\"widget\" data-widget_type=\"heading.default\">\n\t\t\t\t<div class=\"elementor-widget-container\">\n\t\t\t<h2 class=\"elementor-heading-title elementor-size-medium\">Fracci\u00f3n XXVll<\/h2>\t\t<\/div>\n\t\t\t\t<\/div>\n\t\t\t\t<div class=\"elementor-element elementor-element-peuckgg elementor-widget elementor-widget-html\" data-id=\"peuckgg\" data-element_type=\"widget\" data-widget_type=\"html.default\">\n\t\t\t\t<div class=\"elementor-widget-container\">\n\t\t\t<style>\r\nv\\:* {behavior:url(#default#VML);}\r\no\\:* {behavior:url(#default#VML);}\r\nx\\:* {behavior:url(#default#VML);}\r\n.shape {behavior:url(#default#VML);}\r\n<\/style>\r\n<![endif]-->\r\n<style id=\"Formato FRACCION XXVII_19718_Styles\">\r\n<!--table\r\n\t{mso-displayed-decimal-separator:\"\\.\";\r\n\tmso-displayed-thousand-separator:\"\\,\";}\r\n.xl1519718\r\n\t{padding:0px;\r\n\tmso-ignore:padding;\r\n\tcolor:windowtext;\r\n\tfont-size:10.0pt;\r\n\tfont-weight:400;\r\n\tfont-style:normal;\r\n\ttext-decoration:none;\r\n\tfont-family:Arial;\r\n\tmso-generic-font-family:auto;\r\n\tmso-font-charset:0;\r\n\tmso-number-format:General;\r\n\ttext-align:general;\r\n\tvertical-align:bottom;\r\n\tmso-background-source:auto;\r\n\tmso-pattern:auto;\r\n\twhite-space:nowrap;}\r\n.xl6419718\r\n\t{padding:0px;\r\n\tmso-ignore:padding;\r\n\tcolor:white;\r\n\tfont-size:11.0pt;\r\n\tfont-weight:700;\r\n\tfont-style:normal;\r\n\ttext-decoration:none;\r\n\tfont-family:Arial, sans-serif;\r\n\tmso-font-charset:0;\r\n\tmso-number-format:General;\r\n\ttext-align:center;\r\n\tvertical-align:bottom;\r\n\tborder:.5pt solid black;\r\n\tbackground:#333333;\r\n\tmso-pattern:black none;\r\n\twhite-space:nowrap;}\r\n.xl6519718\r\n\t{padding:0px;\r\n\tmso-ignore:padding;\r\n\tcolor:black;\r\n\tfont-size:10.0pt;\r\n\tfont-weight:400;\r\n\tfont-style:normal;\r\n\ttext-decoration:none;\r\n\tfont-family:Arial, sans-serif;\r\n\tmso-font-charset:0;\r\n\tmso-number-format:General;\r\n\ttext-align:general;\r\n\tvertical-align:bottom;\r\n\tborder:.5pt solid black;\r\n\tbackground:#E1E1E1;\r\n\tmso-pattern:black none;\r\n\twhite-space:nowrap;}\r\n.xl6619718\r\n\t{padding:0px;\r\n\tmso-ignore:padding;\r\n\tcolor:black;\r\n\tfont-size:10.0pt;\r\n\tfont-weight:400;\r\n\tfont-style:normal;\r\n\ttext-decoration:none;\r\n\tfont-family:Arial, sans-serif;\r\n\tmso-font-charset:0;\r\n\tmso-number-format:General;\r\n\ttext-align:general;\r\n\tvertical-align:bottom;\r\n\tborder:.5pt solid black;\r\n\tbackground:#E1E1E1;\r\n\tmso-pattern:black none;\r\n\twhite-space:normal;}\r\n.xl6719718\r\n\t{padding:0px;\r\n\tmso-ignore:padding;\r\n\tcolor:black;\r\n\tfont-size:10.0pt;\r\n\tfont-weight:400;\r\n\tfont-style:normal;\r\n\ttext-decoration:none;\r\n\tfont-family:Arial, sans-serif;\r\n\tmso-font-charset:0;\r\n\tmso-number-format:General;\r\n\ttext-align:general;\r\n\tvertical-align:bottom;\r\n\tborder-top:.5pt solid black;\r\n\tborder-right:.5pt solid black;\r\n\tborder-bottom:none;\r\n\tborder-left:.5pt solid black;\r\n\tbackground:#E1E1E1;\r\n\tmso-pattern:black none;\r\n\twhite-space:nowrap;}\r\n.xl6819718\r\n\t{padding:0px;\r\n\tmso-ignore:padding;\r\n\tcolor:windowtext;\r\n\tfont-size:10.0pt;\r\n\tfont-weight:400;\r\n\tfont-style:normal;\r\n\ttext-decoration:none;\r\n\tfont-family:Arial;\r\n\tmso-generic-font-family:auto;\r\n\tmso-font-charset:0;\r\n\tmso-number-format:General;\r\n\ttext-align:general;\r\n\tvertical-align:bottom;\r\n\tborder:.5pt solid windowtext;\r\n\tbackground:white;\r\n\tmso-pattern:black none;\r\n\twhite-space:nowrap;}\r\n.xl6919718\r\n\t{padding:0px;\r\n\tmso-ignore:padding;\r\n\tcolor:#0563C1;\r\n\tfont-size:10.0pt;\r\n\tfont-weight:400;\r\n\tfont-style:normal;\r\n\ttext-decoration:underline;\r\n\ttext-underline-style:single;\r\n\tfont-family:Arial, sans-serif;\r\n\tmso-font-charset:0;\r\n\tmso-number-format:General;\r\n\ttext-align:general;\r\n\tvertical-align:bottom;\r\n\tborder:.5pt solid windowtext;\r\n\tbackground:white;\r\n\tmso-pattern:black none;\r\n\twhite-space:nowrap;}\r\n.xl7019718\r\n\t{padding:0px;\r\n\tmso-ignore:padding;\r\n\tcolor:windowtext;\r\n\tfont-size:10.0pt;\r\n\tfont-weight:400;\r\n\tfont-style:normal;\r\n\ttext-decoration:none;\r\n\tfont-family:Arial;\r\n\tmso-generic-font-family:auto;\r\n\tmso-font-charset:0;\r\n\tmso-number-format:\"Medium Date\";\r\n\ttext-align:general;\r\n\tvertical-align:bottom;\r\n\tborder:.5pt solid windowtext;\r\n\tbackground:white;\r\n\tmso-pattern:black none;\r\n\twhite-space:nowrap;}\r\n-->\r\n<\/style>\r\n<\/head>\r\n\r\n<body>\r\n<!--[if !excel]>&nbsp;&nbsp;<![endif]-->\r\n<!--La siguiente informaci\u00f3n se gener\u00f3 mediante el Asistente para publicar como\r\np\u00e1gina web de Microsoft Excel.-->\r\n<!--Si se vuelve a publicar el mismo elemento desde Excel, se reemplazar\u00e1 toda\r\nla informaci\u00f3n comprendida entre las etiquetas DIV.-->\r\n<!----------------------------->\r\n<!--INICIO DE LOS RESULTADOS DEL ASISTENTE PARA PUBLICAR COMO P\u00c1GINA WEB DE\r\nEXCEL -->\r\n<!----------------------------->\r\n\r\n<div id=\"Formato FRACCION XXVII_19718\" align=center x:publishsource=\"Excel\">\r\n\r\n<table border=0 cellpadding=0 cellspacing=0 width=9786 style='border-collapse:\r\n collapse;table-layout:fixed;width:7344pt'>\r\n <col width=134 style='mso-width-source:userset;mso-width-alt:4900;width:101pt'>\r\n <col width=152 style='mso-width-source:userset;mso-width-alt:5558;width:114pt'>\r\n <col width=1012 style='mso-width-source:userset;mso-width-alt:37010;\r\n width:759pt'>\r\n <col width=346 style='mso-width-source:userset;mso-width-alt:12653;width:260pt'>\r\n <col width=390 style='mso-width-source:userset;mso-width-alt:14262;width:293pt'>\r\n <col width=354 style='mso-width-source:userset;mso-width-alt:12946;width:266pt'>\r\n <col width=177 style='mso-width-source:userset;mso-width-alt:6473;width:133pt'>\r\n <col width=340 style='mso-width-source:userset;mso-width-alt:12434;width:255pt'>\r\n <col width=355 style='mso-width-source:userset;mso-width-alt:12982;width:266pt'>\r\n <col width=351 style='mso-width-source:userset;mso-width-alt:12836;width:263pt'>\r\n <col width=343 style='mso-width-source:userset;mso-width-alt:12544;width:257pt'>\r\n <col width=387 style='mso-width-source:userset;mso-width-alt:14153;width:290pt'>\r\n <col width=325 style='mso-width-source:userset;mso-width-alt:11885;width:244pt'>\r\n <col width=394 style='mso-width-source:userset;mso-width-alt:14409;width:296pt'>\r\n <col width=705 style='mso-width-source:userset;mso-width-alt:25782;width:529pt'>\r\n <col width=362 style='mso-width-source:userset;mso-width-alt:13238;width:272pt'>\r\n <col width=346 style='mso-width-source:userset;mso-width-alt:12653;width:260pt'>\r\n <col width=718 style='mso-width-source:userset;mso-width-alt:26258;width:539pt'>\r\n <col width=711 style='mso-width-source:userset;mso-width-alt:26002;width:533pt'>\r\n <col width=685 style='mso-width-source:userset;mso-width-alt:25051;width:514pt'>\r\n <col width=141 style='mso-width-source:userset;mso-width-alt:5156;width:106pt'>\r\n <col width=282 style='mso-width-source:userset;mso-width-alt:10313;width:212pt'>\r\n <col width=42 style='mso-width-source:userset;mso-width-alt:1536;width:32pt'>\r\n <col width=199 style='mso-width-source:userset;mso-width-alt:7277;width:149pt'>\r\n <col width=535 style='mso-width-source:userset;mso-width-alt:19565;width:401pt'>\r\n <tr height=0 style='display:none'>\r\n  <td class=xl1519718 width=134 style='width:101pt'>25108<\/td>\r\n  <td class=xl1519718 width=152 style='width:114pt'><\/td>\r\n  <td class=xl1519718 width=1012 style='width:759pt'><\/td>\r\n  <td class=xl1519718 width=346 style='width:260pt'><\/td>\r\n  <td class=xl1519718 width=390 style='width:293pt'><\/td>\r\n  <td class=xl1519718 width=354 style='width:266pt'><\/td>\r\n  <td class=xl1519718 width=177 style='width:133pt'><\/td>\r\n  <td class=xl1519718 width=340 style='width:255pt'><\/td>\r\n  <td class=xl1519718 width=355 style='width:266pt'><\/td>\r\n  <td class=xl1519718 width=351 style='width:263pt'><\/td>\r\n  <td class=xl1519718 width=343 style='width:257pt'><\/td>\r\n  <td class=xl1519718 width=387 style='width:290pt'><\/td>\r\n  <td class=xl1519718 width=325 style='width:244pt'><\/td>\r\n  <td class=xl1519718 width=394 style='width:296pt'><\/td>\r\n  <td class=xl1519718 width=705 style='width:529pt'><\/td>\r\n  <td class=xl1519718 width=362 style='width:272pt'><\/td>\r\n  <td class=xl1519718 width=346 style='width:260pt'><\/td>\r\n  <td class=xl1519718 width=718 style='width:539pt'><\/td>\r\n  <td class=xl1519718 width=711 style='width:533pt'><\/td>\r\n  <td class=xl1519718 width=685 style='width:514pt'><\/td>\r\n  <td class=xl1519718 width=141 style='width:106pt'><\/td>\r\n  <td class=xl1519718 width=282 style='width:212pt'><\/td>\r\n  <td class=xl1519718 width=42 style='width:32pt'><\/td>\r\n  <td class=xl1519718 width=199 style='width:149pt'><\/td>\r\n  <td class=xl1519718 width=535 style='width:401pt'><\/td>\r\n <\/tr>\r\n <tr height=20 style='height:15.0pt'>\r\n  <td height=20 class=xl6419718 style='height:15.0pt'>TITULO<\/td>\r\n  <td class=xl6419718 style='border-left:none'>NOMBRE CORTO<\/td>\r\n  <td class=xl6419718 style='border-left:none'>DESCRIPCION<\/td>\r\n  <td class=xl1519718><\/td>\r\n  <td class=xl1519718><\/td>\r\n  <td class=xl1519718><\/td>\r\n  <td class=xl1519718><\/td>\r\n  <td class=xl1519718><\/td>\r\n  <td class=xl1519718><\/td>\r\n  <td class=xl1519718><\/td>\r\n  <td class=xl1519718><\/td>\r\n  <td class=xl1519718><\/td>\r\n  <td class=xl1519718><\/td>\r\n  <td class=xl1519718><\/td>\r\n  <td class=xl1519718><\/td>\r\n  <td class=xl1519718><\/td>\r\n  <td class=xl1519718><\/td>\r\n  <td class=xl1519718><\/td>\r\n  <td class=xl1519718><\/td>\r\n  <td class=xl1519718><\/td>\r\n  <td class=xl1519718><\/td>\r\n  <td class=xl1519718><\/td>\r\n  <td class=xl1519718><\/td>\r\n  <td class=xl1519718><\/td>\r\n  <td class=xl1519718><\/td>\r\n <\/tr>\r\n <tr height=51 style='height:38.25pt'>\r\n  <td height=51 class=xl6519718 style='height:38.25pt;border-top:none'>FRACCION\r\n  XXVII<\/td>\r\n  <td class=xl6619718 width=152 style='border-top:none;border-left:none;\r\n  width:114pt'>Las concesiones, contrato<\/td>\r\n  <td class=xl6619718 width=1012 style='border-top:none;border-left:none;\r\n  width:759pt'>Las concesiones, contratos, convenios, permisos, licencias o\r\n  autorizaciones otorgados, especificando los titulares de aqu\u00e9llos, debiendo\r\n  publicarse su objeto, nombre o raz\u00f3n social del titular, vigencia, tipo,\r\n  t\u00e9rminos, condiciones, monto y modificaciones, as\u00ed como si el procedimiento\r\n  involucra el aprovechamiento de bienes, servicios y\/o recursos p\u00fablicos;<\/td>\r\n  <td class=xl1519718><\/td>\r\n  <td class=xl1519718><\/td>\r\n  <td class=xl1519718><\/td>\r\n  <td class=xl1519718><\/td>\r\n  <td class=xl1519718><\/td>\r\n  <td class=xl1519718><\/td>\r\n  <td class=xl1519718><\/td>\r\n  <td class=xl1519718><\/td>\r\n  <td class=xl1519718><\/td>\r\n  <td class=xl1519718><\/td>\r\n  <td class=xl1519718><\/td>\r\n  <td class=xl1519718><\/td>\r\n  <td class=xl1519718><\/td>\r\n  <td class=xl1519718><\/td>\r\n  <td class=xl1519718><\/td>\r\n  <td class=xl1519718><\/td>\r\n  <td class=xl1519718><\/td>\r\n  <td class=xl1519718><\/td>\r\n  <td class=xl1519718><\/td>\r\n  <td class=xl1519718><\/td>\r\n  <td class=xl1519718><\/td>\r\n  <td class=xl1519718><\/td>\r\n <\/tr>\r\n <tr height=0 style='display:none'>\r\n  <td class=xl1519718>1<\/td>\r\n  <td class=xl1519718>1<\/td>\r\n  <td class=xl1519718>9<\/td>\r\n  <td class=xl1519718>2<\/td>\r\n  <td class=xl1519718>2<\/td>\r\n  <td class=xl1519718>1<\/td>\r\n  <td class=xl1519718>9<\/td>\r\n  <td class=xl1519718>1<\/td>\r\n  <td class=xl1519718>1<\/td>\r\n  <td class=xl1519718>1<\/td>\r\n  <td class=xl1519718>1<\/td>\r\n  <td class=xl1519718>4<\/td>\r\n  <td class=xl1519718>4<\/td>\r\n  <td class=xl1519718>1<\/td>\r\n  <td class=xl1519718>7<\/td>\r\n  <td class=xl1519718>2<\/td>\r\n  <td class=xl1519718>2<\/td>\r\n  <td class=xl1519718>7<\/td>\r\n  <td class=xl1519718>7<\/td>\r\n  <td class=xl1519718>7<\/td>\r\n  <td class=xl1519718>4<\/td>\r\n  <td class=xl1519718>1<\/td>\r\n  <td class=xl1519718>12<\/td>\r\n  <td class=xl1519718>13<\/td>\r\n  <td class=xl1519718>14<\/td>\r\n <\/tr>\r\n <tr height=0 style='display:none'>\r\n  <td class=xl1519718>57190<\/td>\r\n  <td class=xl1519718>57194<\/td>\r\n  <td class=xl1519718>57183<\/td>\r\n  <td class=xl1519718>57198<\/td>\r\n  <td class=xl1519718>57180<\/td>\r\n  <td class=xl1519718>57186<\/td>\r\n  <td class=xl1519718>57179<\/td>\r\n  <td class=xl1519718>57189<\/td>\r\n  <td class=xl1519718>57182<\/td>\r\n  <td class=xl1519718>57188<\/td>\r\n  <td class=xl1519718>57184<\/td>\r\n  <td class=xl1519718>57200<\/td>\r\n  <td class=xl1519718>57176<\/td>\r\n  <td class=xl1519718>57185<\/td>\r\n  <td class=xl1519718>57178<\/td>\r\n  <td class=xl1519718>57191<\/td>\r\n  <td class=xl1519718>57199<\/td>\r\n  <td class=xl1519718>57196<\/td>\r\n  <td class=xl1519718>57192<\/td>\r\n  <td class=xl1519718>57187<\/td>\r\n  <td class=xl1519718>57195<\/td>\r\n  <td class=xl1519718>57197<\/td>\r\n  <td class=xl1519718>57193<\/td>\r\n  <td class=xl1519718>57181<\/td>\r\n  <td class=xl1519718>57177<\/td>\r\n <\/tr>\r\n <tr height=20 style='height:15.0pt'>\r\n  <td colspan=25 height=20 class=xl6419718 style='height:15.0pt'>Tabla Campos<\/td>\r\n <\/tr>\r\n <tr height=17 style='height:12.75pt'>\r\n  <td height=17 class=xl6719718 style='height:12.75pt'>Ejercicio<\/td>\r\n  <td class=xl6719718 style='border-left:none'>Periodo que se informa<\/td>\r\n  <td class=xl6719718 style='border-left:none'>Acto jur\u00eddico.<\/td>\r\n  <td class=xl6719718 style='border-left:none'>Objeto<\/td>\r\n  <td class=xl6719718 style='border-left:none'>Fundamento jur\u00eddico<\/td>\r\n  <td class=xl6719718 style='border-left:none'>Unidad(es) responsable(s) de\r\n  instrumentaci\u00f3n.<\/td>\r\n  <td class=xl6719718 style='border-left:none'>Sector al cual se otorg\u00f3.<\/td>\r\n  <td class=xl6719718 style='border-left:none'>Nombre(s)<\/td>\r\n  <td class=xl6719718 style='border-left:none'>Primer apellido<\/td>\r\n  <td class=xl6719718 style='border-left:none'>Segundo apellido<\/td>\r\n  <td class=xl6719718 style='border-left:none'>Raz\u00f3n social del titular<\/td>\r\n  <td class=xl6719718 style='border-left:none'>Fecha de inicio de vigencia<\/td>\r\n  <td class=xl6719718 style='border-left:none'>Fecha de t\u00e9rmino de vigencia<\/td>\r\n  <td class=xl6719718 style='border-left:none'>Cl\u00e1usula, punto, art\u00edculo o\r\n  fracci\u00f3n<span style='mso-spacerun:yes'>\u00a0<\/span><\/td>\r\n  <td class=xl6719718 style='border-left:none'>Hiperv\u00ednculo al documento<\/td>\r\n  <td class=xl6719718 style='border-left:none'>Monto total, bien, servicio o\r\n  recurso aprovechado.<\/td>\r\n  <td class=xl6719718 style='border-left:none'>Monto entregado al periodo\r\n  bien\/servicio\/recurso<\/td>\r\n  <td class=xl6719718 style='border-left:none'>Hiperv\u00ednculo documento donde se\r\n  desglose el gasto<\/td>\r\n  <td class=xl6719718 style='border-left:none'>Hiperv\u00ednculo al informe sobre\r\n  monto total erogado<\/td>\r\n  <td class=xl6719718 style='border-left:none'>Hiperv\u00ednculo al contrato\r\n  plurianual modificado<\/td>\r\n  <td class=xl6719718 style='border-left:none'>Fecha de validaci\u00f3n<\/td>\r\n  <td class=xl6719718 style='border-left:none'>\u00c1rea responsable de la\r\n  informaci\u00f3n<\/td>\r\n  <td class=xl6719718 style='border-left:none'>A\u00f1o<\/td>\r\n  <td class=xl6719718 style='border-left:none'>Fecha de actualizaci\u00f3n<\/td>\r\n  <td class=xl6719718 style='border-left:none'>Nota<\/td>\r\n <\/tr>\r\n <tr height=17 style='height:12.75pt'>\r\n  <td height=17 class=xl6819718 align=right style='height:12.75pt'>2016<\/td>\r\n  <td class=xl6819718 style='border-left:none'>Octubre-Diciembre<\/td>\r\n  <td class=xl6819718 style='border-left:none'>hasta el momento no se ha\r\n  generado informacion<\/td>\r\n  <td class=xl6819718 style='border-left:none'>hasta el momento no se ha\r\n  generado informacion<\/td>\r\n  <td class=xl6819718 style='border-left:none'>hasta el momento no se ha\r\n  generado informacion<\/td>\r\n  <td class=xl6819718 style='border-left:none'>hasta el momento no se ha\r\n  generado informacion<\/td>\r\n  <td class=xl6819718 style='border-left:none'>P\u00fablico<\/td>\r\n  <td class=xl6819718 style='border-left:none'>hasta el momento no se ha\r\n  generado informacion<\/td>\r\n  <td class=xl6819718 style='border-left:none'>hasta el momento no se ha\r\n  generado informacion<\/td>\r\n  <td class=xl6819718 style='border-left:none'>hasta el momento no se ha\r\n  generado informacion<\/td>\r\n  <td class=xl6819718 style='border-left:none'>hasta el momento no se ha\r\n  generado informacion<\/td>\r\n  <td class=xl6819718 style='border-left:none'>hasta el momento no se ha\r\n  generado informacion<\/td>\r\n  <td class=xl6819718 style='border-left:none'>hasta el momento no se ha\r\n  generado informacion<\/td>\r\n  <td class=xl6819718 style='border-left:none'>hasta el momento no se ha\r\n  generado informacion<\/td>\r\n  <td class=xl6919718 style='border-left:none'><a\r\n  href=\"https:\/\/www.apan.gob.mx\/descargables\/transparencia\/articulo69\/fraccion27\/2016_4\/agricultura\/FrXXVIIa1_1.pdf\">https:\/\/www.apan.gob.mx\/descargables\/transparencia\/articulo69\/fraccion27\/2016_4\/agricultura\/FrXXVIIa1_1.pdf<\/a><\/td>\r\n  <td class=xl6819718 style='border-left:none'>hasta el momento no se ha\r\n  generado informacion<\/td>\r\n  <td class=xl6819718 style='border-left:none'>hasta el momento no se ha\r\n  generado informacion<\/td>\r\n  <td class=xl6919718 style='border-left:none'><a\r\n  href=\"https:\/\/www.apan.gob.mx\/descargables\/transparencia\/articulo69\/fraccion27\/2016_4\/agricultura\/FrXXVIIa1_2.pdf\">https:\/\/www.apan.gob.mx\/descargables\/transparencia\/articulo69\/fraccion27\/2016_4\/agricultura\/FrXXVIIa1_2.pdf<\/a><\/td>\r\n  <td class=xl6919718 style='border-left:none'><a\r\n  href=\"https:\/\/www.apan.gob.mx\/descargables\/transparencia\/articulo69\/fraccion27\/2016_4\/agricultura\/FrXXVIIa1_3.pdf\">https:\/\/www.apan.gob.mx\/descargables\/transparencia\/articulo69\/fraccion27\/2016_4\/agricultura\/FrXXVIIa1_3.pdf<\/a><\/td>\r\n  <td class=xl6919718 style='border-left:none'><a\r\n  href=\"https:\/\/www.apan.gob.mx\/descargables\/transparencia\/articulo69\/fraccion27\/2016_4\/agricultura\/FrXXVIIa1_4.pdf\">https:\/\/www.apan.gob.mx\/descargables\/transparencia\/articulo69\/fraccion27\/2016_4\/agricultura\/FrXXVIIa1_4.pdf<\/a><\/td>\r\n  <td class=xl7019718 align=right style='border-left:none'>09-ene-17<\/td>\r\n  <td class=xl6819718 style='border-left:none'>Desarrollo Agrop\u00e9cuario<\/td>\r\n  <td class=xl6819718 align=right style='border-left:none'>2016<\/td>\r\n  <td class=xl7019718 align=right style='border-left:none'>30-oct-16<\/td>\r\n  <td class=xl6819718 style='border-left:none'>Hasta la fecha de hoy el area de\r\n  desarrollo agropecuario no cuenta con algun convenio<\/td>\r\n <\/tr>\r\n <![if supportMisalignedColumns]>\r\n <tr height=0 style='display:none'>\r\n  <td width=134 style='width:101pt'><\/td>\r\n  <td width=152 style='width:114pt'><\/td>\r\n  <td width=1012 style='width:759pt'><\/td>\r\n  <td width=346 style='width:260pt'><\/td>\r\n  <td width=390 style='width:293pt'><\/td>\r\n  <td width=354 style='width:266pt'><\/td>\r\n  <td width=177 style='width:133pt'><\/td>\r\n  <td width=340 style='width:255pt'><\/td>\r\n  <td width=355 style='width:266pt'><\/td>\r\n  <td width=351 style='width:263pt'><\/td>\r\n  <td width=343 style='width:257pt'><\/td>\r\n  <td width=387 style='width:290pt'><\/td>\r\n  <td width=325 style='width:244pt'><\/td>\r\n  <td width=394 style='width:296pt'><\/td>\r\n  <td width=705 style='width:529pt'><\/td>\r\n  <td width=362 style='width:272pt'><\/td>\r\n  <td width=346 style='width:260pt'><\/td>\r\n  <td width=718 style='width:539pt'><\/td>\r\n  <td width=711 style='width:533pt'><\/td>\r\n  <td width=685 style='width:514pt'><\/td>\r\n  <td width=141 style='width:106pt'><\/td>\r\n  <td width=282 style='width:212pt'><\/td>\r\n  <td width=42 style='width:32pt'><\/td>\r\n  <td width=199 style='width:149pt'><\/td>\r\n  <td width=535 style='width:401pt'><\/td>\r\n <\/tr>\r\n <![endif]>\r\n<\/table>\r\n\r\n<\/div>\r\n\r\n\t\t<\/div>\n\t\t\t\t<\/div>\n\t\t\t\t<div class=\"elementor-element elementor-element-uz5jnvs elementor-widget elementor-widget-button\" data-id=\"uz5jnvs\" data-element_type=\"widget\" data-widget_type=\"button.default\">\n\t\t\t\t<div class=\"elementor-widget-container\">\n\t\t\t\t\t<div class=\"elementor-button-wrapper\">\n\t\t\t<a href=\"https:\/\/www.apan.gob.mx\/descargables\/transparencia\/articulo69\/fraccion27\/2016_4\/agricultura\/FormatoFRACCIONXXVII.xls\" class=\"elementor-button-link elementor-button elementor-size-sm\" role=\"button\">\n\t\t\t\t\t\t<span class=\"elementor-button-content-wrapper\">\n\t\t\t\t\t\t<span class=\"elementor-button-text\">Descargar<\/span>\n\t\t<\/span>\n\t\t\t\t\t<\/a>\n\t\t<\/div>\n\t\t\t\t<\/div>\n\t\t\t\t<\/div>\n\t\t\t\t<div class=\"elementor-element elementor-element-ozuqmcv elementor-widget elementor-widget-heading\" data-id=\"ozuqmcv\" data-element_type=\"widget\" data-widget_type=\"heading.default\">\n\t\t\t\t<div class=\"elementor-widget-container\">\n\t\t\t<h2 class=\"elementor-heading-title elementor-size-small\">Fecha en que se subi\u00f3 la informaci\u00f3n: 14-enero-19<\/h2>\t\t<\/div>\n\t\t\t\t<\/div>\n\t\t\t\t\t\t<\/div>\n\t\t\t\t\t<\/div>\n\t\t<\/div>\n\t\t\t\t\t\t\t\t<\/div>\n\t\t\t\t\t<\/div>\n\t\t<\/section>\n\t\t\t\t\t\t\t\t\t<\/div>\n\t\t\t<\/div>\n\t\t\t\t\t<\/div>\n\t\t","protected":false},"excerpt":{"rendered":"<p>Fracci\u00f3n XXVll 25108 TITULO NOMBRE CORTO DESCRIPCION FRACCION XXVII Las concesiones, contrato Las concesiones, contratos, convenios, permisos, licencias o autorizaciones otorgados, especificando los titulares de aqu\u00e9llos, debiendo publicarse su objeto, nombre o raz\u00f3n social del titular, vigencia, tipo, t\u00e9rminos, condiciones, monto y modificaciones, as\u00ed como si el procedimiento involucra el aprovechamiento de bienes, servicios y\/o [&hellip;]<\/p>\n","protected":false},"author":1,"featured_media":0,"parent":0,"menu_order":0,"comment_status":"closed","ping_status":"closed","template":"page-template-full.php","meta":[],"jetpack_sharing_enabled":true,"_links":{"self":[{"href":"https:\/\/apan.gob.mx\/portal\/wp-json\/wp\/v2\/pages\/3895"}],"collection":[{"href":"https:\/\/apan.gob.mx\/portal\/wp-json\/wp\/v2\/pages"}],"about":[{"href":"https:\/\/apan.gob.mx\/portal\/wp-json\/wp\/v2\/types\/page"}],"author":[{"embeddable":true,"href":"https:\/\/apan.gob.mx\/portal\/wp-json\/wp\/v2\/users\/1"}],"replies":[{"embeddable":true,"href":"https:\/\/apan.gob.mx\/portal\/wp-json\/wp\/v2\/comments?post=3895"}],"version-history":[{"count":3,"href":"https:\/\/apan.gob.mx\/portal\/wp-json\/wp\/v2\/pages\/3895\/revisions"}],"predecessor-version":[{"id":3900,"href":"https:\/\/apan.gob.mx\/portal\/wp-json\/wp\/v2\/pages\/3895\/revisions\/3900"}],"wp:attachment":[{"href":"https:\/\/apan.gob.mx\/portal\/wp-json\/wp\/v2\/media?parent=3895"}],"curies":[{"name":"wp","href":"https:\/\/api.w.org\/{rel}","templated":true}]}}