{"id":3918,"date":"2019-01-14T02:59:03","date_gmt":"2019-01-14T02:59:03","guid":{"rendered":"https:\/\/apan.gob.mx\/portal\/?page_id=3918"},"modified":"2019-01-16T17:34:43","modified_gmt":"2019-01-16T17:34:43","slug":"agricultura_19_2017_1","status":"publish","type":"page","link":"https:\/\/apan.gob.mx\/portal\/agricultura_19_2017_1\/","title":{"rendered":"<!--agricultura_19_2017_1-->"},"content":{"rendered":"\t\t<div data-elementor-type=\"wp-page\" data-elementor-id=\"3918\" class=\"elementor elementor-3918 elementor-bc-flex-widget\">\n\t\t\t\t\t\t<section class=\"has_ae_slider elementor-section elementor-top-section elementor-element elementor-element-nyfgoty elementor-section-boxed elementor-section-height-default elementor-section-height-default ae-bg-gallery-type-default\" data-id=\"nyfgoty\" data-element_type=\"section\" data-e-type=\"section\">\n\t\t\t\t\t\t<div class=\"elementor-container elementor-column-gap-default\">\n\t\t\t\t\t<div class=\"has_ae_slider elementor-column elementor-col-100 elementor-top-column elementor-element elementor-element-hhvniob ae-bg-gallery-type-default\" data-id=\"hhvniob\" data-element_type=\"column\" data-e-type=\"column\">\n\t\t\t<div class=\"elementor-widget-wrap elementor-element-populated\">\n\t\t\t\t\t\t<div class=\"elementor-element elementor-element-iqvphpl elementor-widget elementor-widget-heading\" data-id=\"iqvphpl\" data-element_type=\"widget\" data-e-type=\"widget\" data-widget_type=\"heading.default\">\n\t\t\t\t<div class=\"elementor-widget-container\">\n\t\t\t\t\t<h2 class=\"elementor-heading-title elementor-size-medium\">Fracci\u00f3n XlX<\/h2>\t\t\t\t<\/div>\n\t\t\t\t<\/div>\n\t\t\t\t<div class=\"elementor-element elementor-element-vju4oby elementor-widget elementor-widget-html\" data-id=\"vju4oby\" data-element_type=\"widget\" data-e-type=\"widget\" data-widget_type=\"html.default\">\n\t\t\t\t<div class=\"elementor-widget-container\">\n\t\t\t\t\t<style>\r\nv\\:* {behavior:url(#default#VML);}\r\no\\:* {behavior:url(#default#VML);}\r\nx\\:* {behavior:url(#default#VML);}\r\n.shape {behavior:url(#default#VML);}\r\n<\/style>\r\n<![endif]-->\r\n<style id=\"Formato FRACCI\u00d3N XIX_24617_Styles\">\r\n<!--table\r\n\t{mso-displayed-decimal-separator:\"\\.\";\r\n\tmso-displayed-thousand-separator:\"\\,\";}\r\n.xl1524617\r\n\t{padding:0px;\r\n\tmso-ignore:padding;\r\n\tcolor:windowtext;\r\n\tfont-size:10.0pt;\r\n\tfont-weight:400;\r\n\tfont-style:normal;\r\n\ttext-decoration:none;\r\n\tfont-family:Arial;\r\n\tmso-generic-font-family:auto;\r\n\tmso-font-charset:0;\r\n\tmso-number-format:General;\r\n\ttext-align:general;\r\n\tvertical-align:bottom;\r\n\tmso-background-source:auto;\r\n\tmso-pattern:auto;\r\n\twhite-space:nowrap;}\r\n.xl6524617\r\n\t{padding:0px;\r\n\tmso-ignore:padding;\r\n\tcolor:white;\r\n\tfont-size:11.0pt;\r\n\tfont-weight:700;\r\n\tfont-style:normal;\r\n\ttext-decoration:none;\r\n\tfont-family:Arial;\r\n\tmso-generic-font-family:auto;\r\n\tmso-font-charset:0;\r\n\tmso-number-format:General;\r\n\ttext-align:center;\r\n\tvertical-align:bottom;\r\n\tborder:.5pt solid black;\r\n\tbackground:#333333;\r\n\tmso-pattern:black none;\r\n\twhite-space:nowrap;}\r\n.xl6624617\r\n\t{padding:0px;\r\n\tmso-ignore:padding;\r\n\tcolor:black;\r\n\tfont-size:10.0pt;\r\n\tfont-weight:400;\r\n\tfont-style:normal;\r\n\ttext-decoration:none;\r\n\tfont-family:Arial;\r\n\tmso-generic-font-family:auto;\r\n\tmso-font-charset:0;\r\n\tmso-number-format:General;\r\n\ttext-align:general;\r\n\tvertical-align:bottom;\r\n\tborder:.5pt solid black;\r\n\tbackground:#E1E1E1;\r\n\tmso-pattern:black none;\r\n\twhite-space:nowrap;}\r\n.xl6724617\r\n\t{padding:0px;\r\n\tmso-ignore:padding;\r\n\tcolor:black;\r\n\tfont-size:10.0pt;\r\n\tfont-weight:400;\r\n\tfont-style:normal;\r\n\ttext-decoration:none;\r\n\tfont-family:Arial;\r\n\tmso-generic-font-family:auto;\r\n\tmso-font-charset:0;\r\n\tmso-number-format:General;\r\n\ttext-align:general;\r\n\tvertical-align:bottom;\r\n\tborder:.5pt solid black;\r\n\tbackground:#E1E1E1;\r\n\tmso-pattern:black none;\r\n\twhite-space:normal;}\r\n.xl6824617\r\n\t{padding:0px;\r\n\tmso-ignore:padding;\r\n\tcolor:black;\r\n\tfont-size:10.0pt;\r\n\tfont-weight:400;\r\n\tfont-style:normal;\r\n\ttext-decoration:none;\r\n\tfont-family:Arial;\r\n\tmso-generic-font-family:auto;\r\n\tmso-font-charset:0;\r\n\tmso-number-format:General;\r\n\ttext-align:general;\r\n\tvertical-align:bottom;\r\n\tborder-top:.5pt solid black;\r\n\tborder-right:.5pt solid black;\r\n\tborder-bottom:none;\r\n\tborder-left:.5pt solid black;\r\n\tbackground:#E1E1E1;\r\n\tmso-pattern:black none;\r\n\twhite-space:nowrap;}\r\n.xl6924617\r\n\t{padding:0px;\r\n\tmso-ignore:padding;\r\n\tcolor:windowtext;\r\n\tfont-size:10.0pt;\r\n\tfont-weight:400;\r\n\tfont-style:normal;\r\n\ttext-decoration:none;\r\n\tfont-family:Arial;\r\n\tmso-generic-font-family:auto;\r\n\tmso-font-charset:0;\r\n\tmso-number-format:General;\r\n\ttext-align:center;\r\n\tvertical-align:middle;\r\n\tborder:.5pt solid windowtext;\r\n\tbackground:white;\r\n\tmso-pattern:black none;\r\n\twhite-space:normal;}\r\n.xl7024617\r\n\t{padding:0px;\r\n\tmso-ignore:padding;\r\n\tcolor:windowtext;\r\n\tfont-size:10.0pt;\r\n\tfont-weight:400;\r\n\tfont-style:normal;\r\n\ttext-decoration:none;\r\n\tfont-family:Arial;\r\n\tmso-generic-font-family:auto;\r\n\tmso-font-charset:0;\r\n\tmso-number-format:General;\r\n\ttext-align:general;\r\n\tvertical-align:bottom;\r\n\tborder:.5pt solid windowtext;\r\n\tbackground:white;\r\n\tmso-pattern:black none;\r\n\twhite-space:nowrap;}\r\n.xl7124617\r\n\t{padding:0px;\r\n\tmso-ignore:padding;\r\n\tcolor:windowtext;\r\n\tfont-size:10.0pt;\r\n\tfont-weight:400;\r\n\tfont-style:normal;\r\n\ttext-decoration:none;\r\n\tfont-family:Arial;\r\n\tmso-generic-font-family:auto;\r\n\tmso-font-charset:0;\r\n\tmso-number-format:General;\r\n\ttext-align:general;\r\n\tvertical-align:bottom;\r\n\tborder:.5pt solid windowtext;\r\n\tbackground:white;\r\n\tmso-pattern:black none;\r\n\twhite-space:normal;}\r\n.xl7224617\r\n\t{padding:0px;\r\n\tmso-ignore:padding;\r\n\tcolor:#0563C1;\r\n\tfont-size:10.0pt;\r\n\tfont-weight:400;\r\n\tfont-style:normal;\r\n\ttext-decoration:underline;\r\n\ttext-underline-style:single;\r\n\tfont-family:Arial;\r\n\tmso-generic-font-family:auto;\r\n\tmso-font-charset:0;\r\n\tmso-number-format:General;\r\n\ttext-align:general;\r\n\tvertical-align:bottom;\r\n\tborder:.5pt solid windowtext;\r\n\tbackground:white;\r\n\tmso-pattern:black none;\r\n\twhite-space:nowrap;}\r\n.xl7324617\r\n\t{padding:0px;\r\n\tmso-ignore:padding;\r\n\tcolor:windowtext;\r\n\tfont-size:10.0pt;\r\n\tfont-weight:400;\r\n\tfont-style:normal;\r\n\ttext-decoration:none;\r\n\tfont-family:Arial;\r\n\tmso-generic-font-family:auto;\r\n\tmso-font-charset:0;\r\n\tmso-number-format:\"Medium Date\";\r\n\ttext-align:general;\r\n\tvertical-align:bottom;\r\n\tborder:.5pt solid windowtext;\r\n\tbackground:white;\r\n\tmso-pattern:black none;\r\n\twhite-space:nowrap;}\r\n-->\r\n<\/style>\r\n<\/head>\r\n\r\n<body>\r\n<!--[if !excel]>&nbsp;&nbsp;<![endif]-->\r\n<!--La siguiente informaci\u00f3n se gener\u00f3 mediante el Asistente para publicar como\r\np\u00e1gina web de Microsoft Excel.-->\r\n<!--Si se vuelve a publicar el mismo elemento desde Excel, se reemplazar\u00e1 toda\r\nla informaci\u00f3n comprendida entre las etiquetas DIV.-->\r\n<!----------------------------->\r\n<!--INICIO DE LOS RESULTADOS DEL ASISTENTE PARA PUBLICAR COMO P\u00c1GINA WEB DE\r\nEXCEL -->\r\n<!----------------------------->\r\n\r\n<div id=\"Formato FRACCI\u00d3N XIX_24617\" align=center x:publishsource=\"Excel\">\r\n\r\n<table border=0 cellpadding=0 cellspacing=0 width=7805 style='border-collapse:\r\n collapse;table-layout:fixed;width:5858pt'>\r\n <col width=177 style='mso-width-source:userset;mso-width-alt:6473;width:133pt'>\r\n <col width=287 style='mso-width-source:userset;mso-width-alt:10496;width:215pt'>\r\n <col width=660 style='mso-width-source:userset;mso-width-alt:24137;width:495pt'>\r\n <col width=305 style='mso-width-source:userset;mso-width-alt:11154;width:229pt'>\r\n <col width=154 style='mso-width-source:userset;mso-width-alt:5632;width:116pt'>\r\n <col width=339 style='mso-width-source:userset;mso-width-alt:12397;width:254pt'>\r\n <col width=353 style='mso-width-source:userset;mso-width-alt:12909;width:265pt'>\r\n <col width=677 style='mso-width-source:userset;mso-width-alt:24758;width:508pt'>\r\n <col width=211 style='mso-width-source:userset;mso-width-alt:7716;width:158pt'>\r\n <col width=361 style='mso-width-source:userset;mso-width-alt:13202;width:271pt'>\r\n <col width=290 style='mso-width-source:userset;mso-width-alt:10605;width:218pt'>\r\n <col width=210 style='mso-width-source:userset;mso-width-alt:7680;width:158pt'>\r\n <col width=361 style='mso-width-source:userset;mso-width-alt:13202;width:271pt'>\r\n <col width=296 style='mso-width-source:userset;mso-width-alt:10825;width:222pt'>\r\n <col width=302 style='mso-width-source:userset;mso-width-alt:11044;width:227pt'>\r\n <col width=361 style='mso-width-source:userset;mso-width-alt:13202;width:271pt'>\r\n <col width=678 style='mso-width-source:userset;mso-width-alt:24795;width:509pt'>\r\n <col width=670 style='mso-width-source:userset;mso-width-alt:24502;width:503pt'>\r\n <col width=160 style='mso-width-source:userset;mso-width-alt:5851;width:120pt'>\r\n <col width=239 style='mso-width-source:userset;mso-width-alt:8740;width:179pt'>\r\n <col width=50 style='mso-width-source:userset;mso-width-alt:1828;width:38pt'>\r\n <col width=200 style='mso-width-source:userset;mso-width-alt:7314;width:150pt'>\r\n <col width=464 style='mso-width-source:userset;mso-width-alt:16969;width:348pt'>\r\n <tr height=0 style='display:none'>\r\n  <td class=xl1524617 width=177 style='width:133pt'>35918<\/td>\r\n  <td class=xl1524617 width=287 style='width:215pt'><\/td>\r\n  <td class=xl1524617 width=660 style='width:495pt'><\/td>\r\n  <td class=xl1524617 width=305 style='width:229pt'><\/td>\r\n  <td class=xl1524617 width=154 style='width:116pt'><\/td>\r\n  <td class=xl1524617 width=339 style='width:254pt'><\/td>\r\n  <td class=xl1524617 width=353 style='width:265pt'><\/td>\r\n  <td class=xl1524617 width=677 style='width:508pt'><\/td>\r\n  <td class=xl1524617 width=211 style='width:158pt'><\/td>\r\n  <td class=xl1524617 width=361 style='width:271pt'><\/td>\r\n  <td class=xl1524617 width=290 style='width:218pt'><\/td>\r\n  <td class=xl1524617 width=210 style='width:158pt'><\/td>\r\n  <td class=xl1524617 width=361 style='width:271pt'><\/td>\r\n  <td class=xl1524617 width=296 style='width:222pt'><\/td>\r\n  <td class=xl1524617 width=302 style='width:227pt'><\/td>\r\n  <td class=xl1524617 width=361 style='width:271pt'><\/td>\r\n  <td class=xl1524617 width=678 style='width:509pt'><\/td>\r\n  <td class=xl1524617 width=670 style='width:503pt'><\/td>\r\n  <td class=xl1524617 width=160 style='width:120pt'><\/td>\r\n  <td class=xl1524617 width=239 style='width:179pt'><\/td>\r\n  <td class=xl1524617 width=50 style='width:38pt'><\/td>\r\n  <td class=xl1524617 width=200 style='width:150pt'><\/td>\r\n  <td class=xl1524617 width=464 style='width:348pt'><\/td>\r\n <\/tr>\r\n <tr height=20 style='height:15.0pt'>\r\n  <td height=20 class=xl6524617 style='height:15.0pt'>TITULO<\/td>\r\n  <td class=xl6524617 style='border-left:none'>NOMBRE CORTO<\/td>\r\n  <td class=xl6524617 style='border-left:none'>DESCRIPCION<\/td>\r\n  <td class=xl1524617><\/td>\r\n  <td class=xl1524617><\/td>\r\n  <td class=xl1524617><\/td>\r\n  <td class=xl1524617><\/td>\r\n  <td class=xl1524617><\/td>\r\n  <td class=xl1524617><\/td>\r\n  <td class=xl1524617><\/td>\r\n  <td class=xl1524617><\/td>\r\n  <td class=xl1524617><\/td>\r\n  <td class=xl1524617><\/td>\r\n  <td class=xl1524617><\/td>\r\n  <td class=xl1524617><\/td>\r\n  <td class=xl1524617><\/td>\r\n  <td class=xl1524617><\/td>\r\n  <td class=xl1524617><\/td>\r\n  <td class=xl1524617><\/td>\r\n  <td class=xl1524617><\/td>\r\n  <td class=xl1524617><\/td>\r\n  <td class=xl1524617><\/td>\r\n  <td class=xl1524617><\/td>\r\n <\/tr>\r\n <tr height=17 style='height:12.75pt'>\r\n  <td height=17 class=xl6624617 style='height:12.75pt;border-top:none'>FRACCI\u00d3N\r\n  XIX<\/td>\r\n  <td class=xl6624617 style='border-top:none;border-left:none'>LTAIPEH69FXIX<\/td>\r\n  <td class=xl6724617 width=660 style='border-top:none;border-left:none;\r\n  width:495pt'>Los servicios que ofrecen se\u00f1alando los requisitos para acceder\r\n  a ellos;<\/td>\r\n  <td class=xl1524617><\/td>\r\n  <td class=xl1524617><\/td>\r\n  <td class=xl1524617><\/td>\r\n  <td class=xl1524617><\/td>\r\n  <td class=xl1524617><\/td>\r\n  <td class=xl1524617><\/td>\r\n  <td class=xl1524617><\/td>\r\n  <td class=xl1524617><\/td>\r\n  <td class=xl1524617><\/td>\r\n  <td class=xl1524617><\/td>\r\n  <td class=xl1524617><\/td>\r\n  <td class=xl1524617><\/td>\r\n  <td class=xl1524617><\/td>\r\n  <td class=xl1524617><\/td>\r\n  <td class=xl1524617><\/td>\r\n  <td class=xl1524617><\/td>\r\n  <td class=xl1524617><\/td>\r\n  <td class=xl1524617><\/td>\r\n  <td class=xl1524617><\/td>\r\n  <td class=xl1524617><\/td>\r\n <\/tr>\r\n <tr height=0 style='display:none'>\r\n  <td class=xl1524617>1<\/td>\r\n  <td class=xl1524617>2<\/td>\r\n  <td class=xl1524617>2<\/td>\r\n  <td class=xl1524617>2<\/td>\r\n  <td class=xl1524617>9<\/td>\r\n  <td class=xl1524617>2<\/td>\r\n  <td class=xl1524617>2<\/td>\r\n  <td class=xl1524617>7<\/td>\r\n  <td class=xl1524617>1<\/td>\r\n  <td class=xl1524617>10<\/td>\r\n  <td class=xl1524617>1<\/td>\r\n  <td class=xl1524617>2<\/td>\r\n  <td class=xl1524617>10<\/td>\r\n  <td class=xl1524617>2<\/td>\r\n  <td class=xl1524617>2<\/td>\r\n  <td class=xl1524617>10<\/td>\r\n  <td class=xl1524617>7<\/td>\r\n  <td class=xl1524617>7<\/td>\r\n  <td class=xl1524617>4<\/td>\r\n  <td class=xl1524617>1<\/td>\r\n  <td class=xl1524617>12<\/td>\r\n  <td class=xl1524617>13<\/td>\r\n  <td class=xl1524617>14<\/td>\r\n <\/tr>\r\n <tr height=0 style='display:none'>\r\n  <td class=xl1524617>235490<\/td>\r\n  <td class=xl1524617>235493<\/td>\r\n  <td class=xl1524617>235492<\/td>\r\n  <td class=xl1524617>235495<\/td>\r\n  <td class=xl1524617>235504<\/td>\r\n  <td class=xl1524617>235496<\/td>\r\n  <td class=xl1524617>235497<\/td>\r\n  <td class=xl1524617>235503<\/td>\r\n  <td class=xl1524617>235488<\/td>\r\n  <td class=xl1524617>235505<\/td>\r\n  <td class=xl1524617>235489<\/td>\r\n  <td class=xl1524617>235498<\/td>\r\n  <td class=xl1524617>235506<\/td>\r\n  <td class=xl1524617>235494<\/td>\r\n  <td class=xl1524617>235499<\/td>\r\n  <td class=xl1524617>235507<\/td>\r\n  <td class=xl1524617>235502<\/td>\r\n  <td class=xl1524617>235501<\/td>\r\n  <td class=xl1524617>235500<\/td>\r\n  <td class=xl1524617>235491<\/td>\r\n  <td class=xl1524617>235508<\/td>\r\n  <td class=xl1524617>235509<\/td>\r\n  <td class=xl1524617>235510<\/td>\r\n <\/tr>\r\n <tr height=20 style='height:15.0pt'>\r\n  <td colspan=23 height=20 class=xl6524617 style='height:15.0pt'>Tabla Campos<\/td>\r\n <\/tr>\r\n <tr height=17 style='height:12.75pt'>\r\n  <td height=17 class=xl6824617 style='height:12.75pt'>Acto administrativo<\/td>\r\n  <td class=xl6824617 style='border-left:none'>Denominaci\u00f3n del servicio<\/td>\r\n  <td class=xl6824617 style='border-left:none'>Tipo de usuario y\/o poblaci\u00f3n\r\n  objetivo<\/td>\r\n  <td class=xl6824617 style='border-left:none'>Descripci\u00f3n de los beneficios\r\n  para el usuario<\/td>\r\n  <td class=xl6824617 style='border-left:none'>Modalidad del servicio<\/td>\r\n  <td class=xl6824617 style='border-left:none'>Requisitos para contar con el\r\n  servicio<\/td>\r\n  <td class=xl6824617 style='border-left:none'>Documentos requeridos<\/td>\r\n  <td class=xl6824617 style='border-left:none'>Hiperv\u00ednculo a los formatos\r\n  respectivos<\/td>\r\n  <td class=xl6824617 style='border-left:none'>Tiempo de respuesta<\/td>\r\n  <td class=xl6824617 style='border-left:none'>\u00c1rea que proporciona el servicio<\/td>\r\n  <td class=xl6824617 style='border-left:none'>Costo, en su caso especificar\r\n  que es gratuito<\/td>\r\n  <td class=xl6824617 style='border-left:none'>Sustento legal para su cobro<\/td>\r\n  <td class=xl6824617 style='border-left:none'>Lugares donde se efect\u00faa el pago<\/td>\r\n  <td class=xl6824617 style='border-left:none'>Fundamento\r\n  jur\u00eddico-administrativo del servicio<\/td>\r\n  <td class=xl6824617 style='border-left:none'>Derechos del usuario ante la\r\n  negativa o la falta<\/td>\r\n  <td class=xl6824617 style='border-left:none'>Lugar para reportar presuntas\r\n  anomalias<\/td>\r\n  <td class=xl6824617 style='border-left:none'>Hiperv\u00ednculo informaci\u00f3n\r\n  adicional del servicio<\/td>\r\n  <td class=xl6824617 style='border-left:none'>Hiperv\u00ednculo al cat\u00e1logo, manual\r\n  o sistemas<span style='mso-spacerun:yes'>\u00a0<\/span><\/td>\r\n  <td class=xl6824617 style='border-left:none'>Fecha de validaci\u00f3n<\/td>\r\n  <td class=xl6824617 style='border-left:none'>\u00c1rea responsable de la\r\n  informaci\u00f3n<\/td>\r\n  <td class=xl6824617 style='border-left:none'>A\u00f1o<\/td>\r\n  <td class=xl6824617 style='border-left:none'>Fecha de actualizaci\u00f3n<\/td>\r\n  <td class=xl6824617 style='border-left:none'>Nota<\/td>\r\n <\/tr>\r\n <tr height=51 style='height:38.25pt'>\r\n  <td height=51 class=xl6924617 width=177 style='height:38.25pt;width:133pt'>Orientacion<\/td>\r\n  <td class=xl7024617 style='border-left:none'><span\r\n  style='mso-spacerun:yes'>\u00a0<\/span>Orientacion de Proyectos Productivos<\/td>\r\n  <td class=xl7024617 style='border-left:none'>A la poblacion solicitante de\r\n  proyectos productivos<span style='mso-spacerun:yes'>\u00a0<\/span><\/td>\r\n  <td class=xl7024617 style='border-left:none'>Obtener<span\r\n  style='mso-spacerun:yes'>\u00a0 <\/span>un proyecto productivo<\/td>\r\n  <td class=xl7024617 style='border-left:none'>presencial<span\r\n  style='mso-spacerun:yes'>\u00a0<\/span><\/td>\r\n  <td class=xl7124617 width=339 style='border-left:none;width:254pt'>Asistir al\r\n  area de Desarrollo Agropecuario a solicitar el servicio<\/td>\r\n  <td class=xl7024617 style='border-left:none'>INE,Curp,RFC,Comprobante de\r\n  domicilio,Formato 32d<\/td>\r\n  <td class=xl7224617 style='border-left:none'><a\r\n  href=\"https:\/\/www.apan.gob.mx\/descargables\/transparencia\/articulo69\/fraccion19\/2017_1\/agricultura\/FrXIXa1_1.pdf\">https:\/\/www.apan.gob.mx\/descargables\/transparencia\/articulo69\/fraccion19\/2017_1\/agricultura\/FrXIXa1_1.pdf<\/a><\/td>\r\n  <td class=xl7024617 style='border-left:none'>Ocho meses a un a\u00f1o<\/td>\r\n  <td class=xl7024617 align=right style='border-left:none'>1<\/td>\r\n  <td class=xl7024617 style='border-left:none'>Gratuito<\/td>\r\n  <td class=xl7024617 style='border-left:none'>Reglas de operaci\u00f3n SAGARPA<\/td>\r\n  <td class=xl7024617 align=right style='border-left:none'>1<\/td>\r\n  <td class=xl7024617 style='border-left:none'>Reglas de operaci\u00f3n SAGARPA<\/td>\r\n  <td class=xl7024617 style='border-left:none'>Verificacion del proyecto y\r\n  Sondeo del mismo<\/td>\r\n  <td class=xl7024617 align=right style='border-left:none'>1<\/td>\r\n  <td class=xl7224617 style='border-left:none'><a\r\n  href=\"https:\/\/www.apan.gob.mx\/descargables\/transparencia\/articulo69\/fraccion19\/2017_1\/agricultura\/FrXIXa1_2.pdf\">https:\/\/www.apan.gob.mx\/descargables\/transparencia\/articulo69\/fraccion19\/2017_1\/agricultura\/FrXIXa1_2.pdf<\/a><\/td>\r\n  <td class=xl7224617 style='border-left:none'><a\r\n  href=\"https:\/\/www.apan.gob.mx\/descargables\/transparencia\/articulo69\/fraccion19\/2017_1\/agricultura\/FrXIXa1_3.pdf\">https:\/\/www.apan.gob.mx\/descargables\/transparencia\/articulo69\/fraccion19\/2017_1\/agricultura\/FrXIXa1_3.pdf<\/a><\/td>\r\n  <td class=xl7324617 align=right style='border-left:none'>01-abr-17<\/td>\r\n  <td class=xl7024617 style='border-left:none'>DesarrollonAgropecuario<\/td>\r\n  <td class=xl7024617 align=right style='border-left:none'>2017<\/td>\r\n  <td class=xl7324617 align=right style='border-left:none'>01-abr-17<\/td>\r\n  <td class=xl7124617 width=464 style='border-left:none;width:348pt'>La\r\n  direccion de desarrollo agropecuario solo orienta y gestiona proyectos los\r\n  costos dependen de cada componente<span style='mso-spacerun:yes'>\u00a0 <\/span>y\r\n  programa contenido en las reglas de operaci\u00f3n<span\r\n  style='mso-spacerun:yes'>\u00a0<\/span><\/td>\r\n <\/tr>\r\n <![if supportMisalignedColumns]>\r\n <tr height=0 style='display:none'>\r\n  <td width=177 style='width:133pt'><\/td>\r\n  <td width=287 style='width:215pt'><\/td>\r\n  <td width=660 style='width:495pt'><\/td>\r\n  <td width=305 style='width:229pt'><\/td>\r\n  <td width=154 style='width:116pt'><\/td>\r\n  <td width=339 style='width:254pt'><\/td>\r\n  <td width=353 style='width:265pt'><\/td>\r\n  <td width=677 style='width:508pt'><\/td>\r\n  <td width=211 style='width:158pt'><\/td>\r\n  <td width=361 style='width:271pt'><\/td>\r\n  <td width=290 style='width:218pt'><\/td>\r\n  <td width=210 style='width:158pt'><\/td>\r\n  <td width=361 style='width:271pt'><\/td>\r\n  <td width=296 style='width:222pt'><\/td>\r\n  <td width=302 style='width:227pt'><\/td>\r\n  <td width=361 style='width:271pt'><\/td>\r\n  <td width=678 style='width:509pt'><\/td>\r\n  <td width=670 style='width:503pt'><\/td>\r\n  <td width=160 style='width:120pt'><\/td>\r\n  <td width=239 style='width:179pt'><\/td>\r\n  <td width=50 style='width:38pt'><\/td>\r\n  <td width=200 style='width:150pt'><\/td>\r\n  <td width=464 style='width:348pt'><\/td>\r\n <\/tr>\r\n <![endif]>\r\n<\/table>\r\n\r\n<\/div>\r\n\r\n\t\t\t\t<\/div>\n\t\t\t\t<\/div>\n\t\t\t\t<div class=\"elementor-element elementor-element-rxdef8u elementor-widget elementor-widget-button\" data-id=\"rxdef8u\" data-element_type=\"widget\" data-e-type=\"widget\" data-widget_type=\"button.default\">\n\t\t\t\t<div class=\"elementor-widget-container\">\n\t\t\t\t\t\t\t\t\t<div class=\"elementor-button-wrapper\">\n\t\t\t\t\t<a class=\"elementor-button elementor-button-link elementor-size-sm\" href=\"https:\/\/www.apan.gob.mx\/descargables\/transparencia\/articulo69\/fraccion19\/2017_1\/agricultura\/FormatoFRACCIONXIX.xls\">\n\t\t\t\t\t\t<span class=\"elementor-button-content-wrapper\">\n\t\t\t\t\t\t\t\t\t<span class=\"elementor-button-text\">Descargar<\/span>\n\t\t\t\t\t<\/span>\n\t\t\t\t\t<\/a>\n\t\t\t\t<\/div>\n\t\t\t\t\t\t\t\t<\/div>\n\t\t\t\t<\/div>\n\t\t\t\t<div class=\"elementor-element elementor-element-furzuvo elementor-widget elementor-widget-heading\" data-id=\"furzuvo\" data-element_type=\"widget\" data-e-type=\"widget\" data-widget_type=\"heading.default\">\n\t\t\t\t<div class=\"elementor-widget-container\">\n\t\t\t\t\t<h2 class=\"elementor-heading-title elementor-size-small\">Fecha en que se subi\u00f3 la informaci\u00f3n: 14-enero-19<\/h2>\t\t\t\t<\/div>\n\t\t\t\t<\/div>\n\t\t\t\t\t<\/div>\n\t\t<\/div>\n\t\t\t\t\t<\/div>\n\t\t<\/section>\n\t\t\t\t<\/div>\n\t\t","protected":false},"excerpt":{"rendered":"<p>Fracci\u00f3n XlX 35918 TITULO NOMBRE CORTO DESCRIPCION FRACCI\u00d3N XIX LTAIPEH69FXIX Los servicios que ofrecen se\u00f1alando los requisitos para acceder a ellos; 1 2 2 2 9 2 2 7 1 10 1 2 10 2 2 10 7 7 4 1 12 13 14 235490 235493 235492 235495 235504 235496 235497 235503 235488 235505 235489 [&hellip;]<\/p>\n","protected":false},"author":1,"featured_media":0,"parent":0,"menu_order":0,"comment_status":"closed","ping_status":"closed","template":"page-template-full.php","meta":{"footnotes":""},"class_list":["post-3918","page","type-page","status-publish","hentry"],"jetpack_sharing_enabled":true,"_links":{"self":[{"href":"https:\/\/apan.gob.mx\/portal\/wp-json\/wp\/v2\/pages\/3918","targetHints":{"allow":["GET"]}}],"collection":[{"href":"https:\/\/apan.gob.mx\/portal\/wp-json\/wp\/v2\/pages"}],"about":[{"href":"https:\/\/apan.gob.mx\/portal\/wp-json\/wp\/v2\/types\/page"}],"author":[{"embeddable":true,"href":"https:\/\/apan.gob.mx\/portal\/wp-json\/wp\/v2\/users\/1"}],"replies":[{"embeddable":true,"href":"https:\/\/apan.gob.mx\/portal\/wp-json\/wp\/v2\/comments?post=3918"}],"version-history":[{"count":3,"href":"https:\/\/apan.gob.mx\/portal\/wp-json\/wp\/v2\/pages\/3918\/revisions"}],"predecessor-version":[{"id":3922,"href":"https:\/\/apan.gob.mx\/portal\/wp-json\/wp\/v2\/pages\/3918\/revisions\/3922"}],"wp:attachment":[{"href":"https:\/\/apan.gob.mx\/portal\/wp-json\/wp\/v2\/media?parent=3918"}],"curies":[{"name":"wp","href":"https:\/\/api.w.org\/{rel}","templated":true}]}}