{"id":3929,"date":"2019-01-14T03:49:08","date_gmt":"2019-01-14T03:49:08","guid":{"rendered":"https:\/\/apan.gob.mx\/portal\/?page_id=3929"},"modified":"2019-01-16T17:30:35","modified_gmt":"2019-01-16T17:30:35","slug":"agricultura_27_2017_1","status":"publish","type":"page","link":"https:\/\/apan.gob.mx\/portal\/agricultura_27_2017_1\/","title":{"rendered":"<!--agricultura_27_2017_1-->"},"content":{"rendered":"\t\t<div data-elementor-type=\"wp-page\" data-elementor-id=\"3929\" class=\"elementor elementor-3929 elementor-bc-flex-widget\">\n\t\t\t\t\t\t<section class=\"has_ae_slider elementor-section elementor-top-section elementor-element elementor-element-xawnxji elementor-section-boxed elementor-section-height-default elementor-section-height-default ae-bg-gallery-type-default\" data-id=\"xawnxji\" data-element_type=\"section\" data-e-type=\"section\">\n\t\t\t\t\t\t<div class=\"elementor-container elementor-column-gap-default\">\n\t\t\t\t\t<div class=\"has_ae_slider elementor-column elementor-col-100 elementor-top-column elementor-element elementor-element-vewfytt ae-bg-gallery-type-default\" data-id=\"vewfytt\" data-element_type=\"column\" data-e-type=\"column\">\n\t\t\t<div class=\"elementor-widget-wrap elementor-element-populated\">\n\t\t\t\t\t\t<div class=\"elementor-element elementor-element-gsfqvww elementor-widget elementor-widget-heading\" data-id=\"gsfqvww\" data-element_type=\"widget\" data-e-type=\"widget\" data-widget_type=\"heading.default\">\n\t\t\t\t<div class=\"elementor-widget-container\">\n\t\t\t\t\t<h2 class=\"elementor-heading-title elementor-size-medium\">Fracci\u00f3n XXVll<\/h2>\t\t\t\t<\/div>\n\t\t\t\t<\/div>\n\t\t\t\t<div class=\"elementor-element elementor-element-yuctzhi elementor-widget elementor-widget-html\" data-id=\"yuctzhi\" data-element_type=\"widget\" data-e-type=\"widget\" data-widget_type=\"html.default\">\n\t\t\t\t<div class=\"elementor-widget-container\">\n\t\t\t\t\t<style id=\"Formato FRACCION XXVII_4959_Styles\">\r\n<!--table\r\n\t{mso-displayed-decimal-separator:\"\\.\";\r\n\tmso-displayed-thousand-separator:\"\\,\";}\r\n.xl154959\r\n\t{padding-top:1px;\r\n\tpadding-right:1px;\r\n\tpadding-left:1px;\r\n\tmso-ignore:padding;\r\n\tcolor:windowtext;\r\n\tfont-size:10.0pt;\r\n\tfont-weight:400;\r\n\tfont-style:normal;\r\n\ttext-decoration:none;\r\n\tfont-family:Arial;\r\n\tmso-generic-font-family:auto;\r\n\tmso-font-charset:0;\r\n\tmso-number-format:General;\r\n\ttext-align:general;\r\n\tvertical-align:bottom;\r\n\tmso-background-source:auto;\r\n\tmso-pattern:auto;\r\n\twhite-space:nowrap;}\r\n.xl654959\r\n\t{padding-top:1px;\r\n\tpadding-right:1px;\r\n\tpadding-left:1px;\r\n\tmso-ignore:padding;\r\n\tcolor:white;\r\n\tfont-size:11.0pt;\r\n\tfont-weight:700;\r\n\tfont-style:normal;\r\n\ttext-decoration:none;\r\n\tfont-family:Arial;\r\n\tmso-generic-font-family:auto;\r\n\tmso-font-charset:0;\r\n\tmso-number-format:General;\r\n\ttext-align:center;\r\n\tvertical-align:bottom;\r\n\tborder:.5pt solid black;\r\n\tbackground:#333333;\r\n\tmso-pattern:black none;\r\n\twhite-space:nowrap;}\r\n.xl664959\r\n\t{padding-top:1px;\r\n\tpadding-right:1px;\r\n\tpadding-left:1px;\r\n\tmso-ignore:padding;\r\n\tcolor:black;\r\n\tfont-size:10.0pt;\r\n\tfont-weight:400;\r\n\tfont-style:normal;\r\n\ttext-decoration:none;\r\n\tfont-family:Arial;\r\n\tmso-generic-font-family:auto;\r\n\tmso-font-charset:0;\r\n\tmso-number-format:General;\r\n\ttext-align:general;\r\n\tvertical-align:bottom;\r\n\tborder:.5pt solid black;\r\n\tbackground:#E1E1E1;\r\n\tmso-pattern:black none;\r\n\twhite-space:nowrap;}\r\n.xl674959\r\n\t{padding-top:1px;\r\n\tpadding-right:1px;\r\n\tpadding-left:1px;\r\n\tmso-ignore:padding;\r\n\tcolor:windowtext;\r\n\tfont-size:10.0pt;\r\n\tfont-weight:400;\r\n\tfont-style:normal;\r\n\ttext-decoration:none;\r\n\tfont-family:Arial;\r\n\tmso-generic-font-family:auto;\r\n\tmso-font-charset:0;\r\n\tmso-number-format:General;\r\n\ttext-align:general;\r\n\tvertical-align:bottom;\r\n\tmso-background-source:auto;\r\n\tmso-pattern:auto;\r\n\twhite-space:normal;}\r\n.xl684959\r\n\t{padding-top:1px;\r\n\tpadding-right:1px;\r\n\tpadding-left:1px;\r\n\tmso-ignore:padding;\r\n\tcolor:black;\r\n\tfont-size:10.0pt;\r\n\tfont-weight:400;\r\n\tfont-style:normal;\r\n\ttext-decoration:none;\r\n\tfont-family:Arial;\r\n\tmso-generic-font-family:auto;\r\n\tmso-font-charset:0;\r\n\tmso-number-format:General;\r\n\ttext-align:general;\r\n\tvertical-align:bottom;\r\n\tborder:.5pt solid black;\r\n\tbackground:#E1E1E1;\r\n\tmso-pattern:black none;\r\n\twhite-space:normal;}\r\n.xl694959\r\n\t{padding-top:1px;\r\n\tpadding-right:1px;\r\n\tpadding-left:1px;\r\n\tmso-ignore:padding;\r\n\tcolor:white;\r\n\tfont-size:11.0pt;\r\n\tfont-weight:700;\r\n\tfont-style:normal;\r\n\ttext-decoration:none;\r\n\tfont-family:Arial;\r\n\tmso-generic-font-family:auto;\r\n\tmso-font-charset:0;\r\n\tmso-number-format:General;\r\n\ttext-align:center;\r\n\tvertical-align:bottom;\r\n\tborder:.5pt solid black;\r\n\tbackground:#333333;\r\n\tmso-pattern:black none;\r\n\twhite-space:normal;}\r\n.xl704959\r\n\t{padding-top:1px;\r\n\tpadding-right:1px;\r\n\tpadding-left:1px;\r\n\tmso-ignore:padding;\r\n\tcolor:black;\r\n\tfont-size:10.0pt;\r\n\tfont-weight:400;\r\n\tfont-style:normal;\r\n\ttext-decoration:none;\r\n\tfont-family:Arial;\r\n\tmso-generic-font-family:auto;\r\n\tmso-font-charset:0;\r\n\tmso-number-format:General;\r\n\ttext-align:general;\r\n\tvertical-align:bottom;\r\n\tborder-top:.5pt solid black;\r\n\tborder-right:.5pt solid black;\r\n\tborder-bottom:none;\r\n\tborder-left:.5pt solid black;\r\n\tbackground:#E1E1E1;\r\n\tmso-pattern:black none;\r\n\twhite-space:nowrap;}\r\n.xl714959\r\n\t{padding-top:1px;\r\n\tpadding-right:1px;\r\n\tpadding-left:1px;\r\n\tmso-ignore:padding;\r\n\tcolor:black;\r\n\tfont-size:10.0pt;\r\n\tfont-weight:400;\r\n\tfont-style:normal;\r\n\ttext-decoration:none;\r\n\tfont-family:Arial;\r\n\tmso-generic-font-family:auto;\r\n\tmso-font-charset:0;\r\n\tmso-number-format:General;\r\n\ttext-align:general;\r\n\tvertical-align:bottom;\r\n\tborder-top:.5pt solid black;\r\n\tborder-right:.5pt solid black;\r\n\tborder-bottom:none;\r\n\tborder-left:.5pt solid black;\r\n\tbackground:#E1E1E1;\r\n\tmso-pattern:black none;\r\n\twhite-space:normal;}\r\n.xl724959\r\n\t{padding-top:1px;\r\n\tpadding-right:1px;\r\n\tpadding-left:1px;\r\n\tmso-ignore:padding;\r\n\tcolor:windowtext;\r\n\tfont-size:10.0pt;\r\n\tfont-weight:400;\r\n\tfont-style:normal;\r\n\ttext-decoration:none;\r\n\tfont-family:Arial;\r\n\tmso-generic-font-family:auto;\r\n\tmso-font-charset:0;\r\n\tmso-number-format:General;\r\n\ttext-align:general;\r\n\tvertical-align:bottom;\r\n\tborder:.5pt solid windowtext;\r\n\tbackground:white;\r\n\tmso-pattern:black none;\r\n\twhite-space:nowrap;}\r\n.xl734959\r\n\t{padding-top:1px;\r\n\tpadding-right:1px;\r\n\tpadding-left:1px;\r\n\tmso-ignore:padding;\r\n\tcolor:windowtext;\r\n\tfont-size:10.0pt;\r\n\tfont-weight:400;\r\n\tfont-style:normal;\r\n\ttext-decoration:none;\r\n\tfont-family:Arial;\r\n\tmso-generic-font-family:auto;\r\n\tmso-font-charset:0;\r\n\tmso-number-format:General;\r\n\ttext-align:general;\r\n\tvertical-align:bottom;\r\n\tborder:.5pt solid windowtext;\r\n\tbackground:white;\r\n\tmso-pattern:black none;\r\n\twhite-space:normal;}\r\n.xl744959\r\n\t{padding-top:1px;\r\n\tpadding-right:1px;\r\n\tpadding-left:1px;\r\n\tmso-ignore:padding;\r\n\tcolor:blue;\r\n\tfont-size:10.0pt;\r\n\tfont-weight:400;\r\n\tfont-style:normal;\r\n\ttext-decoration:underline;\r\n\ttext-underline-style:single;\r\n\tfont-family:Arial;\r\n\tmso-generic-font-family:auto;\r\n\tmso-font-charset:0;\r\n\tmso-number-format:General;\r\n\ttext-align:general;\r\n\tvertical-align:bottom;\r\n\tborder:.5pt solid windowtext;\r\n\tbackground:white;\r\n\tmso-pattern:black none;\r\n\twhite-space:nowrap;}\r\n.xl754959\r\n\t{padding-top:1px;\r\n\tpadding-right:1px;\r\n\tpadding-left:1px;\r\n\tmso-ignore:padding;\r\n\tcolor:windowtext;\r\n\tfont-size:10.0pt;\r\n\tfont-weight:400;\r\n\tfont-style:normal;\r\n\ttext-decoration:none;\r\n\tfont-family:Arial;\r\n\tmso-generic-font-family:auto;\r\n\tmso-font-charset:0;\r\n\tmso-number-format:\"Short Date\";\r\n\ttext-align:general;\r\n\tvertical-align:bottom;\r\n\tborder:.5pt solid windowtext;\r\n\tbackground:white;\r\n\tmso-pattern:black none;\r\n\twhite-space:nowrap;}\r\n-->\r\n<\/style>\r\n<\/head>\r\n\r\n<body>\r\n<!--[if !excel]>&nbsp;&nbsp;<![endif]-->\r\n<!--La siguiente informaci\u00f3n se gener\u00f3 mediante el Asistente para publicar como\r\np\u00e1gina web de Microsoft Excel.-->\r\n<!--Si se vuelve a publicar el mismo elemento desde Excel, se reemplazar\u00e1 toda\r\nla informaci\u00f3n comprendida entre las etiquetas DIV.-->\r\n<!----------------------------->\r\n<!--INICIO DE LOS RESULTADOS DEL ASISTENTE PARA PUBLICAR COMO P\u00c1GINA WEB DE\r\nEXCEL -->\r\n<!----------------------------->\r\n\r\n<div id=\"Formato FRACCION XXVII_4959\" align=center x:publishsource=\"Excel\">\r\n\r\n<table border=0 cellpadding=0 cellspacing=0 width=9361 style='border-collapse:\r\n collapse;table-layout:fixed;width:7026pt'>\r\n <col width=145 style='mso-width-source:userset;mso-width-alt:5302;width:109pt'>\r\n <col width=237 style='mso-width-source:userset;mso-width-alt:8667;width:178pt'>\r\n <col class=xl674959 width=841 style='mso-width-source:userset;mso-width-alt:\r\n 30756;width:631pt'>\r\n <col width=332 style='mso-width-source:userset;mso-width-alt:12141;width:249pt'>\r\n <col width=324 style='mso-width-source:userset;mso-width-alt:11849;width:243pt'>\r\n <col width=348 style='mso-width-source:userset;mso-width-alt:12726;width:261pt'>\r\n <col width=153 style='mso-width-source:userset;mso-width-alt:5595;width:115pt'>\r\n <col width=324 style='mso-width-source:userset;mso-width-alt:11849;width:243pt'>\r\n <col width=361 style='mso-width-source:userset;mso-width-alt:13202;width:271pt'>\r\n <col width=353 style='mso-width-source:userset;mso-width-alt:12909;width:265pt'>\r\n <col width=346 style='mso-width-source:userset;mso-width-alt:12653;width:260pt'>\r\n <col width=353 style='mso-width-source:userset;mso-width-alt:12909;width:265pt'>\r\n <col width=340 style='mso-width-source:userset;mso-width-alt:12434;width:255pt'>\r\n <col width=342 style='mso-width-source:userset;mso-width-alt:12507;width:257pt'>\r\n <col width=690 style='mso-width-source:userset;mso-width-alt:25234;width:518pt'>\r\n <col width=375 style='mso-width-source:userset;mso-width-alt:13714;width:281pt'>\r\n <col width=350 style='mso-width-source:userset;mso-width-alt:12800;width:263pt'>\r\n <col width=785 style='mso-width-source:userset;mso-width-alt:28708;width:589pt'>\r\n <col width=694 style='mso-width-source:userset;mso-width-alt:25380;width:521pt'>\r\n <col width=660 style='mso-width-source:userset;mso-width-alt:24137;width:495pt'>\r\n <col width=157 style='mso-width-source:userset;mso-width-alt:5741;width:118pt'>\r\n <col width=250 style='mso-width-source:userset;mso-width-alt:9142;width:188pt'>\r\n <col width=42 style='mso-width-source:userset;mso-width-alt:1536;width:32pt'>\r\n <col width=167 style='mso-width-source:userset;mso-width-alt:6107;width:125pt'>\r\n <col class=xl674959 width=392 style='mso-width-source:userset;mso-width-alt:\r\n 14336;width:294pt'>\r\n <tr height=0 style='display:none'>\r\n  <td class=xl154959 width=145 style='width:109pt'>25108<\/td>\r\n  <td class=xl154959 width=237 style='width:178pt'><\/td>\r\n  <td class=xl674959 width=841 style='width:631pt'><\/td>\r\n  <td class=xl154959 width=332 style='width:249pt'><\/td>\r\n  <td class=xl154959 width=324 style='width:243pt'><\/td>\r\n  <td class=xl154959 width=348 style='width:261pt'><\/td>\r\n  <td class=xl154959 width=153 style='width:115pt'><\/td>\r\n  <td class=xl154959 width=324 style='width:243pt'><\/td>\r\n  <td class=xl154959 width=361 style='width:271pt'><\/td>\r\n  <td class=xl154959 width=353 style='width:265pt'><\/td>\r\n  <td class=xl154959 width=346 style='width:260pt'><\/td>\r\n  <td class=xl154959 width=353 style='width:265pt'><\/td>\r\n  <td class=xl154959 width=340 style='width:255pt'><\/td>\r\n  <td class=xl154959 width=342 style='width:257pt'><\/td>\r\n  <td class=xl154959 width=690 style='width:518pt'><\/td>\r\n  <td class=xl154959 width=375 style='width:281pt'><\/td>\r\n  <td class=xl154959 width=350 style='width:263pt'><\/td>\r\n  <td class=xl154959 width=785 style='width:589pt'><\/td>\r\n  <td class=xl154959 width=694 style='width:521pt'><\/td>\r\n  <td class=xl154959 width=660 style='width:495pt'><\/td>\r\n  <td class=xl154959 width=157 style='width:118pt'><\/td>\r\n  <td class=xl154959 width=250 style='width:188pt'><\/td>\r\n  <td class=xl154959 width=42 style='width:32pt'><\/td>\r\n  <td class=xl154959 width=167 style='width:125pt'><\/td>\r\n  <td class=xl674959 width=392 style='width:294pt'><\/td>\r\n <\/tr>\r\n <tr height=20 style='height:15.0pt'>\r\n  <td height=20 class=xl654959 style='height:15.0pt'>TITULO<\/td>\r\n  <td class=xl654959 style='border-left:none'>NOMBRE CORTO<\/td>\r\n  <td class=xl694959 width=841 style='border-left:none;width:631pt'>DESCRIPCION<\/td>\r\n  <td class=xl154959><\/td>\r\n  <td class=xl154959><\/td>\r\n  <td class=xl154959><\/td>\r\n  <td class=xl154959><\/td>\r\n  <td class=xl154959><\/td>\r\n  <td class=xl154959><\/td>\r\n  <td class=xl154959><\/td>\r\n  <td class=xl154959><\/td>\r\n  <td class=xl154959><\/td>\r\n  <td class=xl154959><\/td>\r\n  <td class=xl154959><\/td>\r\n  <td class=xl154959><\/td>\r\n  <td class=xl154959><\/td>\r\n  <td class=xl154959><\/td>\r\n  <td class=xl154959><\/td>\r\n  <td class=xl154959><\/td>\r\n  <td class=xl154959><\/td>\r\n  <td class=xl154959><\/td>\r\n  <td class=xl154959><\/td>\r\n  <td class=xl154959><\/td>\r\n  <td class=xl154959><\/td>\r\n  <td class=xl674959 width=392 style='width:294pt'><\/td>\r\n <\/tr>\r\n <tr height=51 style='height:38.25pt'>\r\n  <td height=51 class=xl664959 style='height:38.25pt;border-top:none'>FRACCION\r\n  XXVII<\/td>\r\n  <td class=xl664959 style='border-top:none;border-left:none'>Las concesiones,\r\n  contrato<\/td>\r\n  <td class=xl684959 width=841 style='border-top:none;border-left:none;\r\n  width:631pt'>Las concesiones, contratos, convenios, permisos, licencias o\r\n  autorizaciones otorgados, especificando los titulares de aqu\u00e9llos, debiendo\r\n  publicarse su objeto, nombre o raz\u00f3n social del titular, vigencia, tipo,\r\n  t\u00e9rminos, condiciones, monto y modificaciones, as\u00ed como si el procedimiento\r\n  involucra el aprovechamiento de bienes, servicios y\/o recursos p\u00fablicos;<\/td>\r\n  <td class=xl154959><\/td>\r\n  <td class=xl154959><\/td>\r\n  <td class=xl154959><\/td>\r\n  <td class=xl154959><\/td>\r\n  <td class=xl154959><\/td>\r\n  <td class=xl154959><\/td>\r\n  <td class=xl154959><\/td>\r\n  <td class=xl154959><\/td>\r\n  <td class=xl154959><\/td>\r\n  <td class=xl154959><\/td>\r\n  <td class=xl154959><\/td>\r\n  <td class=xl154959><\/td>\r\n  <td class=xl154959><\/td>\r\n  <td class=xl154959><\/td>\r\n  <td class=xl154959><\/td>\r\n  <td class=xl154959><\/td>\r\n  <td class=xl154959><\/td>\r\n  <td class=xl154959><\/td>\r\n  <td class=xl154959><\/td>\r\n  <td class=xl154959><\/td>\r\n  <td class=xl154959><\/td>\r\n  <td class=xl674959 width=392 style='width:294pt'><\/td>\r\n <\/tr>\r\n <tr height=0 style='display:none'>\r\n  <td class=xl154959>1<\/td>\r\n  <td class=xl154959>1<\/td>\r\n  <td class=xl674959 width=841 style='width:631pt'>9<\/td>\r\n  <td class=xl154959>2<\/td>\r\n  <td class=xl154959>2<\/td>\r\n  <td class=xl154959>1<\/td>\r\n  <td class=xl154959>9<\/td>\r\n  <td class=xl154959>1<\/td>\r\n  <td class=xl154959>1<\/td>\r\n  <td class=xl154959>1<\/td>\r\n  <td class=xl154959>1<\/td>\r\n  <td class=xl154959>4<\/td>\r\n  <td class=xl154959>4<\/td>\r\n  <td class=xl154959>1<\/td>\r\n  <td class=xl154959>7<\/td>\r\n  <td class=xl154959>2<\/td>\r\n  <td class=xl154959>2<\/td>\r\n  <td class=xl154959>7<\/td>\r\n  <td class=xl154959>7<\/td>\r\n  <td class=xl154959>7<\/td>\r\n  <td class=xl154959>4<\/td>\r\n  <td class=xl154959>1<\/td>\r\n  <td class=xl154959>12<\/td>\r\n  <td class=xl154959>13<\/td>\r\n  <td class=xl674959 width=392 style='width:294pt'>14<\/td>\r\n <\/tr>\r\n <tr height=0 style='display:none'>\r\n  <td class=xl154959>57190<\/td>\r\n  <td class=xl154959>57194<\/td>\r\n  <td class=xl674959 width=841 style='width:631pt'>57183<\/td>\r\n  <td class=xl154959>57198<\/td>\r\n  <td class=xl154959>57180<\/td>\r\n  <td class=xl154959>57186<\/td>\r\n  <td class=xl154959>57179<\/td>\r\n  <td class=xl154959>57189<\/td>\r\n  <td class=xl154959>57182<\/td>\r\n  <td class=xl154959>57188<\/td>\r\n  <td class=xl154959>57184<\/td>\r\n  <td class=xl154959>57200<\/td>\r\n  <td class=xl154959>57176<\/td>\r\n  <td class=xl154959>57185<\/td>\r\n  <td class=xl154959>57178<\/td>\r\n  <td class=xl154959>57191<\/td>\r\n  <td class=xl154959>57199<\/td>\r\n  <td class=xl154959>57196<\/td>\r\n  <td class=xl154959>57192<\/td>\r\n  <td class=xl154959>57187<\/td>\r\n  <td class=xl154959>57195<\/td>\r\n  <td class=xl154959>57197<\/td>\r\n  <td class=xl154959>57193<\/td>\r\n  <td class=xl154959>57181<\/td>\r\n  <td class=xl674959 width=392 style='width:294pt'>57177<\/td>\r\n <\/tr>\r\n <tr height=20 style='height:15.0pt'>\r\n  <td colspan=25 height=20 class=xl654959 style='height:15.0pt'>Tabla Campos<\/td>\r\n <\/tr>\r\n <tr height=17 style='height:12.75pt'>\r\n  <td height=17 class=xl704959 style='height:12.75pt'>Ejercicio<\/td>\r\n  <td class=xl704959 style='border-left:none'>Periodo que se informa<\/td>\r\n  <td class=xl714959 width=841 style='border-left:none;width:631pt'>Acto\r\n  jur\u00eddico.<\/td>\r\n  <td class=xl704959 style='border-left:none'>Objeto<\/td>\r\n  <td class=xl704959 style='border-left:none'>Fundamento jur\u00eddico<\/td>\r\n  <td class=xl704959 style='border-left:none'>Unidad(es) responsable(s) de\r\n  instrumentaci\u00f3n.<\/td>\r\n  <td class=xl704959 style='border-left:none'>Sector al cual se otorg\u00f3.<\/td>\r\n  <td class=xl704959 style='border-left:none'>Nombre(s)<\/td>\r\n  <td class=xl704959 style='border-left:none'>Primer apellido<\/td>\r\n  <td class=xl704959 style='border-left:none'>Segundo apellido<\/td>\r\n  <td class=xl704959 style='border-left:none'>Raz\u00f3n social del titular<\/td>\r\n  <td class=xl704959 style='border-left:none'>Fecha de inicio de vigencia<\/td>\r\n  <td class=xl704959 style='border-left:none'>Fecha de t\u00e9rmino de vigencia<\/td>\r\n  <td class=xl704959 style='border-left:none'>Cl\u00e1usula, punto, art\u00edculo o\r\n  fracci\u00f3n<span style='mso-spacerun:yes'>\u00a0<\/span><\/td>\r\n  <td class=xl704959 style='border-left:none'>Hiperv\u00ednculo al documento<\/td>\r\n  <td class=xl704959 style='border-left:none'>Monto total, bien, servicio o\r\n  recurso aprovechado.<\/td>\r\n  <td class=xl704959 style='border-left:none'>Monto entregado al periodo\r\n  bien\/servicio\/recurso<\/td>\r\n  <td class=xl704959 style='border-left:none'>Hiperv\u00ednculo documento donde se\r\n  desglose el gasto<\/td>\r\n  <td class=xl704959 style='border-left:none'>Hiperv\u00ednculo al informe sobre\r\n  monto total erogado<\/td>\r\n  <td class=xl704959 style='border-left:none'>Hiperv\u00ednculo al contrato\r\n  plurianual modificado<\/td>\r\n  <td class=xl704959 style='border-left:none'>Fecha de validaci\u00f3n<\/td>\r\n  <td class=xl704959 style='border-left:none'>\u00c1rea responsable de la\r\n  informaci\u00f3n<\/td>\r\n  <td class=xl704959 style='border-left:none'>A\u00f1o<\/td>\r\n  <td class=xl704959 style='border-left:none'>Fecha de actualizaci\u00f3n<\/td>\r\n  <td class=xl714959 width=392 style='border-left:none;width:294pt'>Nota<\/td>\r\n <\/tr>\r\n <tr height=34 style='height:25.5pt'>\r\n  <td height=34 class=xl724959 align=right style='height:25.5pt'>2017<\/td>\r\n  <td class=xl724959 style='border-left:none'>Enero-Marzo<\/td>\r\n  <td class=xl734959 width=841 style='border-left:none;width:631pt'>hasta el\r\n  momento no se ha generado informacion<\/td>\r\n  <td class=xl724959 style='border-left:none'>hasta el momento no se ha\r\n  generado informacion<\/td>\r\n  <td class=xl724959 style='border-left:none'>hasta el momento no se ha\r\n  generado informacion<\/td>\r\n  <td class=xl724959 style='border-left:none'>hasta el momento no se ha\r\n  generado informacion<\/td>\r\n  <td class=xl724959 style='border-left:none'>P\u00fablico<\/td>\r\n  <td class=xl724959 style='border-left:none'>hasta el momento no se ha\r\n  generado informacion<\/td>\r\n  <td class=xl724959 style='border-left:none'>hasta el momento no se ha\r\n  generado informacion<\/td>\r\n  <td class=xl724959 style='border-left:none'>hasta el momento no se ha\r\n  generado informacion<\/td>\r\n  <td class=xl724959 style='border-left:none'>hasta el momento no se ha\r\n  generado informacion<\/td>\r\n  <td class=xl724959 style='border-left:none'>hasta el momento no se ha\r\n  generado informacion<\/td>\r\n  <td class=xl724959 style='border-left:none'>hasta el momento no se ha\r\n  generado informacion<\/td>\r\n  <td class=xl724959 style='border-left:none'>hasta el momento no se ha\r\n  generado informacion<\/td>\r\n  <td class=xl744959 style='border-left:none'><a\r\n  href=\"https:\/\/www.apan.gob.mx\/descargables\/transparencia\/articulo69\/fraccion27\/2017_1\/agricultura\/FrXXVIIa1_1.pdf\">https:\/\/www.apan.gob.mx\/descargables\/transparencia\/articulo69\/fraccion27\/2017_1\/agricultura\/FrXXVIIa1_1.pdf<\/a><\/td>\r\n  <td class=xl724959 style='border-left:none'>hasta el momento no se ha\r\n  generado informacion<\/td>\r\n  <td class=xl724959 style='border-left:none'>hasta el momento no se ha\r\n  generado informacion<\/td>\r\n  <td class=xl744959 style='border-left:none'><a\r\n  href=\"https:\/\/www.apan.gob.mx\/descargables\/transparencia\/articulo69\/fraccion27\/2017_1\/agricultura\/FrXXVIIa1_2.pdf\">https:\/\/www.apan.gob.mx\/descargables\/transparencia\/articulo69\/fraccion27\/2017_1\/agricultura\/FrXXVIIa1_2.pdf<\/a><\/td>\r\n  <td class=xl744959 style='border-left:none'><a\r\n  href=\"https:\/\/www.apan.gob.mx\/descargables\/transparencia\/articulo69\/fraccion27\/2017_1\/agricultura\/FrXXVIIa1_3.pdf\">https:\/\/www.apan.gob.mx\/descargables\/transparencia\/articulo69\/fraccion27\/2017_1\/agricultura\/FrXXVIIa1_3.pdf<\/a><\/td>\r\n  <td class=xl744959 style='border-left:none'><a\r\n  href=\"https:\/\/www.apan.gob.mx\/descargables\/transparencia\/articulo69\/fraccion27\/2017_1\/agricultura\/FrXXVIIa1_4.pdf\">https:\/\/www.apan.gob.mx\/descargables\/transparencia\/articulo69\/fraccion27\/2017_1\/agricultura\/FrXXVIIa1_4.pdf<\/a><\/td>\r\n  <td class=xl754959 align=right style='border-left:none'>01\/04\/2017<\/td>\r\n  <td class=xl724959 style='border-left:none'>Desarrollo Agropecuario<\/td>\r\n  <td class=xl724959 align=right style='border-left:none'>2017<\/td>\r\n  <td class=xl754959 align=right style='border-left:none'>01\/04\/2017<\/td>\r\n  <td class=xl734959 width=392 style='border-left:none;width:294pt'>Hasta la\r\n  fecha de hoy el area de desarrollo agropecuario aun<span\r\n  style='mso-spacerun:yes'>\u00a0 <\/span>no cuenta con algun convenio<\/td>\r\n <\/tr>\r\n <![if supportMisalignedColumns]>\r\n <tr height=0 style='display:none'>\r\n  <td width=145 style='width:109pt'><\/td>\r\n  <td width=237 style='width:178pt'><\/td>\r\n  <td width=841 style='width:631pt'><\/td>\r\n  <td width=332 style='width:249pt'><\/td>\r\n  <td width=324 style='width:243pt'><\/td>\r\n  <td width=348 style='width:261pt'><\/td>\r\n  <td width=153 style='width:115pt'><\/td>\r\n  <td width=324 style='width:243pt'><\/td>\r\n  <td width=361 style='width:271pt'><\/td>\r\n  <td width=353 style='width:265pt'><\/td>\r\n  <td width=346 style='width:260pt'><\/td>\r\n  <td width=353 style='width:265pt'><\/td>\r\n  <td width=340 style='width:255pt'><\/td>\r\n  <td width=342 style='width:257pt'><\/td>\r\n  <td width=690 style='width:518pt'><\/td>\r\n  <td width=375 style='width:281pt'><\/td>\r\n  <td width=350 style='width:263pt'><\/td>\r\n  <td width=785 style='width:589pt'><\/td>\r\n  <td width=694 style='width:521pt'><\/td>\r\n  <td width=660 style='width:495pt'><\/td>\r\n  <td width=157 style='width:118pt'><\/td>\r\n  <td width=250 style='width:188pt'><\/td>\r\n  <td width=42 style='width:32pt'><\/td>\r\n  <td width=167 style='width:125pt'><\/td>\r\n  <td width=392 style='width:294pt'><\/td>\r\n <\/tr>\r\n <![endif]>\r\n<\/table>\r\n\r\n<\/div>\r\n\r\n\t\t\t\t<\/div>\n\t\t\t\t<\/div>\n\t\t\t\t<div class=\"elementor-element elementor-element-urstcq2 elementor-widget elementor-widget-button\" data-id=\"urstcq2\" data-element_type=\"widget\" data-e-type=\"widget\" data-widget_type=\"button.default\">\n\t\t\t\t<div class=\"elementor-widget-container\">\n\t\t\t\t\t\t\t\t\t<div class=\"elementor-button-wrapper\">\n\t\t\t\t\t<a class=\"elementor-button elementor-button-link elementor-size-sm\" href=\"https:\/\/www.apan.gob.mx\/descargables\/transparencia\/articulo69\/fraccion27\/2017_1\/agricultura\/FormatoFRACCIONXXVII.xls\">\n\t\t\t\t\t\t<span class=\"elementor-button-content-wrapper\">\n\t\t\t\t\t\t\t\t\t<span class=\"elementor-button-text\">Descargar<\/span>\n\t\t\t\t\t<\/span>\n\t\t\t\t\t<\/a>\n\t\t\t\t<\/div>\n\t\t\t\t\t\t\t\t<\/div>\n\t\t\t\t<\/div>\n\t\t\t\t<div class=\"elementor-element elementor-element-xeikgue elementor-widget elementor-widget-heading\" data-id=\"xeikgue\" data-element_type=\"widget\" data-e-type=\"widget\" data-widget_type=\"heading.default\">\n\t\t\t\t<div class=\"elementor-widget-container\">\n\t\t\t\t\t<h2 class=\"elementor-heading-title elementor-size-small\">Fecha en que se subi\u00f3 la informaci\u00f3n: 14-enero-19<\/h2>\t\t\t\t<\/div>\n\t\t\t\t<\/div>\n\t\t\t\t\t<\/div>\n\t\t<\/div>\n\t\t\t\t\t<\/div>\n\t\t<\/section>\n\t\t\t\t<\/div>\n\t\t","protected":false},"excerpt":{"rendered":"<p>Fracci\u00f3n XXVll 25108 TITULO NOMBRE CORTO DESCRIPCION FRACCION XXVII Las concesiones, contrato Las concesiones, contratos, convenios, permisos, licencias o autorizaciones otorgados, especificando los titulares de aqu\u00e9llos, debiendo publicarse su objeto, nombre o raz\u00f3n social del titular, vigencia, tipo, t\u00e9rminos, condiciones, monto y modificaciones, as\u00ed como si el procedimiento involucra el aprovechamiento de bienes, servicios y\/o [&hellip;]<\/p>\n","protected":false},"author":1,"featured_media":0,"parent":0,"menu_order":0,"comment_status":"closed","ping_status":"closed","template":"page-template-full.php","meta":{"footnotes":""},"class_list":["post-3929","page","type-page","status-publish","hentry"],"jetpack_sharing_enabled":true,"_links":{"self":[{"href":"https:\/\/apan.gob.mx\/portal\/wp-json\/wp\/v2\/pages\/3929","targetHints":{"allow":["GET"]}}],"collection":[{"href":"https:\/\/apan.gob.mx\/portal\/wp-json\/wp\/v2\/pages"}],"about":[{"href":"https:\/\/apan.gob.mx\/portal\/wp-json\/wp\/v2\/types\/page"}],"author":[{"embeddable":true,"href":"https:\/\/apan.gob.mx\/portal\/wp-json\/wp\/v2\/users\/1"}],"replies":[{"embeddable":true,"href":"https:\/\/apan.gob.mx\/portal\/wp-json\/wp\/v2\/comments?post=3929"}],"version-history":[{"count":5,"href":"https:\/\/apan.gob.mx\/portal\/wp-json\/wp\/v2\/pages\/3929\/revisions"}],"predecessor-version":[{"id":3934,"href":"https:\/\/apan.gob.mx\/portal\/wp-json\/wp\/v2\/pages\/3929\/revisions\/3934"}],"wp:attachment":[{"href":"https:\/\/apan.gob.mx\/portal\/wp-json\/wp\/v2\/media?parent=3929"}],"curies":[{"name":"wp","href":"https:\/\/api.w.org\/{rel}","templated":true}]}}