{"id":3940,"date":"2019-01-14T05:23:21","date_gmt":"2019-01-14T05:23:21","guid":{"rendered":"https:\/\/apan.gob.mx\/portal\/?page_id=3940"},"modified":"2019-01-16T17:30:20","modified_gmt":"2019-01-16T17:30:20","slug":"agricultura_19_2017_2","status":"publish","type":"page","link":"https:\/\/apan.gob.mx\/portal\/agricultura_19_2017_2\/","title":{"rendered":"<!--agricultura_19_2017_2-->"},"content":{"rendered":"\t\t<div data-elementor-type=\"wp-page\" data-elementor-id=\"3940\" class=\"elementor elementor-3940 elementor-bc-flex-widget\">\n\t\t\t\t\t\t<div class=\"elementor-inner\">\n\t\t\t\t<div class=\"elementor-section-wrap\">\n\t\t\t\t\t\t\t\t\t<section class=\"has_ae_slider elementor-section elementor-top-section elementor-element elementor-element-skfdbvx elementor-section-boxed elementor-section-height-default elementor-section-height-default ae-bg-gallery-type-default\" data-id=\"skfdbvx\" data-element_type=\"section\">\n\t\t\t\t\t\t<div class=\"elementor-container elementor-column-gap-default\">\n\t\t\t\t\t\t\t<div class=\"elementor-row\">\n\t\t\t\t\t<div class=\"has_ae_slider elementor-column elementor-col-100 elementor-top-column elementor-element elementor-element-jkqiffn ae-bg-gallery-type-default\" data-id=\"jkqiffn\" data-element_type=\"column\">\n\t\t\t<div class=\"elementor-column-wrap elementor-element-populated\">\n\t\t\t\t\t\t\t<div class=\"elementor-widget-wrap\">\n\t\t\t\t\t\t<div class=\"elementor-element elementor-element-abckhdq elementor-widget elementor-widget-heading\" data-id=\"abckhdq\" data-element_type=\"widget\" data-widget_type=\"heading.default\">\n\t\t\t\t<div class=\"elementor-widget-container\">\n\t\t\t<h2 class=\"elementor-heading-title elementor-size-medium\">Fracci\u00f3n XlX<\/h2>\t\t<\/div>\n\t\t\t\t<\/div>\n\t\t\t\t<div class=\"elementor-element elementor-element-yghvrsj elementor-widget elementor-widget-html\" data-id=\"yghvrsj\" data-element_type=\"widget\" data-widget_type=\"html.default\">\n\t\t\t\t<div class=\"elementor-widget-container\">\n\t\t\t<style>\r\nv\\:* {behavior:url(#default#VML);}\r\no\\:* {behavior:url(#default#VML);}\r\nx\\:* {behavior:url(#default#VML);}\r\n.shape {behavior:url(#default#VML);}\r\n<\/style>\r\n<![endif]-->\r\n<style id=\"Formato FRACCI\u00d3N XIX_30062_Styles\">\r\n<!--table\r\n\t{mso-displayed-decimal-separator:\"\\.\";\r\n\tmso-displayed-thousand-separator:\"\\,\";}\r\n.xl1530062\r\n\t{padding:0px;\r\n\tmso-ignore:padding;\r\n\tcolor:windowtext;\r\n\tfont-size:10.0pt;\r\n\tfont-weight:400;\r\n\tfont-style:normal;\r\n\ttext-decoration:none;\r\n\tfont-family:Arial;\r\n\tmso-generic-font-family:auto;\r\n\tmso-font-charset:0;\r\n\tmso-number-format:General;\r\n\ttext-align:general;\r\n\tvertical-align:bottom;\r\n\tmso-background-source:auto;\r\n\tmso-pattern:auto;\r\n\twhite-space:nowrap;}\r\n.xl6530062\r\n\t{padding:0px;\r\n\tmso-ignore:padding;\r\n\tcolor:white;\r\n\tfont-size:11.0pt;\r\n\tfont-weight:700;\r\n\tfont-style:normal;\r\n\ttext-decoration:none;\r\n\tfont-family:Arial;\r\n\tmso-generic-font-family:auto;\r\n\tmso-font-charset:0;\r\n\tmso-number-format:General;\r\n\ttext-align:center;\r\n\tvertical-align:bottom;\r\n\tborder:.5pt solid black;\r\n\tbackground:#333333;\r\n\tmso-pattern:black none;\r\n\twhite-space:nowrap;}\r\n.xl6630062\r\n\t{padding:0px;\r\n\tmso-ignore:padding;\r\n\tcolor:black;\r\n\tfont-size:10.0pt;\r\n\tfont-weight:400;\r\n\tfont-style:normal;\r\n\ttext-decoration:none;\r\n\tfont-family:Arial;\r\n\tmso-generic-font-family:auto;\r\n\tmso-font-charset:0;\r\n\tmso-number-format:General;\r\n\ttext-align:general;\r\n\tvertical-align:bottom;\r\n\tborder:.5pt solid black;\r\n\tbackground:#E1E1E1;\r\n\tmso-pattern:black none;\r\n\twhite-space:nowrap;}\r\n.xl6730062\r\n\t{padding:0px;\r\n\tmso-ignore:padding;\r\n\tcolor:black;\r\n\tfont-size:10.0pt;\r\n\tfont-weight:400;\r\n\tfont-style:normal;\r\n\ttext-decoration:none;\r\n\tfont-family:Arial;\r\n\tmso-generic-font-family:auto;\r\n\tmso-font-charset:0;\r\n\tmso-number-format:General;\r\n\ttext-align:general;\r\n\tvertical-align:bottom;\r\n\tborder-top:.5pt solid black;\r\n\tborder-right:.5pt solid black;\r\n\tborder-bottom:none;\r\n\tborder-left:.5pt solid black;\r\n\tbackground:#E1E1E1;\r\n\tmso-pattern:black none;\r\n\twhite-space:nowrap;}\r\n.xl6830062\r\n\t{padding:0px;\r\n\tmso-ignore:padding;\r\n\tcolor:windowtext;\r\n\tfont-size:10.0pt;\r\n\tfont-weight:400;\r\n\tfont-style:normal;\r\n\ttext-decoration:none;\r\n\tfont-family:Arial;\r\n\tmso-generic-font-family:auto;\r\n\tmso-font-charset:0;\r\n\tmso-number-format:General;\r\n\ttext-align:center;\r\n\tvertical-align:middle;\r\n\tborder:.5pt solid windowtext;\r\n\tbackground:white;\r\n\tmso-pattern:black none;\r\n\twhite-space:normal;}\r\n.xl6930062\r\n\t{padding:0px;\r\n\tmso-ignore:padding;\r\n\tcolor:windowtext;\r\n\tfont-size:10.0pt;\r\n\tfont-weight:400;\r\n\tfont-style:normal;\r\n\ttext-decoration:none;\r\n\tfont-family:Arial;\r\n\tmso-generic-font-family:auto;\r\n\tmso-font-charset:0;\r\n\tmso-number-format:General;\r\n\ttext-align:general;\r\n\tvertical-align:bottom;\r\n\tborder:.5pt solid windowtext;\r\n\tbackground:white;\r\n\tmso-pattern:black none;\r\n\twhite-space:nowrap;}\r\n.xl7030062\r\n\t{padding:0px;\r\n\tmso-ignore:padding;\r\n\tcolor:#0563C1;\r\n\tfont-size:10.0pt;\r\n\tfont-weight:400;\r\n\tfont-style:normal;\r\n\ttext-decoration:underline;\r\n\ttext-underline-style:single;\r\n\tfont-family:Arial;\r\n\tmso-generic-font-family:auto;\r\n\tmso-font-charset:0;\r\n\tmso-number-format:General;\r\n\ttext-align:general;\r\n\tvertical-align:bottom;\r\n\tborder:.5pt solid windowtext;\r\n\tbackground:white;\r\n\tmso-pattern:black none;\r\n\twhite-space:nowrap;}\r\n.xl7130062\r\n\t{padding:0px;\r\n\tmso-ignore:padding;\r\n\tcolor:windowtext;\r\n\tfont-size:10.0pt;\r\n\tfont-weight:400;\r\n\tfont-style:normal;\r\n\ttext-decoration:none;\r\n\tfont-family:Arial;\r\n\tmso-generic-font-family:auto;\r\n\tmso-font-charset:0;\r\n\tmso-number-format:\"Short Date\";\r\n\ttext-align:general;\r\n\tvertical-align:bottom;\r\n\tborder:.5pt solid windowtext;\r\n\tbackground:white;\r\n\tmso-pattern:black none;\r\n\twhite-space:nowrap;}\r\n.xl7230062\r\n\t{padding:0px;\r\n\tmso-ignore:padding;\r\n\tcolor:windowtext;\r\n\tfont-size:10.0pt;\r\n\tfont-weight:400;\r\n\tfont-style:normal;\r\n\ttext-decoration:none;\r\n\tfont-family:Arial;\r\n\tmso-generic-font-family:auto;\r\n\tmso-font-charset:0;\r\n\tmso-number-format:General;\r\n\ttext-align:general;\r\n\tvertical-align:bottom;\r\n\tborder:.5pt solid windowtext;\r\n\tbackground:white;\r\n\tmso-pattern:black none;\r\n\twhite-space:normal;}\r\n-->\r\n<\/style>\r\n<\/head>\r\n\r\n<body>\r\n<!--[if !excel]>&nbsp;&nbsp;<![endif]-->\r\n<!--La siguiente informaci\u00f3n se gener\u00f3 mediante el Asistente para publicar como\r\np\u00e1gina web de Microsoft Excel.-->\r\n<!--Si se vuelve a publicar el mismo elemento desde Excel, se reemplazar\u00e1 toda\r\nla informaci\u00f3n comprendida entre las etiquetas DIV.-->\r\n<!----------------------------->\r\n<!--INICIO DE LOS RESULTADOS DEL ASISTENTE PARA PUBLICAR COMO P\u00c1GINA WEB DE\r\nEXCEL -->\r\n<!----------------------------->\r\n\r\n<div id=\"Formato FRACCI\u00d3N XIX_30062\" align=center x:publishsource=\"Excel\">\r\n\r\n<table border=0 cellpadding=0 cellspacing=0 width=7902 style='border-collapse:\r\n collapse;table-layout:fixed;width:5930pt'>\r\n <col width=117 style='mso-width-source:userset;mso-width-alt:4278;width:88pt'>\r\n <col width=236 style='mso-width-source:userset;mso-width-alt:8630;width:177pt'>\r\n <col width=504 style='mso-width-source:userset;mso-width-alt:18432;width:378pt'>\r\n <col width=356 style='mso-width-source:userset;mso-width-alt:13019;width:267pt'>\r\n <col width=132 style='mso-width-source:userset;mso-width-alt:4827;width:99pt'>\r\n <col width=438 style='mso-width-source:userset;mso-width-alt:16018;width:329pt'>\r\n <col width=338 style='mso-width-source:userset;mso-width-alt:12361;width:254pt'>\r\n <col width=688 style='mso-width-source:userset;mso-width-alt:25161;width:516pt'>\r\n <col width=215 style='mso-width-source:userset;mso-width-alt:7862;width:161pt'>\r\n <col width=361 style='mso-width-source:userset;mso-width-alt:13202;width:271pt'>\r\n <col width=332 style='mso-width-source:userset;mso-width-alt:12141;width:249pt'>\r\n <col width=258 style='mso-width-source:userset;mso-width-alt:9435;width:194pt'>\r\n <col width=361 style='mso-width-source:userset;mso-width-alt:13202;width:271pt'>\r\n <col width=278 style='mso-width-source:userset;mso-width-alt:10166;width:209pt'>\r\n <col width=342 style='mso-width-source:userset;mso-width-alt:12507;width:257pt'>\r\n <col width=361 style='mso-width-source:userset;mso-width-alt:13202;width:271pt'>\r\n <col width=723 style='mso-width-source:userset;mso-width-alt:26441;width:542pt'>\r\n <col width=707 style='mso-width-source:userset;mso-width-alt:25856;width:530pt'>\r\n <col width=156 style='mso-width-source:userset;mso-width-alt:5705;width:117pt'>\r\n <col width=247 style='mso-width-source:userset;mso-width-alt:9033;width:185pt'>\r\n <col width=50 style='mso-width-source:userset;mso-width-alt:1828;width:38pt'>\r\n <col width=170 style='mso-width-source:userset;mso-width-alt:6217;width:128pt'>\r\n <col width=532 style='mso-width-source:userset;mso-width-alt:19456;width:399pt'>\r\n <tr height=0 style='display:none'>\r\n  <td class=xl1530062 width=117 style='width:88pt'>35918<\/td>\r\n  <td class=xl1530062 width=236 style='width:177pt'><\/td>\r\n  <td class=xl1530062 width=504 style='width:378pt'><\/td>\r\n  <td class=xl1530062 width=356 style='width:267pt'><\/td>\r\n  <td class=xl1530062 width=132 style='width:99pt'><\/td>\r\n  <td class=xl1530062 width=438 style='width:329pt'><\/td>\r\n  <td class=xl1530062 width=338 style='width:254pt'><\/td>\r\n  <td class=xl1530062 width=688 style='width:516pt'><\/td>\r\n  <td class=xl1530062 width=215 style='width:161pt'><\/td>\r\n  <td class=xl1530062 width=361 style='width:271pt'><\/td>\r\n  <td class=xl1530062 width=332 style='width:249pt'><\/td>\r\n  <td class=xl1530062 width=258 style='width:194pt'><\/td>\r\n  <td class=xl1530062 width=361 style='width:271pt'><\/td>\r\n  <td class=xl1530062 width=278 style='width:209pt'><\/td>\r\n  <td class=xl1530062 width=342 style='width:257pt'><\/td>\r\n  <td class=xl1530062 width=361 style='width:271pt'><\/td>\r\n  <td class=xl1530062 width=723 style='width:542pt'><\/td>\r\n  <td class=xl1530062 width=707 style='width:530pt'><\/td>\r\n  <td class=xl1530062 width=156 style='width:117pt'><\/td>\r\n  <td class=xl1530062 width=247 style='width:185pt'><\/td>\r\n  <td class=xl1530062 width=50 style='width:38pt'><\/td>\r\n  <td class=xl1530062 width=170 style='width:128pt'><\/td>\r\n  <td class=xl1530062 width=532 style='width:399pt'><\/td>\r\n <\/tr>\r\n <tr height=20 style='height:15.0pt'>\r\n  <td height=20 class=xl6530062 style='height:15.0pt'>TITULO<\/td>\r\n  <td class=xl6530062 style='border-left:none'>NOMBRE CORTO<\/td>\r\n  <td class=xl6530062 style='border-left:none'>DESCRIPCION<\/td>\r\n  <td class=xl1530062><\/td>\r\n  <td class=xl1530062><\/td>\r\n  <td class=xl1530062><\/td>\r\n  <td class=xl1530062><\/td>\r\n  <td class=xl1530062><\/td>\r\n  <td class=xl1530062><\/td>\r\n  <td class=xl1530062><\/td>\r\n  <td class=xl1530062><\/td>\r\n  <td class=xl1530062><\/td>\r\n  <td class=xl1530062><\/td>\r\n  <td class=xl1530062><\/td>\r\n  <td class=xl1530062><\/td>\r\n  <td class=xl1530062><\/td>\r\n  <td class=xl1530062><\/td>\r\n  <td class=xl1530062><\/td>\r\n  <td class=xl1530062><\/td>\r\n  <td class=xl1530062><\/td>\r\n  <td class=xl1530062><\/td>\r\n  <td class=xl1530062><\/td>\r\n  <td class=xl1530062><\/td>\r\n <\/tr>\r\n <tr height=17 style='height:12.75pt'>\r\n  <td height=17 class=xl6630062 style='height:12.75pt;border-top:none'>FRACCI\u00d3N\r\n  XIX<\/td>\r\n  <td class=xl6630062 style='border-top:none;border-left:none'>LTAIPEH69FXIX<\/td>\r\n  <td class=xl6630062 style='border-top:none;border-left:none'>Los servicios\r\n  que ofrecen se\u00f1alando los requisitos para acceder a ellos;<\/td>\r\n  <td class=xl1530062><\/td>\r\n  <td class=xl1530062><\/td>\r\n  <td class=xl1530062><\/td>\r\n  <td class=xl1530062><\/td>\r\n  <td class=xl1530062><\/td>\r\n  <td class=xl1530062><\/td>\r\n  <td class=xl1530062><\/td>\r\n  <td class=xl1530062><\/td>\r\n  <td class=xl1530062><\/td>\r\n  <td class=xl1530062><\/td>\r\n  <td class=xl1530062><\/td>\r\n  <td class=xl1530062><\/td>\r\n  <td class=xl1530062><\/td>\r\n  <td class=xl1530062><\/td>\r\n  <td class=xl1530062><\/td>\r\n  <td class=xl1530062><\/td>\r\n  <td class=xl1530062><\/td>\r\n  <td class=xl1530062><\/td>\r\n  <td class=xl1530062><\/td>\r\n  <td class=xl1530062><\/td>\r\n <\/tr>\r\n <tr height=0 style='display:none'>\r\n  <td class=xl1530062>1<\/td>\r\n  <td class=xl1530062>2<\/td>\r\n  <td class=xl1530062>2<\/td>\r\n  <td class=xl1530062>2<\/td>\r\n  <td class=xl1530062>9<\/td>\r\n  <td class=xl1530062>2<\/td>\r\n  <td class=xl1530062>2<\/td>\r\n  <td class=xl1530062>7<\/td>\r\n  <td class=xl1530062>1<\/td>\r\n  <td class=xl1530062>10<\/td>\r\n  <td class=xl1530062>1<\/td>\r\n  <td class=xl1530062>2<\/td>\r\n  <td class=xl1530062>10<\/td>\r\n  <td class=xl1530062>2<\/td>\r\n  <td class=xl1530062>2<\/td>\r\n  <td class=xl1530062>10<\/td>\r\n  <td class=xl1530062>7<\/td>\r\n  <td class=xl1530062>7<\/td>\r\n  <td class=xl1530062>4<\/td>\r\n  <td class=xl1530062>1<\/td>\r\n  <td class=xl1530062>12<\/td>\r\n  <td class=xl1530062>13<\/td>\r\n  <td class=xl1530062>14<\/td>\r\n <\/tr>\r\n <tr height=0 style='display:none'>\r\n  <td class=xl1530062>235490<\/td>\r\n  <td class=xl1530062>235493<\/td>\r\n  <td class=xl1530062>235492<\/td>\r\n  <td class=xl1530062>235495<\/td>\r\n  <td class=xl1530062>235504<\/td>\r\n  <td class=xl1530062>235496<\/td>\r\n  <td class=xl1530062>235497<\/td>\r\n  <td class=xl1530062>235503<\/td>\r\n  <td class=xl1530062>235488<\/td>\r\n  <td class=xl1530062>235505<\/td>\r\n  <td class=xl1530062>235489<\/td>\r\n  <td class=xl1530062>235498<\/td>\r\n  <td class=xl1530062>235506<\/td>\r\n  <td class=xl1530062>235494<\/td>\r\n  <td class=xl1530062>235499<\/td>\r\n  <td class=xl1530062>235507<\/td>\r\n  <td class=xl1530062>235502<\/td>\r\n  <td class=xl1530062>235501<\/td>\r\n  <td class=xl1530062>235500<\/td>\r\n  <td class=xl1530062>235491<\/td>\r\n  <td class=xl1530062>235508<\/td>\r\n  <td class=xl1530062>235509<\/td>\r\n  <td class=xl1530062>235510<\/td>\r\n <\/tr>\r\n <tr height=20 style='height:15.0pt'>\r\n  <td colspan=23 height=20 class=xl6530062 style='height:15.0pt'>Tabla Campos<\/td>\r\n <\/tr>\r\n <tr height=17 style='height:12.75pt'>\r\n  <td height=17 class=xl6730062 style='height:12.75pt'>Acto administrativo<\/td>\r\n  <td class=xl6730062 style='border-left:none'>Denominaci\u00f3n del servicio<\/td>\r\n  <td class=xl6730062 style='border-left:none'>Tipo de usuario y\/o poblaci\u00f3n\r\n  objetivo<\/td>\r\n  <td class=xl6730062 style='border-left:none'>Descripci\u00f3n de los beneficios\r\n  para el usuario<\/td>\r\n  <td class=xl6730062 style='border-left:none'>Modalidad del servicio<\/td>\r\n  <td class=xl6730062 style='border-left:none'>Requisitos para contar con el\r\n  servicio<\/td>\r\n  <td class=xl6730062 style='border-left:none'>Documentos requeridos<\/td>\r\n  <td class=xl6730062 style='border-left:none'>Hiperv\u00ednculo a los formatos\r\n  respectivos<\/td>\r\n  <td class=xl6730062 style='border-left:none'>Tiempo de respuesta<\/td>\r\n  <td class=xl6730062 style='border-left:none'>\u00c1rea que proporciona el servicio<\/td>\r\n  <td class=xl6730062 style='border-left:none'>Costo, en su caso especificar\r\n  que es gratuito<\/td>\r\n  <td class=xl6730062 style='border-left:none'>Sustento legal para su cobro<\/td>\r\n  <td class=xl6730062 style='border-left:none'>Lugares donde se efect\u00faa el pago<\/td>\r\n  <td class=xl6730062 style='border-left:none'>Fundamento\r\n  jur\u00eddico-administrativo del servicio<\/td>\r\n  <td class=xl6730062 style='border-left:none'>Derechos del usuario ante la\r\n  negativa o la falta<\/td>\r\n  <td class=xl6730062 style='border-left:none'>Lugar para reportar presuntas\r\n  anomalias<\/td>\r\n  <td class=xl6730062 style='border-left:none'>Hiperv\u00ednculo informaci\u00f3n\r\n  adicional del servicio<\/td>\r\n  <td class=xl6730062 style='border-left:none'>Hiperv\u00ednculo al cat\u00e1logo, manual\r\n  o sistemas<span style='mso-spacerun:yes'>\u00a0<\/span><\/td>\r\n  <td class=xl6730062 style='border-left:none'>Fecha de validaci\u00f3n<\/td>\r\n  <td class=xl6730062 style='border-left:none'>\u00c1rea responsable de la\r\n  informaci\u00f3n<\/td>\r\n  <td class=xl6730062 style='border-left:none'>A\u00f1o<\/td>\r\n  <td class=xl6730062 style='border-left:none'>Fecha de actualizaci\u00f3n<\/td>\r\n  <td class=xl6730062 style='border-left:none'>Nota<\/td>\r\n <\/tr>\r\n <tr height=34 style='height:25.5pt'>\r\n  <td height=34 class=xl6830062 width=117 style='height:25.5pt;width:88pt'>Orientacion<\/td>\r\n  <td class=xl6930062 style='border-left:none'><span\r\n  style='mso-spacerun:yes'>\u00a0<\/span>Orientacion de Proyectos Productivos<\/td>\r\n  <td class=xl6930062 style='border-left:none'>A la poblacion solicitante de\r\n  proyectos productivos<span style='mso-spacerun:yes'>\u00a0<\/span><\/td>\r\n  <td class=xl6930062 style='border-left:none'>Obtener<span\r\n  style='mso-spacerun:yes'>\u00a0 <\/span>un proyecto productivo<\/td>\r\n  <td class=xl6930062 style='border-left:none'>presencial<span\r\n  style='mso-spacerun:yes'>\u00a0<\/span><\/td>\r\n  <td class=xl6930062 style='border-left:none'>Asistir al area de Desarrollo\r\n  Agropecuario a solicitar el servicio<\/td>\r\n  <td class=xl6930062 style='border-left:none'>INE,Curp,RFC,Comprobante de\r\n  domicilio,Formato 32d<\/td>\r\n  <td class=xl7030062 style='border-left:none'><a\r\n  href=\"https:\/\/www.apan.gob.mx\/descargables\/transparencia\/articulo69\/fraccion19\/2017_2\/agricultura\/FrXIXa1_1.pdf\">https:\/\/www.apan.gob.mx\/descargables\/transparencia\/articulo69\/fraccion19\/2017_2\/agricultura\/FrXIXa1_1.pdf<\/a><\/td>\r\n  <td class=xl6930062 style='border-left:none'>Ocho meses a un a\u00f1o<\/td>\r\n  <td class=xl6930062 align=right style='border-left:none'>1<\/td>\r\n  <td class=xl6930062 style='border-left:none'>Gratuito<\/td>\r\n  <td class=xl6930062 style='border-left:none'>Reglas de operaci\u00f3n SAGARPA<\/td>\r\n  <td class=xl6930062 align=right style='border-left:none'>1<\/td>\r\n  <td class=xl6930062 style='border-left:none'>Reglas de operaci\u00f3n SAGARPA<\/td>\r\n  <td class=xl6930062 style='border-left:none'>Verificacion del proyecto y\r\n  Sondeo del mismo<\/td>\r\n  <td class=xl6930062 align=right style='border-left:none'>1<\/td>\r\n  <td class=xl7030062 style='border-left:none'><a\r\n  href=\"https:\/\/www.apan.gob.mx\/descargables\/transparencia\/articulo69\/fraccion19\/2017_2\/agricultura\/FrXIXa1_2.pdf\">https:\/\/www.apan.gob.mx\/descargables\/transparencia\/articulo69\/fraccion19\/2017_2\/agricultura\/FrXIXa1_2.pdf<\/a><\/td>\r\n  <td class=xl7030062 style='border-left:none'><a\r\n  href=\"https:\/\/www.apan.gob.mx\/descargables\/transparencia\/articulo69\/fraccion19\/2017_2\/agricultura\/FrXIXa1_3.pdf\">https:\/\/www.apan.gob.mx\/descargables\/transparencia\/articulo69\/fraccion19\/2017_2\/agricultura\/FrXIXa1_3.pdf<\/a><\/td>\r\n  <td class=xl7130062 align=right style='border-left:none'>26\/06\/2017<\/td>\r\n  <td class=xl6930062 style='border-left:none'>Desarrollo Agropecuario<\/td>\r\n  <td class=xl6930062 align=right style='border-left:none'>2017<\/td>\r\n  <td class=xl7130062 align=right style='border-left:none'>01\/04\/2017<\/td>\r\n  <td class=xl7230062 width=532 style='border-left:none;width:399pt'>La\r\n  direccion de desarrollo agropecuario solo orienta y gestiona proyectos los\r\n  costos dependen de cada componente<span style='mso-spacerun:yes'>\u00a0 <\/span>y\r\n  programa contenido en las reglas de operaci\u00f3n<span\r\n  style='mso-spacerun:yes'>\u00a0<\/span><\/td>\r\n <\/tr>\r\n <![if supportMisalignedColumns]>\r\n <tr height=0 style='display:none'>\r\n  <td width=117 style='width:88pt'><\/td>\r\n  <td width=236 style='width:177pt'><\/td>\r\n  <td width=504 style='width:378pt'><\/td>\r\n  <td width=356 style='width:267pt'><\/td>\r\n  <td width=132 style='width:99pt'><\/td>\r\n  <td width=438 style='width:329pt'><\/td>\r\n  <td width=338 style='width:254pt'><\/td>\r\n  <td width=688 style='width:516pt'><\/td>\r\n  <td width=215 style='width:161pt'><\/td>\r\n  <td width=361 style='width:271pt'><\/td>\r\n  <td width=332 style='width:249pt'><\/td>\r\n  <td width=258 style='width:194pt'><\/td>\r\n  <td width=361 style='width:271pt'><\/td>\r\n  <td width=278 style='width:209pt'><\/td>\r\n  <td width=342 style='width:257pt'><\/td>\r\n  <td width=361 style='width:271pt'><\/td>\r\n  <td width=723 style='width:542pt'><\/td>\r\n  <td width=707 style='width:530pt'><\/td>\r\n  <td width=156 style='width:117pt'><\/td>\r\n  <td width=247 style='width:185pt'><\/td>\r\n  <td width=50 style='width:38pt'><\/td>\r\n  <td width=170 style='width:128pt'><\/td>\r\n  <td width=532 style='width:399pt'><\/td>\r\n <\/tr>\r\n <![endif]>\r\n<\/table>\r\n\r\n<\/div>\r\n\r\n\t\t<\/div>\n\t\t\t\t<\/div>\n\t\t\t\t<div class=\"elementor-element elementor-element-ujygyot elementor-widget elementor-widget-button\" data-id=\"ujygyot\" data-element_type=\"widget\" data-widget_type=\"button.default\">\n\t\t\t\t<div class=\"elementor-widget-container\">\n\t\t\t\t\t<div class=\"elementor-button-wrapper\">\n\t\t\t<a href=\"https:\/\/www.apan.gob.mx\/descargables\/transparencia\/articulo69\/fraccion19\/2017_2\/agricultura\/FormatoFRACCIONXIX.xls\" class=\"elementor-button-link elementor-button elementor-size-sm\" role=\"button\">\n\t\t\t\t\t\t<span class=\"elementor-button-content-wrapper\">\n\t\t\t\t\t\t<span class=\"elementor-button-text\">Descagar<\/span>\n\t\t<\/span>\n\t\t\t\t\t<\/a>\n\t\t<\/div>\n\t\t\t\t<\/div>\n\t\t\t\t<\/div>\n\t\t\t\t<div class=\"elementor-element elementor-element-ttjtijg elementor-widget elementor-widget-heading\" data-id=\"ttjtijg\" data-element_type=\"widget\" data-widget_type=\"heading.default\">\n\t\t\t\t<div class=\"elementor-widget-container\">\n\t\t\t<h2 class=\"elementor-heading-title elementor-size-small\">Fecha en que se subi\u00f3 la informaci\u00f3n: 14-enero-19<\/h2>\t\t<\/div>\n\t\t\t\t<\/div>\n\t\t\t\t\t\t<\/div>\n\t\t\t\t\t<\/div>\n\t\t<\/div>\n\t\t\t\t\t\t\t\t<\/div>\n\t\t\t\t\t<\/div>\n\t\t<\/section>\n\t\t\t\t\t\t\t\t\t<\/div>\n\t\t\t<\/div>\n\t\t\t\t\t<\/div>\n\t\t","protected":false},"excerpt":{"rendered":"<p>Fracci\u00f3n XlX 35918 TITULO NOMBRE CORTO DESCRIPCION FRACCI\u00d3N XIX LTAIPEH69FXIX Los servicios que ofrecen se\u00f1alando los requisitos para acceder a ellos; 1 2 2 2 9 2 2 7 1 10 1 2 10 2 2 10 7 7 4 1 12 13 14 235490 235493 235492 235495 235504 235496 235497 235503 235488 235505 235489 [&hellip;]<\/p>\n","protected":false},"author":1,"featured_media":0,"parent":0,"menu_order":0,"comment_status":"closed","ping_status":"closed","template":"page-template-full.php","meta":[],"jetpack_sharing_enabled":true,"_links":{"self":[{"href":"https:\/\/apan.gob.mx\/portal\/wp-json\/wp\/v2\/pages\/3940"}],"collection":[{"href":"https:\/\/apan.gob.mx\/portal\/wp-json\/wp\/v2\/pages"}],"about":[{"href":"https:\/\/apan.gob.mx\/portal\/wp-json\/wp\/v2\/types\/page"}],"author":[{"embeddable":true,"href":"https:\/\/apan.gob.mx\/portal\/wp-json\/wp\/v2\/users\/1"}],"replies":[{"embeddable":true,"href":"https:\/\/apan.gob.mx\/portal\/wp-json\/wp\/v2\/comments?post=3940"}],"version-history":[{"count":3,"href":"https:\/\/apan.gob.mx\/portal\/wp-json\/wp\/v2\/pages\/3940\/revisions"}],"predecessor-version":[{"id":3943,"href":"https:\/\/apan.gob.mx\/portal\/wp-json\/wp\/v2\/pages\/3940\/revisions\/3943"}],"wp:attachment":[{"href":"https:\/\/apan.gob.mx\/portal\/wp-json\/wp\/v2\/media?parent=3940"}],"curies":[{"name":"wp","href":"https:\/\/api.w.org\/{rel}","templated":true}]}}