{"id":3962,"date":"2019-01-14T17:33:33","date_gmt":"2019-01-14T17:33:33","guid":{"rendered":"https:\/\/apan.gob.mx\/portal\/?page_id=3962"},"modified":"2019-01-16T17:47:49","modified_gmt":"2019-01-16T17:47:49","slug":"agricultura_19_2017_3","status":"publish","type":"page","link":"https:\/\/apan.gob.mx\/portal\/agricultura_19_2017_3\/","title":{"rendered":"<!--agricultura_19_2017_3-->"},"content":{"rendered":"\t\t<div data-elementor-type=\"wp-page\" data-elementor-id=\"3962\" class=\"elementor elementor-3962 elementor-bc-flex-widget\">\n\t\t\t\t\t\t<section class=\"has_ae_slider elementor-section elementor-top-section elementor-element elementor-element-qblkhie elementor-section-boxed elementor-section-height-default elementor-section-height-default ae-bg-gallery-type-default\" data-id=\"qblkhie\" data-element_type=\"section\" data-e-type=\"section\">\n\t\t\t\t\t\t<div class=\"elementor-container elementor-column-gap-default\">\n\t\t\t\t\t<div class=\"has_ae_slider elementor-column elementor-col-100 elementor-top-column elementor-element elementor-element-evnssgw ae-bg-gallery-type-default\" data-id=\"evnssgw\" data-element_type=\"column\" data-e-type=\"column\">\n\t\t\t<div class=\"elementor-widget-wrap elementor-element-populated\">\n\t\t\t\t\t\t<div class=\"elementor-element elementor-element-ortyobz elementor-widget elementor-widget-heading\" data-id=\"ortyobz\" data-element_type=\"widget\" data-e-type=\"widget\" data-widget_type=\"heading.default\">\n\t\t\t\t<div class=\"elementor-widget-container\">\n\t\t\t\t\t<h2 class=\"elementor-heading-title elementor-size-medium\">Fracci\u00f3n XlX<\/h2>\t\t\t\t<\/div>\n\t\t\t\t<\/div>\n\t\t\t\t<div class=\"elementor-element elementor-element-ctquunl elementor-widget elementor-widget-html\" data-id=\"ctquunl\" data-element_type=\"widget\" data-e-type=\"widget\" data-widget_type=\"html.default\">\n\t\t\t\t<div class=\"elementor-widget-container\">\n\t\t\t\t\t<style>\r\nv\\:* {behavior:url(#default#VML);}\r\no\\:* {behavior:url(#default#VML);}\r\nx\\:* {behavior:url(#default#VML);}\r\n.shape {behavior:url(#default#VML);}\r\n<\/style>\r\n<![endif]-->\r\n<style id=\"Formato FRACCI\u00d3N XIX_24728_Styles\">\r\n<!--table\r\n\t{mso-displayed-decimal-separator:\"\\.\";\r\n\tmso-displayed-thousand-separator:\"\\,\";}\r\n.xl1524728\r\n\t{padding:0px;\r\n\tmso-ignore:padding;\r\n\tcolor:windowtext;\r\n\tfont-size:10.0pt;\r\n\tfont-weight:400;\r\n\tfont-style:normal;\r\n\ttext-decoration:none;\r\n\tfont-family:Arial;\r\n\tmso-generic-font-family:auto;\r\n\tmso-font-charset:0;\r\n\tmso-number-format:General;\r\n\ttext-align:general;\r\n\tvertical-align:bottom;\r\n\tmso-background-source:auto;\r\n\tmso-pattern:auto;\r\n\twhite-space:nowrap;}\r\n.xl6524728\r\n\t{padding:0px;\r\n\tmso-ignore:padding;\r\n\tcolor:white;\r\n\tfont-size:11.0pt;\r\n\tfont-weight:700;\r\n\tfont-style:normal;\r\n\ttext-decoration:none;\r\n\tfont-family:Arial;\r\n\tmso-generic-font-family:auto;\r\n\tmso-font-charset:0;\r\n\tmso-number-format:General;\r\n\ttext-align:center;\r\n\tvertical-align:bottom;\r\n\tborder:.5pt solid black;\r\n\tbackground:#333333;\r\n\tmso-pattern:black none;\r\n\twhite-space:nowrap;}\r\n.xl6624728\r\n\t{padding:0px;\r\n\tmso-ignore:padding;\r\n\tcolor:black;\r\n\tfont-size:10.0pt;\r\n\tfont-weight:400;\r\n\tfont-style:normal;\r\n\ttext-decoration:none;\r\n\tfont-family:Arial;\r\n\tmso-generic-font-family:auto;\r\n\tmso-font-charset:0;\r\n\tmso-number-format:General;\r\n\ttext-align:general;\r\n\tvertical-align:bottom;\r\n\tborder:.5pt solid black;\r\n\tbackground:#E1E1E1;\r\n\tmso-pattern:black none;\r\n\twhite-space:nowrap;}\r\n.xl6724728\r\n\t{padding:0px;\r\n\tmso-ignore:padding;\r\n\tcolor:windowtext;\r\n\tfont-size:10.0pt;\r\n\tfont-weight:400;\r\n\tfont-style:normal;\r\n\ttext-decoration:none;\r\n\tfont-family:Arial;\r\n\tmso-generic-font-family:auto;\r\n\tmso-font-charset:0;\r\n\tmso-number-format:General;\r\n\ttext-align:general;\r\n\tvertical-align:bottom;\r\n\tmso-background-source:auto;\r\n\tmso-pattern:auto;\r\n\twhite-space:normal;}\r\n.xl6824728\r\n\t{padding:0px;\r\n\tmso-ignore:padding;\r\n\tcolor:black;\r\n\tfont-size:10.0pt;\r\n\tfont-weight:400;\r\n\tfont-style:normal;\r\n\ttext-decoration:none;\r\n\tfont-family:Arial;\r\n\tmso-generic-font-family:auto;\r\n\tmso-font-charset:0;\r\n\tmso-number-format:General;\r\n\ttext-align:general;\r\n\tvertical-align:bottom;\r\n\tborder-top:.5pt solid black;\r\n\tborder-right:.5pt solid black;\r\n\tborder-bottom:none;\r\n\tborder-left:.5pt solid black;\r\n\tbackground:#E1E1E1;\r\n\tmso-pattern:black none;\r\n\twhite-space:nowrap;}\r\n.xl6924728\r\n\t{padding:0px;\r\n\tmso-ignore:padding;\r\n\tcolor:black;\r\n\tfont-size:10.0pt;\r\n\tfont-weight:400;\r\n\tfont-style:normal;\r\n\ttext-decoration:none;\r\n\tfont-family:Arial;\r\n\tmso-generic-font-family:auto;\r\n\tmso-font-charset:0;\r\n\tmso-number-format:General;\r\n\ttext-align:general;\r\n\tvertical-align:bottom;\r\n\tborder-top:.5pt solid black;\r\n\tborder-right:.5pt solid black;\r\n\tborder-bottom:none;\r\n\tborder-left:.5pt solid black;\r\n\tbackground:#E1E1E1;\r\n\tmso-pattern:black none;\r\n\twhite-space:normal;}\r\n.xl7024728\r\n\t{padding:0px;\r\n\tmso-ignore:padding;\r\n\tcolor:windowtext;\r\n\tfont-size:10.0pt;\r\n\tfont-weight:400;\r\n\tfont-style:normal;\r\n\ttext-decoration:none;\r\n\tfont-family:Arial;\r\n\tmso-generic-font-family:auto;\r\n\tmso-font-charset:0;\r\n\tmso-number-format:General;\r\n\ttext-align:center;\r\n\tvertical-align:middle;\r\n\tborder:.5pt solid windowtext;\r\n\tbackground:white;\r\n\tmso-pattern:black none;\r\n\twhite-space:normal;}\r\n.xl7124728\r\n\t{padding:0px;\r\n\tmso-ignore:padding;\r\n\tcolor:windowtext;\r\n\tfont-size:10.0pt;\r\n\tfont-weight:400;\r\n\tfont-style:normal;\r\n\ttext-decoration:none;\r\n\tfont-family:Arial;\r\n\tmso-generic-font-family:auto;\r\n\tmso-font-charset:0;\r\n\tmso-number-format:General;\r\n\ttext-align:general;\r\n\tvertical-align:bottom;\r\n\tborder:.5pt solid windowtext;\r\n\tbackground:white;\r\n\tmso-pattern:black none;\r\n\twhite-space:nowrap;}\r\n.xl7224728\r\n\t{padding:0px;\r\n\tmso-ignore:padding;\r\n\tcolor:#0563C1;\r\n\tfont-size:10.0pt;\r\n\tfont-weight:400;\r\n\tfont-style:normal;\r\n\ttext-decoration:underline;\r\n\ttext-underline-style:single;\r\n\tfont-family:Arial;\r\n\tmso-generic-font-family:auto;\r\n\tmso-font-charset:0;\r\n\tmso-number-format:General;\r\n\ttext-align:general;\r\n\tvertical-align:bottom;\r\n\tborder:.5pt solid windowtext;\r\n\tbackground:white;\r\n\tmso-pattern:black none;\r\n\twhite-space:nowrap;}\r\n.xl7324728\r\n\t{padding:0px;\r\n\tmso-ignore:padding;\r\n\tcolor:windowtext;\r\n\tfont-size:10.0pt;\r\n\tfont-weight:400;\r\n\tfont-style:normal;\r\n\ttext-decoration:none;\r\n\tfont-family:Arial;\r\n\tmso-generic-font-family:auto;\r\n\tmso-font-charset:0;\r\n\tmso-number-format:\"Short Date\";\r\n\ttext-align:general;\r\n\tvertical-align:bottom;\r\n\tborder:.5pt solid windowtext;\r\n\tbackground:white;\r\n\tmso-pattern:black none;\r\n\twhite-space:nowrap;}\r\n.xl7424728\r\n\t{padding:0px;\r\n\tmso-ignore:padding;\r\n\tcolor:windowtext;\r\n\tfont-size:10.0pt;\r\n\tfont-weight:400;\r\n\tfont-style:normal;\r\n\ttext-decoration:none;\r\n\tfont-family:Arial;\r\n\tmso-generic-font-family:auto;\r\n\tmso-font-charset:0;\r\n\tmso-number-format:General;\r\n\ttext-align:general;\r\n\tvertical-align:bottom;\r\n\tborder:.5pt solid windowtext;\r\n\tbackground:white;\r\n\tmso-pattern:black none;\r\n\twhite-space:normal;}\r\n-->\r\n<\/style>\r\n<\/head>\r\n\r\n<body>\r\n<!--[if !excel]>&nbsp;&nbsp;<![endif]-->\r\n<!--La siguiente informaci\u00f3n se gener\u00f3 mediante el Asistente para publicar como\r\np\u00e1gina web de Microsoft Excel.-->\r\n<!--Si se vuelve a publicar el mismo elemento desde Excel, se reemplazar\u00e1 toda\r\nla informaci\u00f3n comprendida entre las etiquetas DIV.-->\r\n<!----------------------------->\r\n<!--INICIO DE LOS RESULTADOS DEL ASISTENTE PARA PUBLICAR COMO P\u00c1GINA WEB DE\r\nEXCEL -->\r\n<!----------------------------->\r\n\r\n<div id=\"Formato FRACCI\u00d3N XIX_24728\" align=center x:publishsource=\"Excel\">\r\n\r\n<table border=0 cellpadding=0 cellspacing=0 width=8273 style='border-collapse:\r\n collapse;table-layout:fixed;width:6210pt'>\r\n <col width=173 style='mso-width-source:userset;mso-width-alt:6326;width:130pt'>\r\n <col width=278 style='mso-width-source:userset;mso-width-alt:10166;width:209pt'>\r\n <col width=474 style='mso-width-source:userset;mso-width-alt:17334;width:356pt'>\r\n <col width=288 style='mso-width-source:userset;mso-width-alt:10532;width:216pt'>\r\n <col width=157 style='mso-width-source:userset;mso-width-alt:5741;width:118pt'>\r\n <col width=406 style='mso-width-source:userset;mso-width-alt:14848;width:305pt'>\r\n <col width=372 style='mso-width-source:userset;mso-width-alt:13604;width:279pt'>\r\n <col width=677 style='mso-width-source:userset;mso-width-alt:24758;width:508pt'>\r\n <col width=281 style='mso-width-source:userset;mso-width-alt:10276;width:211pt'>\r\n <col width=361 style='mso-width-source:userset;mso-width-alt:13202;width:271pt'>\r\n <col width=341 style='mso-width-source:userset;mso-width-alt:12470;width:256pt'>\r\n <col width=293 style='mso-width-source:userset;mso-width-alt:10715;width:220pt'>\r\n <col width=361 style='mso-width-source:userset;mso-width-alt:13202;width:271pt'>\r\n <col width=278 style='mso-width-source:userset;mso-width-alt:10166;width:209pt'>\r\n <col width=362 style='mso-width-source:userset;mso-width-alt:13238;width:272pt'>\r\n <col width=361 style='mso-width-source:userset;mso-width-alt:13202;width:271pt'>\r\n <col width=765 style='mso-width-source:userset;mso-width-alt:27977;width:574pt'>\r\n <col width=702 style='mso-width-source:userset;mso-width-alt:25673;width:527pt'>\r\n <col width=160 style='mso-width-source:userset;mso-width-alt:5851;width:120pt'>\r\n <col width=295 style='mso-width-source:userset;mso-width-alt:10788;width:221pt'>\r\n <col width=50 style='mso-width-source:userset;mso-width-alt:1828;width:38pt'>\r\n <col width=175 style='mso-width-source:userset;mso-width-alt:6400;width:131pt'>\r\n <col class=xl6724728 width=663 style='mso-width-source:userset;mso-width-alt:\r\n 24246;width:497pt'>\r\n <tr height=0 style='display:none'>\r\n  <td class=xl1524728 width=173 style='width:130pt'>35918<\/td>\r\n  <td class=xl1524728 width=278 style='width:209pt'><\/td>\r\n  <td class=xl1524728 width=474 style='width:356pt'><\/td>\r\n  <td class=xl1524728 width=288 style='width:216pt'><\/td>\r\n  <td class=xl1524728 width=157 style='width:118pt'><\/td>\r\n  <td class=xl1524728 width=406 style='width:305pt'><\/td>\r\n  <td class=xl1524728 width=372 style='width:279pt'><\/td>\r\n  <td class=xl1524728 width=677 style='width:508pt'><\/td>\r\n  <td class=xl1524728 width=281 style='width:211pt'><\/td>\r\n  <td class=xl1524728 width=361 style='width:271pt'><\/td>\r\n  <td class=xl1524728 width=341 style='width:256pt'><\/td>\r\n  <td class=xl1524728 width=293 style='width:220pt'><\/td>\r\n  <td class=xl1524728 width=361 style='width:271pt'><\/td>\r\n  <td class=xl1524728 width=278 style='width:209pt'><\/td>\r\n  <td class=xl1524728 width=362 style='width:272pt'><\/td>\r\n  <td class=xl1524728 width=361 style='width:271pt'><\/td>\r\n  <td class=xl1524728 width=765 style='width:574pt'><\/td>\r\n  <td class=xl1524728 width=702 style='width:527pt'><\/td>\r\n  <td class=xl1524728 width=160 style='width:120pt'><\/td>\r\n  <td class=xl1524728 width=295 style='width:221pt'><\/td>\r\n  <td class=xl1524728 width=50 style='width:38pt'><\/td>\r\n  <td class=xl1524728 width=175 style='width:131pt'><\/td>\r\n  <td class=xl6724728 width=663 style='width:497pt'><\/td>\r\n <\/tr>\r\n <tr height=20 style='height:15.0pt'>\r\n  <td height=20 class=xl6524728 style='height:15.0pt'>TITULO<\/td>\r\n  <td class=xl6524728 style='border-left:none'>NOMBRE CORTO<\/td>\r\n  <td class=xl6524728 style='border-left:none'>DESCRIPCION<\/td>\r\n  <td class=xl1524728><\/td>\r\n  <td class=xl1524728><\/td>\r\n  <td class=xl1524728><\/td>\r\n  <td class=xl1524728><\/td>\r\n  <td class=xl1524728><\/td>\r\n  <td class=xl1524728><\/td>\r\n  <td class=xl1524728><\/td>\r\n  <td class=xl1524728><\/td>\r\n  <td class=xl1524728><\/td>\r\n  <td class=xl1524728><\/td>\r\n  <td class=xl1524728><\/td>\r\n  <td class=xl1524728><\/td>\r\n  <td class=xl1524728><\/td>\r\n  <td class=xl1524728><\/td>\r\n  <td class=xl1524728><\/td>\r\n  <td class=xl1524728><\/td>\r\n  <td class=xl1524728><\/td>\r\n  <td class=xl1524728><\/td>\r\n  <td class=xl1524728><\/td>\r\n  <td class=xl6724728 width=663 style='width:497pt'><\/td>\r\n <\/tr>\r\n <tr height=17 style='height:12.75pt'>\r\n  <td height=17 class=xl6624728 style='height:12.75pt;border-top:none'>FRACCI\u00d3N\r\n  XIX<\/td>\r\n  <td class=xl6624728 style='border-top:none;border-left:none'>LTAIPEH69FXIX<\/td>\r\n  <td class=xl6624728 style='border-top:none;border-left:none'>Los servicios\r\n  que ofrecen se\u00f1alando los requisitos para acceder a ellos;<\/td>\r\n  <td class=xl1524728><\/td>\r\n  <td class=xl1524728><\/td>\r\n  <td class=xl1524728><\/td>\r\n  <td class=xl1524728><\/td>\r\n  <td class=xl1524728><\/td>\r\n  <td class=xl1524728><\/td>\r\n  <td class=xl1524728><\/td>\r\n  <td class=xl1524728><\/td>\r\n  <td class=xl1524728><\/td>\r\n  <td class=xl1524728><\/td>\r\n  <td class=xl1524728><\/td>\r\n  <td class=xl1524728><\/td>\r\n  <td class=xl1524728><\/td>\r\n  <td class=xl1524728><\/td>\r\n  <td class=xl1524728><\/td>\r\n  <td class=xl1524728><\/td>\r\n  <td class=xl1524728><\/td>\r\n  <td class=xl1524728><\/td>\r\n  <td class=xl1524728><\/td>\r\n  <td class=xl6724728 width=663 style='width:497pt'><\/td>\r\n <\/tr>\r\n <tr height=0 style='display:none'>\r\n  <td class=xl1524728>1<\/td>\r\n  <td class=xl1524728>2<\/td>\r\n  <td class=xl1524728>2<\/td>\r\n  <td class=xl1524728>2<\/td>\r\n  <td class=xl1524728>9<\/td>\r\n  <td class=xl1524728>2<\/td>\r\n  <td class=xl1524728>2<\/td>\r\n  <td class=xl1524728>7<\/td>\r\n  <td class=xl1524728>1<\/td>\r\n  <td class=xl1524728>10<\/td>\r\n  <td class=xl1524728>1<\/td>\r\n  <td class=xl1524728>2<\/td>\r\n  <td class=xl1524728>10<\/td>\r\n  <td class=xl1524728>2<\/td>\r\n  <td class=xl1524728>2<\/td>\r\n  <td class=xl1524728>10<\/td>\r\n  <td class=xl1524728>7<\/td>\r\n  <td class=xl1524728>7<\/td>\r\n  <td class=xl1524728>4<\/td>\r\n  <td class=xl1524728>1<\/td>\r\n  <td class=xl1524728>12<\/td>\r\n  <td class=xl1524728>13<\/td>\r\n  <td class=xl6724728 width=663 style='width:497pt'>14<\/td>\r\n <\/tr>\r\n <tr height=0 style='display:none'>\r\n  <td class=xl1524728>235490<\/td>\r\n  <td class=xl1524728>235493<\/td>\r\n  <td class=xl1524728>235492<\/td>\r\n  <td class=xl1524728>235495<\/td>\r\n  <td class=xl1524728>235504<\/td>\r\n  <td class=xl1524728>235496<\/td>\r\n  <td class=xl1524728>235497<\/td>\r\n  <td class=xl1524728>235503<\/td>\r\n  <td class=xl1524728>235488<\/td>\r\n  <td class=xl1524728>235505<\/td>\r\n  <td class=xl1524728>235489<\/td>\r\n  <td class=xl1524728>235498<\/td>\r\n  <td class=xl1524728>235506<\/td>\r\n  <td class=xl1524728>235494<\/td>\r\n  <td class=xl1524728>235499<\/td>\r\n  <td class=xl1524728>235507<\/td>\r\n  <td class=xl1524728>235502<\/td>\r\n  <td class=xl1524728>235501<\/td>\r\n  <td class=xl1524728>235500<\/td>\r\n  <td class=xl1524728>235491<\/td>\r\n  <td class=xl1524728>235508<\/td>\r\n  <td class=xl1524728>235509<\/td>\r\n  <td class=xl6724728 width=663 style='width:497pt'>235510<\/td>\r\n <\/tr>\r\n <tr height=20 style='height:15.0pt'>\r\n  <td colspan=23 height=20 class=xl6524728 style='height:15.0pt'>Tabla Campos<\/td>\r\n <\/tr>\r\n <tr height=17 style='height:12.75pt'>\r\n  <td height=17 class=xl6824728 style='height:12.75pt'>Acto administrativo<\/td>\r\n  <td class=xl6824728 style='border-left:none'>Denominaci\u00f3n del servicio<\/td>\r\n  <td class=xl6824728 style='border-left:none'>Tipo de usuario y\/o poblaci\u00f3n\r\n  objetivo<\/td>\r\n  <td class=xl6824728 style='border-left:none'>Descripci\u00f3n de los beneficios\r\n  para el usuario<\/td>\r\n  <td class=xl6824728 style='border-left:none'>Modalidad del servicio<\/td>\r\n  <td class=xl6824728 style='border-left:none'>Requisitos para contar con el\r\n  servicio<\/td>\r\n  <td class=xl6824728 style='border-left:none'>Documentos requeridos<\/td>\r\n  <td class=xl6824728 style='border-left:none'>Hiperv\u00ednculo a los formatos\r\n  respectivos<\/td>\r\n  <td class=xl6824728 style='border-left:none'>Tiempo de respuesta<\/td>\r\n  <td class=xl6824728 style='border-left:none'>\u00c1rea que proporciona el servicio<\/td>\r\n  <td class=xl6824728 style='border-left:none'>Costo, en su caso especificar\r\n  que es gratuito<\/td>\r\n  <td class=xl6824728 style='border-left:none'>Sustento legal para su cobro<\/td>\r\n  <td class=xl6824728 style='border-left:none'>Lugares donde se efect\u00faa el pago<\/td>\r\n  <td class=xl6824728 style='border-left:none'>Fundamento\r\n  jur\u00eddico-administrativo del servicio<\/td>\r\n  <td class=xl6824728 style='border-left:none'>Derechos del usuario ante la\r\n  negativa o la falta<\/td>\r\n  <td class=xl6824728 style='border-left:none'>Lugar para reportar presuntas\r\n  anomalias<\/td>\r\n  <td class=xl6824728 style='border-left:none'>Hiperv\u00ednculo informaci\u00f3n\r\n  adicional del servicio<\/td>\r\n  <td class=xl6824728 style='border-left:none'>Hiperv\u00ednculo al cat\u00e1logo, manual\r\n  o sistemas<span style='mso-spacerun:yes'>\u00a0<\/span><\/td>\r\n  <td class=xl6824728 style='border-left:none'>Fecha de validaci\u00f3n<\/td>\r\n  <td class=xl6824728 style='border-left:none'>\u00c1rea responsable de la\r\n  informaci\u00f3n<\/td>\r\n  <td class=xl6824728 style='border-left:none'>A\u00f1o<\/td>\r\n  <td class=xl6824728 style='border-left:none'>Fecha de actualizaci\u00f3n<\/td>\r\n  <td class=xl6924728 width=663 style='border-left:none;width:497pt'>Nota<\/td>\r\n <\/tr>\r\n <tr height=34 style='height:25.5pt'>\r\n  <td height=34 class=xl7024728 width=173 style='height:25.5pt;width:130pt'>Orientacion<\/td>\r\n  <td class=xl7124728 style='border-left:none'><span\r\n  style='mso-spacerun:yes'>\u00a0<\/span>Orientacion de Proyectos Productivos<\/td>\r\n  <td class=xl7124728 style='border-left:none'>A la poblacion solicitante de\r\n  proyectos productivos<span style='mso-spacerun:yes'>\u00a0<\/span><\/td>\r\n  <td class=xl7124728 style='border-left:none'>Obtener<span\r\n  style='mso-spacerun:yes'>\u00a0 <\/span>un proyecto productivo<\/td>\r\n  <td class=xl7124728 style='border-left:none'>presencial<span\r\n  style='mso-spacerun:yes'>\u00a0<\/span><\/td>\r\n  <td class=xl7124728 style='border-left:none'>Asistir al area de Desarrollo\r\n  Agropecuario a solicitar el servicio<\/td>\r\n  <td class=xl7124728 style='border-left:none'>INE,Curp,RFC,Comprobante de\r\n  domicilio,Formato 32d<\/td>\r\n  <td class=xl7224728 style='border-left:none'><a\r\n  href=\"https:\/\/www.apan.gob.mx\/descargables\/transparencia\/articulo69\/fraccion19\/2017_3\/agricultura\/FrXIXa1_1.pdf\">https:\/\/www.apan.gob.mx\/descargables\/transparencia\/articulo69\/fraccion19\/2017_3\/agricultura\/FrXIXa1_1.pdf<\/a><\/td>\r\n  <td class=xl7124728 style='border-left:none'>Ocho meses a un a\u00f1o<\/td>\r\n  <td class=xl7124728 align=right style='border-left:none'>1<\/td>\r\n  <td class=xl7124728 style='border-left:none'>Gratuito<\/td>\r\n  <td class=xl7124728 style='border-left:none'>Reglas de operaci\u00f3n SAGARPA<\/td>\r\n  <td class=xl7124728 align=right style='border-left:none'>1<\/td>\r\n  <td class=xl7124728 style='border-left:none'>Reglas de operaci\u00f3n SAGARPA<\/td>\r\n  <td class=xl7124728 style='border-left:none'>Verificacion del proyecto y\r\n  Sondeo del mismo<\/td>\r\n  <td class=xl7124728 align=right style='border-left:none'>1<\/td>\r\n  <td class=xl7224728 style='border-left:none'><a\r\n  href=\"https:\/\/www.apan.gob.mx\/descargables\/transparencia\/articulo69\/fraccion19\/2017_3\/agricultura\/FrXIXa1_2.pdf\">https:\/\/www.apan.gob.mx\/descargables\/transparencia\/articulo69\/fraccion19\/2017_3\/agricultura\/FrXIXa1_2.pdf<\/a><\/td>\r\n  <td class=xl7224728 style='border-left:none'><a\r\n  href=\"https:\/\/www.apan.gob.mx\/descargables\/transparencia\/articulo69\/fraccion19\/2017_3\/agricultura\/FrXIXa1_3.pdf\">https:\/\/www.apan.gob.mx\/descargables\/transparencia\/articulo69\/fraccion19\/2017_3\/agricultura\/FrXIXa1_3.pdf<\/a><\/td>\r\n  <td class=xl7324728 align=right style='border-left:none'>01\/10\/2017<\/td>\r\n  <td class=xl7124728 style='border-left:none'>Desarrollo agropecuario<\/td>\r\n  <td class=xl7124728 align=right style='border-left:none'>2017<\/td>\r\n  <td class=xl7324728 align=right style='border-left:none'>26\/06\/2017<\/td>\r\n  <td class=xl7424728 width=663 style='border-left:none;width:497pt'>La\r\n  direccion de desarrollo agropecuario solo orienta y gestiona proyectos los\r\n  costos dependen de cada componente<span style='mso-spacerun:yes'>\u00a0 <\/span>y\r\n  programa contenido en las reglas de operaci\u00f3n<span\r\n  style='mso-spacerun:yes'>\u00a0<\/span><\/td>\r\n <\/tr>\r\n <![if supportMisalignedColumns]>\r\n <tr height=0 style='display:none'>\r\n  <td width=173 style='width:130pt'><\/td>\r\n  <td width=278 style='width:209pt'><\/td>\r\n  <td width=474 style='width:356pt'><\/td>\r\n  <td width=288 style='width:216pt'><\/td>\r\n  <td width=157 style='width:118pt'><\/td>\r\n  <td width=406 style='width:305pt'><\/td>\r\n  <td width=372 style='width:279pt'><\/td>\r\n  <td width=677 style='width:508pt'><\/td>\r\n  <td width=281 style='width:211pt'><\/td>\r\n  <td width=361 style='width:271pt'><\/td>\r\n  <td width=341 style='width:256pt'><\/td>\r\n  <td width=293 style='width:220pt'><\/td>\r\n  <td width=361 style='width:271pt'><\/td>\r\n  <td width=278 style='width:209pt'><\/td>\r\n  <td width=362 style='width:272pt'><\/td>\r\n  <td width=361 style='width:271pt'><\/td>\r\n  <td width=765 style='width:574pt'><\/td>\r\n  <td width=702 style='width:527pt'><\/td>\r\n  <td width=160 style='width:120pt'><\/td>\r\n  <td width=295 style='width:221pt'><\/td>\r\n  <td width=50 style='width:38pt'><\/td>\r\n  <td width=175 style='width:131pt'><\/td>\r\n  <td width=663 style='width:497pt'><\/td>\r\n <\/tr>\r\n <![endif]>\r\n<\/table>\r\n\r\n<\/div>\r\n\r\n\t\t\t\t<\/div>\n\t\t\t\t<\/div>\n\t\t\t\t<div class=\"elementor-element elementor-element-wuqyzic elementor-widget elementor-widget-button\" data-id=\"wuqyzic\" data-element_type=\"widget\" data-e-type=\"widget\" data-widget_type=\"button.default\">\n\t\t\t\t<div class=\"elementor-widget-container\">\n\t\t\t\t\t\t\t\t\t<div class=\"elementor-button-wrapper\">\n\t\t\t\t\t<a class=\"elementor-button elementor-button-link elementor-size-sm\" href=\"https:\/\/www.apan.gob.mx\/descargables\/transparencia\/articulo69\/fraccion19\/2017_3\/agricultura\/FormatoFRACCIONXIX.xls\">\n\t\t\t\t\t\t<span class=\"elementor-button-content-wrapper\">\n\t\t\t\t\t\t\t\t\t<span class=\"elementor-button-text\">Descargar<\/span>\n\t\t\t\t\t<\/span>\n\t\t\t\t\t<\/a>\n\t\t\t\t<\/div>\n\t\t\t\t\t\t\t\t<\/div>\n\t\t\t\t<\/div>\n\t\t\t\t<div class=\"elementor-element elementor-element-xcuansm elementor-widget elementor-widget-heading\" data-id=\"xcuansm\" data-element_type=\"widget\" data-e-type=\"widget\" data-widget_type=\"heading.default\">\n\t\t\t\t<div class=\"elementor-widget-container\">\n\t\t\t\t\t<h2 class=\"elementor-heading-title elementor-size-small\">Fecha en que se subi\u00f3 la informaci\u00f3n: 14-enero-19<\/h2>\t\t\t\t<\/div>\n\t\t\t\t<\/div>\n\t\t\t\t\t<\/div>\n\t\t<\/div>\n\t\t\t\t\t<\/div>\n\t\t<\/section>\n\t\t\t\t<\/div>\n\t\t","protected":false},"excerpt":{"rendered":"<p>Fracci\u00f3n XlX 35918 TITULO NOMBRE CORTO DESCRIPCION FRACCI\u00d3N XIX LTAIPEH69FXIX Los servicios que ofrecen se\u00f1alando los requisitos para acceder a ellos; 1 2 2 2 9 2 2 7 1 10 1 2 10 2 2 10 7 7 4 1 12 13 14 235490 235493 235492 235495 235504 235496 235497 235503 235488 235505 235489 [&hellip;]<\/p>\n","protected":false},"author":1,"featured_media":0,"parent":0,"menu_order":0,"comment_status":"closed","ping_status":"closed","template":"page-template-full.php","meta":{"footnotes":""},"class_list":["post-3962","page","type-page","status-publish","hentry"],"jetpack_sharing_enabled":true,"_links":{"self":[{"href":"https:\/\/apan.gob.mx\/portal\/wp-json\/wp\/v2\/pages\/3962","targetHints":{"allow":["GET"]}}],"collection":[{"href":"https:\/\/apan.gob.mx\/portal\/wp-json\/wp\/v2\/pages"}],"about":[{"href":"https:\/\/apan.gob.mx\/portal\/wp-json\/wp\/v2\/types\/page"}],"author":[{"embeddable":true,"href":"https:\/\/apan.gob.mx\/portal\/wp-json\/wp\/v2\/users\/1"}],"replies":[{"embeddable":true,"href":"https:\/\/apan.gob.mx\/portal\/wp-json\/wp\/v2\/comments?post=3962"}],"version-history":[{"count":3,"href":"https:\/\/apan.gob.mx\/portal\/wp-json\/wp\/v2\/pages\/3962\/revisions"}],"predecessor-version":[{"id":3967,"href":"https:\/\/apan.gob.mx\/portal\/wp-json\/wp\/v2\/pages\/3962\/revisions\/3967"}],"wp:attachment":[{"href":"https:\/\/apan.gob.mx\/portal\/wp-json\/wp\/v2\/media?parent=3962"}],"curies":[{"name":"wp","href":"https:\/\/api.w.org\/{rel}","templated":true}]}}