{"id":3979,"date":"2019-01-14T18:36:19","date_gmt":"2019-01-14T18:36:19","guid":{"rendered":"https:\/\/apan.gob.mx\/portal\/?page_id=3979"},"modified":"2019-01-16T19:42:41","modified_gmt":"2019-01-16T19:42:41","slug":"agricultura_19_2017_4","status":"publish","type":"page","link":"https:\/\/apan.gob.mx\/portal\/agricultura_19_2017_4\/","title":{"rendered":"<!--agricultura_19_2017_4-->"},"content":{"rendered":"\t\t<div data-elementor-type=\"wp-page\" data-elementor-id=\"3979\" class=\"elementor elementor-3979 elementor-bc-flex-widget\">\n\t\t\t\t\t\t<section class=\"has_ae_slider elementor-section elementor-top-section elementor-element elementor-element-jlxhjlo elementor-section-boxed elementor-section-height-default elementor-section-height-default ae-bg-gallery-type-default\" data-id=\"jlxhjlo\" data-element_type=\"section\" data-e-type=\"section\">\n\t\t\t\t\t\t<div class=\"elementor-container elementor-column-gap-default\">\n\t\t\t\t\t<div class=\"has_ae_slider elementor-column elementor-col-100 elementor-top-column elementor-element elementor-element-qozwmzc ae-bg-gallery-type-default\" data-id=\"qozwmzc\" data-element_type=\"column\" data-e-type=\"column\">\n\t\t\t<div class=\"elementor-widget-wrap elementor-element-populated\">\n\t\t\t\t\t\t<div class=\"elementor-element elementor-element-zbsmnkw elementor-widget elementor-widget-heading\" data-id=\"zbsmnkw\" data-element_type=\"widget\" data-e-type=\"widget\" data-widget_type=\"heading.default\">\n\t\t\t\t<div class=\"elementor-widget-container\">\n\t\t\t\t\t<h2 class=\"elementor-heading-title elementor-size-medium\">Fracci\u00f3n XlX<\/h2>\t\t\t\t<\/div>\n\t\t\t\t<\/div>\n\t\t\t\t<div class=\"elementor-element elementor-element-kbzfafv elementor-widget elementor-widget-html\" data-id=\"kbzfafv\" data-element_type=\"widget\" data-e-type=\"widget\" data-widget_type=\"html.default\">\n\t\t\t\t<div class=\"elementor-widget-container\">\n\t\t\t\t\t<style>\r\nv\\:* {behavior:url(#default#VML);}\r\no\\:* {behavior:url(#default#VML);}\r\nx\\:* {behavior:url(#default#VML);}\r\n.shape {behavior:url(#default#VML);}\r\n<\/style>\r\n<![endif]-->\r\n<style id=\"Formato FRACCI\u00d3N XIX_10776_Styles\">\r\n<!--table\r\n\t{mso-displayed-decimal-separator:\"\\.\";\r\n\tmso-displayed-thousand-separator:\"\\,\";}\r\n.xl1510776\r\n\t{padding:0px;\r\n\tmso-ignore:padding;\r\n\tcolor:windowtext;\r\n\tfont-size:10.0pt;\r\n\tfont-weight:400;\r\n\tfont-style:normal;\r\n\ttext-decoration:none;\r\n\tfont-family:Arial;\r\n\tmso-generic-font-family:auto;\r\n\tmso-font-charset:0;\r\n\tmso-number-format:General;\r\n\ttext-align:general;\r\n\tvertical-align:bottom;\r\n\tmso-background-source:auto;\r\n\tmso-pattern:auto;\r\n\twhite-space:nowrap;}\r\n.xl6410776\r\n\t{padding:0px;\r\n\tmso-ignore:padding;\r\n\tcolor:white;\r\n\tfont-size:11.0pt;\r\n\tfont-weight:700;\r\n\tfont-style:normal;\r\n\ttext-decoration:none;\r\n\tfont-family:Arial;\r\n\tmso-generic-font-family:auto;\r\n\tmso-font-charset:0;\r\n\tmso-number-format:General;\r\n\ttext-align:center;\r\n\tvertical-align:bottom;\r\n\tborder:.5pt solid black;\r\n\tbackground:#333333;\r\n\tmso-pattern:black none;\r\n\twhite-space:nowrap;}\r\n.xl6510776\r\n\t{padding:0px;\r\n\tmso-ignore:padding;\r\n\tcolor:black;\r\n\tfont-size:10.0pt;\r\n\tfont-weight:400;\r\n\tfont-style:normal;\r\n\ttext-decoration:none;\r\n\tfont-family:Arial;\r\n\tmso-generic-font-family:auto;\r\n\tmso-font-charset:0;\r\n\tmso-number-format:General;\r\n\ttext-align:general;\r\n\tvertical-align:bottom;\r\n\tborder:.5pt solid black;\r\n\tbackground:#E1E1E1;\r\n\tmso-pattern:black none;\r\n\twhite-space:nowrap;}\r\n.xl6610776\r\n\t{padding:0px;\r\n\tmso-ignore:padding;\r\n\tcolor:windowtext;\r\n\tfont-size:10.0pt;\r\n\tfont-weight:400;\r\n\tfont-style:normal;\r\n\ttext-decoration:none;\r\n\tfont-family:Arial;\r\n\tmso-generic-font-family:auto;\r\n\tmso-font-charset:0;\r\n\tmso-number-format:General;\r\n\ttext-align:general;\r\n\tvertical-align:bottom;\r\n\tmso-background-source:auto;\r\n\tmso-pattern:auto;\r\n\twhite-space:normal;}\r\n.xl6710776\r\n\t{padding:0px;\r\n\tmso-ignore:padding;\r\n\tcolor:black;\r\n\tfont-size:10.0pt;\r\n\tfont-weight:400;\r\n\tfont-style:normal;\r\n\ttext-decoration:none;\r\n\tfont-family:Arial;\r\n\tmso-generic-font-family:auto;\r\n\tmso-font-charset:0;\r\n\tmso-number-format:General;\r\n\ttext-align:general;\r\n\tvertical-align:bottom;\r\n\tborder-top:.5pt solid black;\r\n\tborder-right:.5pt solid black;\r\n\tborder-bottom:none;\r\n\tborder-left:.5pt solid black;\r\n\tbackground:#E1E1E1;\r\n\tmso-pattern:black none;\r\n\twhite-space:nowrap;}\r\n.xl6810776\r\n\t{padding:0px;\r\n\tmso-ignore:padding;\r\n\tcolor:black;\r\n\tfont-size:10.0pt;\r\n\tfont-weight:400;\r\n\tfont-style:normal;\r\n\ttext-decoration:none;\r\n\tfont-family:Arial;\r\n\tmso-generic-font-family:auto;\r\n\tmso-font-charset:0;\r\n\tmso-number-format:General;\r\n\ttext-align:general;\r\n\tvertical-align:bottom;\r\n\tborder-top:.5pt solid black;\r\n\tborder-right:.5pt solid black;\r\n\tborder-bottom:none;\r\n\tborder-left:.5pt solid black;\r\n\tbackground:#E1E1E1;\r\n\tmso-pattern:black none;\r\n\twhite-space:normal;}\r\n.xl6910776\r\n\t{padding:0px;\r\n\tmso-ignore:padding;\r\n\tcolor:windowtext;\r\n\tfont-size:10.0pt;\r\n\tfont-weight:400;\r\n\tfont-style:normal;\r\n\ttext-decoration:none;\r\n\tfont-family:Arial;\r\n\tmso-generic-font-family:auto;\r\n\tmso-font-charset:0;\r\n\tmso-number-format:General;\r\n\ttext-align:center;\r\n\tvertical-align:middle;\r\n\tborder:.5pt solid windowtext;\r\n\tbackground:white;\r\n\tmso-pattern:black none;\r\n\twhite-space:normal;}\r\n.xl7010776\r\n\t{padding:0px;\r\n\tmso-ignore:padding;\r\n\tcolor:windowtext;\r\n\tfont-size:10.0pt;\r\n\tfont-weight:400;\r\n\tfont-style:normal;\r\n\ttext-decoration:none;\r\n\tfont-family:Arial;\r\n\tmso-generic-font-family:auto;\r\n\tmso-font-charset:0;\r\n\tmso-number-format:General;\r\n\ttext-align:general;\r\n\tvertical-align:bottom;\r\n\tborder:.5pt solid windowtext;\r\n\tbackground:white;\r\n\tmso-pattern:black none;\r\n\twhite-space:nowrap;}\r\n.xl7110776\r\n\t{padding:0px;\r\n\tmso-ignore:padding;\r\n\tcolor:#0563C1;\r\n\tfont-size:10.0pt;\r\n\tfont-weight:400;\r\n\tfont-style:normal;\r\n\ttext-decoration:underline;\r\n\ttext-underline-style:single;\r\n\tfont-family:Arial;\r\n\tmso-generic-font-family:auto;\r\n\tmso-font-charset:0;\r\n\tmso-number-format:General;\r\n\ttext-align:general;\r\n\tvertical-align:bottom;\r\n\tborder:.5pt solid windowtext;\r\n\tbackground:white;\r\n\tmso-pattern:black none;\r\n\twhite-space:nowrap;}\r\n.xl7210776\r\n\t{padding:0px;\r\n\tmso-ignore:padding;\r\n\tcolor:windowtext;\r\n\tfont-size:10.0pt;\r\n\tfont-weight:400;\r\n\tfont-style:normal;\r\n\ttext-decoration:none;\r\n\tfont-family:Arial;\r\n\tmso-generic-font-family:auto;\r\n\tmso-font-charset:0;\r\n\tmso-number-format:\"Short Date\";\r\n\ttext-align:general;\r\n\tvertical-align:bottom;\r\n\tborder:.5pt solid windowtext;\r\n\tbackground:white;\r\n\tmso-pattern:black none;\r\n\twhite-space:nowrap;}\r\n.xl7310776\r\n\t{padding:0px;\r\n\tmso-ignore:padding;\r\n\tcolor:windowtext;\r\n\tfont-size:10.0pt;\r\n\tfont-weight:400;\r\n\tfont-style:normal;\r\n\ttext-decoration:none;\r\n\tfont-family:Arial;\r\n\tmso-generic-font-family:auto;\r\n\tmso-font-charset:0;\r\n\tmso-number-format:General;\r\n\ttext-align:general;\r\n\tvertical-align:bottom;\r\n\tborder:.5pt solid windowtext;\r\n\tbackground:white;\r\n\tmso-pattern:black none;\r\n\twhite-space:normal;}\r\n-->\r\n<\/style>\r\n<\/head>\r\n\r\n<body>\r\n<!--[if !excel]>&nbsp;&nbsp;<![endif]-->\r\n<!--La siguiente informaci\u00f3n se gener\u00f3 mediante el Asistente para publicar como\r\np\u00e1gina web de Microsoft Excel.-->\r\n<!--Si se vuelve a publicar el mismo elemento desde Excel, se reemplazar\u00e1 toda\r\nla informaci\u00f3n comprendida entre las etiquetas DIV.-->\r\n<!----------------------------->\r\n<!--INICIO DE LOS RESULTADOS DEL ASISTENTE PARA PUBLICAR COMO P\u00c1GINA WEB DE\r\nEXCEL -->\r\n<!----------------------------->\r\n\r\n<div id=\"Formato FRACCI\u00d3N XIX_10776\" align=center x:publishsource=\"Excel\">\r\n\r\n<table border=0 cellpadding=0 cellspacing=0 width=8855 style='border-collapse:\r\n collapse;table-layout:fixed;width:6646pt'>\r\n <col width=626 style='mso-width-source:userset;mso-width-alt:22893;width:470pt'>\r\n <col width=312 style='mso-width-source:userset;mso-width-alt:11410;width:234pt'>\r\n <col width=501 style='mso-width-source:userset;mso-width-alt:18322;width:376pt'>\r\n <col width=430 style='mso-width-source:userset;mso-width-alt:15725;width:323pt'>\r\n <col width=190 style='mso-width-source:userset;mso-width-alt:6948;width:143pt'>\r\n <col width=425 style='mso-width-source:userset;mso-width-alt:15542;width:319pt'>\r\n <col width=385 style='mso-width-source:userset;mso-width-alt:14080;width:289pt'>\r\n <col width=750 style='mso-width-source:userset;mso-width-alt:27428;width:563pt'>\r\n <col width=207 style='mso-width-source:userset;mso-width-alt:7570;width:155pt'>\r\n <col width=361 style='mso-width-source:userset;mso-width-alt:13202;width:271pt'>\r\n <col width=363 style='mso-width-source:userset;mso-width-alt:13275;width:272pt'>\r\n <col width=284 style='mso-width-source:userset;mso-width-alt:10386;width:213pt'>\r\n <col width=361 style='mso-width-source:userset;mso-width-alt:13202;width:271pt'>\r\n <col width=348 style='mso-width-source:userset;mso-width-alt:12726;width:261pt'>\r\n <col width=334 style='mso-width-source:userset;mso-width-alt:12214;width:251pt'>\r\n <col width=361 style='mso-width-source:userset;mso-width-alt:13202;width:271pt'>\r\n <col width=758 style='mso-width-source:userset;mso-width-alt:27721;width:569pt'>\r\n <col width=731 style='mso-width-source:userset;mso-width-alt:26733;width:548pt'>\r\n <col width=150 style='mso-width-source:userset;mso-width-alt:5485;width:113pt'>\r\n <col width=239 style='mso-width-source:userset;mso-width-alt:8740;width:179pt'>\r\n <col width=102 style='mso-width-source:userset;mso-width-alt:3730;width:77pt'>\r\n <col width=188 style='mso-width-source:userset;mso-width-alt:6875;width:141pt'>\r\n <col class=xl6610776 width=449 style='mso-width-source:userset;mso-width-alt:\r\n 16420;width:337pt'>\r\n <tr height=0 style='display:none'>\r\n  <td class=xl1510776 width=626 style='width:470pt'>35918<\/td>\r\n  <td class=xl1510776 width=312 style='width:234pt'><\/td>\r\n  <td class=xl1510776 width=501 style='width:376pt'><\/td>\r\n  <td class=xl1510776 width=430 style='width:323pt'><\/td>\r\n  <td class=xl1510776 width=190 style='width:143pt'><\/td>\r\n  <td class=xl1510776 width=425 style='width:319pt'><\/td>\r\n  <td class=xl1510776 width=385 style='width:289pt'><\/td>\r\n  <td class=xl1510776 width=750 style='width:563pt'><\/td>\r\n  <td class=xl1510776 width=207 style='width:155pt'><\/td>\r\n  <td class=xl1510776 width=361 style='width:271pt'><\/td>\r\n  <td class=xl1510776 width=363 style='width:272pt'><\/td>\r\n  <td class=xl1510776 width=284 style='width:213pt'><\/td>\r\n  <td class=xl1510776 width=361 style='width:271pt'><\/td>\r\n  <td class=xl1510776 width=348 style='width:261pt'><\/td>\r\n  <td class=xl1510776 width=334 style='width:251pt'><\/td>\r\n  <td class=xl1510776 width=361 style='width:271pt'><\/td>\r\n  <td class=xl1510776 width=758 style='width:569pt'><\/td>\r\n  <td class=xl1510776 width=731 style='width:548pt'><\/td>\r\n  <td class=xl1510776 width=150 style='width:113pt'><\/td>\r\n  <td class=xl1510776 width=239 style='width:179pt'><\/td>\r\n  <td class=xl1510776 width=102 style='width:77pt'><\/td>\r\n  <td class=xl1510776 width=188 style='width:141pt'><\/td>\r\n  <td class=xl6610776 width=449 style='width:337pt'><\/td>\r\n <\/tr>\r\n <tr height=20 style='height:15.0pt'>\r\n  <td height=20 class=xl6410776 style='height:15.0pt'>TITULO<\/td>\r\n  <td class=xl6410776 style='border-left:none'>NOMBRE CORTO<\/td>\r\n  <td class=xl6410776 style='border-left:none'>DESCRIPCION<\/td>\r\n  <td class=xl1510776><\/td>\r\n  <td class=xl1510776><\/td>\r\n  <td class=xl1510776><\/td>\r\n  <td class=xl1510776><\/td>\r\n  <td class=xl1510776><\/td>\r\n  <td class=xl1510776><\/td>\r\n  <td class=xl1510776><\/td>\r\n  <td class=xl1510776><\/td>\r\n  <td class=xl1510776><\/td>\r\n  <td class=xl1510776><\/td>\r\n  <td class=xl1510776><\/td>\r\n  <td class=xl1510776><\/td>\r\n  <td class=xl1510776><\/td>\r\n  <td class=xl1510776><\/td>\r\n  <td class=xl1510776><\/td>\r\n  <td class=xl1510776><\/td>\r\n  <td class=xl1510776><\/td>\r\n  <td class=xl1510776><\/td>\r\n  <td class=xl1510776><\/td>\r\n  <td class=xl6610776 width=449 style='width:337pt'><\/td>\r\n <\/tr>\r\n <tr height=17 style='height:12.75pt'>\r\n  <td height=17 class=xl6510776 style='height:12.75pt;border-top:none'>FRACCI\u00d3N\r\n  XIX.- Servicios que ofrecen se\u00f1alando los requisitos para acceder a ellos.<\/td>\r\n  <td class=xl6510776 style='border-top:none;border-left:none'>a69_f19<\/td>\r\n  <td class=xl6510776 style='border-top:none;border-left:none'>Los servicios\r\n  que ofrecen se\u00f1alando los requisitos para acceder a ellos;<\/td>\r\n  <td class=xl1510776><\/td>\r\n  <td class=xl1510776><\/td>\r\n  <td class=xl1510776><\/td>\r\n  <td class=xl1510776><\/td>\r\n  <td class=xl1510776><\/td>\r\n  <td class=xl1510776><\/td>\r\n  <td class=xl1510776><\/td>\r\n  <td class=xl1510776><\/td>\r\n  <td class=xl1510776><\/td>\r\n  <td class=xl1510776><\/td>\r\n  <td class=xl1510776><\/td>\r\n  <td class=xl1510776><\/td>\r\n  <td class=xl1510776><\/td>\r\n  <td class=xl1510776><\/td>\r\n  <td class=xl1510776><\/td>\r\n  <td class=xl1510776><\/td>\r\n  <td class=xl1510776><\/td>\r\n  <td class=xl1510776><\/td>\r\n  <td class=xl1510776><\/td>\r\n  <td class=xl6610776 width=449 style='width:337pt'><\/td>\r\n <\/tr>\r\n <tr height=0 style='display:none'>\r\n  <td class=xl1510776>1<\/td>\r\n  <td class=xl1510776>2<\/td>\r\n  <td class=xl1510776>2<\/td>\r\n  <td class=xl1510776>2<\/td>\r\n  <td class=xl1510776>9<\/td>\r\n  <td class=xl1510776>2<\/td>\r\n  <td class=xl1510776>2<\/td>\r\n  <td class=xl1510776>7<\/td>\r\n  <td class=xl1510776>1<\/td>\r\n  <td class=xl1510776>10<\/td>\r\n  <td class=xl1510776>1<\/td>\r\n  <td class=xl1510776>2<\/td>\r\n  <td class=xl1510776>10<\/td>\r\n  <td class=xl1510776>2<\/td>\r\n  <td class=xl1510776>2<\/td>\r\n  <td class=xl1510776>10<\/td>\r\n  <td class=xl1510776>7<\/td>\r\n  <td class=xl1510776>7<\/td>\r\n  <td class=xl1510776>4<\/td>\r\n  <td class=xl1510776>1<\/td>\r\n  <td class=xl1510776>12<\/td>\r\n  <td class=xl1510776>13<\/td>\r\n  <td class=xl6610776 width=449 style='width:337pt'>14<\/td>\r\n <\/tr>\r\n <tr height=0 style='display:none'>\r\n  <td class=xl1510776>235490<\/td>\r\n  <td class=xl1510776>235493<\/td>\r\n  <td class=xl1510776>235492<\/td>\r\n  <td class=xl1510776>235495<\/td>\r\n  <td class=xl1510776>235504<\/td>\r\n  <td class=xl1510776>235496<\/td>\r\n  <td class=xl1510776>235497<\/td>\r\n  <td class=xl1510776>235503<\/td>\r\n  <td class=xl1510776>235488<\/td>\r\n  <td class=xl1510776>235505<\/td>\r\n  <td class=xl1510776>235489<\/td>\r\n  <td class=xl1510776>235498<\/td>\r\n  <td class=xl1510776>235506<\/td>\r\n  <td class=xl1510776>235494<\/td>\r\n  <td class=xl1510776>235499<\/td>\r\n  <td class=xl1510776>235507<\/td>\r\n  <td class=xl1510776>235502<\/td>\r\n  <td class=xl1510776>235501<\/td>\r\n  <td class=xl1510776>235500<\/td>\r\n  <td class=xl1510776>235491<\/td>\r\n  <td class=xl1510776>235508<\/td>\r\n  <td class=xl1510776>235509<\/td>\r\n  <td class=xl6610776 width=449 style='width:337pt'>235510<\/td>\r\n <\/tr>\r\n <tr height=20 style='height:15.0pt'>\r\n  <td colspan=23 height=20 class=xl6410776 style='height:15.0pt'>Tabla Campos<\/td>\r\n <\/tr>\r\n <tr height=17 style='height:12.75pt'>\r\n  <td height=17 class=xl6710776 style='height:12.75pt'>Acto administrativo<\/td>\r\n  <td class=xl6710776 style='border-left:none'>Denominaci\u00f3n del servicio<\/td>\r\n  <td class=xl6710776 style='border-left:none'>Tipo de usuario y\/o poblaci\u00f3n\r\n  objetivo<\/td>\r\n  <td class=xl6710776 style='border-left:none'>Descripci\u00f3n de los beneficios\r\n  para el usuario<\/td>\r\n  <td class=xl6710776 style='border-left:none'>Modalidad del servicio<\/td>\r\n  <td class=xl6710776 style='border-left:none'>Requisitos para contar con el\r\n  servicio<\/td>\r\n  <td class=xl6710776 style='border-left:none'>Documentos requeridos<\/td>\r\n  <td class=xl6710776 style='border-left:none'>Hiperv\u00ednculo a los formatos\r\n  respectivos<\/td>\r\n  <td class=xl6710776 style='border-left:none'>Tiempo de respuesta<\/td>\r\n  <td class=xl6710776 style='border-left:none'>\u00c1rea que proporciona el servicio<\/td>\r\n  <td class=xl6710776 style='border-left:none'>Costo, en su caso especificar\r\n  que es gratuito<\/td>\r\n  <td class=xl6710776 style='border-left:none'>Sustento legal para su cobro<\/td>\r\n  <td class=xl6710776 style='border-left:none'>Lugares donde se efect\u00faa el pago<\/td>\r\n  <td class=xl6710776 style='border-left:none'>Fundamento\r\n  jur\u00eddico-administrativo del servicio<\/td>\r\n  <td class=xl6710776 style='border-left:none'>Derechos del usuario ante la\r\n  negativa o la falta<\/td>\r\n  <td class=xl6710776 style='border-left:none'>Lugar para reportar presuntas\r\n  anomalias<\/td>\r\n  <td class=xl6710776 style='border-left:none'>Hiperv\u00ednculo informaci\u00f3n\r\n  adicional del servicio<\/td>\r\n  <td class=xl6710776 style='border-left:none'>Hiperv\u00ednculo al cat\u00e1logo, manual\r\n  o sistemas<span style='mso-spacerun:yes'>\u00a0<\/span><\/td>\r\n  <td class=xl6710776 style='border-left:none'>Fecha de validaci\u00f3n<\/td>\r\n  <td class=xl6710776 style='border-left:none'>\u00c1rea responsable de la\r\n  informaci\u00f3n<\/td>\r\n  <td class=xl6710776 style='border-left:none'>A\u00f1o<\/td>\r\n  <td class=xl6710776 style='border-left:none'>Fecha de actualizaci\u00f3n<\/td>\r\n  <td class=xl6810776 width=449 style='border-left:none;width:337pt'>Nota<\/td>\r\n <\/tr>\r\n <tr height=51 style='height:38.25pt'>\r\n  <td height=51 class=xl6910776 width=626 style='height:38.25pt;width:470pt'>Orientacion<\/td>\r\n  <td class=xl7010776 style='border-left:none'><span\r\n  style='mso-spacerun:yes'>\u00a0<\/span>Orientacion de Proyectos Productivos<\/td>\r\n  <td class=xl7010776 style='border-left:none'>A la poblacion solicitante de\r\n  proyectos productivos<span style='mso-spacerun:yes'>\u00a0<\/span><\/td>\r\n  <td class=xl7010776 style='border-left:none'>Obtener<span\r\n  style='mso-spacerun:yes'>\u00a0 <\/span>un proyecto productivo<\/td>\r\n  <td class=xl7010776 style='border-left:none'>presencial<span\r\n  style='mso-spacerun:yes'>\u00a0<\/span><\/td>\r\n  <td class=xl7010776 style='border-left:none'>Asistir al area de Desarrollo\r\n  Agropecuario a solicitar el servicio<\/td>\r\n  <td class=xl7010776 style='border-left:none'>INE,Curp,RFC,Comprobante de\r\n  domicilio,Formato 32d<\/td>\r\n  <td class=xl7110776 style='border-left:none'><a\r\n  href=\"https:\/\/www.apan.gob.mx\/descargables\/transparencia\/articulo69\/fraccion19\/2017_4\/agricultura\/FrXIXa1_1.pdf\">https:\/\/www.apan.gob.mx\/descargables\/transparencia\/articulo69\/fraccion19\/2017_4\/agricultura\/FrXIXa1_1.pdf<\/a><\/td>\r\n  <td class=xl7010776 style='border-left:none'>Ocho meses a un a\u00f1o<\/td>\r\n  <td class=xl7010776 align=right style='border-left:none'>1<\/td>\r\n  <td class=xl7010776 style='border-left:none'>Gratuito<\/td>\r\n  <td class=xl7010776 style='border-left:none'>Reglas de operaci\u00f3n SAGARPA<\/td>\r\n  <td class=xl7010776 align=right style='border-left:none'>1<\/td>\r\n  <td class=xl7010776 style='border-left:none'>Reglas de operaci\u00f3n SAGARPA<\/td>\r\n  <td class=xl7010776 style='border-left:none'>Verificacion del proyecto y\r\n  Sondeo del mismo<\/td>\r\n  <td class=xl7010776 align=right style='border-left:none'>1<\/td>\r\n  <td class=xl7110776 style='border-left:none'><a\r\n  href=\"https:\/\/www.apan.gob.mx\/descargables\/transparencia\/articulo69\/fraccion19\/2017_4\/agricultura\/FrXIXa1_2.pdf\">https:\/\/www.apan.gob.mx\/descargables\/transparencia\/articulo69\/fraccion19\/2017_4\/agricultura\/FrXIXa1_2.pdf<\/a><\/td>\r\n  <td class=xl7110776 style='border-left:none'><a\r\n  href=\"https:\/\/www.apan.gob.mx\/descargables\/transparencia\/articulo69\/fraccion19\/2017_4\/agricultura\/FrXIXa1_3.pdf\">https:\/\/www.apan.gob.mx\/descargables\/transparencia\/articulo69\/fraccion19\/2017_4\/agricultura\/FrXIXa1_3.pdf<\/a><\/td>\r\n  <td class=xl7210776 align=right style='border-left:none'>14\/12\/2017<\/td>\r\n  <td class=xl7010776 style='border-left:none'>Desarrollo Agropecurio<\/td>\r\n  <td class=xl7010776 align=right style='border-left:none'>2017<\/td>\r\n  <td class=xl7210776 align=right style='border-left:none'>14\/12\/2017<\/td>\r\n  <td class=xl7310776 width=449 style='border-left:none;width:337pt'>La\r\n  direccion de desarrollo agropecuario solo orienta y gestiona proyectos los\r\n  costos dependen de cada componente<span style='mso-spacerun:yes'>\u00a0 <\/span>y\r\n  programa contenido en las reglas de operaci\u00f3n<span\r\n  style='mso-spacerun:yes'>\u00a0<\/span><\/td>\r\n <\/tr>\r\n <![if supportMisalignedColumns]>\r\n <tr height=0 style='display:none'>\r\n  <td width=626 style='width:470pt'><\/td>\r\n  <td width=312 style='width:234pt'><\/td>\r\n  <td width=501 style='width:376pt'><\/td>\r\n  <td width=430 style='width:323pt'><\/td>\r\n  <td width=190 style='width:143pt'><\/td>\r\n  <td width=425 style='width:319pt'><\/td>\r\n  <td width=385 style='width:289pt'><\/td>\r\n  <td width=750 style='width:563pt'><\/td>\r\n  <td width=207 style='width:155pt'><\/td>\r\n  <td width=361 style='width:271pt'><\/td>\r\n  <td width=363 style='width:272pt'><\/td>\r\n  <td width=284 style='width:213pt'><\/td>\r\n  <td width=361 style='width:271pt'><\/td>\r\n  <td width=348 style='width:261pt'><\/td>\r\n  <td width=334 style='width:251pt'><\/td>\r\n  <td width=361 style='width:271pt'><\/td>\r\n  <td width=758 style='width:569pt'><\/td>\r\n  <td width=731 style='width:548pt'><\/td>\r\n  <td width=150 style='width:113pt'><\/td>\r\n  <td width=239 style='width:179pt'><\/td>\r\n  <td width=102 style='width:77pt'><\/td>\r\n  <td width=188 style='width:141pt'><\/td>\r\n  <td width=449 style='width:337pt'><\/td>\r\n <\/tr>\r\n <![endif]>\r\n<\/table>\r\n\r\n<\/div>\r\n\r\n\t\t\t\t<\/div>\n\t\t\t\t<\/div>\n\t\t\t\t<div class=\"elementor-element elementor-element-w3h1bxx elementor-widget elementor-widget-button\" data-id=\"w3h1bxx\" data-element_type=\"widget\" data-e-type=\"widget\" data-widget_type=\"button.default\">\n\t\t\t\t<div class=\"elementor-widget-container\">\n\t\t\t\t\t\t\t\t\t<div class=\"elementor-button-wrapper\">\n\t\t\t\t\t<a class=\"elementor-button elementor-button-link elementor-size-sm\" href=\"https:\/\/www.apan.gob.mx\/descargables\/transparencia\/articulo69\/fraccion19\/2017_4\/agricultura\/FormatoFRACCIONXIX.xls\">\n\t\t\t\t\t\t<span class=\"elementor-button-content-wrapper\">\n\t\t\t\t\t\t\t\t\t<span class=\"elementor-button-text\">Descargar<\/span>\n\t\t\t\t\t<\/span>\n\t\t\t\t\t<\/a>\n\t\t\t\t<\/div>\n\t\t\t\t\t\t\t\t<\/div>\n\t\t\t\t<\/div>\n\t\t\t\t<div class=\"elementor-element elementor-element-wsvskyl elementor-widget elementor-widget-heading\" data-id=\"wsvskyl\" data-element_type=\"widget\" data-e-type=\"widget\" data-widget_type=\"heading.default\">\n\t\t\t\t<div class=\"elementor-widget-container\">\n\t\t\t\t\t<h2 class=\"elementor-heading-title elementor-size-small\">Fecha en que se subi\u00f3 la informaci\u00f3n: 14-enero-19<\/h2>\t\t\t\t<\/div>\n\t\t\t\t<\/div>\n\t\t\t\t\t<\/div>\n\t\t<\/div>\n\t\t\t\t\t<\/div>\n\t\t<\/section>\n\t\t\t\t<\/div>\n\t\t","protected":false},"excerpt":{"rendered":"<p>Fracci\u00f3n XlX 35918 TITULO NOMBRE CORTO DESCRIPCION FRACCI\u00d3N XIX.- Servicios que ofrecen se\u00f1alando los requisitos para acceder a ellos. a69_f19 Los servicios que ofrecen se\u00f1alando los requisitos para acceder a ellos; 1 2 2 2 9 2 2 7 1 10 1 2 10 2 2 10 7 7 4 1 12 13 14 235490 [&hellip;]<\/p>\n","protected":false},"author":1,"featured_media":0,"parent":0,"menu_order":0,"comment_status":"closed","ping_status":"closed","template":"page-template-full.php","meta":{"footnotes":""},"class_list":["post-3979","page","type-page","status-publish","hentry"],"jetpack_sharing_enabled":true,"_links":{"self":[{"href":"https:\/\/apan.gob.mx\/portal\/wp-json\/wp\/v2\/pages\/3979","targetHints":{"allow":["GET"]}}],"collection":[{"href":"https:\/\/apan.gob.mx\/portal\/wp-json\/wp\/v2\/pages"}],"about":[{"href":"https:\/\/apan.gob.mx\/portal\/wp-json\/wp\/v2\/types\/page"}],"author":[{"embeddable":true,"href":"https:\/\/apan.gob.mx\/portal\/wp-json\/wp\/v2\/users\/1"}],"replies":[{"embeddable":true,"href":"https:\/\/apan.gob.mx\/portal\/wp-json\/wp\/v2\/comments?post=3979"}],"version-history":[{"count":3,"href":"https:\/\/apan.gob.mx\/portal\/wp-json\/wp\/v2\/pages\/3979\/revisions"}],"predecessor-version":[{"id":3982,"href":"https:\/\/apan.gob.mx\/portal\/wp-json\/wp\/v2\/pages\/3979\/revisions\/3982"}],"wp:attachment":[{"href":"https:\/\/apan.gob.mx\/portal\/wp-json\/wp\/v2\/media?parent=3979"}],"curies":[{"name":"wp","href":"https:\/\/api.w.org\/{rel}","templated":true}]}}