{"id":4003,"date":"2019-01-17T17:33:43","date_gmt":"2019-01-17T17:33:43","guid":{"rendered":"https:\/\/apan.gob.mx\/portal\/?page_id=4003"},"modified":"2019-01-17T17:39:42","modified_gmt":"2019-01-17T17:39:42","slug":"turismo_27_2016_4","status":"publish","type":"page","link":"https:\/\/apan.gob.mx\/portal\/turismo_27_2016_4\/","title":{"rendered":"<!--turismo_27_2016_4-->"},"content":{"rendered":"\t\t<div data-elementor-type=\"wp-page\" data-elementor-id=\"4003\" class=\"elementor elementor-4003 elementor-bc-flex-widget\">\n\t\t\t\t\t\t<div class=\"elementor-inner\">\n\t\t\t\t<div class=\"elementor-section-wrap\">\n\t\t\t\t\t\t\t\t\t<section class=\"has_ae_slider elementor-section elementor-top-section elementor-element elementor-element-sfaieoy elementor-section-boxed elementor-section-height-default elementor-section-height-default ae-bg-gallery-type-default\" data-id=\"sfaieoy\" data-element_type=\"section\">\n\t\t\t\t\t\t<div class=\"elementor-container elementor-column-gap-default\">\n\t\t\t\t\t\t\t<div class=\"elementor-row\">\n\t\t\t\t\t<div class=\"has_ae_slider elementor-column elementor-col-100 elementor-top-column elementor-element elementor-element-pskzkws ae-bg-gallery-type-default\" data-id=\"pskzkws\" data-element_type=\"column\">\n\t\t\t<div class=\"elementor-column-wrap elementor-element-populated\">\n\t\t\t\t\t\t\t<div class=\"elementor-widget-wrap\">\n\t\t\t\t\t\t<div class=\"elementor-element elementor-element-zlrnxlo elementor-widget elementor-widget-heading\" data-id=\"zlrnxlo\" data-element_type=\"widget\" data-widget_type=\"heading.default\">\n\t\t\t\t<div class=\"elementor-widget-container\">\n\t\t\t<h2 class=\"elementor-heading-title elementor-size-medium\">Fracci\u00f3n XXVll<\/h2>\t\t<\/div>\n\t\t\t\t<\/div>\n\t\t\t\t<div class=\"elementor-element elementor-element-beqxbiv elementor-widget elementor-widget-html\" data-id=\"beqxbiv\" data-element_type=\"widget\" data-widget_type=\"html.default\">\n\t\t\t\t<div class=\"elementor-widget-container\">\n\t\t\t<style id=\"a69_f27_26296_Styles\">\r\n<!--table\r\n\t{mso-displayed-decimal-separator:\"\\.\";\r\n\tmso-displayed-thousand-separator:\"\\,\";}\r\n.xl1526296\r\n\t{padding-top:1px;\r\n\tpadding-right:1px;\r\n\tpadding-left:1px;\r\n\tmso-ignore:padding;\r\n\tcolor:black;\r\n\tfont-size:11.0pt;\r\n\tfont-weight:400;\r\n\tfont-style:normal;\r\n\ttext-decoration:none;\r\n\tfont-family:Calibri, sans-serif;\r\n\tmso-font-charset:0;\r\n\tmso-number-format:General;\r\n\ttext-align:general;\r\n\tvertical-align:bottom;\r\n\tmso-background-source:auto;\r\n\tmso-pattern:auto;\r\n\twhite-space:nowrap;}\r\n.xl6326296\r\n\t{padding-top:1px;\r\n\tpadding-right:1px;\r\n\tpadding-left:1px;\r\n\tmso-ignore:padding;\r\n\tcolor:black;\r\n\tfont-size:11.0pt;\r\n\tfont-weight:400;\r\n\tfont-style:normal;\r\n\ttext-decoration:none;\r\n\tfont-family:Calibri, sans-serif;\r\n\tmso-font-charset:0;\r\n\tmso-number-format:General;\r\n\ttext-align:center;\r\n\tvertical-align:middle;\r\n\tmso-background-source:auto;\r\n\tmso-pattern:auto;\r\n\twhite-space:nowrap;}\r\n.xl6426296\r\n\t{padding-top:1px;\r\n\tpadding-right:1px;\r\n\tpadding-left:1px;\r\n\tmso-ignore:padding;\r\n\tcolor:white;\r\n\tfont-size:11.0pt;\r\n\tfont-weight:700;\r\n\tfont-style:normal;\r\n\ttext-decoration:none;\r\n\tfont-family:Arial, sans-serif;\r\n\tmso-font-charset:0;\r\n\tmso-number-format:General;\r\n\ttext-align:center;\r\n\tvertical-align:middle;\r\n\tborder:.5pt solid windowtext;\r\n\tbackground:#333333;\r\n\tmso-pattern:black none;\r\n\twhite-space:nowrap;}\r\n.xl6526296\r\n\t{padding-top:1px;\r\n\tpadding-right:1px;\r\n\tpadding-left:1px;\r\n\tmso-ignore:padding;\r\n\tcolor:black;\r\n\tfont-size:10.0pt;\r\n\tfont-weight:400;\r\n\tfont-style:normal;\r\n\ttext-decoration:none;\r\n\tfont-family:Arial, sans-serif;\r\n\tmso-font-charset:0;\r\n\tmso-number-format:General;\r\n\ttext-align:center;\r\n\tvertical-align:middle;\r\n\tborder:.5pt solid windowtext;\r\n\tbackground:#E1E1E1;\r\n\tmso-pattern:black none;\r\n\twhite-space:nowrap;}\r\n.xl6626296\r\n\t{padding-top:1px;\r\n\tpadding-right:1px;\r\n\tpadding-left:1px;\r\n\tmso-ignore:padding;\r\n\tcolor:black;\r\n\tfont-size:10.0pt;\r\n\tfont-weight:400;\r\n\tfont-style:normal;\r\n\ttext-decoration:none;\r\n\tfont-family:Arial, sans-serif;\r\n\tmso-font-charset:0;\r\n\tmso-number-format:General;\r\n\ttext-align:center;\r\n\tvertical-align:middle;\r\n\tborder:.5pt solid windowtext;\r\n\tbackground:#E1E1E1;\r\n\tmso-pattern:black none;\r\n\twhite-space:normal;}\r\n.xl6726296\r\n\t{padding-top:1px;\r\n\tpadding-right:1px;\r\n\tpadding-left:1px;\r\n\tmso-ignore:padding;\r\n\tcolor:black;\r\n\tfont-size:11.0pt;\r\n\tfont-weight:400;\r\n\tfont-style:normal;\r\n\ttext-decoration:none;\r\n\tfont-family:Calibri, sans-serif;\r\n\tmso-font-charset:0;\r\n\tmso-number-format:General;\r\n\ttext-align:center;\r\n\tvertical-align:middle;\r\n\tborder:.5pt solid windowtext;\r\n\tbackground:white;\r\n\tmso-pattern:black none;\r\n\twhite-space:normal;}\r\n.xl6826296\r\n\t{padding-top:1px;\r\n\tpadding-right:1px;\r\n\tpadding-left:1px;\r\n\tmso-ignore:padding;\r\n\tcolor:black;\r\n\tfont-size:11.0pt;\r\n\tfont-weight:400;\r\n\tfont-style:normal;\r\n\ttext-decoration:none;\r\n\tfont-family:Calibri, sans-serif;\r\n\tmso-font-charset:0;\r\n\tmso-number-format:General;\r\n\ttext-align:center;\r\n\tvertical-align:middle;\r\n\tmso-background-source:auto;\r\n\tmso-pattern:auto;\r\n\twhite-space:normal;}\r\n-->\r\n<\/style>\r\n<\/head>\r\n\r\n<body>\r\n<!--[if !excel]>&nbsp;&nbsp;<![endif]-->\r\n<!--La siguiente informaci\u00f3n se gener\u00f3 mediante el Asistente para publicar como\r\np\u00e1gina web de Microsoft Excel.-->\r\n<!--Si se vuelve a publicar el mismo elemento desde Excel, se reemplazar\u00e1 toda\r\nla informaci\u00f3n comprendida entre las etiquetas DIV.-->\r\n<!----------------------------->\r\n<!--INICIO DE LOS RESULTADOS DEL ASISTENTE PARA PUBLICAR COMO P\u00c1GINA WEB DE\r\nEXCEL -->\r\n<!----------------------------->\r\n\r\n<div id=\"a69_f27_26296\" align=center x:publishsource=\"Excel\">\r\n\r\n<table border=0 cellpadding=0 cellspacing=0 width=5782 style='border-collapse:\r\n collapse;table-layout:fixed;width:4342pt'>\r\n <col width=120 style='mso-width-source:userset;mso-width-alt:4388;width:90pt'>\r\n <col width=167 style='mso-width-source:userset;mso-width-alt:6107;width:125pt'>\r\n <col width=129 style='mso-width-source:userset;mso-width-alt:4717;width:97pt'>\r\n <col width=85 style='mso-width-source:userset;mso-width-alt:3108;width:64pt'>\r\n <col width=161 style='mso-width-source:userset;mso-width-alt:5888;width:121pt'>\r\n <col width=281 style='mso-width-source:userset;mso-width-alt:10276;width:211pt'>\r\n <col width=230 style='mso-width-source:userset;mso-width-alt:8411;width:173pt'>\r\n <col width=116 style='mso-width-source:userset;mso-width-alt:4242;width:87pt'>\r\n <col width=394 style='mso-width-source:userset;mso-width-alt:14409;width:296pt'>\r\n <col width=150 style='mso-width-source:userset;mso-width-alt:5485;width:113pt'>\r\n <col width=206 style='mso-width-source:userset;mso-width-alt:7533;width:155pt'>\r\n <col width=204 style='mso-width-source:userset;mso-width-alt:7460;width:153pt'>\r\n <col width=228 style='mso-width-source:userset;mso-width-alt:8338;width:171pt'>\r\n <col width=254 style='mso-width-source:userset;mso-width-alt:9289;width:191pt'>\r\n <col width=182 style='mso-width-source:userset;mso-width-alt:6656;width:137pt'>\r\n <col width=336 style='mso-width-source:userset;mso-width-alt:12288;width:252pt'>\r\n <col width=353 style='mso-width-source:userset;mso-width-alt:12909;width:265pt'>\r\n <col width=312 style='mso-width-source:userset;mso-width-alt:11410;width:234pt'>\r\n <col width=328 style='mso-width-source:userset;mso-width-alt:11995;width:246pt'>\r\n <col width=304 style='mso-width-source:userset;mso-width-alt:11117;width:228pt'>\r\n <col width=150 style='mso-width-source:userset;mso-width-alt:5485;width:113pt'>\r\n <col width=252 style='mso-width-source:userset;mso-width-alt:9216;width:189pt'>\r\n <col width=48 style='mso-width-source:userset;mso-width-alt:1755;width:36pt'>\r\n <col width=166 style='mso-width-source:userset;mso-width-alt:6070;width:125pt'>\r\n <col width=626 style='mso-width-source:userset;mso-width-alt:22893;width:470pt'>\r\n <tr height=0 style='display:none'>\r\n  <td class=xl6326296 width=120 style='width:90pt'>25108<\/td>\r\n  <td class=xl6326296 width=167 style='width:125pt'><\/td>\r\n  <td class=xl6326296 width=129 style='width:97pt'><\/td>\r\n  <td class=xl6326296 width=85 style='width:64pt'><\/td>\r\n  <td class=xl6326296 width=161 style='width:121pt'><\/td>\r\n  <td class=xl6326296 width=281 style='width:211pt'><\/td>\r\n  <td class=xl6326296 width=230 style='width:173pt'><\/td>\r\n  <td class=xl6326296 width=116 style='width:87pt'><\/td>\r\n  <td class=xl6326296 width=394 style='width:296pt'><\/td>\r\n  <td class=xl6326296 width=150 style='width:113pt'><\/td>\r\n  <td class=xl6326296 width=206 style='width:155pt'><\/td>\r\n  <td class=xl6326296 width=204 style='width:153pt'><\/td>\r\n  <td class=xl6326296 width=228 style='width:171pt'><\/td>\r\n  <td class=xl6326296 width=254 style='width:191pt'><\/td>\r\n  <td class=xl6326296 width=182 style='width:137pt'><\/td>\r\n  <td class=xl6326296 width=336 style='width:252pt'><\/td>\r\n  <td class=xl6326296 width=353 style='width:265pt'><\/td>\r\n  <td class=xl6326296 width=312 style='width:234pt'><\/td>\r\n  <td class=xl6326296 width=328 style='width:246pt'><\/td>\r\n  <td class=xl6326296 width=304 style='width:228pt'><\/td>\r\n  <td class=xl6326296 width=150 style='width:113pt'><\/td>\r\n  <td class=xl6326296 width=252 style='width:189pt'><\/td>\r\n  <td class=xl6326296 width=48 style='width:36pt'><\/td>\r\n  <td class=xl6326296 width=166 style='width:125pt'><\/td>\r\n  <td class=xl6326296 width=626 style='width:470pt'><\/td>\r\n <\/tr>\r\n <tr height=20 style='height:15.0pt'>\r\n  <td colspan=3 height=20 class=xl6426296 style='height:15.0pt'>T\u00cdTULO<\/td>\r\n  <td colspan=3 class=xl6426296>NOMBRE CORTO<\/td>\r\n  <td colspan=3 class=xl6426296>DESCRIPCI\u00d3N<\/td>\r\n  <td class=xl6326296><\/td>\r\n  <td class=xl6326296><\/td>\r\n  <td class=xl6326296><\/td>\r\n  <td class=xl6326296><\/td>\r\n  <td class=xl6326296><\/td>\r\n  <td class=xl6326296><\/td>\r\n  <td class=xl6326296><\/td>\r\n  <td class=xl6326296><\/td>\r\n  <td class=xl6326296><\/td>\r\n  <td class=xl6326296><\/td>\r\n  <td class=xl6326296><\/td>\r\n  <td class=xl6326296><\/td>\r\n  <td class=xl6326296><\/td>\r\n  <td class=xl6326296><\/td>\r\n  <td class=xl6326296><\/td>\r\n  <td class=xl6326296><\/td>\r\n <\/tr>\r\n <tr height=84 style='mso-height-source:userset;height:63.0pt'>\r\n  <td colspan=3 height=84 class=xl6626296 width=416 style='height:63.0pt;\r\n  width:312pt'>FRACCI\u00d3N XXVII.- Concesiones, contratos, convenios, permisos,\r\n  licencias o autorizaciones otorgados.<\/td>\r\n  <td colspan=3 class=xl6526296>a69_f27<\/td>\r\n  <td colspan=3 class=xl6626296 width=740 style='width:556pt'>Las concesiones,\r\n  contratos, convenios, permisos, licencias o autorizaciones otorgados,\r\n  especificando los titulares de aqu\u00e9llos, debiendo publicarse su objeto,\r\n  nombre o raz\u00f3n social del titular, vigencia, tipo, t\u00e9rminos, condiciones,\r\n  monto y modificaciones, as\u00ed como si el procedimiento involucra el\r\n  aprovechamiento de bienes, servicios y\/o recursos p\u00fablicos;<\/td>\r\n  <td class=xl6326296><\/td>\r\n  <td class=xl6326296><\/td>\r\n  <td class=xl6326296><\/td>\r\n  <td class=xl6326296><\/td>\r\n  <td class=xl6326296><\/td>\r\n  <td class=xl6326296><\/td>\r\n  <td class=xl6326296><\/td>\r\n  <td class=xl6326296><\/td>\r\n  <td class=xl6326296><\/td>\r\n  <td class=xl6326296><\/td>\r\n  <td class=xl6326296><\/td>\r\n  <td class=xl6326296><\/td>\r\n  <td class=xl6326296><\/td>\r\n  <td class=xl6326296><\/td>\r\n  <td class=xl6326296><\/td>\r\n  <td class=xl6326296><\/td>\r\n <\/tr>\r\n <tr height=0 style='display:none'>\r\n  <td class=xl6326296>1<\/td>\r\n  <td class=xl6326296>1<\/td>\r\n  <td class=xl6326296>9<\/td>\r\n  <td class=xl6326296>2<\/td>\r\n  <td class=xl6326296>2<\/td>\r\n  <td class=xl6326296>1<\/td>\r\n  <td class=xl6326296>9<\/td>\r\n  <td class=xl6326296>1<\/td>\r\n  <td class=xl6326296>1<\/td>\r\n  <td class=xl6326296>1<\/td>\r\n  <td class=xl6326296>1<\/td>\r\n  <td class=xl6326296>4<\/td>\r\n  <td class=xl6326296>4<\/td>\r\n  <td class=xl6326296>1<\/td>\r\n  <td class=xl6326296>7<\/td>\r\n  <td class=xl6326296>2<\/td>\r\n  <td class=xl6326296>2<\/td>\r\n  <td class=xl6326296>7<\/td>\r\n  <td class=xl6326296>7<\/td>\r\n  <td class=xl6326296>7<\/td>\r\n  <td class=xl6326296>4<\/td>\r\n  <td class=xl6326296>1<\/td>\r\n  <td class=xl6326296>12<\/td>\r\n  <td class=xl6326296>13<\/td>\r\n  <td class=xl6326296>14<\/td>\r\n <\/tr>\r\n <tr height=0 style='display:none'>\r\n  <td class=xl6326296>57190<\/td>\r\n  <td class=xl6326296>57194<\/td>\r\n  <td class=xl6326296>57183<\/td>\r\n  <td class=xl6326296>57198<\/td>\r\n  <td class=xl6326296>57180<\/td>\r\n  <td class=xl6326296>57186<\/td>\r\n  <td class=xl6326296>57179<\/td>\r\n  <td class=xl6326296>57189<\/td>\r\n  <td class=xl6326296>57182<\/td>\r\n  <td class=xl6326296>57188<\/td>\r\n  <td class=xl6326296>57184<\/td>\r\n  <td class=xl6326296>57200<\/td>\r\n  <td class=xl6326296>57176<\/td>\r\n  <td class=xl6326296>57185<\/td>\r\n  <td class=xl6326296>57178<\/td>\r\n  <td class=xl6326296>57191<\/td>\r\n  <td class=xl6326296>57199<\/td>\r\n  <td class=xl6326296>57196<\/td>\r\n  <td class=xl6326296>57192<\/td>\r\n  <td class=xl6326296>57187<\/td>\r\n  <td class=xl6326296>57195<\/td>\r\n  <td class=xl6326296>57197<\/td>\r\n  <td class=xl6326296>57193<\/td>\r\n  <td class=xl6326296>57181<\/td>\r\n  <td class=xl6326296>57177<\/td>\r\n <\/tr>\r\n <tr height=20 style='height:15.0pt'>\r\n  <td colspan=25 height=20 class=xl6426296 style='height:15.0pt'>Tabla Campos<\/td>\r\n <\/tr>\r\n <tr height=34 style='height:25.5pt'>\r\n  <td height=34 class=xl6626296 width=120 style='height:25.5pt;width:90pt'>Ejercicio<\/td>\r\n  <td class=xl6626296 width=167 style='border-left:none;width:125pt'>Periodo\r\n  que se informa<\/td>\r\n  <td class=xl6626296 width=129 style='border-left:none;width:97pt'>Acto\r\n  jur\u00eddico.<\/td>\r\n  <td class=xl6626296 width=85 style='border-left:none;width:64pt'>Objeto<\/td>\r\n  <td class=xl6626296 width=161 style='border-left:none;width:121pt'>Fundamento\r\n  jur\u00eddico<\/td>\r\n  <td class=xl6626296 width=281 style='border-left:none;width:211pt'>Unidad(es)\r\n  responsable(s) de instrumentaci\u00f3n.<\/td>\r\n  <td class=xl6626296 width=230 style='border-left:none;width:173pt'>Sector al\r\n  cual se otorg\u00f3.<\/td>\r\n  <td class=xl6626296 width=116 style='border-left:none;width:87pt'>Nombre(s)<\/td>\r\n  <td class=xl6626296 width=394 style='border-left:none;width:296pt'>Primer\r\n  apellido<\/td>\r\n  <td class=xl6626296 width=150 style='border-left:none;width:113pt'>Segundo\r\n  apellido<\/td>\r\n  <td class=xl6626296 width=206 style='border-left:none;width:155pt'>Raz\u00f3n\r\n  social del titular<\/td>\r\n  <td class=xl6626296 width=204 style='border-left:none;width:153pt'>Fecha de\r\n  inicio de vigencia<\/td>\r\n  <td class=xl6626296 width=228 style='border-left:none;width:171pt'>Fecha de\r\n  t\u00e9rmino de vigencia<\/td>\r\n  <td class=xl6626296 width=254 style='border-left:none;width:191pt'>Cl\u00e1usula,\r\n  punto, art\u00edculo o fracci\u00f3n<span style='mso-spacerun:yes'>\u00a0<\/span><\/td>\r\n  <td class=xl6626296 width=182 style='border-left:none;width:137pt'>Hiperv\u00ednculo\r\n  al documento<\/td>\r\n  <td class=xl6626296 width=336 style='border-left:none;width:252pt'>Monto\r\n  total, bien, servicio o recurso aprovechado.<\/td>\r\n  <td class=xl6626296 width=353 style='border-left:none;width:265pt'>Monto\r\n  entregado al periodo bien\/servicio\/recurso<\/td>\r\n  <td class=xl6626296 width=312 style='border-left:none;width:234pt'>Hiperv\u00ednculo\r\n  documento donde se desglose el gasto<\/td>\r\n  <td class=xl6626296 width=328 style='border-left:none;width:246pt'>Hiperv\u00ednculo\r\n  al informe sobre monto total erogado<\/td>\r\n  <td class=xl6626296 width=304 style='border-left:none;width:228pt'>Hiperv\u00ednculo\r\n  al contrato plurianual modificado<\/td>\r\n  <td class=xl6626296 width=150 style='border-left:none;width:113pt'>Fecha de\r\n  validaci\u00f3n<\/td>\r\n  <td class=xl6626296 width=252 style='border-left:none;width:189pt'>\u00c1rea\r\n  responsable de la informaci\u00f3n<\/td>\r\n  <td class=xl6626296 width=48 style='border-left:none;width:36pt'>A\u00f1o<\/td>\r\n  <td class=xl6626296 width=166 style='border-left:none;width:125pt'>Fecha de\r\n  actualizaci\u00f3n<\/td>\r\n  <td class=xl6626296 width=626 style='border-left:none;width:470pt'>Nota<\/td>\r\n <\/tr>\r\n <tr height=60 style='height:45.0pt'>\r\n  <td height=60 class=xl6726296 width=120 style='height:45.0pt;border-top:none;\r\n  width:90pt'>&nbsp;<\/td>\r\n  <td class=xl6726296 width=167 style='border-top:none;border-left:none;\r\n  width:125pt'>&nbsp;<\/td>\r\n  <td class=xl6726296 width=129 style='border-top:none;border-left:none;\r\n  width:97pt'>&nbsp;<\/td>\r\n  <td class=xl6726296 width=85 style='border-top:none;border-left:none;\r\n  width:64pt'>&nbsp;<\/td>\r\n  <td class=xl6726296 width=161 style='border-top:none;border-left:none;\r\n  width:121pt'>&nbsp;<\/td>\r\n  <td class=xl6726296 width=281 style='border-top:none;border-left:none;\r\n  width:211pt'>&nbsp;<\/td>\r\n  <td class=xl6726296 width=230 style='border-top:none;border-left:none;\r\n  width:173pt'>&nbsp;<\/td>\r\n  <td class=xl6726296 width=116 style='border-top:none;border-left:none;\r\n  width:87pt'>&nbsp;<\/td>\r\n  <td class=xl6726296 width=394 style='border-top:none;border-left:none;\r\n  width:296pt'>&nbsp;<\/td>\r\n  <td class=xl6726296 width=150 style='border-top:none;border-left:none;\r\n  width:113pt'>&nbsp;<\/td>\r\n  <td class=xl6726296 width=206 style='border-top:none;border-left:none;\r\n  width:155pt'>&nbsp;<\/td>\r\n  <td class=xl6726296 width=204 style='border-top:none;border-left:none;\r\n  width:153pt'>&nbsp;<\/td>\r\n  <td class=xl6726296 width=228 style='border-top:none;border-left:none;\r\n  width:171pt'>&nbsp;<\/td>\r\n  <td class=xl6726296 width=254 style='border-top:none;border-left:none;\r\n  width:191pt'>&nbsp;<\/td>\r\n  <td class=xl6726296 width=182 style='border-top:none;border-left:none;\r\n  width:137pt'>&nbsp;<\/td>\r\n  <td class=xl6726296 width=336 style='border-top:none;border-left:none;\r\n  width:252pt'>&nbsp;<\/td>\r\n  <td class=xl6726296 width=353 style='border-top:none;border-left:none;\r\n  width:265pt'>&nbsp;<\/td>\r\n  <td class=xl6726296 width=312 style='border-top:none;border-left:none;\r\n  width:234pt'>&nbsp;<\/td>\r\n  <td class=xl6726296 width=328 style='border-top:none;border-left:none;\r\n  width:246pt'>&nbsp;<\/td>\r\n  <td class=xl6726296 width=304 style='border-top:none;border-left:none;\r\n  width:228pt'>&nbsp;<\/td>\r\n  <td class=xl6726296 width=150 style='border-top:none;border-left:none;\r\n  width:113pt'>&nbsp;<\/td>\r\n  <td class=xl6726296 width=252 style='border-top:none;border-left:none;\r\n  width:189pt'>&nbsp;<\/td>\r\n  <td class=xl6726296 width=48 style='border-top:none;border-left:none;\r\n  width:36pt'>&nbsp;<\/td>\r\n  <td class=xl6726296 width=166 style='border-top:none;border-left:none;\r\n  width:125pt'>&nbsp;<\/td>\r\n  <td class=xl6726296 width=626 style='border-top:none;border-left:none;\r\n  width:470pt'>Se sube la informacion del cuarto trimestre de 2016 elaborada\r\n  por el anterior titular del area, para su correccion se debe levantar el acta\r\n  correspondiente a la mayor brevedad. Los espacios en blanco son informacion\r\n  que anterior titular no subi\u00f3<\/td>\r\n <\/tr>\r\n <![if supportMisalignedColumns]>\r\n <tr height=0 style='display:none'>\r\n  <td width=120 style='width:90pt'><\/td>\r\n  <td width=167 style='width:125pt'><\/td>\r\n  <td width=129 style='width:97pt'><\/td>\r\n  <td width=85 style='width:64pt'><\/td>\r\n  <td width=161 style='width:121pt'><\/td>\r\n  <td width=281 style='width:211pt'><\/td>\r\n  <td width=230 style='width:173pt'><\/td>\r\n  <td width=116 style='width:87pt'><\/td>\r\n  <td width=394 style='width:296pt'><\/td>\r\n  <td width=150 style='width:113pt'><\/td>\r\n  <td width=206 style='width:155pt'><\/td>\r\n  <td width=204 style='width:153pt'><\/td>\r\n  <td width=228 style='width:171pt'><\/td>\r\n  <td width=254 style='width:191pt'><\/td>\r\n  <td width=182 style='width:137pt'><\/td>\r\n  <td width=336 style='width:252pt'><\/td>\r\n  <td width=353 style='width:265pt'><\/td>\r\n  <td width=312 style='width:234pt'><\/td>\r\n  <td width=328 style='width:246pt'><\/td>\r\n  <td width=304 style='width:228pt'><\/td>\r\n  <td width=150 style='width:113pt'><\/td>\r\n  <td width=252 style='width:189pt'><\/td>\r\n  <td width=48 style='width:36pt'><\/td>\r\n  <td width=166 style='width:125pt'><\/td>\r\n  <td width=626 style='width:470pt'><\/td>\r\n <\/tr>\r\n <![endif]>\r\n<\/table>\r\n\r\n<\/div>\r\n\r\n\t\t<\/div>\n\t\t\t\t<\/div>\n\t\t\t\t<div class=\"elementor-element elementor-element-euhh29l elementor-widget elementor-widget-button\" data-id=\"euhh29l\" data-element_type=\"widget\" data-widget_type=\"button.default\">\n\t\t\t\t<div class=\"elementor-widget-container\">\n\t\t\t\t\t<div class=\"elementor-button-wrapper\">\n\t\t\t<a href=\"https:\/\/www.apan.gob.mx\/descargables\/transparencia\/articulo69\/fraccion27\/2016_4\/turismo\/a69_f27.xlsx\" class=\"elementor-button-link elementor-button elementor-size-sm\" role=\"button\">\n\t\t\t\t\t\t<span class=\"elementor-button-content-wrapper\">\n\t\t\t\t\t\t<span class=\"elementor-button-text\">Descargar<\/span>\n\t\t<\/span>\n\t\t\t\t\t<\/a>\n\t\t<\/div>\n\t\t\t\t<\/div>\n\t\t\t\t<\/div>\n\t\t\t\t<div class=\"elementor-element elementor-element-huyubln elementor-widget elementor-widget-heading\" data-id=\"huyubln\" data-element_type=\"widget\" data-widget_type=\"heading.default\">\n\t\t\t\t<div class=\"elementor-widget-container\">\n\t\t\t<h2 class=\"elementor-heading-title elementor-size-small\">Fecha en que se subi\u00f3 la informaci\u00f3n: 17-enero-19<\/h2>\t\t<\/div>\n\t\t\t\t<\/div>\n\t\t\t\t\t\t<\/div>\n\t\t\t\t\t<\/div>\n\t\t<\/div>\n\t\t\t\t\t\t\t\t<\/div>\n\t\t\t\t\t<\/div>\n\t\t<\/section>\n\t\t\t\t\t\t\t\t\t<\/div>\n\t\t\t<\/div>\n\t\t\t\t\t<\/div>\n\t\t","protected":false},"excerpt":{"rendered":"<p>Fracci\u00f3n XXVll 25108 T\u00cdTULO NOMBRE CORTO DESCRIPCI\u00d3N FRACCI\u00d3N XXVII.- Concesiones, contratos, convenios, permisos, licencias o autorizaciones otorgados. a69_f27 Las concesiones, contratos, convenios, permisos, licencias o autorizaciones otorgados, especificando los titulares de aqu\u00e9llos, debiendo publicarse su objeto, nombre o raz\u00f3n social del titular, vigencia, tipo, t\u00e9rminos, condiciones, monto y modificaciones, as\u00ed como si el procedimiento involucra [&hellip;]<\/p>\n","protected":false},"author":1,"featured_media":0,"parent":0,"menu_order":0,"comment_status":"closed","ping_status":"closed","template":"page-template-full.php","meta":[],"jetpack_sharing_enabled":true,"_links":{"self":[{"href":"https:\/\/apan.gob.mx\/portal\/wp-json\/wp\/v2\/pages\/4003"}],"collection":[{"href":"https:\/\/apan.gob.mx\/portal\/wp-json\/wp\/v2\/pages"}],"about":[{"href":"https:\/\/apan.gob.mx\/portal\/wp-json\/wp\/v2\/types\/page"}],"author":[{"embeddable":true,"href":"https:\/\/apan.gob.mx\/portal\/wp-json\/wp\/v2\/users\/1"}],"replies":[{"embeddable":true,"href":"https:\/\/apan.gob.mx\/portal\/wp-json\/wp\/v2\/comments?post=4003"}],"version-history":[{"count":2,"href":"https:\/\/apan.gob.mx\/portal\/wp-json\/wp\/v2\/pages\/4003\/revisions"}],"predecessor-version":[{"id":4005,"href":"https:\/\/apan.gob.mx\/portal\/wp-json\/wp\/v2\/pages\/4003\/revisions\/4005"}],"wp:attachment":[{"href":"https:\/\/apan.gob.mx\/portal\/wp-json\/wp\/v2\/media?parent=4003"}],"curies":[{"name":"wp","href":"https:\/\/api.w.org\/{rel}","templated":true}]}}