{"id":4013,"date":"2019-01-17T21:42:48","date_gmt":"2019-01-17T21:42:48","guid":{"rendered":"https:\/\/apan.gob.mx\/portal\/?page_id=4013"},"modified":"2019-01-17T21:52:13","modified_gmt":"2019-01-17T21:52:13","slug":"turismo_27_2017_1","status":"publish","type":"page","link":"https:\/\/apan.gob.mx\/portal\/turismo_27_2017_1\/","title":{"rendered":"<!--turismo_27_2017_1-->"},"content":{"rendered":"\t\t<div data-elementor-type=\"wp-page\" data-elementor-id=\"4013\" class=\"elementor elementor-4013 elementor-bc-flex-widget\">\n\t\t\t\t\t\t<section class=\"has_ae_slider elementor-section elementor-top-section elementor-element elementor-element-gennqfj elementor-section-boxed elementor-section-height-default elementor-section-height-default ae-bg-gallery-type-default\" data-id=\"gennqfj\" data-element_type=\"section\" data-e-type=\"section\">\n\t\t\t\t\t\t<div class=\"elementor-container elementor-column-gap-default\">\n\t\t\t\t\t<div class=\"has_ae_slider elementor-column elementor-col-100 elementor-top-column elementor-element elementor-element-vylvdhp ae-bg-gallery-type-default\" data-id=\"vylvdhp\" data-element_type=\"column\" data-e-type=\"column\">\n\t\t\t<div class=\"elementor-widget-wrap elementor-element-populated\">\n\t\t\t\t\t\t<div class=\"elementor-element elementor-element-catwzfz elementor-widget elementor-widget-heading\" data-id=\"catwzfz\" data-element_type=\"widget\" data-e-type=\"widget\" data-widget_type=\"heading.default\">\n\t\t\t\t<div class=\"elementor-widget-container\">\n\t\t\t\t\t<h2 class=\"elementor-heading-title elementor-size-medium\">Fracci\u00f3n XXVll<\/h2>\t\t\t\t<\/div>\n\t\t\t\t<\/div>\n\t\t\t\t<div class=\"elementor-element elementor-element-lwqknlc elementor-widget elementor-widget-html\" data-id=\"lwqknlc\" data-element_type=\"widget\" data-e-type=\"widget\" data-widget_type=\"html.default\">\n\t\t\t\t<div class=\"elementor-widget-container\">\n\t\t\t\t\t<style>\r\nv\\:* {behavior:url(#default#VML);}\r\no\\:* {behavior:url(#default#VML);}\r\nx\\:* {behavior:url(#default#VML);}\r\n.shape {behavior:url(#default#VML);}\r\n<\/style>\r\n<![endif]-->\r\n<style id=\"a69_f27_28996_Styles\">\r\n<!--table\r\n\t{mso-displayed-decimal-separator:\"\\.\";\r\n\tmso-displayed-thousand-separator:\"\\,\";}\r\n.xl1528996\r\n\t{padding:0px;\r\n\tmso-ignore:padding;\r\n\tcolor:black;\r\n\tfont-size:11.0pt;\r\n\tfont-weight:400;\r\n\tfont-style:normal;\r\n\ttext-decoration:none;\r\n\tfont-family:Calibri, sans-serif;\r\n\tmso-font-charset:0;\r\n\tmso-number-format:General;\r\n\ttext-align:general;\r\n\tvertical-align:bottom;\r\n\tmso-background-source:auto;\r\n\tmso-pattern:auto;\r\n\twhite-space:nowrap;}\r\n.xl6528996\r\n\t{padding:0px;\r\n\tmso-ignore:padding;\r\n\tcolor:black;\r\n\tfont-size:11.0pt;\r\n\tfont-weight:400;\r\n\tfont-style:normal;\r\n\ttext-decoration:none;\r\n\tfont-family:Calibri, sans-serif;\r\n\tmso-font-charset:0;\r\n\tmso-number-format:General;\r\n\ttext-align:general;\r\n\tvertical-align:bottom;\r\n\tmso-background-source:auto;\r\n\tmso-pattern:auto;\r\n\twhite-space:normal;}\r\n.xl6628996\r\n\t{padding:0px;\r\n\tmso-ignore:padding;\r\n\tcolor:black;\r\n\tfont-size:11.0pt;\r\n\tfont-weight:400;\r\n\tfont-style:normal;\r\n\ttext-decoration:none;\r\n\tfont-family:Calibri, sans-serif;\r\n\tmso-font-charset:0;\r\n\tmso-number-format:General;\r\n\ttext-align:center;\r\n\tvertical-align:middle;\r\n\tmso-background-source:auto;\r\n\tmso-pattern:auto;\r\n\twhite-space:nowrap;}\r\n.xl6728996\r\n\t{padding:0px;\r\n\tmso-ignore:padding;\r\n\tcolor:black;\r\n\tfont-size:11.0pt;\r\n\tfont-weight:400;\r\n\tfont-style:normal;\r\n\ttext-decoration:none;\r\n\tfont-family:Calibri, sans-serif;\r\n\tmso-font-charset:0;\r\n\tmso-number-format:General;\r\n\ttext-align:center;\r\n\tvertical-align:middle;\r\n\tmso-background-source:auto;\r\n\tmso-pattern:auto;\r\n\twhite-space:normal;}\r\n.xl6828996\r\n\t{padding:0px;\r\n\tmso-ignore:padding;\r\n\tcolor:black;\r\n\tfont-size:10.0pt;\r\n\tfont-weight:400;\r\n\tfont-style:normal;\r\n\ttext-decoration:none;\r\n\tfont-family:Arial, sans-serif;\r\n\tmso-font-charset:0;\r\n\tmso-number-format:General;\r\n\ttext-align:center;\r\n\tvertical-align:middle;\r\n\tborder:.5pt solid windowtext;\r\n\tbackground:#E1E1E1;\r\n\tmso-pattern:black none;\r\n\twhite-space:normal;}\r\n.xl6928996\r\n\t{padding:0px;\r\n\tmso-ignore:padding;\r\n\tcolor:black;\r\n\tfont-size:11.0pt;\r\n\tfont-weight:400;\r\n\tfont-style:normal;\r\n\ttext-decoration:none;\r\n\tfont-family:Calibri, sans-serif;\r\n\tmso-font-charset:0;\r\n\tmso-number-format:General;\r\n\ttext-align:center;\r\n\tvertical-align:middle;\r\n\tborder:.5pt solid windowtext;\r\n\tbackground:white;\r\n\tmso-pattern:black none;\r\n\twhite-space:nowrap;}\r\n.xl7028996\r\n\t{padding:0px;\r\n\tmso-ignore:padding;\r\n\tcolor:#0563C1;\r\n\tfont-size:11.0pt;\r\n\tfont-weight:400;\r\n\tfont-style:normal;\r\n\ttext-decoration:underline;\r\n\ttext-underline-style:single;\r\n\tfont-family:Calibri, sans-serif;\r\n\tmso-font-charset:0;\r\n\tmso-number-format:General;\r\n\ttext-align:center;\r\n\tvertical-align:middle;\r\n\tborder:.5pt solid windowtext;\r\n\tbackground:white;\r\n\tmso-pattern:black none;\r\n\twhite-space:nowrap;}\r\n.xl7128996\r\n\t{padding:0px;\r\n\tmso-ignore:padding;\r\n\tcolor:black;\r\n\tfont-size:10.0pt;\r\n\tfont-weight:400;\r\n\tfont-style:normal;\r\n\ttext-decoration:none;\r\n\tfont-family:Arial, sans-serif;\r\n\tmso-font-charset:0;\r\n\tmso-number-format:\"Medium Date\";\r\n\ttext-align:center;\r\n\tvertical-align:middle;\r\n\tborder:.5pt solid windowtext;\r\n\tbackground:white;\r\n\tmso-pattern:black none;\r\n\twhite-space:nowrap;}\r\n.xl7228996\r\n\t{padding:0px;\r\n\tmso-ignore:padding;\r\n\tcolor:black;\r\n\tfont-size:10.0pt;\r\n\tfont-weight:400;\r\n\tfont-style:normal;\r\n\ttext-decoration:none;\r\n\tfont-family:Arial, sans-serif;\r\n\tmso-font-charset:0;\r\n\tmso-number-format:General;\r\n\ttext-align:center;\r\n\tvertical-align:middle;\r\n\tborder:.5pt solid windowtext;\r\n\tbackground:white;\r\n\tmso-pattern:black none;\r\n\twhite-space:nowrap;}\r\n.xl7328996\r\n\t{padding:0px;\r\n\tmso-ignore:padding;\r\n\tcolor:black;\r\n\tfont-size:11.0pt;\r\n\tfont-weight:400;\r\n\tfont-style:normal;\r\n\ttext-decoration:none;\r\n\tfont-family:Calibri, sans-serif;\r\n\tmso-font-charset:0;\r\n\tmso-number-format:General;\r\n\ttext-align:center;\r\n\tvertical-align:middle;\r\n\tborder:.5pt solid windowtext;\r\n\tbackground:white;\r\n\tmso-pattern:black none;\r\n\twhite-space:normal;}\r\n.xl7428996\r\n\t{padding:0px;\r\n\tmso-ignore:padding;\r\n\tcolor:white;\r\n\tfont-size:11.0pt;\r\n\tfont-weight:700;\r\n\tfont-style:normal;\r\n\ttext-decoration:none;\r\n\tfont-family:Arial, sans-serif;\r\n\tmso-font-charset:0;\r\n\tmso-number-format:General;\r\n\ttext-align:center;\r\n\tvertical-align:middle;\r\n\tborder:.5pt solid windowtext;\r\n\tbackground:#333333;\r\n\tmso-pattern:black none;\r\n\twhite-space:nowrap;}\r\n.xl7528996\r\n\t{padding:0px;\r\n\tmso-ignore:padding;\r\n\tcolor:black;\r\n\tfont-size:10.0pt;\r\n\tfont-weight:400;\r\n\tfont-style:normal;\r\n\ttext-decoration:none;\r\n\tfont-family:Arial, sans-serif;\r\n\tmso-font-charset:0;\r\n\tmso-number-format:General;\r\n\ttext-align:center;\r\n\tvertical-align:middle;\r\n\tborder:.5pt solid windowtext;\r\n\tbackground:#E1E1E1;\r\n\tmso-pattern:black none;\r\n\twhite-space:nowrap;}\r\n-->\r\n<\/style>\r\n<\/head>\r\n\r\n<body>\r\n<!--[if !excel]>&nbsp;&nbsp;<![endif]-->\r\n<!--La siguiente informaci\u00f3n se gener\u00f3 mediante el Asistente para publicar como\r\np\u00e1gina web de Microsoft Excel.-->\r\n<!--Si se vuelve a publicar el mismo elemento desde Excel, se reemplazar\u00e1 toda\r\nla informaci\u00f3n comprendida entre las etiquetas DIV.-->\r\n<!----------------------------->\r\n<!--INICIO DE LOS RESULTADOS DEL ASISTENTE PARA PUBLICAR COMO P\u00c1GINA WEB DE\r\nEXCEL -->\r\n<!----------------------------->\r\n\r\n<div id=\"a69_f27_28996\" align=center x:publishsource=\"Excel\">\r\n\r\n<table border=0 cellpadding=0 cellspacing=0 width=8040 style='border-collapse:\r\n collapse;table-layout:fixed;width:6033pt'>\r\n <col width=117 style='mso-width-source:userset;mso-width-alt:4278;width:88pt'>\r\n <col width=230 style='mso-width-source:userset;mso-width-alt:8411;width:173pt'>\r\n <col width=145 style='mso-width-source:userset;mso-width-alt:5302;width:109pt'>\r\n <col width=129 style='mso-width-source:userset;mso-width-alt:4717;width:97pt'>\r\n <col width=190 style='mso-width-source:userset;mso-width-alt:6948;width:143pt'>\r\n <col width=328 style='mso-width-source:userset;mso-width-alt:11995;width:246pt'>\r\n <col width=149 style='mso-width-source:userset;mso-width-alt:5449;width:112pt'>\r\n <col width=189 style='mso-width-source:userset;mso-width-alt:6912;width:142pt'>\r\n <col width=569 style='mso-width-source:userset;mso-width-alt:20809;width:427pt'>\r\n <col width=172 style='mso-width-source:userset;mso-width-alt:6290;width:129pt'>\r\n <col width=280 style='mso-width-source:userset;mso-width-alt:10240;width:210pt'>\r\n <col width=245 style='mso-width-source:userset;mso-width-alt:8960;width:184pt'>\r\n <col width=226 style='mso-width-source:userset;mso-width-alt:8265;width:170pt'>\r\n <col width=280 style='mso-width-source:userset;mso-width-alt:10240;width:210pt'>\r\n <col width=724 style='mso-width-source:userset;mso-width-alt:26477;width:543pt'>\r\n <col width=300 style='mso-width-source:userset;mso-width-alt:10971;width:225pt'>\r\n <col width=368 style='mso-width-source:userset;mso-width-alt:13458;width:276pt'>\r\n <col width=746 style='mso-width-source:userset;mso-width-alt:27282;width:560pt'>\r\n <col width=711 style='mso-width-source:userset;mso-width-alt:26002;width:533pt'>\r\n <col width=713 style='mso-width-source:userset;mso-width-alt:26075;width:535pt'>\r\n <col width=204 style='mso-width-source:userset;mso-width-alt:7460;width:153pt'>\r\n <col width=279 style='mso-width-source:userset;mso-width-alt:10203;width:209pt'>\r\n <col width=55 style='mso-width-source:userset;mso-width-alt:2011;width:41pt'>\r\n <col width=196 style='mso-width-source:userset;mso-width-alt:7168;width:147pt'>\r\n <col class=xl6528996 width=495 style='mso-width-source:userset;mso-width-alt:\r\n 18102;width:371pt'>\r\n <tr height=0 style='display:none'>\r\n  <td class=xl6628996 width=117 style='width:88pt'>25108<\/td>\r\n  <td class=xl6628996 width=230 style='width:173pt'><\/td>\r\n  <td class=xl6628996 width=145 style='width:109pt'><\/td>\r\n  <td class=xl6628996 width=129 style='width:97pt'><\/td>\r\n  <td class=xl6628996 width=190 style='width:143pt'><\/td>\r\n  <td class=xl6628996 width=328 style='width:246pt'><\/td>\r\n  <td class=xl6628996 width=149 style='width:112pt'><\/td>\r\n  <td class=xl6628996 width=189 style='width:142pt'><\/td>\r\n  <td class=xl6628996 width=569 style='width:427pt'><\/td>\r\n  <td class=xl6628996 width=172 style='width:129pt'><\/td>\r\n  <td class=xl6628996 width=280 style='width:210pt'><\/td>\r\n  <td class=xl6628996 width=245 style='width:184pt'><\/td>\r\n  <td class=xl6628996 width=226 style='width:170pt'><\/td>\r\n  <td class=xl6628996 width=280 style='width:210pt'><\/td>\r\n  <td class=xl6628996 width=724 style='width:543pt'><\/td>\r\n  <td class=xl6628996 width=300 style='width:225pt'><\/td>\r\n  <td class=xl6628996 width=368 style='width:276pt'><\/td>\r\n  <td class=xl6628996 width=746 style='width:560pt'><\/td>\r\n  <td class=xl6628996 width=711 style='width:533pt'><\/td>\r\n  <td class=xl6628996 width=713 style='width:535pt'><\/td>\r\n  <td class=xl6628996 width=204 style='width:153pt'><\/td>\r\n  <td class=xl6628996 width=279 style='width:209pt'><\/td>\r\n  <td class=xl6628996 width=55 style='width:41pt'><\/td>\r\n  <td class=xl6628996 width=196 style='width:147pt'><\/td>\r\n  <td class=xl6728996 width=495 style='width:371pt'><\/td>\r\n <\/tr>\r\n <tr height=20 style='height:15.0pt'>\r\n  <td colspan=3 height=20 class=xl7428996 style='height:15.0pt'>T\u00cdTULO<\/td>\r\n  <td colspan=3 class=xl7428996>NOMBRE CORTO<\/td>\r\n  <td colspan=3 class=xl7428996>DESCRIPCI\u00d3N<\/td>\r\n  <td class=xl6628996><\/td>\r\n  <td class=xl6628996><\/td>\r\n  <td class=xl6628996><\/td>\r\n  <td class=xl6628996><\/td>\r\n  <td class=xl6628996><\/td>\r\n  <td class=xl6628996><\/td>\r\n  <td class=xl6628996><\/td>\r\n  <td class=xl6628996><\/td>\r\n  <td class=xl6628996><\/td>\r\n  <td class=xl6628996><\/td>\r\n  <td class=xl6628996><\/td>\r\n  <td class=xl6628996><\/td>\r\n  <td class=xl6628996><\/td>\r\n  <td class=xl6628996><\/td>\r\n  <td class=xl6628996><\/td>\r\n  <td class=xl6728996 width=495 style='width:371pt'><\/td>\r\n <\/tr>\r\n <tr height=110 style='mso-height-source:userset;height:82.5pt'>\r\n  <td colspan=3 height=110 class=xl6828996 width=492 style='height:82.5pt;\r\n  width:370pt'>FRACCI\u00d3N XXVII.- Concesiones, contratos, convenios, permisos,\r\n  licencias o autorizaciones otorgados.<\/td>\r\n  <td colspan=3 class=xl7528996>a69_f27<\/td>\r\n  <td colspan=3 class=xl6828996 width=907 style='width:681pt'>Las concesiones,\r\n  contratos, convenios, permisos, licencias o autorizaciones otorgados,\r\n  especificando los titulares de aqu\u00e9llos, debiendo publicarse su objeto,\r\n  nombre o raz\u00f3n social del titular, vigencia, tipo, t\u00e9rminos, condiciones,\r\n  monto y modificaciones, as\u00ed como si el procedimiento involucra el\r\n  aprovechamiento de bienes, servicios y\/o recursos p\u00fablicos;<\/td>\r\n  <td class=xl6628996><\/td>\r\n  <td class=xl6628996><\/td>\r\n  <td class=xl6628996><\/td>\r\n  <td class=xl6628996><\/td>\r\n  <td class=xl6628996><\/td>\r\n  <td class=xl6628996><\/td>\r\n  <td class=xl6628996><\/td>\r\n  <td class=xl6628996><\/td>\r\n  <td class=xl6628996><\/td>\r\n  <td class=xl6628996><\/td>\r\n  <td class=xl6628996><\/td>\r\n  <td class=xl6628996><\/td>\r\n  <td class=xl6628996><\/td>\r\n  <td class=xl6628996><\/td>\r\n  <td class=xl6628996><\/td>\r\n  <td class=xl6728996 width=495 style='width:371pt'><\/td>\r\n <\/tr>\r\n <tr height=0 style='display:none'>\r\n  <td class=xl6628996>1<\/td>\r\n  <td class=xl6628996>1<\/td>\r\n  <td class=xl6628996>9<\/td>\r\n  <td class=xl6628996>2<\/td>\r\n  <td class=xl6628996>2<\/td>\r\n  <td class=xl6628996>1<\/td>\r\n  <td class=xl6628996>9<\/td>\r\n  <td class=xl6628996>1<\/td>\r\n  <td class=xl6628996>1<\/td>\r\n  <td class=xl6628996>1<\/td>\r\n  <td class=xl6628996>1<\/td>\r\n  <td class=xl6628996>4<\/td>\r\n  <td class=xl6628996>4<\/td>\r\n  <td class=xl6628996>1<\/td>\r\n  <td class=xl6628996>7<\/td>\r\n  <td class=xl6628996>2<\/td>\r\n  <td class=xl6628996>2<\/td>\r\n  <td class=xl6628996>7<\/td>\r\n  <td class=xl6628996>7<\/td>\r\n  <td class=xl6628996>7<\/td>\r\n  <td class=xl6628996>4<\/td>\r\n  <td class=xl6628996>1<\/td>\r\n  <td class=xl6628996>12<\/td>\r\n  <td class=xl6628996>13<\/td>\r\n  <td class=xl6728996 width=495 style='width:371pt'>14<\/td>\r\n <\/tr>\r\n <tr height=0 style='display:none'>\r\n  <td class=xl6628996>57190<\/td>\r\n  <td class=xl6628996>57194<\/td>\r\n  <td class=xl6628996>57183<\/td>\r\n  <td class=xl6628996>57198<\/td>\r\n  <td class=xl6628996>57180<\/td>\r\n  <td class=xl6628996>57186<\/td>\r\n  <td class=xl6628996>57179<\/td>\r\n  <td class=xl6628996>57189<\/td>\r\n  <td class=xl6628996>57182<\/td>\r\n  <td class=xl6628996>57188<\/td>\r\n  <td class=xl6628996>57184<\/td>\r\n  <td class=xl6628996>57200<\/td>\r\n  <td class=xl6628996>57176<\/td>\r\n  <td class=xl6628996>57185<\/td>\r\n  <td class=xl6628996>57178<\/td>\r\n  <td class=xl6628996>57191<\/td>\r\n  <td class=xl6628996>57199<\/td>\r\n  <td class=xl6628996>57196<\/td>\r\n  <td class=xl6628996>57192<\/td>\r\n  <td class=xl6628996>57187<\/td>\r\n  <td class=xl6628996>57195<\/td>\r\n  <td class=xl6628996>57197<\/td>\r\n  <td class=xl6628996>57193<\/td>\r\n  <td class=xl6628996>57181<\/td>\r\n  <td class=xl6728996 width=495 style='width:371pt'>57177<\/td>\r\n <\/tr>\r\n <tr height=20 style='height:15.0pt'>\r\n  <td colspan=25 height=20 class=xl7428996 style='height:15.0pt'>Tabla Campos<\/td>\r\n <\/tr>\r\n <tr height=34 style='height:25.5pt'>\r\n  <td height=34 class=xl6828996 width=117 style='height:25.5pt;width:88pt'>Ejercicio<\/td>\r\n  <td class=xl6828996 width=230 style='border-left:none;width:173pt'>Periodo\r\n  que se informa<\/td>\r\n  <td class=xl6828996 width=145 style='border-left:none;width:109pt'>Acto\r\n  jur\u00eddico.<\/td>\r\n  <td class=xl6828996 width=129 style='border-left:none;width:97pt'>Objeto<\/td>\r\n  <td class=xl6828996 width=190 style='border-left:none;width:143pt'>Fundamento\r\n  jur\u00eddico<\/td>\r\n  <td class=xl6828996 width=328 style='border-left:none;width:246pt'>Unidad(es)\r\n  responsable(s) de instrumentaci\u00f3n.<\/td>\r\n  <td class=xl6828996 width=149 style='border-left:none;width:112pt'>Sector al\r\n  cual se otorg\u00f3.<\/td>\r\n  <td class=xl6828996 width=189 style='border-left:none;width:142pt'>Nombre(s)<\/td>\r\n  <td class=xl6828996 width=569 style='border-left:none;width:427pt'>Primer\r\n  apellido<\/td>\r\n  <td class=xl6828996 width=172 style='border-left:none;width:129pt'>Segundo\r\n  apellido<\/td>\r\n  <td class=xl6828996 width=280 style='border-left:none;width:210pt'>Raz\u00f3n\r\n  social del titular<\/td>\r\n  <td class=xl6828996 width=245 style='border-left:none;width:184pt'>Fecha de\r\n  inicio de vigencia<\/td>\r\n  <td class=xl6828996 width=226 style='border-left:none;width:170pt'>Fecha de\r\n  t\u00e9rmino de vigencia<\/td>\r\n  <td class=xl6828996 width=280 style='border-left:none;width:210pt'>Cl\u00e1usula,\r\n  punto, art\u00edculo o fracci\u00f3n<span style='mso-spacerun:yes'>\u00a0<\/span><\/td>\r\n  <td class=xl6828996 width=724 style='border-left:none;width:543pt'>Hiperv\u00ednculo\r\n  al documento<\/td>\r\n  <td class=xl6828996 width=300 style='border-left:none;width:225pt'>Monto\r\n  total, bien, servicio o recurso aprovechado.<\/td>\r\n  <td class=xl6828996 width=368 style='border-left:none;width:276pt'>Monto\r\n  entregado al periodo bien\/servicio\/recurso<\/td>\r\n  <td class=xl6828996 width=746 style='border-left:none;width:560pt'>Hiperv\u00ednculo\r\n  documento donde se desglose el gasto<\/td>\r\n  <td class=xl6828996 width=711 style='border-left:none;width:533pt'>Hiperv\u00ednculo\r\n  al informe sobre monto total erogado<\/td>\r\n  <td class=xl6828996 width=713 style='border-left:none;width:535pt'>Hiperv\u00ednculo\r\n  al contrato plurianual modificado<\/td>\r\n  <td class=xl6828996 width=204 style='border-left:none;width:153pt'>Fecha de\r\n  validaci\u00f3n<\/td>\r\n  <td class=xl6828996 width=279 style='border-left:none;width:209pt'>\u00c1rea\r\n  responsable de la informaci\u00f3n<\/td>\r\n  <td class=xl6828996 width=55 style='border-left:none;width:41pt'>A\u00f1o<\/td>\r\n  <td class=xl6828996 width=196 style='border-left:none;width:147pt'>Fecha de\r\n  actualizaci\u00f3n<\/td>\r\n  <td class=xl6828996 width=495 style='border-left:none;width:371pt'>Nota<\/td>\r\n <\/tr>\r\n <tr height=80 style='height:60.0pt'>\r\n  <td height=80 class=xl6928996 style='height:60.0pt;border-top:none'>2017<\/td>\r\n  <td class=xl6928996 style='border-top:none;border-left:none'>octubre-diciembre&nbsp;<\/td>\r\n  <td class=xl6928996 style='border-top:none;border-left:none'>&nbsp;<\/td>\r\n  <td class=xl6928996 style='border-top:none;border-left:none'>N\/A<\/td>\r\n  <td class=xl6928996 style='border-top:none;border-left:none'>N\/A<\/td>\r\n  <td class=xl6928996 style='border-top:none;border-left:none'>N\/A<\/td>\r\n  <td class=xl6928996 style='border-top:none;border-left:none'>&nbsp;<\/td>\r\n  <td class=xl6928996 style='border-top:none;border-left:none'>N\/A<\/td>\r\n  <td class=xl6928996 style='border-top:none;border-left:none'>N\/A<\/td>\r\n  <td class=xl6928996 style='border-top:none;border-left:none'>N\/A<\/td>\r\n  <td class=xl6928996 style='border-top:none;border-left:none'>N\/A<\/td>\r\n  <td class=xl6928996 style='border-top:none;border-left:none'>N\/A<\/td>\r\n  <td class=xl6928996 style='border-top:none;border-left:none'>N\/A<\/td>\r\n  <td class=xl6928996 style='border-top:none;border-left:none'>N\/A<\/td>\r\n  <td class=xl7028996 style='border-top:none;border-left:none'><a\r\n  href=\"https:\/\/www.apan.gob.mx\/descargables\/transparencia\/articulo69\/fraccion27\/turismo\/FrXXVIIa1_1.pdf\">https:\/\/www.apan.gob.mx\/descargables\/transparencia\/articulo69\/fraccion27\/turismo\/FrXXVIIa1_1.pdf<\/a><\/td>\r\n  <td class=xl6928996 style='border-top:none;border-left:none'>N\/A<\/td>\r\n  <td class=xl6928996 style='border-top:none;border-left:none'>N\/A<\/td>\r\n  <td class=xl7028996 style='border-top:none;border-left:none'><a\r\n  href=\"https:\/\/www.apan.gob.mx\/descargables\/transparencia\/articulo69\/fraccion27\/turismo\/FrXXVIIa1_2.pdf\">https:\/\/www.apan.gob.mx\/descargables\/transparencia\/articulo69\/fraccion27\/turismo\/FrXXVIIa1_2.pdf<\/a><\/td>\r\n  <td class=xl7028996 style='border-top:none;border-left:none'><a\r\n  href=\"https:\/\/www.apan.gob.mx\/descargables\/transparencia\/articulo69\/fraccion27\/turismo\/FrXXVIIa1_3.pdf\">https:\/\/www.apan.gob.mx\/descargables\/transparencia\/articulo69\/fraccion27\/turismo\/FrXXVIIa1_3.pdf<\/a><\/td>\r\n  <td class=xl7028996 style='border-top:none;border-left:none'><a\r\n  href=\"https:\/\/www.apan.gob.mx\/descargables\/transparencia\/articulo69\/fraccion27\/turismo\/FrXXVIIa1_4.pdf\">https:\/\/www.apan.gob.mx\/descargables\/transparencia\/articulo69\/fraccion27\/turismo\/FrXXVIIa1_4.pdf<\/a><\/td>\r\n  <td class=xl7128996 style='border-top:none;border-left:none'>18-dic-17<\/td>\r\n  <td class=xl7228996 style='border-top:none;border-left:none'>Turismo<\/td>\r\n  <td class=xl6928996 style='border-top:none;border-left:none'>2017<\/td>\r\n  <td class=xl7128996 style='border-top:none;border-left:none'>01-oct-17<\/td>\r\n  <td class=xl7328996 width=495 style='border-top:none;border-left:none;\r\n  width:371pt'>Se sube la informacion del primer trimestre de 2017 elaborada\r\n  por el anterior titular del area, para su correccion se levantara el acta\r\n  correspondiente a la mayor brevedad.<span style='mso-spacerun:yes'>\u00a0\r\n  <\/span>Los espacios en blanco son informacion que anterior titular no subi\u00f3.<\/td>\r\n <\/tr>\r\n <![if supportMisalignedColumns]>\r\n <tr height=0 style='display:none'>\r\n  <td width=117 style='width:88pt'><\/td>\r\n  <td width=230 style='width:173pt'><\/td>\r\n  <td width=145 style='width:109pt'><\/td>\r\n  <td width=129 style='width:97pt'><\/td>\r\n  <td width=190 style='width:143pt'><\/td>\r\n  <td width=328 style='width:246pt'><\/td>\r\n  <td width=149 style='width:112pt'><\/td>\r\n  <td width=189 style='width:142pt'><\/td>\r\n  <td width=569 style='width:427pt'><\/td>\r\n  <td width=172 style='width:129pt'><\/td>\r\n  <td width=280 style='width:210pt'><\/td>\r\n  <td width=245 style='width:184pt'><\/td>\r\n  <td width=226 style='width:170pt'><\/td>\r\n  <td width=280 style='width:210pt'><\/td>\r\n  <td width=724 style='width:543pt'><\/td>\r\n  <td width=300 style='width:225pt'><\/td>\r\n  <td width=368 style='width:276pt'><\/td>\r\n  <td width=746 style='width:560pt'><\/td>\r\n  <td width=711 style='width:533pt'><\/td>\r\n  <td width=713 style='width:535pt'><\/td>\r\n  <td width=204 style='width:153pt'><\/td>\r\n  <td width=279 style='width:209pt'><\/td>\r\n  <td width=55 style='width:41pt'><\/td>\r\n  <td width=196 style='width:147pt'><\/td>\r\n  <td width=495 style='width:371pt'><\/td>\r\n <\/tr>\r\n <![endif]>\r\n<\/table>\r\n\r\n<\/div>\r\n\r\n\t\t\t\t<\/div>\n\t\t\t\t<\/div>\n\t\t\t\t<div class=\"elementor-element elementor-element-kr3jw12 elementor-widget elementor-widget-button\" data-id=\"kr3jw12\" data-element_type=\"widget\" data-e-type=\"widget\" data-widget_type=\"button.default\">\n\t\t\t\t<div class=\"elementor-widget-container\">\n\t\t\t\t\t\t\t\t\t<div class=\"elementor-button-wrapper\">\n\t\t\t\t\t<a class=\"elementor-button elementor-button-link elementor-size-sm\" href=\"https:\/\/www.apan.gob.mx\/descargables\/transparencia\/articulo69\/fraccion27\/2017_1\/turismo\/a69_f27.xlsx\">\n\t\t\t\t\t\t<span class=\"elementor-button-content-wrapper\">\n\t\t\t\t\t\t\t\t\t<span class=\"elementor-button-text\">Descargar<\/span>\n\t\t\t\t\t<\/span>\n\t\t\t\t\t<\/a>\n\t\t\t\t<\/div>\n\t\t\t\t\t\t\t\t<\/div>\n\t\t\t\t<\/div>\n\t\t\t\t<div class=\"elementor-element elementor-element-hqplcrh elementor-widget elementor-widget-heading\" data-id=\"hqplcrh\" data-element_type=\"widget\" data-e-type=\"widget\" data-widget_type=\"heading.default\">\n\t\t\t\t<div class=\"elementor-widget-container\">\n\t\t\t\t\t<h2 class=\"elementor-heading-title elementor-size-small\">Fecha en que se subi\u00f3 la informaci\u00f3n: 17-enero-19<\/h2>\t\t\t\t<\/div>\n\t\t\t\t<\/div>\n\t\t\t\t\t<\/div>\n\t\t<\/div>\n\t\t\t\t\t<\/div>\n\t\t<\/section>\n\t\t\t\t<\/div>\n\t\t","protected":false},"excerpt":{"rendered":"<p>Fracci\u00f3n XXVll 25108 T\u00cdTULO NOMBRE CORTO DESCRIPCI\u00d3N FRACCI\u00d3N XXVII.- Concesiones, contratos, convenios, permisos, licencias o autorizaciones otorgados. a69_f27 Las concesiones, contratos, convenios, permisos, licencias o autorizaciones otorgados, especificando los titulares de aqu\u00e9llos, debiendo publicarse su objeto, nombre o raz\u00f3n social del titular, vigencia, tipo, t\u00e9rminos, condiciones, monto y modificaciones, as\u00ed como si el procedimiento involucra [&hellip;]<\/p>\n","protected":false},"author":1,"featured_media":0,"parent":0,"menu_order":0,"comment_status":"closed","ping_status":"closed","template":"page-template-full.php","meta":{"footnotes":""},"class_list":["post-4013","page","type-page","status-publish","hentry"],"jetpack_sharing_enabled":true,"_links":{"self":[{"href":"https:\/\/apan.gob.mx\/portal\/wp-json\/wp\/v2\/pages\/4013","targetHints":{"allow":["GET"]}}],"collection":[{"href":"https:\/\/apan.gob.mx\/portal\/wp-json\/wp\/v2\/pages"}],"about":[{"href":"https:\/\/apan.gob.mx\/portal\/wp-json\/wp\/v2\/types\/page"}],"author":[{"embeddable":true,"href":"https:\/\/apan.gob.mx\/portal\/wp-json\/wp\/v2\/users\/1"}],"replies":[{"embeddable":true,"href":"https:\/\/apan.gob.mx\/portal\/wp-json\/wp\/v2\/comments?post=4013"}],"version-history":[{"count":3,"href":"https:\/\/apan.gob.mx\/portal\/wp-json\/wp\/v2\/pages\/4013\/revisions"}],"predecessor-version":[{"id":4016,"href":"https:\/\/apan.gob.mx\/portal\/wp-json\/wp\/v2\/pages\/4013\/revisions\/4016"}],"wp:attachment":[{"href":"https:\/\/apan.gob.mx\/portal\/wp-json\/wp\/v2\/media?parent=4013"}],"curies":[{"name":"wp","href":"https:\/\/api.w.org\/{rel}","templated":true}]}}