{"id":4028,"date":"2019-01-18T15:59:09","date_gmt":"2019-01-18T15:59:09","guid":{"rendered":"https:\/\/apan.gob.mx\/portal\/?page_id=4028"},"modified":"2019-01-18T16:19:38","modified_gmt":"2019-01-18T16:19:38","slug":"turismo_27_2017_3","status":"publish","type":"page","link":"https:\/\/apan.gob.mx\/portal\/turismo_27_2017_3\/","title":{"rendered":"<!--turismo_27_2017_3-->"},"content":{"rendered":"\t\t<div data-elementor-type=\"wp-page\" data-elementor-id=\"4028\" class=\"elementor elementor-4028 elementor-bc-flex-widget\">\n\t\t\t\t\t\t<section class=\"has_ae_slider elementor-section elementor-top-section elementor-element elementor-element-hmurril elementor-section-boxed elementor-section-height-default elementor-section-height-default ae-bg-gallery-type-default\" data-id=\"hmurril\" data-element_type=\"section\" data-e-type=\"section\">\n\t\t\t\t\t\t<div class=\"elementor-container elementor-column-gap-default\">\n\t\t\t\t\t<div class=\"has_ae_slider elementor-column elementor-col-100 elementor-top-column elementor-element elementor-element-urjteel ae-bg-gallery-type-default\" data-id=\"urjteel\" data-element_type=\"column\" data-e-type=\"column\">\n\t\t\t<div class=\"elementor-widget-wrap elementor-element-populated\">\n\t\t\t\t\t\t<div class=\"elementor-element elementor-element-zoczewe elementor-widget elementor-widget-heading\" data-id=\"zoczewe\" data-element_type=\"widget\" data-e-type=\"widget\" data-widget_type=\"heading.default\">\n\t\t\t\t<div class=\"elementor-widget-container\">\n\t\t\t\t\t<h2 class=\"elementor-heading-title elementor-size-medium\">Fracci\u00f3n XXVll<\/h2>\t\t\t\t<\/div>\n\t\t\t\t<\/div>\n\t\t\t\t<div class=\"elementor-element elementor-element-vnfdkch elementor-widget elementor-widget-html\" data-id=\"vnfdkch\" data-element_type=\"widget\" data-e-type=\"widget\" data-widget_type=\"html.default\">\n\t\t\t\t<div class=\"elementor-widget-container\">\n\t\t\t\t\t<style>\r\nv\\:* {behavior:url(#default#VML);}\r\no\\:* {behavior:url(#default#VML);}\r\nx\\:* {behavior:url(#default#VML);}\r\n.shape {behavior:url(#default#VML);}\r\n<\/style>\r\n<![endif]-->\r\n<style id=\"a69_f27_8724_Styles\">\r\n<!--table\r\n\t{mso-displayed-decimal-separator:\"\\.\";\r\n\tmso-displayed-thousand-separator:\"\\,\";}\r\n.xl158724\r\n\t{padding:0px;\r\n\tmso-ignore:padding;\r\n\tcolor:black;\r\n\tfont-size:11.0pt;\r\n\tfont-weight:400;\r\n\tfont-style:normal;\r\n\ttext-decoration:none;\r\n\tfont-family:Calibri, sans-serif;\r\n\tmso-font-charset:0;\r\n\tmso-number-format:General;\r\n\ttext-align:general;\r\n\tvertical-align:bottom;\r\n\tmso-background-source:auto;\r\n\tmso-pattern:auto;\r\n\twhite-space:nowrap;}\r\n.xl658724\r\n\t{padding:0px;\r\n\tmso-ignore:padding;\r\n\tcolor:black;\r\n\tfont-size:11.0pt;\r\n\tfont-weight:400;\r\n\tfont-style:normal;\r\n\ttext-decoration:none;\r\n\tfont-family:Calibri, sans-serif;\r\n\tmso-font-charset:0;\r\n\tmso-number-format:General;\r\n\ttext-align:general;\r\n\tvertical-align:bottom;\r\n\tmso-background-source:auto;\r\n\tmso-pattern:auto;\r\n\twhite-space:normal;}\r\n.xl668724\r\n\t{padding:0px;\r\n\tmso-ignore:padding;\r\n\tcolor:black;\r\n\tfont-size:11.0pt;\r\n\tfont-weight:400;\r\n\tfont-style:normal;\r\n\ttext-decoration:none;\r\n\tfont-family:Calibri, sans-serif;\r\n\tmso-font-charset:0;\r\n\tmso-number-format:General;\r\n\ttext-align:center;\r\n\tvertical-align:middle;\r\n\tmso-background-source:auto;\r\n\tmso-pattern:auto;\r\n\twhite-space:nowrap;}\r\n.xl678724\r\n\t{padding:0px;\r\n\tmso-ignore:padding;\r\n\tcolor:black;\r\n\tfont-size:11.0pt;\r\n\tfont-weight:400;\r\n\tfont-style:normal;\r\n\ttext-decoration:none;\r\n\tfont-family:Calibri, sans-serif;\r\n\tmso-font-charset:0;\r\n\tmso-number-format:General;\r\n\ttext-align:center;\r\n\tvertical-align:middle;\r\n\tmso-background-source:auto;\r\n\tmso-pattern:auto;\r\n\twhite-space:normal;}\r\n.xl688724\r\n\t{padding:0px;\r\n\tmso-ignore:padding;\r\n\tcolor:white;\r\n\tfont-size:11.0pt;\r\n\tfont-weight:700;\r\n\tfont-style:normal;\r\n\ttext-decoration:none;\r\n\tfont-family:Arial, sans-serif;\r\n\tmso-font-charset:0;\r\n\tmso-number-format:General;\r\n\ttext-align:center;\r\n\tvertical-align:middle;\r\n\tborder:.5pt solid windowtext;\r\n\tbackground:#333333;\r\n\tmso-pattern:black none;\r\n\twhite-space:nowrap;}\r\n.xl698724\r\n\t{padding:0px;\r\n\tmso-ignore:padding;\r\n\tcolor:black;\r\n\tfont-size:10.0pt;\r\n\tfont-weight:400;\r\n\tfont-style:normal;\r\n\ttext-decoration:none;\r\n\tfont-family:Arial, sans-serif;\r\n\tmso-font-charset:0;\r\n\tmso-number-format:General;\r\n\ttext-align:center;\r\n\tvertical-align:middle;\r\n\tborder:.5pt solid windowtext;\r\n\tbackground:#E1E1E1;\r\n\tmso-pattern:black none;\r\n\twhite-space:nowrap;}\r\n.xl708724\r\n\t{padding:0px;\r\n\tmso-ignore:padding;\r\n\tcolor:black;\r\n\tfont-size:10.0pt;\r\n\tfont-weight:400;\r\n\tfont-style:normal;\r\n\ttext-decoration:none;\r\n\tfont-family:Arial, sans-serif;\r\n\tmso-font-charset:0;\r\n\tmso-number-format:General;\r\n\ttext-align:center;\r\n\tvertical-align:middle;\r\n\tborder:.5pt solid windowtext;\r\n\tbackground:#E1E1E1;\r\n\tmso-pattern:black none;\r\n\twhite-space:normal;}\r\n.xl718724\r\n\t{padding:0px;\r\n\tmso-ignore:padding;\r\n\tcolor:black;\r\n\tfont-size:11.0pt;\r\n\tfont-weight:400;\r\n\tfont-style:normal;\r\n\ttext-decoration:none;\r\n\tfont-family:Calibri, sans-serif;\r\n\tmso-font-charset:0;\r\n\tmso-number-format:General;\r\n\ttext-align:center;\r\n\tvertical-align:middle;\r\n\tborder:.5pt solid windowtext;\r\n\tbackground:white;\r\n\tmso-pattern:black none;\r\n\twhite-space:nowrap;}\r\n.xl728724\r\n\t{padding:0px;\r\n\tmso-ignore:padding;\r\n\tcolor:black;\r\n\tfont-size:10.0pt;\r\n\tfont-weight:400;\r\n\tfont-style:normal;\r\n\ttext-decoration:none;\r\n\tfont-family:Arial, sans-serif;\r\n\tmso-font-charset:0;\r\n\tmso-number-format:General;\r\n\ttext-align:center;\r\n\tvertical-align:middle;\r\n\tborder:.5pt solid windowtext;\r\n\tbackground:white;\r\n\tmso-pattern:black none;\r\n\twhite-space:nowrap;}\r\n.xl738724\r\n\t{padding:0px;\r\n\tmso-ignore:padding;\r\n\tcolor:black;\r\n\tfont-size:11.0pt;\r\n\tfont-weight:400;\r\n\tfont-style:normal;\r\n\ttext-decoration:none;\r\n\tfont-family:Calibri, sans-serif;\r\n\tmso-font-charset:0;\r\n\tmso-number-format:General;\r\n\ttext-align:center;\r\n\tvertical-align:middle;\r\n\tborder:.5pt solid windowtext;\r\n\tbackground:white;\r\n\tmso-pattern:black none;\r\n\twhite-space:normal;}\r\n.xl748724\r\n\t{padding:0px;\r\n\tmso-ignore:padding;\r\n\tcolor:#0563C1;\r\n\tfont-size:11.0pt;\r\n\tfont-weight:400;\r\n\tfont-style:normal;\r\n\ttext-decoration:underline;\r\n\ttext-underline-style:single;\r\n\tfont-family:Calibri, sans-serif;\r\n\tmso-font-charset:0;\r\n\tmso-number-format:General;\r\n\ttext-align:center;\r\n\tvertical-align:middle;\r\n\tborder:.5pt solid windowtext;\r\n\tbackground:white;\r\n\tmso-pattern:black none;\r\n\twhite-space:nowrap;}\r\n.xl758724\r\n\t{padding:0px;\r\n\tmso-ignore:padding;\r\n\tcolor:black;\r\n\tfont-size:10.0pt;\r\n\tfont-weight:400;\r\n\tfont-style:normal;\r\n\ttext-decoration:none;\r\n\tfont-family:Arial, sans-serif;\r\n\tmso-font-charset:0;\r\n\tmso-number-format:\"Medium Date\";\r\n\ttext-align:center;\r\n\tvertical-align:middle;\r\n\tborder:.5pt solid windowtext;\r\n\tbackground:white;\r\n\tmso-pattern:black none;\r\n\twhite-space:nowrap;}\r\n-->\r\n<\/style>\r\n<\/head>\r\n\r\n<body>\r\n<!--[if !excel]>&nbsp;&nbsp;<![endif]-->\r\n<!--La siguiente informaci\u00f3n se gener\u00f3 mediante el Asistente para publicar como\r\np\u00e1gina web de Microsoft Excel.-->\r\n<!--Si se vuelve a publicar el mismo elemento desde Excel, se reemplazar\u00e1 toda\r\nla informaci\u00f3n comprendida entre las etiquetas DIV.-->\r\n<!----------------------------->\r\n<!--INICIO DE LOS RESULTADOS DEL ASISTENTE PARA PUBLICAR COMO P\u00c1GINA WEB DE\r\nEXCEL -->\r\n<!----------------------------->\r\n\r\n<div id=\"a69_f27_8724\" align=center x:publishsource=\"Excel\">\r\n\r\n<table border=0 cellpadding=0 cellspacing=0 width=10082 style='border-collapse:\r\n collapse;table-layout:fixed;width:7563pt'>\r\n <col width=231 style='mso-width-source:userset;mso-width-alt:8448;width:173pt'>\r\n <col width=246 style='mso-width-source:userset;mso-width-alt:8996;width:185pt'>\r\n <col width=440 style='mso-width-source:userset;mso-width-alt:16091;width:330pt'>\r\n <col width=398 style='mso-width-source:userset;mso-width-alt:14555;width:299pt'>\r\n <col width=410 style='mso-width-source:userset;mso-width-alt:14994;width:308pt'>\r\n <col width=380 style='mso-width-source:userset;mso-width-alt:13897;width:285pt'>\r\n <col width=149 style='mso-width-source:userset;mso-width-alt:5449;width:112pt'>\r\n <col width=419 style='mso-width-source:userset;mso-width-alt:15323;width:314pt'>\r\n <col class=xl658724 width=523 style='mso-width-source:userset;mso-width-alt:\r\n 19126;width:392pt'>\r\n <col width=420 style='mso-width-source:userset;mso-width-alt:15360;width:315pt'>\r\n <col width=405 style='mso-width-source:userset;mso-width-alt:14811;width:304pt'>\r\n <col width=359 style='mso-width-source:userset;mso-width-alt:13129;width:269pt'>\r\n <col width=313 style='mso-width-source:userset;mso-width-alt:11446;width:235pt'>\r\n <col width=387 style='mso-width-source:userset;mso-width-alt:14153;width:290pt'>\r\n <col width=683 style='mso-width-source:userset;mso-width-alt:24978;width:512pt'>\r\n <col width=634 style='mso-width-source:userset;mso-width-alt:23186;width:476pt'>\r\n <col width=295 style='mso-width-source:userset;mso-width-alt:10788;width:221pt'>\r\n <col width=712 style='mso-width-source:userset;mso-width-alt:26038;width:534pt'>\r\n <col width=753 style='mso-width-source:userset;mso-width-alt:27538;width:565pt'>\r\n <col width=743 style='mso-width-source:userset;mso-width-alt:27172;width:557pt'>\r\n <col width=173 style='mso-width-source:userset;mso-width-alt:6326;width:130pt'>\r\n <col width=241 style='mso-width-source:userset;mso-width-alt:8813;width:181pt'>\r\n <col width=60 style='mso-width-source:userset;mso-width-alt:2194;width:45pt'>\r\n <col width=207 style='mso-width-source:userset;mso-width-alt:7570;width:155pt'>\r\n <col class=xl658724 width=501 style='mso-width-source:userset;mso-width-alt:\r\n 18322;width:376pt'>\r\n <tr height=0 style='display:none'>\r\n  <td class=xl668724 width=231 style='width:173pt'>25108<\/td>\r\n  <td class=xl668724 width=246 style='width:185pt'><\/td>\r\n  <td class=xl668724 width=440 style='width:330pt'><\/td>\r\n  <td class=xl668724 width=398 style='width:299pt'><\/td>\r\n  <td class=xl668724 width=410 style='width:308pt'><\/td>\r\n  <td class=xl668724 width=380 style='width:285pt'><\/td>\r\n  <td class=xl668724 width=149 style='width:112pt'><\/td>\r\n  <td class=xl668724 width=419 style='width:314pt'><\/td>\r\n  <td class=xl678724 width=523 style='width:392pt'><\/td>\r\n  <td class=xl668724 width=420 style='width:315pt'><\/td>\r\n  <td class=xl668724 width=405 style='width:304pt'><\/td>\r\n  <td class=xl668724 width=359 style='width:269pt'><\/td>\r\n  <td class=xl668724 width=313 style='width:235pt'><\/td>\r\n  <td class=xl668724 width=387 style='width:290pt'><\/td>\r\n  <td class=xl668724 width=683 style='width:512pt'><\/td>\r\n  <td class=xl668724 width=634 style='width:476pt'><\/td>\r\n  <td class=xl668724 width=295 style='width:221pt'><\/td>\r\n  <td class=xl668724 width=712 style='width:534pt'><\/td>\r\n  <td class=xl668724 width=753 style='width:565pt'><\/td>\r\n  <td class=xl668724 width=743 style='width:557pt'><\/td>\r\n  <td class=xl668724 width=173 style='width:130pt'><\/td>\r\n  <td class=xl668724 width=241 style='width:181pt'><\/td>\r\n  <td class=xl668724 width=60 style='width:45pt'><\/td>\r\n  <td class=xl668724 width=207 style='width:155pt'><\/td>\r\n  <td class=xl678724 width=501 style='width:376pt'><\/td>\r\n <\/tr>\r\n <tr height=20 style='height:15.0pt'>\r\n  <td colspan=3 height=20 class=xl688724 style='height:15.0pt'>T\u00cdTULO<\/td>\r\n  <td colspan=3 class=xl688724>NOMBRE CORTO<\/td>\r\n  <td colspan=3 class=xl688724>DESCRIPCI\u00d3N<\/td>\r\n  <td class=xl668724><\/td>\r\n  <td class=xl668724><\/td>\r\n  <td class=xl668724><\/td>\r\n  <td class=xl668724><\/td>\r\n  <td class=xl668724><\/td>\r\n  <td class=xl668724><\/td>\r\n  <td class=xl668724><\/td>\r\n  <td class=xl668724><\/td>\r\n  <td class=xl668724><\/td>\r\n  <td class=xl668724><\/td>\r\n  <td class=xl668724><\/td>\r\n  <td class=xl668724><\/td>\r\n  <td class=xl668724><\/td>\r\n  <td class=xl668724><\/td>\r\n  <td class=xl668724><\/td>\r\n  <td class=xl678724 width=501 style='width:376pt'><\/td>\r\n <\/tr>\r\n <tr height=89 style='mso-height-source:userset;height:66.75pt'>\r\n  <td colspan=3 height=89 class=xl698724 style='height:66.75pt'>FRACCI\u00d3N\r\n  XXVII.- Concesiones, contratos, convenios, permisos, licencias o\r\n  autorizaciones otorgados.<\/td>\r\n  <td colspan=3 class=xl698724>a69_f27<\/td>\r\n  <td colspan=3 class=xl708724 width=1091 style='width:818pt'>Las concesiones,\r\n  contratos, convenios, permisos, licencias o autorizaciones otorgados,\r\n  especificando los titulares de aqu\u00e9llos, debiendo publicarse su objeto,\r\n  nombre o raz\u00f3n social del titular, vigencia, tipo, t\u00e9rminos, condiciones,\r\n  monto y modificaciones, as\u00ed como si el procedimiento involucra el\r\n  aprovechamiento de bienes, servicios y\/o recursos p\u00fablicos;<\/td>\r\n  <td class=xl668724><\/td>\r\n  <td class=xl668724><\/td>\r\n  <td class=xl668724><\/td>\r\n  <td class=xl668724><\/td>\r\n  <td class=xl668724><\/td>\r\n  <td class=xl668724><\/td>\r\n  <td class=xl668724><\/td>\r\n  <td class=xl668724><\/td>\r\n  <td class=xl668724><\/td>\r\n  <td class=xl668724><\/td>\r\n  <td class=xl668724><\/td>\r\n  <td class=xl668724><\/td>\r\n  <td class=xl668724><\/td>\r\n  <td class=xl668724><\/td>\r\n  <td class=xl668724><\/td>\r\n  <td class=xl678724 width=501 style='width:376pt'><\/td>\r\n <\/tr>\r\n <tr height=0 style='display:none'>\r\n  <td class=xl668724>1<\/td>\r\n  <td class=xl668724>1<\/td>\r\n  <td class=xl668724>9<\/td>\r\n  <td class=xl668724>2<\/td>\r\n  <td class=xl668724>2<\/td>\r\n  <td class=xl668724>1<\/td>\r\n  <td class=xl668724>9<\/td>\r\n  <td class=xl668724>1<\/td>\r\n  <td class=xl678724 width=523 style='width:392pt'>1<\/td>\r\n  <td class=xl668724>1<\/td>\r\n  <td class=xl668724>1<\/td>\r\n  <td class=xl668724>4<\/td>\r\n  <td class=xl668724>4<\/td>\r\n  <td class=xl668724>1<\/td>\r\n  <td class=xl668724>7<\/td>\r\n  <td class=xl668724>2<\/td>\r\n  <td class=xl668724>2<\/td>\r\n  <td class=xl668724>7<\/td>\r\n  <td class=xl668724>7<\/td>\r\n  <td class=xl668724>7<\/td>\r\n  <td class=xl668724>4<\/td>\r\n  <td class=xl668724>1<\/td>\r\n  <td class=xl668724>12<\/td>\r\n  <td class=xl668724>13<\/td>\r\n  <td class=xl678724 width=501 style='width:376pt'>14<\/td>\r\n <\/tr>\r\n <tr height=0 style='display:none'>\r\n  <td class=xl668724>57190<\/td>\r\n  <td class=xl668724>57194<\/td>\r\n  <td class=xl668724>57183<\/td>\r\n  <td class=xl668724>57198<\/td>\r\n  <td class=xl668724>57180<\/td>\r\n  <td class=xl668724>57186<\/td>\r\n  <td class=xl668724>57179<\/td>\r\n  <td class=xl668724>57189<\/td>\r\n  <td class=xl678724 width=523 style='width:392pt'>57182<\/td>\r\n  <td class=xl668724>57188<\/td>\r\n  <td class=xl668724>57184<\/td>\r\n  <td class=xl668724>57200<\/td>\r\n  <td class=xl668724>57176<\/td>\r\n  <td class=xl668724>57185<\/td>\r\n  <td class=xl668724>57178<\/td>\r\n  <td class=xl668724>57191<\/td>\r\n  <td class=xl668724>57199<\/td>\r\n  <td class=xl668724>57196<\/td>\r\n  <td class=xl668724>57192<\/td>\r\n  <td class=xl668724>57187<\/td>\r\n  <td class=xl668724>57195<\/td>\r\n  <td class=xl668724>57197<\/td>\r\n  <td class=xl668724>57193<\/td>\r\n  <td class=xl668724>57181<\/td>\r\n  <td class=xl678724 width=501 style='width:376pt'>57177<\/td>\r\n <\/tr>\r\n <tr height=20 style='height:15.0pt'>\r\n  <td colspan=25 height=20 class=xl688724 style='height:15.0pt'>Tabla Campos<\/td>\r\n <\/tr>\r\n <tr height=34 style='height:25.5pt'>\r\n  <td height=34 class=xl708724 width=231 style='height:25.5pt;width:173pt'>Ejercicio<\/td>\r\n  <td class=xl708724 width=246 style='border-left:none;width:185pt'>Periodo que\r\n  se informa<\/td>\r\n  <td class=xl708724 width=440 style='border-left:none;width:330pt'>Acto\r\n  jur\u00eddico.<\/td>\r\n  <td class=xl708724 width=398 style='border-left:none;width:299pt'>Objeto<\/td>\r\n  <td class=xl708724 width=410 style='border-left:none;width:308pt'>Fundamento\r\n  jur\u00eddico<\/td>\r\n  <td class=xl708724 width=380 style='border-left:none;width:285pt'>Unidad(es)\r\n  responsable(s) de instrumentaci\u00f3n.<\/td>\r\n  <td class=xl708724 width=149 style='border-left:none;width:112pt'>Sector al\r\n  cual se otorg\u00f3.<\/td>\r\n  <td class=xl708724 width=419 style='border-left:none;width:314pt'>Nombre(s)<\/td>\r\n  <td class=xl708724 width=523 style='border-left:none;width:392pt'>Primer\r\n  apellido<\/td>\r\n  <td class=xl708724 width=420 style='border-left:none;width:315pt'>Segundo\r\n  apellido<\/td>\r\n  <td class=xl708724 width=405 style='border-left:none;width:304pt'>Raz\u00f3n\r\n  social del titular<\/td>\r\n  <td class=xl708724 width=359 style='border-left:none;width:269pt'>Fecha de\r\n  inicio de vigencia<\/td>\r\n  <td class=xl708724 width=313 style='border-left:none;width:235pt'>Fecha de\r\n  t\u00e9rmino de vigencia<\/td>\r\n  <td class=xl708724 width=387 style='border-left:none;width:290pt'>Cl\u00e1usula,\r\n  punto, art\u00edculo o fracci\u00f3n<span style='mso-spacerun:yes'>\u00a0<\/span><\/td>\r\n  <td class=xl708724 width=683 style='border-left:none;width:512pt'>Hiperv\u00ednculo\r\n  al documento<\/td>\r\n  <td class=xl708724 width=634 style='border-left:none;width:476pt'>Monto\r\n  total, bien, servicio o recurso aprovechado.<\/td>\r\n  <td class=xl708724 width=295 style='border-left:none;width:221pt'>Monto\r\n  entregado al periodo bien\/servicio\/recurso<\/td>\r\n  <td class=xl708724 width=712 style='border-left:none;width:534pt'>Hiperv\u00ednculo\r\n  documento donde se desglose el gasto<\/td>\r\n  <td class=xl708724 width=753 style='border-left:none;width:565pt'>Hiperv\u00ednculo\r\n  al informe sobre monto total erogado<\/td>\r\n  <td class=xl708724 width=743 style='border-left:none;width:557pt'>Hiperv\u00ednculo\r\n  al contrato plurianual modificado<\/td>\r\n  <td class=xl708724 width=173 style='border-left:none;width:130pt'>Fecha de\r\n  validaci\u00f3n<\/td>\r\n  <td class=xl708724 width=241 style='border-left:none;width:181pt'>\u00c1rea\r\n  responsable de la informaci\u00f3n<\/td>\r\n  <td class=xl708724 width=60 style='border-left:none;width:45pt'>A\u00f1o<\/td>\r\n  <td class=xl708724 width=207 style='border-left:none;width:155pt'>Fecha de\r\n  actualizaci\u00f3n<\/td>\r\n  <td class=xl708724 width=501 style='border-left:none;width:376pt'>Nota<\/td>\r\n <\/tr>\r\n <tr height=60 style='height:45.0pt'>\r\n  <td height=60 class=xl718724 style='height:45.0pt;border-top:none'>2017<\/td>\r\n  <td class=xl718724 style='border-top:none;border-left:none'>Julio-septiembre<\/td>\r\n  <td class=xl728724 style='border-top:none;border-left:none'>Hasta el momento\r\n  no se ha generdo informacion<\/td>\r\n  <td class=xl718724 style='border-top:none;border-left:none'>Hasta el momento\r\n  no se ha generdo informacion<\/td>\r\n  <td class=xl718724 style='border-top:none;border-left:none'>Hasta el momento\r\n  no se ha generdo informacion<\/td>\r\n  <td class=xl728724 style='border-top:none;border-left:none'>Hasta el momento\r\n  no se ha generdo informacion<\/td>\r\n  <td class=xl718724 style='border-top:none;border-left:none'>P\u00fablico<\/td>\r\n  <td class=xl718724 style='border-top:none;border-left:none'>Hasta el momento\r\n  no se ha generdo informacion<\/td>\r\n  <td class=xl738724 width=523 style='border-top:none;border-left:none;\r\n  width:392pt'>Hasta el momento no se ha generdo informacion<\/td>\r\n  <td class=xl718724 style='border-top:none;border-left:none'>Hasta el momento\r\n  no se ha generdo informacion<\/td>\r\n  <td class=xl718724 style='border-top:none;border-left:none'>Hasta el momento\r\n  no se ha generdo informacion<\/td>\r\n  <td class=xl718724 style='border-top:none;border-left:none'>&nbsp;<\/td>\r\n  <td class=xl718724 style='border-top:none;border-left:none'>Hasta el momento\r\n  no se ha generdo informacion<\/td>\r\n  <td class=xl718724 style='border-top:none;border-left:none'>Hasta el momento\r\n  no se ha generdo informacion<span style='mso-spacerun:yes'>\u00a0\u00a0<\/span><\/td>\r\n  <td class=xl748724 style='border-top:none;border-left:none'><a\r\n  href=\"http:\/\/www.apan.gob.mx\/descargables\/transparencia\/articulo69\/fraccion27\/turismo\/FrXXVIIa1_1.pdf\">http:\/\/www.apan.gob.mx\/descargables\/transparencia\/articulo69\/fraccion27\/turismo\/FrXXVIIa1_1.pdf<\/a><\/td>\r\n  <td class=xl718724 style='border-top:none;border-left:none'>Hasta el momento\r\n  no se ha generdo informacion<span style='mso-spacerun:yes'>\u00a0 <\/span>Hasta el\r\n  momento no se ha generdo informacion<span style='mso-spacerun:yes'>\u00a0\u00a0<\/span><\/td>\r\n  <td class=xl718724 style='border-top:none;border-left:none'>N\/A<\/td>\r\n  <td class=xl748724 style='border-top:none;border-left:none'><a\r\n  href=\"http:\/\/www.apan.gob.mx\/descargables\/transparencia\/articulo69\/fraccion27\/turismo\/FrXXVIIa1_1.pdf\">http:\/\/www.apan.gob.mx\/descargables\/transparencia\/articulo69\/fraccion27\/turismo\/FrXXVIIa1_1.pdf<\/a><\/td>\r\n  <td class=xl748724 style='border-top:none;border-left:none'><a\r\n  href=\"http:\/\/www.apan.gob.mx\/descargables\/transparencia\/articulo69\/fraccion27\/turismo\/FrXXVIIa1_1.pdf\">http:\/\/www.apan.gob.mx\/descargables\/transparencia\/articulo69\/fraccion27\/turismo\/FrXXVIIa1_1.pdf<\/a><\/td>\r\n  <td class=xl748724 style='border-top:none;border-left:none'><a\r\n  href=\"http:\/\/www.apan.gob.mx\/descargables\/transparencia\/articulo69\/fraccion27\/turismo\/FrXXVIIa1_1.pdf\">http:\/\/www.apan.gob.mx\/descargables\/transparencia\/articulo69\/fraccion27\/turismo\/FrXXVIIa1_1.pdf<\/a><\/td>\r\n  <td class=xl758724 style='border-top:none;border-left:none'>30-jun-17<\/td>\r\n  <td class=xl728724 style='border-top:none;border-left:none'>coordinacion de\r\n  turismo<\/td>\r\n  <td class=xl718724 style='border-top:none;border-left:none'>2017<\/td>\r\n  <td class=xl758724 style='border-top:none;border-left:none'>01-oct-17<\/td>\r\n  <td class=xl738724 width=501 style='border-top:none;border-left:none;\r\n  width:376pt'>Se sube la informacion del tercer trimestre de 2017 elaborada\r\n  por el anterior titular del area, para su correccion se levantar\u00e1 el acta\r\n  correspondiente a la mayor brevedad.<\/td>\r\n <\/tr>\r\n <![if supportMisalignedColumns]>\r\n <tr height=0 style='display:none'>\r\n  <td width=231 style='width:173pt'><\/td>\r\n  <td width=246 style='width:185pt'><\/td>\r\n  <td width=440 style='width:330pt'><\/td>\r\n  <td width=398 style='width:299pt'><\/td>\r\n  <td width=410 style='width:308pt'><\/td>\r\n  <td width=380 style='width:285pt'><\/td>\r\n  <td width=149 style='width:112pt'><\/td>\r\n  <td width=419 style='width:314pt'><\/td>\r\n  <td width=523 style='width:392pt'><\/td>\r\n  <td width=420 style='width:315pt'><\/td>\r\n  <td width=405 style='width:304pt'><\/td>\r\n  <td width=359 style='width:269pt'><\/td>\r\n  <td width=313 style='width:235pt'><\/td>\r\n  <td width=387 style='width:290pt'><\/td>\r\n  <td width=683 style='width:512pt'><\/td>\r\n  <td width=634 style='width:476pt'><\/td>\r\n  <td width=295 style='width:221pt'><\/td>\r\n  <td width=712 style='width:534pt'><\/td>\r\n  <td width=753 style='width:565pt'><\/td>\r\n  <td width=743 style='width:557pt'><\/td>\r\n  <td width=173 style='width:130pt'><\/td>\r\n  <td width=241 style='width:181pt'><\/td>\r\n  <td width=60 style='width:45pt'><\/td>\r\n  <td width=207 style='width:155pt'><\/td>\r\n  <td width=501 style='width:376pt'><\/td>\r\n <\/tr>\r\n <![endif]>\r\n<\/table>\r\n\r\n<\/div>\r\n\r\n\r\n\t\t\t\t<\/div>\n\t\t\t\t<\/div>\n\t\t\t\t<div class=\"elementor-element elementor-element-7bm4vyf elementor-widget elementor-widget-button\" data-id=\"7bm4vyf\" data-element_type=\"widget\" data-e-type=\"widget\" data-widget_type=\"button.default\">\n\t\t\t\t<div class=\"elementor-widget-container\">\n\t\t\t\t\t\t\t\t\t<div class=\"elementor-button-wrapper\">\n\t\t\t\t\t<a class=\"elementor-button elementor-button-link elementor-size-sm\" href=\"https:\/\/www.apan.gob.mx\/descargables\/transparencia\/articulo69\/fraccion27\/2017_3\/turismo\/a69_f27.xlsx\">\n\t\t\t\t\t\t<span class=\"elementor-button-content-wrapper\">\n\t\t\t\t\t\t\t\t\t<span class=\"elementor-button-text\">Descargar<\/span>\n\t\t\t\t\t<\/span>\n\t\t\t\t\t<\/a>\n\t\t\t\t<\/div>\n\t\t\t\t\t\t\t\t<\/div>\n\t\t\t\t<\/div>\n\t\t\t\t<div class=\"elementor-element elementor-element-rabddsk elementor-widget elementor-widget-heading\" data-id=\"rabddsk\" data-element_type=\"widget\" data-e-type=\"widget\" data-widget_type=\"heading.default\">\n\t\t\t\t<div class=\"elementor-widget-container\">\n\t\t\t\t\t<h2 class=\"elementor-heading-title elementor-size-small\">Fecha en que se subi\u00f3 la informaci\u00f3n: 18-enero-19<\/h2>\t\t\t\t<\/div>\n\t\t\t\t<\/div>\n\t\t\t\t\t<\/div>\n\t\t<\/div>\n\t\t\t\t\t<\/div>\n\t\t<\/section>\n\t\t\t\t<\/div>\n\t\t","protected":false},"excerpt":{"rendered":"<p>Fracci\u00f3n XXVll 25108 T\u00cdTULO NOMBRE CORTO DESCRIPCI\u00d3N FRACCI\u00d3N XXVII.- Concesiones, contratos, convenios, permisos, licencias o autorizaciones otorgados. a69_f27 Las concesiones, contratos, convenios, permisos, licencias o autorizaciones otorgados, especificando los titulares de aqu\u00e9llos, debiendo publicarse su objeto, nombre o raz\u00f3n social del titular, vigencia, tipo, t\u00e9rminos, condiciones, monto y modificaciones, as\u00ed como si el procedimiento involucra [&hellip;]<\/p>\n","protected":false},"author":1,"featured_media":0,"parent":0,"menu_order":0,"comment_status":"closed","ping_status":"closed","template":"page-template-full.php","meta":{"footnotes":""},"class_list":["post-4028","page","type-page","status-publish","hentry"],"jetpack_sharing_enabled":true,"_links":{"self":[{"href":"https:\/\/apan.gob.mx\/portal\/wp-json\/wp\/v2\/pages\/4028","targetHints":{"allow":["GET"]}}],"collection":[{"href":"https:\/\/apan.gob.mx\/portal\/wp-json\/wp\/v2\/pages"}],"about":[{"href":"https:\/\/apan.gob.mx\/portal\/wp-json\/wp\/v2\/types\/page"}],"author":[{"embeddable":true,"href":"https:\/\/apan.gob.mx\/portal\/wp-json\/wp\/v2\/users\/1"}],"replies":[{"embeddable":true,"href":"https:\/\/apan.gob.mx\/portal\/wp-json\/wp\/v2\/comments?post=4028"}],"version-history":[{"count":3,"href":"https:\/\/apan.gob.mx\/portal\/wp-json\/wp\/v2\/pages\/4028\/revisions"}],"predecessor-version":[{"id":4031,"href":"https:\/\/apan.gob.mx\/portal\/wp-json\/wp\/v2\/pages\/4028\/revisions\/4031"}],"wp:attachment":[{"href":"https:\/\/apan.gob.mx\/portal\/wp-json\/wp\/v2\/media?parent=4028"}],"curies":[{"name":"wp","href":"https:\/\/api.w.org\/{rel}","templated":true}]}}