{"id":4041,"date":"2019-01-18T18:25:58","date_gmt":"2019-01-18T18:25:58","guid":{"rendered":"https:\/\/apan.gob.mx\/portal\/?page_id=4041"},"modified":"2019-01-18T18:30:42","modified_gmt":"2019-01-18T18:30:42","slug":"turismo_27_2017_4","status":"publish","type":"page","link":"https:\/\/apan.gob.mx\/portal\/turismo_27_2017_4\/","title":{"rendered":"<!--turismo_27_2017_4-->"},"content":{"rendered":"\t\t<div data-elementor-type=\"wp-page\" data-elementor-id=\"4041\" class=\"elementor elementor-4041 elementor-bc-flex-widget\">\n\t\t\t\t\t\t<section class=\"has_ae_slider elementor-section elementor-top-section elementor-element elementor-element-aqqdixw elementor-section-boxed elementor-section-height-default elementor-section-height-default ae-bg-gallery-type-default\" data-id=\"aqqdixw\" data-element_type=\"section\" data-e-type=\"section\">\n\t\t\t\t\t\t<div class=\"elementor-container elementor-column-gap-default\">\n\t\t\t\t\t<div class=\"has_ae_slider elementor-column elementor-col-100 elementor-top-column elementor-element elementor-element-xmyumjr ae-bg-gallery-type-default\" data-id=\"xmyumjr\" data-element_type=\"column\" data-e-type=\"column\">\n\t\t\t<div class=\"elementor-widget-wrap elementor-element-populated\">\n\t\t\t\t\t\t<div class=\"elementor-element elementor-element-ocamtfw elementor-widget elementor-widget-heading\" data-id=\"ocamtfw\" data-element_type=\"widget\" data-e-type=\"widget\" data-widget_type=\"heading.default\">\n\t\t\t\t<div class=\"elementor-widget-container\">\n\t\t\t\t\t<h2 class=\"elementor-heading-title elementor-size-medium\">Fracci\u00f3n XXVll<\/h2>\t\t\t\t<\/div>\n\t\t\t\t<\/div>\n\t\t\t\t<div class=\"elementor-element elementor-element-jkvdqvj elementor-widget elementor-widget-html\" data-id=\"jkvdqvj\" data-element_type=\"widget\" data-e-type=\"widget\" data-widget_type=\"html.default\">\n\t\t\t\t<div class=\"elementor-widget-container\">\n\t\t\t\t\t<style>\r\nv\\:* {behavior:url(#default#VML);}\r\no\\:* {behavior:url(#default#VML);}\r\nx\\:* {behavior:url(#default#VML);}\r\n.shape {behavior:url(#default#VML);}\r\n<\/style>\r\n<![endif]-->\r\n<style id=\"a69_f27_6609_Styles\">\r\n<!--table\r\n\t{mso-displayed-decimal-separator:\"\\.\";\r\n\tmso-displayed-thousand-separator:\"\\,\";}\r\n.xl156609\r\n\t{padding:0px;\r\n\tmso-ignore:padding;\r\n\tcolor:black;\r\n\tfont-size:11.0pt;\r\n\tfont-weight:400;\r\n\tfont-style:normal;\r\n\ttext-decoration:none;\r\n\tfont-family:Calibri, sans-serif;\r\n\tmso-font-charset:0;\r\n\tmso-number-format:General;\r\n\ttext-align:general;\r\n\tvertical-align:bottom;\r\n\tmso-background-source:auto;\r\n\tmso-pattern:auto;\r\n\twhite-space:nowrap;}\r\n.xl656609\r\n\t{padding:0px;\r\n\tmso-ignore:padding;\r\n\tcolor:black;\r\n\tfont-size:11.0pt;\r\n\tfont-weight:400;\r\n\tfont-style:normal;\r\n\ttext-decoration:none;\r\n\tfont-family:Calibri, sans-serif;\r\n\tmso-font-charset:0;\r\n\tmso-number-format:General;\r\n\ttext-align:general;\r\n\tvertical-align:bottom;\r\n\tmso-background-source:auto;\r\n\tmso-pattern:auto;\r\n\twhite-space:normal;}\r\n.xl666609\r\n\t{padding:0px;\r\n\tmso-ignore:padding;\r\n\tcolor:black;\r\n\tfont-size:11.0pt;\r\n\tfont-weight:400;\r\n\tfont-style:normal;\r\n\ttext-decoration:none;\r\n\tfont-family:Calibri, sans-serif;\r\n\tmso-font-charset:0;\r\n\tmso-number-format:General;\r\n\ttext-align:center;\r\n\tvertical-align:middle;\r\n\tmso-background-source:auto;\r\n\tmso-pattern:auto;\r\n\twhite-space:nowrap;}\r\n.xl676609\r\n\t{padding:0px;\r\n\tmso-ignore:padding;\r\n\tcolor:black;\r\n\tfont-size:11.0pt;\r\n\tfont-weight:400;\r\n\tfont-style:normal;\r\n\ttext-decoration:none;\r\n\tfont-family:Calibri, sans-serif;\r\n\tmso-font-charset:0;\r\n\tmso-number-format:General;\r\n\ttext-align:center;\r\n\tvertical-align:middle;\r\n\tmso-background-source:auto;\r\n\tmso-pattern:auto;\r\n\twhite-space:normal;}\r\n.xl686609\r\n\t{padding:0px;\r\n\tmso-ignore:padding;\r\n\tcolor:white;\r\n\tfont-size:11.0pt;\r\n\tfont-weight:700;\r\n\tfont-style:normal;\r\n\ttext-decoration:none;\r\n\tfont-family:Arial, sans-serif;\r\n\tmso-font-charset:0;\r\n\tmso-number-format:General;\r\n\ttext-align:center;\r\n\tvertical-align:middle;\r\n\tborder:.5pt solid windowtext;\r\n\tbackground:#333333;\r\n\tmso-pattern:black none;\r\n\twhite-space:nowrap;}\r\n.xl696609\r\n\t{padding:0px;\r\n\tmso-ignore:padding;\r\n\tcolor:black;\r\n\tfont-size:10.0pt;\r\n\tfont-weight:400;\r\n\tfont-style:normal;\r\n\ttext-decoration:none;\r\n\tfont-family:Arial, sans-serif;\r\n\tmso-font-charset:0;\r\n\tmso-number-format:General;\r\n\ttext-align:center;\r\n\tvertical-align:middle;\r\n\tborder:.5pt solid windowtext;\r\n\tbackground:#E1E1E1;\r\n\tmso-pattern:black none;\r\n\twhite-space:normal;}\r\n.xl706609\r\n\t{padding:0px;\r\n\tmso-ignore:padding;\r\n\tcolor:black;\r\n\tfont-size:10.0pt;\r\n\tfont-weight:400;\r\n\tfont-style:normal;\r\n\ttext-decoration:none;\r\n\tfont-family:Arial, sans-serif;\r\n\tmso-font-charset:0;\r\n\tmso-number-format:General;\r\n\ttext-align:center;\r\n\tvertical-align:middle;\r\n\tborder:.5pt solid windowtext;\r\n\tbackground:#E1E1E1;\r\n\tmso-pattern:black none;\r\n\twhite-space:nowrap;}\r\n.xl716609\r\n\t{padding:0px;\r\n\tmso-ignore:padding;\r\n\tcolor:black;\r\n\tfont-size:11.0pt;\r\n\tfont-weight:400;\r\n\tfont-style:normal;\r\n\ttext-decoration:none;\r\n\tfont-family:Calibri, sans-serif;\r\n\tmso-font-charset:0;\r\n\tmso-number-format:General;\r\n\ttext-align:center;\r\n\tvertical-align:middle;\r\n\tborder:.5pt solid windowtext;\r\n\tbackground:white;\r\n\tmso-pattern:black none;\r\n\twhite-space:nowrap;}\r\n.xl726609\r\n\t{padding:0px;\r\n\tmso-ignore:padding;\r\n\tcolor:black;\r\n\tfont-size:10.0pt;\r\n\tfont-weight:400;\r\n\tfont-style:normal;\r\n\ttext-decoration:none;\r\n\tfont-family:Arial, sans-serif;\r\n\tmso-font-charset:0;\r\n\tmso-number-format:General;\r\n\ttext-align:center;\r\n\tvertical-align:middle;\r\n\tborder:.5pt solid windowtext;\r\n\tbackground:white;\r\n\tmso-pattern:black none;\r\n\twhite-space:nowrap;}\r\n.xl736609\r\n\t{padding:0px;\r\n\tmso-ignore:padding;\r\n\tcolor:#0563C1;\r\n\tfont-size:11.0pt;\r\n\tfont-weight:400;\r\n\tfont-style:normal;\r\n\ttext-decoration:underline;\r\n\ttext-underline-style:single;\r\n\tfont-family:Calibri, sans-serif;\r\n\tmso-font-charset:0;\r\n\tmso-number-format:General;\r\n\ttext-align:center;\r\n\tvertical-align:middle;\r\n\tborder:.5pt solid windowtext;\r\n\tbackground:white;\r\n\tmso-pattern:black none;\r\n\twhite-space:nowrap;}\r\n.xl746609\r\n\t{padding:0px;\r\n\tmso-ignore:padding;\r\n\tcolor:black;\r\n\tfont-size:10.0pt;\r\n\tfont-weight:400;\r\n\tfont-style:normal;\r\n\ttext-decoration:none;\r\n\tfont-family:Arial, sans-serif;\r\n\tmso-font-charset:0;\r\n\tmso-number-format:\"Medium Date\";\r\n\ttext-align:center;\r\n\tvertical-align:middle;\r\n\tborder:.5pt solid windowtext;\r\n\tbackground:white;\r\n\tmso-pattern:black none;\r\n\twhite-space:nowrap;}\r\n.xl756609\r\n\t{padding:0px;\r\n\tmso-ignore:padding;\r\n\tcolor:black;\r\n\tfont-size:11.0pt;\r\n\tfont-weight:400;\r\n\tfont-style:normal;\r\n\ttext-decoration:none;\r\n\tfont-family:Calibri, sans-serif;\r\n\tmso-font-charset:0;\r\n\tmso-number-format:General;\r\n\ttext-align:center;\r\n\tvertical-align:middle;\r\n\tborder:.5pt solid windowtext;\r\n\tbackground:white;\r\n\tmso-pattern:black none;\r\n\twhite-space:normal;}\r\n-->\r\n<\/style>\r\n<\/head>\r\n\r\n<body>\r\n<!--[if !excel]>&nbsp;&nbsp;<![endif]-->\r\n<!--La siguiente informaci\u00f3n se gener\u00f3 mediante el Asistente para publicar como\r\np\u00e1gina web de Microsoft Excel.-->\r\n<!--Si se vuelve a publicar el mismo elemento desde Excel, se reemplazar\u00e1 toda\r\nla informaci\u00f3n comprendida entre las etiquetas DIV.-->\r\n<!----------------------------->\r\n<!--INICIO DE LOS RESULTADOS DEL ASISTENTE PARA PUBLICAR COMO P\u00c1GINA WEB DE\r\nEXCEL -->\r\n<!----------------------------->\r\n\r\n<div id=\"a69_f27_6609\" align=center x:publishsource=\"Excel\">\r\n\r\n<table border=0 cellpadding=0 cellspacing=0 width=8390 style='border-collapse:\r\n collapse;table-layout:fixed;width:6298pt'>\r\n <col width=126 style='mso-width-source:userset;mso-width-alt:4608;width:95pt'>\r\n <col width=190 style='mso-width-source:userset;mso-width-alt:6948;width:143pt'>\r\n <col width=126 style='mso-width-source:userset;mso-width-alt:4608;width:95pt'>\r\n <col width=138 style='mso-width-source:userset;mso-width-alt:5046;width:104pt'>\r\n <col width=222 style='mso-width-source:userset;mso-width-alt:8118;width:167pt'>\r\n <col width=353 style='mso-width-source:userset;mso-width-alt:12909;width:265pt'>\r\n <col width=204 style='mso-width-source:userset;mso-width-alt:7460;width:153pt'>\r\n <col width=106 style='mso-width-source:userset;mso-width-alt:3876;width:80pt'>\r\n <col width=499 style='mso-width-source:userset;mso-width-alt:18249;width:374pt'>\r\n <col width=215 style='mso-width-source:userset;mso-width-alt:7862;width:161pt'>\r\n <col width=208 style='mso-width-source:userset;mso-width-alt:7606;width:156pt'>\r\n <col width=302 style='mso-width-source:userset;mso-width-alt:11044;width:227pt'>\r\n <col width=235 style='mso-width-source:userset;mso-width-alt:8594;width:176pt'>\r\n <col width=315 style='mso-width-source:userset;mso-width-alt:11520;width:236pt'>\r\n <col width=778 style='mso-width-source:userset;mso-width-alt:28452;width:584pt'>\r\n <col width=390 style='mso-width-source:userset;mso-width-alt:14262;width:293pt'>\r\n <col width=398 style='mso-width-source:userset;mso-width-alt:14555;width:299pt'>\r\n <col width=735 style='mso-width-source:userset;mso-width-alt:26880;width:551pt'>\r\n <col width=797 style='mso-width-source:userset;mso-width-alt:29147;width:598pt'>\r\n <col width=708 style='mso-width-source:userset;mso-width-alt:25892;width:531pt'>\r\n <col width=196 style='mso-width-source:userset;mso-width-alt:7168;width:147pt'>\r\n <col width=289 style='mso-width-source:userset;mso-width-alt:10569;width:217pt'>\r\n <col width=78 style='mso-width-source:userset;mso-width-alt:2852;width:59pt'>\r\n <col width=210 style='mso-width-source:userset;mso-width-alt:7680;width:158pt'>\r\n <col class=xl656609 width=572 style='mso-width-source:userset;mso-width-alt:\r\n 20918;width:429pt'>\r\n <tr height=0 style='display:none'>\r\n  <td class=xl666609 width=126 style='width:95pt'>25108<\/td>\r\n  <td class=xl666609 width=190 style='width:143pt'><\/td>\r\n  <td class=xl666609 width=126 style='width:95pt'><\/td>\r\n  <td class=xl666609 width=138 style='width:104pt'><\/td>\r\n  <td class=xl666609 width=222 style='width:167pt'><\/td>\r\n  <td class=xl666609 width=353 style='width:265pt'><\/td>\r\n  <td class=xl666609 width=204 style='width:153pt'><\/td>\r\n  <td class=xl666609 width=106 style='width:80pt'><\/td>\r\n  <td class=xl666609 width=499 style='width:374pt'><\/td>\r\n  <td class=xl666609 width=215 style='width:161pt'><\/td>\r\n  <td class=xl666609 width=208 style='width:156pt'><\/td>\r\n  <td class=xl666609 width=302 style='width:227pt'><\/td>\r\n  <td class=xl666609 width=235 style='width:176pt'><\/td>\r\n  <td class=xl666609 width=315 style='width:236pt'><\/td>\r\n  <td class=xl666609 width=778 style='width:584pt'><\/td>\r\n  <td class=xl666609 width=390 style='width:293pt'><\/td>\r\n  <td class=xl666609 width=398 style='width:299pt'><\/td>\r\n  <td class=xl666609 width=735 style='width:551pt'><\/td>\r\n  <td class=xl666609 width=797 style='width:598pt'><\/td>\r\n  <td class=xl666609 width=708 style='width:531pt'><\/td>\r\n  <td class=xl666609 width=196 style='width:147pt'><\/td>\r\n  <td class=xl666609 width=289 style='width:217pt'><\/td>\r\n  <td class=xl666609 width=78 style='width:59pt'><\/td>\r\n  <td class=xl666609 width=210 style='width:158pt'><\/td>\r\n  <td class=xl676609 width=572 style='width:429pt'><\/td>\r\n <\/tr>\r\n <tr height=20 style='height:15.0pt'>\r\n  <td colspan=3 height=20 class=xl686609 style='height:15.0pt'>T\u00cdTULO<\/td>\r\n  <td colspan=3 class=xl686609>NOMBRE CORTO<\/td>\r\n  <td colspan=3 class=xl686609>DESCRIPCI\u00d3N<\/td>\r\n  <td class=xl666609><\/td>\r\n  <td class=xl666609><\/td>\r\n  <td class=xl666609><\/td>\r\n  <td class=xl666609><\/td>\r\n  <td class=xl666609><\/td>\r\n  <td class=xl666609><\/td>\r\n  <td class=xl666609><\/td>\r\n  <td class=xl666609><\/td>\r\n  <td class=xl666609><\/td>\r\n  <td class=xl666609><\/td>\r\n  <td class=xl666609><\/td>\r\n  <td class=xl666609><\/td>\r\n  <td class=xl666609><\/td>\r\n  <td class=xl666609><\/td>\r\n  <td class=xl666609><\/td>\r\n  <td class=xl676609 width=572 style='width:429pt'><\/td>\r\n <\/tr>\r\n <tr height=77 style='mso-height-source:userset;height:57.75pt'>\r\n  <td colspan=3 height=77 class=xl696609 width=442 style='height:57.75pt;\r\n  width:333pt'>FRACCI\u00d3N XXVII.- Concesiones, contratos, convenios, permisos,\r\n  licencias o autorizaciones otorgados.<\/td>\r\n  <td colspan=3 class=xl706609>a69_f27<\/td>\r\n  <td colspan=3 class=xl696609 width=809 style='width:607pt'>Las concesiones,\r\n  contratos, convenios, permisos, licencias o autorizaciones otorgados,\r\n  especificando los titulares de aqu\u00e9llos, debiendo publicarse su objeto,\r\n  nombre o raz\u00f3n social del titular, vigencia, tipo, t\u00e9rminos, condiciones,\r\n  monto y modificaciones, as\u00ed como si el procedimiento involucra el\r\n  aprovechamiento de bienes, servicios y\/o recursos p\u00fablicos;<\/td>\r\n  <td class=xl666609><\/td>\r\n  <td class=xl666609><\/td>\r\n  <td class=xl666609><\/td>\r\n  <td class=xl666609><\/td>\r\n  <td class=xl666609><\/td>\r\n  <td class=xl666609><\/td>\r\n  <td class=xl666609><\/td>\r\n  <td class=xl666609><\/td>\r\n  <td class=xl666609><\/td>\r\n  <td class=xl666609><\/td>\r\n  <td class=xl666609><\/td>\r\n  <td class=xl666609><\/td>\r\n  <td class=xl666609><\/td>\r\n  <td class=xl666609><\/td>\r\n  <td class=xl666609><\/td>\r\n  <td class=xl676609 width=572 style='width:429pt'><\/td>\r\n <\/tr>\r\n <tr height=0 style='display:none'>\r\n  <td class=xl666609>1<\/td>\r\n  <td class=xl666609>1<\/td>\r\n  <td class=xl666609>9<\/td>\r\n  <td class=xl666609>2<\/td>\r\n  <td class=xl666609>2<\/td>\r\n  <td class=xl666609>1<\/td>\r\n  <td class=xl666609>9<\/td>\r\n  <td class=xl666609>1<\/td>\r\n  <td class=xl666609>1<\/td>\r\n  <td class=xl666609>1<\/td>\r\n  <td class=xl666609>1<\/td>\r\n  <td class=xl666609>4<\/td>\r\n  <td class=xl666609>4<\/td>\r\n  <td class=xl666609>1<\/td>\r\n  <td class=xl666609>7<\/td>\r\n  <td class=xl666609>2<\/td>\r\n  <td class=xl666609>2<\/td>\r\n  <td class=xl666609>7<\/td>\r\n  <td class=xl666609>7<\/td>\r\n  <td class=xl666609>7<\/td>\r\n  <td class=xl666609>4<\/td>\r\n  <td class=xl666609>1<\/td>\r\n  <td class=xl666609>12<\/td>\r\n  <td class=xl666609>13<\/td>\r\n  <td class=xl676609 width=572 style='width:429pt'>14<\/td>\r\n <\/tr>\r\n <tr height=0 style='display:none'>\r\n  <td class=xl666609>57190<\/td>\r\n  <td class=xl666609>57194<\/td>\r\n  <td class=xl666609>57183<\/td>\r\n  <td class=xl666609>57198<\/td>\r\n  <td class=xl666609>57180<\/td>\r\n  <td class=xl666609>57186<\/td>\r\n  <td class=xl666609>57179<\/td>\r\n  <td class=xl666609>57189<\/td>\r\n  <td class=xl666609>57182<\/td>\r\n  <td class=xl666609>57188<\/td>\r\n  <td class=xl666609>57184<\/td>\r\n  <td class=xl666609>57200<\/td>\r\n  <td class=xl666609>57176<\/td>\r\n  <td class=xl666609>57185<\/td>\r\n  <td class=xl666609>57178<\/td>\r\n  <td class=xl666609>57191<\/td>\r\n  <td class=xl666609>57199<\/td>\r\n  <td class=xl666609>57196<\/td>\r\n  <td class=xl666609>57192<\/td>\r\n  <td class=xl666609>57187<\/td>\r\n  <td class=xl666609>57195<\/td>\r\n  <td class=xl666609>57197<\/td>\r\n  <td class=xl666609>57193<\/td>\r\n  <td class=xl666609>57181<\/td>\r\n  <td class=xl676609 width=572 style='width:429pt'>57177<\/td>\r\n <\/tr>\r\n <tr height=20 style='height:15.0pt'>\r\n  <td colspan=25 height=20 class=xl686609 style='height:15.0pt'>Tabla Campos<\/td>\r\n <\/tr>\r\n <tr height=20 style='height:15.0pt'>\r\n  <td height=20 class=xl696609 width=126 style='height:15.0pt;width:95pt'>Ejercicio<\/td>\r\n  <td class=xl696609 width=190 style='border-left:none;width:143pt'>Periodo que\r\n  se informa<\/td>\r\n  <td class=xl696609 width=126 style='border-left:none;width:95pt'>Acto\r\n  jur\u00eddico.<\/td>\r\n  <td class=xl696609 width=138 style='border-left:none;width:104pt'>Objeto<\/td>\r\n  <td class=xl696609 width=222 style='border-left:none;width:167pt'>Fundamento\r\n  jur\u00eddico<\/td>\r\n  <td class=xl696609 width=353 style='border-left:none;width:265pt'>Unidad(es)\r\n  responsable(s) de instrumentaci\u00f3n.<\/td>\r\n  <td class=xl696609 width=204 style='border-left:none;width:153pt'>Sector al\r\n  cual se otorg\u00f3.<\/td>\r\n  <td class=xl696609 width=106 style='border-left:none;width:80pt'>Nombre(s)<\/td>\r\n  <td class=xl696609 width=499 style='border-left:none;width:374pt'>Primer\r\n  apellido<\/td>\r\n  <td class=xl696609 width=215 style='border-left:none;width:161pt'>Segundo\r\n  apellido<\/td>\r\n  <td class=xl696609 width=208 style='border-left:none;width:156pt'>Raz\u00f3n\r\n  social del titular<\/td>\r\n  <td class=xl696609 width=302 style='border-left:none;width:227pt'>Fecha de\r\n  inicio de vigencia<\/td>\r\n  <td class=xl696609 width=235 style='border-left:none;width:176pt'>Fecha de\r\n  t\u00e9rmino de vigencia<\/td>\r\n  <td class=xl696609 width=315 style='border-left:none;width:236pt'>Cl\u00e1usula,\r\n  punto, art\u00edculo o fracci\u00f3n<span style='mso-spacerun:yes'>\u00a0<\/span><\/td>\r\n  <td class=xl696609 width=778 style='border-left:none;width:584pt'>Hiperv\u00ednculo\r\n  al documento<\/td>\r\n  <td class=xl696609 width=390 style='border-left:none;width:293pt'>Monto\r\n  total, bien, servicio o recurso aprovechado.<\/td>\r\n  <td class=xl696609 width=398 style='border-left:none;width:299pt'>Monto\r\n  entregado al periodo bien\/servicio\/recurso<\/td>\r\n  <td class=xl696609 width=735 style='border-left:none;width:551pt'>Hiperv\u00ednculo\r\n  documento donde se desglose el gasto<\/td>\r\n  <td class=xl696609 width=797 style='border-left:none;width:598pt'>Hiperv\u00ednculo\r\n  al informe sobre monto total erogado<\/td>\r\n  <td class=xl696609 width=708 style='border-left:none;width:531pt'>Hiperv\u00ednculo\r\n  al contrato plurianual modificado<\/td>\r\n  <td class=xl696609 width=196 style='border-left:none;width:147pt'>Fecha de\r\n  validaci\u00f3n<\/td>\r\n  <td class=xl696609 width=289 style='border-left:none;width:217pt'>\u00c1rea\r\n  responsable de la informaci\u00f3n<\/td>\r\n  <td class=xl696609 width=78 style='border-left:none;width:59pt'>A\u00f1o<\/td>\r\n  <td class=xl696609 width=210 style='border-left:none;width:158pt'>Fecha de\r\n  actualizaci\u00f3n<\/td>\r\n  <td class=xl696609 width=572 style='border-left:none;width:429pt'>Nota<\/td>\r\n <\/tr>\r\n <tr height=40 style='height:30.0pt'>\r\n  <td height=40 class=xl716609 style='height:30.0pt;border-top:none'>2017<\/td>\r\n  <td class=xl716609 style='border-top:none;border-left:none'>octubre-diciembre<span\r\n  style='mso-spacerun:yes'>\u00a0<\/span><\/td>\r\n  <td class=xl726609 style='border-top:none;border-left:none'>N\/A<\/td>\r\n  <td class=xl716609 style='border-top:none;border-left:none'>N\/A<\/td>\r\n  <td class=xl716609 style='border-top:none;border-left:none'>N\/A<\/td>\r\n  <td class=xl726609 style='border-top:none;border-left:none'>N\/A<\/td>\r\n  <td class=xl716609 style='border-top:none;border-left:none'>P\u00fablico<\/td>\r\n  <td class=xl716609 style='border-top:none;border-left:none'>N\/A<\/td>\r\n  <td class=xl716609 style='border-top:none;border-left:none'>N\/A<\/td>\r\n  <td class=xl716609 style='border-top:none;border-left:none'>N\/A<\/td>\r\n  <td class=xl716609 style='border-top:none;border-left:none'>N\/A<\/td>\r\n  <td class=xl716609 style='border-top:none;border-left:none'>N\/A<\/td>\r\n  <td class=xl716609 style='border-top:none;border-left:none'>N\/A<\/td>\r\n  <td class=xl716609 style='border-top:none;border-left:none'>N\/A<\/td>\r\n  <td class=xl736609 style='border-top:none;border-left:none'><a\r\n  href=\"https:\/\/www.apan.gob.mx\/descargables\/transparencia\/articulo69\/fraccion27\/turismo\/FrXXVIIa1_1.pdf\">https:\/\/www.apan.gob.mx\/descargables\/transparencia\/articulo69\/fraccion27\/turismo\/FrXXVIIa1_1.pdf<\/a><\/td>\r\n  <td class=xl716609 style='border-top:none;border-left:none'>N\/A<\/td>\r\n  <td class=xl716609 style='border-top:none;border-left:none'>N\/A<\/td>\r\n  <td class=xl736609 style='border-top:none;border-left:none'><a\r\n  href=\"https:\/\/www.apan.gob.mx\/descargables\/transparencia\/articulo69\/fraccion27\/turismo\/FrXXVIIa1_2.pdf\">https:\/\/www.apan.gob.mx\/descargables\/transparencia\/articulo69\/fraccion27\/turismo\/FrXXVIIa1_2.pdf<\/a><\/td>\r\n  <td class=xl736609 style='border-top:none;border-left:none'>https:\/\/www.apan.gob.mx\/descargables\/transparencia\/articulo69\/fraccion27\/turismo\/FrXXVIIa1_3.pdf<\/td>\r\n  <td class=xl736609 style='border-top:none;border-left:none'><a\r\n  href=\"https:\/\/www.apan.gob.mx\/descargables\/transparencia\/articulo69\/fraccion27\/turismo\/FrXXVIIa1_4.pdf\">https:\/\/www.apan.gob.mx\/descargables\/transparencia\/articulo69\/fraccion27\/turismo\/FrXXVIIa1_4.pdf<\/a><\/td>\r\n  <td class=xl746609 style='border-top:none;border-left:none'>18-dic-17<\/td>\r\n  <td class=xl726609 style='border-top:none;border-left:none'>Turismo<\/td>\r\n  <td class=xl716609 style='border-top:none;border-left:none'>2017<\/td>\r\n  <td class=xl746609 style='border-top:none;border-left:none'>01-oct-17<\/td>\r\n  <td class=xl756609 width=572 style='border-top:none;border-left:none;\r\n  width:429pt'>Se sube la informacion del cuarto trimestre de 2017 elaborada\r\n  por el anterior titular del area, para su correccion se levantar\u00e1 el acta\r\n  correspondiente a la mayor brevedad.<\/td>\r\n <\/tr>\r\n <![if supportMisalignedColumns]>\r\n <tr height=0 style='display:none'>\r\n  <td width=126 style='width:95pt'><\/td>\r\n  <td width=190 style='width:143pt'><\/td>\r\n  <td width=126 style='width:95pt'><\/td>\r\n  <td width=138 style='width:104pt'><\/td>\r\n  <td width=222 style='width:167pt'><\/td>\r\n  <td width=353 style='width:265pt'><\/td>\r\n  <td width=204 style='width:153pt'><\/td>\r\n  <td width=106 style='width:80pt'><\/td>\r\n  <td width=499 style='width:374pt'><\/td>\r\n  <td width=215 style='width:161pt'><\/td>\r\n  <td width=208 style='width:156pt'><\/td>\r\n  <td width=302 style='width:227pt'><\/td>\r\n  <td width=235 style='width:176pt'><\/td>\r\n  <td width=315 style='width:236pt'><\/td>\r\n  <td width=778 style='width:584pt'><\/td>\r\n  <td width=390 style='width:293pt'><\/td>\r\n  <td width=398 style='width:299pt'><\/td>\r\n  <td width=735 style='width:551pt'><\/td>\r\n  <td width=797 style='width:598pt'><\/td>\r\n  <td width=708 style='width:531pt'><\/td>\r\n  <td width=196 style='width:147pt'><\/td>\r\n  <td width=289 style='width:217pt'><\/td>\r\n  <td width=78 style='width:59pt'><\/td>\r\n  <td width=210 style='width:158pt'><\/td>\r\n  <td width=572 style='width:429pt'><\/td>\r\n <\/tr>\r\n <![endif]>\r\n<\/table>\r\n\r\n<\/div>\r\n\r\n\t\t\t\t<\/div>\n\t\t\t\t<\/div>\n\t\t\t\t<div class=\"elementor-element elementor-element-s1o5wxv elementor-widget elementor-widget-button\" data-id=\"s1o5wxv\" data-element_type=\"widget\" data-e-type=\"widget\" data-widget_type=\"button.default\">\n\t\t\t\t<div class=\"elementor-widget-container\">\n\t\t\t\t\t\t\t\t\t<div class=\"elementor-button-wrapper\">\n\t\t\t\t\t<a class=\"elementor-button elementor-button-link elementor-size-sm\" href=\"https:\/\/www.apan.gob.mx\/descargables\/transparencia\/articulo69\/fraccion19\/2017_4\/turismo\/a69_f27.xlsx\">\n\t\t\t\t\t\t<span class=\"elementor-button-content-wrapper\">\n\t\t\t\t\t\t\t\t\t<span class=\"elementor-button-text\">Descargar<\/span>\n\t\t\t\t\t<\/span>\n\t\t\t\t\t<\/a>\n\t\t\t\t<\/div>\n\t\t\t\t\t\t\t\t<\/div>\n\t\t\t\t<\/div>\n\t\t\t\t<div class=\"elementor-element elementor-element-yslfwru elementor-widget elementor-widget-heading\" data-id=\"yslfwru\" data-element_type=\"widget\" data-e-type=\"widget\" data-widget_type=\"heading.default\">\n\t\t\t\t<div class=\"elementor-widget-container\">\n\t\t\t\t\t<h2 class=\"elementor-heading-title elementor-size-small\">Fecha en que se subi\u00f3 la informaci\u00f3n: 18-enero-19<\/h2>\t\t\t\t<\/div>\n\t\t\t\t<\/div>\n\t\t\t\t\t<\/div>\n\t\t<\/div>\n\t\t\t\t\t<\/div>\n\t\t<\/section>\n\t\t\t\t<\/div>\n\t\t","protected":false},"excerpt":{"rendered":"<p>Fracci\u00f3n XXVll 25108 T\u00cdTULO NOMBRE CORTO DESCRIPCI\u00d3N FRACCI\u00d3N XXVII.- Concesiones, contratos, convenios, permisos, licencias o autorizaciones otorgados. a69_f27 Las concesiones, contratos, convenios, permisos, licencias o autorizaciones otorgados, especificando los titulares de aqu\u00e9llos, debiendo publicarse su objeto, nombre o raz\u00f3n social del titular, vigencia, tipo, t\u00e9rminos, condiciones, monto y modificaciones, as\u00ed como si el procedimiento involucra [&hellip;]<\/p>\n","protected":false},"author":1,"featured_media":0,"parent":0,"menu_order":0,"comment_status":"closed","ping_status":"closed","template":"page-template-full.php","meta":{"footnotes":""},"class_list":["post-4041","page","type-page","status-publish","hentry"],"jetpack_sharing_enabled":true,"_links":{"self":[{"href":"https:\/\/apan.gob.mx\/portal\/wp-json\/wp\/v2\/pages\/4041","targetHints":{"allow":["GET"]}}],"collection":[{"href":"https:\/\/apan.gob.mx\/portal\/wp-json\/wp\/v2\/pages"}],"about":[{"href":"https:\/\/apan.gob.mx\/portal\/wp-json\/wp\/v2\/types\/page"}],"author":[{"embeddable":true,"href":"https:\/\/apan.gob.mx\/portal\/wp-json\/wp\/v2\/users\/1"}],"replies":[{"embeddable":true,"href":"https:\/\/apan.gob.mx\/portal\/wp-json\/wp\/v2\/comments?post=4041"}],"version-history":[{"count":4,"href":"https:\/\/apan.gob.mx\/portal\/wp-json\/wp\/v2\/pages\/4041\/revisions"}],"predecessor-version":[{"id":4046,"href":"https:\/\/apan.gob.mx\/portal\/wp-json\/wp\/v2\/pages\/4041\/revisions\/4046"}],"wp:attachment":[{"href":"https:\/\/apan.gob.mx\/portal\/wp-json\/wp\/v2\/media?parent=4041"}],"curies":[{"name":"wp","href":"https:\/\/api.w.org\/{rel}","templated":true}]}}