{"id":4066,"date":"2019-01-19T00:33:38","date_gmt":"2019-01-19T00:33:38","guid":{"rendered":"https:\/\/apan.gob.mx\/portal\/?page_id=4066"},"modified":"2019-01-19T00:40:39","modified_gmt":"2019-01-19T00:40:39","slug":"turismo_19_2018_4","status":"publish","type":"page","link":"https:\/\/apan.gob.mx\/portal\/turismo_19_2018_4\/","title":{"rendered":"<!--turismo_19_2018_4-->"},"content":{"rendered":"\t\t<div data-elementor-type=\"wp-page\" data-elementor-id=\"4066\" class=\"elementor elementor-4066 elementor-bc-flex-widget\">\n\t\t\t\t\t\t<section class=\"has_ae_slider elementor-section elementor-top-section elementor-element elementor-element-lgxgqpt elementor-section-boxed elementor-section-height-default elementor-section-height-default ae-bg-gallery-type-default\" data-id=\"lgxgqpt\" data-element_type=\"section\" data-e-type=\"section\">\n\t\t\t\t\t\t<div class=\"elementor-container elementor-column-gap-default\">\n\t\t\t\t\t<div class=\"has_ae_slider elementor-column elementor-col-100 elementor-top-column elementor-element elementor-element-okcaybx ae-bg-gallery-type-default\" data-id=\"okcaybx\" data-element_type=\"column\" data-e-type=\"column\">\n\t\t\t<div class=\"elementor-widget-wrap elementor-element-populated\">\n\t\t\t\t\t\t<div class=\"elementor-element elementor-element-xaobjce elementor-widget elementor-widget-heading\" data-id=\"xaobjce\" data-element_type=\"widget\" data-e-type=\"widget\" data-widget_type=\"heading.default\">\n\t\t\t\t<div class=\"elementor-widget-container\">\n\t\t\t\t\t<h2 class=\"elementor-heading-title elementor-size-medium\">Fracci\u00f3n XlX<\/h2>\t\t\t\t<\/div>\n\t\t\t\t<\/div>\n\t\t\t\t<div class=\"elementor-element elementor-element-yalsfsh elementor-widget elementor-widget-html\" data-id=\"yalsfsh\" data-element_type=\"widget\" data-e-type=\"widget\" data-widget_type=\"html.default\">\n\t\t\t\t<div class=\"elementor-widget-container\">\n\t\t\t\t\t<style id=\"a69_f19_13526_Styles\">\r\n<!--table\r\n\t{mso-displayed-decimal-separator:\"\\.\";\r\n\tmso-displayed-thousand-separator:\"\\,\";}\r\n.xl1513526\r\n\t{padding-top:1px;\r\n\tpadding-right:1px;\r\n\tpadding-left:1px;\r\n\tmso-ignore:padding;\r\n\tcolor:black;\r\n\tfont-size:11.0pt;\r\n\tfont-weight:400;\r\n\tfont-style:normal;\r\n\ttext-decoration:none;\r\n\tfont-family:Calibri, sans-serif;\r\n\tmso-font-charset:0;\r\n\tmso-number-format:General;\r\n\ttext-align:general;\r\n\tvertical-align:bottom;\r\n\tmso-background-source:auto;\r\n\tmso-pattern:auto;\r\n\twhite-space:nowrap;}\r\n.xl6513526\r\n\t{padding-top:1px;\r\n\tpadding-right:1px;\r\n\tpadding-left:1px;\r\n\tmso-ignore:padding;\r\n\tcolor:black;\r\n\tfont-size:11.0pt;\r\n\tfont-weight:400;\r\n\tfont-style:normal;\r\n\ttext-decoration:none;\r\n\tfont-family:Calibri, sans-serif;\r\n\tmso-font-charset:0;\r\n\tmso-number-format:General;\r\n\ttext-align:center;\r\n\tvertical-align:middle;\r\n\tmso-background-source:auto;\r\n\tmso-pattern:auto;\r\n\twhite-space:nowrap;}\r\n.xl6613526\r\n\t{padding-top:1px;\r\n\tpadding-right:1px;\r\n\tpadding-left:1px;\r\n\tmso-ignore:padding;\r\n\tcolor:white;\r\n\tfont-size:11.0pt;\r\n\tfont-weight:700;\r\n\tfont-style:normal;\r\n\ttext-decoration:none;\r\n\tfont-family:Arial, sans-serif;\r\n\tmso-font-charset:0;\r\n\tmso-number-format:General;\r\n\ttext-align:center;\r\n\tvertical-align:middle;\r\n\tborder:.5pt solid windowtext;\r\n\tbackground:#333333;\r\n\tmso-pattern:black none;\r\n\twhite-space:normal;}\r\n.xl6713526\r\n\t{padding-top:1px;\r\n\tpadding-right:1px;\r\n\tpadding-left:1px;\r\n\tmso-ignore:padding;\r\n\tcolor:black;\r\n\tfont-size:10.0pt;\r\n\tfont-weight:400;\r\n\tfont-style:normal;\r\n\ttext-decoration:none;\r\n\tfont-family:Arial, sans-serif;\r\n\tmso-font-charset:0;\r\n\tmso-number-format:General;\r\n\ttext-align:center;\r\n\tvertical-align:middle;\r\n\tborder:.5pt solid windowtext;\r\n\tbackground:#E1E1E1;\r\n\tmso-pattern:black none;\r\n\twhite-space:nowrap;}\r\n.xl6813526\r\n\t{padding-top:1px;\r\n\tpadding-right:1px;\r\n\tpadding-left:1px;\r\n\tmso-ignore:padding;\r\n\tcolor:black;\r\n\tfont-size:10.0pt;\r\n\tfont-weight:400;\r\n\tfont-style:normal;\r\n\ttext-decoration:none;\r\n\tfont-family:Arial, sans-serif;\r\n\tmso-font-charset:0;\r\n\tmso-number-format:General;\r\n\ttext-align:center;\r\n\tvertical-align:middle;\r\n\tborder:.5pt solid windowtext;\r\n\tbackground:#E1E1E1;\r\n\tmso-pattern:black none;\r\n\twhite-space:normal;}\r\n.xl6913526\r\n\t{padding-top:1px;\r\n\tpadding-right:1px;\r\n\tpadding-left:1px;\r\n\tmso-ignore:padding;\r\n\tcolor:black;\r\n\tfont-size:11.0pt;\r\n\tfont-weight:400;\r\n\tfont-style:normal;\r\n\ttext-decoration:none;\r\n\tfont-family:Calibri, sans-serif;\r\n\tmso-font-charset:0;\r\n\tmso-number-format:General;\r\n\ttext-align:center;\r\n\tvertical-align:middle;\r\n\tborder:.5pt solid windowtext;\r\n\tbackground:white;\r\n\tmso-pattern:black none;\r\n\twhite-space:nowrap;}\r\n.xl7013526\r\n\t{padding-top:1px;\r\n\tpadding-right:1px;\r\n\tpadding-left:1px;\r\n\tmso-ignore:padding;\r\n\tcolor:#0563C1;\r\n\tfont-size:11.0pt;\r\n\tfont-weight:400;\r\n\tfont-style:normal;\r\n\ttext-decoration:underline;\r\n\ttext-underline-style:single;\r\n\tfont-family:Calibri, sans-serif;\r\n\tmso-font-charset:0;\r\n\tmso-number-format:General;\r\n\ttext-align:center;\r\n\tvertical-align:middle;\r\n\tborder:.5pt solid windowtext;\r\n\tbackground:white;\r\n\tmso-pattern:black none;\r\n\twhite-space:nowrap;}\r\n.xl7113526\r\n\t{padding-top:1px;\r\n\tpadding-right:1px;\r\n\tpadding-left:1px;\r\n\tmso-ignore:padding;\r\n\tcolor:black;\r\n\tfont-size:11.0pt;\r\n\tfont-weight:400;\r\n\tfont-style:normal;\r\n\ttext-decoration:none;\r\n\tfont-family:Calibri, sans-serif;\r\n\tmso-font-charset:0;\r\n\tmso-number-format:General;\r\n\ttext-align:center;\r\n\tvertical-align:middle;\r\n\tmso-background-source:auto;\r\n\tmso-pattern:auto;\r\n\twhite-space:normal;}\r\n.xl7213526\r\n\t{padding-top:1px;\r\n\tpadding-right:1px;\r\n\tpadding-left:1px;\r\n\tmso-ignore:padding;\r\n\tcolor:black;\r\n\tfont-size:11.0pt;\r\n\tfont-weight:400;\r\n\tfont-style:normal;\r\n\ttext-decoration:none;\r\n\tfont-family:Calibri, sans-serif;\r\n\tmso-font-charset:0;\r\n\tmso-number-format:\"Medium Date\";\r\n\ttext-align:center;\r\n\tvertical-align:middle;\r\n\tborder:.5pt solid windowtext;\r\n\tbackground:white;\r\n\tmso-pattern:black none;\r\n\twhite-space:nowrap;}\r\n-->\r\n<\/style>\r\n<\/head>\r\n\r\n<body>\r\n<!--[if !excel]>&nbsp;&nbsp;<![endif]-->\r\n<!--La siguiente informaci\u00f3n se gener\u00f3 mediante el Asistente para publicar como\r\np\u00e1gina web de Microsoft Excel.-->\r\n<!--Si se vuelve a publicar el mismo elemento desde Excel, se reemplazar\u00e1 toda\r\nla informaci\u00f3n comprendida entre las etiquetas DIV.-->\r\n<!----------------------------->\r\n<!--INICIO DE LOS RESULTADOS DEL ASISTENTE PARA PUBLICAR COMO P\u00c1GINA WEB DE\r\nEXCEL -->\r\n<!----------------------------->\r\n\r\n<div id=\"a69_f19_13526\" align=center x:publishsource=\"Excel\">\r\n\r\n<table border=0 cellpadding=0 cellspacing=0 width=9095 style='border-collapse:\r\n collapse;table-layout:fixed;width:6826pt'>\r\n <col width=118 style='mso-width-source:userset;mso-width-alt:4315;width:89pt'>\r\n <col width=321 style='mso-width-source:userset;mso-width-alt:11739;width:241pt'>\r\n <col width=337 style='mso-width-source:userset;mso-width-alt:12324;width:253pt'>\r\n <col width=219 style='mso-width-source:userset;mso-width-alt:8009;width:164pt'>\r\n <col width=228 style='mso-width-source:userset;mso-width-alt:8338;width:171pt'>\r\n <col width=352 style='mso-width-source:userset;mso-width-alt:12873;width:264pt'>\r\n <col width=442 style='mso-width-source:userset;mso-width-alt:16164;width:332pt'>\r\n <col width=193 style='mso-width-source:userset;mso-width-alt:7058;width:145pt'>\r\n <col width=296 style='mso-width-source:userset;mso-width-alt:10825;width:222pt'>\r\n <col width=261 style='mso-width-source:userset;mso-width-alt:9545;width:196pt'>\r\n <col width=846 style='mso-width-source:userset;mso-width-alt:30939;width:635pt'>\r\n <col width=130 style='mso-width-source:userset;mso-width-alt:4754;width:98pt'>\r\n <col width=485 style='mso-width-source:userset;mso-width-alt:17737;width:364pt'>\r\n <col width=347 style='mso-width-source:userset;mso-width-alt:12690;width:260pt'>\r\n <col width=476 style='mso-width-source:userset;mso-width-alt:17408;width:357pt'>\r\n <col width=285 style='mso-width-source:userset;mso-width-alt:10422;width:214pt'>\r\n <col width=373 style='mso-width-source:userset;mso-width-alt:13641;width:280pt'>\r\n <col width=347 style='mso-width-source:userset;mso-width-alt:12690;width:260pt'>\r\n <col width=390 style='mso-width-source:userset;mso-width-alt:14262;width:293pt'>\r\n <col width=371 style='mso-width-source:userset;mso-width-alt:13568;width:278pt'>\r\n <col width=770 style='mso-width-source:userset;mso-width-alt:28160;width:578pt'>\r\n <col width=538 style='mso-width-source:userset;mso-width-alt:19675;width:404pt'>\r\n <col width=220 style='mso-width-source:userset;mso-width-alt:8045;width:165pt'>\r\n <col width=210 style='mso-width-source:userset;mso-width-alt:7680;width:158pt'>\r\n <col width=540 style='mso-width-source:userset;mso-width-alt:19748;width:405pt'>\r\n <tr height=0 style='display:none'>\r\n  <td class=xl6513526 width=118 style='width:89pt'>44250<\/td>\r\n  <td class=xl6513526 width=321 style='width:241pt'><\/td>\r\n  <td class=xl6513526 width=337 style='width:253pt'><\/td>\r\n  <td class=xl6513526 width=219 style='width:164pt'><\/td>\r\n  <td class=xl6513526 width=228 style='width:171pt'><\/td>\r\n  <td class=xl6513526 width=352 style='width:264pt'><\/td>\r\n  <td class=xl6513526 width=442 style='width:332pt'><\/td>\r\n  <td class=xl6513526 width=193 style='width:145pt'><\/td>\r\n  <td class=xl6513526 width=296 style='width:222pt'><\/td>\r\n  <td class=xl6513526 width=261 style='width:196pt'><\/td>\r\n  <td class=xl6513526 width=846 style='width:635pt'><\/td>\r\n  <td class=xl6513526 width=130 style='width:98pt'><\/td>\r\n  <td class=xl6513526 width=485 style='width:364pt'><\/td>\r\n  <td class=xl6513526 width=347 style='width:260pt'><\/td>\r\n  <td class=xl6513526 width=476 style='width:357pt'><\/td>\r\n  <td class=xl6513526 width=285 style='width:214pt'><\/td>\r\n  <td class=xl6513526 width=373 style='width:280pt'><\/td>\r\n  <td class=xl6513526 width=347 style='width:260pt'><\/td>\r\n  <td class=xl6513526 width=390 style='width:293pt'><\/td>\r\n  <td class=xl6513526 width=371 style='width:278pt'><\/td>\r\n  <td class=xl6513526 width=770 style='width:578pt'><\/td>\r\n  <td class=xl6513526 width=538 style='width:404pt'><\/td>\r\n  <td class=xl6513526 width=220 style='width:165pt'><\/td>\r\n  <td class=xl6513526 width=210 style='width:158pt'><\/td>\r\n  <td class=xl6513526 width=540 style='width:405pt'><\/td>\r\n <\/tr>\r\n <tr height=20 style='height:15.0pt'>\r\n  <td colspan=3 height=20 class=xl6613526 width=776 style='height:15.0pt;\r\n  width:583pt'>T\u00cdTULO<\/td>\r\n  <td colspan=3 class=xl6613526 width=799 style='width:599pt'>NOMBRE CORTO<\/td>\r\n  <td colspan=3 class=xl6613526 width=931 style='width:699pt'>DESCRIPCI\u00d3N<\/td>\r\n  <td class=xl6513526><\/td>\r\n  <td class=xl6513526><\/td>\r\n  <td class=xl6513526><\/td>\r\n  <td class=xl6513526><\/td>\r\n  <td class=xl6513526><\/td>\r\n  <td class=xl6513526><\/td>\r\n  <td class=xl6513526><\/td>\r\n  <td class=xl6513526><\/td>\r\n  <td class=xl6513526><\/td>\r\n  <td class=xl6513526><\/td>\r\n  <td class=xl6513526><\/td>\r\n  <td class=xl6513526><\/td>\r\n  <td class=xl6513526><\/td>\r\n  <td class=xl6513526><\/td>\r\n  <td class=xl6513526><\/td>\r\n  <td class=xl6513526><\/td>\r\n <\/tr>\r\n <tr height=74 style='mso-height-source:userset;height:55.5pt'>\r\n  <td colspan=3 height=74 class=xl6713526 style='height:55.5pt'>Servicios\r\n  ofrecidos<\/td>\r\n  <td colspan=3 class=xl6713526>a69_f19<\/td>\r\n  <td colspan=3 class=xl6813526 width=931 style='width:699pt'>La informaci\u00f3n\r\n  para dar a conocer los servicios p\u00fablicos que presta el sujeto obligado,\r\n  tanto de las actividades realizadas por la administraci\u00f3n p\u00fablica para\r\n  satisfacer necesidades de la poblaci\u00f3n, como las realizadas por los sujetos\r\n  obligados que no formen parte de la Administraci\u00f3n P\u00fablica, pero que\r\n  involucren el uso de recursos p\u00fablicos. Los servicios deben estar al alcance\r\n  de la poblaci\u00f3n sin necesidad de que el \u00e9sta los exija, como es el caso de\r\n  los tr\u00e1mites.<\/td>\r\n  <td class=xl6513526><\/td>\r\n  <td class=xl6513526><\/td>\r\n  <td class=xl6513526><\/td>\r\n  <td class=xl6513526><\/td>\r\n  <td class=xl6513526><\/td>\r\n  <td class=xl6513526><\/td>\r\n  <td class=xl6513526><\/td>\r\n  <td class=xl6513526><\/td>\r\n  <td class=xl6513526><\/td>\r\n  <td class=xl6513526><\/td>\r\n  <td class=xl6513526><\/td>\r\n  <td class=xl6513526><\/td>\r\n  <td class=xl6513526><\/td>\r\n  <td class=xl6513526><\/td>\r\n  <td class=xl6513526><\/td>\r\n  <td class=xl6513526><\/td>\r\n <\/tr>\r\n <tr height=0 style='display:none'>\r\n  <td class=xl6513526>1<\/td>\r\n  <td class=xl6513526>4<\/td>\r\n  <td class=xl6513526>4<\/td>\r\n  <td class=xl6513526>2<\/td>\r\n  <td class=xl6513526>9<\/td>\r\n  <td class=xl6513526>1<\/td>\r\n  <td class=xl6513526>2<\/td>\r\n  <td class=xl6513526>1<\/td>\r\n  <td class=xl6513526>2<\/td>\r\n  <td class=xl6513526>2<\/td>\r\n  <td class=xl6513526>7<\/td>\r\n  <td class=xl6513526>1<\/td>\r\n  <td class=xl6513526>10<\/td>\r\n  <td class=xl6513526>1<\/td>\r\n  <td class=xl6513526>2<\/td>\r\n  <td class=xl6513526>2<\/td>\r\n  <td class=xl6513526>2<\/td>\r\n  <td class=xl6513526>2<\/td>\r\n  <td class=xl6513526>10<\/td>\r\n  <td class=xl6513526>7<\/td>\r\n  <td class=xl6513526>7<\/td>\r\n  <td class=xl6513526>2<\/td>\r\n  <td class=xl6513526>4<\/td>\r\n  <td class=xl6513526>13<\/td>\r\n  <td class=xl6513526>14<\/td>\r\n <\/tr>\r\n <tr height=0 style='display:none'>\r\n  <td class=xl6513526>350704<\/td>\r\n  <td class=xl6513526>350705<\/td>\r\n  <td class=xl6513526>350706<\/td>\r\n  <td class=xl6513526>350690<\/td>\r\n  <td class=xl6513526>350709<\/td>\r\n  <td class=xl6513526>350713<\/td>\r\n  <td class=xl6513526>350692<\/td>\r\n  <td class=xl6513526>350711<\/td>\r\n  <td class=xl6513526>350693<\/td>\r\n  <td class=xl6513526>350694<\/td>\r\n  <td class=xl6513526>350700<\/td>\r\n  <td class=xl6513526>350688<\/td>\r\n  <td class=xl6513526>350710<\/td>\r\n  <td class=xl6513526>350689<\/td>\r\n  <td class=xl6513526>350695<\/td>\r\n  <td class=xl6513526>350712<\/td>\r\n  <td class=xl6513526>350691<\/td>\r\n  <td class=xl6513526>350696<\/td>\r\n  <td class=xl6513526>350701<\/td>\r\n  <td class=xl6513526>350699<\/td>\r\n  <td class=xl6513526>350698<\/td>\r\n  <td class=xl6513526>350708<\/td>\r\n  <td class=xl6513526>350697<\/td>\r\n  <td class=xl6513526>350703<\/td>\r\n  <td class=xl6513526>350707<\/td>\r\n <\/tr>\r\n <tr height=20 style='height:15.0pt'>\r\n  <td colspan=25 height=20 class=xl6613526 width=9095 style='height:15.0pt;\r\n  width:6826pt'>Tabla Campos<\/td>\r\n <\/tr>\r\n <tr height=34 style='height:25.5pt'>\r\n  <td height=34 class=xl6813526 width=118 style='height:25.5pt;width:89pt'>Ejercicio<\/td>\r\n  <td class=xl6813526 width=321 style='border-left:none;width:241pt'>Fecha de\r\n  inicio del periodo que se informa<\/td>\r\n  <td class=xl6813526 width=337 style='border-left:none;width:253pt'>Fecha de\r\n  t\u00e9rmino del periodo que se informa<\/td>\r\n  <td class=xl6813526 width=219 style='border-left:none;width:164pt'>Denominaci\u00f3n\r\n  del servicio<\/td>\r\n  <td class=xl6813526 width=228 style='border-left:none;width:171pt'>Tipo de\r\n  servicio (cat\u00e1logo)<\/td>\r\n  <td class=xl6813526 width=352 style='border-left:none;width:264pt'>Tipo de\r\n  usuario y\/o poblaci\u00f3n objetivo<\/td>\r\n  <td class=xl6813526 width=442 style='border-left:none;width:332pt'>Descripci\u00f3n\r\n  del objetivo del servicio<\/td>\r\n  <td class=xl6813526 width=193 style='border-left:none;width:145pt'>Modalidad\r\n  del servicio<\/td>\r\n  <td class=xl6813526 width=296 style='border-left:none;width:222pt'>Requisitos\r\n  para obtener el servicio<\/td>\r\n  <td class=xl6813526 width=261 style='border-left:none;width:196pt'>Documentos\r\n  requeridos, en su caso<\/td>\r\n  <td class=xl6813526 width=846 style='border-left:none;width:635pt'>Hiperv\u00ednculo\r\n  a los formatos respectivo(s) publicado(s) en medio oficial<\/td>\r\n  <td class=xl6813526 width=130 style='border-left:none;width:98pt'>Tiempo de\r\n  respuesta<\/td>\r\n  <td class=xl6813526 width=485 style='border-left:none;width:364pt'>\u00c1rea en la\r\n  que se proporciona el servicio y los datos de contacto <br>\r\n    Tabla_350710<\/td>\r\n  <td class=xl6813526 width=347 style='border-left:none;width:260pt'>Costo, en\r\n  su caso especificar que es gratuito<\/td>\r\n  <td class=xl6813526 width=476 style='border-left:none;width:357pt'>Sustento\r\n  legal para su cobro<\/td>\r\n  <td class=xl6813526 width=285 style='border-left:none;width:214pt'>Lugares\r\n  donde se efect\u00faa el pago<\/td>\r\n  <td class=xl6813526 width=373 style='border-left:none;width:280pt'>Fundamento\r\n  jur\u00eddico-administrativo del servicio<\/td>\r\n  <td class=xl6813526 width=347 style='border-left:none;width:260pt'>Derechos\r\n  del usuario ante la negativa o la falta<\/td>\r\n  <td class=xl6813526 width=390 style='border-left:none;width:293pt'>Lugar para\r\n  reportar presuntas anomalias <br>\r\n    Tabla_350701<\/td>\r\n  <td class=xl6813526 width=371 style='border-left:none;width:278pt'>Hiperv\u00ednculo\r\n  informaci\u00f3n adicional del servicio<\/td>\r\n  <td class=xl6813526 width=770 style='border-left:none;width:578pt'>Hiperv\u00ednculo\r\n  al cat\u00e1logo, manual o sistemas<span style='mso-spacerun:yes'>\u00a0<\/span><\/td>\r\n  <td class=xl6813526 width=538 style='border-left:none;width:404pt'>\u00c1rea(s)\r\n  responsable(s) que genera(n), posee(n), publica(n) y actualizan la\r\n  informaci\u00f3n<\/td>\r\n  <td class=xl6813526 width=220 style='border-left:none;width:165pt'>Fecha de\r\n  validaci\u00f3n<\/td>\r\n  <td class=xl6813526 width=210 style='border-left:none;width:158pt'>Fecha de\r\n  actualizaci\u00f3n<\/td>\r\n  <td class=xl6813526 width=540 style='border-left:none;width:405pt'>Nota<\/td>\r\n <\/tr>\r\n <tr height=20 style='height:15.0pt'>\r\n  <td height=20 class=xl6913526 style='height:15.0pt;border-top:none'>2018<\/td>\r\n  <td class=xl7213526 style='border-top:none;border-left:none'>01-oct-18<\/td>\r\n  <td class=xl7213526 style='border-top:none;border-left:none'>31-dic-18<\/td>\r\n  <td class=xl6913526 style='border-top:none;border-left:none'>recorridos\r\n  turisticos<\/td>\r\n  <td class=xl6913526 style='border-top:none;border-left:none'>Directo<\/td>\r\n  <td class=xl6913526 style='border-top:none;border-left:none'>solicitantes en\r\n  general<span style='mso-spacerun:yes'>\u00a0<\/span><\/td>\r\n  <td class=xl6913526 style='border-top:none;border-left:none'>dar a conocer el\r\n  acervo turistico e historico del municipio<\/td>\r\n  <td class=xl6913526 style='border-top:none;border-left:none'>personal<span\r\n  style='mso-spacerun:yes'>\u00a0<\/span><\/td>\r\n  <td class=xl6913526 style='border-top:none;border-left:none'>solicitud<span\r\n  style='mso-spacerun:yes'>\u00a0<\/span><\/td>\r\n  <td class=xl6913526 style='border-top:none;border-left:none'>oficio<\/td>\r\n  <td class=xl7013526 style='border-top:none;border-left:none'><a\r\n  href=\"https:\/\/www.apan.gob.mx\/descargables\/transparencia\/articulo69\/fraccion19\/2018_4\/turismo\/FrXIXa1_1.pdf\">https:\/\/www.apan.gob.mx\/descargables\/transparencia\/articulo69\/fraccion19\/2018_4\/turismo\/FrXIXa1_1.pdf<\/a><\/td>\r\n  <td class=xl6913526 style='border-top:none;border-left:none'>8 dias habiles<\/td>\r\n  <td class=xl6913526 style='border-top:none;border-left:none'>1<\/td>\r\n  <td class=xl6913526 style='border-top:none;border-left:none'>gratuito<span\r\n  style='mso-spacerun:yes'>\u00a0<\/span><\/td>\r\n  <td class=xl6913526 style='border-top:none;border-left:none'>art. 10 frac.\r\n  III, IV, VII, VIII<span style='mso-spacerun:yes'>\u00a0 <\/span>de la ley general\r\n  de turismo<\/td>\r\n  <td class=xl6913526 style='border-top:none;border-left:none'>N\/A<\/td>\r\n  <td class=xl6913526 style='border-top:none;border-left:none'>art. 10 frac.\r\n  VII de la Ley General de Turismo<\/td>\r\n  <td class=xl6913526 style='border-top:none;border-left:none'>presentar\r\n  queja<span style='mso-spacerun:yes'>\u00a0<\/span><\/td>\r\n  <td class=xl6913526 style='border-top:none;border-left:none'>1<\/td>\r\n  <td class=xl7013526 style='border-top:none;border-left:none'><a\r\n  href=\"https:\/\/apan.gob.mx\/portal\/Tur\/\">https:\/\/apan.gob.mx\/portal\/Tur\/<\/a><\/td>\r\n  <td class=xl7013526 style='border-top:none;border-left:none'><a\r\n  href=\"https:\/\/www.apan.gob.mx\/descargables\/transparencia\/articulo69\/fraccion19\/2018_4\/turismo\/FrXIXa1_2.pdf\">https:\/\/www.apan.gob.mx\/descargables\/transparencia\/articulo69\/fraccion19\/2018_4\/turismo\/FrXIXa1_2.pdf<\/a><\/td>\r\n  <td class=xl6913526 style='border-top:none;border-left:none'>Direccion de\r\n  Turismo<\/td>\r\n  <td class=xl7213526 style='border-top:none;border-left:none'>08-ene-19<\/td>\r\n  <td class=xl7213526 style='border-top:none;border-left:none'>01-ene-18<\/td>\r\n  <td class=xl6913526 style='border-top:none;border-left:none'>no aplica los\r\n  lugares de pago unicamente se realizan los recorridos sin cobro<\/td>\r\n <\/tr>\r\n <![if supportMisalignedColumns]>\r\n <tr height=0 style='display:none'>\r\n  <td width=118 style='width:89pt'><\/td>\r\n  <td width=321 style='width:241pt'><\/td>\r\n  <td width=337 style='width:253pt'><\/td>\r\n  <td width=219 style='width:164pt'><\/td>\r\n  <td width=228 style='width:171pt'><\/td>\r\n  <td width=352 style='width:264pt'><\/td>\r\n  <td width=442 style='width:332pt'><\/td>\r\n  <td width=193 style='width:145pt'><\/td>\r\n  <td width=296 style='width:222pt'><\/td>\r\n  <td width=261 style='width:196pt'><\/td>\r\n  <td width=846 style='width:635pt'><\/td>\r\n  <td width=130 style='width:98pt'><\/td>\r\n  <td width=485 style='width:364pt'><\/td>\r\n  <td width=347 style='width:260pt'><\/td>\r\n  <td width=476 style='width:357pt'><\/td>\r\n  <td width=285 style='width:214pt'><\/td>\r\n  <td width=373 style='width:280pt'><\/td>\r\n  <td width=347 style='width:260pt'><\/td>\r\n  <td width=390 style='width:293pt'><\/td>\r\n  <td width=371 style='width:278pt'><\/td>\r\n  <td width=770 style='width:578pt'><\/td>\r\n  <td width=538 style='width:404pt'><\/td>\r\n  <td width=220 style='width:165pt'><\/td>\r\n  <td width=210 style='width:158pt'><\/td>\r\n  <td width=540 style='width:405pt'><\/td>\r\n <\/tr>\r\n <![endif]>\r\n<\/table>\r\n\r\n<\/div>\r\n\r\n\t\t\t\t<\/div>\n\t\t\t\t<\/div>\n\t\t\t\t<div class=\"elementor-element elementor-element-6ui8kmp elementor-widget elementor-widget-button\" data-id=\"6ui8kmp\" data-element_type=\"widget\" data-e-type=\"widget\" data-widget_type=\"button.default\">\n\t\t\t\t<div class=\"elementor-widget-container\">\n\t\t\t\t\t\t\t\t\t<div class=\"elementor-button-wrapper\">\n\t\t\t\t\t<a class=\"elementor-button elementor-button-link elementor-size-sm\" href=\"https:\/\/www.apan.gob.mx\/descargables\/transparencia\/articulo69\/fraccion19\/2018_4\/turismo\/a69_f19.xlsx\">\n\t\t\t\t\t\t<span class=\"elementor-button-content-wrapper\">\n\t\t\t\t\t\t\t\t\t<span class=\"elementor-button-text\">Descargar<\/span>\n\t\t\t\t\t<\/span>\n\t\t\t\t\t<\/a>\n\t\t\t\t<\/div>\n\t\t\t\t\t\t\t\t<\/div>\n\t\t\t\t<\/div>\n\t\t\t\t<div class=\"elementor-element elementor-element-nghipxr elementor-widget elementor-widget-heading\" data-id=\"nghipxr\" data-element_type=\"widget\" data-e-type=\"widget\" data-widget_type=\"heading.default\">\n\t\t\t\t<div class=\"elementor-widget-container\">\n\t\t\t\t\t<h2 class=\"elementor-heading-title elementor-size-small\">Fecha en que se subi\u00f3 la informaci\u00f3n: 18-enero-19<\/h2>\t\t\t\t<\/div>\n\t\t\t\t<\/div>\n\t\t\t\t\t<\/div>\n\t\t<\/div>\n\t\t\t\t\t<\/div>\n\t\t<\/section>\n\t\t\t\t<\/div>\n\t\t","protected":false},"excerpt":{"rendered":"<p>Fracci\u00f3n XlX 44250 T\u00cdTULO NOMBRE CORTO DESCRIPCI\u00d3N Servicios ofrecidos a69_f19 La informaci\u00f3n para dar a conocer los servicios p\u00fablicos que presta el sujeto obligado, tanto de las actividades realizadas por la administraci\u00f3n p\u00fablica para satisfacer necesidades de la poblaci\u00f3n, como las realizadas por los sujetos obligados que no formen parte de la Administraci\u00f3n P\u00fablica, pero [&hellip;]<\/p>\n","protected":false},"author":1,"featured_media":0,"parent":0,"menu_order":0,"comment_status":"closed","ping_status":"closed","template":"page-template-full.php","meta":{"footnotes":""},"class_list":["post-4066","page","type-page","status-publish","hentry"],"jetpack_sharing_enabled":true,"_links":{"self":[{"href":"https:\/\/apan.gob.mx\/portal\/wp-json\/wp\/v2\/pages\/4066","targetHints":{"allow":["GET"]}}],"collection":[{"href":"https:\/\/apan.gob.mx\/portal\/wp-json\/wp\/v2\/pages"}],"about":[{"href":"https:\/\/apan.gob.mx\/portal\/wp-json\/wp\/v2\/types\/page"}],"author":[{"embeddable":true,"href":"https:\/\/apan.gob.mx\/portal\/wp-json\/wp\/v2\/users\/1"}],"replies":[{"embeddable":true,"href":"https:\/\/apan.gob.mx\/portal\/wp-json\/wp\/v2\/comments?post=4066"}],"version-history":[{"count":2,"href":"https:\/\/apan.gob.mx\/portal\/wp-json\/wp\/v2\/pages\/4066\/revisions"}],"predecessor-version":[{"id":4069,"href":"https:\/\/apan.gob.mx\/portal\/wp-json\/wp\/v2\/pages\/4066\/revisions\/4069"}],"wp:attachment":[{"href":"https:\/\/apan.gob.mx\/portal\/wp-json\/wp\/v2\/media?parent=4066"}],"curies":[{"name":"wp","href":"https:\/\/api.w.org\/{rel}","templated":true}]}}