{"id":4095,"date":"2019-01-21T17:42:32","date_gmt":"2019-01-21T17:42:32","guid":{"rendered":"https:\/\/apan.gob.mx\/portal\/?page_id=4095"},"modified":"2019-01-22T05:55:49","modified_gmt":"2019-01-22T05:55:49","slug":"sm_20_2017_1","status":"publish","type":"page","link":"https:\/\/apan.gob.mx\/portal\/sm_20_2017_1\/","title":{"rendered":"<!--sm_20_2017_1-->"},"content":{"rendered":"\t\t<div data-elementor-type=\"wp-page\" data-elementor-id=\"4095\" class=\"elementor elementor-4095 elementor-bc-flex-widget\">\n\t\t\t\t\t\t<section class=\"has_ae_slider elementor-section elementor-top-section elementor-element elementor-element-lcoenpy elementor-section-boxed elementor-section-height-default elementor-section-height-default ae-bg-gallery-type-default\" data-id=\"lcoenpy\" data-element_type=\"section\" data-e-type=\"section\">\n\t\t\t\t\t\t<div class=\"elementor-container elementor-column-gap-default\">\n\t\t\t\t\t<div class=\"has_ae_slider elementor-column elementor-col-100 elementor-top-column elementor-element elementor-element-qnxihjn ae-bg-gallery-type-default\" data-id=\"qnxihjn\" data-element_type=\"column\" data-e-type=\"column\">\n\t\t\t<div class=\"elementor-widget-wrap elementor-element-populated\">\n\t\t\t\t\t\t<div class=\"elementor-element elementor-element-cmraqol elementor-widget elementor-widget-heading\" data-id=\"cmraqol\" data-element_type=\"widget\" data-e-type=\"widget\" data-widget_type=\"heading.default\">\n\t\t\t\t<div class=\"elementor-widget-container\">\n\t\t\t\t\t<h2 class=\"elementor-heading-title elementor-size-medium\">Fracci\u00f3n XX<\/h2>\t\t\t\t<\/div>\n\t\t\t\t<\/div>\n\t\t\t\t<div class=\"elementor-element elementor-element-mbhpvqf elementor-widget elementor-widget-html\" data-id=\"mbhpvqf\" data-element_type=\"widget\" data-e-type=\"widget\" data-widget_type=\"html.default\">\n\t\t\t\t<div class=\"elementor-widget-container\">\n\t\t\t\t\t<style id=\"Formato FRACCI\u00d3N XX_23048_Styles\">\r\n<!--table\r\n\t{mso-displayed-decimal-separator:\"\\.\";\r\n\tmso-displayed-thousand-separator:\"\\,\";}\r\n.xl1523048\r\n\t{padding-top:1px;\r\n\tpadding-right:1px;\r\n\tpadding-left:1px;\r\n\tmso-ignore:padding;\r\n\tcolor:windowtext;\r\n\tfont-size:10.0pt;\r\n\tfont-weight:400;\r\n\tfont-style:normal;\r\n\ttext-decoration:none;\r\n\tfont-family:Arial;\r\n\tmso-generic-font-family:auto;\r\n\tmso-font-charset:0;\r\n\tmso-number-format:General;\r\n\ttext-align:general;\r\n\tvertical-align:bottom;\r\n\tmso-background-source:auto;\r\n\tmso-pattern:auto;\r\n\twhite-space:nowrap;}\r\n.xl6523048\r\n\t{padding-top:1px;\r\n\tpadding-right:1px;\r\n\tpadding-left:1px;\r\n\tmso-ignore:padding;\r\n\tcolor:windowtext;\r\n\tfont-size:10.0pt;\r\n\tfont-weight:400;\r\n\tfont-style:normal;\r\n\ttext-decoration:none;\r\n\tfont-family:Arial;\r\n\tmso-generic-font-family:auto;\r\n\tmso-font-charset:0;\r\n\tmso-number-format:General;\r\n\ttext-align:center;\r\n\tvertical-align:middle;\r\n\tmso-background-source:auto;\r\n\tmso-pattern:auto;\r\n\twhite-space:nowrap;}\r\n.xl6623048\r\n\t{padding-top:1px;\r\n\tpadding-right:1px;\r\n\tpadding-left:1px;\r\n\tmso-ignore:padding;\r\n\tcolor:white;\r\n\tfont-size:11.0pt;\r\n\tfont-weight:700;\r\n\tfont-style:normal;\r\n\ttext-decoration:none;\r\n\tfont-family:Arial;\r\n\tmso-generic-font-family:auto;\r\n\tmso-font-charset:0;\r\n\tmso-number-format:General;\r\n\ttext-align:center;\r\n\tvertical-align:middle;\r\n\tborder:.5pt solid black;\r\n\tbackground:#333333;\r\n\tmso-pattern:black none;\r\n\twhite-space:nowrap;}\r\n.xl6723048\r\n\t{padding-top:1px;\r\n\tpadding-right:1px;\r\n\tpadding-left:1px;\r\n\tmso-ignore:padding;\r\n\tcolor:black;\r\n\tfont-size:10.0pt;\r\n\tfont-weight:400;\r\n\tfont-style:normal;\r\n\ttext-decoration:none;\r\n\tfont-family:Arial;\r\n\tmso-generic-font-family:auto;\r\n\tmso-font-charset:0;\r\n\tmso-number-format:General;\r\n\ttext-align:center;\r\n\tvertical-align:middle;\r\n\tborder:.5pt solid black;\r\n\tbackground:#E1E1E1;\r\n\tmso-pattern:black none;\r\n\twhite-space:nowrap;}\r\n.xl6823048\r\n\t{padding-top:1px;\r\n\tpadding-right:1px;\r\n\tpadding-left:1px;\r\n\tmso-ignore:padding;\r\n\tcolor:black;\r\n\tfont-size:10.0pt;\r\n\tfont-weight:400;\r\n\tfont-style:normal;\r\n\ttext-decoration:none;\r\n\tfont-family:Arial;\r\n\tmso-generic-font-family:auto;\r\n\tmso-font-charset:0;\r\n\tmso-number-format:General;\r\n\ttext-align:center;\r\n\tvertical-align:middle;\r\n\tborder-top:.5pt solid black;\r\n\tborder-right:.5pt solid black;\r\n\tborder-bottom:none;\r\n\tborder-left:.5pt solid black;\r\n\tbackground:#E1E1E1;\r\n\tmso-pattern:black none;\r\n\twhite-space:nowrap;}\r\n.xl6923048\r\n\t{padding-top:1px;\r\n\tpadding-right:1px;\r\n\tpadding-left:1px;\r\n\tmso-ignore:padding;\r\n\tcolor:windowtext;\r\n\tfont-size:10.0pt;\r\n\tfont-weight:400;\r\n\tfont-style:normal;\r\n\ttext-decoration:none;\r\n\tfont-family:Arial, sans-serif;\r\n\tmso-font-charset:0;\r\n\tmso-number-format:General;\r\n\ttext-align:center;\r\n\tvertical-align:middle;\r\n\tborder:.5pt solid windowtext;\r\n\tbackground:white;\r\n\tmso-pattern:black none;\r\n\twhite-space:nowrap;}\r\n.xl7023048\r\n\t{padding-top:1px;\r\n\tpadding-right:1px;\r\n\tpadding-left:1px;\r\n\tmso-ignore:padding;\r\n\tcolor:#0563C1;\r\n\tfont-size:10.0pt;\r\n\tfont-weight:400;\r\n\tfont-style:normal;\r\n\ttext-decoration:underline;\r\n\ttext-underline-style:single;\r\n\tfont-family:Arial;\r\n\tmso-generic-font-family:auto;\r\n\tmso-font-charset:0;\r\n\tmso-number-format:General;\r\n\ttext-align:center;\r\n\tvertical-align:middle;\r\n\tborder:.5pt solid windowtext;\r\n\tbackground:white;\r\n\tmso-pattern:black none;\r\n\twhite-space:nowrap;}\r\n.xl7123048\r\n\t{padding-top:1px;\r\n\tpadding-right:1px;\r\n\tpadding-left:1px;\r\n\tmso-ignore:padding;\r\n\tcolor:windowtext;\r\n\tfont-size:10.0pt;\r\n\tfont-weight:400;\r\n\tfont-style:normal;\r\n\ttext-decoration:none;\r\n\tfont-family:Arial;\r\n\tmso-generic-font-family:auto;\r\n\tmso-font-charset:0;\r\n\tmso-number-format:General;\r\n\ttext-align:center;\r\n\tvertical-align:middle;\r\n\tborder:.5pt solid windowtext;\r\n\tbackground:white;\r\n\tmso-pattern:black none;\r\n\twhite-space:nowrap;}\r\n.xl7223048\r\n\t{padding-top:1px;\r\n\tpadding-right:1px;\r\n\tpadding-left:1px;\r\n\tmso-ignore:padding;\r\n\tcolor:windowtext;\r\n\tfont-size:10.0pt;\r\n\tfont-weight:400;\r\n\tfont-style:normal;\r\n\ttext-decoration:none;\r\n\tfont-family:Arial;\r\n\tmso-generic-font-family:auto;\r\n\tmso-font-charset:0;\r\n\tmso-number-format:\"Short Date\";\r\n\ttext-align:center;\r\n\tvertical-align:middle;\r\n\tborder:.5pt solid windowtext;\r\n\tbackground:white;\r\n\tmso-pattern:black none;\r\n\twhite-space:nowrap;}\r\n-->\r\n<\/style>\r\n<\/head>\r\n\r\n<body>\r\n<!--[if !excel]>&nbsp;&nbsp;<![endif]-->\r\n<!--La siguiente informaci\u00f3n se gener\u00f3 mediante el Asistente para publicar como\r\np\u00e1gina web de Microsoft Excel.-->\r\n<!--Si se vuelve a publicar el mismo elemento desde Excel, se reemplazar\u00e1 toda\r\nla informaci\u00f3n comprendida entre las etiquetas DIV.-->\r\n<!----------------------------->\r\n<!--INICIO DE LOS RESULTADOS DEL ASISTENTE PARA PUBLICAR COMO P\u00c1GINA WEB DE\r\nEXCEL -->\r\n<!----------------------------->\r\n\r\n<div id=\"Formato FRACCI\u00d3N XX_23048\" align=center x:publishsource=\"Excel\">\r\n\r\n<table border=0 cellpadding=0 cellspacing=0 width=7992 style='border-collapse:\r\n collapse;table-layout:fixed;width:5998pt'>\r\n <col width=231 style='mso-width-source:userset;mso-width-alt:8448;width:173pt'>\r\n <col width=293 style='mso-width-source:userset;mso-width-alt:10715;width:220pt'>\r\n <col width=404 style='mso-width-source:userset;mso-width-alt:14774;width:303pt'>\r\n <col width=313 style='mso-width-source:userset;mso-width-alt:11446;width:235pt'>\r\n <col width=335 style='mso-width-source:userset;mso-width-alt:12251;width:251pt'>\r\n <col width=192 style='mso-width-source:userset;mso-width-alt:7021;width:144pt'>\r\n <col width=286 style='mso-width-source:userset;mso-width-alt:10459;width:215pt'>\r\n <col width=258 style='mso-width-source:userset;mso-width-alt:9435;width:194pt'>\r\n <col width=713 style='mso-width-source:userset;mso-width-alt:26075;width:535pt'>\r\n <col width=283 style='mso-width-source:userset;mso-width-alt:10349;width:212pt'>\r\n <col width=344 style='mso-width-source:userset;mso-width-alt:12580;width:258pt'>\r\n <col width=361 style='mso-width-source:userset;mso-width-alt:13202;width:271pt'>\r\n <col width=134 style='mso-width-source:userset;mso-width-alt:4900;width:101pt'>\r\n <col width=247 style='mso-width-source:userset;mso-width-alt:9033;width:185pt'>\r\n <col width=361 style='mso-width-source:userset;mso-width-alt:13202;width:271pt'>\r\n <col width=594 style='mso-width-source:userset;mso-width-alt:21723;width:446pt'>\r\n <col width=202 style='mso-width-source:userset;mso-width-alt:7387;width:152pt'>\r\n <col width=361 style='mso-width-source:userset;mso-width-alt:13202;width:271pt'>\r\n <col width=673 style='mso-width-source:userset;mso-width-alt:24612;width:505pt'>\r\n <col width=697 style='mso-width-source:userset;mso-width-alt:25490;width:523pt'>\r\n <col width=163 style='mso-width-source:userset;mso-width-alt:5961;width:122pt'>\r\n <col width=238 style='mso-width-source:userset;mso-width-alt:8704;width:179pt'>\r\n <col width=73 style='mso-width-source:userset;mso-width-alt:2669;width:55pt'>\r\n <col width=165 style='mso-width-source:userset;mso-width-alt:6034;width:124pt'>\r\n <col width=71 style='mso-width-source:userset;mso-width-alt:2596;width:53pt'>\r\n <tr height=0 style='display:none'>\r\n  <td class=xl6523048 width=231 style='width:173pt'>35919<\/td>\r\n  <td class=xl6523048 width=293 style='width:220pt'><\/td>\r\n  <td class=xl6523048 width=404 style='width:303pt'><\/td>\r\n  <td class=xl6523048 width=313 style='width:235pt'><\/td>\r\n  <td class=xl6523048 width=335 style='width:251pt'><\/td>\r\n  <td class=xl6523048 width=192 style='width:144pt'><\/td>\r\n  <td class=xl6523048 width=286 style='width:215pt'><\/td>\r\n  <td class=xl6523048 width=258 style='width:194pt'><\/td>\r\n  <td class=xl6523048 width=713 style='width:535pt'><\/td>\r\n  <td class=xl6523048 width=283 style='width:212pt'><\/td>\r\n  <td class=xl6523048 width=344 style='width:258pt'><\/td>\r\n  <td class=xl6523048 width=361 style='width:271pt'><\/td>\r\n  <td class=xl6523048 width=134 style='width:101pt'><\/td>\r\n  <td class=xl6523048 width=247 style='width:185pt'><\/td>\r\n  <td class=xl6523048 width=361 style='width:271pt'><\/td>\r\n  <td class=xl6523048 width=594 style='width:446pt'><\/td>\r\n  <td class=xl6523048 width=202 style='width:152pt'><\/td>\r\n  <td class=xl6523048 width=361 style='width:271pt'><\/td>\r\n  <td class=xl6523048 width=673 style='width:505pt'><\/td>\r\n  <td class=xl6523048 width=697 style='width:523pt'><\/td>\r\n  <td class=xl6523048 width=163 style='width:122pt'><\/td>\r\n  <td class=xl6523048 width=238 style='width:179pt'><\/td>\r\n  <td class=xl6523048 width=73 style='width:55pt'><\/td>\r\n  <td class=xl6523048 width=165 style='width:124pt'><\/td>\r\n  <td class=xl6523048 width=71 style='width:53pt'><\/td>\r\n <\/tr>\r\n <tr height=20 style='height:15.0pt'>\r\n  <td height=20 class=xl6623048 style='height:15.0pt'>TITULO<\/td>\r\n  <td class=xl6623048 style='border-left:none'>NOMBRE CORTO<\/td>\r\n  <td class=xl6623048 style='border-left:none'>DESCRIPCION<\/td>\r\n  <td class=xl6523048><\/td>\r\n  <td class=xl6523048><\/td>\r\n  <td class=xl6523048><\/td>\r\n  <td class=xl6523048><\/td>\r\n  <td class=xl6523048><\/td>\r\n  <td class=xl6523048><\/td>\r\n  <td class=xl6523048><\/td>\r\n  <td class=xl6523048><\/td>\r\n  <td class=xl6523048><\/td>\r\n  <td class=xl6523048><\/td>\r\n  <td class=xl6523048><\/td>\r\n  <td class=xl6523048><\/td>\r\n  <td class=xl6523048><\/td>\r\n  <td class=xl6523048><\/td>\r\n  <td class=xl6523048><\/td>\r\n  <td class=xl6523048><\/td>\r\n  <td class=xl6523048><\/td>\r\n  <td class=xl6523048><\/td>\r\n  <td class=xl6523048><\/td>\r\n  <td class=xl6523048><\/td>\r\n  <td class=xl6523048><\/td>\r\n  <td class=xl6523048><\/td>\r\n <\/tr>\r\n <tr height=17 style='height:12.75pt'>\r\n  <td height=17 class=xl6723048 style='height:12.75pt;border-top:none'>FRACCI\u00d3N\r\n  XX<\/td>\r\n  <td class=xl6723048 style='border-top:none;border-left:none'>LTAIPGEH69FXX<\/td>\r\n  <td class=xl6723048 style='border-top:none;border-left:none'>Los tr\u00e1mites,\r\n  requisitos y formatos que ofrecen;<\/td>\r\n  <td class=xl6523048><\/td>\r\n  <td class=xl6523048><\/td>\r\n  <td class=xl6523048><\/td>\r\n  <td class=xl6523048><\/td>\r\n  <td class=xl6523048><\/td>\r\n  <td class=xl6523048><\/td>\r\n  <td class=xl6523048><\/td>\r\n  <td class=xl6523048><\/td>\r\n  <td class=xl6523048><\/td>\r\n  <td class=xl6523048><\/td>\r\n  <td class=xl6523048><\/td>\r\n  <td class=xl6523048><\/td>\r\n  <td class=xl6523048><\/td>\r\n  <td class=xl6523048><\/td>\r\n  <td class=xl6523048><\/td>\r\n  <td class=xl6523048><\/td>\r\n  <td class=xl6523048><\/td>\r\n  <td class=xl6523048><\/td>\r\n  <td class=xl6523048><\/td>\r\n  <td class=xl6523048><\/td>\r\n  <td class=xl6523048><\/td>\r\n  <td class=xl6523048><\/td>\r\n <\/tr>\r\n <tr height=0 style='display:none'>\r\n  <td class=xl6523048>1<\/td>\r\n  <td class=xl6523048>1<\/td>\r\n  <td class=xl6523048>2<\/td>\r\n  <td class=xl6523048>2<\/td>\r\n  <td class=xl6523048>2<\/td>\r\n  <td class=xl6523048>1<\/td>\r\n  <td class=xl6523048>2<\/td>\r\n  <td class=xl6523048>2<\/td>\r\n  <td class=xl6523048>7<\/td>\r\n  <td class=xl6523048>2<\/td>\r\n  <td class=xl6523048>1<\/td>\r\n  <td class=xl6523048>10<\/td>\r\n  <td class=xl6523048>6<\/td>\r\n  <td class=xl6523048>2<\/td>\r\n  <td class=xl6523048>10<\/td>\r\n  <td class=xl6523048>2<\/td>\r\n  <td class=xl6523048>2<\/td>\r\n  <td class=xl6523048>10<\/td>\r\n  <td class=xl6523048>7<\/td>\r\n  <td class=xl6523048>7<\/td>\r\n  <td class=xl6523048>4<\/td>\r\n  <td class=xl6523048>1<\/td>\r\n  <td class=xl6523048>12<\/td>\r\n  <td class=xl6523048>13<\/td>\r\n  <td class=xl6523048>14<\/td>\r\n <\/tr>\r\n <tr height=0 style='display:none'>\r\n  <td class=xl6523048>235514<\/td>\r\n  <td class=xl6523048>235512<\/td>\r\n  <td class=xl6523048>235516<\/td>\r\n  <td class=xl6523048>235517<\/td>\r\n  <td class=xl6523048>235520<\/td>\r\n  <td class=xl6523048>235515<\/td>\r\n  <td class=xl6523048>235521<\/td>\r\n  <td class=xl6523048>235518<\/td>\r\n  <td class=xl6523048>235528<\/td>\r\n  <td class=xl6523048>235519<\/td>\r\n  <td class=xl6523048>235511<\/td>\r\n  <td class=xl6523048>235530<\/td>\r\n  <td class=xl6523048>235526<\/td>\r\n  <td class=xl6523048>235523<\/td>\r\n  <td class=xl6523048>235532<\/td>\r\n  <td class=xl6523048>235522<\/td>\r\n  <td class=xl6523048>235524<\/td>\r\n  <td class=xl6523048>235531<\/td>\r\n  <td class=xl6523048>235527<\/td>\r\n  <td class=xl6523048>235529<\/td>\r\n  <td class=xl6523048>235525<\/td>\r\n  <td class=xl6523048>235513<\/td>\r\n  <td class=xl6523048>235533<\/td>\r\n  <td class=xl6523048>235534<\/td>\r\n  <td class=xl6523048>235535<\/td>\r\n <\/tr>\r\n <tr height=20 style='height:15.0pt'>\r\n  <td colspan=25 height=20 class=xl6623048 style='height:15.0pt'>Tabla Campos<\/td>\r\n <\/tr>\r\n <tr height=17 style='height:12.75pt'>\r\n  <td height=17 class=xl6823048 style='height:12.75pt'>Acto administrativo<\/td>\r\n  <td class=xl6823048 style='border-left:none'>Tipo de tr\u00e1mite<\/td>\r\n  <td class=xl6823048 style='border-left:none'>Denominaci\u00f3n del tr\u00e1mite.<\/td>\r\n  <td class=xl6823048 style='border-left:none'>Tipo de usuario y\/o poblaci\u00f3n\r\n  objetivo.<\/td>\r\n  <td class=xl6823048 style='border-left:none'>Descripci\u00f3n de los beneficios\r\n  para el usuario<\/td>\r\n  <td class=xl6823048 style='border-left:none'>Modalidad del tr\u00e1mite<\/td>\r\n  <td class=xl6823048 style='border-left:none'>Requisitos para llevar a cabo el\r\n  tr\u00e1mite<\/td>\r\n  <td class=xl6823048 style='border-left:none'>Documentos requeridos<\/td>\r\n  <td class=xl6823048 style='border-left:none'>Hiperv\u00ednculo al\/los formatos\r\n  respectivos<\/td>\r\n  <td class=xl6823048 style='border-left:none'>Plazos para la conclusi\u00f3n del\r\n  tr\u00e1mite<\/td>\r\n  <td class=xl6823048 style='border-left:none'>Vigencia de los resultados del\r\n  tr\u00e1mite<\/td>\r\n  <td class=xl6823048 style='border-left:none'>\u00c1rea donde se gestiona el\r\n  tr\u00e1mite<\/td>\r\n  <td class=xl6823048 style='border-left:none'>Costo<\/td>\r\n  <td class=xl6823048 style='border-left:none'>Sustento legal para su cobro<\/td>\r\n  <td class=xl6823048 style='border-left:none'>Lugares donde se efect\u00faa el pago<\/td>\r\n  <td class=xl6823048 style='border-left:none'>Fundamento\r\n  jur\u00eddico-administrativo del tr\u00e1mite<\/td>\r\n  <td class=xl6823048 style='border-left:none'>Derechos del usuario<\/td>\r\n  <td class=xl6823048 style='border-left:none'>Lugares para reportar presuntas\r\n  anomal\u00edas<\/td>\r\n  <td class=xl6823048 style='border-left:none'>Hiperv\u00ednculo informaci\u00f3n\r\n  adicional del tr\u00e1mite<\/td>\r\n  <td class=xl6823048 style='border-left:none'>Hiperv\u00ednculo al sistema\r\n  correspondiente<\/td>\r\n  <td class=xl6823048 style='border-left:none'>Fecha de validaci\u00f3n<\/td>\r\n  <td class=xl6823048 style='border-left:none'>\u00c1rea responsable de la\r\n  informaci\u00f3n<\/td>\r\n  <td class=xl6823048 style='border-left:none'>A\u00f1o<\/td>\r\n  <td class=xl6823048 style='border-left:none'>Fecha de actualizaci\u00f3n<\/td>\r\n  <td class=xl6823048 style='border-left:none'>Nota<\/td>\r\n <\/tr>\r\n <tr height=17 style='height:12.75pt'>\r\n  <td height=17 class=xl6923048 style='height:12.75pt'>Tramite<\/td>\r\n  <td class=xl6923048 style='border-left:none'>cambio de propietario<\/td>\r\n  <td class=xl6923048 style='border-left:none'>cambio de propietario<\/td>\r\n  <td class=xl6923048 style='border-left:none'>concesionario<\/td>\r\n  <td class=xl6923048 style='border-left:none'>Ingresos Econ\u00f3micos<\/td>\r\n  <td class=xl6923048 style='border-left:none'>presencial<\/td>\r\n  <td class=xl6923048 style='border-left:none'>Ser concesionario<\/td>\r\n  <td class=xl6923048 style='border-left:none'>INE y Constancia de derechos<\/td>\r\n  <td class=xl7023048 style='border-left:none'><a\r\n  href=\"https:\/\/www.apan.gob.mx\/descargables\/transparencia\/articulo69\/fraccion20\/2017_1\/sm\/FrXXa1_1.pdf\">https:\/\/www.apan.gob.mx\/descargables\/transparencia\/articulo69\/fraccion20\/2017_1\/sm\/FrXXa1_1.pdf<\/a><\/td>\r\n  <td class=xl6923048 style='border-left:none'>3 Dias<\/td>\r\n  <td class=xl6923048 style='border-left:none'>Indefinido<\/td>\r\n  <td class=xl7123048 style='border-left:none'>1<\/td>\r\n  <td class=xl7123048 style='border-left:none'>1500<\/td>\r\n  <td class=xl6923048 style='border-left:none'>Ley de Ingresos<\/td>\r\n  <td class=xl7123048 style='border-left:none'>1<\/td>\r\n  <td class=xl6923048 style='border-left:none'>Reglamento de Mercados,Tianguis\r\n  y Abasto Munici\u00b4pal de Apan Hidalgo.<\/td>\r\n  <td class=xl6923048 style='border-left:none'>quejas y sugerencias<\/td>\r\n  <td class=xl7123048 style='border-left:none'>1<\/td>\r\n  <td class=xl7023048 style='border-left:none'><a\r\n  href=\"https:\/\/www.apan.gob.mx\/descargables\/transparencia\/articulo69\/fraccion20\/2017_1\/sm\/FrXXa1_2.pdf\">https:\/\/www.apan.gob.mx\/descargables\/transparencia\/articulo69\/fraccion20\/2017_1\/sm\/FrXXa1_2.pdf<\/a><\/td>\r\n  <td class=xl7023048 style='border-left:none'><a\r\n  href=\"https:\/\/www.apan.gob.mx\/descargables\/transparencia\/articulo69\/fraccion20\/2017_1\/sm\/FrXXa1_3.pdf\">https:\/\/www.apan.gob.mx\/descargables\/transparencia\/articulo69\/fraccion20\/2017_1\/sm\/FrXXa1_3.pdf<\/a><\/td>\r\n  <td class=xl7223048 style='border-left:none'>04\/01\/2017<\/td>\r\n  <td class=xl7123048 style='border-left:none'>Direccion de servicios\r\n  municipales<\/td>\r\n  <td class=xl7123048 style='border-left:none'>2017<\/td>\r\n  <td class=xl7223048 style='border-left:none'>04\/01\/2017<\/td>\r\n  <td class=xl7123048 style='border-left:none'>N\/A<\/td>\r\n <\/tr>\r\n <![if supportMisalignedColumns]>\r\n <tr height=0 style='display:none'>\r\n  <td width=231 style='width:173pt'><\/td>\r\n  <td width=293 style='width:220pt'><\/td>\r\n  <td width=404 style='width:303pt'><\/td>\r\n  <td width=313 style='width:235pt'><\/td>\r\n  <td width=335 style='width:251pt'><\/td>\r\n  <td width=192 style='width:144pt'><\/td>\r\n  <td width=286 style='width:215pt'><\/td>\r\n  <td width=258 style='width:194pt'><\/td>\r\n  <td width=713 style='width:535pt'><\/td>\r\n  <td width=283 style='width:212pt'><\/td>\r\n  <td width=344 style='width:258pt'><\/td>\r\n  <td width=361 style='width:271pt'><\/td>\r\n  <td width=134 style='width:101pt'><\/td>\r\n  <td width=247 style='width:185pt'><\/td>\r\n  <td width=361 style='width:271pt'><\/td>\r\n  <td width=594 style='width:446pt'><\/td>\r\n  <td width=202 style='width:152pt'><\/td>\r\n  <td width=361 style='width:271pt'><\/td>\r\n  <td width=673 style='width:505pt'><\/td>\r\n  <td width=697 style='width:523pt'><\/td>\r\n  <td width=163 style='width:122pt'><\/td>\r\n  <td width=238 style='width:179pt'><\/td>\r\n  <td width=73 style='width:55pt'><\/td>\r\n  <td width=165 style='width:124pt'><\/td>\r\n  <td width=71 style='width:53pt'><\/td>\r\n <\/tr>\r\n <![endif]>\r\n<\/table>\r\n\r\n<\/div>\r\n\r\n\r\n\t\t\t\t<\/div>\n\t\t\t\t<\/div>\n\t\t\t\t<div class=\"elementor-element elementor-element-shtsfhd elementor-widget elementor-widget-button\" data-id=\"shtsfhd\" data-element_type=\"widget\" data-e-type=\"widget\" data-widget_type=\"button.default\">\n\t\t\t\t<div class=\"elementor-widget-container\">\n\t\t\t\t\t\t\t\t\t<div class=\"elementor-button-wrapper\">\n\t\t\t\t\t<a class=\"elementor-button elementor-button-link elementor-size-sm\" href=\"https:\/\/www.apan.gob.mx\/descargables\/transparencia\/articulo69\/fraccion20\/2017_1\/sm\/FormatoFRACCIONXX.xls\">\n\t\t\t\t\t\t<span class=\"elementor-button-content-wrapper\">\n\t\t\t\t\t\t\t\t\t<span class=\"elementor-button-text\">Descargar<\/span>\n\t\t\t\t\t<\/span>\n\t\t\t\t\t<\/a>\n\t\t\t\t<\/div>\n\t\t\t\t\t\t\t\t<\/div>\n\t\t\t\t<\/div>\n\t\t\t\t<div class=\"elementor-element elementor-element-ntllbvu elementor-widget elementor-widget-heading\" data-id=\"ntllbvu\" data-element_type=\"widget\" data-e-type=\"widget\" data-widget_type=\"heading.default\">\n\t\t\t\t<div class=\"elementor-widget-container\">\n\t\t\t\t\t<h2 class=\"elementor-heading-title elementor-size-small\">Fecha en que se subi\u00f3 la informaci\u00f3n: 18-enero-19<\/h2>\t\t\t\t<\/div>\n\t\t\t\t<\/div>\n\t\t\t\t\t<\/div>\n\t\t<\/div>\n\t\t\t\t\t<\/div>\n\t\t<\/section>\n\t\t\t\t<\/div>\n\t\t","protected":false},"excerpt":{"rendered":"<p>Fracci\u00f3n XX 35919 TITULO NOMBRE CORTO DESCRIPCION FRACCI\u00d3N XX LTAIPGEH69FXX Los tr\u00e1mites, requisitos y formatos que ofrecen; 1 1 2 2 2 1 2 2 7 2 1 10 6 2 10 2 2 10 7 7 4 1 12 13 14 235514 235512 235516 235517 235520 235515 235521 235518 235528 235519 235511 235530 235526 [&hellip;]<\/p>\n","protected":false},"author":1,"featured_media":0,"parent":0,"menu_order":0,"comment_status":"closed","ping_status":"closed","template":"page-template-full.php","meta":{"footnotes":""},"class_list":["post-4095","page","type-page","status-publish","hentry"],"jetpack_sharing_enabled":true,"_links":{"self":[{"href":"https:\/\/apan.gob.mx\/portal\/wp-json\/wp\/v2\/pages\/4095","targetHints":{"allow":["GET"]}}],"collection":[{"href":"https:\/\/apan.gob.mx\/portal\/wp-json\/wp\/v2\/pages"}],"about":[{"href":"https:\/\/apan.gob.mx\/portal\/wp-json\/wp\/v2\/types\/page"}],"author":[{"embeddable":true,"href":"https:\/\/apan.gob.mx\/portal\/wp-json\/wp\/v2\/users\/1"}],"replies":[{"embeddable":true,"href":"https:\/\/apan.gob.mx\/portal\/wp-json\/wp\/v2\/comments?post=4095"}],"version-history":[{"count":4,"href":"https:\/\/apan.gob.mx\/portal\/wp-json\/wp\/v2\/pages\/4095\/revisions"}],"predecessor-version":[{"id":4113,"href":"https:\/\/apan.gob.mx\/portal\/wp-json\/wp\/v2\/pages\/4095\/revisions\/4113"}],"wp:attachment":[{"href":"https:\/\/apan.gob.mx\/portal\/wp-json\/wp\/v2\/media?parent=4095"}],"curies":[{"name":"wp","href":"https:\/\/api.w.org\/{rel}","templated":true}]}}