{"id":4118,"date":"2019-01-22T16:22:12","date_gmt":"2019-01-22T16:22:12","guid":{"rendered":"https:\/\/apan.gob.mx\/portal\/?page_id=4118"},"modified":"2019-01-22T16:44:04","modified_gmt":"2019-01-22T16:44:04","slug":"sm_20_2017_3","status":"publish","type":"page","link":"https:\/\/apan.gob.mx\/portal\/sm_20_2017_3\/","title":{"rendered":"<!--sm_20_2017_3-->"},"content":{"rendered":"\t\t<div data-elementor-type=\"wp-page\" data-elementor-id=\"4118\" class=\"elementor elementor-4118 elementor-bc-flex-widget\">\n\t\t\t\t\t\t<section class=\"has_ae_slider elementor-section elementor-top-section elementor-element elementor-element-ynfvsnj elementor-section-boxed elementor-section-height-default elementor-section-height-default ae-bg-gallery-type-default\" data-id=\"ynfvsnj\" data-element_type=\"section\" data-e-type=\"section\">\n\t\t\t\t\t\t<div class=\"elementor-container elementor-column-gap-default\">\n\t\t\t\t\t<div class=\"has_ae_slider elementor-column elementor-col-100 elementor-top-column elementor-element elementor-element-erscmrn ae-bg-gallery-type-default\" data-id=\"erscmrn\" data-element_type=\"column\" data-e-type=\"column\">\n\t\t\t<div class=\"elementor-widget-wrap elementor-element-populated\">\n\t\t\t\t\t\t<div class=\"elementor-element elementor-element-ywrmeim elementor-widget elementor-widget-heading\" data-id=\"ywrmeim\" data-element_type=\"widget\" data-e-type=\"widget\" data-widget_type=\"heading.default\">\n\t\t\t\t<div class=\"elementor-widget-container\">\n\t\t\t\t\t<h2 class=\"elementor-heading-title elementor-size-medium\">Fracci\u00f3n XX<\/h2>\t\t\t\t<\/div>\n\t\t\t\t<\/div>\n\t\t\t\t<div class=\"elementor-element elementor-element-nwcn6m0 elementor-widget elementor-widget-html\" data-id=\"nwcn6m0\" data-element_type=\"widget\" data-e-type=\"widget\" data-widget_type=\"html.default\">\n\t\t\t\t<div class=\"elementor-widget-container\">\n\t\t\t\t\t<style id=\"Formato FRACCI\u00d3N XX_30715_Styles\">\r\n<!--table\r\n\t{mso-displayed-decimal-separator:\"\\.\";\r\n\tmso-displayed-thousand-separator:\"\\,\";}\r\n.xl1530715\r\n\t{padding-top:1px;\r\n\tpadding-right:1px;\r\n\tpadding-left:1px;\r\n\tmso-ignore:padding;\r\n\tcolor:windowtext;\r\n\tfont-size:10.0pt;\r\n\tfont-weight:400;\r\n\tfont-style:normal;\r\n\ttext-decoration:none;\r\n\tfont-family:Arial;\r\n\tmso-generic-font-family:auto;\r\n\tmso-font-charset:0;\r\n\tmso-number-format:General;\r\n\ttext-align:general;\r\n\tvertical-align:bottom;\r\n\tmso-background-source:auto;\r\n\tmso-pattern:auto;\r\n\twhite-space:nowrap;}\r\n.xl6530715\r\n\t{padding-top:1px;\r\n\tpadding-right:1px;\r\n\tpadding-left:1px;\r\n\tmso-ignore:padding;\r\n\tcolor:white;\r\n\tfont-size:11.0pt;\r\n\tfont-weight:700;\r\n\tfont-style:normal;\r\n\ttext-decoration:none;\r\n\tfont-family:Arial;\r\n\tmso-generic-font-family:auto;\r\n\tmso-font-charset:0;\r\n\tmso-number-format:General;\r\n\ttext-align:center;\r\n\tvertical-align:middle;\r\n\tborder:.5pt solid black;\r\n\tbackground:#333333;\r\n\tmso-pattern:black none;\r\n\twhite-space:nowrap;}\r\n.xl6630715\r\n\t{padding-top:1px;\r\n\tpadding-right:1px;\r\n\tpadding-left:1px;\r\n\tmso-ignore:padding;\r\n\tcolor:windowtext;\r\n\tfont-size:10.0pt;\r\n\tfont-weight:400;\r\n\tfont-style:normal;\r\n\ttext-decoration:none;\r\n\tfont-family:Arial;\r\n\tmso-generic-font-family:auto;\r\n\tmso-font-charset:0;\r\n\tmso-number-format:General;\r\n\ttext-align:center;\r\n\tvertical-align:middle;\r\n\tmso-background-source:auto;\r\n\tmso-pattern:auto;\r\n\twhite-space:nowrap;}\r\n.xl6730715\r\n\t{padding-top:1px;\r\n\tpadding-right:1px;\r\n\tpadding-left:1px;\r\n\tmso-ignore:padding;\r\n\tcolor:black;\r\n\tfont-size:10.0pt;\r\n\tfont-weight:400;\r\n\tfont-style:normal;\r\n\ttext-decoration:none;\r\n\tfont-family:Arial;\r\n\tmso-generic-font-family:auto;\r\n\tmso-font-charset:0;\r\n\tmso-number-format:General;\r\n\ttext-align:center;\r\n\tvertical-align:middle;\r\n\tborder:.5pt solid black;\r\n\tbackground:#E1E1E1;\r\n\tmso-pattern:black none;\r\n\twhite-space:nowrap;}\r\n.xl6830715\r\n\t{padding-top:1px;\r\n\tpadding-right:1px;\r\n\tpadding-left:1px;\r\n\tmso-ignore:padding;\r\n\tcolor:black;\r\n\tfont-size:10.0pt;\r\n\tfont-weight:400;\r\n\tfont-style:normal;\r\n\ttext-decoration:none;\r\n\tfont-family:Arial;\r\n\tmso-generic-font-family:auto;\r\n\tmso-font-charset:0;\r\n\tmso-number-format:General;\r\n\ttext-align:center;\r\n\tvertical-align:middle;\r\n\tborder-top:.5pt solid black;\r\n\tborder-right:.5pt solid black;\r\n\tborder-bottom:none;\r\n\tborder-left:.5pt solid black;\r\n\tbackground:#E1E1E1;\r\n\tmso-pattern:black none;\r\n\twhite-space:nowrap;}\r\n.xl6930715\r\n\t{padding-top:1px;\r\n\tpadding-right:1px;\r\n\tpadding-left:1px;\r\n\tmso-ignore:padding;\r\n\tcolor:windowtext;\r\n\tfont-size:10.0pt;\r\n\tfont-weight:400;\r\n\tfont-style:normal;\r\n\ttext-decoration:none;\r\n\tfont-family:Arial, sans-serif;\r\n\tmso-font-charset:0;\r\n\tmso-number-format:General;\r\n\ttext-align:center;\r\n\tvertical-align:middle;\r\n\tborder:.5pt solid windowtext;\r\n\tbackground:white;\r\n\tmso-pattern:black none;\r\n\twhite-space:nowrap;}\r\n.xl7030715\r\n\t{padding-top:1px;\r\n\tpadding-right:1px;\r\n\tpadding-left:1px;\r\n\tmso-ignore:padding;\r\n\tcolor:#0563C1;\r\n\tfont-size:10.0pt;\r\n\tfont-weight:400;\r\n\tfont-style:normal;\r\n\ttext-decoration:underline;\r\n\ttext-underline-style:single;\r\n\tfont-family:Arial;\r\n\tmso-generic-font-family:auto;\r\n\tmso-font-charset:0;\r\n\tmso-number-format:General;\r\n\ttext-align:center;\r\n\tvertical-align:middle;\r\n\tborder:.5pt solid windowtext;\r\n\tbackground:white;\r\n\tmso-pattern:black none;\r\n\twhite-space:nowrap;}\r\n.xl7130715\r\n\t{padding-top:1px;\r\n\tpadding-right:1px;\r\n\tpadding-left:1px;\r\n\tmso-ignore:padding;\r\n\tcolor:windowtext;\r\n\tfont-size:10.0pt;\r\n\tfont-weight:400;\r\n\tfont-style:normal;\r\n\ttext-decoration:none;\r\n\tfont-family:Arial;\r\n\tmso-generic-font-family:auto;\r\n\tmso-font-charset:0;\r\n\tmso-number-format:General;\r\n\ttext-align:center;\r\n\tvertical-align:middle;\r\n\tborder:.5pt solid windowtext;\r\n\tbackground:white;\r\n\tmso-pattern:black none;\r\n\twhite-space:nowrap;}\r\n.xl7230715\r\n\t{padding-top:1px;\r\n\tpadding-right:1px;\r\n\tpadding-left:1px;\r\n\tmso-ignore:padding;\r\n\tcolor:windowtext;\r\n\tfont-size:10.0pt;\r\n\tfont-weight:400;\r\n\tfont-style:normal;\r\n\ttext-decoration:none;\r\n\tfont-family:Arial;\r\n\tmso-generic-font-family:auto;\r\n\tmso-font-charset:0;\r\n\tmso-number-format:\"Short Date\";\r\n\ttext-align:center;\r\n\tvertical-align:middle;\r\n\tborder:.5pt solid windowtext;\r\n\tbackground:white;\r\n\tmso-pattern:black none;\r\n\twhite-space:nowrap;}\r\n-->\r\n<\/style>\r\n<\/head>\r\n\r\n<body>\r\n<!--[if !excel]>&nbsp;&nbsp;<![endif]-->\r\n<!--La siguiente informaci\u00f3n se gener\u00f3 mediante el Asistente para publicar como\r\np\u00e1gina web de Microsoft Excel.-->\r\n<!--Si se vuelve a publicar el mismo elemento desde Excel, se reemplazar\u00e1 toda\r\nla informaci\u00f3n comprendida entre las etiquetas DIV.-->\r\n<!----------------------------->\r\n<!--INICIO DE LOS RESULTADOS DEL ASISTENTE PARA PUBLICAR COMO P\u00c1GINA WEB DE\r\nEXCEL -->\r\n<!----------------------------->\r\n\r\n<div id=\"Formato FRACCI\u00d3N XX_30715\" align=center x:publishsource=\"Excel\">\r\n\r\n<table border=0 cellpadding=0 cellspacing=0 width=7377 style='border-collapse:\r\n collapse;table-layout:fixed;width:5536pt'>\r\n <col width=200 style='mso-width-source:userset;mso-width-alt:7314;width:150pt'>\r\n <col width=207 style='mso-width-source:userset;mso-width-alt:7570;width:155pt'>\r\n <col width=345 style='mso-width-source:userset;mso-width-alt:12617;width:259pt'>\r\n <col width=230 style='mso-width-source:userset;mso-width-alt:8411;width:173pt'>\r\n <col width=315 style='mso-width-source:userset;mso-width-alt:11520;width:236pt'>\r\n <col width=154 style='mso-width-source:userset;mso-width-alt:5632;width:116pt'>\r\n <col width=261 style='mso-width-source:userset;mso-width-alt:9545;width:196pt'>\r\n <col width=272 style='mso-width-source:userset;mso-width-alt:9947;width:204pt'>\r\n <col width=636 style='mso-width-source:userset;mso-width-alt:23259;width:477pt'>\r\n <col width=266 style='mso-width-source:userset;mso-width-alt:9728;width:200pt'>\r\n <col width=315 style='mso-width-source:userset;mso-width-alt:11520;width:236pt'>\r\n <col width=361 style='mso-width-source:userset;mso-width-alt:13202;width:271pt'>\r\n <col width=50 style='mso-width-source:userset;mso-width-alt:1828;width:38pt'>\r\n <col width=247 style='mso-width-source:userset;mso-width-alt:9033;width:185pt'>\r\n <col width=361 style='mso-width-source:userset;mso-width-alt:13202;width:271pt'>\r\n <col width=495 style='mso-width-source:userset;mso-width-alt:18102;width:371pt'>\r\n <col width=185 style='mso-width-source:userset;mso-width-alt:6765;width:139pt'>\r\n <col width=361 style='mso-width-source:userset;mso-width-alt:13202;width:271pt'>\r\n <col width=672 style='mso-width-source:userset;mso-width-alt:24576;width:504pt'>\r\n <col width=649 style='mso-width-source:userset;mso-width-alt:23734;width:487pt'>\r\n <col width=182 style='mso-width-source:userset;mso-width-alt:6656;width:137pt'>\r\n <col width=265 style='mso-width-source:userset;mso-width-alt:9691;width:199pt'>\r\n <col width=84 style='mso-width-source:userset;mso-width-alt:3072;width:63pt'>\r\n <col width=189 style='mso-width-source:userset;mso-width-alt:6912;width:142pt'>\r\n <col width=75 style='mso-width-source:userset;mso-width-alt:2742;width:56pt'>\r\n <tr height=0 style='display:none'>\r\n  <td class=xl6630715 width=200 style='width:150pt'>35919<\/td>\r\n  <td class=xl6630715 width=207 style='width:155pt'><\/td>\r\n  <td class=xl6630715 width=345 style='width:259pt'><\/td>\r\n  <td class=xl6630715 width=230 style='width:173pt'><\/td>\r\n  <td class=xl6630715 width=315 style='width:236pt'><\/td>\r\n  <td class=xl6630715 width=154 style='width:116pt'><\/td>\r\n  <td class=xl6630715 width=261 style='width:196pt'><\/td>\r\n  <td class=xl6630715 width=272 style='width:204pt'><\/td>\r\n  <td class=xl6630715 width=636 style='width:477pt'><\/td>\r\n  <td class=xl6630715 width=266 style='width:200pt'><\/td>\r\n  <td class=xl6630715 width=315 style='width:236pt'><\/td>\r\n  <td class=xl6630715 width=361 style='width:271pt'><\/td>\r\n  <td class=xl6630715 width=50 style='width:38pt'><\/td>\r\n  <td class=xl6630715 width=247 style='width:185pt'><\/td>\r\n  <td class=xl6630715 width=361 style='width:271pt'><\/td>\r\n  <td class=xl6630715 width=495 style='width:371pt'><\/td>\r\n  <td class=xl6630715 width=185 style='width:139pt'><\/td>\r\n  <td class=xl6630715 width=361 style='width:271pt'><\/td>\r\n  <td class=xl6630715 width=672 style='width:504pt'><\/td>\r\n  <td class=xl6630715 width=649 style='width:487pt'><\/td>\r\n  <td class=xl6630715 width=182 style='width:137pt'><\/td>\r\n  <td class=xl6630715 width=265 style='width:199pt'><\/td>\r\n  <td class=xl6630715 width=84 style='width:63pt'><\/td>\r\n  <td class=xl6630715 width=189 style='width:142pt'><\/td>\r\n  <td class=xl6630715 width=75 style='width:56pt'><\/td>\r\n <\/tr>\r\n <tr height=20 style='height:15.0pt'>\r\n  <td height=20 class=xl6530715 style='height:15.0pt'>TITULO<\/td>\r\n  <td class=xl6530715 style='border-left:none'>NOMBRE CORTO<\/td>\r\n  <td class=xl6530715 style='border-left:none'>DESCRIPCION<\/td>\r\n  <td class=xl6630715><\/td>\r\n  <td class=xl6630715><\/td>\r\n  <td class=xl6630715><\/td>\r\n  <td class=xl6630715><\/td>\r\n  <td class=xl6630715><\/td>\r\n  <td class=xl6630715><\/td>\r\n  <td class=xl6630715><\/td>\r\n  <td class=xl6630715><\/td>\r\n  <td class=xl6630715><\/td>\r\n  <td class=xl6630715><\/td>\r\n  <td class=xl6630715><\/td>\r\n  <td class=xl6630715><\/td>\r\n  <td class=xl6630715><\/td>\r\n  <td class=xl6630715><\/td>\r\n  <td class=xl6630715><\/td>\r\n  <td class=xl6630715><\/td>\r\n  <td class=xl6630715><\/td>\r\n  <td class=xl6630715><\/td>\r\n  <td class=xl6630715><\/td>\r\n  <td class=xl6630715><\/td>\r\n  <td class=xl6630715><\/td>\r\n  <td class=xl6630715><\/td>\r\n <\/tr>\r\n <tr height=17 style='height:12.75pt'>\r\n  <td height=17 class=xl6730715 style='height:12.75pt;border-top:none'>FRACCI\u00d3N\r\n  XX<\/td>\r\n  <td class=xl6730715 style='border-top:none;border-left:none'>LTAIPGEH69FXX<\/td>\r\n  <td class=xl6730715 style='border-top:none;border-left:none'>Los tr\u00e1mites,\r\n  requisitos y formatos que ofrecen;<\/td>\r\n  <td class=xl6630715><\/td>\r\n  <td class=xl6630715><\/td>\r\n  <td class=xl6630715><\/td>\r\n  <td class=xl6630715><\/td>\r\n  <td class=xl6630715><\/td>\r\n  <td class=xl6630715><\/td>\r\n  <td class=xl6630715><\/td>\r\n  <td class=xl6630715><\/td>\r\n  <td class=xl6630715><\/td>\r\n  <td class=xl6630715><\/td>\r\n  <td class=xl6630715><\/td>\r\n  <td class=xl6630715><\/td>\r\n  <td class=xl6630715><\/td>\r\n  <td class=xl6630715><\/td>\r\n  <td class=xl6630715><\/td>\r\n  <td class=xl6630715><\/td>\r\n  <td class=xl6630715><\/td>\r\n  <td class=xl6630715><\/td>\r\n  <td class=xl6630715><\/td>\r\n  <td class=xl6630715><\/td>\r\n  <td class=xl6630715><\/td>\r\n  <td class=xl6630715><\/td>\r\n <\/tr>\r\n <tr height=0 style='display:none'>\r\n  <td class=xl6630715>1<\/td>\r\n  <td class=xl6630715>1<\/td>\r\n  <td class=xl6630715>2<\/td>\r\n  <td class=xl6630715>2<\/td>\r\n  <td class=xl6630715>2<\/td>\r\n  <td class=xl6630715>1<\/td>\r\n  <td class=xl6630715>2<\/td>\r\n  <td class=xl6630715>2<\/td>\r\n  <td class=xl6630715>7<\/td>\r\n  <td class=xl6630715>2<\/td>\r\n  <td class=xl6630715>1<\/td>\r\n  <td class=xl6630715>10<\/td>\r\n  <td class=xl6630715>6<\/td>\r\n  <td class=xl6630715>2<\/td>\r\n  <td class=xl6630715>10<\/td>\r\n  <td class=xl6630715>2<\/td>\r\n  <td class=xl6630715>2<\/td>\r\n  <td class=xl6630715>10<\/td>\r\n  <td class=xl6630715>7<\/td>\r\n  <td class=xl6630715>7<\/td>\r\n  <td class=xl6630715>4<\/td>\r\n  <td class=xl6630715>1<\/td>\r\n  <td class=xl6630715>12<\/td>\r\n  <td class=xl6630715>13<\/td>\r\n  <td class=xl6630715>14<\/td>\r\n <\/tr>\r\n <tr height=0 style='display:none'>\r\n  <td class=xl6630715>235514<\/td>\r\n  <td class=xl6630715>235512<\/td>\r\n  <td class=xl6630715>235516<\/td>\r\n  <td class=xl6630715>235517<\/td>\r\n  <td class=xl6630715>235520<\/td>\r\n  <td class=xl6630715>235515<\/td>\r\n  <td class=xl6630715>235521<\/td>\r\n  <td class=xl6630715>235518<\/td>\r\n  <td class=xl6630715>235528<\/td>\r\n  <td class=xl6630715>235519<\/td>\r\n  <td class=xl6630715>235511<\/td>\r\n  <td class=xl6630715>235530<\/td>\r\n  <td class=xl6630715>235526<\/td>\r\n  <td class=xl6630715>235523<\/td>\r\n  <td class=xl6630715>235532<\/td>\r\n  <td class=xl6630715>235522<\/td>\r\n  <td class=xl6630715>235524<\/td>\r\n  <td class=xl6630715>235531<\/td>\r\n  <td class=xl6630715>235527<\/td>\r\n  <td class=xl6630715>235529<\/td>\r\n  <td class=xl6630715>235525<\/td>\r\n  <td class=xl6630715>235513<\/td>\r\n  <td class=xl6630715>235533<\/td>\r\n  <td class=xl6630715>235534<\/td>\r\n  <td class=xl6630715>235535<\/td>\r\n <\/tr>\r\n <tr height=20 style='height:15.0pt'>\r\n  <td colspan=25 height=20 class=xl6530715 style='height:15.0pt'>Tabla Campos<\/td>\r\n <\/tr>\r\n <tr height=17 style='height:12.75pt'>\r\n  <td height=17 class=xl6830715 style='height:12.75pt'>Acto administrativo<\/td>\r\n  <td class=xl6830715 style='border-left:none'>Tipo de tr\u00e1mite<\/td>\r\n  <td class=xl6830715 style='border-left:none'>Denominaci\u00f3n del tr\u00e1mite.<\/td>\r\n  <td class=xl6830715 style='border-left:none'>Tipo de usuario y\/o poblaci\u00f3n\r\n  objetivo.<\/td>\r\n  <td class=xl6830715 style='border-left:none'>Descripci\u00f3n de los beneficios\r\n  para el usuario<\/td>\r\n  <td class=xl6830715 style='border-left:none'>Modalidad del tr\u00e1mite<\/td>\r\n  <td class=xl6830715 style='border-left:none'>Requisitos para llevar a cabo el\r\n  tr\u00e1mite<\/td>\r\n  <td class=xl6830715 style='border-left:none'>Documentos requeridos<\/td>\r\n  <td class=xl6830715 style='border-left:none'>Hiperv\u00ednculo al\/los formatos\r\n  respectivos<\/td>\r\n  <td class=xl6830715 style='border-left:none'>Plazos para la conclusi\u00f3n del\r\n  tr\u00e1mite<\/td>\r\n  <td class=xl6830715 style='border-left:none'>Vigencia de los resultados del\r\n  tr\u00e1mite<\/td>\r\n  <td class=xl6830715 style='border-left:none'>\u00c1rea donde se gestiona el\r\n  tr\u00e1mite<\/td>\r\n  <td class=xl6830715 style='border-left:none'>Costo<\/td>\r\n  <td class=xl6830715 style='border-left:none'>Sustento legal para su cobro<\/td>\r\n  <td class=xl6830715 style='border-left:none'>Lugares donde se efect\u00faa el pago<\/td>\r\n  <td class=xl6830715 style='border-left:none'>Fundamento\r\n  jur\u00eddico-administrativo del tr\u00e1mite<\/td>\r\n  <td class=xl6830715 style='border-left:none'>Derechos del usuario<\/td>\r\n  <td class=xl6830715 style='border-left:none'>Lugares para reportar presuntas\r\n  anomal\u00edas<\/td>\r\n  <td class=xl6830715 style='border-left:none'>Hiperv\u00ednculo informaci\u00f3n\r\n  adicional del tr\u00e1mite<\/td>\r\n  <td class=xl6830715 style='border-left:none'>Hiperv\u00ednculo al sistema\r\n  correspondiente<\/td>\r\n  <td class=xl6830715 style='border-left:none'>Fecha de validaci\u00f3n<\/td>\r\n  <td class=xl6830715 style='border-left:none'>\u00c1rea responsable de la\r\n  informaci\u00f3n<\/td>\r\n  <td class=xl6830715 style='border-left:none'>A\u00f1o<\/td>\r\n  <td class=xl6830715 style='border-left:none'>Fecha de actualizaci\u00f3n<\/td>\r\n  <td class=xl6830715 style='border-left:none'>Nota<\/td>\r\n <\/tr>\r\n <tr height=17 style='height:12.75pt'>\r\n  <td height=17 class=xl6930715 style='height:12.75pt'>Tramite<\/td>\r\n  <td class=xl6930715 style='border-left:none'>cambio de propietario<\/td>\r\n  <td class=xl6930715 style='border-left:none'>cambio de propietario<\/td>\r\n  <td class=xl6930715 style='border-left:none'>concesionario<\/td>\r\n  <td class=xl6930715 style='border-left:none'>Ingresos Econ\u00f3micos<\/td>\r\n  <td class=xl6930715 style='border-left:none'>presencial<\/td>\r\n  <td class=xl6930715 style='border-left:none'>Ser concesionario<\/td>\r\n  <td class=xl6930715 style='border-left:none'>INE y Constancia de derechos<\/td>\r\n  <td class=xl7030715 style='border-left:none'><a\r\n  href=\"https:\/\/www.apan.gob.mx\/descargables\/transparencia\/articulo69\/fraccion20\/2017_3\/sm\/FrXXa1_1.pdf\">https:\/\/www.apan.gob.mx\/descargables\/transparencia\/articulo69\/fraccion20\/2017_3\/sm\/FrXXa1_1.pdf<\/a><\/td>\r\n  <td class=xl6930715 style='border-left:none'>3 Dias<\/td>\r\n  <td class=xl6930715 style='border-left:none'>Indefinido<\/td>\r\n  <td class=xl7130715 style='border-left:none'>1<\/td>\r\n  <td class=xl7130715 style='border-left:none'>1500<\/td>\r\n  <td class=xl6930715 style='border-left:none'>Ley de Ingresos<\/td>\r\n  <td class=xl7130715 style='border-left:none'>1<\/td>\r\n  <td class=xl6930715 style='border-left:none'>Reglamento de Mercados,Tianguis\r\n  y Abasto Munici\u00b4pal de Apan Hidalgo.<\/td>\r\n  <td class=xl6930715 style='border-left:none'>quejas y sugerencias<\/td>\r\n  <td class=xl7130715 style='border-left:none'>1<\/td>\r\n  <td class=xl7030715 style='border-left:none'><a\r\n  href=\"https:\/\/www.apan.gob.mx\/descargables\/transparencia\/articulo69\/fraccion20\/2017_3\/sm\/FrXXa1_2.pdf\">https:\/\/www.apan.gob.mx\/descargables\/transparencia\/articulo69\/fraccion20\/2017_3\/sm\/FrXXa1_2.pdf<\/a><\/td>\r\n  <td class=xl7030715 style='border-left:none'><a\r\n  href=\"https:\/\/www.apan.gob.mx\/descargables\/transparencia\/articulo69\/fraccion20\/2017_3\/sm\/FrXXa1_3.pdf\">https:\/\/www.apan.gob.mx\/descargables\/transparencia\/articulo69\/fraccion20\/2017_3\/sm\/FrXXa1_3.pdf<\/a><\/td>\r\n  <td class=xl7230715 style='border-left:none'>01\/10\/2017<\/td>\r\n  <td class=xl7130715 style='border-left:none'>Direccion de servicios\r\n  municipales<\/td>\r\n  <td class=xl7130715 style='border-left:none'>2017<\/td>\r\n  <td class=xl7230715 style='border-left:none'>01\/10\/2017<\/td>\r\n  <td class=xl7130715 style='border-left:none'>N\/A<\/td>\r\n <\/tr>\r\n <![if supportMisalignedColumns]>\r\n <tr height=0 style='display:none'>\r\n  <td width=200 style='width:150pt'><\/td>\r\n  <td width=207 style='width:155pt'><\/td>\r\n  <td width=345 style='width:259pt'><\/td>\r\n  <td width=230 style='width:173pt'><\/td>\r\n  <td width=315 style='width:236pt'><\/td>\r\n  <td width=154 style='width:116pt'><\/td>\r\n  <td width=261 style='width:196pt'><\/td>\r\n  <td width=272 style='width:204pt'><\/td>\r\n  <td width=636 style='width:477pt'><\/td>\r\n  <td width=266 style='width:200pt'><\/td>\r\n  <td width=315 style='width:236pt'><\/td>\r\n  <td width=361 style='width:271pt'><\/td>\r\n  <td width=50 style='width:38pt'><\/td>\r\n  <td width=247 style='width:185pt'><\/td>\r\n  <td width=361 style='width:271pt'><\/td>\r\n  <td width=495 style='width:371pt'><\/td>\r\n  <td width=185 style='width:139pt'><\/td>\r\n  <td width=361 style='width:271pt'><\/td>\r\n  <td width=672 style='width:504pt'><\/td>\r\n  <td width=649 style='width:487pt'><\/td>\r\n  <td width=182 style='width:137pt'><\/td>\r\n  <td width=265 style='width:199pt'><\/td>\r\n  <td width=84 style='width:63pt'><\/td>\r\n  <td width=189 style='width:142pt'><\/td>\r\n  <td width=75 style='width:56pt'><\/td>\r\n <\/tr>\r\n <![endif]>\r\n<\/table>\r\n\r\n<\/div>\r\n\r\n\r\n\t\t\t\t<\/div>\n\t\t\t\t<\/div>\n\t\t\t\t<div class=\"elementor-element elementor-element-cgfzsaz elementor-widget elementor-widget-button\" data-id=\"cgfzsaz\" data-element_type=\"widget\" data-e-type=\"widget\" data-widget_type=\"button.default\">\n\t\t\t\t<div class=\"elementor-widget-container\">\n\t\t\t\t\t\t\t\t\t<div class=\"elementor-button-wrapper\">\n\t\t\t\t\t<a class=\"elementor-button elementor-button-link elementor-size-sm\" href=\"https:\/\/www.apan.gob.mx\/descargables\/transparencia\/articulo69\/fraccion20\/2017_3\/sm\/FormatoFRACCIONXX.xls\">\n\t\t\t\t\t\t<span class=\"elementor-button-content-wrapper\">\n\t\t\t\t\t\t\t\t\t<span class=\"elementor-button-text\">Descargar<\/span>\n\t\t\t\t\t<\/span>\n\t\t\t\t\t<\/a>\n\t\t\t\t<\/div>\n\t\t\t\t\t\t\t\t<\/div>\n\t\t\t\t<\/div>\n\t\t\t\t<div class=\"elementor-element elementor-element-djktuwt elementor-widget elementor-widget-heading\" data-id=\"djktuwt\" data-element_type=\"widget\" data-e-type=\"widget\" data-widget_type=\"heading.default\">\n\t\t\t\t<div class=\"elementor-widget-container\">\n\t\t\t\t\t<h2 class=\"elementor-heading-title elementor-size-small\">Fecha en que se subi\u00f3 la informaci\u00f3n: 22-enero-19<\/h2>\t\t\t\t<\/div>\n\t\t\t\t<\/div>\n\t\t\t\t\t<\/div>\n\t\t<\/div>\n\t\t\t\t\t<\/div>\n\t\t<\/section>\n\t\t\t\t<\/div>\n\t\t","protected":false},"excerpt":{"rendered":"<p>Fracci\u00f3n XX 35919 TITULO NOMBRE CORTO DESCRIPCION FRACCI\u00d3N XX LTAIPGEH69FXX Los tr\u00e1mites, requisitos y formatos que ofrecen; 1 1 2 2 2 1 2 2 7 2 1 10 6 2 10 2 2 10 7 7 4 1 12 13 14 235514 235512 235516 235517 235520 235515 235521 235518 235528 235519 235511 235530 235526 [&hellip;]<\/p>\n","protected":false},"author":1,"featured_media":0,"parent":0,"menu_order":0,"comment_status":"closed","ping_status":"closed","template":"page-template-full.php","meta":{"footnotes":""},"class_list":["post-4118","page","type-page","status-publish","hentry"],"jetpack_sharing_enabled":true,"_links":{"self":[{"href":"https:\/\/apan.gob.mx\/portal\/wp-json\/wp\/v2\/pages\/4118","targetHints":{"allow":["GET"]}}],"collection":[{"href":"https:\/\/apan.gob.mx\/portal\/wp-json\/wp\/v2\/pages"}],"about":[{"href":"https:\/\/apan.gob.mx\/portal\/wp-json\/wp\/v2\/types\/page"}],"author":[{"embeddable":true,"href":"https:\/\/apan.gob.mx\/portal\/wp-json\/wp\/v2\/users\/1"}],"replies":[{"embeddable":true,"href":"https:\/\/apan.gob.mx\/portal\/wp-json\/wp\/v2\/comments?post=4118"}],"version-history":[{"count":4,"href":"https:\/\/apan.gob.mx\/portal\/wp-json\/wp\/v2\/pages\/4118\/revisions"}],"predecessor-version":[{"id":4123,"href":"https:\/\/apan.gob.mx\/portal\/wp-json\/wp\/v2\/pages\/4118\/revisions\/4123"}],"wp:attachment":[{"href":"https:\/\/apan.gob.mx\/portal\/wp-json\/wp\/v2\/media?parent=4118"}],"curies":[{"name":"wp","href":"https:\/\/api.w.org\/{rel}","templated":true}]}}