{"id":4151,"date":"2019-01-23T01:13:42","date_gmt":"2019-01-23T01:13:42","guid":{"rendered":"https:\/\/apan.gob.mx\/portal\/?page_id=4151"},"modified":"2019-01-23T02:10:20","modified_gmt":"2019-01-23T02:10:20","slug":"sm_20_2018_4","status":"publish","type":"page","link":"https:\/\/apan.gob.mx\/portal\/sm_20_2018_4\/","title":{"rendered":"<!--sm_20_2018_4-->"},"content":{"rendered":"\t\t<div data-elementor-type=\"wp-page\" data-elementor-id=\"4151\" class=\"elementor elementor-4151 elementor-bc-flex-widget\">\n\t\t\t\t\t\t<section class=\"has_ae_slider elementor-section elementor-top-section elementor-element elementor-element-rnuexzy elementor-section-boxed elementor-section-height-default elementor-section-height-default ae-bg-gallery-type-default\" data-id=\"rnuexzy\" data-element_type=\"section\" data-e-type=\"section\">\n\t\t\t\t\t\t<div class=\"elementor-container elementor-column-gap-default\">\n\t\t\t\t\t<div class=\"has_ae_slider elementor-column elementor-col-100 elementor-top-column elementor-element elementor-element-helwoim ae-bg-gallery-type-default\" data-id=\"helwoim\" data-element_type=\"column\" data-e-type=\"column\">\n\t\t\t<div class=\"elementor-widget-wrap elementor-element-populated\">\n\t\t\t\t\t\t<div class=\"elementor-element elementor-element-rfikgsp elementor-widget elementor-widget-heading\" data-id=\"rfikgsp\" data-element_type=\"widget\" data-e-type=\"widget\" data-widget_type=\"heading.default\">\n\t\t\t\t<div class=\"elementor-widget-container\">\n\t\t\t\t\t<h2 class=\"elementor-heading-title elementor-size-medium\">Fracci\u00f3n XX<\/h2>\t\t\t\t<\/div>\n\t\t\t\t<\/div>\n\t\t\t\t<div class=\"elementor-element elementor-element-qeewa6z elementor-widget elementor-widget-html\" data-id=\"qeewa6z\" data-element_type=\"widget\" data-e-type=\"widget\" data-widget_type=\"html.default\">\n\t\t\t\t<div class=\"elementor-widget-container\">\n\t\t\t\t\t<style id=\"FRACCXX_11586_Styles\">\r\n<!--table\r\n\t{mso-displayed-decimal-separator:\"\\.\";\r\n\tmso-displayed-thousand-separator:\"\\,\";}\r\n.xl1511586\r\n\t{padding-top:1px;\r\n\tpadding-right:1px;\r\n\tpadding-left:1px;\r\n\tmso-ignore:padding;\r\n\tcolor:black;\r\n\tfont-size:11.0pt;\r\n\tfont-weight:400;\r\n\tfont-style:normal;\r\n\ttext-decoration:none;\r\n\tfont-family:Calibri, sans-serif;\r\n\tmso-font-charset:0;\r\n\tmso-number-format:General;\r\n\ttext-align:general;\r\n\tvertical-align:bottom;\r\n\tmso-background-source:auto;\r\n\tmso-pattern:auto;\r\n\twhite-space:nowrap;}\r\n.xl6511586\r\n\t{padding-top:1px;\r\n\tpadding-right:1px;\r\n\tpadding-left:1px;\r\n\tmso-ignore:padding;\r\n\tcolor:black;\r\n\tfont-size:10.0pt;\r\n\tfont-weight:400;\r\n\tfont-style:normal;\r\n\ttext-decoration:none;\r\n\tfont-family:Arial;\r\n\tmso-generic-font-family:auto;\r\n\tmso-font-charset:0;\r\n\tmso-number-format:General;\r\n\ttext-align:center;\r\n\tvertical-align:middle;\r\n\tborder:.5pt solid windowtext;\r\n\tbackground:#E1E1E1;\r\n\tmso-pattern:black none;\r\n\twhite-space:normal;}\r\n.xl6611586\r\n\t{padding-top:1px;\r\n\tpadding-right:1px;\r\n\tpadding-left:1px;\r\n\tmso-ignore:padding;\r\n\tcolor:black;\r\n\tfont-size:11.0pt;\r\n\tfont-weight:400;\r\n\tfont-style:normal;\r\n\ttext-decoration:none;\r\n\tfont-family:Calibri, sans-serif;\r\n\tmso-font-charset:0;\r\n\tmso-number-format:General;\r\n\ttext-align:center;\r\n\tvertical-align:middle;\r\n\tmso-background-source:auto;\r\n\tmso-pattern:auto;\r\n\twhite-space:nowrap;}\r\n.xl6711586\r\n\t{padding-top:1px;\r\n\tpadding-right:1px;\r\n\tpadding-left:1px;\r\n\tmso-ignore:padding;\r\n\tcolor:black;\r\n\tfont-size:11.0pt;\r\n\tfont-weight:400;\r\n\tfont-style:normal;\r\n\ttext-decoration:none;\r\n\tfont-family:Calibri, sans-serif;\r\n\tmso-font-charset:0;\r\n\tmso-number-format:General;\r\n\ttext-align:center;\r\n\tvertical-align:middle;\r\n\tborder:.5pt solid windowtext;\r\n\tbackground:white;\r\n\tmso-pattern:black none;\r\n\twhite-space:nowrap;}\r\n.xl6811586\r\n\t{padding-top:1px;\r\n\tpadding-right:1px;\r\n\tpadding-left:1px;\r\n\tmso-ignore:padding;\r\n\tcolor:black;\r\n\tfont-size:11.0pt;\r\n\tfont-weight:400;\r\n\tfont-style:normal;\r\n\ttext-decoration:none;\r\n\tfont-family:Calibri, sans-serif;\r\n\tmso-font-charset:0;\r\n\tmso-number-format:\"Short Date\";\r\n\ttext-align:center;\r\n\tvertical-align:middle;\r\n\tborder:.5pt solid windowtext;\r\n\tbackground:white;\r\n\tmso-pattern:black none;\r\n\twhite-space:nowrap;}\r\n.xl6911586\r\n\t{padding-top:1px;\r\n\tpadding-right:1px;\r\n\tpadding-left:1px;\r\n\tmso-ignore:padding;\r\n\tcolor:blue;\r\n\tfont-size:11.0pt;\r\n\tfont-weight:400;\r\n\tfont-style:normal;\r\n\ttext-decoration:underline;\r\n\ttext-underline-style:single;\r\n\tfont-family:Calibri, sans-serif;\r\n\tmso-font-charset:0;\r\n\tmso-number-format:General;\r\n\ttext-align:center;\r\n\tvertical-align:middle;\r\n\tborder:.5pt solid windowtext;\r\n\tbackground:white;\r\n\tmso-pattern:black none;\r\n\twhite-space:nowrap;}\r\n.xl7011586\r\n\t{padding-top:1px;\r\n\tpadding-right:1px;\r\n\tpadding-left:1px;\r\n\tmso-ignore:padding;\r\n\tcolor:white;\r\n\tfont-size:11.0pt;\r\n\tfont-weight:700;\r\n\tfont-style:normal;\r\n\ttext-decoration:none;\r\n\tfont-family:Arial;\r\n\tmso-generic-font-family:auto;\r\n\tmso-font-charset:0;\r\n\tmso-number-format:General;\r\n\ttext-align:center;\r\n\tvertical-align:middle;\r\n\tborder:.5pt solid windowtext;\r\n\tbackground:#333333;\r\n\tmso-pattern:black none;\r\n\twhite-space:normal;}\r\n.xl7111586\r\n\t{padding-top:1px;\r\n\tpadding-right:1px;\r\n\tpadding-left:1px;\r\n\tmso-ignore:padding;\r\n\tcolor:black;\r\n\tfont-size:10.0pt;\r\n\tfont-weight:400;\r\n\tfont-style:normal;\r\n\ttext-decoration:none;\r\n\tfont-family:Arial;\r\n\tmso-generic-font-family:auto;\r\n\tmso-font-charset:0;\r\n\tmso-number-format:General;\r\n\ttext-align:center;\r\n\tvertical-align:middle;\r\n\tborder:.5pt solid windowtext;\r\n\tbackground:#E1E1E1;\r\n\tmso-pattern:black none;\r\n\twhite-space:nowrap;}\r\n.xl7211586\r\n\t{padding-top:1px;\r\n\tpadding-right:1px;\r\n\tpadding-left:1px;\r\n\tmso-ignore:padding;\r\n\tcolor:black;\r\n\tfont-size:11.0pt;\r\n\tfont-weight:400;\r\n\tfont-style:normal;\r\n\ttext-decoration:none;\r\n\tfont-family:Calibri, sans-serif;\r\n\tmso-font-charset:0;\r\n\tmso-number-format:General;\r\n\ttext-align:center;\r\n\tvertical-align:middle;\r\n\tmso-background-source:auto;\r\n\tmso-pattern:auto;\r\n\twhite-space:normal;}\r\n-->\r\n<\/style>\r\n<\/head>\r\n\r\n<body>\r\n<!--[if !excel]>&nbsp;&nbsp;<![endif]-->\r\n<!--La siguiente informaci\u00f3n se gener\u00f3 mediante el Asistente para publicar como\r\np\u00e1gina web de Microsoft Excel.-->\r\n<!--Si se vuelve a publicar el mismo elemento desde Excel, se reemplazar\u00e1 toda\r\nla informaci\u00f3n comprendida entre las etiquetas DIV.-->\r\n<!----------------------------->\r\n<!--INICIO DE LOS RESULTADOS DEL ASISTENTE PARA PUBLICAR COMO P\u00c1GINA WEB DE\r\nEXCEL -->\r\n<!----------------------------->\r\n\r\n<div id=\"FRACCXX_11586\" align=center x:publishsource=\"Excel\">\r\n\r\n<table border=0 cellpadding=0 cellspacing=0 width=8926 style='border-collapse:\r\n collapse;table-layout:fixed;width:6698pt'>\r\n <col width=98 style='mso-width-source:userset;mso-width-alt:3584;width:74pt'>\r\n <col width=297 style='mso-width-source:userset;mso-width-alt:10861;width:223pt'>\r\n <col width=296 style='mso-width-source:userset;mso-width-alt:10825;width:222pt'>\r\n <col width=195 style='mso-width-source:userset;mso-width-alt:7131;width:146pt'>\r\n <col width=264 style='mso-width-source:userset;mso-width-alt:9654;width:198pt'>\r\n <col width=236 style='mso-width-source:userset;mso-width-alt:8630;width:177pt'>\r\n <col width=179 style='mso-width-source:userset;mso-width-alt:6546;width:134pt'>\r\n <col width=700 style='mso-width-source:userset;mso-width-alt:25600;width:525pt'>\r\n <col width=170 style='mso-width-source:userset;mso-width-alt:6217;width:128pt'>\r\n <col width=718 style='mso-width-source:userset;mso-width-alt:26258;width:539pt'>\r\n <col width=331 style='mso-width-source:userset;mso-width-alt:12105;width:248pt'>\r\n <col width=275 style='mso-width-source:userset;mso-width-alt:10057;width:206pt'>\r\n <col width=373 style='mso-width-source:userset;mso-width-alt:13641;width:280pt'>\r\n <col width=305 style='mso-width-source:userset;mso-width-alt:11154;width:229pt'>\r\n <col width=207 style='mso-width-source:userset;mso-width-alt:7570;width:155pt'>\r\n <col width=322 style='mso-width-source:userset;mso-width-alt:11776;width:242pt'>\r\n <col width=283 style='mso-width-source:userset;mso-width-alt:10349;width:212pt'>\r\n <col width=174 style='mso-width-source:userset;mso-width-alt:6363;width:131pt'>\r\n <col width=322 style='mso-width-source:userset;mso-width-alt:11776;width:242pt'>\r\n <col width=437 style='mso-width-source:userset;mso-width-alt:15981;width:328pt'>\r\n <col width=702 span=2 style='mso-width-source:userset;mso-width-alt:25673;\r\n width:527pt'>\r\n <col width=529 style='mso-width-source:userset;mso-width-alt:19346;width:397pt'>\r\n <col width=157 style='mso-width-source:userset;mso-width-alt:5741;width:118pt'>\r\n <col width=175 style='mso-width-source:userset;mso-width-alt:6400;width:131pt'>\r\n <col width=479 style='mso-width-source:userset;mso-width-alt:17517;width:359pt'>\r\n <tr height=0 style='display:none'>\r\n  <td class=xl6611586 width=98 style='width:74pt'>44251<\/td>\r\n  <td class=xl6611586 width=297 style='width:223pt'><\/td>\r\n  <td class=xl6611586 width=296 style='width:222pt'><\/td>\r\n  <td class=xl6611586 width=195 style='width:146pt'><\/td>\r\n  <td class=xl6611586 width=264 style='width:198pt'><\/td>\r\n  <td class=xl6611586 width=236 style='width:177pt'><\/td>\r\n  <td class=xl6611586 width=179 style='width:134pt'><\/td>\r\n  <td class=xl6611586 width=700 style='width:525pt'><\/td>\r\n  <td class=xl6611586 width=170 style='width:128pt'><\/td>\r\n  <td class=xl6611586 width=718 style='width:539pt'><\/td>\r\n  <td class=xl6611586 width=331 style='width:248pt'><\/td>\r\n  <td class=xl6611586 width=275 style='width:206pt'><\/td>\r\n  <td class=xl6611586 width=373 style='width:280pt'><\/td>\r\n  <td class=xl6611586 width=305 style='width:229pt'><\/td>\r\n  <td class=xl6611586 width=207 style='width:155pt'><\/td>\r\n  <td class=xl6611586 width=322 style='width:242pt'><\/td>\r\n  <td class=xl6611586 width=283 style='width:212pt'><\/td>\r\n  <td class=xl6611586 width=174 style='width:131pt'><\/td>\r\n  <td class=xl6611586 width=322 style='width:242pt'><\/td>\r\n  <td class=xl6611586 width=437 style='width:328pt'><\/td>\r\n  <td class=xl6611586 width=702 style='width:527pt'><\/td>\r\n  <td class=xl6611586 width=702 style='width:527pt'><\/td>\r\n  <td class=xl6611586 width=529 style='width:397pt'><\/td>\r\n  <td class=xl6611586 width=157 style='width:118pt'><\/td>\r\n  <td class=xl6611586 width=175 style='width:131pt'><\/td>\r\n  <td class=xl6611586 width=479 style='width:359pt'><\/td>\r\n <\/tr>\r\n <tr height=20 style='height:15.0pt'>\r\n  <td colspan=3 height=20 class=xl7011586 width=691 style='height:15.0pt;\r\n  width:519pt'>T\u00cdTULO<\/td>\r\n  <td colspan=3 class=xl7011586 width=695 style='width:521pt'>NOMBRE CORTO<\/td>\r\n  <td colspan=3 class=xl7011586 width=1049 style='width:787pt'>DESCRIPCI\u00d3N<\/td>\r\n  <td class=xl6611586><\/td>\r\n  <td class=xl6611586><\/td>\r\n  <td class=xl6611586><\/td>\r\n  <td class=xl6611586><\/td>\r\n  <td class=xl6611586><\/td>\r\n  <td class=xl6611586><\/td>\r\n  <td class=xl6611586><\/td>\r\n  <td class=xl6611586><\/td>\r\n  <td class=xl6611586><\/td>\r\n  <td class=xl6611586><\/td>\r\n  <td class=xl6611586><\/td>\r\n  <td class=xl6611586><\/td>\r\n  <td class=xl6611586><\/td>\r\n  <td class=xl6611586><\/td>\r\n  <td class=xl6611586><\/td>\r\n  <td class=xl6611586><\/td>\r\n  <td class=xl6611586><\/td>\r\n <\/tr>\r\n <tr height=76 style='mso-height-source:userset;height:57.0pt'>\r\n  <td colspan=3 height=76 class=xl7111586 style='height:57.0pt'>Tr\u00e1mites\r\n  ofrecidos<\/td>\r\n  <td colspan=3 class=xl7111586>a69_f20<\/td>\r\n  <td colspan=3 class=xl6511586 width=1049 style='width:787pt'>La informaci\u00f3n\r\n  relacionada con las tareas administrativas que realizan los sujetos obligados\r\n  en sus diferentes \u00e1mbitos con el objeto de atender las peticiones que\r\n  realicen los particulares ya sea para la obtenci\u00f3n de un beneficio, o cumplir\r\n  con alguna obligaci\u00f3n ante una autoridad, de conformidad con la normatividad\r\n  respecto de los tr\u00e1mites que realizan. Generalmente \u00e9stos implican la entrega\r\n  de informaci\u00f3n ante una autoridad por parte de los particulares.<\/td>\r\n  <td class=xl6611586><\/td>\r\n  <td class=xl6611586><\/td>\r\n  <td class=xl6611586><\/td>\r\n  <td class=xl6611586><\/td>\r\n  <td class=xl6611586><\/td>\r\n  <td class=xl6611586><\/td>\r\n  <td class=xl6611586><\/td>\r\n  <td class=xl6611586><\/td>\r\n  <td class=xl6611586><\/td>\r\n  <td class=xl6611586><\/td>\r\n  <td class=xl6611586><\/td>\r\n  <td class=xl6611586><\/td>\r\n  <td class=xl6611586><\/td>\r\n  <td class=xl6611586><\/td>\r\n  <td class=xl6611586><\/td>\r\n  <td class=xl6611586><\/td>\r\n  <td class=xl6611586><\/td>\r\n <\/tr>\r\n <tr height=0 style='display:none'>\r\n  <td class=xl6611586>1<\/td>\r\n  <td class=xl6611586>4<\/td>\r\n  <td class=xl6611586>4<\/td>\r\n  <td class=xl6611586>2<\/td>\r\n  <td class=xl6611586>2<\/td>\r\n  <td class=xl6611586>2<\/td>\r\n  <td class=xl6611586>1<\/td>\r\n  <td class=xl6611586>7<\/td>\r\n  <td class=xl6611586>2<\/td>\r\n  <td class=xl6611586>7<\/td>\r\n  <td class=xl6611586>1<\/td>\r\n  <td class=xl6611586>1<\/td>\r\n  <td class=xl6611586>10<\/td>\r\n  <td class=xl6611586>6<\/td>\r\n  <td class=xl6611586>2<\/td>\r\n  <td class=xl6611586>10<\/td>\r\n  <td class=xl6611586>2<\/td>\r\n  <td class=xl6611586>2<\/td>\r\n  <td class=xl6611586>10<\/td>\r\n  <td class=xl6611586>2<\/td>\r\n  <td class=xl6611586>7<\/td>\r\n  <td class=xl6611586>7<\/td>\r\n  <td class=xl6611586>2<\/td>\r\n  <td class=xl6611586>4<\/td>\r\n  <td class=xl6611586>13<\/td>\r\n  <td class=xl6611586>14<\/td>\r\n <\/tr>\r\n <tr height=0 style='display:none'>\r\n  <td class=xl6611586>350731<\/td>\r\n  <td class=xl6611586>350733<\/td>\r\n  <td class=xl6611586>350732<\/td>\r\n  <td class=xl6611586>350716<\/td>\r\n  <td class=xl6611586>350744<\/td>\r\n  <td class=xl6611586>350717<\/td>\r\n  <td class=xl6611586>350715<\/td>\r\n  <td class=xl6611586>350734<\/td>\r\n  <td class=xl6611586>350745<\/td>\r\n  <td class=xl6611586>350738<\/td>\r\n  <td class=xl6611586>350735<\/td>\r\n  <td class=xl6611586>350714<\/td>\r\n  <td class=xl6611586>350724<\/td>\r\n  <td class=xl6611586>350721<\/td>\r\n  <td class=xl6611586>350719<\/td>\r\n  <td class=xl6611586>350726<\/td>\r\n  <td class=xl6611586>350718<\/td>\r\n  <td class=xl6611586>350741<\/td>\r\n  <td class=xl6611586>350725<\/td>\r\n  <td class=xl6611586>350743<\/td>\r\n  <td class=xl6611586>350722<\/td>\r\n  <td class=xl6611586>350723<\/td>\r\n  <td class=xl6611586>350737<\/td>\r\n  <td class=xl6611586>350720<\/td>\r\n  <td class=xl6611586>350730<\/td>\r\n  <td class=xl6611586>350736<\/td>\r\n <\/tr>\r\n <tr height=20 style='height:15.0pt'>\r\n  <td colspan=26 height=20 class=xl7011586 width=8926 style='height:15.0pt;\r\n  width:6698pt'>Tabla Campos<\/td>\r\n <\/tr>\r\n <tr height=34 style='height:25.5pt'>\r\n  <td height=34 class=xl6511586 width=98 style='height:25.5pt;width:74pt'>Ejercicio<\/td>\r\n  <td class=xl6511586 width=297 style='border-left:none;width:223pt'>Fecha de\r\n  inicio del periodo que se informa<\/td>\r\n  <td class=xl6511586 width=296 style='border-left:none;width:222pt'>Fecha de\r\n  t\u00e9rmino del periodo que se informa<\/td>\r\n  <td class=xl6511586 width=195 style='border-left:none;width:146pt'>Denominaci\u00f3n\r\n  del tr\u00e1mite<\/td>\r\n  <td class=xl6511586 width=264 style='border-left:none;width:198pt'>Tipo de\r\n  usuario y\/o poblaci\u00f3n objetivo<\/td>\r\n  <td class=xl6511586 width=236 style='border-left:none;width:177pt'>Descripci\u00f3n\r\n  del objetivo del tr\u00e1mite<\/td>\r\n  <td class=xl6511586 width=179 style='border-left:none;width:134pt'>Modalidad\r\n  del tr\u00e1mite<\/td>\r\n  <td class=xl6511586 width=700 style='border-left:none;width:525pt'>Hiperv\u00ednculo\r\n  a los requisitos para llevar a cabo el tr\u00e1mite<\/td>\r\n  <td class=xl6511586 width=170 style='border-left:none;width:128pt'>Documentos\r\n  requeridos<\/td>\r\n  <td class=xl6511586 width=718 style='border-left:none;width:539pt'>Hiperv\u00ednculo\r\n  al\/los formatos respectivos<\/td>\r\n  <td class=xl6511586 width=331 style='border-left:none;width:248pt'>Tiempo de\r\n  respuesta por parte del sujeto Obligado<\/td>\r\n  <td class=xl6511586 width=275 style='border-left:none;width:206pt'>Vigencia\r\n  de los resultados del tr\u00e1mite<\/td>\r\n  <td class=xl6511586 width=373 style='border-left:none;width:280pt'>\u00c1rea y\r\n  datos de contacto del lugar donde se realiza el tr\u00e1mite <br>\r\n    Tabla_350724<\/td>\r\n  <td class=xl6511586 width=305 style='border-left:none;width:229pt'>Costo, en\r\n  su caso, especificar que es gratuito<\/td>\r\n  <td class=xl6511586 width=207 style='border-left:none;width:155pt'>Sustento\r\n  legal para su cobro<\/td>\r\n  <td class=xl6511586 width=322 style='border-left:none;width:242pt'>Lugares\r\n  donde se efect\u00faa el pago <br>\r\n    Tabla_350726<\/td>\r\n  <td class=xl6511586 width=283 style='border-left:none;width:212pt'>Fundamento\r\n  jur\u00eddico-administrativo del tr\u00e1mite<\/td>\r\n  <td class=xl6511586 width=174 style='border-left:none;width:131pt'>Derechos\r\n  del usuario<\/td>\r\n  <td class=xl6511586 width=322 style='border-left:none;width:242pt'>Lugares\r\n  para reportar presuntas anomal\u00edas <br>\r\n    Tabla_350725<\/td>\r\n  <td class=xl6511586 width=437 style='border-left:none;width:328pt'>Otros\r\n  datos, en su caso, para el env\u00edo de consultas, documentos y quejas<\/td>\r\n  <td class=xl6511586 width=702 style='border-left:none;width:527pt'>Hiperv\u00ednculo\r\n  informaci\u00f3n adicional del tr\u00e1mite<\/td>\r\n  <td class=xl6511586 width=702 style='border-left:none;width:527pt'>Hiperv\u00ednculo\r\n  al sistema correspondiente<\/td>\r\n  <td class=xl6511586 width=529 style='border-left:none;width:397pt'>\u00c1rea(s)\r\n  responsable(s) que genera(n), posee(n), publica(n) y actualizan la\r\n  informaci\u00f3n<\/td>\r\n  <td class=xl6511586 width=157 style='border-left:none;width:118pt'>Fecha de\r\n  validaci\u00f3n<\/td>\r\n  <td class=xl6511586 width=175 style='border-left:none;width:131pt'>Fecha de\r\n  actualizaci\u00f3n<\/td>\r\n  <td class=xl6511586 width=479 style='border-left:none;width:359pt'>Nota<\/td>\r\n <\/tr>\r\n <tr height=20 style='height:15.0pt'>\r\n  <td height=20 class=xl6711586 style='height:15.0pt;border-top:none'>2018<\/td>\r\n  <td class=xl6811586 style='border-top:none;border-left:none'>01\/10\/2018<\/td>\r\n  <td class=xl6811586 style='border-top:none;border-left:none'>31\/12\/2018<\/td>\r\n  <td class=xl6711586 style='border-top:none;border-left:none'>No Aplica<\/td>\r\n  <td class=xl6711586 style='border-top:none;border-left:none'>No Aplica<\/td>\r\n  <td class=xl6711586 style='border-top:none;border-left:none'>No Aplica<\/td>\r\n  <td class=xl6711586 style='border-top:none;border-left:none'>No Aplica<\/td>\r\n  <td class=xl6911586 style='border-top:none;border-left:none'><a\r\n  href=\"https:\/\/www.apan.gob.mx\/descargables\/transparencia\/articulo69\/fraccion20\/2018_4\/sm\/frXXa1_1.pdf\">https:\/\/www.apan.gob.mx\/descargables\/transparencia\/articulo69\/fraccion20\/2018_4\/sm\/frXXa1_1.pdf<\/a><\/td>\r\n  <td class=xl6711586 style='border-top:none;border-left:none'>No Aplica<\/td>\r\n  <td class=xl6911586 style='border-top:none;border-left:none'><a\r\n  href=\"https:\/\/www.apan.gob.mx\/descargables\/transparencia\/articulo69\/fraccion20\/2018_4\/sm\/frXXa1_2.pdf\">https:\/\/www.apan.gob.mx\/descargables\/transparencia\/articulo69\/fraccion20\/2018_4\/sm\/frXXa1_2.pdf<\/a><\/td>\r\n  <td class=xl6711586 style='border-top:none;border-left:none'>No Aplica<\/td>\r\n  <td class=xl6711586 style='border-top:none;border-left:none'>No Aplica<\/td>\r\n  <td class=xl6711586 style='border-top:none;border-left:none'>1<\/td>\r\n  <td class=xl6711586 style='border-top:none;border-left:none'>0<\/td>\r\n  <td class=xl6711586 style='border-top:none;border-left:none'>No Aplica<\/td>\r\n  <td class=xl6711586 style='border-top:none;border-left:none'>1<\/td>\r\n  <td class=xl6711586 style='border-top:none;border-left:none'>No Aplica<\/td>\r\n  <td class=xl6711586 style='border-top:none;border-left:none'>No Aplica<\/td>\r\n  <td class=xl6711586 style='border-top:none;border-left:none'>1<\/td>\r\n  <td class=xl6711586 style='border-top:none;border-left:none'>No Aplica<\/td>\r\n  <td class=xl6911586 style='border-top:none;border-left:none'><a\r\n  href=\"https:\/\/www.apan.gob.mx\/descargables\/transparencia\/articulo69\/fraccion20\/2018_4\/sm\/frXXa1_3.pdf\">https:\/\/www.apan.gob.mx\/descargables\/transparencia\/articulo69\/fraccion20\/2018_4\/sm\/frXXa1_3.pdf<\/a><\/td>\r\n  <td class=xl6911586 style='border-top:none;border-left:none'><a\r\n  href=\"https:\/\/www.apan.gob.mx\/descargables\/transparencia\/articulo69\/fraccion20\/2018_4\/sm\/frXX1_4.pdf\">https:\/\/www.apan.gob.mx\/descargables\/transparencia\/articulo69\/fraccion20\/2018_4\/sm\/frXX1_4.pdf<\/a><\/td>\r\n  <td class=xl6711586 style='border-top:none;border-left:none'>Direcci\u00f3n de\r\n  Servicios Generales y Municipales<span style='mso-spacerun:yes'>\u00a0<\/span><\/td>\r\n  <td class=xl6811586 style='border-top:none;border-left:none'>08\/01\/2019<\/td>\r\n  <td class=xl6811586 style='border-top:none;border-left:none'>08\/01\/2019<\/td>\r\n  <td class=xl6711586 style='border-top:none;border-left:none'>La Direcci\u00f3n de\r\n  Servicios Generales no realiz\u00e1 tramites, solo Servicios<span\r\n  style='mso-spacerun:yes'>\u00a0<\/span><\/td>\r\n <\/tr>\r\n <![if supportMisalignedColumns]>\r\n <tr height=0 style='display:none'>\r\n  <td width=98 style='width:74pt'><\/td>\r\n  <td width=297 style='width:223pt'><\/td>\r\n  <td width=296 style='width:222pt'><\/td>\r\n  <td width=195 style='width:146pt'><\/td>\r\n  <td width=264 style='width:198pt'><\/td>\r\n  <td width=236 style='width:177pt'><\/td>\r\n  <td width=179 style='width:134pt'><\/td>\r\n  <td width=700 style='width:525pt'><\/td>\r\n  <td width=170 style='width:128pt'><\/td>\r\n  <td width=718 style='width:539pt'><\/td>\r\n  <td width=331 style='width:248pt'><\/td>\r\n  <td width=275 style='width:206pt'><\/td>\r\n  <td width=373 style='width:280pt'><\/td>\r\n  <td width=305 style='width:229pt'><\/td>\r\n  <td width=207 style='width:155pt'><\/td>\r\n  <td width=322 style='width:242pt'><\/td>\r\n  <td width=283 style='width:212pt'><\/td>\r\n  <td width=174 style='width:131pt'><\/td>\r\n  <td width=322 style='width:242pt'><\/td>\r\n  <td width=437 style='width:328pt'><\/td>\r\n  <td width=702 style='width:527pt'><\/td>\r\n  <td width=702 style='width:527pt'><\/td>\r\n  <td width=529 style='width:397pt'><\/td>\r\n  <td width=157 style='width:118pt'><\/td>\r\n  <td width=175 style='width:131pt'><\/td>\r\n  <td width=479 style='width:359pt'><\/td>\r\n <\/tr>\r\n <![endif]>\r\n<\/table>\r\n\r\n<\/div>\r\n\r\n\r\n\r\n\t\t\t\t<\/div>\n\t\t\t\t<\/div>\n\t\t\t\t<div class=\"elementor-element elementor-element-ypgpiur elementor-widget elementor-widget-button\" data-id=\"ypgpiur\" data-element_type=\"widget\" data-e-type=\"widget\" data-widget_type=\"button.default\">\n\t\t\t\t<div class=\"elementor-widget-container\">\n\t\t\t\t\t\t\t\t\t<div class=\"elementor-button-wrapper\">\n\t\t\t\t\t<a class=\"elementor-button elementor-button-link elementor-size-sm\" href=\"https:\/\/www.apan.gob.mx\/descargables\/transparencia\/articulo69\/fraccion20\/2018_4\/sm\/FRACCXX.xlsx\">\n\t\t\t\t\t\t<span class=\"elementor-button-content-wrapper\">\n\t\t\t\t\t\t\t\t\t<span class=\"elementor-button-text\">Descargar<\/span>\n\t\t\t\t\t<\/span>\n\t\t\t\t\t<\/a>\n\t\t\t\t<\/div>\n\t\t\t\t\t\t\t\t<\/div>\n\t\t\t\t<\/div>\n\t\t\t\t<div class=\"elementor-element elementor-element-usbmsfa elementor-widget elementor-widget-heading\" data-id=\"usbmsfa\" data-element_type=\"widget\" data-e-type=\"widget\" data-widget_type=\"heading.default\">\n\t\t\t\t<div class=\"elementor-widget-container\">\n\t\t\t\t\t<h2 class=\"elementor-heading-title elementor-size-small\">Fecha en que se subi\u00f3 la informaci\u00f3n: 22-enero-19<\/h2>\t\t\t\t<\/div>\n\t\t\t\t<\/div>\n\t\t\t\t\t<\/div>\n\t\t<\/div>\n\t\t\t\t\t<\/div>\n\t\t<\/section>\n\t\t\t\t<\/div>\n\t\t","protected":false},"excerpt":{"rendered":"<p>Fracci\u00f3n XX 44251 T\u00cdTULO NOMBRE CORTO DESCRIPCI\u00d3N Tr\u00e1mites ofrecidos a69_f20 La informaci\u00f3n relacionada con las tareas administrativas que realizan los sujetos obligados en sus diferentes \u00e1mbitos con el objeto de atender las peticiones que realicen los particulares ya sea para la obtenci\u00f3n de un beneficio, o cumplir con alguna obligaci\u00f3n ante una autoridad, de conformidad [&hellip;]<\/p>\n","protected":false},"author":1,"featured_media":0,"parent":0,"menu_order":0,"comment_status":"closed","ping_status":"closed","template":"page-template-full.php","meta":{"footnotes":""},"class_list":["post-4151","page","type-page","status-publish","hentry"],"jetpack_sharing_enabled":true,"_links":{"self":[{"href":"https:\/\/apan.gob.mx\/portal\/wp-json\/wp\/v2\/pages\/4151","targetHints":{"allow":["GET"]}}],"collection":[{"href":"https:\/\/apan.gob.mx\/portal\/wp-json\/wp\/v2\/pages"}],"about":[{"href":"https:\/\/apan.gob.mx\/portal\/wp-json\/wp\/v2\/types\/page"}],"author":[{"embeddable":true,"href":"https:\/\/apan.gob.mx\/portal\/wp-json\/wp\/v2\/users\/1"}],"replies":[{"embeddable":true,"href":"https:\/\/apan.gob.mx\/portal\/wp-json\/wp\/v2\/comments?post=4151"}],"version-history":[{"count":8,"href":"https:\/\/apan.gob.mx\/portal\/wp-json\/wp\/v2\/pages\/4151\/revisions"}],"predecessor-version":[{"id":4160,"href":"https:\/\/apan.gob.mx\/portal\/wp-json\/wp\/v2\/pages\/4151\/revisions\/4160"}],"wp:attachment":[{"href":"https:\/\/apan.gob.mx\/portal\/wp-json\/wp\/v2\/media?parent=4151"}],"curies":[{"name":"wp","href":"https:\/\/api.w.org\/{rel}","templated":true}]}}