{"id":4189,"date":"2019-01-24T15:40:21","date_gmt":"2019-01-24T15:40:21","guid":{"rendered":"https:\/\/apan.gob.mx\/portal\/?page_id=4189"},"modified":"2019-01-24T15:45:38","modified_gmt":"2019-01-24T15:45:38","slug":"reglamentos_19_2017_2","status":"publish","type":"page","link":"https:\/\/apan.gob.mx\/portal\/reglamentos_19_2017_2\/","title":{"rendered":"<!--reglamentos_19_2017_2-->"},"content":{"rendered":"\t\t<div data-elementor-type=\"wp-page\" data-elementor-id=\"4189\" class=\"elementor elementor-4189 elementor-bc-flex-widget\">\n\t\t\t\t\t\t<div class=\"elementor-inner\">\n\t\t\t\t<div class=\"elementor-section-wrap\">\n\t\t\t\t\t\t\t\t\t<section class=\"has_ae_slider elementor-section elementor-top-section elementor-element elementor-element-ggqtbco elementor-section-boxed elementor-section-height-default elementor-section-height-default ae-bg-gallery-type-default\" data-id=\"ggqtbco\" data-element_type=\"section\">\n\t\t\t\t\t\t<div class=\"elementor-container elementor-column-gap-default\">\n\t\t\t\t\t\t\t<div class=\"elementor-row\">\n\t\t\t\t\t<div class=\"has_ae_slider elementor-column elementor-col-100 elementor-top-column elementor-element elementor-element-wiliqpn ae-bg-gallery-type-default\" data-id=\"wiliqpn\" data-element_type=\"column\">\n\t\t\t<div class=\"elementor-column-wrap elementor-element-populated\">\n\t\t\t\t\t\t\t<div class=\"elementor-widget-wrap\">\n\t\t\t\t\t\t<div class=\"elementor-element elementor-element-ovdhqcp elementor-widget elementor-widget-heading\" data-id=\"ovdhqcp\" data-element_type=\"widget\" data-widget_type=\"heading.default\">\n\t\t\t\t<div class=\"elementor-widget-container\">\n\t\t\t<h2 class=\"elementor-heading-title elementor-size-medium\">Fracci\u00f3n XlX<\/h2>\t\t<\/div>\n\t\t\t\t<\/div>\n\t\t\t\t<div class=\"elementor-element elementor-element-tzlrpyr elementor-widget elementor-widget-html\" data-id=\"tzlrpyr\" data-element_type=\"widget\" data-widget_type=\"html.default\">\n\t\t\t\t<div class=\"elementor-widget-container\">\n\t\t\t<style>\r\nv\\:* {behavior:url(#default#VML);}\r\no\\:* {behavior:url(#default#VML);}\r\nx\\:* {behavior:url(#default#VML);}\r\n.shape {behavior:url(#default#VML);}\r\n<\/style>\r\n<![endif]-->\r\n<style id=\"Formato FRACCI\u00d3N XIX_28505_Styles\">\r\n<!--table\r\n\t{mso-displayed-decimal-separator:\"\\.\";\r\n\tmso-displayed-thousand-separator:\"\\,\";}\r\n.xl1528505\r\n\t{padding:0px;\r\n\tmso-ignore:padding;\r\n\tcolor:windowtext;\r\n\tfont-size:10.0pt;\r\n\tfont-weight:400;\r\n\tfont-style:normal;\r\n\ttext-decoration:none;\r\n\tfont-family:Arial;\r\n\tmso-generic-font-family:auto;\r\n\tmso-font-charset:0;\r\n\tmso-number-format:General;\r\n\ttext-align:general;\r\n\tvertical-align:bottom;\r\n\tmso-background-source:auto;\r\n\tmso-pattern:auto;\r\n\twhite-space:nowrap;}\r\n.xl6528505\r\n\t{padding:0px;\r\n\tmso-ignore:padding;\r\n\tcolor:windowtext;\r\n\tfont-size:10.0pt;\r\n\tfont-weight:400;\r\n\tfont-style:normal;\r\n\ttext-decoration:none;\r\n\tfont-family:Arial;\r\n\tmso-generic-font-family:auto;\r\n\tmso-font-charset:0;\r\n\tmso-number-format:General;\r\n\ttext-align:center;\r\n\tvertical-align:middle;\r\n\tmso-background-source:auto;\r\n\tmso-pattern:auto;\r\n\twhite-space:nowrap;}\r\n.xl6628505\r\n\t{padding:0px;\r\n\tmso-ignore:padding;\r\n\tcolor:white;\r\n\tfont-size:11.0pt;\r\n\tfont-weight:700;\r\n\tfont-style:normal;\r\n\ttext-decoration:none;\r\n\tfont-family:Arial;\r\n\tmso-generic-font-family:auto;\r\n\tmso-font-charset:0;\r\n\tmso-number-format:General;\r\n\ttext-align:center;\r\n\tvertical-align:middle;\r\n\tborder:.5pt solid black;\r\n\tbackground:#333333;\r\n\tmso-pattern:black none;\r\n\twhite-space:nowrap;}\r\n.xl6728505\r\n\t{padding:0px;\r\n\tmso-ignore:padding;\r\n\tcolor:black;\r\n\tfont-size:10.0pt;\r\n\tfont-weight:400;\r\n\tfont-style:normal;\r\n\ttext-decoration:none;\r\n\tfont-family:Arial;\r\n\tmso-generic-font-family:auto;\r\n\tmso-font-charset:0;\r\n\tmso-number-format:General;\r\n\ttext-align:center;\r\n\tvertical-align:middle;\r\n\tborder:.5pt solid black;\r\n\tbackground:#E1E1E1;\r\n\tmso-pattern:black none;\r\n\twhite-space:nowrap;}\r\n.xl6828505\r\n\t{padding:0px;\r\n\tmso-ignore:padding;\r\n\tcolor:black;\r\n\tfont-size:10.0pt;\r\n\tfont-weight:400;\r\n\tfont-style:normal;\r\n\ttext-decoration:none;\r\n\tfont-family:Arial;\r\n\tmso-generic-font-family:auto;\r\n\tmso-font-charset:0;\r\n\tmso-number-format:General;\r\n\ttext-align:center;\r\n\tvertical-align:middle;\r\n\tborder-top:.5pt solid black;\r\n\tborder-right:.5pt solid black;\r\n\tborder-bottom:none;\r\n\tborder-left:.5pt solid black;\r\n\tbackground:#E1E1E1;\r\n\tmso-pattern:black none;\r\n\twhite-space:nowrap;}\r\n.xl6928505\r\n\t{padding:0px;\r\n\tmso-ignore:padding;\r\n\tcolor:windowtext;\r\n\tfont-size:10.0pt;\r\n\tfont-weight:400;\r\n\tfont-style:normal;\r\n\ttext-decoration:none;\r\n\tfont-family:Arial;\r\n\tmso-generic-font-family:auto;\r\n\tmso-font-charset:0;\r\n\tmso-number-format:General;\r\n\ttext-align:center;\r\n\tvertical-align:middle;\r\n\tborder:.5pt solid windowtext;\r\n\tbackground:white;\r\n\tmso-pattern:black none;\r\n\twhite-space:nowrap;}\r\n.xl7028505\r\n\t{padding:0px;\r\n\tmso-ignore:padding;\r\n\tcolor:#0563C1;\r\n\tfont-size:10.0pt;\r\n\tfont-weight:400;\r\n\tfont-style:normal;\r\n\ttext-decoration:underline;\r\n\ttext-underline-style:single;\r\n\tfont-family:Arial;\r\n\tmso-generic-font-family:auto;\r\n\tmso-font-charset:0;\r\n\tmso-number-format:General;\r\n\ttext-align:center;\r\n\tvertical-align:middle;\r\n\tborder:.5pt solid windowtext;\r\n\tbackground:white;\r\n\tmso-pattern:black none;\r\n\twhite-space:nowrap;}\r\n.xl7128505\r\n\t{padding:0px;\r\n\tmso-ignore:padding;\r\n\tcolor:windowtext;\r\n\tfont-size:10.0pt;\r\n\tfont-weight:400;\r\n\tfont-style:normal;\r\n\ttext-decoration:none;\r\n\tfont-family:Arial;\r\n\tmso-generic-font-family:auto;\r\n\tmso-font-charset:0;\r\n\tmso-number-format:\"Short Date\";\r\n\ttext-align:center;\r\n\tvertical-align:middle;\r\n\tborder:.5pt solid windowtext;\r\n\tbackground:white;\r\n\tmso-pattern:black none;\r\n\twhite-space:nowrap;}\r\n-->\r\n<\/style>\r\n<\/head>\r\n\r\n<body>\r\n<!--[if !excel]>&nbsp;&nbsp;<![endif]-->\r\n<!--La siguiente informaci\u00f3n se gener\u00f3 mediante el Asistente para publicar como\r\np\u00e1gina web de Microsoft Excel.-->\r\n<!--Si se vuelve a publicar el mismo elemento desde Excel, se reemplazar\u00e1 toda\r\nla informaci\u00f3n comprendida entre las etiquetas DIV.-->\r\n<!----------------------------->\r\n<!--INICIO DE LOS RESULTADOS DEL ASISTENTE PARA PUBLICAR COMO P\u00c1GINA WEB DE\r\nEXCEL -->\r\n<!----------------------------->\r\n\r\n<div id=\"Formato FRACCI\u00d3N XIX_28505\" align=center x:publishsource=\"Excel\">\r\n\r\n<table border=0 cellpadding=0 cellspacing=0 width=7668 style='border-collapse:\r\n collapse;table-layout:fixed;width:5754pt'>\r\n <col width=163 style='mso-width-source:userset;mso-width-alt:5961;width:122pt'>\r\n <col width=198 style='mso-width-source:userset;mso-width-alt:7241;width:149pt'>\r\n <col width=560 style='mso-width-source:userset;mso-width-alt:20480;width:420pt'>\r\n <col width=327 style='mso-width-source:userset;mso-width-alt:11958;width:245pt'>\r\n <col width=171 style='mso-width-source:userset;mso-width-alt:6253;width:128pt'>\r\n <col width=269 style='mso-width-source:userset;mso-width-alt:9837;width:202pt'>\r\n <col width=184 style='mso-width-source:userset;mso-width-alt:6729;width:138pt'>\r\n <col width=701 style='mso-width-source:userset;mso-width-alt:25636;width:526pt'>\r\n <col width=215 style='mso-width-source:userset;mso-width-alt:7862;width:161pt'>\r\n <col width=384 style='mso-width-source:userset;mso-width-alt:14043;width:288pt'>\r\n <col width=309 style='mso-width-source:userset;mso-width-alt:11300;width:232pt'>\r\n <col width=621 style='mso-width-source:userset;mso-width-alt:22710;width:466pt'>\r\n <col width=226 style='mso-width-source:userset;mso-width-alt:8265;width:170pt'>\r\n <col width=609 style='mso-width-source:userset;mso-width-alt:22272;width:457pt'>\r\n <col width=305 style='mso-width-source:userset;mso-width-alt:11154;width:229pt'>\r\n <col width=361 style='mso-width-source:userset;mso-width-alt:13202;width:271pt'>\r\n <col width=727 style='mso-width-source:userset;mso-width-alt:26587;width:545pt'>\r\n <col width=681 style='mso-width-source:userset;mso-width-alt:24905;width:511pt'>\r\n <col width=122 style='mso-width-source:userset;mso-width-alt:4461;width:92pt'>\r\n <col width=243 style='mso-width-source:userset;mso-width-alt:8886;width:182pt'>\r\n <col width=50 style='mso-width-source:userset;mso-width-alt:1828;width:38pt'>\r\n <col width=165 style='mso-width-source:userset;mso-width-alt:6034;width:124pt'>\r\n <col width=77 style='mso-width-source:userset;mso-width-alt:2816;width:58pt'>\r\n <tr height=0 style='display:none'>\r\n  <td class=xl6528505 width=163 style='width:122pt'>35918<\/td>\r\n  <td class=xl6528505 width=198 style='width:149pt'><\/td>\r\n  <td class=xl6528505 width=560 style='width:420pt'><\/td>\r\n  <td class=xl6528505 width=327 style='width:245pt'><\/td>\r\n  <td class=xl6528505 width=171 style='width:128pt'><\/td>\r\n  <td class=xl6528505 width=269 style='width:202pt'><\/td>\r\n  <td class=xl6528505 width=184 style='width:138pt'><\/td>\r\n  <td class=xl6528505 width=701 style='width:526pt'><\/td>\r\n  <td class=xl6528505 width=215 style='width:161pt'><\/td>\r\n  <td class=xl6528505 width=384 style='width:288pt'><\/td>\r\n  <td class=xl6528505 width=309 style='width:232pt'><\/td>\r\n  <td class=xl6528505 width=621 style='width:466pt'><\/td>\r\n  <td class=xl6528505 width=226 style='width:170pt'><\/td>\r\n  <td class=xl6528505 width=609 style='width:457pt'><\/td>\r\n  <td class=xl6528505 width=305 style='width:229pt'><\/td>\r\n  <td class=xl6528505 width=361 style='width:271pt'><\/td>\r\n  <td class=xl6528505 width=727 style='width:545pt'><\/td>\r\n  <td class=xl6528505 width=681 style='width:511pt'><\/td>\r\n  <td class=xl6528505 width=122 style='width:92pt'><\/td>\r\n  <td class=xl6528505 width=243 style='width:182pt'><\/td>\r\n  <td class=xl6528505 width=50 style='width:38pt'><\/td>\r\n  <td class=xl6528505 width=165 style='width:124pt'><\/td>\r\n  <td class=xl6528505 width=77 style='width:58pt'><\/td>\r\n <\/tr>\r\n <tr height=20 style='height:15.0pt'>\r\n  <td height=20 class=xl6628505 style='height:15.0pt'>TITULO<\/td>\r\n  <td class=xl6628505 style='border-left:none'>NOMBRE CORTO<\/td>\r\n  <td class=xl6628505 style='border-left:none'>DESCRIPCION<\/td>\r\n  <td class=xl6528505><\/td>\r\n  <td class=xl6528505><\/td>\r\n  <td class=xl6528505><\/td>\r\n  <td class=xl6528505><\/td>\r\n  <td class=xl6528505><\/td>\r\n  <td class=xl6528505><\/td>\r\n  <td class=xl6528505><\/td>\r\n  <td class=xl6528505><\/td>\r\n  <td class=xl6528505><\/td>\r\n  <td class=xl6528505><\/td>\r\n  <td class=xl6528505><\/td>\r\n  <td class=xl6528505><\/td>\r\n  <td class=xl6528505><\/td>\r\n  <td class=xl6528505><\/td>\r\n  <td class=xl6528505><\/td>\r\n  <td class=xl6528505><\/td>\r\n  <td class=xl6528505><\/td>\r\n  <td class=xl6528505><\/td>\r\n  <td class=xl6528505><\/td>\r\n  <td class=xl6528505><\/td>\r\n <\/tr>\r\n <tr height=17 style='height:12.75pt'>\r\n  <td height=17 class=xl6728505 style='height:12.75pt;border-top:none'>FRACCI\u00d3N\r\n  XIX<\/td>\r\n  <td class=xl6728505 style='border-top:none;border-left:none'>LTAIPEH69FXIX<\/td>\r\n  <td class=xl6728505 style='border-top:none;border-left:none'>Los servicios\r\n  que ofrecen se\u00f1alando los requisitos para acceder a ellos;<\/td>\r\n  <td class=xl6528505><\/td>\r\n  <td class=xl6528505><\/td>\r\n  <td class=xl6528505><\/td>\r\n  <td class=xl6528505><\/td>\r\n  <td class=xl6528505><\/td>\r\n  <td class=xl6528505><\/td>\r\n  <td class=xl6528505><\/td>\r\n  <td class=xl6528505><\/td>\r\n  <td class=xl6528505><\/td>\r\n  <td class=xl6528505><\/td>\r\n  <td class=xl6528505><\/td>\r\n  <td class=xl6528505><\/td>\r\n  <td class=xl6528505><\/td>\r\n  <td class=xl6528505><\/td>\r\n  <td class=xl6528505><\/td>\r\n  <td class=xl6528505><\/td>\r\n  <td class=xl6528505><\/td>\r\n  <td class=xl6528505><\/td>\r\n  <td class=xl6528505><\/td>\r\n  <td class=xl6528505><\/td>\r\n <\/tr>\r\n <tr height=0 style='display:none'>\r\n  <td class=xl6528505>1<\/td>\r\n  <td class=xl6528505>2<\/td>\r\n  <td class=xl6528505>2<\/td>\r\n  <td class=xl6528505>2<\/td>\r\n  <td class=xl6528505>9<\/td>\r\n  <td class=xl6528505>2<\/td>\r\n  <td class=xl6528505>2<\/td>\r\n  <td class=xl6528505>7<\/td>\r\n  <td class=xl6528505>1<\/td>\r\n  <td class=xl6528505>10<\/td>\r\n  <td class=xl6528505>1<\/td>\r\n  <td class=xl6528505>2<\/td>\r\n  <td class=xl6528505>10<\/td>\r\n  <td class=xl6528505>2<\/td>\r\n  <td class=xl6528505>2<\/td>\r\n  <td class=xl6528505>10<\/td>\r\n  <td class=xl6528505>7<\/td>\r\n  <td class=xl6528505>7<\/td>\r\n  <td class=xl6528505>4<\/td>\r\n  <td class=xl6528505>1<\/td>\r\n  <td class=xl6528505>12<\/td>\r\n  <td class=xl6528505>13<\/td>\r\n  <td class=xl6528505>14<\/td>\r\n <\/tr>\r\n <tr height=0 style='display:none'>\r\n  <td class=xl6528505>235490<\/td>\r\n  <td class=xl6528505>235493<\/td>\r\n  <td class=xl6528505>235492<\/td>\r\n  <td class=xl6528505>235495<\/td>\r\n  <td class=xl6528505>235504<\/td>\r\n  <td class=xl6528505>235496<\/td>\r\n  <td class=xl6528505>235497<\/td>\r\n  <td class=xl6528505>235503<\/td>\r\n  <td class=xl6528505>235488<\/td>\r\n  <td class=xl6528505>235505<\/td>\r\n  <td class=xl6528505>235489<\/td>\r\n  <td class=xl6528505>235498<\/td>\r\n  <td class=xl6528505>235506<\/td>\r\n  <td class=xl6528505>235494<\/td>\r\n  <td class=xl6528505>235499<\/td>\r\n  <td class=xl6528505>235507<\/td>\r\n  <td class=xl6528505>235502<\/td>\r\n  <td class=xl6528505>235501<\/td>\r\n  <td class=xl6528505>235500<\/td>\r\n  <td class=xl6528505>235491<\/td>\r\n  <td class=xl6528505>235508<\/td>\r\n  <td class=xl6528505>235509<\/td>\r\n  <td class=xl6528505>235510<\/td>\r\n <\/tr>\r\n <tr height=20 style='height:15.0pt'>\r\n  <td colspan=23 height=20 class=xl6628505 style='height:15.0pt'>Tabla Campos<\/td>\r\n <\/tr>\r\n <tr height=17 style='height:12.75pt'>\r\n  <td height=17 class=xl6828505 style='height:12.75pt'>Acto administrativo<\/td>\r\n  <td class=xl6828505 style='border-left:none'>Denominaci\u00f3n del servicio<\/td>\r\n  <td class=xl6828505 style='border-left:none'>Tipo de usuario y\/o poblaci\u00f3n\r\n  objetivo<\/td>\r\n  <td class=xl6828505 style='border-left:none'>Descripci\u00f3n de los beneficios\r\n  para el usuario<\/td>\r\n  <td class=xl6828505 style='border-left:none'>Modalidad del servicio<\/td>\r\n  <td class=xl6828505 style='border-left:none'>Requisitos para contar con el\r\n  servicio<\/td>\r\n  <td class=xl6828505 style='border-left:none'>Documentos requeridos<\/td>\r\n  <td class=xl6828505 style='border-left:none'>Hiperv\u00ednculo a los formatos\r\n  respectivos<\/td>\r\n  <td class=xl6828505 style='border-left:none'>Tiempo de respuesta<\/td>\r\n  <td class=xl6828505 style='border-left:none'>\u00c1rea que proporciona el servicio<\/td>\r\n  <td class=xl6828505 style='border-left:none'>Costo, en su caso especificar\r\n  que es gratuito<\/td>\r\n  <td class=xl6828505 style='border-left:none'>Sustento legal para su cobro<\/td>\r\n  <td class=xl6828505 style='border-left:none'>Lugares donde se efect\u00faa el pago<\/td>\r\n  <td class=xl6828505 style='border-left:none'>Fundamento\r\n  jur\u00eddico-administrativo del servicio<\/td>\r\n  <td class=xl6828505 style='border-left:none'>Derechos del usuario ante la\r\n  negativa o la falta<\/td>\r\n  <td class=xl6828505 style='border-left:none'>Lugar para reportar presuntas\r\n  anomalias<\/td>\r\n  <td class=xl6828505 style='border-left:none'>Hiperv\u00ednculo informaci\u00f3n\r\n  adicional del servicio<\/td>\r\n  <td class=xl6828505 style='border-left:none'>Hiperv\u00ednculo al cat\u00e1logo, manual\r\n  o sistemas<span style='mso-spacerun:yes'>\u00a0<\/span><\/td>\r\n  <td class=xl6828505 style='border-left:none'>Fecha de validaci\u00f3n<\/td>\r\n  <td class=xl6828505 style='border-left:none'>\u00c1rea responsable de la\r\n  informaci\u00f3n<\/td>\r\n  <td class=xl6828505 style='border-left:none'>A\u00f1o<\/td>\r\n  <td class=xl6828505 style='border-left:none'>Fecha de actualizaci\u00f3n<\/td>\r\n  <td class=xl6828505 style='border-left:none'>Nota<\/td>\r\n <\/tr>\r\n <tr height=17 style='height:12.75pt'>\r\n  <td height=17 class=xl6928505 style='height:12.75pt'>informes<span\r\n  style='mso-spacerun:yes'>\u00a0<\/span><\/td>\r\n  <td class=xl6928505 style='border-left:none'>informes<span\r\n  style='mso-spacerun:yes'>\u00a0<\/span><\/td>\r\n  <td class=xl6928505 style='border-left:none'>publico que solicita la\r\n  informacion<\/td>\r\n  <td class=xl6928505 style='border-left:none'>Dar requisitos de apertura<\/td>\r\n  <td class=xl6928505 style='border-left:none'>presencial<span\r\n  style='mso-spacerun:yes'>\u00a0<\/span><\/td>\r\n  <td class=xl6928505 style='border-left:none'>Acudir al area de\r\n  reglamentos<span style='mso-spacerun:yes'>\u00a0<\/span><\/td>\r\n  <td class=xl6928505 style='border-left:none'>no aplica en este caso<\/td>\r\n  <td class=xl7028505 style='border-left:none'><a\r\n  href=\"https:\/\/www.apan.gob.mx\/descargables\/transparencia\/articulo69\/fraccion19\/2017_2\/reglamentos\/FrXIXa1_1.pdf\">https:\/\/www.apan.gob.mx\/descargables\/transparencia\/articulo69\/fraccion19\/2017_2\/reglamentos\/FrXIXa1_1.pdf<\/a><\/td>\r\n  <td class=xl6928505 style='border-left:none'>inmediata<\/td>\r\n  <td class=xl6928505 style='border-left:none'>1<\/td>\r\n  <td class=xl6928505 style='border-left:none'>Gratuito<\/td>\r\n  <td class=xl6928505 style='border-left:none'>ART 121 LEY ORGANICA MUNICIPAL\r\n  PARA EL ESTADO DE HIDALGO Y BANDO MUNICIPAL<span\r\n  style='mso-spacerun:yes'>\u00a0<\/span><\/td>\r\n  <td class=xl6928505 style='border-left:none'>SOLO ES ORIENTACION<\/td>\r\n  <td class=xl6928505 style='border-left:none'>ART 121 LEY ORGANICA MUNICIPAL\r\n  PARA EL ESTADO DE HIDALGO Y BANDO MUNICIPAL<span\r\n  style='mso-spacerun:yes'>\u00a0<\/span><\/td>\r\n  <td class=xl6928505 style='border-left:none'>QUEJAS Y SUGERENCIAS<\/td>\r\n  <td class=xl6928505 style='border-left:none'>1<\/td>\r\n  <td class=xl7028505 style='border-left:none'><a\r\n  href=\"https:\/\/www.apan.gob.mx\/descargables\/transparencia\/articulo69\/fraccion19\/2017_2\/reglamentos\/FrXIXa1_2.pdf\">https:\/\/www.apan.gob.mx\/descargables\/transparencia\/articulo69\/fraccion19\/2017_2\/reglamentos\/FrXIXa1_2.pdf<\/a><\/td>\r\n  <td class=xl7028505 style='border-left:none'><a\r\n  href=\"https:\/\/www.apan.gob.mx\/descargables\/transparencia\/articulo69\/fraccion19\/2017_2\/reglamentos\/FrXIXa1_3.pdf\">https:\/\/www.apan.gob.mx\/descargables\/transparencia\/articulo69\/fraccion19\/2017_2\/reglamentos\/FrXIXa1_3.pdf<\/a><\/td>\r\n  <td class=xl7128505 style='border-left:none'>&nbsp;<\/td>\r\n  <td class=xl6928505 style='border-left:none'>REGLAMENTOS MUNICIPALES<\/td>\r\n  <td class=xl6928505 style='border-left:none'>2017<\/td>\r\n  <td class=xl7128505 style='border-left:none'>&nbsp;<\/td>\r\n  <td class=xl6928505 style='border-left:none'>&nbsp;<\/td>\r\n <\/tr>\r\n <tr height=17 style='height:12.75pt'>\r\n  <td height=17 class=xl6928505 style='height:12.75pt;border-top:none'>inspecciones<\/td>\r\n  <td class=xl6928505 style='border-top:none;border-left:none'>inspecciones<\/td>\r\n  <td class=xl6928505 style='border-top:none;border-left:none'>comerciantes<\/td>\r\n  <td class=xl6928505 style='border-top:none;border-left:none'>cumplimiento del\r\n  bando municipal<\/td>\r\n  <td class=xl6928505 style='border-top:none;border-left:none'>presencial<span\r\n  style='mso-spacerun:yes'>\u00a0<\/span><\/td>\r\n  <td class=xl6928505 style='border-top:none;border-left:none'>Queja ciudadana<\/td>\r\n  <td class=xl6928505 style='border-top:none;border-left:none'>no aplica en\r\n  este caso<\/td>\r\n  <td class=xl7028505 style='border-top:none;border-left:none'><a\r\n  href=\"https:\/\/www.apan.gob.mx\/descargables\/transparencia\/articulo69\/fraccion19\/2017_2\/reglamentos\/FrXIXa2_1.pdf\">https:\/\/www.apan.gob.mx\/descargables\/transparencia\/articulo69\/fraccion19\/2017_2\/reglamentos\/FrXIXa2_1.pdf<\/a><\/td>\r\n  <td class=xl6928505 style='border-top:none;border-left:none'>maximo setentay\r\n  dos horas<\/td>\r\n  <td class=xl6928505 style='border-top:none;border-left:none'>2<\/td>\r\n  <td class=xl6928505 style='border-top:none;border-left:none'>Gratuito<\/td>\r\n  <td class=xl6928505 style='border-top:none;border-left:none'>ART 121 LEY\r\n  ORGANICA MUNICIPAL PARA EL ESTADO DE HIDALGO Y BANDO MUNICIPAL<span\r\n  style='mso-spacerun:yes'>\u00a0<\/span><\/td>\r\n  <td class=xl6928505 style='border-top:none;border-left:none'>SOLO SE\r\n  INSPECCIONA<\/td>\r\n  <td class=xl6928505 style='border-top:none;border-left:none'>ART 121 LEY\r\n  ORGANICA MUNICIPAL PARA EL ESTADO DE HIDALGO Y BANDO MUNICIPAL<span\r\n  style='mso-spacerun:yes'>\u00a0<\/span><\/td>\r\n  <td class=xl6928505 style='border-top:none;border-left:none'>QUEJAS Y\r\n  SUGERENCIAS<\/td>\r\n  <td class=xl6928505 style='border-top:none;border-left:none'>2<\/td>\r\n  <td class=xl7028505 style='border-top:none;border-left:none'><a\r\n  href=\"https:\/\/www.apan.gob.mx\/descargables\/transparencia\/articulo69\/fraccion19\/2017_2\/reglamentos\/FrXIXa2_2.pdf\">https:\/\/www.apan.gob.mx\/descargables\/transparencia\/articulo69\/fraccion19\/2017_2\/reglamentos\/FrXIXa2_2.pdf<\/a><\/td>\r\n  <td class=xl7028505 style='border-top:none;border-left:none'><a\r\n  href=\"https:\/\/www.apan.gob.mx\/descargables\/transparencia\/articulo69\/fraccion19\/2017_2\/reglamentos\/FrXIXa2_3.pdf\">https:\/\/www.apan.gob.mx\/descargables\/transparencia\/articulo69\/fraccion19\/2017_2\/reglamentos\/FrXIXa2_3.pdf<\/a><\/td>\r\n  <td class=xl7128505 style='border-top:none;border-left:none'>&nbsp;<\/td>\r\n  <td class=xl6928505 style='border-top:none;border-left:none'>REGLAMENTOS\r\n  MUNICIPALES<\/td>\r\n  <td class=xl6928505 style='border-top:none;border-left:none'>2017<\/td>\r\n  <td class=xl7128505 style='border-top:none;border-left:none'>&nbsp;<\/td>\r\n  <td class=xl6928505 style='border-top:none;border-left:none'>&nbsp;<\/td>\r\n <\/tr>\r\n <![if supportMisalignedColumns]>\r\n <tr height=0 style='display:none'>\r\n  <td width=163 style='width:122pt'><\/td>\r\n  <td width=198 style='width:149pt'><\/td>\r\n  <td width=560 style='width:420pt'><\/td>\r\n  <td width=327 style='width:245pt'><\/td>\r\n  <td width=171 style='width:128pt'><\/td>\r\n  <td width=269 style='width:202pt'><\/td>\r\n  <td width=184 style='width:138pt'><\/td>\r\n  <td width=701 style='width:526pt'><\/td>\r\n  <td width=215 style='width:161pt'><\/td>\r\n  <td width=384 style='width:288pt'><\/td>\r\n  <td width=309 style='width:232pt'><\/td>\r\n  <td width=621 style='width:466pt'><\/td>\r\n  <td width=226 style='width:170pt'><\/td>\r\n  <td width=609 style='width:457pt'><\/td>\r\n  <td width=305 style='width:229pt'><\/td>\r\n  <td width=361 style='width:271pt'><\/td>\r\n  <td width=727 style='width:545pt'><\/td>\r\n  <td width=681 style='width:511pt'><\/td>\r\n  <td width=122 style='width:92pt'><\/td>\r\n  <td width=243 style='width:182pt'><\/td>\r\n  <td width=50 style='width:38pt'><\/td>\r\n  <td width=165 style='width:124pt'><\/td>\r\n  <td width=77 style='width:58pt'><\/td>\r\n <\/tr>\r\n <![endif]>\r\n<\/table>\r\n\r\n<\/div>\r\n\r\n\r\n\t\t<\/div>\n\t\t\t\t<\/div>\n\t\t\t\t<div class=\"elementor-element elementor-element-fnjreay elementor-widget elementor-widget-button\" data-id=\"fnjreay\" data-element_type=\"widget\" data-widget_type=\"button.default\">\n\t\t\t\t<div class=\"elementor-widget-container\">\n\t\t\t\t\t<div class=\"elementor-button-wrapper\">\n\t\t\t<a href=\"https:\/\/www.apan.gob.mx\/descargables\/transparencia\/articulo69\/fraccion19\/2017_2\/reglamentos\/FormatoFRACCIONXIX.xls\" class=\"elementor-button-link elementor-button elementor-size-sm\" role=\"button\">\n\t\t\t\t\t\t<span class=\"elementor-button-content-wrapper\">\n\t\t\t\t\t\t<span class=\"elementor-button-text\">Descargar<\/span>\n\t\t<\/span>\n\t\t\t\t\t<\/a>\n\t\t<\/div>\n\t\t\t\t<\/div>\n\t\t\t\t<\/div>\n\t\t\t\t<div class=\"elementor-element elementor-element-yksdrcb elementor-widget elementor-widget-heading\" data-id=\"yksdrcb\" data-element_type=\"widget\" data-widget_type=\"heading.default\">\n\t\t\t\t<div class=\"elementor-widget-container\">\n\t\t\t<h2 class=\"elementor-heading-title elementor-size-small\">Fecha en que se subi\u00f3 la informaci\u00f3n: 24-enero-19<\/h2>\t\t<\/div>\n\t\t\t\t<\/div>\n\t\t\t\t\t\t<\/div>\n\t\t\t\t\t<\/div>\n\t\t<\/div>\n\t\t\t\t\t\t\t\t<\/div>\n\t\t\t\t\t<\/div>\n\t\t<\/section>\n\t\t\t\t\t\t\t\t\t<\/div>\n\t\t\t<\/div>\n\t\t\t\t\t<\/div>\n\t\t","protected":false},"excerpt":{"rendered":"<p>Fracci\u00f3n XlX 35918 TITULO NOMBRE CORTO DESCRIPCION FRACCI\u00d3N XIX LTAIPEH69FXIX Los servicios que ofrecen se\u00f1alando los requisitos para acceder a ellos; 1 2 2 2 9 2 2 7 1 10 1 2 10 2 2 10 7 7 4 1 12 13 14 235490 235493 235492 235495 235504 235496 235497 235503 235488 235505 235489 [&hellip;]<\/p>\n","protected":false},"author":1,"featured_media":0,"parent":0,"menu_order":0,"comment_status":"closed","ping_status":"closed","template":"page-template-full.php","meta":[],"jetpack_sharing_enabled":true,"_links":{"self":[{"href":"https:\/\/apan.gob.mx\/portal\/wp-json\/wp\/v2\/pages\/4189"}],"collection":[{"href":"https:\/\/apan.gob.mx\/portal\/wp-json\/wp\/v2\/pages"}],"about":[{"href":"https:\/\/apan.gob.mx\/portal\/wp-json\/wp\/v2\/types\/page"}],"author":[{"embeddable":true,"href":"https:\/\/apan.gob.mx\/portal\/wp-json\/wp\/v2\/users\/1"}],"replies":[{"embeddable":true,"href":"https:\/\/apan.gob.mx\/portal\/wp-json\/wp\/v2\/comments?post=4189"}],"version-history":[{"count":2,"href":"https:\/\/apan.gob.mx\/portal\/wp-json\/wp\/v2\/pages\/4189\/revisions"}],"predecessor-version":[{"id":4191,"href":"https:\/\/apan.gob.mx\/portal\/wp-json\/wp\/v2\/pages\/4189\/revisions\/4191"}],"wp:attachment":[{"href":"https:\/\/apan.gob.mx\/portal\/wp-json\/wp\/v2\/media?parent=4189"}],"curies":[{"name":"wp","href":"https:\/\/api.w.org\/{rel}","templated":true}]}}