{"id":4201,"date":"2019-01-25T00:07:14","date_gmt":"2019-01-25T00:07:14","guid":{"rendered":"https:\/\/apan.gob.mx\/portal\/?page_id=4201"},"modified":"2019-01-25T00:41:08","modified_gmt":"2019-01-25T00:41:08","slug":"turismo_27_2017_2","status":"publish","type":"page","link":"https:\/\/apan.gob.mx\/portal\/turismo_27_2017_2\/","title":{"rendered":"<!--turismo_27_2017_2-->"},"content":{"rendered":"\t\t<div data-elementor-type=\"wp-page\" data-elementor-id=\"4201\" class=\"elementor elementor-4201 elementor-bc-flex-widget\">\n\t\t\t\t\t\t<div class=\"elementor-inner\">\n\t\t\t\t<div class=\"elementor-section-wrap\">\n\t\t\t\t\t\t\t\t\t<section class=\"has_ae_slider elementor-section elementor-top-section elementor-element elementor-element-qsbhohy elementor-section-boxed elementor-section-height-default elementor-section-height-default ae-bg-gallery-type-default\" data-id=\"qsbhohy\" data-element_type=\"section\">\n\t\t\t\t\t\t<div class=\"elementor-container elementor-column-gap-default\">\n\t\t\t\t\t\t\t<div class=\"elementor-row\">\n\t\t\t\t\t<div class=\"has_ae_slider elementor-column elementor-col-100 elementor-top-column elementor-element elementor-element-jspvsen ae-bg-gallery-type-default\" data-id=\"jspvsen\" data-element_type=\"column\">\n\t\t\t<div class=\"elementor-column-wrap elementor-element-populated\">\n\t\t\t\t\t\t\t<div class=\"elementor-widget-wrap\">\n\t\t\t\t\t\t<div class=\"elementor-element elementor-element-olpsprp elementor-widget elementor-widget-heading\" data-id=\"olpsprp\" data-element_type=\"widget\" data-widget_type=\"heading.default\">\n\t\t\t\t<div class=\"elementor-widget-container\">\n\t\t\t<h2 class=\"elementor-heading-title elementor-size-medium\">Fracci\u00f3n XXVll<\/h2>\t\t<\/div>\n\t\t\t\t<\/div>\n\t\t\t\t<div class=\"elementor-element elementor-element-tdjghml elementor-widget elementor-widget-html\" data-id=\"tdjghml\" data-element_type=\"widget\" data-widget_type=\"html.default\">\n\t\t\t\t<div class=\"elementor-widget-container\">\n\t\t\t<style>\r\nv\\:* {behavior:url(#default#VML);}\r\no\\:* {behavior:url(#default#VML);}\r\nx\\:* {behavior:url(#default#VML);}\r\n.shape {behavior:url(#default#VML);}\r\n<\/style>\r\n<![endif]-->\r\n<style id=\"a69_f27_22847_Styles\">\r\n<!--table\r\n\t{mso-displayed-decimal-separator:\"\\.\";\r\n\tmso-displayed-thousand-separator:\"\\,\";}\r\n.xl1522847\r\n\t{padding:0px;\r\n\tmso-ignore:padding;\r\n\tcolor:black;\r\n\tfont-size:11.0pt;\r\n\tfont-weight:400;\r\n\tfont-style:normal;\r\n\ttext-decoration:none;\r\n\tfont-family:Calibri, sans-serif;\r\n\tmso-font-charset:0;\r\n\tmso-number-format:General;\r\n\ttext-align:general;\r\n\tvertical-align:bottom;\r\n\tmso-background-source:auto;\r\n\tmso-pattern:auto;\r\n\twhite-space:nowrap;}\r\n.xl6522847\r\n\t{padding:0px;\r\n\tmso-ignore:padding;\r\n\tcolor:black;\r\n\tfont-size:11.0pt;\r\n\tfont-weight:400;\r\n\tfont-style:normal;\r\n\ttext-decoration:none;\r\n\tfont-family:Calibri, sans-serif;\r\n\tmso-font-charset:0;\r\n\tmso-number-format:General;\r\n\ttext-align:center;\r\n\tvertical-align:middle;\r\n\tmso-background-source:auto;\r\n\tmso-pattern:auto;\r\n\twhite-space:normal;}\r\n.xl6622847\r\n\t{padding:0px;\r\n\tmso-ignore:padding;\r\n\tcolor:black;\r\n\tfont-size:11.0pt;\r\n\tfont-weight:400;\r\n\tfont-style:normal;\r\n\ttext-decoration:none;\r\n\tfont-family:Calibri, sans-serif;\r\n\tmso-font-charset:0;\r\n\tmso-number-format:General;\r\n\ttext-align:center;\r\n\tvertical-align:middle;\r\n\tmso-background-source:auto;\r\n\tmso-pattern:auto;\r\n\twhite-space:nowrap;}\r\n.xl6722847\r\n\t{padding:0px;\r\n\tmso-ignore:padding;\r\n\tcolor:black;\r\n\tfont-size:11.0pt;\r\n\tfont-weight:400;\r\n\tfont-style:normal;\r\n\ttext-decoration:none;\r\n\tfont-family:Calibri, sans-serif;\r\n\tmso-font-charset:0;\r\n\tmso-number-format:General;\r\n\ttext-align:general;\r\n\tvertical-align:bottom;\r\n\tmso-background-source:auto;\r\n\tmso-pattern:auto;\r\n\twhite-space:normal;}\r\n.xl6822847\r\n\t{padding:0px;\r\n\tmso-ignore:padding;\r\n\tcolor:black;\r\n\tfont-size:11.0pt;\r\n\tfont-weight:400;\r\n\tfont-style:normal;\r\n\ttext-decoration:none;\r\n\tfont-family:Calibri, sans-serif;\r\n\tmso-font-charset:0;\r\n\tmso-number-format:General;\r\n\ttext-align:center;\r\n\tvertical-align:middle;\r\n\tborder:.5pt solid windowtext;\r\n\tbackground:white;\r\n\tmso-pattern:black none;\r\n\twhite-space:normal;}\r\n.xl6922847\r\n\t{padding:0px;\r\n\tmso-ignore:padding;\r\n\tcolor:black;\r\n\tfont-size:11.0pt;\r\n\tfont-weight:400;\r\n\tfont-style:normal;\r\n\ttext-decoration:none;\r\n\tfont-family:Calibri, sans-serif;\r\n\tmso-font-charset:0;\r\n\tmso-number-format:General;\r\n\ttext-align:center;\r\n\tvertical-align:middle;\r\n\tborder:.5pt solid windowtext;\r\n\tbackground:white;\r\n\tmso-pattern:black none;\r\n\twhite-space:nowrap;}\r\n.xl7022847\r\n\t{padding:0px;\r\n\tmso-ignore:padding;\r\n\tcolor:#0563C1;\r\n\tfont-size:11.0pt;\r\n\tfont-weight:400;\r\n\tfont-style:normal;\r\n\ttext-decoration:underline;\r\n\ttext-underline-style:single;\r\n\tfont-family:Calibri, sans-serif;\r\n\tmso-font-charset:0;\r\n\tmso-number-format:General;\r\n\ttext-align:center;\r\n\tvertical-align:middle;\r\n\tborder:.5pt solid windowtext;\r\n\tbackground:white;\r\n\tmso-pattern:black none;\r\n\twhite-space:nowrap;}\r\n.xl7122847\r\n\t{padding:0px;\r\n\tmso-ignore:padding;\r\n\tcolor:#0563C1;\r\n\tfont-size:11.0pt;\r\n\tfont-weight:400;\r\n\tfont-style:normal;\r\n\ttext-decoration:underline;\r\n\ttext-underline-style:single;\r\n\tfont-family:Calibri, sans-serif;\r\n\tmso-font-charset:0;\r\n\tmso-number-format:General;\r\n\ttext-align:center;\r\n\tvertical-align:middle;\r\n\tborder:.5pt solid windowtext;\r\n\tbackground:white;\r\n\tmso-pattern:black none;\r\n\twhite-space:normal;}\r\n.xl7222847\r\n\t{padding:0px;\r\n\tmso-ignore:padding;\r\n\tcolor:black;\r\n\tfont-size:10.0pt;\r\n\tfont-weight:400;\r\n\tfont-style:normal;\r\n\ttext-decoration:none;\r\n\tfont-family:Arial, sans-serif;\r\n\tmso-font-charset:0;\r\n\tmso-number-format:\"Medium Date\";\r\n\ttext-align:center;\r\n\tvertical-align:middle;\r\n\tborder:.5pt solid windowtext;\r\n\tbackground:white;\r\n\tmso-pattern:black none;\r\n\twhite-space:nowrap;}\r\n.xl7322847\r\n\t{padding:0px;\r\n\tmso-ignore:padding;\r\n\tcolor:black;\r\n\tfont-size:10.0pt;\r\n\tfont-weight:400;\r\n\tfont-style:normal;\r\n\ttext-decoration:none;\r\n\tfont-family:Arial, sans-serif;\r\n\tmso-font-charset:0;\r\n\tmso-number-format:General;\r\n\ttext-align:center;\r\n\tvertical-align:middle;\r\n\tborder:.5pt solid windowtext;\r\n\tbackground:white;\r\n\tmso-pattern:black none;\r\n\twhite-space:nowrap;}\r\n.xl7422847\r\n\t{padding:0px;\r\n\tmso-ignore:padding;\r\n\tcolor:white;\r\n\tfont-size:11.0pt;\r\n\tfont-weight:700;\r\n\tfont-style:normal;\r\n\ttext-decoration:none;\r\n\tfont-family:Arial, sans-serif;\r\n\tmso-font-charset:0;\r\n\tmso-number-format:General;\r\n\ttext-align:center;\r\n\tvertical-align:middle;\r\n\tborder:.5pt solid windowtext;\r\n\tbackground:#333333;\r\n\tmso-pattern:black none;\r\n\twhite-space:nowrap;}\r\n.xl7522847\r\n\t{padding:0px;\r\n\tmso-ignore:padding;\r\n\tcolor:black;\r\n\tfont-size:10.0pt;\r\n\tfont-weight:400;\r\n\tfont-style:normal;\r\n\ttext-decoration:none;\r\n\tfont-family:Arial, sans-serif;\r\n\tmso-font-charset:0;\r\n\tmso-number-format:General;\r\n\ttext-align:center;\r\n\tvertical-align:middle;\r\n\tborder:.5pt solid windowtext;\r\n\tbackground:#E1E1E1;\r\n\tmso-pattern:black none;\r\n\twhite-space:normal;}\r\n.xl7622847\r\n\t{padding:0px;\r\n\tmso-ignore:padding;\r\n\tcolor:black;\r\n\tfont-size:10.0pt;\r\n\tfont-weight:400;\r\n\tfont-style:normal;\r\n\ttext-decoration:none;\r\n\tfont-family:Arial, sans-serif;\r\n\tmso-font-charset:0;\r\n\tmso-number-format:General;\r\n\ttext-align:center;\r\n\tvertical-align:middle;\r\n\tborder:.5pt solid windowtext;\r\n\tbackground:#E1E1E1;\r\n\tmso-pattern:black none;\r\n\twhite-space:nowrap;}\r\n-->\r\n<\/style>\r\n<\/head>\r\n\r\n<body>\r\n<!--[if !excel]>&nbsp;&nbsp;<![endif]-->\r\n<!--La siguiente informaci\u00f3n se gener\u00f3 mediante el Asistente para publicar como\r\np\u00e1gina web de Microsoft Excel.-->\r\n<!--Si se vuelve a publicar el mismo elemento desde Excel, se reemplazar\u00e1 toda\r\nla informaci\u00f3n comprendida entre las etiquetas DIV.-->\r\n<!----------------------------->\r\n<!--INICIO DE LOS RESULTADOS DEL ASISTENTE PARA PUBLICAR COMO P\u00c1GINA WEB DE\r\nEXCEL -->\r\n<!----------------------------->\r\n\r\n<div id=\"a69_f27_22847\" align=center x:publishsource=\"Excel\">\r\n\r\n<table border=0 cellpadding=0 cellspacing=0 width=8323 style='border-collapse:\r\n collapse;table-layout:fixed;width:6245pt'>\r\n <col width=56 style='mso-width-source:userset;mso-width-alt:2048;width:42pt'>\r\n <col width=181 style='mso-width-source:userset;mso-width-alt:6619;width:136pt'>\r\n <col width=402 style='mso-width-source:userset;mso-width-alt:14701;width:302pt'>\r\n <col width=249 style='mso-width-source:userset;mso-width-alt:9106;width:187pt'>\r\n <col width=211 style='mso-width-source:userset;mso-width-alt:7716;width:158pt'>\r\n <col width=374 style='mso-width-source:userset;mso-width-alt:13677;width:281pt'>\r\n <col width=399 style='mso-width-source:userset;mso-width-alt:14592;width:299pt'>\r\n <col width=312 style='mso-width-source:userset;mso-width-alt:11410;width:234pt'>\r\n <col width=409 style='mso-width-source:userset;mso-width-alt:14957;width:307pt'>\r\n <col width=343 style='mso-width-source:userset;mso-width-alt:12544;width:257pt'>\r\n <col width=374 style='mso-width-source:userset;mso-width-alt:13677;width:281pt'>\r\n <col width=360 style='mso-width-source:userset;mso-width-alt:13165;width:270pt'>\r\n <col width=231 style='mso-width-source:userset;mso-width-alt:8448;width:173pt'>\r\n <col width=340 style='mso-width-source:userset;mso-width-alt:12434;width:255pt'>\r\n <col width=542 style='mso-width-source:userset;mso-width-alt:19821;width:407pt'>\r\n <col width=356 style='mso-width-source:userset;mso-width-alt:13019;width:267pt'>\r\n <col width=382 style='mso-width-source:userset;mso-width-alt:13970;width:287pt'>\r\n <col width=430 style='mso-width-source:userset;mso-width-alt:15725;width:323pt'>\r\n <col width=596 style='mso-width-source:userset;mso-width-alt:21796;width:447pt'>\r\n <col width=567 style='mso-width-source:userset;mso-width-alt:20736;width:425pt'>\r\n <col width=123 style='mso-width-source:userset;mso-width-alt:4498;width:92pt'>\r\n <col width=267 style='mso-width-source:userset;mso-width-alt:9764;width:200pt'>\r\n <col width=93 style='mso-width-source:userset;mso-width-alt:3401;width:70pt'>\r\n <col width=214 style='mso-width-source:userset;mso-width-alt:7826;width:161pt'>\r\n <col class=xl6722847 width=512 style='mso-width-source:userset;mso-width-alt:\r\n 18724;width:384pt'>\r\n <tr height=20 style='height:15.0pt'>\r\n  <td colspan=3 height=20 class=xl7422847 width=639 style='height:15.0pt;\r\n  width:480pt'>T\u00cdTULO<\/td>\r\n  <td colspan=3 class=xl7422847 width=834 style='width:626pt'>NOMBRE CORTO<\/td>\r\n  <td colspan=3 class=xl7422847 width=1120 style='width:840pt'>DESCRIPCI\u00d3N<\/td>\r\n  <td class=xl6622847 width=343 style='width:257pt'><\/td>\r\n  <td class=xl6622847 width=374 style='width:281pt'><\/td>\r\n  <td class=xl6622847 width=360 style='width:270pt'><\/td>\r\n  <td class=xl6622847 width=231 style='width:173pt'><\/td>\r\n  <td class=xl6622847 width=340 style='width:255pt'><\/td>\r\n  <td class=xl6622847 width=542 style='width:407pt'><\/td>\r\n  <td class=xl6622847 width=356 style='width:267pt'><\/td>\r\n  <td class=xl6622847 width=382 style='width:287pt'><\/td>\r\n  <td class=xl6622847 width=430 style='width:323pt'><\/td>\r\n  <td class=xl6622847 width=596 style='width:447pt'><\/td>\r\n  <td class=xl6622847 width=567 style='width:425pt'><\/td>\r\n  <td class=xl6622847 width=123 style='width:92pt'><\/td>\r\n  <td class=xl6622847 width=267 style='width:200pt'><\/td>\r\n  <td class=xl6622847 width=93 style='width:70pt'><\/td>\r\n  <td class=xl6622847 width=214 style='width:161pt'><\/td>\r\n  <td class=xl6522847 width=512 style='width:384pt'><\/td>\r\n <\/tr>\r\n <tr height=69 style='mso-height-source:userset;height:51.75pt'>\r\n  <td colspan=3 height=69 class=xl7522847 width=639 style='height:51.75pt;\r\n  width:480pt'>FRACCI\u00d3N XXVII.- Concesiones, contratos, convenios, permisos,\r\n  licencias o autorizaciones otorgados.<\/td>\r\n  <td colspan=3 class=xl7622847>a69_f27<\/td>\r\n  <td colspan=3 class=xl7522847 width=1120 style='width:840pt'>Las concesiones,\r\n  contratos, convenios, permisos, licencias o autorizaciones otorgados,\r\n  especificando los titulares de aqu\u00e9llos, debiendo publicarse su objeto,\r\n  nombre o raz\u00f3n social del titular, vigencia, tipo, t\u00e9rminos, condiciones,\r\n  monto y modificaciones, as\u00ed como si el procedimiento involucra el\r\n  aprovechamiento de bienes, servicios y\/o recursos p\u00fablicos;<\/td>\r\n  <td class=xl6622847><\/td>\r\n  <td class=xl6622847><\/td>\r\n  <td class=xl6622847><\/td>\r\n  <td class=xl6622847><\/td>\r\n  <td class=xl6622847><\/td>\r\n  <td class=xl6622847><\/td>\r\n  <td class=xl6622847><\/td>\r\n  <td class=xl6622847><\/td>\r\n  <td class=xl6622847><\/td>\r\n  <td class=xl6622847><\/td>\r\n  <td class=xl6622847><\/td>\r\n  <td class=xl6622847><\/td>\r\n  <td class=xl6622847><\/td>\r\n  <td class=xl6622847><\/td>\r\n  <td class=xl6622847><\/td>\r\n  <td class=xl6522847 width=512 style='width:384pt'><\/td>\r\n <\/tr>\r\n <tr height=0 style='display:none'>\r\n  <td class=xl6622847>1<\/td>\r\n  <td class=xl6622847>1<\/td>\r\n  <td class=xl6622847>9<\/td>\r\n  <td class=xl6622847>2<\/td>\r\n  <td class=xl6622847>2<\/td>\r\n  <td class=xl6622847>1<\/td>\r\n  <td class=xl6622847>9<\/td>\r\n  <td class=xl6622847>1<\/td>\r\n  <td class=xl6622847>1<\/td>\r\n  <td class=xl6622847>1<\/td>\r\n  <td class=xl6622847>1<\/td>\r\n  <td class=xl6622847>4<\/td>\r\n  <td class=xl6622847>4<\/td>\r\n  <td class=xl6622847>1<\/td>\r\n  <td class=xl6622847>7<\/td>\r\n  <td class=xl6622847>2<\/td>\r\n  <td class=xl6622847>2<\/td>\r\n  <td class=xl6622847>7<\/td>\r\n  <td class=xl6622847>7<\/td>\r\n  <td class=xl6622847>7<\/td>\r\n  <td class=xl6622847>4<\/td>\r\n  <td class=xl6622847>1<\/td>\r\n  <td class=xl6622847>12<\/td>\r\n  <td class=xl6622847>13<\/td>\r\n  <td class=xl6522847 width=512 style='width:384pt'>14<\/td>\r\n <\/tr>\r\n <tr height=0 style='display:none'>\r\n  <td class=xl6622847>57190<\/td>\r\n  <td class=xl6622847>57194<\/td>\r\n  <td class=xl6622847>57183<\/td>\r\n  <td class=xl6622847>57198<\/td>\r\n  <td class=xl6622847>57180<\/td>\r\n  <td class=xl6622847>57186<\/td>\r\n  <td class=xl6622847>57179<\/td>\r\n  <td class=xl6622847>57189<\/td>\r\n  <td class=xl6622847>57182<\/td>\r\n  <td class=xl6622847>57188<\/td>\r\n  <td class=xl6622847>57184<\/td>\r\n  <td class=xl6622847>57200<\/td>\r\n  <td class=xl6622847>57176<\/td>\r\n  <td class=xl6622847>57185<\/td>\r\n  <td class=xl6622847>57178<\/td>\r\n  <td class=xl6622847>57191<\/td>\r\n  <td class=xl6622847>57199<\/td>\r\n  <td class=xl6622847>57196<\/td>\r\n  <td class=xl6622847>57192<\/td>\r\n  <td class=xl6622847>57187<\/td>\r\n  <td class=xl6622847>57195<\/td>\r\n  <td class=xl6622847>57197<\/td>\r\n  <td class=xl6622847>57193<\/td>\r\n  <td class=xl6622847>57181<\/td>\r\n  <td class=xl6522847 width=512 style='width:384pt'>57177<\/td>\r\n <\/tr>\r\n <tr height=20 style='height:15.0pt'>\r\n  <td colspan=25 height=20 class=xl7422847 style='height:15.0pt'>Tabla Campos<\/td>\r\n <\/tr>\r\n <tr height=34 style='height:25.5pt'>\r\n  <td height=34 class=xl7522847 width=56 style='height:25.5pt;width:42pt'>Ejercicio<\/td>\r\n  <td class=xl7522847 width=181 style='border-left:none;width:136pt'>Periodo\r\n  que se informa<\/td>\r\n  <td class=xl7522847 width=402 style='border-left:none;width:302pt'>Acto\r\n  jur\u00eddico.<\/td>\r\n  <td class=xl7522847 width=249 style='border-left:none;width:187pt'>Objeto<\/td>\r\n  <td class=xl7522847 width=211 style='border-left:none;width:158pt'>Fundamento\r\n  jur\u00eddico<\/td>\r\n  <td class=xl7522847 width=374 style='border-left:none;width:281pt'>Unidad(es)\r\n  responsable(s) de instrumentaci\u00f3n.<\/td>\r\n  <td class=xl7522847 width=399 style='border-left:none;width:299pt'>Sector al\r\n  cual se otorg\u00f3.<\/td>\r\n  <td class=xl7522847 width=312 style='border-left:none;width:234pt'>Nombre(s)<\/td>\r\n  <td class=xl7522847 width=409 style='border-left:none;width:307pt'>Primer\r\n  apellido<\/td>\r\n  <td class=xl7522847 width=343 style='border-left:none;width:257pt'>Segundo\r\n  apellido<\/td>\r\n  <td class=xl7522847 width=374 style='border-left:none;width:281pt'>Raz\u00f3n\r\n  social del titular<\/td>\r\n  <td class=xl7522847 width=360 style='border-left:none;width:270pt'>Fecha de\r\n  inicio de vigencia<\/td>\r\n  <td class=xl7522847 width=231 style='border-left:none;width:173pt'>Fecha de\r\n  t\u00e9rmino de vigencia<\/td>\r\n  <td class=xl7522847 width=340 style='border-left:none;width:255pt'>Cl\u00e1usula,\r\n  punto, art\u00edculo o fracci\u00f3n<span style='mso-spacerun:yes'>\u00a0<\/span><\/td>\r\n  <td class=xl7522847 width=542 style='border-left:none;width:407pt'>Hiperv\u00ednculo\r\n  al documento<\/td>\r\n  <td class=xl7522847 width=356 style='border-left:none;width:267pt'>Monto\r\n  total, bien, servicio o recurso aprovechado.<\/td>\r\n  <td class=xl7522847 width=382 style='border-left:none;width:287pt'>Monto\r\n  entregado al periodo bien\/servicio\/recurso<\/td>\r\n  <td class=xl7522847 width=430 style='border-left:none;width:323pt'>Hiperv\u00ednculo\r\n  documento donde se desglose el gasto<\/td>\r\n  <td class=xl7522847 width=596 style='border-left:none;width:447pt'>Hiperv\u00ednculo\r\n  al informe sobre monto total erogado<\/td>\r\n  <td class=xl7522847 width=567 style='border-left:none;width:425pt'>Hiperv\u00ednculo\r\n  al contrato plurianual modificado<\/td>\r\n  <td class=xl7522847 width=123 style='border-left:none;width:92pt'>Fecha de\r\n  validaci\u00f3n<\/td>\r\n  <td class=xl7522847 width=267 style='border-left:none;width:200pt'>\u00c1rea\r\n  responsable de la informaci\u00f3n<\/td>\r\n  <td class=xl7522847 width=93 style='border-left:none;width:70pt'>A\u00f1o<\/td>\r\n  <td class=xl7522847 width=214 style='border-left:none;width:161pt'>Fecha de\r\n  actualizaci\u00f3n<\/td>\r\n  <td class=xl7522847 width=512 style='border-left:none;width:384pt'>Nota<\/td>\r\n <\/tr>\r\n <tr height=80 style='mso-height-source:userset;height:60.0pt'>\r\n  <td height=80 class=xl6922847 style='height:60.0pt;border-top:none'>2017<\/td>\r\n  <td class=xl6922847 style='border-top:none;border-left:none'>enero a marzo<\/td>\r\n  <td class=xl6922847 style='border-top:none;border-left:none'>Hasta el momento\r\n  no se ha generdo informacion<\/td>\r\n  <td class=xl6822847 width=249 style='border-top:none;border-left:none;\r\n  width:187pt'>Hasta el momento no se ha generdo informacion<span\r\n  style='mso-spacerun:yes'>\u00a0<\/span><\/td>\r\n  <td class=xl6822847 width=211 style='border-top:none;border-left:none;\r\n  width:158pt'>Hasta el momento no se ha generdo informacion<span\r\n  style='mso-spacerun:yes'>\u00a0<\/span><\/td>\r\n  <td class=xl6822847 width=374 style='border-top:none;border-left:none;\r\n  width:281pt'>Hasta el momento no se ha generdo informacion<span\r\n  style='mso-spacerun:yes'>\u00a0<\/span><\/td>\r\n  <td class=xl6822847 width=399 style='border-top:none;border-left:none;\r\n  width:299pt'>Hasta el momento no se ha generdo informacion<span\r\n  style='mso-spacerun:yes'>\u00a0<\/span><\/td>\r\n  <td class=xl6822847 width=312 style='border-top:none;border-left:none;\r\n  width:234pt'>Hasta el momento no se ha generdo informacion<span\r\n  style='mso-spacerun:yes'>\u00a0<\/span><\/td>\r\n  <td class=xl6822847 width=409 style='border-top:none;border-left:none;\r\n  width:307pt'>Hasta el momento no se ha generdo informacion<span\r\n  style='mso-spacerun:yes'>\u00a0<\/span><\/td>\r\n  <td class=xl6822847 width=343 style='border-top:none;border-left:none;\r\n  width:257pt'>Hasta el momento no se ha generdo informacion<span\r\n  style='mso-spacerun:yes'>\u00a0<\/span><\/td>\r\n  <td class=xl6822847 width=374 style='border-top:none;border-left:none;\r\n  width:281pt'>Hasta el momento no se ha generdo informacion<span\r\n  style='mso-spacerun:yes'>\u00a0<\/span><\/td>\r\n  <td class=xl6922847 style='border-top:none;border-left:none'>Hasta el momento\r\n  no se ha generdo informacion<\/td>\r\n  <td class=xl6822847 width=231 style='border-top:none;border-left:none;\r\n  width:173pt'>Hasta el<br>\r\n    momento no<br>\r\n    se ha generdo<br>\r\n    informacion<span style='mso-spacerun:yes'>\u00a0<\/span><\/td>\r\n  <td class=xl6822847 width=340 style='border-top:none;border-left:none;\r\n  width:255pt'>Hasta el<br>\r\n    momento no<br>\r\n    se ha generdo<br>\r\n    informacion<span style='mso-spacerun:yes'>\u00a0<\/span><\/td>\r\n  <td class=xl6922847 style='border-top:none;border-left:none'><span\r\n  style='mso-spacerun:yes'>\u00a0<\/span>http:\/\/apan.hidalgo.gob.mx\/descar\r\n  gables\/DOCFRAC\/FRAC27\/FrXX VIIa1_1<\/td>\r\n  <td class=xl6822847 width=356 style='border-top:none;border-left:none;\r\n  width:267pt'>Hasta el momento no se<br>\r\n    ha generdo informacion<\/td>\r\n  <td class=xl6922847 style='border-top:none;border-left:none'>Hasta el momento\r\n  no se ha generdo informacion<\/td>\r\n  <td class=xl7022847 style='border-top:none;border-left:none'><a\r\n  href=\"http:\/\/apan.hidalgo.gob.mx\/descargables\/DOCFRAC\/\">http:\/\/apan.hidalgo.gob.mx\/descargables\/DOCFRAC\/<\/a><\/td>\r\n  <td class=xl7122847 width=596 style='border-top:none;border-left:none;\r\n  width:447pt'><a\r\n  href=\"http:\/\/apan.hidalgo.gob.mx\/descargables\/DOCFRAC\/FRAC27\/FrXXVIIa1_1\">http:\/\/apan.hidalgo.gob.mx\/descargables\/DOCFRAC\/FRAC27\/FrXXVIIa1_1<br>\r\n    <\/a><\/td>\r\n  <td class=xl7122847 width=567 style='border-top:none;border-left:none;\r\n  width:425pt'><a\r\n  href=\"http:\/\/apan.hidalgo.gob.mx\/descargables\/DOCFRAC\/FRAC27\/FrXXVIIa1_1\">http:\/\/apan.hidalgo.gob.mx\/descargables\/DOCFRAC\/FRAC27\/FrXXVIIa1_1<span\r\n  style='mso-spacerun:yes'>\u00a0<\/span><\/a><\/td>\r\n  <td class=xl7222847 style='border-top:none;border-left:none'>18-dic-17<\/td>\r\n  <td class=xl7322847 style='border-top:none;border-left:none'><span\r\n  style='mso-spacerun:yes'>\u00a0<\/span>coordinacion de turismo<\/td>\r\n  <td class=xl6922847 style='border-top:none;border-left:none'>2017<\/td>\r\n  <td class=xl7222847 style='border-top:none;border-left:none'>18-abr-17<\/td>\r\n  <td class=xl6822847 width=512 style='border-top:none;border-left:none;\r\n  width:384pt'>Se sube la informacion del segundo trimestre de 2017 elaborada\r\n  por el anterior titular del area, para su correccion se levantara el acta\r\n  correspondiente a la mayor brevedad.<span style='mso-spacerun:yes'>\u00a0\r\n  <\/span>Los espacios en blanco son informacion que anterior titular no subi\u00f3.<\/td>\r\n <\/tr>\r\n <![if supportMisalignedColumns]>\r\n <tr height=0 style='display:none'>\r\n  <td width=56 style='width:42pt'><\/td>\r\n  <td width=181 style='width:136pt'><\/td>\r\n  <td width=402 style='width:302pt'><\/td>\r\n  <td width=249 style='width:187pt'><\/td>\r\n  <td width=211 style='width:158pt'><\/td>\r\n  <td width=374 style='width:281pt'><\/td>\r\n  <td width=399 style='width:299pt'><\/td>\r\n  <td width=312 style='width:234pt'><\/td>\r\n  <td width=409 style='width:307pt'><\/td>\r\n  <td width=343 style='width:257pt'><\/td>\r\n  <td width=374 style='width:281pt'><\/td>\r\n  <td width=360 style='width:270pt'><\/td>\r\n  <td width=231 style='width:173pt'><\/td>\r\n  <td width=340 style='width:255pt'><\/td>\r\n  <td width=542 style='width:407pt'><\/td>\r\n  <td width=356 style='width:267pt'><\/td>\r\n  <td width=382 style='width:287pt'><\/td>\r\n  <td width=430 style='width:323pt'><\/td>\r\n  <td width=596 style='width:447pt'><\/td>\r\n  <td width=567 style='width:425pt'><\/td>\r\n  <td width=123 style='width:92pt'><\/td>\r\n  <td width=267 style='width:200pt'><\/td>\r\n  <td width=93 style='width:70pt'><\/td>\r\n  <td width=214 style='width:161pt'><\/td>\r\n  <td width=512 style='width:384pt'><\/td>\r\n <\/tr>\r\n <![endif]>\r\n<\/table>\r\n\r\n<\/div>\r\n\r\n\t\t<\/div>\n\t\t\t\t<\/div>\n\t\t\t\t<div class=\"elementor-element elementor-element-peywccx elementor-widget elementor-widget-button\" data-id=\"peywccx\" data-element_type=\"widget\" data-widget_type=\"button.default\">\n\t\t\t\t<div class=\"elementor-widget-container\">\n\t\t\t\t\t<div class=\"elementor-button-wrapper\">\n\t\t\t<a href=\"https:\/\/www.apan.gob.mx\/descargables\/transparencia\/articulo69\/fraccion27\/2017_2\/turismo\/a69_f27.xlsx\" class=\"elementor-button-link elementor-button elementor-size-sm\" role=\"button\">\n\t\t\t\t\t\t<span class=\"elementor-button-content-wrapper\">\n\t\t\t\t\t\t<span class=\"elementor-button-text\">Descargar<\/span>\n\t\t<\/span>\n\t\t\t\t\t<\/a>\n\t\t<\/div>\n\t\t\t\t<\/div>\n\t\t\t\t<\/div>\n\t\t\t\t<div class=\"elementor-element elementor-element-wvixdqq elementor-widget elementor-widget-heading\" data-id=\"wvixdqq\" data-element_type=\"widget\" data-widget_type=\"heading.default\">\n\t\t\t\t<div class=\"elementor-widget-container\">\n\t\t\t<h2 class=\"elementor-heading-title elementor-size-small\">Fecha en que se subi\u00f3 la informaci\u00f3n: 24-enero-19<\/h2>\t\t<\/div>\n\t\t\t\t<\/div>\n\t\t\t\t\t\t<\/div>\n\t\t\t\t\t<\/div>\n\t\t<\/div>\n\t\t\t\t\t\t\t\t<\/div>\n\t\t\t\t\t<\/div>\n\t\t<\/section>\n\t\t\t\t\t\t\t\t\t<\/div>\n\t\t\t<\/div>\n\t\t\t\t\t<\/div>\n\t\t","protected":false},"excerpt":{"rendered":"<p>Fracci\u00f3n XXVll T\u00cdTULO NOMBRE CORTO DESCRIPCI\u00d3N FRACCI\u00d3N XXVII.- Concesiones, contratos, convenios, permisos, licencias o autorizaciones otorgados. a69_f27 Las concesiones, contratos, convenios, permisos, licencias o autorizaciones otorgados, especificando los titulares de aqu\u00e9llos, debiendo publicarse su objeto, nombre o raz\u00f3n social del titular, vigencia, tipo, t\u00e9rminos, condiciones, monto y modificaciones, as\u00ed como si el procedimiento involucra el [&hellip;]<\/p>\n","protected":false},"author":1,"featured_media":0,"parent":0,"menu_order":0,"comment_status":"closed","ping_status":"closed","template":"page-template-full.php","meta":[],"jetpack_sharing_enabled":true,"_links":{"self":[{"href":"https:\/\/apan.gob.mx\/portal\/wp-json\/wp\/v2\/pages\/4201"}],"collection":[{"href":"https:\/\/apan.gob.mx\/portal\/wp-json\/wp\/v2\/pages"}],"about":[{"href":"https:\/\/apan.gob.mx\/portal\/wp-json\/wp\/v2\/types\/page"}],"author":[{"embeddable":true,"href":"https:\/\/apan.gob.mx\/portal\/wp-json\/wp\/v2\/users\/1"}],"replies":[{"embeddable":true,"href":"https:\/\/apan.gob.mx\/portal\/wp-json\/wp\/v2\/comments?post=4201"}],"version-history":[{"count":2,"href":"https:\/\/apan.gob.mx\/portal\/wp-json\/wp\/v2\/pages\/4201\/revisions"}],"predecessor-version":[{"id":4203,"href":"https:\/\/apan.gob.mx\/portal\/wp-json\/wp\/v2\/pages\/4201\/revisions\/4203"}],"wp:attachment":[{"href":"https:\/\/apan.gob.mx\/portal\/wp-json\/wp\/v2\/media?parent=4201"}],"curies":[{"name":"wp","href":"https:\/\/api.w.org\/{rel}","templated":true}]}}