{"id":4206,"date":"2019-01-25T15:54:40","date_gmt":"2019-01-25T15:54:40","guid":{"rendered":"https:\/\/apan.gob.mx\/portal\/?page_id=4206"},"modified":"2019-01-25T15:59:39","modified_gmt":"2019-01-25T15:59:39","slug":"reglamentos_19_2017_3","status":"publish","type":"page","link":"https:\/\/apan.gob.mx\/portal\/reglamentos_19_2017_3\/","title":{"rendered":"<!--reglamentos_19_2017_3-->"},"content":{"rendered":"\t\t<div data-elementor-type=\"wp-page\" data-elementor-id=\"4206\" class=\"elementor elementor-4206 elementor-bc-flex-widget\">\n\t\t\t\t\t\t<section class=\"has_ae_slider elementor-section elementor-top-section elementor-element elementor-element-vnnfddr elementor-section-boxed elementor-section-height-default elementor-section-height-default ae-bg-gallery-type-default\" data-id=\"vnnfddr\" data-element_type=\"section\" data-e-type=\"section\">\n\t\t\t\t\t\t<div class=\"elementor-container elementor-column-gap-default\">\n\t\t\t\t\t<div class=\"has_ae_slider elementor-column elementor-col-100 elementor-top-column elementor-element elementor-element-iefwexl ae-bg-gallery-type-default\" data-id=\"iefwexl\" data-element_type=\"column\" data-e-type=\"column\">\n\t\t\t<div class=\"elementor-widget-wrap elementor-element-populated\">\n\t\t\t\t\t\t<div class=\"elementor-element elementor-element-yhwoxfg elementor-widget elementor-widget-heading\" data-id=\"yhwoxfg\" data-element_type=\"widget\" data-e-type=\"widget\" data-widget_type=\"heading.default\">\n\t\t\t\t<div class=\"elementor-widget-container\">\n\t\t\t\t\t<h2 class=\"elementor-heading-title elementor-size-medium\">Fracci\u00f3n XlX<\/h2>\t\t\t\t<\/div>\n\t\t\t\t<\/div>\n\t\t\t\t<div class=\"elementor-element elementor-element-tyktmwk elementor-widget elementor-widget-html\" data-id=\"tyktmwk\" data-element_type=\"widget\" data-e-type=\"widget\" data-widget_type=\"html.default\">\n\t\t\t\t<div class=\"elementor-widget-container\">\n\t\t\t\t\t<style id=\"Formato FRACCI\u00d3N XIX_3577_Styles\">\r\n<!--table\r\n\t{mso-displayed-decimal-separator:\"\\.\";\r\n\tmso-displayed-thousand-separator:\"\\,\";}\r\n.xl153577\r\n\t{padding-top:1px;\r\n\tpadding-right:1px;\r\n\tpadding-left:1px;\r\n\tmso-ignore:padding;\r\n\tcolor:windowtext;\r\n\tfont-size:10.0pt;\r\n\tfont-weight:400;\r\n\tfont-style:normal;\r\n\ttext-decoration:none;\r\n\tfont-family:Arial;\r\n\tmso-generic-font-family:auto;\r\n\tmso-font-charset:0;\r\n\tmso-number-format:General;\r\n\ttext-align:general;\r\n\tvertical-align:bottom;\r\n\tmso-background-source:auto;\r\n\tmso-pattern:auto;\r\n\twhite-space:nowrap;}\r\n.xl653577\r\n\t{padding-top:1px;\r\n\tpadding-right:1px;\r\n\tpadding-left:1px;\r\n\tmso-ignore:padding;\r\n\tcolor:windowtext;\r\n\tfont-size:10.0pt;\r\n\tfont-weight:400;\r\n\tfont-style:normal;\r\n\ttext-decoration:none;\r\n\tfont-family:Arial;\r\n\tmso-generic-font-family:auto;\r\n\tmso-font-charset:0;\r\n\tmso-number-format:General;\r\n\ttext-align:center;\r\n\tvertical-align:middle;\r\n\tmso-background-source:auto;\r\n\tmso-pattern:auto;\r\n\twhite-space:nowrap;}\r\n.xl663577\r\n\t{padding-top:1px;\r\n\tpadding-right:1px;\r\n\tpadding-left:1px;\r\n\tmso-ignore:padding;\r\n\tcolor:white;\r\n\tfont-size:11.0pt;\r\n\tfont-weight:700;\r\n\tfont-style:normal;\r\n\ttext-decoration:none;\r\n\tfont-family:Arial;\r\n\tmso-generic-font-family:auto;\r\n\tmso-font-charset:0;\r\n\tmso-number-format:General;\r\n\ttext-align:center;\r\n\tvertical-align:middle;\r\n\tborder:.5pt solid black;\r\n\tbackground:#333333;\r\n\tmso-pattern:black none;\r\n\twhite-space:nowrap;}\r\n.xl673577\r\n\t{padding-top:1px;\r\n\tpadding-right:1px;\r\n\tpadding-left:1px;\r\n\tmso-ignore:padding;\r\n\tcolor:black;\r\n\tfont-size:10.0pt;\r\n\tfont-weight:400;\r\n\tfont-style:normal;\r\n\ttext-decoration:none;\r\n\tfont-family:Arial;\r\n\tmso-generic-font-family:auto;\r\n\tmso-font-charset:0;\r\n\tmso-number-format:General;\r\n\ttext-align:center;\r\n\tvertical-align:middle;\r\n\tborder:.5pt solid black;\r\n\tbackground:#E1E1E1;\r\n\tmso-pattern:black none;\r\n\twhite-space:nowrap;}\r\n.xl683577\r\n\t{padding-top:1px;\r\n\tpadding-right:1px;\r\n\tpadding-left:1px;\r\n\tmso-ignore:padding;\r\n\tcolor:black;\r\n\tfont-size:10.0pt;\r\n\tfont-weight:400;\r\n\tfont-style:normal;\r\n\ttext-decoration:none;\r\n\tfont-family:Arial;\r\n\tmso-generic-font-family:auto;\r\n\tmso-font-charset:0;\r\n\tmso-number-format:General;\r\n\ttext-align:center;\r\n\tvertical-align:middle;\r\n\tborder-top:.5pt solid black;\r\n\tborder-right:.5pt solid black;\r\n\tborder-bottom:none;\r\n\tborder-left:.5pt solid black;\r\n\tbackground:#E1E1E1;\r\n\tmso-pattern:black none;\r\n\twhite-space:nowrap;}\r\n.xl693577\r\n\t{padding-top:1px;\r\n\tpadding-right:1px;\r\n\tpadding-left:1px;\r\n\tmso-ignore:padding;\r\n\tcolor:windowtext;\r\n\tfont-size:10.0pt;\r\n\tfont-weight:400;\r\n\tfont-style:normal;\r\n\ttext-decoration:none;\r\n\tfont-family:Arial;\r\n\tmso-generic-font-family:auto;\r\n\tmso-font-charset:0;\r\n\tmso-number-format:General;\r\n\ttext-align:center;\r\n\tvertical-align:middle;\r\n\tborder:.5pt solid windowtext;\r\n\tbackground:white;\r\n\tmso-pattern:black none;\r\n\twhite-space:nowrap;}\r\n.xl703577\r\n\t{padding-top:1px;\r\n\tpadding-right:1px;\r\n\tpadding-left:1px;\r\n\tmso-ignore:padding;\r\n\tcolor:#0563C1;\r\n\tfont-size:10.0pt;\r\n\tfont-weight:400;\r\n\tfont-style:normal;\r\n\ttext-decoration:underline;\r\n\ttext-underline-style:single;\r\n\tfont-family:Arial;\r\n\tmso-generic-font-family:auto;\r\n\tmso-font-charset:0;\r\n\tmso-number-format:General;\r\n\ttext-align:center;\r\n\tvertical-align:middle;\r\n\tborder:.5pt solid windowtext;\r\n\tbackground:white;\r\n\tmso-pattern:black none;\r\n\twhite-space:nowrap;}\r\n.xl713577\r\n\t{padding-top:1px;\r\n\tpadding-right:1px;\r\n\tpadding-left:1px;\r\n\tmso-ignore:padding;\r\n\tcolor:windowtext;\r\n\tfont-size:10.0pt;\r\n\tfont-weight:400;\r\n\tfont-style:normal;\r\n\ttext-decoration:none;\r\n\tfont-family:Arial;\r\n\tmso-generic-font-family:auto;\r\n\tmso-font-charset:0;\r\n\tmso-number-format:\"Short Date\";\r\n\ttext-align:center;\r\n\tvertical-align:middle;\r\n\tborder:.5pt solid windowtext;\r\n\tbackground:white;\r\n\tmso-pattern:black none;\r\n\twhite-space:nowrap;}\r\n-->\r\n<\/style>\r\n<\/head>\r\n\r\n<body>\r\n<!--[if !excel]>&nbsp;&nbsp;<![endif]-->\r\n<!--La siguiente informaci\u00f3n se gener\u00f3 mediante el Asistente para publicar como\r\np\u00e1gina web de Microsoft Excel.-->\r\n<!--Si se vuelve a publicar el mismo elemento desde Excel, se reemplazar\u00e1 toda\r\nla informaci\u00f3n comprendida entre las etiquetas DIV.-->\r\n<!----------------------------->\r\n<!--INICIO DE LOS RESULTADOS DEL ASISTENTE PARA PUBLICAR COMO P\u00c1GINA WEB DE\r\nEXCEL -->\r\n<!----------------------------->\r\n\r\n<div id=\"Formato FRACCI\u00d3N XIX_3577\" align=center x:publishsource=\"Excel\">\r\n\r\n<table border=0 cellpadding=0 cellspacing=0 width=7952 style='border-collapse:\r\n collapse;table-layout:fixed;width:5967pt'>\r\n <col width=179 style='mso-width-source:userset;mso-width-alt:6546;width:134pt'>\r\n <col width=223 style='mso-width-source:userset;mso-width-alt:8155;width:167pt'>\r\n <col width=478 style='mso-width-source:userset;mso-width-alt:17481;width:359pt'>\r\n <col width=309 style='mso-width-source:userset;mso-width-alt:11300;width:232pt'>\r\n <col width=187 style='mso-width-source:userset;mso-width-alt:6838;width:140pt'>\r\n <col width=305 style='mso-width-source:userset;mso-width-alt:11154;width:229pt'>\r\n <col width=196 style='mso-width-source:userset;mso-width-alt:7168;width:147pt'>\r\n <col width=700 style='mso-width-source:userset;mso-width-alt:25600;width:525pt'>\r\n <col width=245 style='mso-width-source:userset;mso-width-alt:8960;width:184pt'>\r\n <col width=226 style='mso-width-source:userset;mso-width-alt:8265;width:170pt'>\r\n <col width=370 style='mso-width-source:userset;mso-width-alt:13531;width:278pt'>\r\n <col width=656 style='mso-width-source:userset;mso-width-alt:23990;width:492pt'>\r\n <col width=396 style='mso-width-source:userset;mso-width-alt:14482;width:297pt'>\r\n <col width=640 style='mso-width-source:userset;mso-width-alt:23405;width:480pt'>\r\n <col width=332 style='mso-width-source:userset;mso-width-alt:12141;width:249pt'>\r\n <col width=264 style='mso-width-source:userset;mso-width-alt:9654;width:198pt'>\r\n <col width=712 style='mso-width-source:userset;mso-width-alt:26038;width:534pt'>\r\n <col width=788 style='mso-width-source:userset;mso-width-alt:28818;width:591pt'>\r\n <col width=162 style='mso-width-source:userset;mso-width-alt:5924;width:122pt'>\r\n <col width=246 style='mso-width-source:userset;mso-width-alt:8996;width:185pt'>\r\n <col width=67 style='mso-width-source:userset;mso-width-alt:2450;width:50pt'>\r\n <col width=174 style='mso-width-source:userset;mso-width-alt:6363;width:131pt'>\r\n <col width=97 style='mso-width-source:userset;mso-width-alt:3547;width:73pt'>\r\n <tr height=0 style='display:none'>\r\n  <td class=xl653577 width=179 style='width:134pt'>35918<\/td>\r\n  <td class=xl653577 width=223 style='width:167pt'><\/td>\r\n  <td class=xl653577 width=478 style='width:359pt'><\/td>\r\n  <td class=xl653577 width=309 style='width:232pt'><\/td>\r\n  <td class=xl653577 width=187 style='width:140pt'><\/td>\r\n  <td class=xl653577 width=305 style='width:229pt'><\/td>\r\n  <td class=xl653577 width=196 style='width:147pt'><\/td>\r\n  <td class=xl653577 width=700 style='width:525pt'><\/td>\r\n  <td class=xl653577 width=245 style='width:184pt'><\/td>\r\n  <td class=xl653577 width=226 style='width:170pt'><\/td>\r\n  <td class=xl653577 width=370 style='width:278pt'><\/td>\r\n  <td class=xl653577 width=656 style='width:492pt'><\/td>\r\n  <td class=xl653577 width=396 style='width:297pt'><\/td>\r\n  <td class=xl653577 width=640 style='width:480pt'><\/td>\r\n  <td class=xl653577 width=332 style='width:249pt'><\/td>\r\n  <td class=xl653577 width=264 style='width:198pt'><\/td>\r\n  <td class=xl653577 width=712 style='width:534pt'><\/td>\r\n  <td class=xl653577 width=788 style='width:591pt'><\/td>\r\n  <td class=xl653577 width=162 style='width:122pt'><\/td>\r\n  <td class=xl653577 width=246 style='width:185pt'><\/td>\r\n  <td class=xl653577 width=67 style='width:50pt'><\/td>\r\n  <td class=xl653577 width=174 style='width:131pt'><\/td>\r\n  <td class=xl653577 width=97 style='width:73pt'><\/td>\r\n <\/tr>\r\n <tr height=20 style='height:15.0pt'>\r\n  <td height=20 class=xl663577 style='height:15.0pt'>TITULO<\/td>\r\n  <td class=xl663577 style='border-left:none'>NOMBRE CORTO<\/td>\r\n  <td class=xl663577 style='border-left:none'>DESCRIPCION<\/td>\r\n  <td class=xl653577><\/td>\r\n  <td class=xl653577><\/td>\r\n  <td class=xl653577><\/td>\r\n  <td class=xl653577><\/td>\r\n  <td class=xl653577><\/td>\r\n  <td class=xl653577><\/td>\r\n  <td class=xl653577><\/td>\r\n  <td class=xl653577><\/td>\r\n  <td class=xl653577><\/td>\r\n  <td class=xl653577><\/td>\r\n  <td class=xl653577><\/td>\r\n  <td class=xl653577><\/td>\r\n  <td class=xl653577><\/td>\r\n  <td class=xl653577><\/td>\r\n  <td class=xl653577><\/td>\r\n  <td class=xl653577><\/td>\r\n  <td class=xl653577><\/td>\r\n  <td class=xl653577><\/td>\r\n  <td class=xl653577><\/td>\r\n  <td class=xl653577><\/td>\r\n <\/tr>\r\n <tr height=17 style='height:12.75pt'>\r\n  <td height=17 class=xl673577 style='height:12.75pt;border-top:none'>FRACCI\u00d3N\r\n  XIX<\/td>\r\n  <td class=xl673577 style='border-top:none;border-left:none'>LTAIPEH69FXIX<\/td>\r\n  <td class=xl673577 style='border-top:none;border-left:none'>Los servicios que\r\n  ofrecen se\u00f1alando los requisitos para acceder a ellos;<\/td>\r\n  <td class=xl653577><\/td>\r\n  <td class=xl653577><\/td>\r\n  <td class=xl653577><\/td>\r\n  <td class=xl653577><\/td>\r\n  <td class=xl653577><\/td>\r\n  <td class=xl653577><\/td>\r\n  <td class=xl653577><\/td>\r\n  <td class=xl653577><\/td>\r\n  <td class=xl653577><\/td>\r\n  <td class=xl653577><\/td>\r\n  <td class=xl653577><\/td>\r\n  <td class=xl653577><\/td>\r\n  <td class=xl653577><\/td>\r\n  <td class=xl653577><\/td>\r\n  <td class=xl653577><\/td>\r\n  <td class=xl653577><\/td>\r\n  <td class=xl653577><\/td>\r\n  <td class=xl653577><\/td>\r\n  <td class=xl653577><\/td>\r\n  <td class=xl653577><\/td>\r\n <\/tr>\r\n <tr height=0 style='display:none'>\r\n  <td class=xl653577>1<\/td>\r\n  <td class=xl653577>2<\/td>\r\n  <td class=xl653577>2<\/td>\r\n  <td class=xl653577>2<\/td>\r\n  <td class=xl653577>9<\/td>\r\n  <td class=xl653577>2<\/td>\r\n  <td class=xl653577>2<\/td>\r\n  <td class=xl653577>7<\/td>\r\n  <td class=xl653577>1<\/td>\r\n  <td class=xl653577>10<\/td>\r\n  <td class=xl653577>1<\/td>\r\n  <td class=xl653577>2<\/td>\r\n  <td class=xl653577>10<\/td>\r\n  <td class=xl653577>2<\/td>\r\n  <td class=xl653577>2<\/td>\r\n  <td class=xl653577>10<\/td>\r\n  <td class=xl653577>7<\/td>\r\n  <td class=xl653577>7<\/td>\r\n  <td class=xl653577>4<\/td>\r\n  <td class=xl653577>1<\/td>\r\n  <td class=xl653577>12<\/td>\r\n  <td class=xl653577>13<\/td>\r\n  <td class=xl653577>14<\/td>\r\n <\/tr>\r\n <tr height=0 style='display:none'>\r\n  <td class=xl653577>235490<\/td>\r\n  <td class=xl653577>235493<\/td>\r\n  <td class=xl653577>235492<\/td>\r\n  <td class=xl653577>235495<\/td>\r\n  <td class=xl653577>235504<\/td>\r\n  <td class=xl653577>235496<\/td>\r\n  <td class=xl653577>235497<\/td>\r\n  <td class=xl653577>235503<\/td>\r\n  <td class=xl653577>235488<\/td>\r\n  <td class=xl653577>235505<\/td>\r\n  <td class=xl653577>235489<\/td>\r\n  <td class=xl653577>235498<\/td>\r\n  <td class=xl653577>235506<\/td>\r\n  <td class=xl653577>235494<\/td>\r\n  <td class=xl653577>235499<\/td>\r\n  <td class=xl653577>235507<\/td>\r\n  <td class=xl653577>235502<\/td>\r\n  <td class=xl653577>235501<\/td>\r\n  <td class=xl653577>235500<\/td>\r\n  <td class=xl653577>235491<\/td>\r\n  <td class=xl653577>235508<\/td>\r\n  <td class=xl653577>235509<\/td>\r\n  <td class=xl653577>235510<\/td>\r\n <\/tr>\r\n <tr height=20 style='height:15.0pt'>\r\n  <td colspan=23 height=20 class=xl663577 style='height:15.0pt'>Tabla Campos<\/td>\r\n <\/tr>\r\n <tr height=17 style='height:12.75pt'>\r\n  <td height=17 class=xl683577 style='height:12.75pt'>Acto administrativo<\/td>\r\n  <td class=xl683577 style='border-left:none'>Denominaci\u00f3n del servicio<\/td>\r\n  <td class=xl683577 style='border-left:none'>Tipo de usuario y\/o poblaci\u00f3n\r\n  objetivo<\/td>\r\n  <td class=xl683577 style='border-left:none'>Descripci\u00f3n de los beneficios\r\n  para el usuario<\/td>\r\n  <td class=xl683577 style='border-left:none'>Modalidad del servicio<\/td>\r\n  <td class=xl683577 style='border-left:none'>Requisitos para contar con el\r\n  servicio<\/td>\r\n  <td class=xl683577 style='border-left:none'>Documentos requeridos<\/td>\r\n  <td class=xl683577 style='border-left:none'>Hiperv\u00ednculo a los formatos\r\n  respectivos<\/td>\r\n  <td class=xl683577 style='border-left:none'>Tiempo de respuesta<\/td>\r\n  <td class=xl683577 style='border-left:none'>\u00c1rea que proporciona el servicio<\/td>\r\n  <td class=xl683577 style='border-left:none'>Costo, en su caso especificar que\r\n  es gratuito<\/td>\r\n  <td class=xl683577 style='border-left:none'>Sustento legal para su cobro<\/td>\r\n  <td class=xl683577 style='border-left:none'>Lugares donde se efect\u00faa el pago<\/td>\r\n  <td class=xl683577 style='border-left:none'>Fundamento\r\n  jur\u00eddico-administrativo del servicio<\/td>\r\n  <td class=xl683577 style='border-left:none'>Derechos del usuario ante la\r\n  negativa o la falta<\/td>\r\n  <td class=xl683577 style='border-left:none'>Lugar para reportar presuntas\r\n  anomalias<\/td>\r\n  <td class=xl683577 style='border-left:none'>Hiperv\u00ednculo informaci\u00f3n\r\n  adicional del servicio<\/td>\r\n  <td class=xl683577 style='border-left:none'>Hiperv\u00ednculo al cat\u00e1logo, manual\r\n  o sistemas<span style='mso-spacerun:yes'>\u00a0<\/span><\/td>\r\n  <td class=xl683577 style='border-left:none'>Fecha de validaci\u00f3n<\/td>\r\n  <td class=xl683577 style='border-left:none'>\u00c1rea responsable de la\r\n  informaci\u00f3n<\/td>\r\n  <td class=xl683577 style='border-left:none'>A\u00f1o<\/td>\r\n  <td class=xl683577 style='border-left:none'>Fecha de actualizaci\u00f3n<\/td>\r\n  <td class=xl683577 style='border-left:none'>Nota<\/td>\r\n <\/tr>\r\n <tr height=17 style='height:12.75pt'>\r\n  <td height=17 class=xl693577 style='height:12.75pt'>informes<span\r\n  style='mso-spacerun:yes'>\u00a0<\/span><\/td>\r\n  <td class=xl693577 style='border-left:none'>informes<span\r\n  style='mso-spacerun:yes'>\u00a0<\/span><\/td>\r\n  <td class=xl693577 style='border-left:none'>publico que solicita la\r\n  informacion<\/td>\r\n  <td class=xl693577 style='border-left:none'>Dar requisitos de apertura<\/td>\r\n  <td class=xl693577 style='border-left:none'>presencial<span\r\n  style='mso-spacerun:yes'>\u00a0<\/span><\/td>\r\n  <td class=xl693577 style='border-left:none'>Acudir al area de\r\n  reglamentos<span style='mso-spacerun:yes'>\u00a0<\/span><\/td>\r\n  <td class=xl693577 style='border-left:none'>no aplica en este caso<\/td>\r\n  <td class=xl703577 style='border-left:none'><a\r\n  href=\"https:\/\/www.apan.gob.mx\/descargables\/transparencia\/articulo69\/fraccion19\/2017_3\/reglamentos\/FrXIXa1_1.pdf\">https:\/\/www.apan.gob.mx\/descargables\/transparencia\/articulo69\/fraccion19\/2017_3\/reglamentos\/FrXIXa1_1.pdf<\/a><\/td>\r\n  <td class=xl693577 style='border-left:none'>inmediata<\/td>\r\n  <td class=xl693577 style='border-left:none'>1<\/td>\r\n  <td class=xl693577 style='border-left:none'>Gratuito<\/td>\r\n  <td class=xl693577 style='border-left:none'>ART 121 LEY ORGANICA MUNICIPAL\r\n  PARA EL ESTADO DE HIDALGO Y BANDO MUNICIPAL<span\r\n  style='mso-spacerun:yes'>\u00a0<\/span><\/td>\r\n  <td class=xl693577 style='border-left:none'>SOLO ES ORIENTACION<\/td>\r\n  <td class=xl693577 style='border-left:none'>ART 121 LEY ORGANICA MUNICIPAL\r\n  PARA EL ESTADO DE HIDALGO Y BANDO MUNICIPAL<span\r\n  style='mso-spacerun:yes'>\u00a0<\/span><\/td>\r\n  <td class=xl693577 style='border-left:none'>QUEJAS Y SUGERENCIAS<\/td>\r\n  <td class=xl693577 style='border-left:none'>1<\/td>\r\n  <td class=xl703577 style='border-left:none'><a\r\n  href=\"https:\/\/www.apan.gob.mx\/descargables\/transparencia\/articulo69\/fraccion19\/2017_3\/reglamentos\/FrXIXa1_2.pdf\">https:\/\/www.apan.gob.mx\/descargables\/transparencia\/articulo69\/fraccion19\/2017_3\/reglamentos\/FrXIXa1_2.pdf<\/a><\/td>\r\n  <td class=xl703577 style='border-left:none'><a\r\n  href=\"https:\/\/www.apan.gob.mx\/descargables\/transparencia\/articulo69\/fraccion19\/2017_3\/reglamentos\/FrXIXa1_3.pdf\">https:\/\/www.apan.gob.mx\/descargables\/transparencia\/articulo69\/fraccion19\/2017_3\/reglamentos\/FrXIXa1_3.pdf<\/a><\/td>\r\n  <td class=xl713577 style='border-left:none'>&nbsp;<\/td>\r\n  <td class=xl693577 style='border-left:none'>REGLAMENTOS MUNICIPALES<\/td>\r\n  <td class=xl693577 style='border-left:none'>2017<\/td>\r\n  <td class=xl713577 style='border-left:none'>&nbsp;<\/td>\r\n  <td class=xl693577 style='border-left:none'>&nbsp;<\/td>\r\n <\/tr>\r\n <tr height=17 style='height:12.75pt'>\r\n  <td height=17 class=xl693577 style='height:12.75pt;border-top:none'>inspecciones<\/td>\r\n  <td class=xl693577 style='border-top:none;border-left:none'>inspecciones<\/td>\r\n  <td class=xl693577 style='border-top:none;border-left:none'>comerciantes<\/td>\r\n  <td class=xl693577 style='border-top:none;border-left:none'>cumplimiento del\r\n  bando municipal<\/td>\r\n  <td class=xl693577 style='border-top:none;border-left:none'>presencial<span\r\n  style='mso-spacerun:yes'>\u00a0<\/span><\/td>\r\n  <td class=xl693577 style='border-top:none;border-left:none'>Queja ciudadana<\/td>\r\n  <td class=xl693577 style='border-top:none;border-left:none'>no aplica en este\r\n  caso<\/td>\r\n  <td class=xl703577 style='border-top:none;border-left:none'><a\r\n  href=\"https:\/\/www.apan.gob.mx\/descargables\/transparencia\/articulo69\/fraccion19\/2017_3\/reglamentos\/FrXIXa2_1.pdf\">https:\/\/www.apan.gob.mx\/descargables\/transparencia\/articulo69\/fraccion19\/2017_3\/reglamentos\/FrXIXa2_1.pdf<\/a><\/td>\r\n  <td class=xl693577 style='border-top:none;border-left:none'>maximo setentay\r\n  dos horas<\/td>\r\n  <td class=xl693577 style='border-top:none;border-left:none'>2<\/td>\r\n  <td class=xl693577 style='border-top:none;border-left:none'>Gratuito<\/td>\r\n  <td class=xl693577 style='border-top:none;border-left:none'>ART 121 LEY\r\n  ORGANICA MUNICIPAL PARA EL ESTADO DE HIDALGO Y BANDO MUNICIPAL<span\r\n  style='mso-spacerun:yes'>\u00a0<\/span><\/td>\r\n  <td class=xl693577 style='border-top:none;border-left:none'>SOLO SE\r\n  INSPECCIONA<\/td>\r\n  <td class=xl693577 style='border-top:none;border-left:none'>ART 121 LEY\r\n  ORGANICA MUNICIPAL PARA EL ESTADO DE HIDALGO Y BANDO MUNICIPAL<span\r\n  style='mso-spacerun:yes'>\u00a0<\/span><\/td>\r\n  <td class=xl693577 style='border-top:none;border-left:none'>QUEJAS Y\r\n  SUGERENCIAS<\/td>\r\n  <td class=xl693577 style='border-top:none;border-left:none'>2<\/td>\r\n  <td class=xl703577 style='border-top:none;border-left:none'><a\r\n  href=\"https:\/\/www.apan.gob.mx\/descargables\/transparencia\/articulo69\/fraccion19\/2017_3\/reglamentos\/FrXIXa2_2.pdf\">https:\/\/www.apan.gob.mx\/descargables\/transparencia\/articulo69\/fraccion19\/2017_3\/reglamentos\/FrXIXa2_2.pdf<\/a><\/td>\r\n  <td class=xl703577 style='border-top:none;border-left:none'><a\r\n  href=\"https:\/\/www.apan.gob.mx\/descargables\/transparencia\/articulo69\/fraccion19\/2017_3\/reglamentos\/FrXIXa2_3.pdf\">https:\/\/www.apan.gob.mx\/descargables\/transparencia\/articulo69\/fraccion19\/2017_3\/reglamentos\/FrXIXa2_3.pdf<\/a><\/td>\r\n  <td class=xl713577 style='border-top:none;border-left:none'>&nbsp;<\/td>\r\n  <td class=xl693577 style='border-top:none;border-left:none'>REGLAMENTOS\r\n  MUNICIPALES<\/td>\r\n  <td class=xl693577 style='border-top:none;border-left:none'>2017<\/td>\r\n  <td class=xl713577 style='border-top:none;border-left:none'>&nbsp;<\/td>\r\n  <td class=xl693577 style='border-top:none;border-left:none'>&nbsp;<\/td>\r\n <\/tr>\r\n <![if supportMisalignedColumns]>\r\n <tr height=0 style='display:none'>\r\n  <td width=179 style='width:134pt'><\/td>\r\n  <td width=223 style='width:167pt'><\/td>\r\n  <td width=478 style='width:359pt'><\/td>\r\n  <td width=309 style='width:232pt'><\/td>\r\n  <td width=187 style='width:140pt'><\/td>\r\n  <td width=305 style='width:229pt'><\/td>\r\n  <td width=196 style='width:147pt'><\/td>\r\n  <td width=700 style='width:525pt'><\/td>\r\n  <td width=245 style='width:184pt'><\/td>\r\n  <td width=226 style='width:170pt'><\/td>\r\n  <td width=370 style='width:278pt'><\/td>\r\n  <td width=656 style='width:492pt'><\/td>\r\n  <td width=396 style='width:297pt'><\/td>\r\n  <td width=640 style='width:480pt'><\/td>\r\n  <td width=332 style='width:249pt'><\/td>\r\n  <td width=264 style='width:198pt'><\/td>\r\n  <td width=712 style='width:534pt'><\/td>\r\n  <td width=788 style='width:591pt'><\/td>\r\n  <td width=162 style='width:122pt'><\/td>\r\n  <td width=246 style='width:185pt'><\/td>\r\n  <td width=67 style='width:50pt'><\/td>\r\n  <td width=174 style='width:131pt'><\/td>\r\n  <td width=97 style='width:73pt'><\/td>\r\n <\/tr>\r\n <![endif]>\r\n<\/table>\r\n\r\n<\/div>\r\n\r\n\t\t\t\t<\/div>\n\t\t\t\t<\/div>\n\t\t\t\t<div class=\"elementor-element elementor-element-lzcxsbz elementor-widget elementor-widget-button\" data-id=\"lzcxsbz\" data-element_type=\"widget\" data-e-type=\"widget\" data-widget_type=\"button.default\">\n\t\t\t\t<div class=\"elementor-widget-container\">\n\t\t\t\t\t\t\t\t\t<div class=\"elementor-button-wrapper\">\n\t\t\t\t\t<a class=\"elementor-button elementor-button-link elementor-size-sm\" href=\"https:\/\/www.apan.gob.mx\/descargables\/transparencia\/articulo69\/fraccion19\/2017_3\/reglamentos\/FormatoFRACCIONXIX.xls\">\n\t\t\t\t\t\t<span class=\"elementor-button-content-wrapper\">\n\t\t\t\t\t\t\t\t\t<span class=\"elementor-button-text\">Descargar<\/span>\n\t\t\t\t\t<\/span>\n\t\t\t\t\t<\/a>\n\t\t\t\t<\/div>\n\t\t\t\t\t\t\t\t<\/div>\n\t\t\t\t<\/div>\n\t\t\t\t<div class=\"elementor-element elementor-element-ouahjlw elementor-widget elementor-widget-heading\" data-id=\"ouahjlw\" data-element_type=\"widget\" data-e-type=\"widget\" data-widget_type=\"heading.default\">\n\t\t\t\t<div class=\"elementor-widget-container\">\n\t\t\t\t\t<h2 class=\"elementor-heading-title elementor-size-small\">Fecha en que se subi\u00f3 la informaci\u00f3n: 25-enero-19<\/h2>\t\t\t\t<\/div>\n\t\t\t\t<\/div>\n\t\t\t\t\t<\/div>\n\t\t<\/div>\n\t\t\t\t\t<\/div>\n\t\t<\/section>\n\t\t\t\t<\/div>\n\t\t","protected":false},"excerpt":{"rendered":"<p>Fracci\u00f3n XlX 35918 TITULO NOMBRE CORTO DESCRIPCION FRACCI\u00d3N XIX LTAIPEH69FXIX Los servicios que ofrecen se\u00f1alando los requisitos para acceder a ellos; 1 2 2 2 9 2 2 7 1 10 1 2 10 2 2 10 7 7 4 1 12 13 14 235490 235493 235492 235495 235504 235496 235497 235503 235488 235505 235489 [&hellip;]<\/p>\n","protected":false},"author":1,"featured_media":0,"parent":0,"menu_order":0,"comment_status":"closed","ping_status":"closed","template":"page-template-full.php","meta":{"footnotes":""},"class_list":["post-4206","page","type-page","status-publish","hentry"],"jetpack_sharing_enabled":true,"_links":{"self":[{"href":"https:\/\/apan.gob.mx\/portal\/wp-json\/wp\/v2\/pages\/4206","targetHints":{"allow":["GET"]}}],"collection":[{"href":"https:\/\/apan.gob.mx\/portal\/wp-json\/wp\/v2\/pages"}],"about":[{"href":"https:\/\/apan.gob.mx\/portal\/wp-json\/wp\/v2\/types\/page"}],"author":[{"embeddable":true,"href":"https:\/\/apan.gob.mx\/portal\/wp-json\/wp\/v2\/users\/1"}],"replies":[{"embeddable":true,"href":"https:\/\/apan.gob.mx\/portal\/wp-json\/wp\/v2\/comments?post=4206"}],"version-history":[{"count":2,"href":"https:\/\/apan.gob.mx\/portal\/wp-json\/wp\/v2\/pages\/4206\/revisions"}],"predecessor-version":[{"id":4208,"href":"https:\/\/apan.gob.mx\/portal\/wp-json\/wp\/v2\/pages\/4206\/revisions\/4208"}],"wp:attachment":[{"href":"https:\/\/apan.gob.mx\/portal\/wp-json\/wp\/v2\/media?parent=4206"}],"curies":[{"name":"wp","href":"https:\/\/api.w.org\/{rel}","templated":true}]}}