{"id":4974,"date":"2019-05-27T13:47:17","date_gmt":"2019-05-27T18:47:17","guid":{"rendered":"https:\/\/apan.gob.mx\/portal\/?page_id=4974"},"modified":"2019-05-27T14:30:11","modified_gmt":"2019-05-27T19:30:11","slug":"4974-2","status":"publish","type":"page","link":"https:\/\/apan.gob.mx\/portal\/1-trimestre-2019\/4974-2\/","title":{"rendered":"<!--transparencia_13_2019_1-->"},"content":{"rendered":"\t\t<div data-elementor-type=\"wp-page\" data-elementor-id=\"4974\" class=\"elementor elementor-4974 elementor-bc-flex-widget\">\n\t\t\t\t\t\t<section class=\"has_ae_slider elementor-section elementor-top-section elementor-element elementor-element-bumasel elementor-section-boxed elementor-section-height-default elementor-section-height-default ae-bg-gallery-type-default\" data-id=\"bumasel\" data-element_type=\"section\" data-e-type=\"section\">\n\t\t\t\t\t\t<div class=\"elementor-container elementor-column-gap-default\">\n\t\t\t\t\t<div class=\"has_ae_slider elementor-column elementor-col-100 elementor-top-column elementor-element elementor-element-lqvvulu ae-bg-gallery-type-default\" data-id=\"lqvvulu\" data-element_type=\"column\" data-e-type=\"column\">\n\t\t\t<div class=\"elementor-widget-wrap elementor-element-populated\">\n\t\t\t\t\t\t<div class=\"elementor-element elementor-element-sgaycpq elementor-widget elementor-widget-heading\" data-id=\"sgaycpq\" data-element_type=\"widget\" data-e-type=\"widget\" data-widget_type=\"heading.default\">\n\t\t\t\t<div class=\"elementor-widget-container\">\n\t\t\t\t\t<h2 class=\"elementor-heading-title elementor-size-medium\">Fracci\u00f3n XIII<\/h2>\t\t\t\t<\/div>\n\t\t\t\t<\/div>\n\t\t\t\t<div class=\"elementor-element elementor-element-udjjvei elementor-widget elementor-widget-html\" data-id=\"udjjvei\" data-element_type=\"widget\" data-e-type=\"widget\" data-widget_type=\"html.default\">\n\t\t\t\t<div class=\"elementor-widget-container\">\n\t\t\t\t\t<html xmlns:v=\"urn:schemas-microsoft-com:vml\"\r\nxmlns:o=\"urn:schemas-microsoft-com:office:office\"\r\nxmlns:x=\"urn:schemas-microsoft-com:office:excel\"\r\nxmlns=\"http:\/\/www.w3.org\/TR\/REC-html40\">\r\n\r\n<head>\r\n<meta http-equiv=Content-Type content=\"text\/html; charset=windows-1252\">\r\n<meta name=ProgId content=Excel.Sheet>\r\n<meta name=Generator content=\"Microsoft Excel 14\">\r\n<link rel=File-List href=\"a69_f13_archivos\/filelist.xml\">\r\n<style id=\"a69_f13_3187_Styles\"><!--table\r\n\t{mso-displayed-decimal-separator:\"\\.\";\r\n\tmso-displayed-thousand-separator:\"\\,\";}\r\n.xl153187\r\n\t{padding:0px;\r\n\tmso-ignore:padding;\r\n\tcolor:black;\r\n\tfont-size:11.0pt;\r\n\tfont-weight:400;\r\n\tfont-style:normal;\r\n\ttext-decoration:none;\r\n\tfont-family:Calibri, sans-serif;\r\n\tmso-font-charset:0;\r\n\tmso-number-format:General;\r\n\ttext-align:general;\r\n\tvertical-align:bottom;\r\n\tmso-background-source:auto;\r\n\tmso-pattern:auto;\r\n\twhite-space:nowrap;}\r\n.xl653187\r\n\t{padding:0px;\r\n\tmso-ignore:padding;\r\n\tcolor:black;\r\n\tfont-size:10.0pt;\r\n\tfont-weight:400;\r\n\tfont-style:normal;\r\n\ttext-decoration:none;\r\n\tfont-family:Arial;\r\n\tmso-generic-font-family:auto;\r\n\tmso-font-charset:0;\r\n\tmso-number-format:General;\r\n\ttext-align:center;\r\n\tvertical-align:bottom;\r\n\tborder:.5pt solid windowtext;\r\n\tbackground:#E1E1E1;\r\n\tmso-pattern:black none;\r\n\twhite-space:normal;}\r\n.xl663187\r\n\t{padding:0px;\r\n\tmso-ignore:padding;\r\n\tcolor:black;\r\n\tfont-size:11.0pt;\r\n\tfont-weight:400;\r\n\tfont-style:normal;\r\n\ttext-decoration:none;\r\n\tfont-family:Calibri, sans-serif;\r\n\tmso-font-charset:0;\r\n\tmso-number-format:General;\r\n\ttext-align:general;\r\n\tvertical-align:bottom;\r\n\tborder:.5pt solid windowtext;\r\n\tmso-background-source:auto;\r\n\tmso-pattern:auto;\r\n\twhite-space:nowrap;}\r\n.xl673187\r\n\t{padding:0px;\r\n\tmso-ignore:padding;\r\n\tcolor:black;\r\n\tfont-size:11.0pt;\r\n\tfont-weight:400;\r\n\tfont-style:normal;\r\n\ttext-decoration:none;\r\n\tfont-family:Calibri, sans-serif;\r\n\tmso-font-charset:0;\r\n\tmso-number-format:\"Short Date\";\r\n\ttext-align:general;\r\n\tvertical-align:bottom;\r\n\tborder:.5pt solid windowtext;\r\n\tmso-background-source:auto;\r\n\tmso-pattern:auto;\r\n\twhite-space:nowrap;}\r\n.xl683187\r\n\t{padding:0px;\r\n\tmso-ignore:padding;\r\n\tcolor:blue;\r\n\tfont-size:11.0pt;\r\n\tfont-weight:400;\r\n\tfont-style:normal;\r\n\ttext-decoration:underline;\r\n\ttext-underline-style:single;\r\n\tfont-family:Calibri, sans-serif;\r\n\tmso-font-charset:0;\r\n\tmso-number-format:General;\r\n\ttext-align:general;\r\n\tvertical-align:bottom;\r\n\tborder:.5pt solid windowtext;\r\n\tmso-background-source:auto;\r\n\tmso-pattern:auto;\r\n\twhite-space:nowrap;}\r\n.xl693187\r\n\t{padding:0px;\r\n\tmso-ignore:padding;\r\n\tcolor:white;\r\n\tfont-size:11.0pt;\r\n\tfont-weight:700;\r\n\tfont-style:normal;\r\n\ttext-decoration:none;\r\n\tfont-family:Arial;\r\n\tmso-generic-font-family:auto;\r\n\tmso-font-charset:0;\r\n\tmso-number-format:General;\r\n\ttext-align:center;\r\n\tvertical-align:bottom;\r\n\tborder:.5pt solid windowtext;\r\n\tbackground:#333333;\r\n\tmso-pattern:black none;\r\n\twhite-space:normal;}\r\n.xl703187\r\n\t{padding:0px;\r\n\tmso-ignore:padding;\r\n\tcolor:black;\r\n\tfont-size:10.0pt;\r\n\tfont-weight:400;\r\n\tfont-style:normal;\r\n\ttext-decoration:none;\r\n\tfont-family:Arial;\r\n\tmso-generic-font-family:auto;\r\n\tmso-font-charset:0;\r\n\tmso-number-format:General;\r\n\ttext-align:general;\r\n\tvertical-align:bottom;\r\n\tborder:.5pt solid windowtext;\r\n\tbackground:#E1E1E1;\r\n\tmso-pattern:black none;\r\n\twhite-space:nowrap;}\r\n--><\/style>\r\n<!--[if !mso]>\r\n<style>\r\nv\\:* {behavior:url(#default#VML);}\r\no\\:* {behavior:url(#default#VML);}\r\nx\\:* {behavior:url(#default#VML);}\r\n.shape {behavior:url(#default#VML);}\r\n<\/style>\r\n<![endif]--><\/head>\r\n\r\n<body>\r\n<!--[if !excel]>&nbsp;&nbsp;<![endif]-->\r\n<!--La siguiente informaci\u00f3n se gener\u00f3 mediante el Asistente para publicar como\r\np\u00e1gina web de Microsoft Excel.-->\r\n<!--Si se vuelve a publicar el mismo elemento desde Excel, se reemplazar\u00e1 toda\r\nla informaci\u00f3n comprendida entre las etiquetas DIV.-->\r\n<!----------------------------->\r\n<!--INICIO DE LOS RESULTADOS DEL ASISTENTE PARA PUBLICAR COMO P\u00c1GINA WEB DE\r\nEXCEL -->\r\n<!----------------------------->\r\n\r\n<div id=\"a69_f13_3187\" align=center x:publishsource=\"Excel\">\r\n\r\n<table border=0 cellpadding=0 cellspacing=0 width=6198 style='border-collapse:\r\n collapse;table-layout:fixed;width:4652pt'>\r\n <col width=56 style='mso-width-source:userset;mso-width-alt:2048;width:42pt'>\r\n <col width=141 span=3 style='mso-width-source:userset;mso-width-alt:5156;\r\n width:106pt'>\r\n <col width=182 style='mso-width-source:userset;mso-width-alt:6656;width:137pt'>\r\n <col width=72 style='mso-width-source:userset;mso-width-alt:2633;width:54pt'>\r\n <col width=106 style='mso-width-source:userset;mso-width-alt:3876;width:80pt'>\r\n <col width=132 style='mso-width-source:userset;mso-width-alt:4827;width:99pt'>\r\n <col width=95 style='mso-width-source:userset;mso-width-alt:3474;width:71pt'>\r\n <col width=68 style='mso-width-source:userset;mso-width-alt:2486;width:51pt'>\r\n <col width=83 style='mso-width-source:userset;mso-width-alt:3035;width:62pt'>\r\n <col width=64 style='mso-width-source:userset;mso-width-alt:2340;width:48pt'>\r\n <col width=135 style='mso-width-source:userset;mso-width-alt:4937;width:101pt'>\r\n <col width=125 style='mso-width-source:userset;mso-width-alt:4571;width:94pt'>\r\n <col width=137 style='mso-width-source:userset;mso-width-alt:5010;width:103pt'>\r\n <col width=49 style='mso-width-source:userset;mso-width-alt:1792;width:37pt'>\r\n <col width=115 style='mso-width-source:userset;mso-width-alt:4205;width:86pt'>\r\n <col width=69 style='mso-width-source:userset;mso-width-alt:2523;width:52pt'>\r\n <col width=117 style='mso-width-source:userset;mso-width-alt:4278;width:88pt'>\r\n <col width=68 style='mso-width-source:userset;mso-width-alt:2486;width:51pt'>\r\n <col width=505 style='mso-width-source:userset;mso-width-alt:18468;width:379pt'>\r\n <col width=230 style='mso-width-source:userset;mso-width-alt:8411;width:173pt'>\r\n <col width=1479 style='mso-width-source:userset;mso-width-alt:54089;\r\n width:1109pt'>\r\n <col width=301 style='mso-width-source:userset;mso-width-alt:11008;width:226pt'>\r\n <col width=430 style='mso-width-source:userset;mso-width-alt:15725;width:323pt'>\r\n <col width=360 style='mso-width-source:userset;mso-width-alt:13165;width:270pt'>\r\n <col width=123 style='mso-width-source:userset;mso-width-alt:4498;width:92pt'>\r\n <col width=140 style='mso-width-source:userset;mso-width-alt:5120;width:105pt'>\r\n <col width=534 style='mso-width-source:userset;mso-width-alt:19529;width:401pt'>\r\n <tr height=0 style='display:none'>\r\n  <td class=xl153187 width=56 style='width:42pt'>44241<\/td>\r\n  <td class=xl153187 width=141 style='width:106pt'><\/td>\r\n  <td class=xl153187 width=141 style='width:106pt'><\/td>\r\n  <td class=xl153187 width=141 style='width:106pt'><\/td>\r\n  <td class=xl153187 width=182 style='width:137pt'><\/td>\r\n  <td class=xl153187 width=72 style='width:54pt'><\/td>\r\n  <td class=xl153187 width=106 style='width:80pt'><\/td>\r\n  <td class=xl153187 width=132 style='width:99pt'><\/td>\r\n  <td class=xl153187 width=95 style='width:71pt'><\/td>\r\n  <td class=xl153187 width=68 style='width:51pt'><\/td>\r\n  <td class=xl153187 width=83 style='width:62pt'><\/td>\r\n  <td class=xl153187 width=64 style='width:48pt'><\/td>\r\n  <td class=xl153187 width=135 style='width:101pt'><\/td>\r\n  <td class=xl153187 width=125 style='width:94pt'><\/td>\r\n  <td class=xl153187 width=137 style='width:103pt'><\/td>\r\n  <td class=xl153187 width=49 style='width:37pt'><\/td>\r\n  <td class=xl153187 width=115 style='width:86pt'><\/td>\r\n  <td class=xl153187 width=69 style='width:52pt'><\/td>\r\n  <td class=xl153187 width=117 style='width:88pt'><\/td>\r\n  <td class=xl153187 width=68 style='width:51pt'><\/td>\r\n  <td class=xl153187 width=505 style='width:379pt'><\/td>\r\n  <td class=xl153187 width=230 style='width:173pt'><\/td>\r\n  <td class=xl153187 width=1479 style='width:1109pt'><\/td>\r\n  <td class=xl153187 width=301 style='width:226pt'><\/td>\r\n  <td class=xl153187 width=430 style='width:323pt'><\/td>\r\n  <td class=xl153187 width=360 style='width:270pt'><\/td>\r\n  <td class=xl153187 width=123 style='width:92pt'><\/td>\r\n  <td class=xl153187 width=140 style='width:105pt'><\/td>\r\n  <td class=xl153187 width=534 style='width:401pt'><\/td>\r\n <\/tr>\r\n <tr height=20 style='height:15.0pt'>\r\n  <td colspan=3 height=20 class=xl693187 width=338 style='height:15.0pt;\r\n  width:254pt'>T\u00cdTULO<\/td>\r\n  <td colspan=3 class=xl693187 width=395 style='width:297pt'>NOMBRE CORTO<\/td>\r\n  <td colspan=3 class=xl693187 width=333 style='width:250pt'>DESCRIPCI\u00d3N<\/td>\r\n  <td class=xl153187><\/td>\r\n  <td class=xl153187><\/td>\r\n  <td class=xl153187><\/td>\r\n  <td class=xl153187><\/td>\r\n  <td class=xl153187><\/td>\r\n  <td class=xl153187><\/td>\r\n  <td class=xl153187><\/td>\r\n  <td class=xl153187><\/td>\r\n  <td class=xl153187><\/td>\r\n  <td class=xl153187><\/td>\r\n  <td class=xl153187><\/td>\r\n  <td class=xl153187><\/td>\r\n  <td class=xl153187><\/td>\r\n  <td class=xl153187><\/td>\r\n  <td class=xl153187><\/td>\r\n  <td class=xl153187><\/td>\r\n  <td class=xl153187><\/td>\r\n  <td class=xl153187><\/td>\r\n  <td class=xl153187><\/td>\r\n  <td class=xl153187><\/td>\r\n <\/tr>\r\n <tr height=20 style='height:15.0pt'>\r\n  <td colspan=3 height=20 class=xl703187 style='height:15.0pt'>Unidad de\r\n  Transparencia (UT)<\/td>\r\n  <td colspan=3 class=xl703187>a69_f13<\/td>\r\n  <td colspan=3 class=xl703187>La informaci\u00f3n necesaria para que las personas\r\n  puedan establecer contacto y comunicaci\u00f3n con la respectiva Unidad de\r\n  Transparencia (UT) del sujeto obligado, incluyendo datos generales de los\r\n  responsables de la UT as\u00ed como el domicilio oficial y direcci\u00f3n electr\u00f3nica\r\n  en la cual se podr\u00e1n recibir solicitudes de informaci\u00f3n p\u00fablica.<\/td>\r\n  <td class=xl153187><\/td>\r\n  <td class=xl153187><\/td>\r\n  <td class=xl153187><\/td>\r\n  <td class=xl153187><\/td>\r\n  <td class=xl153187><\/td>\r\n  <td class=xl153187><\/td>\r\n  <td class=xl153187><\/td>\r\n  <td class=xl153187><\/td>\r\n  <td class=xl153187><\/td>\r\n  <td class=xl153187><\/td>\r\n  <td class=xl153187><\/td>\r\n  <td class=xl153187><\/td>\r\n  <td class=xl153187><\/td>\r\n  <td class=xl153187><\/td>\r\n  <td class=xl153187><\/td>\r\n  <td class=xl153187><\/td>\r\n  <td class=xl153187><\/td>\r\n  <td class=xl153187><\/td>\r\n  <td class=xl153187><\/td>\r\n  <td class=xl153187><\/td>\r\n <\/tr>\r\n <tr height=0 style='display:none'>\r\n  <td class=xl153187>1<\/td>\r\n  <td class=xl153187>4<\/td>\r\n  <td class=xl153187>4<\/td>\r\n  <td class=xl153187>9<\/td>\r\n  <td class=xl153187>1<\/td>\r\n  <td class=xl153187>1<\/td>\r\n  <td class=xl153187>1<\/td>\r\n  <td class=xl153187>9<\/td>\r\n  <td class=xl153187>2<\/td>\r\n  <td class=xl153187>1<\/td>\r\n  <td class=xl153187>2<\/td>\r\n  <td class=xl153187>1<\/td>\r\n  <td class=xl153187>2<\/td>\r\n  <td class=xl153187>1<\/td>\r\n  <td class=xl153187>9<\/td>\r\n  <td class=xl153187>1<\/td>\r\n  <td class=xl153187>1<\/td>\r\n  <td class=xl153187>1<\/td>\r\n  <td class=xl153187>1<\/td>\r\n  <td class=xl153187>1<\/td>\r\n  <td class=xl153187>1<\/td>\r\n  <td class=xl153187>1<\/td>\r\n  <td class=xl153187>2<\/td>\r\n  <td class=xl153187>7<\/td>\r\n  <td class=xl153187>10<\/td>\r\n  <td class=xl153187>2<\/td>\r\n  <td class=xl153187>4<\/td>\r\n  <td class=xl153187>13<\/td>\r\n  <td class=xl153187>14<\/td>\r\n <\/tr>\r\n <tr height=0 style='display:none'>\r\n  <td class=xl153187>350456<\/td>\r\n  <td class=xl153187>350457<\/td>\r\n  <td class=xl153187>350458<\/td>\r\n  <td class=xl153187>350450<\/td>\r\n  <td class=xl153187>350473<\/td>\r\n  <td class=xl153187>350468<\/td>\r\n  <td class=xl153187>350469<\/td>\r\n  <td class=xl153187>350451<\/td>\r\n  <td class=xl153187>350446<\/td>\r\n  <td class=xl153187>350466<\/td>\r\n  <td class=xl153187>350447<\/td>\r\n  <td class=xl153187>350467<\/td>\r\n  <td class=xl153187>350445<\/td>\r\n  <td class=xl153187>350474<\/td>\r\n  <td class=xl153187>350455<\/td>\r\n  <td class=xl153187>350470<\/td>\r\n  <td class=xl153187>350463<\/td>\r\n  <td class=xl153187>350464<\/td>\r\n  <td class=xl153187>350471<\/td>\r\n  <td class=xl153187>350461<\/td>\r\n  <td class=xl153187>350472<\/td>\r\n  <td class=xl153187>350465<\/td>\r\n  <td class=xl153187>350462<\/td>\r\n  <td class=xl153187>350449<\/td>\r\n  <td class=xl153187>350452<\/td>\r\n  <td class=xl153187>350460<\/td>\r\n  <td class=xl153187>350448<\/td>\r\n  <td class=xl153187>350459<\/td>\r\n  <td class=xl153187>350454<\/td>\r\n <\/tr>\r\n <tr height=20 style='height:15.0pt'>\r\n  <td colspan=29 height=20 class=xl693187 width=6198 style='height:15.0pt;\r\n  width:4652pt'>Tabla Campos<\/td>\r\n <\/tr>\r\n <tr height=52 style='height:39.0pt'>\r\n  <td height=52 class=xl653187 width=56 style='height:39.0pt;width:42pt'>Ejercicio<\/td>\r\n  <td class=xl653187 width=141 style='border-left:none;width:106pt'>Fecha de\r\n  inicio del periodo que se informa<\/td>\r\n  <td class=xl653187 width=141 style='border-left:none;width:106pt'>Fecha de\r\n  t\u00e9rmino del periodo que se informa<\/td>\r\n  <td class=xl653187 width=141 style='border-left:none;width:106pt'>Tipo de\r\n  vialidad (cat\u00e1logo)<\/td>\r\n  <td class=xl653187 width=182 style='border-left:none;width:137pt'>Nombre\r\n  vialidad<\/td>\r\n  <td class=xl653187 width=72 style='border-left:none;width:54pt'>N\u00famero\r\n  exterior<\/td>\r\n  <td class=xl653187 width=106 style='border-left:none;width:80pt'>N\u00famero\r\n  interior, en su caso<\/td>\r\n  <td class=xl653187 width=132 style='border-left:none;width:99pt'>Tipo de\r\n  asentamiento (cat\u00e1logo)<\/td>\r\n  <td class=xl653187 width=95 style='border-left:none;width:71pt'>Nombre del\r\n  asentamiento<\/td>\r\n  <td class=xl653187 width=68 style='border-left:none;width:51pt'>Clave de la\r\n  localidad<\/td>\r\n  <td class=xl653187 width=83 style='border-left:none;width:62pt'>Nombre de la\r\n  localidad<\/td>\r\n  <td class=xl653187 width=64 style='border-left:none;width:48pt'>Clave del\r\n  municipio<\/td>\r\n  <td class=xl653187 width=135 style='border-left:none;width:101pt'>Nombre del\r\n  municipio o delegaci\u00f3n<\/td>\r\n  <td class=xl653187 width=125 style='border-left:none;width:94pt'>Clave de la\r\n  entidad federativa<\/td>\r\n  <td class=xl653187 width=137 style='border-left:none;width:103pt'>Nombre de\r\n  la entidad federativa (cat\u00e1logo)<\/td>\r\n  <td class=xl653187 width=49 style='border-left:none;width:37pt'>C\u00f3digo Postal<\/td>\r\n  <td class=xl653187 width=115 style='border-left:none;width:86pt'>N\u00famero\r\n  telef\u00f3nico oficial 1<\/td>\r\n  <td class=xl653187 width=69 style='border-left:none;width:52pt'>Extensi\u00f3n\r\n  telef\u00f3nica<\/td>\r\n  <td class=xl653187 width=117 style='border-left:none;width:88pt'>N\u00famero\r\n  telef\u00f3nico oficial 2<\/td>\r\n  <td class=xl653187 width=68 style='border-left:none;width:51pt'>Extensi\u00f3n\r\n  telef\u00f3nica<\/td>\r\n  <td class=xl653187 width=505 style='border-left:none;width:379pt'>Horario de\r\n  atenci\u00f3n de la Unidad de Transparencia<\/td>\r\n  <td class=xl653187 width=230 style='border-left:none;width:173pt'>Correo\r\n  electr\u00f3nico oficial<\/td>\r\n  <td class=xl653187 width=1479 style='border-left:none;width:1109pt'>Nota que\r\n  indique que se reciben solicitudes de informaci\u00f3n p\u00fablica<\/td>\r\n  <td class=xl653187 width=301 style='border-left:none;width:226pt'>Hiperv\u00ednculo\r\n  a la direcci\u00f3n electr\u00f3nica del sistema<\/td>\r\n  <td class=xl653187 width=430 style='border-left:none;width:323pt'>Nombre y\r\n  cargos del personal habilitado en la Unidad de Transparencia <br>\r\n    Tabla_350452<\/td>\r\n  <td class=xl653187 width=360 style='border-left:none;width:270pt'>\u00c1rea(s)\r\n  responsable(s) que genera(n), posee(n), publica(n) y actualizan la\r\n  informaci\u00f3n<\/td>\r\n  <td class=xl653187 width=123 style='border-left:none;width:92pt'>Fecha de\r\n  validaci\u00f3n<\/td>\r\n  <td class=xl653187 width=140 style='border-left:none;width:105pt'>Fecha de\r\n  actualizaci\u00f3n<\/td>\r\n  <td class=xl653187 width=534 style='border-left:none;width:401pt'>Nota<\/td>\r\n <\/tr>\r\n <tr height=20 style='height:15.0pt'>\r\n  <td height=20 class=xl663187 align=right style='height:15.0pt;border-top:\r\n  none'>2019<\/td>\r\n  <td class=xl673187 align=right style='border-top:none;border-left:none'>01\/01\/2019<\/td>\r\n  <td class=xl673187 align=right style='border-top:none;border-left:none'>31\/03\/2019<\/td>\r\n  <td class=xl663187 style='border-top:none;border-left:none'>Calle<\/td>\r\n  <td class=xl663187 style='border-top:none;border-left:none'>Zaragoza<span\r\n  style='mso-spacerun:yes'>\u00a0\u00a0\u00a0\u00a0 <\/span>norte<\/td>\r\n  <td class=xl663187 align=right style='border-top:none;border-left:none'>6<\/td>\r\n  <td class=xl663187 style='border-top:none;border-left:none'>&nbsp;<\/td>\r\n  <td class=xl663187 style='border-top:none;border-left:none'>Ciudad<\/td>\r\n  <td class=xl663187 style='border-top:none;border-left:none'>Apan<\/td>\r\n  <td class=xl663187 align=right style='border-top:none;border-left:none'>1<\/td>\r\n  <td class=xl663187 style='border-top:none;border-left:none'>Apan<\/td>\r\n  <td class=xl663187 align=right style='border-top:none;border-left:none'>8<\/td>\r\n  <td class=xl663187 style='border-top:none;border-left:none'>Apan<\/td>\r\n  <td class=xl663187 align=right style='border-top:none;border-left:none'>13<\/td>\r\n  <td class=xl663187 style='border-top:none;border-left:none'>Hidalgo<\/td>\r\n  <td class=xl663187 align=right style='border-top:none;border-left:none'>43900<\/td>\r\n  <td class=xl663187 align=right style='border-top:none;border-left:none'>17489123942<\/td>\r\n  <td class=xl663187 style='border-top:none;border-left:none'>&nbsp;<\/td>\r\n  <td class=xl663187 style='border-top:none;border-left:none'>&nbsp;<\/td>\r\n  <td class=xl663187 style='border-top:none;border-left:none'>&nbsp;<\/td>\r\n  <td class=xl663187 style='border-top:none;border-left:none'>de lunes a a\r\n  viernes de 09:00 a 15:30 horas. Y sabados de 09:00 a 12:00 horas.<\/td>\r\n  <td class=xl683187 style='border-top:none;border-left:none'><a\r\n  href=\"mailto:transparencia@apan.gob.mx\">transparencia@apan.gob.mx<\/a><\/td>\r\n  <td class=xl663187 style='border-top:none;border-left:none'>domicilio oficial\r\n  de \u00e9sta, v\u00eda telef\u00f3nica, por correo postal, mensajer\u00eda, tel\u00e9grafo,\r\n  verbalmente ante el personal habilitado que las capturar\u00e1 en el sistema\r\n  electr\u00f3nico de solicitudes; o cualquier medio aprobado por el Sistema\r\n  Nacional\u201d<\/td>\r\n  <td class=xl683187 style='border-top:none;border-left:none'><a\r\n  href=\"http:\/\/infomexhidalgo.dyndns.org\/infomexhidalgo\/\">http:\/\/infomexhidalgo.dyndns.org\/infomexhida<span\r\n  style='display:none'>lgo\/<\/span><\/a><\/td>\r\n  <td class=xl663187 align=right style='border-top:none;border-left:none'>1<\/td>\r\n  <td class=xl663187 style='border-top:none;border-left:none'>Unidad de\r\n  Transparencia del Municipio de Apan, Hidalgo.<\/td>\r\n  <td class=xl673187 align=right style='border-top:none;border-left:none'>14\/01\/2019<\/td>\r\n  <td class=xl673187 align=right style='border-top:none;border-left:none'>05\/10\/2019<\/td>\r\n  <td class=xl663187 style='border-top:none;border-left:none'>En los campos\r\n  vacios no se ha generado informacion en este periodo que se informa<\/td>\r\n <\/tr>\r\n <![if supportMisalignedColumns]>\r\n <tr height=0 style='display:none'>\r\n  <td width=56 style='width:42pt'><\/td>\r\n  <td width=141 style='width:106pt'><\/td>\r\n  <td width=141 style='width:106pt'><\/td>\r\n  <td width=141 style='width:106pt'><\/td>\r\n  <td width=182 style='width:137pt'><\/td>\r\n  <td width=72 style='width:54pt'><\/td>\r\n  <td width=106 style='width:80pt'><\/td>\r\n  <td width=132 style='width:99pt'><\/td>\r\n  <td width=95 style='width:71pt'><\/td>\r\n  <td width=68 style='width:51pt'><\/td>\r\n  <td width=83 style='width:62pt'><\/td>\r\n  <td width=64 style='width:48pt'><\/td>\r\n  <td width=135 style='width:101pt'><\/td>\r\n  <td width=125 style='width:94pt'><\/td>\r\n  <td width=137 style='width:103pt'><\/td>\r\n  <td width=49 style='width:37pt'><\/td>\r\n  <td width=115 style='width:86pt'><\/td>\r\n  <td width=69 style='width:52pt'><\/td>\r\n  <td width=117 style='width:88pt'><\/td>\r\n  <td width=68 style='width:51pt'><\/td>\r\n  <td width=505 style='width:379pt'><\/td>\r\n  <td width=230 style='width:173pt'><\/td>\r\n  <td width=1479 style='width:1109pt'><\/td>\r\n  <td width=301 style='width:226pt'><\/td>\r\n  <td width=430 style='width:323pt'><\/td>\r\n  <td width=360 style='width:270pt'><\/td>\r\n  <td width=123 style='width:92pt'><\/td>\r\n  <td width=140 style='width:105pt'><\/td>\r\n  <td width=534 style='width:401pt'><\/td>\r\n <\/tr>\r\n <![endif]>\r\n<\/table>\r\n\r\n<\/div>\r\n\r\n\r\n<!----------------------------->\r\n<!--FINAL DE LOS RESULTADOS DEL ASISTENTE PARA PUBLICAR COMO P\u00c1GINA WEB DE\r\nEXCEL-->\r\n<!----------------------------->\r\n<\/body>\r\n\r\n<\/html>\r\n\r\n\t\t\t\t<\/div>\n\t\t\t\t<\/div>\n\t\t\t\t\t<\/div>\n\t\t<\/div>\n\t\t\t\t\t<\/div>\n\t\t<\/section>\n\t\t\t\t<\/div>\n\t\t","protected":false},"excerpt":{"rendered":"<p>&nbsp; Fracci\u00f3n XIII &nbsp; &lt;![if supportMisalignedColumns]&gt;&lt;![endif]&gt; 44241 T\u00cdTULO NOMBRE CORTO DESCRIPCI\u00d3N Unidad de Transparencia (UT) a69_f13 La informaci\u00f3n necesaria para que las personas puedan establecer contacto y comunicaci\u00f3n con la respectiva Unidad de Transparencia (UT) del sujeto obligado, incluyendo datos generales de los responsables de la UT as\u00ed como el domicilio oficial y direcci\u00f3n electr\u00f3nica [&hellip;]<\/p>\n","protected":false},"author":1,"featured_media":0,"parent":4731,"menu_order":0,"comment_status":"closed","ping_status":"closed","template":"page-template-full.php","meta":{"footnotes":""},"class_list":["post-4974","page","type-page","status-publish","hentry"],"jetpack_sharing_enabled":true,"_links":{"self":[{"href":"https:\/\/apan.gob.mx\/portal\/wp-json\/wp\/v2\/pages\/4974","targetHints":{"allow":["GET"]}}],"collection":[{"href":"https:\/\/apan.gob.mx\/portal\/wp-json\/wp\/v2\/pages"}],"about":[{"href":"https:\/\/apan.gob.mx\/portal\/wp-json\/wp\/v2\/types\/page"}],"author":[{"embeddable":true,"href":"https:\/\/apan.gob.mx\/portal\/wp-json\/wp\/v2\/users\/1"}],"replies":[{"embeddable":true,"href":"https:\/\/apan.gob.mx\/portal\/wp-json\/wp\/v2\/comments?post=4974"}],"version-history":[{"count":11,"href":"https:\/\/apan.gob.mx\/portal\/wp-json\/wp\/v2\/pages\/4974\/revisions"}],"predecessor-version":[{"id":4986,"href":"https:\/\/apan.gob.mx\/portal\/wp-json\/wp\/v2\/pages\/4974\/revisions\/4986"}],"up":[{"embeddable":true,"href":"https:\/\/apan.gob.mx\/portal\/wp-json\/wp\/v2\/pages\/4731"}],"wp:attachment":[{"href":"https:\/\/apan.gob.mx\/portal\/wp-json\/wp\/v2\/media?parent=4974"}],"curies":[{"name":"wp","href":"https:\/\/api.w.org\/{rel}","templated":true}]}}