{"id":5013,"date":"2019-05-28T10:22:15","date_gmt":"2019-05-28T15:22:15","guid":{"rendered":"https:\/\/apan.gob.mx\/portal\/?page_id=5013"},"modified":"2019-05-28T10:35:46","modified_gmt":"2019-05-28T15:35:46","slug":"5013-2","status":"publish","type":"page","link":"https:\/\/apan.gob.mx\/portal\/1-trimestre-2019\/5013-2\/","title":{"rendered":"<!--tesoreria_16_2019_1-->"},"content":{"rendered":"\t\t<div data-elementor-type=\"wp-page\" data-elementor-id=\"5013\" class=\"elementor elementor-5013 elementor-bc-flex-widget\">\n\t\t\t\t\t\t<section class=\"has_ae_slider elementor-section elementor-top-section elementor-element elementor-element-reeplmw elementor-section-boxed elementor-section-height-default elementor-section-height-default ae-bg-gallery-type-default\" data-id=\"reeplmw\" data-element_type=\"section\" data-e-type=\"section\">\n\t\t\t\t\t\t<div class=\"elementor-container elementor-column-gap-default\">\n\t\t\t\t\t<div class=\"has_ae_slider elementor-column elementor-col-100 elementor-top-column elementor-element elementor-element-lwymjne ae-bg-gallery-type-default\" data-id=\"lwymjne\" data-element_type=\"column\" data-e-type=\"column\">\n\t\t\t<div class=\"elementor-widget-wrap elementor-element-populated\">\n\t\t\t\t\t\t<div class=\"elementor-element elementor-element-meuggpe elementor-widget elementor-widget-heading\" data-id=\"meuggpe\" data-element_type=\"widget\" data-e-type=\"widget\" data-widget_type=\"heading.default\">\n\t\t\t\t<div class=\"elementor-widget-container\">\n\t\t\t\t\t<h2 class=\"elementor-heading-title elementor-size-medium\">Fracci\u00f3n XVI a<\/h2>\t\t\t\t<\/div>\n\t\t\t\t<\/div>\n\t\t\t\t<div class=\"elementor-element elementor-element-dsvtkqi elementor-widget elementor-widget-html\" data-id=\"dsvtkqi\" data-element_type=\"widget\" data-e-type=\"widget\" data-widget_type=\"html.default\">\n\t\t\t\t<div class=\"elementor-widget-container\">\n\t\t\t\t\t<html xmlns:o=\"urn:schemas-microsoft-com:office:office\"\r\nxmlns:x=\"urn:schemas-microsoft-com:office:excel\"\r\nxmlns=\"http:\/\/www.w3.org\/TR\/REC-html40\">\r\n\r\n<head>\r\n<meta http-equiv=Content-Type content=\"text\/html; charset=windows-1252\">\r\n<meta name=ProgId content=Excel.Sheet>\r\n<meta name=Generator content=\"Microsoft Excel 14\">\r\n<link rel=File-List\r\nhref=\"a69_f16_a%20T1%202019%20AREA%20JURIDICO_archivos\/filelist.xml\">\r\n<style id=\"a69_f16_a T1 2019 AREA JURIDICO_8069_Styles\">\r\n<!--table\r\n\t{mso-displayed-decimal-separator:\"\\.\";\r\n\tmso-displayed-thousand-separator:\"\\,\";}\r\n.xl158069\r\n\t{padding-top:1px;\r\n\tpadding-right:1px;\r\n\tpadding-left:1px;\r\n\tmso-ignore:padding;\r\n\tcolor:black;\r\n\tfont-size:11.0pt;\r\n\tfont-weight:400;\r\n\tfont-style:normal;\r\n\ttext-decoration:none;\r\n\tfont-family:Calibri, sans-serif;\r\n\tmso-font-charset:0;\r\n\tmso-number-format:General;\r\n\ttext-align:general;\r\n\tvertical-align:bottom;\r\n\tmso-background-source:auto;\r\n\tmso-pattern:auto;\r\n\twhite-space:nowrap;}\r\n.xl648069\r\n\t{padding-top:1px;\r\n\tpadding-right:1px;\r\n\tpadding-left:1px;\r\n\tmso-ignore:padding;\r\n\tcolor:black;\r\n\tfont-size:10.0pt;\r\n\tfont-weight:400;\r\n\tfont-style:normal;\r\n\ttext-decoration:none;\r\n\tfont-family:Arial, sans-serif;\r\n\tmso-font-charset:0;\r\n\tmso-number-format:General;\r\n\ttext-align:center;\r\n\tvertical-align:bottom;\r\n\tborder:.5pt solid windowtext;\r\n\tbackground:#E1E1E1;\r\n\tmso-pattern:black none;\r\n\twhite-space:normal;}\r\n.xl658069\r\n\t{padding-top:1px;\r\n\tpadding-right:1px;\r\n\tpadding-left:1px;\r\n\tmso-ignore:padding;\r\n\tcolor:black;\r\n\tfont-size:11.0pt;\r\n\tfont-weight:400;\r\n\tfont-style:normal;\r\n\ttext-decoration:none;\r\n\tfont-family:Calibri, sans-serif;\r\n\tmso-font-charset:0;\r\n\tmso-number-format:General;\r\n\ttext-align:general;\r\n\tvertical-align:bottom;\r\n\tborder:.5pt solid windowtext;\r\n\tmso-background-source:auto;\r\n\tmso-pattern:auto;\r\n\twhite-space:nowrap;}\r\n.xl668069\r\n\t{padding-top:1px;\r\n\tpadding-right:1px;\r\n\tpadding-left:1px;\r\n\tmso-ignore:padding;\r\n\tcolor:black;\r\n\tfont-size:11.0pt;\r\n\tfont-weight:400;\r\n\tfont-style:normal;\r\n\ttext-decoration:none;\r\n\tfont-family:Calibri, sans-serif;\r\n\tmso-font-charset:0;\r\n\tmso-number-format:\"Short Date\";\r\n\ttext-align:general;\r\n\tvertical-align:bottom;\r\n\tborder:.5pt solid windowtext;\r\n\tmso-background-source:auto;\r\n\tmso-pattern:auto;\r\n\twhite-space:nowrap;}\r\n.xl678069\r\n\t{padding-top:1px;\r\n\tpadding-right:1px;\r\n\tpadding-left:1px;\r\n\tmso-ignore:padding;\r\n\tcolor:blue;\r\n\tfont-size:11.0pt;\r\n\tfont-weight:400;\r\n\tfont-style:normal;\r\n\ttext-decoration:underline;\r\n\ttext-underline-style:single;\r\n\tfont-family:Calibri, sans-serif;\r\n\tmso-font-charset:0;\r\n\tmso-number-format:General;\r\n\ttext-align:general;\r\n\tvertical-align:bottom;\r\n\tborder:.5pt solid windowtext;\r\n\tmso-background-source:auto;\r\n\tmso-pattern:auto;\r\n\twhite-space:nowrap;}\r\n.xl688069\r\n\t{padding-top:1px;\r\n\tpadding-right:1px;\r\n\tpadding-left:1px;\r\n\tmso-ignore:padding;\r\n\tcolor:white;\r\n\tfont-size:11.0pt;\r\n\tfont-weight:700;\r\n\tfont-style:normal;\r\n\ttext-decoration:none;\r\n\tfont-family:Arial, sans-serif;\r\n\tmso-font-charset:0;\r\n\tmso-number-format:General;\r\n\ttext-align:center;\r\n\tvertical-align:bottom;\r\n\tborder:.5pt solid windowtext;\r\n\tbackground:#333333;\r\n\tmso-pattern:black none;\r\n\twhite-space:nowrap;}\r\n.xl698069\r\n\t{padding-top:1px;\r\n\tpadding-right:1px;\r\n\tpadding-left:1px;\r\n\tmso-ignore:padding;\r\n\tcolor:black;\r\n\tfont-size:10.0pt;\r\n\tfont-weight:400;\r\n\tfont-style:normal;\r\n\ttext-decoration:none;\r\n\tfont-family:Arial, sans-serif;\r\n\tmso-font-charset:0;\r\n\tmso-number-format:General;\r\n\ttext-align:general;\r\n\tvertical-align:bottom;\r\n\tborder:.5pt solid windowtext;\r\n\tbackground:#E1E1E1;\r\n\tmso-pattern:black none;\r\n\twhite-space:nowrap;}\r\n-->\r\n<\/style>\r\n<\/head>\r\n\r\n<body>\r\n<!--[if !excel]>&nbsp;&nbsp;<![endif]-->\r\n<!--La siguiente informaci\u00f3n se gener\u00f3 mediante el Asistente para publicar como\r\np\u00e1gina web de Microsoft Excel.-->\r\n<!--Si se vuelve a publicar el mismo elemento desde Excel, se reemplazar\u00e1 toda\r\nla informaci\u00f3n comprendida entre las etiquetas DIV.-->\r\n<!----------------------------->\r\n<!--INICIO DE LOS RESULTADOS DEL ASISTENTE PARA PUBLICAR COMO P\u00c1GINA WEB DE\r\nEXCEL -->\r\n<!----------------------------->\r\n\r\n<div id=\"a69_f16_a T1 2019 AREA JURIDICO_8069\" align=center\r\nx:publishsource=\"Excel\">\r\n\r\n<table border=0 cellpadding=0 cellspacing=0 width=3231 style='border-collapse:\r\n collapse;table-layout:fixed;width:2425pt'>\r\n <col width=56 style='mso-width-source:userset;mso-width-alt:2048;width:42pt'>\r\n <col width=158 span=2 style='mso-width-source:userset;mso-width-alt:5778;\r\n width:119pt'>\r\n <col width=167 style='mso-width-source:userset;mso-width-alt:6107;width:125pt'>\r\n <col width=294 style='mso-width-source:userset;mso-width-alt:10752;width:221pt'>\r\n <col width=763 style='mso-width-source:userset;mso-width-alt:27904;width:572pt'>\r\n <col width=167 style='mso-width-source:userset;mso-width-alt:6107;width:125pt'>\r\n <col width=178 style='mso-width-source:userset;mso-width-alt:6509;width:134pt'>\r\n <col width=694 style='mso-width-source:userset;mso-width-alt:25380;width:521pt'>\r\n <col width=277 style='mso-width-source:userset;mso-width-alt:10130;width:208pt'>\r\n <col width=123 style='mso-width-source:userset;mso-width-alt:4498;width:92pt'>\r\n <col width=140 style='mso-width-source:userset;mso-width-alt:5120;width:105pt'>\r\n <col width=56 style='mso-width-source:userset;mso-width-alt:2048;width:42pt'>\r\n <tr height=0 style='display:none'>\r\n  <td class=xl158069 width=56 style='width:42pt'>46566<\/td>\r\n  <td class=xl158069 width=158 style='width:119pt'><\/td>\r\n  <td class=xl158069 width=158 style='width:119pt'><\/td>\r\n  <td class=xl158069 width=167 style='width:125pt'><\/td>\r\n  <td class=xl158069 width=294 style='width:221pt'><\/td>\r\n  <td class=xl158069 width=763 style='width:572pt'><\/td>\r\n  <td class=xl158069 width=167 style='width:125pt'><\/td>\r\n  <td class=xl158069 width=178 style='width:134pt'><\/td>\r\n  <td class=xl158069 width=694 style='width:521pt'><\/td>\r\n  <td class=xl158069 width=277 style='width:208pt'><\/td>\r\n  <td class=xl158069 width=123 style='width:92pt'><\/td>\r\n  <td class=xl158069 width=140 style='width:105pt'><\/td>\r\n  <td class=xl158069 width=56 style='width:42pt'><\/td>\r\n <\/tr>\r\n <tr height=20 style='height:15.0pt'>\r\n  <td colspan=3 height=20 class=xl688069 style='height:15.0pt'>T\u00cdTULO<\/td>\r\n  <td colspan=3 class=xl688069>NOMBRE CORTO<\/td>\r\n  <td colspan=3 class=xl688069>DESCRIPCI\u00d3N<\/td>\r\n  <td class=xl158069><\/td>\r\n  <td class=xl158069><\/td>\r\n  <td class=xl158069><\/td>\r\n  <td class=xl158069><\/td>\r\n <\/tr>\r\n <tr height=20 style='height:15.0pt'>\r\n  <td colspan=3 height=20 class=xl698069 style='height:15.0pt'>Condiciones\r\n  generales de trabajo y sindicatos_Normatividad laboral<\/td>\r\n  <td colspan=3 class=xl698069>a69_f16_a<\/td>\r\n  <td colspan=3 class=xl698069>Se publicar\u00e1 la normatividad que regula las\r\n  relaciones laborales con el personal que trabaja en el sujeto obligado,\r\n  incluidos los contratos colectivos de trabajo del personal de base y los\r\n  contratos del personal de confianza; la normatividad laboral aplicable, las\r\n  condiciones generales de trabajo, convenio u otro documento que regule la\r\n  relaci\u00f3n laboral.<\/td>\r\n  <td class=xl158069><\/td>\r\n  <td class=xl158069><\/td>\r\n  <td class=xl158069><\/td>\r\n  <td class=xl158069><\/td>\r\n <\/tr>\r\n <tr height=0 style='display:none'>\r\n  <td class=xl158069>1<\/td>\r\n  <td class=xl158069>4<\/td>\r\n  <td class=xl158069>4<\/td>\r\n  <td class=xl158069>9<\/td>\r\n  <td class=xl158069>9<\/td>\r\n  <td class=xl158069>2<\/td>\r\n  <td class=xl158069>4<\/td>\r\n  <td class=xl158069>4<\/td>\r\n  <td class=xl158069>7<\/td>\r\n  <td class=xl158069>2<\/td>\r\n  <td class=xl158069>4<\/td>\r\n  <td class=xl158069>13<\/td>\r\n  <td class=xl158069>14<\/td>\r\n <\/tr>\r\n <tr height=0 style='display:none'>\r\n  <td class=xl158069>393581<\/td>\r\n  <td class=xl158069>393582<\/td>\r\n  <td class=xl158069>393583<\/td>\r\n  <td class=xl158069>393580<\/td>\r\n  <td class=xl158069>393578<\/td>\r\n  <td class=xl158069>393575<\/td>\r\n  <td class=xl158069>393576<\/td>\r\n  <td class=xl158069>393586<\/td>\r\n  <td class=xl158069>393587<\/td>\r\n  <td class=xl158069>393584<\/td>\r\n  <td class=xl158069>393577<\/td>\r\n  <td class=xl158069>393579<\/td>\r\n  <td class=xl158069>393585<\/td>\r\n <\/tr>\r\n <tr height=20 style='height:15.0pt'>\r\n  <td colspan=13 height=20 class=xl688069 style='height:15.0pt'>Tabla Campos<\/td>\r\n <\/tr>\r\n <tr height=52 style='height:39.0pt'>\r\n  <td height=52 class=xl648069 width=56 style='height:39.0pt;width:42pt'>Ejercicio<\/td>\r\n  <td class=xl648069 width=158 style='border-left:none;width:119pt'>Fecha de\r\n  inicio del periodo que se informa<\/td>\r\n  <td class=xl648069 width=158 style='border-left:none;width:119pt'>Fecha de\r\n  t\u00e9rmino del periodo que se informa<\/td>\r\n  <td class=xl648069 width=167 style='border-left:none;width:125pt'>Tipo de\r\n  personal (cat\u00e1logo)<\/td>\r\n  <td class=xl648069 width=294 style='border-left:none;width:221pt'>Tipo de\r\n  normatividad laboral aplicable (cat\u00e1logo)<\/td>\r\n  <td class=xl648069 width=763 style='border-left:none;width:572pt'>Denominaci\u00f3n\r\n  de las condiciones generales de trabajo, contrato, convenio o documento<\/td>\r\n  <td class=xl648069 width=167 style='border-left:none;width:125pt'>Fecha de\r\n  aprobaci\u00f3n oficial<\/td>\r\n  <td class=xl648069 width=178 style='border-left:none;width:134pt'>Fecha de\r\n  \u00faltima modificaci\u00f3n<\/td>\r\n  <td class=xl648069 width=694 style='border-left:none;width:521pt'>Hiperv\u00ednculo\r\n  al documento de condiciones Generales de Trabajo<\/td>\r\n  <td class=xl648069 width=277 style='border-left:none;width:208pt'>\u00c1rea(s)\r\n  responsable(s) que genera(n), posee(n), publica(n) y actualizan la\r\n  informaci\u00f3n<\/td>\r\n  <td class=xl648069 width=123 style='border-left:none;width:92pt'>Fecha de\r\n  validaci\u00f3n<\/td>\r\n  <td class=xl648069 width=140 style='border-left:none;width:105pt'>Fecha de\r\n  actualizaci\u00f3n<\/td>\r\n  <td class=xl648069 width=56 style='border-left:none;width:42pt'>Nota<\/td>\r\n <\/tr>\r\n <tr height=20 style='height:15.0pt'>\r\n  <td height=20 class=xl658069 align=right style='height:15.0pt;border-top:\r\n  none'>2019<\/td>\r\n  <td class=xl668069 align=right style='border-top:none;border-left:none'>01\/01\/2019<\/td>\r\n  <td class=xl668069 align=right style='border-top:none;border-left:none'>31\/03\/2019<\/td>\r\n  <td class=xl658069 style='border-top:none;border-left:none'>Confianza<\/td>\r\n  <td class=xl658069 style='border-top:none;border-left:none'>Ley Local<\/td>\r\n  <td class=xl658069 style='border-top:none;border-left:none'><span\r\n  style='mso-spacerun:yes'>\u00a0<\/span>Ley de los Trabajadores al Servicio de los\r\n  Gobiernos Estatal y Municipales, asi como de los Organismos Descentralizados<\/td>\r\n  <td class=xl668069 align=right style='border-top:none;border-left:none'>31\/12\/1987<\/td>\r\n  <td class=xl668069 align=right style='border-top:none;border-left:none'>15\/08\/2017<\/td>\r\n  <td class=xl678069 style='border-top:none;border-left:none'><a\r\n  href=\"https:\/\/www.apan.gob.mx\/descargables\/transparencia\/articulo69\/fraccion16\/2019_1\/juridico\/FrXVIa1_1.pdf\">https:\/\/www.apan.gob.mx\/descargables\/transparencia\/articulo69\/fraccion16\/2019_1\/juridico\/FrXVIa1_1.pdf<\/a><\/td>\r\n  <td class=xl658069 style='border-top:none;border-left:none'>Tesorer\u00eda\r\n  Municipal<\/td>\r\n  <td class=xl668069 align=right style='border-top:none;border-left:none'>03\/04\/2019<\/td>\r\n  <td class=xl668069 align=right style='border-top:none;border-left:none'>01\/01\/2019<\/td>\r\n  <td class=xl658069 style='border-top:none;border-left:none'>&nbsp;<\/td>\r\n <\/tr>\r\n <tr height=20 style='height:15.0pt'>\r\n  <td height=20 class=xl658069 align=right style='height:15.0pt;border-top:\r\n  none'>2019<\/td>\r\n  <td class=xl668069 align=right style='border-top:none;border-left:none'>01\/01\/2019<\/td>\r\n  <td class=xl668069 align=right style='border-top:none;border-left:none'>31\/03\/2019<\/td>\r\n  <td class=xl658069 style='border-top:none;border-left:none'>Base<\/td>\r\n  <td class=xl658069 style='border-top:none;border-left:none'>Ley Local<\/td>\r\n  <td class=xl658069 style='border-top:none;border-left:none'><span\r\n  style='mso-spacerun:yes'>\u00a0<\/span>Ley de los Trabajadores al Servicio de los\r\n  Gobiernos Estatal y Municipales, asi como de los Organismos Descentralizados<\/td>\r\n  <td class=xl668069 align=right style='border-top:none;border-left:none'>31\/12\/1987<\/td>\r\n  <td class=xl668069 align=right style='border-top:none;border-left:none'>15\/08\/2017<\/td>\r\n  <td class=xl678069 style='border-top:none;border-left:none'><a\r\n  href=\"https:\/\/www.apan.gob.mx\/descargables\/transparencia\/articulo69\/fraccion16\/2019_1\/juridico\/FrXVIa2_1.pdf\">https:\/\/www.apan.gob.mx\/descargables\/transparencia\/articulo69\/fraccion16\/2019_1\/juridico\/FrXVIa2_1.pdf<\/a><\/td>\r\n  <td class=xl658069 style='border-top:none;border-left:none'>Tesorer\u00eda\r\n  Municipal<\/td>\r\n  <td class=xl668069 align=right style='border-top:none;border-left:none'>03\/04\/2019<\/td>\r\n  <td class=xl668069 align=right style='border-top:none;border-left:none'>01\/01\/2019<\/td>\r\n  <td class=xl658069 style='border-top:none;border-left:none'>&nbsp;<\/td>\r\n <\/tr>\r\n <![if supportMisalignedColumns]>\r\n <tr height=0 style='display:none'>\r\n  <td width=56 style='width:42pt'><\/td>\r\n  <td width=158 style='width:119pt'><\/td>\r\n  <td width=158 style='width:119pt'><\/td>\r\n  <td width=167 style='width:125pt'><\/td>\r\n  <td width=294 style='width:221pt'><\/td>\r\n  <td width=763 style='width:572pt'><\/td>\r\n  <td width=167 style='width:125pt'><\/td>\r\n  <td width=178 style='width:134pt'><\/td>\r\n  <td width=694 style='width:521pt'><\/td>\r\n  <td width=277 style='width:208pt'><\/td>\r\n  <td width=123 style='width:92pt'><\/td>\r\n  <td width=140 style='width:105pt'><\/td>\r\n  <td width=56 style='width:42pt'><\/td>\r\n <\/tr>\r\n <![endif]>\r\n<\/table>\r\n\r\n<\/div>\r\n\r\n\r\n<!----------------------------->\r\n<!--FINAL DE LOS RESULTADOS DEL ASISTENTE PARA PUBLICAR COMO P\u00c1GINA WEB DE\r\nEXCEL-->\r\n<!----------------------------->\r\n<\/body>\r\n\r\n<\/html>\r\n\t\t\t\t<\/div>\n\t\t\t\t<\/div>\n\t\t\t\t\t<\/div>\n\t\t<\/div>\n\t\t\t\t\t<\/div>\n\t\t<\/section>\n\t\t\t\t<\/div>\n\t\t","protected":false},"excerpt":{"rendered":"<p>&nbsp; Fracci\u00f3n XVI a &nbsp; &lt;![if supportMisalignedColumns]&gt;&lt;![endif]&gt; 46566 T\u00cdTULO NOMBRE CORTO DESCRIPCI\u00d3N Condiciones generales de trabajo y sindicatos_Normatividad laboral a69_f16_a Se publicar\u00e1 la normatividad que regula las relaciones laborales con el personal que trabaja en el sujeto obligado, incluidos los contratos colectivos de trabajo del personal de base y los contratos del personal de confianza; [&hellip;]<\/p>\n","protected":false},"author":1,"featured_media":0,"parent":4731,"menu_order":0,"comment_status":"closed","ping_status":"closed","template":"page-template-full.php","meta":{"footnotes":""},"class_list":["post-5013","page","type-page","status-publish","hentry"],"jetpack_sharing_enabled":true,"_links":{"self":[{"href":"https:\/\/apan.gob.mx\/portal\/wp-json\/wp\/v2\/pages\/5013","targetHints":{"allow":["GET"]}}],"collection":[{"href":"https:\/\/apan.gob.mx\/portal\/wp-json\/wp\/v2\/pages"}],"about":[{"href":"https:\/\/apan.gob.mx\/portal\/wp-json\/wp\/v2\/types\/page"}],"author":[{"embeddable":true,"href":"https:\/\/apan.gob.mx\/portal\/wp-json\/wp\/v2\/users\/1"}],"replies":[{"embeddable":true,"href":"https:\/\/apan.gob.mx\/portal\/wp-json\/wp\/v2\/comments?post=5013"}],"version-history":[{"count":5,"href":"https:\/\/apan.gob.mx\/portal\/wp-json\/wp\/v2\/pages\/5013\/revisions"}],"predecessor-version":[{"id":5019,"href":"https:\/\/apan.gob.mx\/portal\/wp-json\/wp\/v2\/pages\/5013\/revisions\/5019"}],"up":[{"embeddable":true,"href":"https:\/\/apan.gob.mx\/portal\/wp-json\/wp\/v2\/pages\/4731"}],"wp:attachment":[{"href":"https:\/\/apan.gob.mx\/portal\/wp-json\/wp\/v2\/media?parent=5013"}],"curies":[{"name":"wp","href":"https:\/\/api.w.org\/{rel}","templated":true}]}}