{"id":5034,"date":"2019-05-28T11:40:49","date_gmt":"2019-05-28T16:40:49","guid":{"rendered":"https:\/\/apan.gob.mx\/portal\/?page_id=5034"},"modified":"2019-05-29T14:45:32","modified_gmt":"2019-05-29T19:45:32","slug":"5034-2","status":"publish","type":"page","link":"https:\/\/apan.gob.mx\/portal\/1-trimestre-2019\/5034-2\/","title":{"rendered":"<!--agricultura_19_2019_1-->"},"content":{"rendered":"\t\t<div data-elementor-type=\"wp-page\" data-elementor-id=\"5034\" class=\"elementor elementor-5034 elementor-bc-flex-widget\">\n\t\t\t\t\t\t<section class=\"has_ae_slider elementor-section elementor-top-section elementor-element elementor-element-mdggvac elementor-section-boxed elementor-section-height-default elementor-section-height-default ae-bg-gallery-type-default\" data-id=\"mdggvac\" data-element_type=\"section\" data-e-type=\"section\">\n\t\t\t\t\t\t<div class=\"elementor-container elementor-column-gap-default\">\n\t\t\t\t\t<div class=\"has_ae_slider elementor-column elementor-col-100 elementor-top-column elementor-element elementor-element-xhpvput ae-bg-gallery-type-default\" data-id=\"xhpvput\" data-element_type=\"column\" data-e-type=\"column\">\n\t\t\t<div class=\"elementor-widget-wrap elementor-element-populated\">\n\t\t\t\t\t\t<div class=\"elementor-element elementor-element-lodgonv elementor-widget elementor-widget-heading\" data-id=\"lodgonv\" data-element_type=\"widget\" data-e-type=\"widget\" data-widget_type=\"heading.default\">\n\t\t\t\t<div class=\"elementor-widget-container\">\n\t\t\t\t\t<h2 class=\"elementor-heading-title elementor-size-medium\">Fracci\u00f3n XlX<\/h2>\t\t\t\t<\/div>\n\t\t\t\t<\/div>\n\t\t\t\t<div class=\"elementor-element elementor-element-yvjrlav elementor-widget elementor-widget-html\" data-id=\"yvjrlav\" data-element_type=\"widget\" data-e-type=\"widget\" data-widget_type=\"html.default\">\n\t\t\t\t<div class=\"elementor-widget-container\">\n\t\t\t\t\t<html xmlns:v=\"urn:schemas-microsoft-com:vml\"\r\nxmlns:o=\"urn:schemas-microsoft-com:office:office\"\r\nxmlns:x=\"urn:schemas-microsoft-com:office:excel\"\r\nxmlns=\"http:\/\/www.w3.org\/TR\/REC-html40\">\r\n\r\n<head>\r\n<meta http-equiv=Content-Type content=\"text\/html; charset=windows-1252\">\r\n<meta name=ProgId content=Excel.Sheet>\r\n<meta name=Generator content=\"Microsoft Excel 14\">\r\n<link rel=File-List href=\"a69_f19_archivos\/filelist.xml\">\r\n<!--[if !mso]>\r\n<style>\r\nv\\:* {behavior:url(#default#VML);}\r\no\\:* {behavior:url(#default#VML);}\r\nx\\:* {behavior:url(#default#VML);}\r\n.shape {behavior:url(#default#VML);}\r\n<\/style>\r\n<![endif]-->\r\n<style id=\"a69_f19_14491_Styles\">\r\n<!--table\r\n\t{mso-displayed-decimal-separator:\"\\.\";\r\n\tmso-displayed-thousand-separator:\"\\,\";}\r\n.xl1514491\r\n\t{padding:0px;\r\n\tmso-ignore:padding;\r\n\tcolor:black;\r\n\tfont-size:11.0pt;\r\n\tfont-weight:400;\r\n\tfont-style:normal;\r\n\ttext-decoration:none;\r\n\tfont-family:Calibri, sans-serif;\r\n\tmso-font-charset:0;\r\n\tmso-number-format:General;\r\n\ttext-align:general;\r\n\tvertical-align:bottom;\r\n\tmso-background-source:auto;\r\n\tmso-pattern:auto;\r\n\twhite-space:nowrap;}\r\n.xl6514491\r\n\t{padding:0px;\r\n\tmso-ignore:padding;\r\n\tcolor:black;\r\n\tfont-size:10.0pt;\r\n\tfont-weight:400;\r\n\tfont-style:normal;\r\n\ttext-decoration:none;\r\n\tfont-family:Arial;\r\n\tmso-generic-font-family:auto;\r\n\tmso-font-charset:0;\r\n\tmso-number-format:General;\r\n\ttext-align:center;\r\n\tvertical-align:bottom;\r\n\tborder:.5pt solid windowtext;\r\n\tbackground:#E1E1E1;\r\n\tmso-pattern:black none;\r\n\twhite-space:normal;}\r\n.xl6614491\r\n\t{padding:0px;\r\n\tmso-ignore:padding;\r\n\tcolor:white;\r\n\tfont-size:11.0pt;\r\n\tfont-weight:700;\r\n\tfont-style:normal;\r\n\ttext-decoration:none;\r\n\tfont-family:Arial;\r\n\tmso-generic-font-family:auto;\r\n\tmso-font-charset:0;\r\n\tmso-number-format:General;\r\n\ttext-align:center;\r\n\tvertical-align:bottom;\r\n\tborder:.5pt solid windowtext;\r\n\tbackground:#333333;\r\n\tmso-pattern:black none;\r\n\twhite-space:normal;}\r\n.xl6714491\r\n\t{padding:0px;\r\n\tmso-ignore:padding;\r\n\tcolor:black;\r\n\tfont-size:10.0pt;\r\n\tfont-weight:400;\r\n\tfont-style:normal;\r\n\ttext-decoration:none;\r\n\tfont-family:Arial;\r\n\tmso-generic-font-family:auto;\r\n\tmso-font-charset:0;\r\n\tmso-number-format:General;\r\n\ttext-align:general;\r\n\tvertical-align:bottom;\r\n\tborder:.5pt solid windowtext;\r\n\tbackground:#E1E1E1;\r\n\tmso-pattern:black none;\r\n\twhite-space:nowrap;}\r\n.xl6814491\r\n\t{padding:0px;\r\n\tmso-ignore:padding;\r\n\tcolor:black;\r\n\tfont-size:11.0pt;\r\n\tfont-weight:400;\r\n\tfont-style:normal;\r\n\ttext-decoration:none;\r\n\tfont-family:Calibri, sans-serif;\r\n\tmso-font-charset:0;\r\n\tmso-number-format:General;\r\n\ttext-align:general;\r\n\tvertical-align:bottom;\r\n\tborder:.5pt solid windowtext;\r\n\tmso-background-source:auto;\r\n\tmso-pattern:auto;\r\n\twhite-space:nowrap;}\r\n.xl6914491\r\n\t{padding:0px;\r\n\tmso-ignore:padding;\r\n\tcolor:black;\r\n\tfont-size:11.0pt;\r\n\tfont-weight:400;\r\n\tfont-style:normal;\r\n\ttext-decoration:none;\r\n\tfont-family:Calibri, sans-serif;\r\n\tmso-font-charset:0;\r\n\tmso-number-format:\"Short Date\";\r\n\ttext-align:general;\r\n\tvertical-align:bottom;\r\n\tborder:.5pt solid windowtext;\r\n\tmso-background-source:auto;\r\n\tmso-pattern:auto;\r\n\twhite-space:nowrap;}\r\n.xl7014491\r\n\t{padding:0px;\r\n\tmso-ignore:padding;\r\n\tcolor:#0563C1;\r\n\tfont-size:11.0pt;\r\n\tfont-weight:400;\r\n\tfont-style:normal;\r\n\ttext-decoration:underline;\r\n\ttext-underline-style:single;\r\n\tfont-family:Calibri, sans-serif;\r\n\tmso-font-charset:0;\r\n\tmso-number-format:General;\r\n\ttext-align:general;\r\n\tvertical-align:bottom;\r\n\tborder:.5pt solid windowtext;\r\n\tmso-background-source:auto;\r\n\tmso-pattern:auto;\r\n\twhite-space:nowrap;}\r\n-->\r\n<\/style>\r\n<\/head>\r\n\r\n<body>\r\n<!--[if !excel]>&nbsp;&nbsp;<![endif]-->\r\n<!--La siguiente informaci\u00f3n se gener\u00f3 mediante el Asistente para publicar como\r\np\u00e1gina web de Microsoft Excel.-->\r\n<!--Si se vuelve a publicar el mismo elemento desde Excel, se reemplazar\u00e1 toda\r\nla informaci\u00f3n comprendida entre las etiquetas DIV.-->\r\n<!----------------------------->\r\n<!--INICIO DE LOS RESULTADOS DEL ASISTENTE PARA PUBLICAR COMO P\u00c1GINA WEB DE\r\nEXCEL -->\r\n<!----------------------------->\r\n\r\n<div id=\"a69_f19_14491\" align=center x:publishsource=\"Excel\">\r\n\r\n<table border=0 cellpadding=0 cellspacing=0 width=7924 style='border-collapse:\r\n collapse;table-layout:fixed;width:5945pt'>\r\n <col width=56 style='mso-width-source:userset;mso-width-alt:2048;width:42pt'>\r\n <col width=183 span=2 style='mso-width-source:userset;mso-width-alt:6692;\r\n width:137pt'>\r\n <col width=161 style='mso-width-source:userset;mso-width-alt:5888;width:121pt'>\r\n <col width=162 style='mso-width-source:userset;mso-width-alt:5924;width:122pt'>\r\n <col width=331 style='mso-width-source:userset;mso-width-alt:12105;width:248pt'>\r\n <col width=217 style='mso-width-source:userset;mso-width-alt:7936;width:163pt'>\r\n <col width=137 style='mso-width-source:userset;mso-width-alt:5010;width:103pt'>\r\n <col width=343 style='mso-width-source:userset;mso-width-alt:12544;width:257pt'>\r\n <col width=345 style='mso-width-source:userset;mso-width-alt:12617;width:259pt'>\r\n <col width=712 style='mso-width-source:userset;mso-width-alt:26038;width:534pt'>\r\n <col width=136 style='mso-width-source:userset;mso-width-alt:4973;width:102pt'>\r\n <col width=388 style='mso-width-source:userset;mso-width-alt:14189;width:291pt'>\r\n <col width=171 style='mso-width-source:userset;mso-width-alt:6253;width:128pt'>\r\n <col width=217 style='mso-width-source:userset;mso-width-alt:7936;width:163pt'>\r\n <col width=378 style='mso-width-source:userset;mso-width-alt:13824;width:284pt'>\r\n <col width=240 style='mso-width-source:userset;mso-width-alt:8777;width:180pt'>\r\n <col width=296 style='mso-width-source:userset;mso-width-alt:10825;width:222pt'>\r\n <col width=277 style='mso-width-source:userset;mso-width-alt:10130;width:208pt'>\r\n <col width=712 span=2 style='mso-width-source:userset;mso-width-alt:26038;\r\n width:534pt'>\r\n <col width=306 style='mso-width-source:userset;mso-width-alt:11190;width:230pt'>\r\n <col width=97 style='mso-width-source:userset;mso-width-alt:3547;width:73pt'>\r\n <col width=112 style='mso-width-source:userset;mso-width-alt:4096;width:84pt'>\r\n <col width=1052 style='mso-width-source:userset;mso-width-alt:38473;\r\n width:789pt'>\r\n <tr height=0 style='display:none'>\r\n  <td class=xl1514491 width=56 style='width:42pt'>44250<\/td>\r\n  <td class=xl1514491 width=183 style='width:137pt'><\/td>\r\n  <td class=xl1514491 width=183 style='width:137pt'><\/td>\r\n  <td class=xl1514491 width=161 style='width:121pt'><\/td>\r\n  <td class=xl1514491 width=162 style='width:122pt'><\/td>\r\n  <td class=xl1514491 width=331 style='width:248pt'><\/td>\r\n  <td class=xl1514491 width=217 style='width:163pt'><\/td>\r\n  <td class=xl1514491 width=137 style='width:103pt'><\/td>\r\n  <td class=xl1514491 width=343 style='width:257pt'><\/td>\r\n  <td class=xl1514491 width=345 style='width:259pt'><\/td>\r\n  <td class=xl1514491 width=712 style='width:534pt'><\/td>\r\n  <td class=xl1514491 width=136 style='width:102pt'><\/td>\r\n  <td class=xl1514491 width=388 style='width:291pt'><\/td>\r\n  <td class=xl1514491 width=171 style='width:128pt'><\/td>\r\n  <td class=xl1514491 width=217 style='width:163pt'><\/td>\r\n  <td class=xl1514491 width=378 style='width:284pt'><\/td>\r\n  <td class=xl1514491 width=240 style='width:180pt'><\/td>\r\n  <td class=xl1514491 width=296 style='width:222pt'><\/td>\r\n  <td class=xl1514491 width=277 style='width:208pt'><\/td>\r\n  <td class=xl1514491 width=712 style='width:534pt'><\/td>\r\n  <td class=xl1514491 width=712 style='width:534pt'><\/td>\r\n  <td class=xl1514491 width=306 style='width:230pt'><\/td>\r\n  <td class=xl1514491 width=97 style='width:73pt'><\/td>\r\n  <td class=xl1514491 width=112 style='width:84pt'><\/td>\r\n  <td class=xl1514491 width=1052 style='width:789pt'><\/td>\r\n <\/tr>\r\n <tr height=20 style='height:15.0pt'>\r\n  <td colspan=3 height=20 class=xl6614491 width=422 style='height:15.0pt;\r\n  width:316pt'>T\u00cdTULO<\/td>\r\n  <td colspan=3 class=xl6614491 width=654 style='width:491pt'>NOMBRE CORTO<\/td>\r\n  <td colspan=3 class=xl6614491 width=697 style='width:523pt'>DESCRIPCI\u00d3N<\/td>\r\n  <td class=xl1514491><\/td>\r\n  <td class=xl1514491><\/td>\r\n  <td class=xl1514491><\/td>\r\n  <td class=xl1514491><\/td>\r\n  <td class=xl1514491><\/td>\r\n  <td class=xl1514491><\/td>\r\n  <td class=xl1514491><\/td>\r\n  <td class=xl1514491><\/td>\r\n  <td class=xl1514491><\/td>\r\n  <td class=xl1514491><\/td>\r\n  <td class=xl1514491><\/td>\r\n  <td class=xl1514491><\/td>\r\n  <td class=xl1514491><\/td>\r\n  <td class=xl1514491><\/td>\r\n  <td class=xl1514491><\/td>\r\n  <td class=xl1514491><\/td>\r\n <\/tr>\r\n <tr height=20 style='height:15.0pt'>\r\n  <td colspan=3 height=20 class=xl6714491 style='height:15.0pt'>Servicios\r\n  ofrecidos<\/td>\r\n  <td colspan=3 class=xl6714491>a69_f19<\/td>\r\n  <td colspan=3 class=xl6714491>La informaci\u00f3n para dar a conocer los servicios\r\n  p\u00fablicos que presta el sujeto obligado, tanto de las actividades realizadas\r\n  por la administraci\u00f3n p\u00fablica para satisfacer necesidades de la poblaci\u00f3n,\r\n  como las realizadas por los sujetos obligados que no formen parte de la\r\n  Administraci\u00f3n P\u00fablica, pero que involucren el uso de recursos p\u00fablicos. Los\r\n  servicios deben estar al alcance de la poblaci\u00f3n sin necesidad de que el \u00e9sta\r\n  los exija, como es el caso de los tr\u00e1mites.<\/td>\r\n  <td class=xl1514491><\/td>\r\n  <td class=xl1514491><\/td>\r\n  <td class=xl1514491><\/td>\r\n  <td class=xl1514491><\/td>\r\n  <td class=xl1514491><\/td>\r\n  <td class=xl1514491><\/td>\r\n  <td class=xl1514491><\/td>\r\n  <td class=xl1514491><\/td>\r\n  <td class=xl1514491><\/td>\r\n  <td class=xl1514491><\/td>\r\n  <td class=xl1514491><\/td>\r\n  <td class=xl1514491><\/td>\r\n  <td class=xl1514491><\/td>\r\n  <td class=xl1514491><\/td>\r\n  <td class=xl1514491><\/td>\r\n  <td class=xl1514491><\/td>\r\n <\/tr>\r\n <tr height=0 style='display:none'>\r\n  <td class=xl1514491>1<\/td>\r\n  <td class=xl1514491>4<\/td>\r\n  <td class=xl1514491>4<\/td>\r\n  <td class=xl1514491>2<\/td>\r\n  <td class=xl1514491>9<\/td>\r\n  <td class=xl1514491>1<\/td>\r\n  <td class=xl1514491>2<\/td>\r\n  <td class=xl1514491>1<\/td>\r\n  <td class=xl1514491>2<\/td>\r\n  <td class=xl1514491>2<\/td>\r\n  <td class=xl1514491>7<\/td>\r\n  <td class=xl1514491>1<\/td>\r\n  <td class=xl1514491>10<\/td>\r\n  <td class=xl1514491>1<\/td>\r\n  <td class=xl1514491>2<\/td>\r\n  <td class=xl1514491>2<\/td>\r\n  <td class=xl1514491>2<\/td>\r\n  <td class=xl1514491>2<\/td>\r\n  <td class=xl1514491>10<\/td>\r\n  <td class=xl1514491>7<\/td>\r\n  <td class=xl1514491>7<\/td>\r\n  <td class=xl1514491>2<\/td>\r\n  <td class=xl1514491>4<\/td>\r\n  <td class=xl1514491>13<\/td>\r\n  <td class=xl1514491>14<\/td>\r\n <\/tr>\r\n <tr height=0 style='display:none'>\r\n  <td class=xl1514491>350704<\/td>\r\n  <td class=xl1514491>350705<\/td>\r\n  <td class=xl1514491>350706<\/td>\r\n  <td class=xl1514491>350690<\/td>\r\n  <td class=xl1514491>350709<\/td>\r\n  <td class=xl1514491>350713<\/td>\r\n  <td class=xl1514491>350692<\/td>\r\n  <td class=xl1514491>350711<\/td>\r\n  <td class=xl1514491>350693<\/td>\r\n  <td class=xl1514491>350694<\/td>\r\n  <td class=xl1514491>350700<\/td>\r\n  <td class=xl1514491>350688<\/td>\r\n  <td class=xl1514491>350710<\/td>\r\n  <td class=xl1514491>350689<\/td>\r\n  <td class=xl1514491>350695<\/td>\r\n  <td class=xl1514491>350712<\/td>\r\n  <td class=xl1514491>350691<\/td>\r\n  <td class=xl1514491>350696<\/td>\r\n  <td class=xl1514491>350701<\/td>\r\n  <td class=xl1514491>350699<\/td>\r\n  <td class=xl1514491>350698<\/td>\r\n  <td class=xl1514491>350708<\/td>\r\n  <td class=xl1514491>350697<\/td>\r\n  <td class=xl1514491>350703<\/td>\r\n  <td class=xl1514491>350707<\/td>\r\n <\/tr>\r\n <tr height=20 style='height:15.0pt'>\r\n  <td colspan=25 height=20 class=xl6614491 width=7924 style='height:15.0pt;\r\n  width:5945pt'>Tabla Campos<\/td>\r\n <\/tr>\r\n <tr height=35 style='height:26.25pt'>\r\n  <td height=35 class=xl6514491 width=56 style='height:26.25pt;width:42pt'>Ejercicio<\/td>\r\n  <td class=xl6514491 width=183 style='border-left:none;width:137pt'>Fecha de\r\n  inicio del periodo que se informa<\/td>\r\n  <td class=xl6514491 width=183 style='border-left:none;width:137pt'>Fecha de\r\n  t\u00e9rmino del periodo que se informa<\/td>\r\n  <td class=xl6514491 width=161 style='border-left:none;width:121pt'>Denominaci\u00f3n\r\n  del servicio<\/td>\r\n  <td class=xl6514491 width=162 style='border-left:none;width:122pt'>Tipo de\r\n  servicio (cat\u00e1logo)<\/td>\r\n  <td class=xl6514491 width=331 style='border-left:none;width:248pt'>Tipo de\r\n  usuario y\/o poblaci\u00f3n objetivo<\/td>\r\n  <td class=xl6514491 width=217 style='border-left:none;width:163pt'>Descripci\u00f3n\r\n  del objetivo del servicio<\/td>\r\n  <td class=xl6514491 width=137 style='border-left:none;width:103pt'>Modalidad\r\n  del servicio<\/td>\r\n  <td class=xl6514491 width=343 style='border-left:none;width:257pt'>Requisitos\r\n  para obtener el servicio<\/td>\r\n  <td class=xl6514491 width=345 style='border-left:none;width:259pt'>Documentos\r\n  requeridos, en su caso<\/td>\r\n  <td class=xl6514491 width=712 style='border-left:none;width:534pt'>Hiperv\u00ednculo\r\n  a los formatos respectivo(s) publicado(s) en medio oficial<\/td>\r\n  <td class=xl6514491 width=136 style='border-left:none;width:102pt'>Tiempo de\r\n  respuesta<\/td>\r\n  <td class=xl6514491 width=388 style='border-left:none;width:291pt'>\u00c1rea en la\r\n  que se proporciona el servicio y los datos de contacto <br>\r\n    Tabla_350710<\/td>\r\n  <td class=xl6514491 width=171 style='border-left:none;width:128pt'>Costo, en\r\n  su caso especificar que es gratuito<\/td>\r\n  <td class=xl6514491 width=217 style='border-left:none;width:163pt'>Sustento\r\n  legal para su cobro<\/td>\r\n  <td class=xl6514491 width=378 style='border-left:none;width:284pt'>Lugares\r\n  donde se efect\u00faa el pago<\/td>\r\n  <td class=xl6514491 width=240 style='border-left:none;width:180pt'>Fundamento\r\n  jur\u00eddico-administrativo del servicio<\/td>\r\n  <td class=xl6514491 width=296 style='border-left:none;width:222pt'>Derechos\r\n  del usuario ante la negativa o la falta<\/td>\r\n  <td class=xl6514491 width=277 style='border-left:none;width:208pt'>Lugar para\r\n  reportar presuntas anomalias <br>\r\n    Tabla_350701<\/td>\r\n  <td class=xl6514491 width=712 style='border-left:none;width:534pt'>Hiperv\u00ednculo\r\n  informaci\u00f3n adicional del servicio<\/td>\r\n  <td class=xl6514491 width=712 style='border-left:none;width:534pt'>Hiperv\u00ednculo\r\n  al cat\u00e1logo, manual o sistemas<span style='mso-spacerun:yes'>\u00a0<\/span><\/td>\r\n  <td class=xl6514491 width=306 style='border-left:none;width:230pt'>\u00c1rea(s)\r\n  responsable(s) que genera(n), posee(n), publica(n) y actualizan la\r\n  informaci\u00f3n<\/td>\r\n  <td class=xl6514491 width=97 style='border-left:none;width:73pt'>Fecha de\r\n  validaci\u00f3n<\/td>\r\n  <td class=xl6514491 width=112 style='border-left:none;width:84pt'>Fecha de\r\n  actualizaci\u00f3n<\/td>\r\n  <td class=xl6514491 width=1052 style='border-left:none;width:789pt'>Nota<\/td>\r\n <\/tr>\r\n <tr height=20 style='height:15.0pt'>\r\n  <td height=20 class=xl6814491 align=right style='height:15.0pt;border-top:\r\n  none'>2019<\/td>\r\n  <td class=xl6914491 align=right style='border-top:none;border-left:none'>01\/01\/2019<\/td>\r\n  <td class=xl6914491 align=right style='border-top:none;border-left:none'>31\/03\/2019<\/td>\r\n  <td class=xl6814491 style='border-top:none;border-left:none'><span\r\n  style='mso-spacerun:yes'>\u00a0<\/span>Orientacion de Proyectos<span\r\n  style='display:none'> Productivos<\/span><\/td>\r\n  <td class=xl6814491 style='border-top:none;border-left:none'>Directo<\/td>\r\n  <td class=xl6814491 style='border-top:none;border-left:none'>A la poblacion\r\n  solicitante de proyectos productivos<span style='mso-spacerun:yes'>\u00a0<\/span><\/td>\r\n  <td class=xl6814491 style='border-top:none;border-left:none'>obtener<span\r\n  style='mso-spacerun:yes'>\u00a0 <\/span>un proyecto productivo<\/td>\r\n  <td class=xl6814491 style='border-top:none;border-left:none'>Presencial<\/td>\r\n  <td class=xl6814491 style='border-top:none;border-left:none'>Asistir al area\r\n  de Desarrollo Agropecuario a solicitarlo<\/td>\r\n  <td class=xl6814491 style='border-top:none;border-left:none'>INE,Curp,RFC,Comprobante\r\n  de domicilio,Formato 32d<\/td>\r\n  <td class=xl7014491 style='border-top:none;border-left:none'><a\r\n  href=\"https:\/\/www.apan.gob.mx\/descargables\/transparencia\/articulo69\/fraccion19\/2019_1\/agricultura\/FrXIXa1_1.pdf\">https:\/\/www.apan.gob.mx\/descargables\/transparencia\/articulo69\/fraccion19\/2019_1\/agricultura\/FrXIXa1_1.pdf<\/a><\/td>\r\n  <td class=xl6814491 style='border-top:none;border-left:none'>ocho meses a un\r\n  a\u00f1o<\/td>\r\n  <td class=xl6814491 align=right style='border-top:none;border-left:none'>1<\/td>\r\n  <td class=xl6814491 style='border-top:none;border-left:none'>Gratuito<\/td>\r\n  <td class=xl6814491 style='border-top:none;border-left:none'>Reglas de\r\n  Operaci\u00f3n de SAGARPA<\/td>\r\n  <td class=xl6814491 style='border-top:none;border-left:none'>devido al que el\r\n  tramite es gratuito no existe lugar de pago<\/td>\r\n  <td class=xl6814491 style='border-top:none;border-left:none'>Reglas de\r\n  Operaci\u00f3n de SAGARPA<\/td>\r\n  <td class=xl6814491 style='border-top:none;border-left:none'>Verificacion del\r\n  proyecto y Sondeo del mismo<\/td>\r\n  <td class=xl6814491 align=right style='border-top:none;border-left:none'>1<\/td>\r\n  <td class=xl7014491 style='border-top:none;border-left:none'><a\r\n  href=\"https:\/\/www.apan.gob.mx\/descargables\/transparencia\/articulo69\/fraccion19\/2019_1\/agricultura\/FrXIXa1_2.pdf\">https:\/\/www.apan.gob.mx\/descargables\/transparencia\/articulo69\/fraccion19\/2019_1\/agricultura\/FrXIXa1_2.pdf<\/a><\/td>\r\n  <td class=xl7014491 style='border-top:none;border-left:none'><a\r\n  href=\"https:\/\/www.apan.gob.mx\/descargables\/transparencia\/articulo69\/fraccion19\/2019_1\/agricultura\/FrXIXa1_3.pdf\">https:\/\/www.apan.gob.mx\/descargables\/transparencia\/articulo69\/fraccion19\/2019_1\/agricultura\/FrXIXa1_3.pdf<\/a><\/td>\r\n  <td class=xl6814491 style='border-top:none;border-left:none'><span\r\n  style='mso-spacerun:yes'>\u00a0<\/span>Desarrollo Agropecuario<\/td>\r\n  <td class=xl6914491 align=right style='border-top:none;border-left:none'>01\/04\/2019<\/td>\r\n  <td class=xl6914491 align=right style='border-top:none;border-left:none'>01\/01\/2019<\/td>\r\n  <td class=xl6814491 style='border-top:none;border-left:none'>La direccion de\r\n  desarrollo agropecuario solo orienta y gestiona proyectos los costos dependen\r\n  de cada componente<span style='mso-spacerun:yes'>\u00a0 <\/span>y programa\r\n  contenido en las reglas de operaci\u00f3n<span style='mso-spacerun:yes'>\u00a0<\/span><\/td>\r\n <\/tr>\r\n <![if supportMisalignedColumns]>\r\n <tr height=0 style='display:none'>\r\n  <td width=56 style='width:42pt'><\/td>\r\n  <td width=183 style='width:137pt'><\/td>\r\n  <td width=183 style='width:137pt'><\/td>\r\n  <td width=161 style='width:121pt'><\/td>\r\n  <td width=162 style='width:122pt'><\/td>\r\n  <td width=331 style='width:248pt'><\/td>\r\n  <td width=217 style='width:163pt'><\/td>\r\n  <td width=137 style='width:103pt'><\/td>\r\n  <td width=343 style='width:257pt'><\/td>\r\n  <td width=345 style='width:259pt'><\/td>\r\n  <td width=712 style='width:534pt'><\/td>\r\n  <td width=136 style='width:102pt'><\/td>\r\n  <td width=388 style='width:291pt'><\/td>\r\n  <td width=171 style='width:128pt'><\/td>\r\n  <td width=217 style='width:163pt'><\/td>\r\n  <td width=378 style='width:284pt'><\/td>\r\n  <td width=240 style='width:180pt'><\/td>\r\n  <td width=296 style='width:222pt'><\/td>\r\n  <td width=277 style='width:208pt'><\/td>\r\n  <td width=712 style='width:534pt'><\/td>\r\n  <td width=712 style='width:534pt'><\/td>\r\n  <td width=306 style='width:230pt'><\/td>\r\n  <td width=97 style='width:73pt'><\/td>\r\n  <td width=112 style='width:84pt'><\/td>\r\n  <td width=1052 style='width:789pt'><\/td>\r\n <\/tr>\r\n <![endif]>\r\n<\/table>\r\n\r\n<\/div>\r\n\r\n\r\n<!----------------------------->\r\n<!--FINAL DE LOS RESULTADOS DEL ASISTENTE PARA PUBLICAR COMO P\u00c1GINA WEB DE\r\nEXCEL-->\r\n<!----------------------------->\r\n<\/body>\r\n\r\n<\/html>\r\n\t\t\t\t<\/div>\n\t\t\t\t<\/div>\n\t\t\t\t\t<\/div>\n\t\t<\/div>\n\t\t\t\t\t<\/div>\n\t\t<\/section>\n\t\t\t\t<\/div>\n\t\t","protected":false},"excerpt":{"rendered":"<p>Fracci\u00f3n XlX 44250 T\u00cdTULO NOMBRE CORTO DESCRIPCI\u00d3N Servicios ofrecidos a69_f19 La informaci\u00f3n para dar a conocer los servicios p\u00fablicos que presta el sujeto obligado, tanto de las actividades realizadas por la administraci\u00f3n p\u00fablica para satisfacer necesidades de la poblaci\u00f3n, como las realizadas por los sujetos obligados que no formen parte de la Administraci\u00f3n P\u00fablica, pero [&hellip;]<\/p>\n","protected":false},"author":1,"featured_media":0,"parent":4731,"menu_order":0,"comment_status":"closed","ping_status":"closed","template":"page-template-full.php","meta":{"footnotes":""},"class_list":["post-5034","page","type-page","status-publish","hentry"],"jetpack_sharing_enabled":true,"_links":{"self":[{"href":"https:\/\/apan.gob.mx\/portal\/wp-json\/wp\/v2\/pages\/5034","targetHints":{"allow":["GET"]}}],"collection":[{"href":"https:\/\/apan.gob.mx\/portal\/wp-json\/wp\/v2\/pages"}],"about":[{"href":"https:\/\/apan.gob.mx\/portal\/wp-json\/wp\/v2\/types\/page"}],"author":[{"embeddable":true,"href":"https:\/\/apan.gob.mx\/portal\/wp-json\/wp\/v2\/users\/1"}],"replies":[{"embeddable":true,"href":"https:\/\/apan.gob.mx\/portal\/wp-json\/wp\/v2\/comments?post=5034"}],"version-history":[{"count":2,"href":"https:\/\/apan.gob.mx\/portal\/wp-json\/wp\/v2\/pages\/5034\/revisions"}],"predecessor-version":[{"id":5038,"href":"https:\/\/apan.gob.mx\/portal\/wp-json\/wp\/v2\/pages\/5034\/revisions\/5038"}],"up":[{"embeddable":true,"href":"https:\/\/apan.gob.mx\/portal\/wp-json\/wp\/v2\/pages\/4731"}],"wp:attachment":[{"href":"https:\/\/apan.gob.mx\/portal\/wp-json\/wp\/v2\/media?parent=5034"}],"curies":[{"name":"wp","href":"https:\/\/api.w.org\/{rel}","templated":true}]}}