{"id":5185,"date":"2019-05-31T03:12:56","date_gmt":"2019-05-31T08:12:56","guid":{"rendered":"https:\/\/apan.gob.mx\/portal\/?page_id=5185"},"modified":"2019-05-31T15:26:03","modified_gmt":"2019-05-31T20:26:03","slug":"5185-2","status":"publish","type":"page","link":"https:\/\/apan.gob.mx\/portal\/1-trimestre-2019\/5185-2\/","title":{"rendered":"<!--tesoreria_20_2019_1-->"},"content":{"rendered":"\t\t<div data-elementor-type=\"wp-page\" data-elementor-id=\"5185\" class=\"elementor elementor-5185 elementor-bc-flex-widget\">\n\t\t\t\t\t\t<section class=\"has_ae_slider elementor-section elementor-top-section elementor-element elementor-element-dwghkio elementor-section-boxed elementor-section-height-default elementor-section-height-default ae-bg-gallery-type-default\" data-id=\"dwghkio\" data-element_type=\"section\" data-e-type=\"section\">\n\t\t\t\t\t\t<div class=\"elementor-container elementor-column-gap-default\">\n\t\t\t\t\t<div class=\"has_ae_slider elementor-column elementor-col-100 elementor-top-column elementor-element elementor-element-ggdfdzx ae-bg-gallery-type-default\" data-id=\"ggdfdzx\" data-element_type=\"column\" data-e-type=\"column\">\n\t\t\t<div class=\"elementor-widget-wrap elementor-element-populated\">\n\t\t\t\t\t\t<div class=\"elementor-element elementor-element-icusrhn elementor-widget elementor-widget-heading\" data-id=\"icusrhn\" data-element_type=\"widget\" data-e-type=\"widget\" data-widget_type=\"heading.default\">\n\t\t\t\t<div class=\"elementor-widget-container\">\n\t\t\t\t\t<h2 class=\"elementor-heading-title elementor-size-medium\">Fracci\u00f3n XX<\/h2>\t\t\t\t<\/div>\n\t\t\t\t<\/div>\n\t\t\t\t<div class=\"elementor-element elementor-element-dpmwmor elementor-widget elementor-widget-html\" data-id=\"dpmwmor\" data-element_type=\"widget\" data-e-type=\"widget\" data-widget_type=\"html.default\">\n\t\t\t\t<div class=\"elementor-widget-container\">\n\t\t\t\t\t<html xmlns:o=\"urn:schemas-microsoft-com:office:office\"\r\nxmlns:x=\"urn:schemas-microsoft-com:office:excel\"\r\nxmlns=\"http:\/\/www.w3.org\/TR\/REC-html40\">\r\n\r\n<head>\r\n<meta http-equiv=Content-Type content=\"text\/html; charset=windows-1252\">\r\n<meta name=ProgId content=Excel.Sheet>\r\n<meta name=Generator content=\"Microsoft Excel 15\">\r\n<link rel=File-List href=\"a69_f20%20T1%202019_archivos\/filelist.xml\">\r\n<style id=\"a69_f20 T1 2019_5147_Styles\">\r\n<!--table\r\n\t{mso-displayed-decimal-separator:\"\\.\";\r\n\tmso-displayed-thousand-separator:\"\\,\";}\r\n.xl155147\r\n\t{padding-top:1px;\r\n\tpadding-right:1px;\r\n\tpadding-left:1px;\r\n\tmso-ignore:padding;\r\n\tcolor:black;\r\n\tfont-size:11.0pt;\r\n\tfont-weight:400;\r\n\tfont-style:normal;\r\n\ttext-decoration:none;\r\n\tfont-family:Calibri, sans-serif;\r\n\tmso-font-charset:0;\r\n\tmso-number-format:General;\r\n\ttext-align:general;\r\n\tvertical-align:bottom;\r\n\tmso-background-source:auto;\r\n\tmso-pattern:auto;\r\n\twhite-space:nowrap;}\r\n.xl655147\r\n\t{padding-top:1px;\r\n\tpadding-right:1px;\r\n\tpadding-left:1px;\r\n\tmso-ignore:padding;\r\n\tcolor:black;\r\n\tfont-size:10.0pt;\r\n\tfont-weight:400;\r\n\tfont-style:normal;\r\n\ttext-decoration:none;\r\n\tfont-family:Arial, sans-serif;\r\n\tmso-font-charset:0;\r\n\tmso-number-format:General;\r\n\ttext-align:center;\r\n\tvertical-align:bottom;\r\n\tborder:.5pt solid windowtext;\r\n\tbackground:#E1E1E1;\r\n\tmso-pattern:black none;\r\n\twhite-space:normal;}\r\n.xl665147\r\n\t{padding-top:1px;\r\n\tpadding-right:1px;\r\n\tpadding-left:1px;\r\n\tmso-ignore:padding;\r\n\tcolor:white;\r\n\tfont-size:11.0pt;\r\n\tfont-weight:700;\r\n\tfont-style:normal;\r\n\ttext-decoration:none;\r\n\tfont-family:Arial, sans-serif;\r\n\tmso-font-charset:0;\r\n\tmso-number-format:General;\r\n\ttext-align:center;\r\n\tvertical-align:bottom;\r\n\tborder:.5pt solid windowtext;\r\n\tbackground:#333333;\r\n\tmso-pattern:black none;\r\n\twhite-space:normal;}\r\n.xl675147\r\n\t{padding-top:1px;\r\n\tpadding-right:1px;\r\n\tpadding-left:1px;\r\n\tmso-ignore:padding;\r\n\tcolor:black;\r\n\tfont-size:10.0pt;\r\n\tfont-weight:400;\r\n\tfont-style:normal;\r\n\ttext-decoration:none;\r\n\tfont-family:Arial, sans-serif;\r\n\tmso-font-charset:0;\r\n\tmso-number-format:General;\r\n\ttext-align:general;\r\n\tvertical-align:bottom;\r\n\tborder:.5pt solid windowtext;\r\n\tbackground:#E1E1E1;\r\n\tmso-pattern:black none;\r\n\twhite-space:nowrap;}\r\n.xl685147\r\n\t{padding-top:1px;\r\n\tpadding-right:1px;\r\n\tpadding-left:1px;\r\n\tmso-ignore:padding;\r\n\tcolor:black;\r\n\tfont-size:11.0pt;\r\n\tfont-weight:400;\r\n\tfont-style:normal;\r\n\ttext-decoration:none;\r\n\tfont-family:Calibri, sans-serif;\r\n\tmso-font-charset:0;\r\n\tmso-number-format:General;\r\n\ttext-align:general;\r\n\tvertical-align:bottom;\r\n\tborder:.5pt solid windowtext;\r\n\tmso-background-source:auto;\r\n\tmso-pattern:auto;\r\n\twhite-space:nowrap;}\r\n.xl695147\r\n\t{padding-top:1px;\r\n\tpadding-right:1px;\r\n\tpadding-left:1px;\r\n\tmso-ignore:padding;\r\n\tcolor:black;\r\n\tfont-size:11.0pt;\r\n\tfont-weight:400;\r\n\tfont-style:normal;\r\n\ttext-decoration:none;\r\n\tfont-family:Calibri, sans-serif;\r\n\tmso-font-charset:0;\r\n\tmso-number-format:\"Short Date\";\r\n\ttext-align:general;\r\n\tvertical-align:bottom;\r\n\tborder:.5pt solid windowtext;\r\n\tmso-background-source:auto;\r\n\tmso-pattern:auto;\r\n\twhite-space:nowrap;}\r\n.xl705147\r\n\t{padding-top:1px;\r\n\tpadding-right:1px;\r\n\tpadding-left:1px;\r\n\tmso-ignore:padding;\r\n\tcolor:blue;\r\n\tfont-size:11.0pt;\r\n\tfont-weight:400;\r\n\tfont-style:normal;\r\n\ttext-decoration:underline;\r\n\ttext-underline-style:single;\r\n\tfont-family:Calibri, sans-serif;\r\n\tmso-font-charset:0;\r\n\tmso-number-format:General;\r\n\ttext-align:general;\r\n\tvertical-align:bottom;\r\n\tborder:.5pt solid windowtext;\r\n\tmso-background-source:auto;\r\n\tmso-pattern:auto;\r\n\twhite-space:nowrap;}\r\n-->\r\n<\/style>\r\n<\/head>\r\n\r\n<body>\r\n<!--[if !excel]>&nbsp;&nbsp;<![endif]-->\r\n<!--La siguiente informaci\u00f3n se gener\u00f3 mediante el Asistente para publicar como\r\np\u00e1gina web de Microsoft Excel.-->\r\n<!--Si se vuelve a publicar el mismo elemento desde Excel, se reemplazar\u00e1 toda\r\nla informaci\u00f3n comprendida entre las etiquetas DIV.-->\r\n<!----------------------------->\r\n<!--INICIO DE LOS RESULTADOS DEL ASISTENTE PARA PUBLICAR COMO P\u00c1GINA WEB DE\r\nEXCEL -->\r\n<!----------------------------->\r\n\r\n<div id=\"a69_f20 T1 2019_5147\" align=center x:publishsource=\"Excel\">\r\n\r\n<table border=0 cellpadding=0 cellspacing=0 width=6659 style='border-collapse:\r\n collapse;table-layout:fixed;width:4998pt'>\r\n <col width=56 style='mso-width-source:userset;mso-width-alt:2048;width:42pt'>\r\n <col width=255 style='mso-width-source:userset;mso-width-alt:9325;width:191pt'>\r\n <col width=270 style='mso-width-source:userset;mso-width-alt:9874;width:203pt'>\r\n <col width=163 style='mso-width-source:userset;mso-width-alt:5961;width:122pt'>\r\n <col width=154 style='mso-width-source:userset;mso-width-alt:5632;width:116pt'>\r\n <col width=132 style='mso-width-source:userset;mso-width-alt:4827;width:99pt'>\r\n <col width=89 style='mso-width-source:userset;mso-width-alt:3254;width:67pt'>\r\n <col width=153 style='mso-width-source:userset;mso-width-alt:5595;width:115pt'>\r\n <col width=87 style='mso-width-source:userset;mso-width-alt:3181;width:65pt'>\r\n <col width=260 style='mso-width-source:userset;mso-width-alt:9508;width:195pt'>\r\n <col width=304 style='mso-width-source:userset;mso-width-alt:11117;width:228pt'>\r\n <col width=164 style='mso-width-source:userset;mso-width-alt:5997;width:123pt'>\r\n <col width=372 style='mso-width-source:userset;mso-width-alt:13604;width:279pt'>\r\n <col width=165 style='mso-width-source:userset;mso-width-alt:6034;width:124pt'>\r\n <col width=93 style='mso-width-source:userset;mso-width-alt:3401;width:70pt'>\r\n <col width=322 style='mso-width-source:userset;mso-width-alt:11776;width:242pt'>\r\n <col width=186 style='mso-width-source:userset;mso-width-alt:6802;width:140pt'>\r\n <col width=130 style='mso-width-source:userset;mso-width-alt:4754;width:98pt'>\r\n <col width=322 style='mso-width-source:userset;mso-width-alt:11776;width:242pt'>\r\n <col width=261 style='mso-width-source:userset;mso-width-alt:9545;width:196pt'>\r\n <col width=277 style='mso-width-source:userset;mso-width-alt:10130;width:208pt'>\r\n <col width=242 style='mso-width-source:userset;mso-width-alt:8850;width:182pt'>\r\n <col width=512 style='mso-width-source:userset;mso-width-alt:18724;width:384pt'>\r\n <col width=123 style='mso-width-source:userset;mso-width-alt:4498;width:92pt'>\r\n <col width=140 style='mso-width-source:userset;mso-width-alt:5120;width:105pt'>\r\n <col width=1427 style='mso-width-source:userset;mso-width-alt:52187;\r\n width:1070pt'>\r\n <tr height=0 style='display:none'>\r\n  <td class=xl155147 width=56 style='width:42pt'>44251<\/td>\r\n  <td class=xl155147 width=255 style='width:191pt'><\/td>\r\n  <td class=xl155147 width=270 style='width:203pt'><\/td>\r\n  <td class=xl155147 width=163 style='width:122pt'><\/td>\r\n  <td class=xl155147 width=154 style='width:116pt'><\/td>\r\n  <td class=xl155147 width=132 style='width:99pt'><\/td>\r\n  <td class=xl155147 width=89 style='width:67pt'><\/td>\r\n  <td class=xl155147 width=153 style='width:115pt'><\/td>\r\n  <td class=xl155147 width=87 style='width:65pt'><\/td>\r\n  <td class=xl155147 width=260 style='width:195pt'><\/td>\r\n  <td class=xl155147 width=304 style='width:228pt'><\/td>\r\n  <td class=xl155147 width=164 style='width:123pt'><\/td>\r\n  <td class=xl155147 width=372 style='width:279pt'><\/td>\r\n  <td class=xl155147 width=165 style='width:124pt'><\/td>\r\n  <td class=xl155147 width=93 style='width:70pt'><\/td>\r\n  <td class=xl155147 width=322 style='width:242pt'><\/td>\r\n  <td class=xl155147 width=186 style='width:140pt'><\/td>\r\n  <td class=xl155147 width=130 style='width:98pt'><\/td>\r\n  <td class=xl155147 width=322 style='width:242pt'><\/td>\r\n  <td class=xl155147 width=261 style='width:196pt'><\/td>\r\n  <td class=xl155147 width=277 style='width:208pt'><\/td>\r\n  <td class=xl155147 width=242 style='width:182pt'><\/td>\r\n  <td class=xl155147 width=512 style='width:384pt'><\/td>\r\n  <td class=xl155147 width=123 style='width:92pt'><\/td>\r\n  <td class=xl155147 width=140 style='width:105pt'><\/td>\r\n  <td class=xl155147 width=1427 style='width:1070pt'><\/td>\r\n <\/tr>\r\n <tr height=20 style='height:15.0pt'>\r\n  <td colspan=3 height=20 class=xl665147 width=581 style='height:15.0pt;\r\n  width:436pt'>T\u00cdTULO<\/td>\r\n  <td colspan=3 class=xl665147 width=449 style='width:337pt'>NOMBRE CORTO<\/td>\r\n  <td colspan=3 class=xl665147 width=329 style='width:247pt'>DESCRIPCI\u00d3N<\/td>\r\n  <td class=xl155147><\/td>\r\n  <td class=xl155147><\/td>\r\n  <td class=xl155147><\/td>\r\n  <td class=xl155147><\/td>\r\n  <td class=xl155147><\/td>\r\n  <td class=xl155147><\/td>\r\n  <td class=xl155147><\/td>\r\n  <td class=xl155147><\/td>\r\n  <td class=xl155147><\/td>\r\n  <td class=xl155147><\/td>\r\n  <td class=xl155147><\/td>\r\n  <td class=xl155147><\/td>\r\n  <td class=xl155147><\/td>\r\n  <td class=xl155147><\/td>\r\n  <td class=xl155147><\/td>\r\n  <td class=xl155147><\/td>\r\n  <td class=xl155147><\/td>\r\n <\/tr>\r\n <tr height=20 style='height:15.0pt'>\r\n  <td colspan=3 height=20 class=xl675147 style='height:15.0pt'>Tr\u00e1mites\r\n  ofrecidos<\/td>\r\n  <td colspan=3 class=xl675147>a69_f20<\/td>\r\n  <td colspan=3 class=xl675147>La informaci\u00f3n relacionada con las tareas\r\n  administrativas que realizan los sujetos obligados en sus diferentes \u00e1mbitos\r\n  con el objeto de atender las peticiones que realicen los particulares ya sea\r\n  para la obtenci\u00f3n de un beneficio, o cumplir con alguna obligaci\u00f3n ante una\r\n  autoridad, de conformidad con la normatividad respecto de los tr\u00e1mites que\r\n  realizan. Generalmente \u00e9stos implican la entrega de informaci\u00f3n ante una\r\n  autoridad por parte de los particulares.<\/td>\r\n  <td class=xl155147><\/td>\r\n  <td class=xl155147><\/td>\r\n  <td class=xl155147><\/td>\r\n  <td class=xl155147><\/td>\r\n  <td class=xl155147><\/td>\r\n  <td class=xl155147><\/td>\r\n  <td class=xl155147><\/td>\r\n  <td class=xl155147><\/td>\r\n  <td class=xl155147><\/td>\r\n  <td class=xl155147><\/td>\r\n  <td class=xl155147><\/td>\r\n  <td class=xl155147><\/td>\r\n  <td class=xl155147><\/td>\r\n  <td class=xl155147><\/td>\r\n  <td class=xl155147><\/td>\r\n  <td class=xl155147><\/td>\r\n  <td class=xl155147><\/td>\r\n <\/tr>\r\n <tr height=0 style='display:none'>\r\n  <td class=xl155147>1<\/td>\r\n  <td class=xl155147>4<\/td>\r\n  <td class=xl155147>4<\/td>\r\n  <td class=xl155147>2<\/td>\r\n  <td class=xl155147>2<\/td>\r\n  <td class=xl155147>2<\/td>\r\n  <td class=xl155147>1<\/td>\r\n  <td class=xl155147>7<\/td>\r\n  <td class=xl155147>2<\/td>\r\n  <td class=xl155147>7<\/td>\r\n  <td class=xl155147>1<\/td>\r\n  <td class=xl155147>1<\/td>\r\n  <td class=xl155147>10<\/td>\r\n  <td class=xl155147>6<\/td>\r\n  <td class=xl155147>2<\/td>\r\n  <td class=xl155147>10<\/td>\r\n  <td class=xl155147>2<\/td>\r\n  <td class=xl155147>2<\/td>\r\n  <td class=xl155147>10<\/td>\r\n  <td class=xl155147>2<\/td>\r\n  <td class=xl155147>7<\/td>\r\n  <td class=xl155147>7<\/td>\r\n  <td class=xl155147>2<\/td>\r\n  <td class=xl155147>4<\/td>\r\n  <td class=xl155147>13<\/td>\r\n  <td class=xl155147>14<\/td>\r\n <\/tr>\r\n <tr height=0 style='display:none'>\r\n  <td class=xl155147>350731<\/td>\r\n  <td class=xl155147>350733<\/td>\r\n  <td class=xl155147>350732<\/td>\r\n  <td class=xl155147>350716<\/td>\r\n  <td class=xl155147>350744<\/td>\r\n  <td class=xl155147>350717<\/td>\r\n  <td class=xl155147>350715<\/td>\r\n  <td class=xl155147>350734<\/td>\r\n  <td class=xl155147>350745<\/td>\r\n  <td class=xl155147>350738<\/td>\r\n  <td class=xl155147>350735<\/td>\r\n  <td class=xl155147>350714<\/td>\r\n  <td class=xl155147>350724<\/td>\r\n  <td class=xl155147>350721<\/td>\r\n  <td class=xl155147>350719<\/td>\r\n  <td class=xl155147>350726<\/td>\r\n  <td class=xl155147>350718<\/td>\r\n  <td class=xl155147>350741<\/td>\r\n  <td class=xl155147>350725<\/td>\r\n  <td class=xl155147>350743<\/td>\r\n  <td class=xl155147>350722<\/td>\r\n  <td class=xl155147>350723<\/td>\r\n  <td class=xl155147>350737<\/td>\r\n  <td class=xl155147>350720<\/td>\r\n  <td class=xl155147>350730<\/td>\r\n  <td class=xl155147>350736<\/td>\r\n <\/tr>\r\n <tr height=20 style='height:15.0pt'>\r\n  <td colspan=26 height=20 class=xl665147 width=6659 style='height:15.0pt;\r\n  width:4998pt'>Tabla Campos<\/td>\r\n <\/tr>\r\n <tr height=52 style='height:39.0pt'>\r\n  <td height=52 class=xl655147 width=56 style='height:39.0pt;width:42pt'>Ejercicio<\/td>\r\n  <td class=xl655147 width=255 style='border-left:none;width:191pt'>Fecha de\r\n  inicio del periodo que se informa<\/td>\r\n  <td class=xl655147 width=270 style='border-left:none;width:203pt'>Fecha de\r\n  t\u00e9rmino del periodo que se informa<\/td>\r\n  <td class=xl655147 width=163 style='border-left:none;width:122pt'>Denominaci\u00f3n\r\n  del tr\u00e1mite<\/td>\r\n  <td class=xl655147 width=154 style='border-left:none;width:116pt'>Tipo de\r\n  usuario y\/o poblaci\u00f3n objetivo<\/td>\r\n  <td class=xl655147 width=132 style='border-left:none;width:99pt'>Descripci\u00f3n\r\n  del objetivo del tr\u00e1mite<\/td>\r\n  <td class=xl655147 width=89 style='border-left:none;width:67pt'>Modalidad del\r\n  tr\u00e1mite<\/td>\r\n  <td class=xl655147 width=153 style='border-left:none;width:115pt'>Hiperv\u00ednculo\r\n  a los requisitos para llevar a cabo el tr\u00e1mite<\/td>\r\n  <td class=xl655147 width=87 style='border-left:none;width:65pt'>Documentos\r\n  requeridos<\/td>\r\n  <td class=xl655147 width=260 style='border-left:none;width:195pt'>Hiperv\u00ednculo\r\n  al\/los formatos respectivos<\/td>\r\n  <td class=xl655147 width=304 style='border-left:none;width:228pt'>Tiempo de\r\n  respuesta por parte del sujeto Obligado<\/td>\r\n  <td class=xl655147 width=164 style='border-left:none;width:123pt'>Vigencia de\r\n  los resultados del tr\u00e1mite<\/td>\r\n  <td class=xl655147 width=372 style='border-left:none;width:279pt'>\u00c1rea y\r\n  datos de contacto del lugar donde se realiza el tr\u00e1mite <br>\r\n    Tabla_350724<\/td>\r\n  <td class=xl655147 width=165 style='border-left:none;width:124pt'>Costo, en\r\n  su caso, especificar que es gratuito<\/td>\r\n  <td class=xl655147 width=93 style='border-left:none;width:70pt'>Sustento\r\n  legal para su cobro<\/td>\r\n  <td class=xl655147 width=322 style='border-left:none;width:242pt'>Lugares\r\n  donde se efect\u00faa el pago <br>\r\n    Tabla_350726<\/td>\r\n  <td class=xl655147 width=186 style='border-left:none;width:140pt'>Fundamento\r\n  jur\u00eddico-administrativo del tr\u00e1mite<\/td>\r\n  <td class=xl655147 width=130 style='border-left:none;width:98pt'>Derechos del\r\n  usuario<\/td>\r\n  <td class=xl655147 width=322 style='border-left:none;width:242pt'>Lugares\r\n  para reportar presuntas anomal\u00edas <br>\r\n    Tabla_350725<\/td>\r\n  <td class=xl655147 width=261 style='border-left:none;width:196pt'>Otros\r\n  datos, en su caso, para el env\u00edo de consultas, documentos y quejas<\/td>\r\n  <td class=xl655147 width=277 style='border-left:none;width:208pt'>Hiperv\u00ednculo\r\n  informaci\u00f3n adicional del tr\u00e1mite<\/td>\r\n  <td class=xl655147 width=242 style='border-left:none;width:182pt'>Hiperv\u00ednculo\r\n  al sistema correspondiente<\/td>\r\n  <td class=xl655147 width=512 style='border-left:none;width:384pt'>\u00c1rea(s)\r\n  responsable(s) que genera(n), posee(n), publica(n) y actualizan la\r\n  informaci\u00f3n<\/td>\r\n  <td class=xl655147 width=123 style='border-left:none;width:92pt'>Fecha de\r\n  validaci\u00f3n<\/td>\r\n  <td class=xl655147 width=140 style='border-left:none;width:105pt'>Fecha de\r\n  actualizaci\u00f3n<\/td>\r\n  <td class=xl655147 width=1427 style='border-left:none;width:1070pt'>Nota<\/td>\r\n <\/tr>\r\n <tr height=20 style='height:15.0pt'>\r\n  <td height=20 class=xl685147 align=right style='height:15.0pt;border-top:\r\n  none'>2019<\/td>\r\n  <td class=xl695147 align=right style='border-top:none;border-left:none'>01\/01\/2019<\/td>\r\n  <td class=xl695147 align=right style='border-top:none;border-left:none'>31\/03\/2019<\/td>\r\n  <td class=xl685147 style='border-top:none;border-left:none'>&nbsp;<\/td>\r\n  <td class=xl685147 style='border-top:none;border-left:none'>&nbsp;<\/td>\r\n  <td class=xl685147 style='border-top:none;border-left:none'>&nbsp;<\/td>\r\n  <td class=xl685147 style='border-top:none;border-left:none'>&nbsp;<\/td>\r\n  <td class=xl705147 style='border-top:none;border-left:none'><u\r\n  style='visibility:hidden;mso-ignore:visibility'>&nbsp;<\/u><\/td>\r\n  <td class=xl685147 style='border-top:none;border-left:none'>&nbsp;<\/td>\r\n  <td class=xl705147 style='border-top:none;border-left:none'><u\r\n  style='visibility:hidden;mso-ignore:visibility'>&nbsp;<\/u><\/td>\r\n  <td class=xl685147 style='border-top:none;border-left:none'>&nbsp;<\/td>\r\n  <td class=xl685147 style='border-top:none;border-left:none'>&nbsp;<\/td>\r\n  <td class=xl685147 align=right style='border-top:none;border-left:none'>1<\/td>\r\n  <td class=xl685147 style='border-top:none;border-left:none'>&nbsp;<\/td>\r\n  <td class=xl685147 style='border-top:none;border-left:none'>&nbsp;<\/td>\r\n  <td class=xl685147 align=right style='border-top:none;border-left:none'>1<\/td>\r\n  <td class=xl685147 style='border-top:none;border-left:none'>&nbsp;<\/td>\r\n  <td class=xl685147 style='border-top:none;border-left:none'>&nbsp;<\/td>\r\n  <td class=xl685147 align=right style='border-top:none;border-left:none'>1<\/td>\r\n  <td class=xl685147 style='border-top:none;border-left:none'>&nbsp;<\/td>\r\n  <td class=xl705147 style='border-top:none;border-left:none'><u\r\n  style='visibility:hidden;mso-ignore:visibility'>&nbsp;<\/u><\/td>\r\n  <td class=xl705147 style='border-top:none;border-left:none'><u\r\n  style='visibility:hidden;mso-ignore:visibility'>&nbsp;<\/u><\/td>\r\n  <td class=xl685147 style='border-top:none;border-left:none'>Tesoreria\r\n  Municipal de Apan, Hidalgo<\/td>\r\n  <td class=xl695147 align=right style='border-top:none;border-left:none'>05\/04\/2019<\/td>\r\n  <td class=xl695147 align=right style='border-top:none;border-left:none'>05\/04\/2019<\/td>\r\n  <td class=xl685147 style='border-top:none;border-left:none'>Al periodo que se\r\n  reporta,<span style='mso-spacerun:yes'>\u00a0 <\/span>la Tesoreria Municipal no\r\n  ofrece al publico la ejecuci\u00f3n de tr\u00e1mites directos , solo se encarga de\r\n  realizar el cobro de aquellos ofrecidos<span style='mso-spacerun:yes'>\u00a0\r\n  <\/span>por las<span style='mso-spacerun:yes'>\u00a0 <\/span>distintas unidades<span\r\n  style='mso-spacerun:yes'>\u00a0 <\/span>administrativas<span\r\n  style='mso-spacerun:yes'>\u00a0 <\/span>del Ayuntamiento.<\/td>\r\n <\/tr>\r\n <![if supportMisalignedColumns]>\r\n <tr height=0 style='display:none'>\r\n  <td width=56 style='width:42pt'><\/td>\r\n  <td width=255 style='width:191pt'><\/td>\r\n  <td width=270 style='width:203pt'><\/td>\r\n  <td width=163 style='width:122pt'><\/td>\r\n  <td width=154 style='width:116pt'><\/td>\r\n  <td width=132 style='width:99pt'><\/td>\r\n  <td width=89 style='width:67pt'><\/td>\r\n  <td width=153 style='width:115pt'><\/td>\r\n  <td width=87 style='width:65pt'><\/td>\r\n  <td width=260 style='width:195pt'><\/td>\r\n  <td width=304 style='width:228pt'><\/td>\r\n  <td width=164 style='width:123pt'><\/td>\r\n  <td width=372 style='width:279pt'><\/td>\r\n  <td width=165 style='width:124pt'><\/td>\r\n  <td width=93 style='width:70pt'><\/td>\r\n  <td width=322 style='width:242pt'><\/td>\r\n  <td width=186 style='width:140pt'><\/td>\r\n  <td width=130 style='width:98pt'><\/td>\r\n  <td width=322 style='width:242pt'><\/td>\r\n  <td width=261 style='width:196pt'><\/td>\r\n  <td width=277 style='width:208pt'><\/td>\r\n  <td width=242 style='width:182pt'><\/td>\r\n  <td width=512 style='width:384pt'><\/td>\r\n  <td width=123 style='width:92pt'><\/td>\r\n  <td width=140 style='width:105pt'><\/td>\r\n  <td width=1427 style='width:1070pt'><\/td>\r\n <\/tr>\r\n <![endif]>\r\n<\/table>\r\n\r\n<\/div>\r\n\r\n\r\n<!----------------------------->\r\n<!--FINAL DE LOS RESULTADOS DEL ASISTENTE PARA PUBLICAR COMO P\u00c1GINA WEB DE\r\nEXCEL-->\r\n<!----------------------------->\r\n<\/body>\r\n\r\n<\/html>\r\n\t\t\t\t<\/div>\n\t\t\t\t<\/div>\n\t\t\t\t\t<\/div>\n\t\t<\/div>\n\t\t\t\t\t<\/div>\n\t\t<\/section>\n\t\t\t\t<\/div>\n\t\t","protected":false},"excerpt":{"rendered":"<p>&nbsp; Fracci\u00f3n XX &nbsp; &lt;![if supportMisalignedColumns]&gt;&lt;![endif]&gt; 44251 T\u00cdTULO NOMBRE CORTO DESCRIPCI\u00d3N Tr\u00e1mites ofrecidos a69_f20 La informaci\u00f3n relacionada con las tareas administrativas que realizan los sujetos obligados en sus diferentes \u00e1mbitos con el objeto de atender las peticiones que realicen los particulares ya sea para la obtenci\u00f3n de un beneficio, o cumplir con alguna obligaci\u00f3n ante [&hellip;]<\/p>\n","protected":false},"author":1,"featured_media":0,"parent":4731,"menu_order":0,"comment_status":"closed","ping_status":"closed","template":"page-template-full.php","meta":{"footnotes":""},"class_list":["post-5185","page","type-page","status-publish","hentry"],"jetpack_sharing_enabled":true,"_links":{"self":[{"href":"https:\/\/apan.gob.mx\/portal\/wp-json\/wp\/v2\/pages\/5185","targetHints":{"allow":["GET"]}}],"collection":[{"href":"https:\/\/apan.gob.mx\/portal\/wp-json\/wp\/v2\/pages"}],"about":[{"href":"https:\/\/apan.gob.mx\/portal\/wp-json\/wp\/v2\/types\/page"}],"author":[{"embeddable":true,"href":"https:\/\/apan.gob.mx\/portal\/wp-json\/wp\/v2\/users\/1"}],"replies":[{"embeddable":true,"href":"https:\/\/apan.gob.mx\/portal\/wp-json\/wp\/v2\/comments?post=5185"}],"version-history":[{"count":5,"href":"https:\/\/apan.gob.mx\/portal\/wp-json\/wp\/v2\/pages\/5185\/revisions"}],"predecessor-version":[{"id":5225,"href":"https:\/\/apan.gob.mx\/portal\/wp-json\/wp\/v2\/pages\/5185\/revisions\/5225"}],"up":[{"embeddable":true,"href":"https:\/\/apan.gob.mx\/portal\/wp-json\/wp\/v2\/pages\/4731"}],"wp:attachment":[{"href":"https:\/\/apan.gob.mx\/portal\/wp-json\/wp\/v2\/media?parent=5185"}],"curies":[{"name":"wp","href":"https:\/\/api.w.org\/{rel}","templated":true}]}}