{"id":5313,"date":"2019-06-02T01:52:22","date_gmt":"2019-06-02T06:52:22","guid":{"rendered":"https:\/\/apan.gob.mx\/portal\/?page_id=5313"},"modified":"2019-06-26T15:42:36","modified_gmt":"2019-06-26T20:42:36","slug":"5313-2","status":"publish","type":"page","link":"https:\/\/apan.gob.mx\/portal\/1-trimestre-2019\/5313-2\/","title":{"rendered":"<!--transparencia_29_2019_1-->"},"content":{"rendered":"\t\t<div data-elementor-type=\"wp-page\" data-elementor-id=\"5313\" class=\"elementor elementor-5313 elementor-bc-flex-widget\">\n\t\t\t\t\t\t<section class=\"has_ae_slider elementor-section elementor-top-section elementor-element elementor-element-qgnqrud elementor-section-boxed elementor-section-height-default elementor-section-height-default ae-bg-gallery-type-default\" data-id=\"qgnqrud\" data-element_type=\"section\" data-e-type=\"section\">\n\t\t\t\t\t\t<div class=\"elementor-container elementor-column-gap-default\">\n\t\t\t\t\t<div class=\"has_ae_slider elementor-column elementor-col-100 elementor-top-column elementor-element elementor-element-spypnix ae-bg-gallery-type-default\" data-id=\"spypnix\" data-element_type=\"column\" data-e-type=\"column\">\n\t\t\t<div class=\"elementor-widget-wrap elementor-element-populated\">\n\t\t\t\t\t\t<div class=\"elementor-element elementor-element-vbjntky elementor-widget elementor-widget-heading\" data-id=\"vbjntky\" data-element_type=\"widget\" data-e-type=\"widget\" data-widget_type=\"heading.default\">\n\t\t\t\t<div class=\"elementor-widget-container\">\n\t\t\t\t\t<h2 class=\"elementor-heading-title elementor-size-medium\">Fracci\u00f3n XXlX<\/h2>\t\t\t\t<\/div>\n\t\t\t\t<\/div>\n\t\t\t\t<div class=\"elementor-element elementor-element-vegxobi elementor-widget elementor-widget-html\" data-id=\"vegxobi\" data-element_type=\"widget\" data-e-type=\"widget\" data-widget_type=\"html.default\">\n\t\t\t\t<div class=\"elementor-widget-container\">\n\t\t\t\t\t<html xmlns:o=\"urn:schemas-microsoft-com:office:office\"\r\nxmlns:x=\"urn:schemas-microsoft-com:office:excel\"\r\nxmlns=\"http:\/\/www.w3.org\/TR\/REC-html40\">\r\n\r\n<head>\r\n<meta http-equiv=Content-Type content=\"text\/html; charset=windows-1252\">\r\n<meta name=ProgId content=Excel.Sheet>\r\n<meta name=Generator content=\"Microsoft Excel 15\">\r\n<link rel=File-List href=\"a69_f29_archivos\/filelist.xml\">\r\n<style id=\"a69_f29_31214_Styles\">\r\n<!--table\r\n\t{mso-displayed-decimal-separator:\"\\.\";\r\n\tmso-displayed-thousand-separator:\"\\,\";}\r\n.xl1531214\r\n\t{padding-top:1px;\r\n\tpadding-right:1px;\r\n\tpadding-left:1px;\r\n\tmso-ignore:padding;\r\n\tcolor:black;\r\n\tfont-size:11.0pt;\r\n\tfont-weight:400;\r\n\tfont-style:normal;\r\n\ttext-decoration:none;\r\n\tfont-family:Calibri, sans-serif;\r\n\tmso-font-charset:0;\r\n\tmso-number-format:General;\r\n\ttext-align:general;\r\n\tvertical-align:bottom;\r\n\tmso-background-source:auto;\r\n\tmso-pattern:auto;\r\n\twhite-space:nowrap;}\r\n.xl6531214\r\n\t{padding-top:1px;\r\n\tpadding-right:1px;\r\n\tpadding-left:1px;\r\n\tmso-ignore:padding;\r\n\tcolor:black;\r\n\tfont-size:10.0pt;\r\n\tfont-weight:400;\r\n\tfont-style:normal;\r\n\ttext-decoration:none;\r\n\tfont-family:Arial, sans-serif;\r\n\tmso-font-charset:0;\r\n\tmso-number-format:General;\r\n\ttext-align:center;\r\n\tvertical-align:bottom;\r\n\tborder:.5pt solid windowtext;\r\n\tbackground:#E1E1E1;\r\n\tmso-pattern:black none;\r\n\twhite-space:normal;}\r\n.xl6631214\r\n\t{padding-top:1px;\r\n\tpadding-right:1px;\r\n\tpadding-left:1px;\r\n\tmso-ignore:padding;\r\n\tcolor:white;\r\n\tfont-size:11.0pt;\r\n\tfont-weight:700;\r\n\tfont-style:normal;\r\n\ttext-decoration:none;\r\n\tfont-family:Arial, sans-serif;\r\n\tmso-font-charset:0;\r\n\tmso-number-format:General;\r\n\ttext-align:center;\r\n\tvertical-align:bottom;\r\n\tborder:.5pt solid windowtext;\r\n\tbackground:#333333;\r\n\tmso-pattern:black none;\r\n\twhite-space:nowrap;}\r\n.xl6731214\r\n\t{padding-top:1px;\r\n\tpadding-right:1px;\r\n\tpadding-left:1px;\r\n\tmso-ignore:padding;\r\n\tcolor:black;\r\n\tfont-size:10.0pt;\r\n\tfont-weight:400;\r\n\tfont-style:normal;\r\n\ttext-decoration:none;\r\n\tfont-family:Arial, sans-serif;\r\n\tmso-font-charset:0;\r\n\tmso-number-format:General;\r\n\ttext-align:general;\r\n\tvertical-align:bottom;\r\n\tborder:.5pt solid windowtext;\r\n\tbackground:#E1E1E1;\r\n\tmso-pattern:black none;\r\n\twhite-space:nowrap;}\r\n.xl6831214\r\n\t{padding-top:1px;\r\n\tpadding-right:1px;\r\n\tpadding-left:1px;\r\n\tmso-ignore:padding;\r\n\tcolor:black;\r\n\tfont-size:11.0pt;\r\n\tfont-weight:400;\r\n\tfont-style:normal;\r\n\ttext-decoration:none;\r\n\tfont-family:Calibri, sans-serif;\r\n\tmso-font-charset:0;\r\n\tmso-number-format:General;\r\n\ttext-align:general;\r\n\tvertical-align:bottom;\r\n\tborder:.5pt solid windowtext;\r\n\tmso-background-source:auto;\r\n\tmso-pattern:auto;\r\n\twhite-space:nowrap;}\r\n.xl6931214\r\n\t{padding-top:1px;\r\n\tpadding-right:1px;\r\n\tpadding-left:1px;\r\n\tmso-ignore:padding;\r\n\tcolor:black;\r\n\tfont-size:11.0pt;\r\n\tfont-weight:400;\r\n\tfont-style:normal;\r\n\ttext-decoration:none;\r\n\tfont-family:Calibri, sans-serif;\r\n\tmso-font-charset:0;\r\n\tmso-number-format:\"Short Date\";\r\n\ttext-align:general;\r\n\tvertical-align:bottom;\r\n\tborder:.5pt solid windowtext;\r\n\tmso-background-source:auto;\r\n\tmso-pattern:auto;\r\n\twhite-space:nowrap;}\r\n.xl7031214\r\n\t{padding-top:1px;\r\n\tpadding-right:1px;\r\n\tpadding-left:1px;\r\n\tmso-ignore:padding;\r\n\tcolor:black;\r\n\tfont-size:11.0pt;\r\n\tfont-weight:400;\r\n\tfont-style:normal;\r\n\ttext-decoration:none;\r\n\tfont-family:Calibri, sans-serif;\r\n\tmso-font-charset:0;\r\n\tmso-number-format:General;\r\n\ttext-align:general;\r\n\tvertical-align:bottom;\r\n\tborder:.5pt solid windowtext;\r\n\tmso-background-source:auto;\r\n\tmso-pattern:auto;\r\n\twhite-space:normal;}\r\n.xl7131214\r\n\t{padding-top:1px;\r\n\tpadding-right:1px;\r\n\tpadding-left:1px;\r\n\tmso-ignore:padding;\r\n\tcolor:blue;\r\n\tfont-size:11.0pt;\r\n\tfont-weight:400;\r\n\tfont-style:normal;\r\n\ttext-decoration:underline;\r\n\ttext-underline-style:single;\r\n\tfont-family:Calibri, sans-serif;\r\n\tmso-font-charset:0;\r\n\tmso-number-format:General;\r\n\ttext-align:general;\r\n\tvertical-align:bottom;\r\n\tborder:.5pt solid windowtext;\r\n\tmso-background-source:auto;\r\n\tmso-pattern:auto;\r\n\twhite-space:nowrap;}\r\n-->\r\n<\/style>\r\n<\/head>\r\n\r\n<body>\r\n<!--[if !excel]>&nbsp;&nbsp;<![endif]-->\r\n<!--La siguiente informaci\u00f3n se gener\u00f3 mediante el Asistente para publicar como\r\np\u00e1gina web de Microsoft Excel.-->\r\n<!--Si se vuelve a publicar el mismo elemento desde Excel, se reemplazar\u00e1 toda\r\nla informaci\u00f3n comprendida entre las etiquetas DIV.-->\r\n<!----------------------------->\r\n<!--INICIO DE LOS RESULTADOS DEL ASISTENTE PARA PUBLICAR COMO P\u00c1GINA WEB DE\r\nEXCEL -->\r\n<!----------------------------->\r\n\r\n<div id=\"a69_f29_31214\" align=center x:publishsource=\"Excel\">\r\n\r\n<table border=0 cellpadding=0 cellspacing=0 width=4196 style='border-collapse:\r\n collapse;table-layout:fixed;width:3148pt'>\r\n <col width=56 style='mso-width-source:userset;mso-width-alt:2048;width:42pt'>\r\n <col width=169 span=2 style='mso-width-source:userset;mso-width-alt:6180;\r\n width:127pt'>\r\n <col width=423 style='mso-width-source:userset;mso-width-alt:15469;width:317pt'>\r\n <col width=400 style='mso-width-source:userset;mso-width-alt:14628;width:300pt'>\r\n <col width=695 style='mso-width-source:userset;mso-width-alt:25417;width:521pt'>\r\n <col width=141 style='mso-width-source:userset;mso-width-alt:5156;width:106pt'>\r\n <col width=180 style='mso-width-source:userset;mso-width-alt:6582;width:135pt'>\r\n <col width=746 style='mso-width-source:userset;mso-width-alt:27282;width:560pt'>\r\n <col width=512 style='mso-width-source:userset;mso-width-alt:18724;width:384pt'>\r\n <col width=123 style='mso-width-source:userset;mso-width-alt:4498;width:92pt'>\r\n <col width=140 style='mso-width-source:userset;mso-width-alt:5120;width:105pt'>\r\n <col width=442 style='mso-width-source:userset;mso-width-alt:16164;width:332pt'>\r\n <tr height=0 style='display:none'>\r\n  <td class=xl1531214 width=56 style='width:42pt'>45731<\/td>\r\n  <td class=xl1531214 width=169 style='width:127pt'><\/td>\r\n  <td class=xl1531214 width=169 style='width:127pt'><\/td>\r\n  <td class=xl1531214 width=423 style='width:317pt'><\/td>\r\n  <td class=xl1531214 width=400 style='width:300pt'><\/td>\r\n  <td class=xl1531214 width=695 style='width:521pt'><\/td>\r\n  <td class=xl1531214 width=141 style='width:106pt'><\/td>\r\n  <td class=xl1531214 width=180 style='width:135pt'><\/td>\r\n  <td class=xl1531214 width=746 style='width:560pt'><\/td>\r\n  <td class=xl1531214 width=512 style='width:384pt'><\/td>\r\n  <td class=xl1531214 width=123 style='width:92pt'><\/td>\r\n  <td class=xl1531214 width=140 style='width:105pt'><\/td>\r\n  <td class=xl1531214 width=442 style='width:332pt'><\/td>\r\n <\/tr>\r\n <tr height=20 style='height:15.0pt'>\r\n  <td colspan=3 height=20 class=xl6631214 style='height:15.0pt'>T\u00cdTULO<\/td>\r\n  <td colspan=3 class=xl6631214>NOMBRE CORTO<\/td>\r\n  <td colspan=3 class=xl6631214>DESCRIPCI\u00d3N<\/td>\r\n  <td class=xl1531214><\/td>\r\n  <td class=xl1531214><\/td>\r\n  <td class=xl1531214><\/td>\r\n  <td class=xl1531214><\/td>\r\n <\/tr>\r\n <tr height=20 style='height:15.0pt'>\r\n  <td colspan=3 height=20 class=xl6731214 style='height:15.0pt'>Informes\r\n  emitidos<\/td>\r\n  <td colspan=3 class=xl6731214>a69_f29<\/td>\r\n  <td colspan=3 class=xl6731214>La relaci\u00f3n de informes que de acuerdo con su\r\n  naturaleza y la normatividad les sea aplicable o se encuentren obligados a\r\n  rendir ante cualquier otro sujeto obligado. Deber\u00e1 incluir, los informes de\r\n  gobierno; labores o actividades; en materia de transparencia y protecci\u00f3n de\r\n  datos personales. La informaci\u00f3n no debe estar relacionada con informes\r\n  program\u00e1ticos presupuestales y financieros ni procedimientos de adjudicaci\u00f3n\r\n  directa, invitaci\u00f3n restringida y licitaci\u00f3n de cualquier naturaleza.<\/td>\r\n  <td class=xl1531214><\/td>\r\n  <td class=xl1531214><\/td>\r\n  <td class=xl1531214><\/td>\r\n  <td class=xl1531214><\/td>\r\n <\/tr>\r\n <tr height=0 style='display:none'>\r\n  <td class=xl1531214>1<\/td>\r\n  <td class=xl1531214>4<\/td>\r\n  <td class=xl1531214>4<\/td>\r\n  <td class=xl1531214>2<\/td>\r\n  <td class=xl1531214>2<\/td>\r\n  <td class=xl1531214>2<\/td>\r\n  <td class=xl1531214>1<\/td>\r\n  <td class=xl1531214>4<\/td>\r\n  <td class=xl1531214>7<\/td>\r\n  <td class=xl1531214>2<\/td>\r\n  <td class=xl1531214>4<\/td>\r\n  <td class=xl1531214>13<\/td>\r\n  <td class=xl1531214>14<\/td>\r\n <\/tr>\r\n <tr height=0 style='display:none'>\r\n  <td class=xl1531214>378497<\/td>\r\n  <td class=xl1531214>378502<\/td>\r\n  <td class=xl1531214>378503<\/td>\r\n  <td class=xl1531214>378507<\/td>\r\n  <td class=xl1531214>378498<\/td>\r\n  <td class=xl1531214>378508<\/td>\r\n  <td class=xl1531214>378509<\/td>\r\n  <td class=xl1531214>378499<\/td>\r\n  <td class=xl1531214>378501<\/td>\r\n  <td class=xl1531214>378505<\/td>\r\n  <td class=xl1531214>378500<\/td>\r\n  <td class=xl1531214>378504<\/td>\r\n  <td class=xl1531214>378506<\/td>\r\n <\/tr>\r\n <tr height=20 style='height:15.0pt'>\r\n  <td colspan=13 height=20 class=xl6631214 style='height:15.0pt'>Tabla Campos<\/td>\r\n <\/tr>\r\n <tr height=35 style='height:26.25pt'>\r\n  <td height=35 class=xl6531214 width=56 style='height:26.25pt;width:42pt'>Ejercicio<\/td>\r\n  <td class=xl6531214 width=169 style='border-left:none;width:127pt'>Fecha de\r\n  inicio del periodo que se informa<\/td>\r\n  <td class=xl6531214 width=169 style='border-left:none;width:127pt'>Fecha de\r\n  t\u00e9rmino del periodo que se informa<\/td>\r\n  <td class=xl6531214 width=423 style='border-left:none;width:317pt'>Denominaci\u00f3n\r\n  de cada informe<\/td>\r\n  <td class=xl6531214 width=400 style='border-left:none;width:300pt'>Denominaci\u00f3n\r\n  del \u00e1rea responsable de la elaboraci\u00f3n y\/o presentaci\u00f3n del informe<\/td>\r\n  <td class=xl6531214 width=695 style='border-left:none;width:521pt'>Fundamento\r\n  legal<span style='mso-spacerun:yes'>\u00a0<\/span><\/td>\r\n  <td class=xl6531214 width=141 style='border-left:none;width:106pt'>Periodicidad\r\n  para elaborar y\/o presentar el informe<\/td>\r\n  <td class=xl6531214 width=180 style='border-left:none;width:135pt'>Fecha en\r\n  que se present\u00f3 y\/o entreg\u00f3 el informe<\/td>\r\n  <td class=xl6531214 width=746 style='border-left:none;width:560pt'>Hiperv\u00ednculo\r\n  al documento del informe correspondiente<\/td>\r\n  <td class=xl6531214 width=512 style='border-left:none;width:384pt'>\u00c1rea(s)\r\n  responsable(s) que genera(n), posee(n), publica(n) y actualizan la\r\n  informaci\u00f3n<\/td>\r\n  <td class=xl6531214 width=123 style='border-left:none;width:92pt'>Fecha de\r\n  validaci\u00f3n<\/td>\r\n  <td class=xl6531214 width=140 style='border-left:none;width:105pt'>Fecha de\r\n  actualizaci\u00f3n<\/td>\r\n  <td class=xl6531214 width=442 style='border-left:none;width:332pt'>Nota<\/td>\r\n <\/tr>\r\n <tr height=80 style='height:60.0pt'>\r\n  <td height=80 class=xl6831214 align=right style='height:60.0pt;border-top:\r\n  none'>2019<\/td>\r\n  <td class=xl6931214 align=right style='border-top:none;border-left:none'>01\/01\/2019<\/td>\r\n  <td class=xl6931214 align=right style='border-top:none;border-left:none'>31\/03\/2019<\/td>\r\n  <td class=xl6831214 style='border-top:none;border-left:none'>Informe de\r\n  solicitudes recibidas en el mes de enero 2019<\/td>\r\n  <td class=xl6831214 style='border-top:none;border-left:none'>Unidad de\r\n  Transparencia del Municipio de Apan, Hidalgo.<\/td>\r\n  <td class=xl7031214 width=695 style='border-top:none;border-left:none;\r\n  width:521pt'>Lo dispuesto en los art\u00edculos 2 fracci\u00f3n III, 19, 25 fracci\u00f3n\r\n  VIII, 36 fracci\u00f3n XXII, 39, 40 fracci\u00f3n II y III, 41 fracci\u00f3n IV, 99 y 169\r\n  de<span style='mso-spacerun:yes'>\u00a0 <\/span>la<span style='mso-spacerun:yes'>\u00a0\r\n  <\/span>Ley de Transparencia y Acceso a la Informaci\u00f3n P\u00fablica para el Estado\r\n  de Hidalgo, art\u00edculos 75, 117 fracci\u00f3n IV, 118 y 120 fracci\u00f3n II de la Ley de\r\n  Protecci\u00f3n de Datos Personales en Posesi\u00f3n de Sujetos Obligados para el\r\n  Estado de Hidalgo<\/td>\r\n  <td class=xl6831214 style='border-top:none;border-left:none'>mensual<\/td>\r\n  <td class=xl6931214 align=right style='border-top:none;border-left:none'>01\/02\/2019<\/td>\r\n  <td class=xl7131214 style='border-top:none;border-left:none'><a\r\n  href=\"https:\/\/www.apan.gob.mx\/descargables\/transparencia\/articulo69\/fraccion29\/2019_1\/transparencia\/FraXXIXa1_1.pdf\">https:\/\/www.apan.gob.mx\/descargables\/transparencia\/articulo69\/fraccion29\/2019_1\/transparencia\/FraXXIXa1_1.pdf<\/a><\/td>\r\n  <td class=xl6831214 style='border-top:none;border-left:none'>Unidad de\r\n  Transparencia del Municipio de Apan, Hidalgo.<\/td>\r\n  <td class=xl6931214 align=right style='border-top:none;border-left:none'>01\/02\/2019<\/td>\r\n  <td class=xl6931214 align=right style='border-top:none;border-left:none'>05\/04\/2019<\/td>\r\n  <td class=xl6831214 style='border-top:none;border-left:none'>en los capos\r\n  vacios hasta el momento no se ha generado informaci\u00f3n<\/td>\r\n <\/tr>\r\n <tr height=80 style='height:60.0pt'>\r\n  <td height=80 class=xl6831214 align=right style='height:60.0pt;border-top:\r\n  none'>2019<\/td>\r\n  <td class=xl6931214 align=right style='border-top:none;border-left:none'>01\/01\/2019<\/td>\r\n  <td class=xl6931214 align=right style='border-top:none;border-left:none'>31\/03\/2019<\/td>\r\n  <td class=xl6831214 style='border-top:none;border-left:none'>Informe de\r\n  solicitudes recibidas en el mes de febrero 2019<\/td>\r\n  <td class=xl6831214 style='border-top:none;border-left:none'>Unidad de\r\n  Transparencia del Municipio de Apan, Hidalgo.<\/td>\r\n  <td class=xl7031214 width=695 style='border-top:none;border-left:none;\r\n  width:521pt'>Lo dispuesto en los art\u00edculos 2 fracci\u00f3n III, 19, 25 fracci\u00f3n\r\n  VIII, 36 fracci\u00f3n XXII, 39, 40 fracci\u00f3n II y III, 41 fracci\u00f3n IV, 99 y 169\r\n  de<span style='mso-spacerun:yes'>\u00a0 <\/span>la<span style='mso-spacerun:yes'>\u00a0\r\n  <\/span>Ley de Transparencia y Acceso a la Informaci\u00f3n P\u00fablica para el Estado\r\n  de Hidalgo, art\u00edculos 75, 117 fracci\u00f3n IV, 118 y 120 fracci\u00f3n II de la Ley de\r\n  Protecci\u00f3n de Datos Personales en Posesi\u00f3n de Sujetos Obligados para el\r\n  Estado de Hidalgo<\/td>\r\n  <td class=xl6831214 style='border-top:none;border-left:none'>mensual<\/td>\r\n  <td class=xl6931214 align=right style='border-top:none;border-left:none'>05\/03\/2018<\/td>\r\n  <td class=xl7131214 style='border-top:none;border-left:none'><a\r\n  href=\"https:\/\/www.apan.gob.mx\/descargables\/transparencia\/articulo69\/fraccion29\/2019_1\/transparencia\/FraXXIXa2_1.pdf\">https:\/\/www.apan.gob.mx\/descargables\/transparencia\/articulo69\/fraccion29\/2019_1\/transparencia\/FraXXIXa2_1.pdf<\/a><\/td>\r\n  <td class=xl6831214 style='border-top:none;border-left:none'>Unidad de\r\n  Transparencia del Municipio de Apan, Hidalgo.<\/td>\r\n  <td class=xl6931214 align=right style='border-top:none;border-left:none'>05\/03\/2019<\/td>\r\n  <td class=xl6931214 align=right style='border-top:none;border-left:none'>05\/04\/2019<\/td>\r\n  <td class=xl6831214 style='border-top:none;border-left:none'>en los capos\r\n  vacios hasta el momento no se ha generado informaci\u00f3n<\/td>\r\n <\/tr>\r\n <tr height=80 style='height:60.0pt'>\r\n  <td height=80 class=xl6831214 align=right style='height:60.0pt;border-top:\r\n  none'>2019<\/td>\r\n  <td class=xl6931214 align=right style='border-top:none;border-left:none'>01\/01\/2019<\/td>\r\n  <td class=xl6931214 align=right style='border-top:none;border-left:none'>31\/03\/2019<\/td>\r\n  <td class=xl6831214 style='border-top:none;border-left:none'>Informe de\r\n  solicitudes recibidas en el mes de Marzo 2019<\/td>\r\n  <td class=xl6831214 style='border-top:none;border-left:none'>Unidad de\r\n  Transparencia del Municipio de Apan, Hidalgo.<\/td>\r\n  <td class=xl7031214 width=695 style='border-top:none;border-left:none;\r\n  width:521pt'>Lo dispuesto en los art\u00edculos 2 fracci\u00f3n III, 19, 25 fracci\u00f3n\r\n  VIII, 36 fracci\u00f3n XXII, 39, 40 fracci\u00f3n II y III, 41 fracci\u00f3n IV, 99 y 169\r\n  de<span style='mso-spacerun:yes'>\u00a0 <\/span>la<span style='mso-spacerun:yes'>\u00a0\r\n  <\/span>Ley de Transparencia y Acceso a la Informaci\u00f3n P\u00fablica para el Estado\r\n  de Hidalgo, art\u00edculos 75, 117 fracci\u00f3n IV, 118 y 120 fracci\u00f3n II de la Ley de\r\n  Protecci\u00f3n de Datos Personales en Posesi\u00f3n de Sujetos Obligados para el\r\n  Estado de Hidalgo<\/td>\r\n  <td class=xl6831214 style='border-top:none;border-left:none'>mensual<\/td>\r\n  <td class=xl6931214 style='border-top:none;border-left:none'>&nbsp;<\/td>\r\n  <td class=xl7131214 style='border-top:none;border-left:none'><a\r\n  href=\"https:\/\/www.apan.gob.mx\/descargables\/transparencia\/articulo69\/fraccion29\/2019_1\/transparencia\/FraXXIXa3_1.pdf\">https:\/\/www.apan.gob.mx\/descargables\/transparencia\/articulo69\/fraccion29\/2019_1\/transparencia\/FraXXIXa3_1.pdf<\/a><\/td>\r\n  <td class=xl6831214 style='border-top:none;border-left:none'>Unidad de\r\n  Transparencia del Municipio de Apan, Hidalgo.<\/td>\r\n  <td class=xl6931214 align=right style='border-top:none;border-left:none'>02\/04\/2019<\/td>\r\n  <td class=xl6931214 align=right style='border-top:none;border-left:none'>05\/04\/2019<\/td>\r\n  <td class=xl6831214 style='border-top:none;border-left:none'>en los capos\r\n  vacios hasta el momento no se ha generado informaci\u00f3n<\/td>\r\n <\/tr>\r\n <![if supportMisalignedColumns]>\r\n <tr height=0 style='display:none'>\r\n  <td width=56 style='width:42pt'><\/td>\r\n  <td width=169 style='width:127pt'><\/td>\r\n  <td width=169 style='width:127pt'><\/td>\r\n  <td width=423 style='width:317pt'><\/td>\r\n  <td width=400 style='width:300pt'><\/td>\r\n  <td width=695 style='width:521pt'><\/td>\r\n  <td width=141 style='width:106pt'><\/td>\r\n  <td width=180 style='width:135pt'><\/td>\r\n  <td width=746 style='width:560pt'><\/td>\r\n  <td width=512 style='width:384pt'><\/td>\r\n  <td width=123 style='width:92pt'><\/td>\r\n  <td width=140 style='width:105pt'><\/td>\r\n  <td width=442 style='width:332pt'><\/td>\r\n <\/tr>\r\n <![endif]>\r\n<\/table>\r\n\r\n<\/div>\r\n\r\n\r\n<!----------------------------->\r\n<!--FINAL DE LOS RESULTADOS DEL ASISTENTE PARA PUBLICAR COMO P\u00c1GINA WEB DE\r\nEXCEL-->\r\n<!----------------------------->\r\n<\/body>\r\n\r\n<\/html>\r\n\t\t\t\t<\/div>\n\t\t\t\t<\/div>\n\t\t\t\t\t<\/div>\n\t\t<\/div>\n\t\t\t\t\t<\/div>\n\t\t<\/section>\n\t\t\t\t<\/div>\n\t\t","protected":false},"excerpt":{"rendered":"<p>Fracci\u00f3n XXlX 45731 T\u00cdTULO NOMBRE CORTO DESCRIPCI\u00d3N Informes emitidos a69_f29 La relaci\u00f3n de informes que de acuerdo con su naturaleza y la normatividad les sea aplicable o se encuentren obligados a rendir ante cualquier otro sujeto obligado. Deber\u00e1 incluir, los informes de gobierno; labores o actividades; en materia de transparencia y protecci\u00f3n de datos personales. [&hellip;]<\/p>\n","protected":false},"author":1,"featured_media":0,"parent":4731,"menu_order":0,"comment_status":"closed","ping_status":"closed","template":"page-template-full.php","meta":{"footnotes":""},"class_list":["post-5313","page","type-page","status-publish","hentry"],"jetpack_sharing_enabled":true,"_links":{"self":[{"href":"https:\/\/apan.gob.mx\/portal\/wp-json\/wp\/v2\/pages\/5313","targetHints":{"allow":["GET"]}}],"collection":[{"href":"https:\/\/apan.gob.mx\/portal\/wp-json\/wp\/v2\/pages"}],"about":[{"href":"https:\/\/apan.gob.mx\/portal\/wp-json\/wp\/v2\/types\/page"}],"author":[{"embeddable":true,"href":"https:\/\/apan.gob.mx\/portal\/wp-json\/wp\/v2\/users\/1"}],"replies":[{"embeddable":true,"href":"https:\/\/apan.gob.mx\/portal\/wp-json\/wp\/v2\/comments?post=5313"}],"version-history":[{"count":4,"href":"https:\/\/apan.gob.mx\/portal\/wp-json\/wp\/v2\/pages\/5313\/revisions"}],"predecessor-version":[{"id":6096,"href":"https:\/\/apan.gob.mx\/portal\/wp-json\/wp\/v2\/pages\/5313\/revisions\/6096"}],"up":[{"embeddable":true,"href":"https:\/\/apan.gob.mx\/portal\/wp-json\/wp\/v2\/pages\/4731"}],"wp:attachment":[{"href":"https:\/\/apan.gob.mx\/portal\/wp-json\/wp\/v2\/media?parent=5313"}],"curies":[{"name":"wp","href":"https:\/\/api.w.org\/{rel}","templated":true}]}}