{"id":5569,"date":"2019-06-14T15:19:42","date_gmt":"2019-06-14T20:19:42","guid":{"rendered":"https:\/\/apan.gob.mx\/portal\/?page_id=5569"},"modified":"2019-06-14T15:23:26","modified_gmt":"2019-06-14T20:23:26","slug":"5569-2","status":"publish","type":"page","link":"https:\/\/apan.gob.mx\/portal\/4-trimestre-2018\/5569-2\/","title":{"rendered":"<!-transparencia_13_2018_4-->"},"content":{"rendered":"\t\t<div data-elementor-type=\"wp-page\" data-elementor-id=\"5569\" class=\"elementor elementor-5569 elementor-bc-flex-widget\">\n\t\t\t\t\t\t<section class=\"has_ae_slider elementor-section elementor-top-section elementor-element elementor-element-pbwajqr elementor-section-boxed elementor-section-height-default elementor-section-height-default ae-bg-gallery-type-default\" data-id=\"pbwajqr\" data-element_type=\"section\" data-e-type=\"section\">\n\t\t\t\t\t\t<div class=\"elementor-container elementor-column-gap-default\">\n\t\t\t\t\t<div class=\"has_ae_slider elementor-column elementor-col-100 elementor-top-column elementor-element elementor-element-dmloxkk ae-bg-gallery-type-default\" data-id=\"dmloxkk\" data-element_type=\"column\" data-e-type=\"column\">\n\t\t\t<div class=\"elementor-widget-wrap elementor-element-populated\">\n\t\t\t\t\t\t<div class=\"elementor-element elementor-element-hyukzvt elementor-widget elementor-widget-heading\" data-id=\"hyukzvt\" data-element_type=\"widget\" data-e-type=\"widget\" data-widget_type=\"heading.default\">\n\t\t\t\t<div class=\"elementor-widget-container\">\n\t\t\t\t\t<h2 class=\"elementor-heading-title elementor-size-medium\">Fracci\u00f3n XIII<\/h2>\t\t\t\t<\/div>\n\t\t\t\t<\/div>\n\t\t\t\t<div class=\"elementor-element elementor-element-fvdejqq elementor-widget elementor-widget-html\" data-id=\"fvdejqq\" data-element_type=\"widget\" data-e-type=\"widget\" data-widget_type=\"html.default\">\n\t\t\t\t<div class=\"elementor-widget-container\">\n\t\t\t\t\t<html xmlns:v=\"urn:schemas-microsoft-com:vml\"\r\nxmlns:o=\"urn:schemas-microsoft-com:office:office\"\r\nxmlns:x=\"urn:schemas-microsoft-com:office:excel\"\r\nxmlns=\"http:\/\/www.w3.org\/TR\/REC-html40\">\r\n\r\n<head>\r\n<meta http-equiv=Content-Type content=\"text\/html; charset=windows-1252\">\r\n<meta name=ProgId content=Excel.Sheet>\r\n<meta name=Generator content=\"Microsoft Excel 14\">\r\n<link rel=File-List href=\"a69_f13_archivos\/filelist.xml\">\r\n<!--[if !mso]>\r\n<style>\r\nv\\:* {behavior:url(#default#VML);}\r\no\\:* {behavior:url(#default#VML);}\r\nx\\:* {behavior:url(#default#VML);}\r\n.shape {behavior:url(#default#VML);}\r\n<\/style>\r\n<![endif]-->\r\n<style id=\"a69_f13_27926_Styles\">\r\n<!--table\r\n\t{mso-displayed-decimal-separator:\"\\.\";\r\n\tmso-displayed-thousand-separator:\"\\,\";}\r\n.xl1527926\r\n\t{padding:0px;\r\n\tmso-ignore:padding;\r\n\tcolor:black;\r\n\tfont-size:11.0pt;\r\n\tfont-weight:400;\r\n\tfont-style:normal;\r\n\ttext-decoration:none;\r\n\tfont-family:Calibri, sans-serif;\r\n\tmso-font-charset:0;\r\n\tmso-number-format:General;\r\n\ttext-align:general;\r\n\tvertical-align:bottom;\r\n\tmso-background-source:auto;\r\n\tmso-pattern:auto;\r\n\twhite-space:nowrap;}\r\n.xl6427926\r\n\t{padding:0px;\r\n\tmso-ignore:padding;\r\n\tcolor:black;\r\n\tfont-size:10.0pt;\r\n\tfont-weight:400;\r\n\tfont-style:normal;\r\n\ttext-decoration:none;\r\n\tfont-family:Arial;\r\n\tmso-generic-font-family:auto;\r\n\tmso-font-charset:0;\r\n\tmso-number-format:General;\r\n\ttext-align:center;\r\n\tvertical-align:bottom;\r\n\tborder:.5pt solid windowtext;\r\n\tbackground:#E1E1E1;\r\n\tmso-pattern:black none;\r\n\twhite-space:normal;}\r\n.xl6527926\r\n\t{padding:0px;\r\n\tmso-ignore:padding;\r\n\tcolor:white;\r\n\tfont-size:11.0pt;\r\n\tfont-weight:700;\r\n\tfont-style:normal;\r\n\ttext-decoration:none;\r\n\tfont-family:Arial;\r\n\tmso-generic-font-family:auto;\r\n\tmso-font-charset:0;\r\n\tmso-number-format:General;\r\n\ttext-align:center;\r\n\tvertical-align:bottom;\r\n\tborder:.5pt solid windowtext;\r\n\tbackground:#333333;\r\n\tmso-pattern:black none;\r\n\twhite-space:normal;}\r\n.xl6627926\r\n\t{padding:0px;\r\n\tmso-ignore:padding;\r\n\tcolor:black;\r\n\tfont-size:10.0pt;\r\n\tfont-weight:400;\r\n\tfont-style:normal;\r\n\ttext-decoration:none;\r\n\tfont-family:Arial;\r\n\tmso-generic-font-family:auto;\r\n\tmso-font-charset:0;\r\n\tmso-number-format:General;\r\n\ttext-align:general;\r\n\tvertical-align:bottom;\r\n\tborder:.5pt solid windowtext;\r\n\tbackground:#E1E1E1;\r\n\tmso-pattern:black none;\r\n\twhite-space:nowrap;}\r\n.xl6727926\r\n\t{padding:0px;\r\n\tmso-ignore:padding;\r\n\tcolor:black;\r\n\tfont-size:11.0pt;\r\n\tfont-weight:400;\r\n\tfont-style:normal;\r\n\ttext-decoration:none;\r\n\tfont-family:Calibri, sans-serif;\r\n\tmso-font-charset:0;\r\n\tmso-number-format:General;\r\n\ttext-align:general;\r\n\tvertical-align:middle;\r\n\tmso-background-source:auto;\r\n\tmso-pattern:auto;\r\n\twhite-space:nowrap;}\r\n.xl6827926\r\n\t{padding:0px;\r\n\tmso-ignore:padding;\r\n\tcolor:black;\r\n\tfont-size:11.0pt;\r\n\tfont-weight:400;\r\n\tfont-style:normal;\r\n\ttext-decoration:none;\r\n\tfont-family:Calibri, sans-serif;\r\n\tmso-font-charset:0;\r\n\tmso-number-format:General;\r\n\ttext-align:general;\r\n\tvertical-align:middle;\r\n\tborder:.5pt solid windowtext;\r\n\tmso-background-source:auto;\r\n\tmso-pattern:auto;\r\n\twhite-space:nowrap;}\r\n.xl6927926\r\n\t{padding:0px;\r\n\tmso-ignore:padding;\r\n\tcolor:blue;\r\n\tfont-size:11.0pt;\r\n\tfont-weight:400;\r\n\tfont-style:normal;\r\n\ttext-decoration:underline;\r\n\ttext-underline-style:single;\r\n\tfont-family:Calibri, sans-serif;\r\n\tmso-font-charset:0;\r\n\tmso-number-format:General;\r\n\ttext-align:general;\r\n\tvertical-align:middle;\r\n\tborder:.5pt solid windowtext;\r\n\tmso-background-source:auto;\r\n\tmso-pattern:auto;\r\n\twhite-space:nowrap;}\r\n.xl7027926\r\n\t{padding:0px;\r\n\tmso-ignore:padding;\r\n\tcolor:black;\r\n\tfont-size:9.0pt;\r\n\tfont-weight:400;\r\n\tfont-style:normal;\r\n\ttext-decoration:none;\r\n\tfont-family:Calibri, sans-serif;\r\n\tmso-font-charset:0;\r\n\tmso-number-format:General;\r\n\ttext-align:general;\r\n\tvertical-align:middle;\r\n\tborder:.5pt solid windowtext;\r\n\tmso-background-source:auto;\r\n\tmso-pattern:auto;\r\n\twhite-space:normal;}\r\n.xl7127926\r\n\t{padding:0px;\r\n\tmso-ignore:padding;\r\n\tcolor:black;\r\n\tfont-size:11.0pt;\r\n\tfont-weight:400;\r\n\tfont-style:normal;\r\n\ttext-decoration:none;\r\n\tfont-family:Calibri, sans-serif;\r\n\tmso-font-charset:0;\r\n\tmso-number-format:\"Short Date\";\r\n\ttext-align:general;\r\n\tvertical-align:middle;\r\n\tborder:.5pt solid windowtext;\r\n\tmso-background-source:auto;\r\n\tmso-pattern:auto;\r\n\twhite-space:nowrap;}\r\n-->\r\n<\/style>\r\n<\/head>\r\n\r\n<body>\r\n<!--[if !excel]>&nbsp;&nbsp;<![endif]-->\r\n<!--La siguiente informaci\u00f3n se gener\u00f3 mediante el Asistente para publicar como\r\np\u00e1gina web de Microsoft Excel.-->\r\n<!--Si se vuelve a publicar el mismo elemento desde Excel, se reemplazar\u00e1 toda\r\nla informaci\u00f3n comprendida entre las etiquetas DIV.-->\r\n<!----------------------------->\r\n<!--INICIO DE LOS RESULTADOS DEL ASISTENTE PARA PUBLICAR COMO P\u00c1GINA WEB DE\r\nEXCEL -->\r\n<!----------------------------->\r\n\r\n<div id=\"a69_f13_27926\" align=center x:publishsource=\"Excel\">\r\n\r\n<table border=0 cellpadding=0 cellspacing=0 width=3968 style='border-collapse:\r\n collapse;table-layout:fixed;width:2978pt'>\r\n <col width=104 style='mso-width-source:userset;mso-width-alt:3803;width:78pt'>\r\n <col width=107 span=2 style='mso-width-source:userset;mso-width-alt:3913;\r\n width:80pt'>\r\n <col width=133 style='mso-width-source:userset;mso-width-alt:4864;width:100pt'>\r\n <col width=110 style='mso-width-source:userset;mso-width-alt:4022;width:83pt'>\r\n <col width=119 style='mso-width-source:userset;mso-width-alt:4352;width:89pt'>\r\n <col width=89 style='mso-width-source:userset;mso-width-alt:3254;width:67pt'>\r\n <col width=81 style='mso-width-source:userset;mso-width-alt:2962;width:61pt'>\r\n <col width=89 style='mso-width-source:userset;mso-width-alt:3254;width:67pt'>\r\n <col width=132 style='mso-width-source:userset;mso-width-alt:4827;width:99pt'>\r\n <col width=131 style='mso-width-source:userset;mso-width-alt:4790;width:98pt'>\r\n <col width=117 style='mso-width-source:userset;mso-width-alt:4278;width:88pt'>\r\n <col width=90 style='mso-width-source:userset;mso-width-alt:3291;width:68pt'>\r\n <col width=148 style='mso-width-source:userset;mso-width-alt:5412;width:111pt'>\r\n <col width=56 style='mso-width-source:userset;mso-width-alt:2048;width:42pt'>\r\n <col width=94 style='mso-width-source:userset;mso-width-alt:3437;width:71pt'>\r\n <col width=56 style='mso-width-source:userset;mso-width-alt:2048;width:42pt'>\r\n <col width=411 style='mso-width-source:userset;mso-width-alt:15030;width:308pt'>\r\n <col width=187 style='mso-width-source:userset;mso-width-alt:6838;width:140pt'>\r\n <col width=541 style='mso-width-source:userset;mso-width-alt:19785;width:406pt'>\r\n <col width=317 style='mso-width-source:userset;mso-width-alt:11593;width:238pt'>\r\n <col width=272 style='mso-width-source:userset;mso-width-alt:9947;width:204pt'>\r\n <col width=124 style='mso-width-source:userset;mso-width-alt:4534;width:93pt'>\r\n <col width=131 style='mso-width-source:userset;mso-width-alt:4790;width:98pt'>\r\n <col width=56 style='mso-width-source:userset;mso-width-alt:2048;width:42pt'>\r\n <col width=110 style='mso-width-source:userset;mso-width-alt:4022;width:83pt'>\r\n <col width=56 style='mso-width-source:userset;mso-width-alt:2048;width:42pt'>\r\n <tr height=0 style='display:none'>\r\n  <td class=xl1527926 width=104 style='width:78pt'>35909<\/td>\r\n  <td class=xl1527926 width=107 style='width:80pt'><\/td>\r\n  <td class=xl1527926 width=107 style='width:80pt'><\/td>\r\n  <td class=xl1527926 width=133 style='width:100pt'><\/td>\r\n  <td class=xl1527926 width=110 style='width:83pt'><\/td>\r\n  <td class=xl1527926 width=119 style='width:89pt'><\/td>\r\n  <td class=xl1527926 width=89 style='width:67pt'><\/td>\r\n  <td class=xl1527926 width=81 style='width:61pt'><\/td>\r\n  <td class=xl1527926 width=89 style='width:67pt'><\/td>\r\n  <td class=xl1527926 width=132 style='width:99pt'><\/td>\r\n  <td class=xl1527926 width=131 style='width:98pt'><\/td>\r\n  <td class=xl1527926 width=117 style='width:88pt'><\/td>\r\n  <td class=xl1527926 width=90 style='width:68pt'><\/td>\r\n  <td class=xl1527926 width=148 style='width:111pt'><\/td>\r\n  <td class=xl1527926 width=56 style='width:42pt'><\/td>\r\n  <td class=xl1527926 width=94 style='width:71pt'><\/td>\r\n  <td class=xl1527926 width=56 style='width:42pt'><\/td>\r\n  <td class=xl1527926 width=411 style='width:308pt'><\/td>\r\n  <td class=xl1527926 width=187 style='width:140pt'><\/td>\r\n  <td class=xl1527926 width=541 style='width:406pt'><\/td>\r\n  <td class=xl1527926 width=317 style='width:238pt'><\/td>\r\n  <td class=xl1527926 width=272 style='width:204pt'><\/td>\r\n  <td class=xl1527926 width=124 style='width:93pt'><\/td>\r\n  <td class=xl1527926 width=131 style='width:98pt'><\/td>\r\n  <td class=xl1527926 width=56 style='width:42pt'><\/td>\r\n  <td class=xl1527926 width=110 style='width:83pt'><\/td>\r\n  <td class=xl1527926 width=56 style='width:42pt'><\/td>\r\n <\/tr>\r\n <tr height=20 style='height:15.0pt'>\r\n  <td colspan=3 height=20 class=xl6527926 width=318 style='height:15.0pt;\r\n  width:238pt'>T\u00cdTULO<\/td>\r\n  <td colspan=3 class=xl6527926 width=362 style='width:272pt'>NOMBRE CORTO<\/td>\r\n  <td colspan=3 class=xl6527926 width=259 style='width:195pt'>DESCRIPCI\u00d3N<\/td>\r\n  <td class=xl1527926><\/td>\r\n  <td class=xl1527926><\/td>\r\n  <td class=xl1527926><\/td>\r\n  <td class=xl1527926><\/td>\r\n  <td class=xl1527926><\/td>\r\n  <td class=xl1527926><\/td>\r\n  <td class=xl1527926><\/td>\r\n  <td class=xl1527926><\/td>\r\n  <td class=xl1527926><\/td>\r\n  <td class=xl1527926><\/td>\r\n  <td class=xl1527926><\/td>\r\n  <td class=xl1527926><\/td>\r\n  <td class=xl1527926><\/td>\r\n  <td class=xl1527926><\/td>\r\n  <td class=xl1527926><\/td>\r\n  <td class=xl1527926><\/td>\r\n  <td class=xl1527926><\/td>\r\n  <td class=xl1527926><\/td>\r\n <\/tr>\r\n <tr height=20 style='height:15.0pt'>\r\n  <td colspan=3 height=20 class=xl6627926 style='height:15.0pt'>FRACCI\u00d3N XIII.-\r\n  Domicilio de la Unidad de Transparencia.<\/td>\r\n  <td colspan=3 class=xl6627926>a69_f13<\/td>\r\n  <td colspan=3 class=xl6627926>El domicilio de la Unidad de Transparencia,\r\n  adem\u00e1s de la direcci\u00f3n electr\u00f3nica donde podr\u00e1n recibirse las solicitudes\r\n  para obtener la informaci\u00f3n;<\/td>\r\n  <td class=xl1527926><\/td>\r\n  <td class=xl1527926><\/td>\r\n  <td class=xl1527926><\/td>\r\n  <td class=xl1527926><\/td>\r\n  <td class=xl1527926><\/td>\r\n  <td class=xl1527926><\/td>\r\n  <td class=xl1527926><\/td>\r\n  <td class=xl1527926><\/td>\r\n  <td class=xl1527926><\/td>\r\n  <td class=xl1527926><\/td>\r\n  <td class=xl1527926><\/td>\r\n  <td class=xl1527926><\/td>\r\n  <td class=xl1527926><\/td>\r\n  <td class=xl1527926><\/td>\r\n  <td class=xl1527926><\/td>\r\n  <td class=xl1527926><\/td>\r\n  <td class=xl1527926><\/td>\r\n  <td class=xl1527926><\/td>\r\n <\/tr>\r\n <tr height=0 style='display:none'>\r\n  <td class=xl1527926>9<\/td>\r\n  <td class=xl1527926>1<\/td>\r\n  <td class=xl1527926>1<\/td>\r\n  <td class=xl1527926>1<\/td>\r\n  <td class=xl1527926>9<\/td>\r\n  <td class=xl1527926>2<\/td>\r\n  <td class=xl1527926>1<\/td>\r\n  <td class=xl1527926>2<\/td>\r\n  <td class=xl1527926>1<\/td>\r\n  <td class=xl1527926>2<\/td>\r\n  <td class=xl1527926>1<\/td>\r\n  <td class=xl1527926>9<\/td>\r\n  <td class=xl1527926>1<\/td>\r\n  <td class=xl1527926>1<\/td>\r\n  <td class=xl1527926>1<\/td>\r\n  <td class=xl1527926>1<\/td>\r\n  <td class=xl1527926>1<\/td>\r\n  <td class=xl1527926>1<\/td>\r\n  <td class=xl1527926>1<\/td>\r\n  <td class=xl1527926>2<\/td>\r\n  <td class=xl1527926>7<\/td>\r\n  <td class=xl1527926>10<\/td>\r\n  <td class=xl1527926>4<\/td>\r\n  <td class=xl1527926>1<\/td>\r\n  <td class=xl1527926>12<\/td>\r\n  <td class=xl1527926>13<\/td>\r\n  <td class=xl1527926>14<\/td>\r\n <\/tr>\r\n <tr height=0 style='display:none'>\r\n  <td class=xl1527926>235276<\/td>\r\n  <td class=xl1527926>235270<\/td>\r\n  <td class=xl1527926>235256<\/td>\r\n  <td class=xl1527926>235257<\/td>\r\n  <td class=xl1527926>235277<\/td>\r\n  <td class=xl1527926>235275<\/td>\r\n  <td class=xl1527926>235272<\/td>\r\n  <td class=xl1527926>235271<\/td>\r\n  <td class=xl1527926>235273<\/td>\r\n  <td class=xl1527926>235266<\/td>\r\n  <td class=xl1527926>235274<\/td>\r\n  <td class=xl1527926>235278<\/td>\r\n  <td class=xl1527926>235258<\/td>\r\n  <td class=xl1527926>235259<\/td>\r\n  <td class=xl1527926>235260<\/td>\r\n  <td class=xl1527926>235261<\/td>\r\n  <td class=xl1527926>235262<\/td>\r\n  <td class=xl1527926>235263<\/td>\r\n  <td class=xl1527926>235264<\/td>\r\n  <td class=xl1527926>235267<\/td>\r\n  <td class=xl1527926>235269<\/td>\r\n  <td class=xl1527926>235279<\/td>\r\n  <td class=xl1527926>235268<\/td>\r\n  <td class=xl1527926>235265<\/td>\r\n  <td class=xl1527926>235280<\/td>\r\n  <td class=xl1527926>235281<\/td>\r\n  <td class=xl1527926>235282<\/td>\r\n <\/tr>\r\n <tr height=20 style='height:15.0pt'>\r\n  <td colspan=27 height=20 class=xl6527926 width=3968 style='height:15.0pt;\r\n  width:2978pt'>Tabla Campos<\/td>\r\n <\/tr>\r\n <tr height=52 style='height:39.0pt'>\r\n  <td height=52 class=xl6427926 width=104 style='height:39.0pt;width:78pt'><span\r\n  style='mso-spacerun:yes'>\u00a0<\/span>Tipo de Vialidad<\/td>\r\n  <td class=xl6427926 width=107 style='border-left:none;width:80pt'><span\r\n  style='mso-spacerun:yes'>\u00a0<\/span>Nombre Vialidad<\/td>\r\n  <td class=xl6427926 width=107 style='border-left:none;width:80pt'><span\r\n  style='mso-spacerun:yes'>\u00a0<\/span>N\u00famero Exterior<\/td>\r\n  <td class=xl6427926 width=133 style='border-left:none;width:100pt'><span\r\n  style='mso-spacerun:yes'>\u00a0<\/span>N\u00famero Interior, en su Caso<\/td>\r\n  <td class=xl6427926 width=110 style='border-left:none;width:83pt'><span\r\n  style='mso-spacerun:yes'>\u00a0<\/span>Tipo de Asentamiento..<\/td>\r\n  <td class=xl6427926 width=119 style='border-left:none;width:89pt'><span\r\n  style='mso-spacerun:yes'>\u00a0<\/span>Nombre Del Asentamiento<\/td>\r\n  <td class=xl6427926 width=89 style='border-left:none;width:67pt'><span\r\n  style='mso-spacerun:yes'>\u00a0<\/span>Clave de La Localidad<\/td>\r\n  <td class=xl6427926 width=81 style='border-left:none;width:61pt'><span\r\n  style='mso-spacerun:yes'>\u00a0<\/span>Nombre de La Localidad<\/td>\r\n  <td class=xl6427926 width=89 style='border-left:none;width:67pt'><span\r\n  style='mso-spacerun:yes'>\u00a0<\/span>Clave Del Municipio<\/td>\r\n  <td class=xl6427926 width=132 style='border-left:none;width:99pt'><span\r\n  style='mso-spacerun:yes'>\u00a0<\/span>Nombre Del Municipio O Delegaci\u00f3n<\/td>\r\n  <td class=xl6427926 width=131 style='border-left:none;width:98pt'><span\r\n  style='mso-spacerun:yes'>\u00a0<\/span>Clave de La Entidad Federativa<\/td>\r\n  <td class=xl6427926 width=117 style='border-left:none;width:88pt'><span\r\n  style='mso-spacerun:yes'>\u00a0<\/span>Nombre de La Entidad Federativa<\/td>\r\n  <td class=xl6427926 width=90 style='border-left:none;width:68pt'><span\r\n  style='mso-spacerun:yes'>\u00a0<\/span>C\u00f3digo Postal<\/td>\r\n  <td class=xl6427926 width=148 style='border-left:none;width:111pt'><span\r\n  style='mso-spacerun:yes'>\u00a0<\/span>N\u00famero Telef\u00f3nico Oficial 1<\/td>\r\n  <td class=xl6427926 width=56 style='border-left:none;width:42pt'><span\r\n  style='mso-spacerun:yes'>\u00a0<\/span>Ext.<\/td>\r\n  <td class=xl6427926 width=94 style='border-left:none;width:71pt'><span\r\n  style='mso-spacerun:yes'>\u00a0<\/span>N\u00famero Telef\u00f3nico Oficial 2<\/td>\r\n  <td class=xl6427926 width=56 style='border-left:none;width:42pt'><span\r\n  style='mso-spacerun:yes'>\u00a0<\/span>Ext.<\/td>\r\n  <td class=xl6427926 width=411 style='border-left:none;width:308pt'><span\r\n  style='mso-spacerun:yes'>\u00a0<\/span>Horario de Atenci\u00f3n de La Ut<\/td>\r\n  <td class=xl6427926 width=187 style='border-left:none;width:140pt'><span\r\n  style='mso-spacerun:yes'>\u00a0<\/span>Correo Electr\u00f3nico Oficial<\/td>\r\n  <td class=xl6427926 width=541 style='border-left:none;width:406pt'><span\r\n  style='mso-spacerun:yes'>\u00a0<\/span>Leyenda<\/td>\r\n  <td class=xl6427926 width=317 style='border-left:none;width:238pt'><span\r\n  style='mso-spacerun:yes'>\u00a0<\/span>Hiperv\u00ednculo a La Direcci\u00f3n Electr\u00f3nica<\/td>\r\n  <td class=xl6427926 width=272 style='border-left:none;width:204pt'><span\r\n  style='mso-spacerun:yes'>\u00a0<\/span>Responsable\/personal Habilitado para U.t.\r\n  <br>\r\n    Tabla_235279<\/td>\r\n  <td class=xl6427926 width=124 style='border-left:none;width:93pt'><span\r\n  style='mso-spacerun:yes'>\u00a0<\/span>Fecha de Validaci\u00f3n<\/td>\r\n  <td class=xl6427926 width=131 style='border-left:none;width:98pt'><span\r\n  style='mso-spacerun:yes'>\u00a0<\/span>\u00c1rea Responsable de La Informaci\u00f3n<\/td>\r\n  <td class=xl6427926 width=56 style='border-left:none;width:42pt'><span\r\n  style='mso-spacerun:yes'>\u00a0<\/span>A\u00f1o<\/td>\r\n  <td class=xl6427926 width=110 style='border-left:none;width:83pt'><span\r\n  style='mso-spacerun:yes'>\u00a0<\/span>Fecha de Actualizaci\u00f3n<\/td>\r\n  <td class=xl6427926 width=56 style='border-left:none;width:42pt'><span\r\n  style='mso-spacerun:yes'>\u00a0<\/span>Nota<\/td>\r\n <\/tr>\r\n <tr class=xl6727926 height=80 style='height:60.0pt'>\r\n  <td height=80 class=xl6827926 style='height:60.0pt;border-top:none'>Calle<\/td>\r\n  <td class=xl6827926 style='border-top:none;border-left:none'>Lauro L. M\u00e9ndez<\/td>\r\n  <td class=xl6827926 align=right style='border-top:none;border-left:none'>4<\/td>\r\n  <td class=xl6827926 style='border-top:none;border-left:none'>&nbsp;<\/td>\r\n  <td class=xl6827926 style='border-top:none;border-left:none'>Ciudad<\/td>\r\n  <td class=xl6827926 style='border-top:none;border-left:none'>Apan<\/td>\r\n  <td class=xl6827926 align=right style='border-top:none;border-left:none'>1<\/td>\r\n  <td class=xl6827926 style='border-top:none;border-left:none'>Apan<\/td>\r\n  <td class=xl6827926 align=right style='border-top:none;border-left:none'>8<\/td>\r\n  <td class=xl6827926 style='border-top:none;border-left:none'>Apan<\/td>\r\n  <td class=xl6827926 align=right style='border-top:none;border-left:none'>13<\/td>\r\n  <td class=xl6827926 style='border-top:none;border-left:none'>Hidalgo<\/td>\r\n  <td class=xl6827926 align=right style='border-top:none;border-left:none'>43900<\/td>\r\n  <td class=xl6827926 style='border-top:none;border-left:none'>01(748)9120316<\/td>\r\n  <td class=xl6827926 align=right style='border-top:none;border-left:none'>116<\/td>\r\n  <td class=xl6827926 style='border-top:none;border-left:none'>&nbsp;<\/td>\r\n  <td class=xl6827926 style='border-top:none;border-left:none'>&nbsp;<\/td>\r\n  <td class=xl6827926 style='border-top:none;border-left:none'>de lunea a\r\n  viernes de 9:00 a 15 Hrs. Y sabados de 9:00 a 12:00 hrs.<\/td>\r\n  <td class=xl6927926 style='border-top:none;border-left:none'><a\r\n  href=\"mailto:transparencia@apan.gob.mx\">transparencia@apan.gob.mx<\/a><\/td>\r\n  <td class=xl7027926 width=541 style='border-top:none;border-left:none;\r\n  width:406pt'>\u201cSe reciben solicitudes de informaci\u00f3n p\u00fablica respecto a\r\n  Presidencia Municipal de Apan, Hidalgo, a trav\u00e9s del correo electr\u00f3nico\r\n  oficial de la Unidad de Transparencia, en el domicilio oficial de \u00e9sta, v\u00eda\r\n  telef\u00f3nica, por correo postal, mensajer\u00eda, tel\u00e9grafo, verbalmente ante el\r\n  personal habilitado que las capturar\u00e1 en el sistema electr\u00f3nico de\r\n  solicitudes; o cualquier medio aprobado por el Sistema Nacional\u201d<\/td>\r\n  <td class=xl6827926 style='border-top:none;border-left:none'>http:\/\/infomex.hidalgo.gob.mx\/infomexhidalgo\/<\/td>\r\n  <td class=xl6827926 align=right style='border-top:none;border-left:none'>1<\/td>\r\n  <td class=xl7127926 align=right style='border-top:none;border-left:none'>15\/12\/2018<\/td>\r\n  <td class=xl6827926 style='border-top:none;border-left:none'>unidad de\r\n  transpare<span style='display:none'>ncia<\/span><\/td>\r\n  <td class=xl6827926 align=right style='border-top:none;border-left:none'>2018<\/td>\r\n  <td class=xl7127926 align=right style='border-top:none;border-left:none'>15\/12\/2018<\/td>\r\n  <td class=xl6827926 style='border-top:none;border-left:none'>&nbsp;<\/td>\r\n <\/tr>\r\n <![if supportMisalignedColumns]>\r\n <tr height=0 style='display:none'>\r\n  <td width=104 style='width:78pt'><\/td>\r\n  <td width=107 style='width:80pt'><\/td>\r\n  <td width=107 style='width:80pt'><\/td>\r\n  <td width=133 style='width:100pt'><\/td>\r\n  <td width=110 style='width:83pt'><\/td>\r\n  <td width=119 style='width:89pt'><\/td>\r\n  <td width=89 style='width:67pt'><\/td>\r\n  <td width=81 style='width:61pt'><\/td>\r\n  <td width=89 style='width:67pt'><\/td>\r\n  <td width=132 style='width:99pt'><\/td>\r\n  <td width=131 style='width:98pt'><\/td>\r\n  <td width=117 style='width:88pt'><\/td>\r\n  <td width=90 style='width:68pt'><\/td>\r\n  <td width=148 style='width:111pt'><\/td>\r\n  <td width=56 style='width:42pt'><\/td>\r\n  <td width=94 style='width:71pt'><\/td>\r\n  <td width=56 style='width:42pt'><\/td>\r\n  <td width=411 style='width:308pt'><\/td>\r\n  <td width=187 style='width:140pt'><\/td>\r\n  <td width=541 style='width:406pt'><\/td>\r\n  <td width=317 style='width:238pt'><\/td>\r\n  <td width=272 style='width:204pt'><\/td>\r\n  <td width=124 style='width:93pt'><\/td>\r\n  <td width=131 style='width:98pt'><\/td>\r\n  <td width=56 style='width:42pt'><\/td>\r\n  <td width=110 style='width:83pt'><\/td>\r\n  <td width=56 style='width:42pt'><\/td>\r\n <\/tr>\r\n <![endif]>\r\n<\/table>\r\n\r\n<\/div>\r\n\r\n\r\n<!----------------------------->\r\n<!--FINAL DE LOS RESULTADOS DEL ASISTENTE PARA PUBLICAR COMO P\u00c1GINA WEB DE\r\nEXCEL-->\r\n<!----------------------------->\r\n<\/body>\r\n\r\n<\/html>\r\n\t\t\t\t<\/div>\n\t\t\t\t<\/div>\n\t\t\t\t\t<\/div>\n\t\t<\/div>\n\t\t\t\t\t<\/div>\n\t\t<\/section>\n\t\t\t\t<\/div>\n\t\t","protected":false},"excerpt":{"rendered":"<p>&nbsp; Fracci\u00f3n XIII &lt;![if supportMisalignedColumns]&gt;&lt;![endif]&gt; 35909 T\u00cdTULO NOMBRE CORTO DESCRIPCI\u00d3N FRACCI\u00d3N XIII.- Domicilio de la Unidad de Transparencia. a69_f13 El domicilio de la Unidad de Transparencia, adem\u00e1s de la direcci\u00f3n electr\u00f3nica donde podr\u00e1n recibirse las solicitudes para obtener la informaci\u00f3n; 9 1 1 1 9 2 1 2 1 2 1 9 1 1 1 [&hellip;]<\/p>\n","protected":false},"author":1,"featured_media":0,"parent":4057,"menu_order":0,"comment_status":"closed","ping_status":"closed","template":"page-template-full.php","meta":{"footnotes":""},"class_list":["post-5569","page","type-page","status-publish","hentry"],"jetpack_sharing_enabled":true,"_links":{"self":[{"href":"https:\/\/apan.gob.mx\/portal\/wp-json\/wp\/v2\/pages\/5569","targetHints":{"allow":["GET"]}}],"collection":[{"href":"https:\/\/apan.gob.mx\/portal\/wp-json\/wp\/v2\/pages"}],"about":[{"href":"https:\/\/apan.gob.mx\/portal\/wp-json\/wp\/v2\/types\/page"}],"author":[{"embeddable":true,"href":"https:\/\/apan.gob.mx\/portal\/wp-json\/wp\/v2\/users\/1"}],"replies":[{"embeddable":true,"href":"https:\/\/apan.gob.mx\/portal\/wp-json\/wp\/v2\/comments?post=5569"}],"version-history":[{"count":3,"href":"https:\/\/apan.gob.mx\/portal\/wp-json\/wp\/v2\/pages\/5569\/revisions"}],"predecessor-version":[{"id":5573,"href":"https:\/\/apan.gob.mx\/portal\/wp-json\/wp\/v2\/pages\/5569\/revisions\/5573"}],"up":[{"embeddable":true,"href":"https:\/\/apan.gob.mx\/portal\/wp-json\/wp\/v2\/pages\/4057"}],"wp:attachment":[{"href":"https:\/\/apan.gob.mx\/portal\/wp-json\/wp\/v2\/media?parent=5569"}],"curies":[{"name":"wp","href":"https:\/\/api.w.org\/{rel}","templated":true}]}}