{"id":5574,"date":"2019-06-14T15:25:27","date_gmt":"2019-06-14T20:25:27","guid":{"rendered":"https:\/\/apan.gob.mx\/portal\/?page_id=5574"},"modified":"2019-06-14T15:28:04","modified_gmt":"2019-06-14T20:28:04","slug":"5574-2","status":"publish","type":"page","link":"https:\/\/apan.gob.mx\/portal\/4-trimestre-2018\/5574-2\/","title":{"rendered":"<!-secretaria_14_2018_4-->"},"content":{"rendered":"\t\t<div data-elementor-type=\"wp-page\" data-elementor-id=\"5574\" class=\"elementor elementor-5574 elementor-bc-flex-widget\">\n\t\t\t\t\t\t<section class=\"has_ae_slider elementor-section elementor-top-section elementor-element elementor-element-vftdydj elementor-section-boxed elementor-section-height-default elementor-section-height-default ae-bg-gallery-type-default\" data-id=\"vftdydj\" data-element_type=\"section\" data-e-type=\"section\">\n\t\t\t\t\t\t<div class=\"elementor-container elementor-column-gap-default\">\n\t\t\t\t\t<div class=\"has_ae_slider elementor-column elementor-col-100 elementor-top-column elementor-element elementor-element-raygehl ae-bg-gallery-type-default\" data-id=\"raygehl\" data-element_type=\"column\" data-e-type=\"column\">\n\t\t\t<div class=\"elementor-widget-wrap elementor-element-populated\">\n\t\t\t\t\t\t<div class=\"elementor-element elementor-element-cxprcsm elementor-widget elementor-widget-heading\" data-id=\"cxprcsm\" data-element_type=\"widget\" data-e-type=\"widget\" data-widget_type=\"heading.default\">\n\t\t\t\t<div class=\"elementor-widget-container\">\n\t\t\t\t\t<h2 class=\"elementor-heading-title elementor-size-medium\">Fracci\u00f3n XIV<\/h2>\t\t\t\t<\/div>\n\t\t\t\t<\/div>\n\t\t\t\t<div class=\"elementor-element elementor-element-tzjmnrb elementor-widget elementor-widget-html\" data-id=\"tzjmnrb\" data-element_type=\"widget\" data-e-type=\"widget\" data-widget_type=\"html.default\">\n\t\t\t\t<div class=\"elementor-widget-container\">\n\t\t\t\t\t<html xmlns:o=\"urn:schemas-microsoft-com:office:office\"\r\nxmlns:x=\"urn:schemas-microsoft-com:office:excel\"\r\nxmlns=\"http:\/\/www.w3.org\/TR\/REC-html40\">\r\n\r\n<head>\r\n<meta http-equiv=Content-Type content=\"text\/html; charset=windows-1252\">\r\n<meta name=ProgId content=Excel.Sheet>\r\n<meta name=Generator content=\"Microsoft Excel 14\">\r\n<link rel=File-List href=\"a69_f14_archivos\/filelist.xml\">\r\n<style id=\"a69_f14_9684_Styles\">\r\n<!--table\r\n\t{mso-displayed-decimal-separator:\"\\.\";\r\n\tmso-displayed-thousand-separator:\"\\,\";}\r\n.xl159684\r\n\t{padding-top:1px;\r\n\tpadding-right:1px;\r\n\tpadding-left:1px;\r\n\tmso-ignore:padding;\r\n\tcolor:black;\r\n\tfont-size:11.0pt;\r\n\tfont-weight:400;\r\n\tfont-style:normal;\r\n\ttext-decoration:none;\r\n\tfont-family:Calibri, sans-serif;\r\n\tmso-font-charset:0;\r\n\tmso-number-format:General;\r\n\ttext-align:general;\r\n\tvertical-align:bottom;\r\n\tmso-background-source:auto;\r\n\tmso-pattern:auto;\r\n\twhite-space:nowrap;}\r\n.xl659684\r\n\t{padding-top:1px;\r\n\tpadding-right:1px;\r\n\tpadding-left:1px;\r\n\tmso-ignore:padding;\r\n\tcolor:black;\r\n\tfont-size:10.0pt;\r\n\tfont-weight:400;\r\n\tfont-style:normal;\r\n\ttext-decoration:none;\r\n\tfont-family:Arial;\r\n\tmso-generic-font-family:auto;\r\n\tmso-font-charset:0;\r\n\tmso-number-format:General;\r\n\ttext-align:center;\r\n\tvertical-align:bottom;\r\n\tborder:.5pt solid windowtext;\r\n\tbackground:#E1E1E1;\r\n\tmso-pattern:black none;\r\n\twhite-space:normal;}\r\n.xl669684\r\n\t{padding-top:1px;\r\n\tpadding-right:1px;\r\n\tpadding-left:1px;\r\n\tmso-ignore:padding;\r\n\tcolor:black;\r\n\tfont-size:11.0pt;\r\n\tfont-weight:400;\r\n\tfont-style:normal;\r\n\ttext-decoration:none;\r\n\tfont-family:Calibri, sans-serif;\r\n\tmso-font-charset:0;\r\n\tmso-number-format:General;\r\n\ttext-align:general;\r\n\tvertical-align:middle;\r\n\tborder:.5pt solid windowtext;\r\n\tmso-background-source:auto;\r\n\tmso-pattern:auto;\r\n\twhite-space:normal;}\r\n.xl679684\r\n\t{padding-top:1px;\r\n\tpadding-right:1px;\r\n\tpadding-left:1px;\r\n\tmso-ignore:padding;\r\n\tcolor:black;\r\n\tfont-size:11.0pt;\r\n\tfont-weight:400;\r\n\tfont-style:normal;\r\n\ttext-decoration:none;\r\n\tfont-family:Calibri, sans-serif;\r\n\tmso-font-charset:0;\r\n\tmso-number-format:General;\r\n\ttext-align:general;\r\n\tvertical-align:middle;\r\n\tborder:.5pt solid windowtext;\r\n\tmso-background-source:auto;\r\n\tmso-pattern:auto;\r\n\twhite-space:nowrap;}\r\n.xl689684\r\n\t{padding-top:1px;\r\n\tpadding-right:1px;\r\n\tpadding-left:1px;\r\n\tmso-ignore:padding;\r\n\tcolor:black;\r\n\tfont-size:11.0pt;\r\n\tfont-weight:400;\r\n\tfont-style:normal;\r\n\ttext-decoration:none;\r\n\tfont-family:Calibri, sans-serif;\r\n\tmso-font-charset:0;\r\n\tmso-number-format:\"Short Date\";\r\n\ttext-align:general;\r\n\tvertical-align:middle;\r\n\tborder:.5pt solid windowtext;\r\n\tmso-background-source:auto;\r\n\tmso-pattern:auto;\r\n\twhite-space:nowrap;}\r\n.xl699684\r\n\t{padding-top:1px;\r\n\tpadding-right:1px;\r\n\tpadding-left:1px;\r\n\tmso-ignore:padding;\r\n\tcolor:#0563C1;\r\n\tfont-size:11.0pt;\r\n\tfont-weight:400;\r\n\tfont-style:normal;\r\n\ttext-decoration:underline;\r\n\ttext-underline-style:single;\r\n\tfont-family:Calibri, sans-serif;\r\n\tmso-font-charset:0;\r\n\tmso-number-format:General;\r\n\ttext-align:general;\r\n\tvertical-align:middle;\r\n\tborder:.5pt solid windowtext;\r\n\tmso-background-source:auto;\r\n\tmso-pattern:auto;\r\n\twhite-space:nowrap;}\r\n.xl709684\r\n\t{padding-top:1px;\r\n\tpadding-right:1px;\r\n\tpadding-left:1px;\r\n\tmso-ignore:padding;\r\n\tcolor:black;\r\n\tfont-size:11.0pt;\r\n\tfont-weight:400;\r\n\tfont-style:normal;\r\n\ttext-decoration:none;\r\n\tfont-family:Calibri, sans-serif;\r\n\tmso-font-charset:0;\r\n\tmso-number-format:General;\r\n\ttext-align:general;\r\n\tvertical-align:middle;\r\n\tmso-background-source:auto;\r\n\tmso-pattern:auto;\r\n\twhite-space:nowrap;}\r\n.xl719684\r\n\t{padding-top:1px;\r\n\tpadding-right:1px;\r\n\tpadding-left:1px;\r\n\tmso-ignore:padding;\r\n\tcolor:white;\r\n\tfont-size:11.0pt;\r\n\tfont-weight:700;\r\n\tfont-style:normal;\r\n\ttext-decoration:none;\r\n\tfont-family:Arial;\r\n\tmso-generic-font-family:auto;\r\n\tmso-font-charset:0;\r\n\tmso-number-format:General;\r\n\ttext-align:center;\r\n\tvertical-align:bottom;\r\n\tborder:.5pt solid windowtext;\r\n\tbackground:#333333;\r\n\tmso-pattern:black none;\r\n\twhite-space:nowrap;}\r\n.xl729684\r\n\t{padding-top:1px;\r\n\tpadding-right:1px;\r\n\tpadding-left:1px;\r\n\tmso-ignore:padding;\r\n\tcolor:black;\r\n\tfont-size:10.0pt;\r\n\tfont-weight:400;\r\n\tfont-style:normal;\r\n\ttext-decoration:none;\r\n\tfont-family:Arial;\r\n\tmso-generic-font-family:auto;\r\n\tmso-font-charset:0;\r\n\tmso-number-format:General;\r\n\ttext-align:general;\r\n\tvertical-align:bottom;\r\n\tborder:.5pt solid windowtext;\r\n\tbackground:#E1E1E1;\r\n\tmso-pattern:black none;\r\n\twhite-space:nowrap;}\r\n-->\r\n<\/style>\r\n<\/head>\r\n\r\n<body>\r\n<!--[if !excel]>&nbsp;&nbsp;<![endif]-->\r\n<!--La siguiente informaci\u00f3n se gener\u00f3 mediante el Asistente para publicar como\r\np\u00e1gina web de Microsoft Excel.-->\r\n<!--Si se vuelve a publicar el mismo elemento desde Excel, se reemplazar\u00e1 toda\r\nla informaci\u00f3n comprendida entre las etiquetas DIV.-->\r\n<!----------------------------->\r\n<!--INICIO DE LOS RESULTADOS DEL ASISTENTE PARA PUBLICAR COMO P\u00c1GINA WEB DE\r\nEXCEL -->\r\n<!----------------------------->\r\n\r\n<div id=\"a69_f14_9684\" align=center x:publishsource=\"Excel\">\r\n\r\n<table border=0 cellpadding=0 cellspacing=0 width=6239 style='border-collapse:\r\n collapse;table-layout:fixed;width:4682pt'>\r\n <col width=56 style='mso-width-source:userset;mso-width-alt:2048;width:42pt'>\r\n <col width=163 span=2 style='mso-width-source:userset;mso-width-alt:5961;\r\n width:122pt'>\r\n <col width=108 style='mso-width-source:userset;mso-width-alt:3949;width:81pt'>\r\n <col width=138 style='mso-width-source:userset;mso-width-alt:5046;width:104pt'>\r\n <col width=133 style='mso-width-source:userset;mso-width-alt:4864;width:100pt'>\r\n <col width=151 style='mso-width-source:userset;mso-width-alt:5522;width:113pt'>\r\n <col width=156 style='mso-width-source:userset;mso-width-alt:5705;width:117pt'>\r\n <col width=206 style='mso-width-source:userset;mso-width-alt:7533;width:155pt'>\r\n <col width=197 style='mso-width-source:userset;mso-width-alt:7204;width:148pt'>\r\n <col width=135 style='mso-width-source:userset;mso-width-alt:4937;width:101pt'>\r\n <col width=130 style='mso-width-source:userset;mso-width-alt:4754;width:98pt'>\r\n <col width=289 style='mso-width-source:userset;mso-width-alt:10569;width:217pt'>\r\n <col width=165 style='mso-width-source:userset;mso-width-alt:6034;width:124pt'>\r\n <col width=689 style='mso-width-source:userset;mso-width-alt:25197;width:517pt'>\r\n <col width=158 style='mso-width-source:userset;mso-width-alt:5778;width:119pt'>\r\n <col width=148 style='mso-width-source:userset;mso-width-alt:5412;width:111pt'>\r\n <col width=134 style='mso-width-source:userset;mso-width-alt:4900;width:101pt'>\r\n <col width=137 style='mso-width-source:userset;mso-width-alt:5010;width:103pt'>\r\n <col width=131 style='mso-width-source:userset;mso-width-alt:4790;width:98pt'>\r\n <col width=689 style='mso-width-source:userset;mso-width-alt:25197;width:517pt'>\r\n <col width=708 style='mso-width-source:userset;mso-width-alt:25892;width:531pt'>\r\n <col width=512 style='mso-width-source:userset;mso-width-alt:18724;width:384pt'>\r\n <col width=123 style='mso-width-source:userset;mso-width-alt:4498;width:92pt'>\r\n <col width=140 style='mso-width-source:userset;mso-width-alt:5120;width:105pt'>\r\n <col width=480 style='mso-width-source:userset;mso-width-alt:17554;width:360pt'>\r\n <tr height=0 style='display:none'>\r\n  <td class=xl159684 width=56 style='width:42pt'>44242<\/td>\r\n  <td class=xl159684 width=163 style='width:122pt'><\/td>\r\n  <td class=xl159684 width=163 style='width:122pt'><\/td>\r\n  <td class=xl159684 width=108 style='width:81pt'><\/td>\r\n  <td class=xl159684 width=138 style='width:104pt'><\/td>\r\n  <td class=xl159684 width=133 style='width:100pt'><\/td>\r\n  <td class=xl159684 width=151 style='width:113pt'><\/td>\r\n  <td class=xl159684 width=156 style='width:117pt'><\/td>\r\n  <td class=xl159684 width=206 style='width:155pt'><\/td>\r\n  <td class=xl159684 width=197 style='width:148pt'><\/td>\r\n  <td class=xl159684 width=135 style='width:101pt'><\/td>\r\n  <td class=xl159684 width=130 style='width:98pt'><\/td>\r\n  <td class=xl159684 width=289 style='width:217pt'><\/td>\r\n  <td class=xl159684 width=165 style='width:124pt'><\/td>\r\n  <td class=xl159684 width=689 style='width:517pt'><\/td>\r\n  <td class=xl159684 width=158 style='width:119pt'><\/td>\r\n  <td class=xl159684 width=148 style='width:111pt'><\/td>\r\n  <td class=xl159684 width=134 style='width:101pt'><\/td>\r\n  <td class=xl159684 width=137 style='width:103pt'><\/td>\r\n  <td class=xl159684 width=131 style='width:98pt'><\/td>\r\n  <td class=xl159684 width=689 style='width:517pt'><\/td>\r\n  <td class=xl159684 width=708 style='width:531pt'><\/td>\r\n  <td class=xl159684 width=512 style='width:384pt'><\/td>\r\n  <td class=xl159684 width=123 style='width:92pt'><\/td>\r\n  <td class=xl159684 width=140 style='width:105pt'><\/td>\r\n  <td class=xl159684 width=480 style='width:360pt'><\/td>\r\n <\/tr>\r\n <tr height=20 style='height:15.0pt'>\r\n  <td colspan=3 height=20 class=xl719684 style='height:15.0pt'>T\u00cdTULO<\/td>\r\n  <td colspan=3 class=xl719684>NOMBRE CORTO<\/td>\r\n  <td colspan=3 class=xl719684>DESCRIPCI\u00d3N<\/td>\r\n  <td class=xl159684><\/td>\r\n  <td class=xl159684><\/td>\r\n  <td class=xl159684><\/td>\r\n  <td class=xl159684><\/td>\r\n  <td class=xl159684><\/td>\r\n  <td class=xl159684><\/td>\r\n  <td class=xl159684><\/td>\r\n  <td class=xl159684><\/td>\r\n  <td class=xl159684><\/td>\r\n  <td class=xl159684><\/td>\r\n  <td class=xl159684><\/td>\r\n  <td class=xl159684><\/td>\r\n  <td class=xl159684><\/td>\r\n  <td class=xl159684><\/td>\r\n  <td class=xl159684><\/td>\r\n  <td class=xl159684><\/td>\r\n  <td class=xl159684><\/td>\r\n <\/tr>\r\n <tr height=20 style='height:15.0pt'>\r\n  <td colspan=3 height=20 class=xl729684 style='height:15.0pt'>Concursos para\r\n  ocupar cargos p\u00fablicos<\/td>\r\n  <td colspan=3 class=xl729684>a69_f14<\/td>\r\n  <td colspan=3 class=xl729684>Se publicar\u00e1n los avisos, invitaciones y\/o\r\n  convocatorias que emita para ocupar cualquier tipo de cargo, puesto o\r\n  equivalente; cuando sea sometido a concurso, p\u00fablico o cerrado, de acuerdo\r\n  con su naturaleza, normatividad aplicable, necesidades institucionales y su\r\n  presupuesto autorizado. Asimismo, se publicar\u00e1 el estado y\/o etapa en el que\r\n  se encuentra el proceso de selecci\u00f3n y los resultados.<span\r\n  style='mso-spacerun:yes'>\u00a0<\/span><\/td>\r\n  <td class=xl159684><\/td>\r\n  <td class=xl159684><\/td>\r\n  <td class=xl159684><\/td>\r\n  <td class=xl159684><\/td>\r\n  <td class=xl159684><\/td>\r\n  <td class=xl159684><\/td>\r\n  <td class=xl159684><\/td>\r\n  <td class=xl159684><\/td>\r\n  <td class=xl159684><\/td>\r\n  <td class=xl159684><\/td>\r\n  <td class=xl159684><\/td>\r\n  <td class=xl159684><\/td>\r\n  <td class=xl159684><\/td>\r\n  <td class=xl159684><\/td>\r\n  <td class=xl159684><\/td>\r\n  <td class=xl159684><\/td>\r\n  <td class=xl159684><\/td>\r\n <\/tr>\r\n <tr height=0 style='display:none'>\r\n  <td class=xl159684>1<\/td>\r\n  <td class=xl159684>4<\/td>\r\n  <td class=xl159684>4<\/td>\r\n  <td class=xl159684>9<\/td>\r\n  <td class=xl159684>9<\/td>\r\n  <td class=xl159684>9<\/td>\r\n  <td class=xl159684>1<\/td>\r\n  <td class=xl159684>1<\/td>\r\n  <td class=xl159684>2<\/td>\r\n  <td class=xl159684>1<\/td>\r\n  <td class=xl159684>6<\/td>\r\n  <td class=xl159684>6<\/td>\r\n  <td class=xl159684>4<\/td>\r\n  <td class=xl159684>1<\/td>\r\n  <td class=xl159684>7<\/td>\r\n  <td class=xl159684>9<\/td>\r\n  <td class=xl159684>3<\/td>\r\n  <td class=xl159684>1<\/td>\r\n  <td class=xl159684>1<\/td>\r\n  <td class=xl159684>1<\/td>\r\n  <td class=xl159684>7<\/td>\r\n  <td class=xl159684>7<\/td>\r\n  <td class=xl159684>2<\/td>\r\n  <td class=xl159684>4<\/td>\r\n  <td class=xl159684>13<\/td>\r\n  <td class=xl159684>14<\/td>\r\n <\/tr>\r\n <tr height=0 style='display:none'>\r\n  <td class=xl159684>350492<\/td>\r\n  <td class=xl159684>350494<\/td>\r\n  <td class=xl159684>350493<\/td>\r\n  <td class=xl159684>350488<\/td>\r\n  <td class=xl159684>350498<\/td>\r\n  <td class=xl159684>350489<\/td>\r\n  <td class=xl159684>350475<\/td>\r\n  <td class=xl159684>350499<\/td>\r\n  <td class=xl159684>350479<\/td>\r\n  <td class=xl159684>350478<\/td>\r\n  <td class=xl159684>350482<\/td>\r\n  <td class=xl159684>350483<\/td>\r\n  <td class=xl159684>350490<\/td>\r\n  <td class=xl159684>350497<\/td>\r\n  <td class=xl159684>350500<\/td>\r\n  <td class=xl159684>350485<\/td>\r\n  <td class=xl159684>350480<\/td>\r\n  <td class=xl159684>350476<\/td>\r\n  <td class=xl159684>350477<\/td>\r\n  <td class=xl159684>350491<\/td>\r\n  <td class=xl159684>350484<\/td>\r\n  <td class=xl159684>350501<\/td>\r\n  <td class=xl159684>350495<\/td>\r\n  <td class=xl159684>350481<\/td>\r\n  <td class=xl159684>350487<\/td>\r\n  <td class=xl159684>350496<\/td>\r\n <\/tr>\r\n <tr height=20 style='height:15.0pt'>\r\n  <td colspan=26 height=20 class=xl719684 style='height:15.0pt'>Tabla Campos<\/td>\r\n <\/tr>\r\n <tr height=35 style='height:26.25pt'>\r\n  <td height=35 class=xl659684 width=56 style='height:26.25pt;width:42pt'>Ejercicio<\/td>\r\n  <td class=xl659684 width=163 style='border-left:none;width:122pt'>Fecha de\r\n  inicio del periodo que se informa<\/td>\r\n  <td class=xl659684 width=163 style='border-left:none;width:122pt'>Fecha de\r\n  t\u00e9rmino del periodo que se informa<\/td>\r\n  <td class=xl659684 width=108 style='border-left:none;width:81pt'>Tipo de\r\n  evento (cat\u00e1logo)<\/td>\r\n  <td class=xl659684 width=138 style='border-left:none;width:104pt'>Alcance del\r\n  concurso (cat\u00e1logo)<\/td>\r\n  <td class=xl659684 width=133 style='border-left:none;width:100pt'>Tipo de\r\n  cargo o puesto (cat\u00e1logo)<\/td>\r\n  <td class=xl659684 width=151 style='border-left:none;width:113pt'>Clave o\r\n  nivel del puesto<span style='mso-spacerun:yes'>\u00a0<\/span><\/td>\r\n  <td class=xl659684 width=156 style='border-left:none;width:117pt'>Denominaci\u00f3n\r\n  del puesto<\/td>\r\n  <td class=xl659684 width=206 style='border-left:none;width:155pt'>Denominaci\u00f3n\r\n  del cargo o funci\u00f3n<\/td>\r\n  <td class=xl659684 width=197 style='border-left:none;width:148pt'>Denominaci\u00f3n\r\n  del \u00e1rea o unidad<\/td>\r\n  <td class=xl659684 width=135 style='border-left:none;width:101pt'>Salario\r\n  bruto mensual<\/td>\r\n  <td class=xl659684 width=130 style='border-left:none;width:98pt'>Salario neto\r\n  mensual<\/td>\r\n  <td class=xl659684 width=289 style='border-left:none;width:217pt'>Fecha de\r\n  publicaci\u00f3n del concurso, convocatoria, invitaci\u00f3n y\/o aviso<\/td>\r\n  <td class=xl659684 width=165 style='border-left:none;width:124pt'>N\u00famero de\r\n  la convocatoria<\/td>\r\n  <td class=xl659684 width=689 style='border-left:none;width:517pt'>Hiperv\u00ednculo\r\n  al documento<\/td>\r\n  <td class=xl659684 width=158 style='border-left:none;width:119pt'>Estado del\r\n  proceso del concurso (cat\u00e1logo)<\/td>\r\n  <td class=xl659684 width=148 style='border-left:none;width:111pt'>N\u00famero\r\n  total de candidatos registrados<\/td>\r\n  <td class=xl659684 width=134 style='border-left:none;width:101pt'>Nombre(s)\r\n  de la persona aceptada<\/td>\r\n  <td class=xl659684 width=137 style='border-left:none;width:103pt'>Primer\r\n  apellido de la persona aceptada<\/td>\r\n  <td class=xl659684 width=131 style='border-left:none;width:98pt'>Segundo\r\n  apellido de la persona aceptada<\/td>\r\n  <td class=xl659684 width=689 style='border-left:none;width:517pt'>Hiperv\u00ednculo\r\n  a la versi\u00f3n p\u00fablica del acta<\/td>\r\n  <td class=xl659684 width=708 style='border-left:none;width:531pt'>Hiperv\u00ednculo\r\n  al sistema electr\u00f3nico de convocatorias y\/o concursos, en su caso<\/td>\r\n  <td class=xl659684 width=512 style='border-left:none;width:384pt'>\u00c1rea(s)\r\n  responsable(s) que genera(n), posee(n), publica(n) y actualizan la\r\n  informaci\u00f3n<\/td>\r\n  <td class=xl659684 width=123 style='border-left:none;width:92pt'>Fecha de\r\n  validaci\u00f3n<\/td>\r\n  <td class=xl659684 width=140 style='border-left:none;width:105pt'>Fecha de\r\n  actualizaci\u00f3n<\/td>\r\n  <td class=xl659684 width=480 style='border-left:none;width:360pt'>Nota<\/td>\r\n <\/tr>\r\n <tr class=xl709684 height=60 style='height:45.0pt'>\r\n  <td height=60 class=xl679684 align=right style='height:45.0pt;border-top:\r\n  none'>2018<\/td>\r\n  <td class=xl689684 align=right style='border-top:none;border-left:none'>01\/10\/2018<\/td>\r\n  <td class=xl689684 align=right style='border-top:none;border-left:none'>31\/12\/2018<\/td>\r\n  <td class=xl679684 style='border-top:none;border-left:none'>&nbsp;<\/td>\r\n  <td class=xl679684 style='border-top:none;border-left:none'>&nbsp;<\/td>\r\n  <td class=xl679684 style='border-top:none;border-left:none'>&nbsp;<\/td>\r\n  <td class=xl679684 style='border-top:none;border-left:none'>&nbsp;<\/td>\r\n  <td class=xl679684 style='border-top:none;border-left:none'>&nbsp;<\/td>\r\n  <td class=xl679684 style='border-top:none;border-left:none'>&nbsp;<\/td>\r\n  <td class=xl679684 style='border-top:none;border-left:none'>&nbsp;<\/td>\r\n  <td class=xl679684 style='border-top:none;border-left:none'>&nbsp;<\/td>\r\n  <td class=xl679684 style='border-top:none;border-left:none'>&nbsp;<\/td>\r\n  <td class=xl679684 style='border-top:none;border-left:none'>&nbsp;<\/td>\r\n  <td class=xl679684 style='border-top:none;border-left:none'>&nbsp;<\/td>\r\n  <td class=xl699684 style='border-top:none;border-left:none'><a\r\n  href=\"https:\/\/www.apan.gob.mx\/descargables\/transparencia\/articulo69\/fraccion14\/2018_4\/secgral\/FraXIV1_1.pdf\">https:\/\/www.apan.gob.mx\/descargables\/transparencia\/articulo69\/fraccion14\/2018_4\/secgral\/FraXIV1_1.pdf<\/a><\/td>\r\n  <td class=xl679684 style='border-top:none;border-left:none'>&nbsp;<\/td>\r\n  <td class=xl679684 style='border-top:none;border-left:none'>&nbsp;<\/td>\r\n  <td class=xl679684 style='border-top:none;border-left:none'>&nbsp;<\/td>\r\n  <td class=xl679684 style='border-top:none;border-left:none'>&nbsp;<\/td>\r\n  <td class=xl679684 style='border-top:none;border-left:none'>&nbsp;<\/td>\r\n  <td class=xl699684 style='border-top:none;border-left:none'><a\r\n  href=\"https:\/\/www.apan.gob.mx\/descargables\/transparencia\/articulo69\/fraccion14\/2018_4\/secgral\/FraXIV1_2.pdf\">https:\/\/www.apan.gob.mx\/descargables\/transparencia\/articulo69\/fraccion14\/2018_4\/secgral\/FraXIV1_2.pdf<\/a><\/td>\r\n  <td class=xl699684 style='border-top:none;border-left:none'><a\r\n  href=\"https:\/\/www.apan.gob.mx\/descargables\/transparencia\/articulo69\/fraccion14\/2018_4\/secgral\/FraXIV1_3.pdf\">https:\/\/www.apan.gob.mx\/descargables\/transparencia\/articulo69\/fraccion14\/2018_4\/secgral\/FraXIV1_3.pdf<\/a><\/td>\r\n  <td class=xl679684 style='border-top:none;border-left:none'>Secretaria\r\n  General Municipal<\/td>\r\n  <td class=xl689684 align=right style='border-top:none;border-left:none'>11\/01\/2019<\/td>\r\n  <td class=xl689684 align=right style='border-top:none;border-left:none'>02\/12\/2018<\/td>\r\n  <td class=xl669684 width=480 style='border-top:none;border-left:none;\r\n  width:360pt'>En este trimestre no<span style='mso-spacerun:yes'>\u00a0 <\/span>se\r\n  han abierto<span style='mso-spacerun:yes'>\u00a0 <\/span>concursos para ocupar\r\n  cargos p\u00fablicos, por lo cual aparecen varios campos vacios que no han\r\n  generado informacion.<\/td>\r\n <\/tr>\r\n <![if supportMisalignedColumns]>\r\n <tr height=0 style='display:none'>\r\n  <td width=56 style='width:42pt'><\/td>\r\n  <td width=163 style='width:122pt'><\/td>\r\n  <td width=163 style='width:122pt'><\/td>\r\n  <td width=108 style='width:81pt'><\/td>\r\n  <td width=138 style='width:104pt'><\/td>\r\n  <td width=133 style='width:100pt'><\/td>\r\n  <td width=151 style='width:113pt'><\/td>\r\n  <td width=156 style='width:117pt'><\/td>\r\n  <td width=206 style='width:155pt'><\/td>\r\n  <td width=197 style='width:148pt'><\/td>\r\n  <td width=135 style='width:101pt'><\/td>\r\n  <td width=130 style='width:98pt'><\/td>\r\n  <td width=289 style='width:217pt'><\/td>\r\n  <td width=165 style='width:124pt'><\/td>\r\n  <td width=689 style='width:517pt'><\/td>\r\n  <td width=158 style='width:119pt'><\/td>\r\n  <td width=148 style='width:111pt'><\/td>\r\n  <td width=134 style='width:101pt'><\/td>\r\n  <td width=137 style='width:103pt'><\/td>\r\n  <td width=131 style='width:98pt'><\/td>\r\n  <td width=689 style='width:517pt'><\/td>\r\n  <td width=708 style='width:531pt'><\/td>\r\n  <td width=512 style='width:384pt'><\/td>\r\n  <td width=123 style='width:92pt'><\/td>\r\n  <td width=140 style='width:105pt'><\/td>\r\n  <td width=480 style='width:360pt'><\/td>\r\n <\/tr>\r\n <![endif]>\r\n<\/table>\r\n\r\n<\/div>\r\n\r\n\r\n<!----------------------------->\r\n<!--FINAL DE LOS RESULTADOS DEL ASISTENTE PARA PUBLICAR COMO P\u00c1GINA WEB DE\r\nEXCEL-->\r\n<!----------------------------->\r\n<\/body>\r\n\r\n<\/html>\r\n\t\t\t\t<\/div>\n\t\t\t\t<\/div>\n\t\t\t\t\t<\/div>\n\t\t<\/div>\n\t\t\t\t\t<\/div>\n\t\t<\/section>\n\t\t\t\t<\/div>\n\t\t","protected":false},"excerpt":{"rendered":"<p>Fracci\u00f3n XIV 44242 T\u00cdTULO NOMBRE CORTO DESCRIPCI\u00d3N Concursos para ocupar cargos p\u00fablicos a69_f14 Se publicar\u00e1n los avisos, invitaciones y\/o convocatorias que emita para ocupar cualquier tipo de cargo, puesto o equivalente; cuando sea sometido a concurso, p\u00fablico o cerrado, de acuerdo con su naturaleza, normatividad aplicable, necesidades institucionales y su presupuesto autorizado. Asimismo, se publicar\u00e1 [&hellip;]<\/p>\n","protected":false},"author":1,"featured_media":0,"parent":4057,"menu_order":0,"comment_status":"closed","ping_status":"closed","template":"page-template-full.php","meta":{"footnotes":""},"class_list":["post-5574","page","type-page","status-publish","hentry"],"jetpack_sharing_enabled":true,"_links":{"self":[{"href":"https:\/\/apan.gob.mx\/portal\/wp-json\/wp\/v2\/pages\/5574","targetHints":{"allow":["GET"]}}],"collection":[{"href":"https:\/\/apan.gob.mx\/portal\/wp-json\/wp\/v2\/pages"}],"about":[{"href":"https:\/\/apan.gob.mx\/portal\/wp-json\/wp\/v2\/types\/page"}],"author":[{"embeddable":true,"href":"https:\/\/apan.gob.mx\/portal\/wp-json\/wp\/v2\/users\/1"}],"replies":[{"embeddable":true,"href":"https:\/\/apan.gob.mx\/portal\/wp-json\/wp\/v2\/comments?post=5574"}],"version-history":[{"count":3,"href":"https:\/\/apan.gob.mx\/portal\/wp-json\/wp\/v2\/pages\/5574\/revisions"}],"predecessor-version":[{"id":5577,"href":"https:\/\/apan.gob.mx\/portal\/wp-json\/wp\/v2\/pages\/5574\/revisions\/5577"}],"up":[{"embeddable":true,"href":"https:\/\/apan.gob.mx\/portal\/wp-json\/wp\/v2\/pages\/4057"}],"wp:attachment":[{"href":"https:\/\/apan.gob.mx\/portal\/wp-json\/wp\/v2\/media?parent=5574"}],"curies":[{"name":"wp","href":"https:\/\/api.w.org\/{rel}","templated":true}]}}