{"id":5591,"date":"2019-06-14T15:53:58","date_gmt":"2019-06-14T20:53:58","guid":{"rendered":"https:\/\/apan.gob.mx\/portal\/?page_id=5591"},"modified":"2019-06-14T15:56:30","modified_gmt":"2019-06-14T20:56:30","slug":"5591-2","status":"publish","type":"page","link":"https:\/\/apan.gob.mx\/portal\/4-trimestre-2018\/5591-2\/","title":{"rendered":"<!-tesoreria_16_2018_4-->"},"content":{"rendered":"\t\t<div data-elementor-type=\"wp-page\" data-elementor-id=\"5591\" class=\"elementor elementor-5591 elementor-bc-flex-widget\">\n\t\t\t\t\t\t<section class=\"has_ae_slider elementor-section elementor-top-section elementor-element elementor-element-seqxxee elementor-section-boxed elementor-section-height-default elementor-section-height-default ae-bg-gallery-type-default\" data-id=\"seqxxee\" data-element_type=\"section\" data-e-type=\"section\">\n\t\t\t\t\t\t<div class=\"elementor-container elementor-column-gap-default\">\n\t\t\t\t\t<div class=\"has_ae_slider elementor-column elementor-col-100 elementor-top-column elementor-element elementor-element-rcbzjnz ae-bg-gallery-type-default\" data-id=\"rcbzjnz\" data-element_type=\"column\" data-e-type=\"column\">\n\t\t\t<div class=\"elementor-widget-wrap elementor-element-populated\">\n\t\t\t\t\t\t<div class=\"elementor-element elementor-element-vcqavjl elementor-widget elementor-widget-heading\" data-id=\"vcqavjl\" data-element_type=\"widget\" data-e-type=\"widget\" data-widget_type=\"heading.default\">\n\t\t\t\t<div class=\"elementor-widget-container\">\n\t\t\t\t\t<h2 class=\"elementor-heading-title elementor-size-medium\">Fracci\u00f3n XVI b<\/h2>\t\t\t\t<\/div>\n\t\t\t\t<\/div>\n\t\t\t\t<div class=\"elementor-element elementor-element-bvbdxdt elementor-widget elementor-widget-html\" data-id=\"bvbdxdt\" data-element_type=\"widget\" data-e-type=\"widget\" data-widget_type=\"html.default\">\n\t\t\t\t<div class=\"elementor-widget-container\">\n\t\t\t\t\t<html xmlns:o=\"urn:schemas-microsoft-com:office:office\"\r\nxmlns:x=\"urn:schemas-microsoft-com:office:excel\"\r\nxmlns=\"http:\/\/www.w3.org\/TR\/REC-html40\">\r\n\r\n<head>\r\n<meta http-equiv=Content-Type content=\"text\/html; charset=windows-1252\">\r\n<meta name=ProgId content=Excel.Sheet>\r\n<meta name=Generator content=\"Microsoft Excel 14\">\r\n<link rel=File-List\r\nhref=\"a69_f16_b%20t4%20AREA%20JURIDICO_archivos\/filelist.xml\">\r\n<style id=\"a69_f16_b t4 AREA JURIDICO_14226_Styles\">\r\n<!--table\r\n\t{mso-displayed-decimal-separator:\"\\.\";\r\n\tmso-displayed-thousand-separator:\"\\,\";}\r\n.xl1514226\r\n\t{padding-top:1px;\r\n\tpadding-right:1px;\r\n\tpadding-left:1px;\r\n\tmso-ignore:padding;\r\n\tcolor:black;\r\n\tfont-size:11.0pt;\r\n\tfont-weight:400;\r\n\tfont-style:normal;\r\n\ttext-decoration:none;\r\n\tfont-family:Calibri, sans-serif;\r\n\tmso-font-charset:0;\r\n\tmso-number-format:General;\r\n\ttext-align:general;\r\n\tvertical-align:bottom;\r\n\tmso-background-source:auto;\r\n\tmso-pattern:auto;\r\n\twhite-space:nowrap;}\r\n.xl6314226\r\n\t{padding-top:1px;\r\n\tpadding-right:1px;\r\n\tpadding-left:1px;\r\n\tmso-ignore:padding;\r\n\tcolor:black;\r\n\tfont-size:10.0pt;\r\n\tfont-weight:400;\r\n\tfont-style:normal;\r\n\ttext-decoration:none;\r\n\tfont-family:Arial, sans-serif;\r\n\tmso-font-charset:0;\r\n\tmso-number-format:General;\r\n\ttext-align:center;\r\n\tvertical-align:bottom;\r\n\tborder:.5pt solid windowtext;\r\n\tbackground:#E1E1E1;\r\n\tmso-pattern:black none;\r\n\twhite-space:normal;}\r\n.xl6414226\r\n\t{padding-top:1px;\r\n\tpadding-right:1px;\r\n\tpadding-left:1px;\r\n\tmso-ignore:padding;\r\n\tcolor:white;\r\n\tfont-size:11.0pt;\r\n\tfont-weight:700;\r\n\tfont-style:normal;\r\n\ttext-decoration:none;\r\n\tfont-family:Arial, sans-serif;\r\n\tmso-font-charset:0;\r\n\tmso-number-format:General;\r\n\ttext-align:center;\r\n\tvertical-align:bottom;\r\n\tborder:.5pt solid windowtext;\r\n\tbackground:#333333;\r\n\tmso-pattern:black none;\r\n\twhite-space:nowrap;}\r\n.xl6514226\r\n\t{padding-top:1px;\r\n\tpadding-right:1px;\r\n\tpadding-left:1px;\r\n\tmso-ignore:padding;\r\n\tcolor:black;\r\n\tfont-size:10.0pt;\r\n\tfont-weight:400;\r\n\tfont-style:normal;\r\n\ttext-decoration:none;\r\n\tfont-family:Arial, sans-serif;\r\n\tmso-font-charset:0;\r\n\tmso-number-format:General;\r\n\ttext-align:general;\r\n\tvertical-align:bottom;\r\n\tborder:.5pt solid windowtext;\r\n\tbackground:#E1E1E1;\r\n\tmso-pattern:black none;\r\n\twhite-space:nowrap;}\r\n.xl6614226\r\n\t{padding-top:1px;\r\n\tpadding-right:1px;\r\n\tpadding-left:1px;\r\n\tmso-ignore:padding;\r\n\tcolor:black;\r\n\tfont-size:11.0pt;\r\n\tfont-weight:400;\r\n\tfont-style:normal;\r\n\ttext-decoration:none;\r\n\tfont-family:Calibri, sans-serif;\r\n\tmso-font-charset:0;\r\n\tmso-number-format:General;\r\n\ttext-align:general;\r\n\tvertical-align:bottom;\r\n\tborder:.5pt solid windowtext;\r\n\tmso-background-source:auto;\r\n\tmso-pattern:auto;\r\n\twhite-space:nowrap;}\r\n.xl6714226\r\n\t{padding-top:1px;\r\n\tpadding-right:1px;\r\n\tpadding-left:1px;\r\n\tmso-ignore:padding;\r\n\tcolor:black;\r\n\tfont-size:11.0pt;\r\n\tfont-weight:400;\r\n\tfont-style:normal;\r\n\ttext-decoration:none;\r\n\tfont-family:Calibri, sans-serif;\r\n\tmso-font-charset:0;\r\n\tmso-number-format:\"Short Date\";\r\n\ttext-align:general;\r\n\tvertical-align:bottom;\r\n\tborder:.5pt solid windowtext;\r\n\tmso-background-source:auto;\r\n\tmso-pattern:auto;\r\n\twhite-space:nowrap;}\r\n-->\r\n<\/style>\r\n<\/head>\r\n\r\n<body>\r\n<!--[if !excel]>&nbsp;&nbsp;<![endif]-->\r\n<!--La siguiente informaci\u00f3n se gener\u00f3 mediante el Asistente para publicar como\r\np\u00e1gina web de Microsoft Excel.-->\r\n<!--Si se vuelve a publicar el mismo elemento desde Excel, se reemplazar\u00e1 toda\r\nla informaci\u00f3n comprendida entre las etiquetas DIV.-->\r\n<!----------------------------->\r\n<!--INICIO DE LOS RESULTADOS DEL ASISTENTE PARA PUBLICAR COMO P\u00c1GINA WEB DE\r\nEXCEL -->\r\n<!----------------------------->\r\n\r\n<div id=\"a69_f16_b t4 AREA JURIDICO_14226\" align=center x:publishsource=\"Excel\">\r\n\r\n<table border=0 cellpadding=0 cellspacing=0 width=4972 style='border-collapse:\r\n collapse;table-layout:fixed;width:3731pt'>\r\n <col width=56 style='mso-width-source:userset;mso-width-alt:2048;width:42pt'>\r\n <col width=255 style='mso-width-source:userset;mso-width-alt:9325;width:191pt'>\r\n <col width=270 style='mso-width-source:userset;mso-width-alt:9874;width:203pt'>\r\n <col width=218 style='mso-width-source:userset;mso-width-alt:7972;width:164pt'>\r\n <col width=544 style='mso-width-source:userset;mso-width-alt:19894;width:408pt'>\r\n <col width=264 style='mso-width-source:userset;mso-width-alt:9654;width:198pt'>\r\n <col width=253 style='mso-width-source:userset;mso-width-alt:9252;width:190pt'>\r\n <col width=169 style='mso-width-source:userset;mso-width-alt:6180;width:127pt'>\r\n <col width=378 style='mso-width-source:userset;mso-width-alt:13824;width:284pt'>\r\n <col width=327 style='mso-width-source:userset;mso-width-alt:11958;width:245pt'>\r\n <col width=588 style='mso-width-source:userset;mso-width-alt:21504;width:441pt'>\r\n <col width=290 style='mso-width-source:userset;mso-width-alt:10605;width:218pt'>\r\n <col width=512 style='mso-width-source:userset;mso-width-alt:18724;width:384pt'>\r\n <col width=123 style='mso-width-source:userset;mso-width-alt:4498;width:92pt'>\r\n <col width=141 style='mso-width-source:userset;mso-width-alt:5156;width:106pt'>\r\n <col width=584 style='mso-width-source:userset;mso-width-alt:21357;width:438pt'>\r\n <tr height=0 style='display:none'>\r\n  <td class=xl1514226 width=56 style='width:42pt'>46572<\/td>\r\n  <td class=xl1514226 width=255 style='width:191pt'><\/td>\r\n  <td class=xl1514226 width=270 style='width:203pt'><\/td>\r\n  <td class=xl1514226 width=218 style='width:164pt'><\/td>\r\n  <td class=xl1514226 width=544 style='width:408pt'><\/td>\r\n  <td class=xl1514226 width=264 style='width:198pt'><\/td>\r\n  <td class=xl1514226 width=253 style='width:190pt'><\/td>\r\n  <td class=xl1514226 width=169 style='width:127pt'><\/td>\r\n  <td class=xl1514226 width=378 style='width:284pt'><\/td>\r\n  <td class=xl1514226 width=327 style='width:245pt'><\/td>\r\n  <td class=xl1514226 width=588 style='width:441pt'><\/td>\r\n  <td class=xl1514226 width=290 style='width:218pt'><\/td>\r\n  <td class=xl1514226 width=512 style='width:384pt'><\/td>\r\n  <td class=xl1514226 width=123 style='width:92pt'><\/td>\r\n  <td class=xl1514226 width=141 style='width:106pt'><\/td>\r\n  <td class=xl1514226 width=584 style='width:438pt'><\/td>\r\n <\/tr>\r\n <tr height=20 style='height:15.0pt'>\r\n  <td colspan=3 height=20 class=xl6414226 style='height:15.0pt'>T\u00cdTULO<\/td>\r\n  <td colspan=3 class=xl6414226>NOMBRE CORTO<\/td>\r\n  <td colspan=3 class=xl6414226>DESCRIPCI\u00d3N<\/td>\r\n  <td class=xl1514226><\/td>\r\n  <td class=xl1514226><\/td>\r\n  <td class=xl1514226><\/td>\r\n  <td class=xl1514226><\/td>\r\n  <td class=xl1514226><\/td>\r\n  <td class=xl1514226><\/td>\r\n  <td class=xl1514226><\/td>\r\n <\/tr>\r\n <tr height=20 style='height:15.0pt'>\r\n  <td colspan=3 height=20 class=xl6514226 style='height:15.0pt'>Condiciones\r\n  generales de trabajo y sindicatos_Recursos p\u00fablicos entregados a sindicatos<\/td>\r\n  <td colspan=3 class=xl6514226>a69_f16_b<\/td>\r\n  <td colspan=3 class=xl6514226>Se publicar\u00e1 la informaci\u00f3n relacionada con los\r\n  recursos p\u00fablicos econ\u00f3micos, en especie o donativos, que el sujeto obligado\r\n  haya entregado a sindicatos<\/td>\r\n  <td class=xl1514226><\/td>\r\n  <td class=xl1514226><\/td>\r\n  <td class=xl1514226><\/td>\r\n  <td class=xl1514226><\/td>\r\n  <td class=xl1514226><\/td>\r\n  <td class=xl1514226><\/td>\r\n  <td class=xl1514226><\/td>\r\n <\/tr>\r\n <tr height=0 style='display:none'>\r\n  <td class=xl1514226>1<\/td>\r\n  <td class=xl1514226>4<\/td>\r\n  <td class=xl1514226>4<\/td>\r\n  <td class=xl1514226>9<\/td>\r\n  <td class=xl1514226>1<\/td>\r\n  <td class=xl1514226>2<\/td>\r\n  <td class=xl1514226>4<\/td>\r\n  <td class=xl1514226>2<\/td>\r\n  <td class=xl1514226>7<\/td>\r\n  <td class=xl1514226>7<\/td>\r\n  <td class=xl1514226>7<\/td>\r\n  <td class=xl1514226>7<\/td>\r\n  <td class=xl1514226>2<\/td>\r\n  <td class=xl1514226>4<\/td>\r\n  <td class=xl1514226>13<\/td>\r\n  <td class=xl1514226>14<\/td>\r\n <\/tr>\r\n <tr height=0 style='display:none'>\r\n  <td class=xl1514226>393675<\/td>\r\n  <td class=xl1514226>393684<\/td>\r\n  <td class=xl1514226>393685<\/td>\r\n  <td class=xl1514226>393683<\/td>\r\n  <td class=xl1514226>393676<\/td>\r\n  <td class=xl1514226>393690<\/td>\r\n  <td class=xl1514226>393678<\/td>\r\n  <td class=xl1514226>393677<\/td>\r\n  <td class=xl1514226>393680<\/td>\r\n  <td class=xl1514226>393688<\/td>\r\n  <td class=xl1514226>393681<\/td>\r\n  <td class=xl1514226>393682<\/td>\r\n  <td class=xl1514226>393687<\/td>\r\n  <td class=xl1514226>393679<\/td>\r\n  <td class=xl1514226>393686<\/td>\r\n  <td class=xl1514226>393689<\/td>\r\n <\/tr>\r\n <tr height=20 style='height:15.0pt'>\r\n  <td colspan=16 height=20 class=xl6414226 style='height:15.0pt'>Tabla Campos<\/td>\r\n <\/tr>\r\n <tr height=35 style='height:26.25pt'>\r\n  <td height=35 class=xl6314226 width=56 style='height:26.25pt;width:42pt'>Ejercicio<\/td>\r\n  <td class=xl6314226 width=255 style='border-left:none;width:191pt'>Fecha de\r\n  inicio del periodo que se informa<\/td>\r\n  <td class=xl6314226 width=270 style='border-left:none;width:203pt'>Fecha de\r\n  t\u00e9rmino del periodo que se informa<\/td>\r\n  <td class=xl6314226 width=218 style='border-left:none;width:164pt'>Tipo de\r\n  recursos p\u00fablicos (cat\u00e1logo)<\/td>\r\n  <td class=xl6314226 width=544 style='border-left:none;width:408pt'>Descripci\u00f3n\r\n  y\/o monto de los recursos p\u00fablicos entregados en efectivo, especie o\r\n  donativos<\/td>\r\n  <td class=xl6314226 width=264 style='border-left:none;width:198pt'>Motivos\r\n  por los cuales se entrega el recurso<\/td>\r\n  <td class=xl6314226 width=253 style='border-left:none;width:190pt'>Fecha de\r\n  entrega de los recursos p\u00fablicos<\/td>\r\n  <td class=xl6314226 width=169 style='border-left:none;width:127pt'>Denominaci\u00f3n\r\n  del sindicato<\/td>\r\n  <td class=xl6314226 width=378 style='border-left:none;width:284pt'>Hiperv\u00ednculo\r\n  al documento de petici\u00f3n del donativo, en su caso<\/td>\r\n  <td class=xl6314226 width=327 style='border-left:none;width:245pt'>Hiperv\u00ednculo\r\n  al informe de uso de recursos, en su caso<\/td>\r\n  <td class=xl6314226 width=588 style='border-left:none;width:441pt'>Hiperv\u00ednculo\r\n  al Programa(s) con objetivos y metas por los que se entregan los recursos, en\r\n  su caso<\/td>\r\n  <td class=xl6314226 width=290 style='border-left:none;width:218pt'>Hiperv\u00ednculo\r\n  a programas con objetivos y metas<\/td>\r\n  <td class=xl6314226 width=512 style='border-left:none;width:384pt'>\u00c1rea(s)\r\n  responsable(s) que genera(n), posee(n), publica(n) y actualizan la\r\n  informaci\u00f3n<\/td>\r\n  <td class=xl6314226 width=123 style='border-left:none;width:92pt'>Fecha de\r\n  validaci\u00f3n<\/td>\r\n  <td class=xl6314226 width=141 style='border-left:none;width:106pt'>Fecha de\r\n  Actualizaci\u00f3n<\/td>\r\n  <td class=xl6314226 width=584 style='border-left:none;width:438pt'>Nota<\/td>\r\n <\/tr>\r\n <tr height=20 style='height:15.0pt'>\r\n  <td height=20 class=xl6614226 align=right style='height:15.0pt;border-top:\r\n  none'>2018<\/td>\r\n  <td class=xl6714226 align=right style='border-top:none;border-left:none'>01\/10\/2018<\/td>\r\n  <td class=xl6714226 align=right style='border-top:none;border-left:none'>31\/12\/2018<\/td>\r\n  <td class=xl6614226 style='border-top:none;border-left:none'>&nbsp;<\/td>\r\n  <td class=xl6614226 style='border-top:none;border-left:none'>no se entrega\r\n  recurso publico a sindicatos<\/td>\r\n  <td class=xl6614226 align=right style='border-top:none;border-left:none'>0<\/td>\r\n  <td class=xl6614226 style='border-top:none;border-left:none'>&nbsp;<\/td>\r\n  <td class=xl6614226 style='border-top:none;border-left:none'>Sindicato \u00fanico\r\n  de trabajad<span style='display:none'>ores al servicio del municipio de Apan,\r\n  Hidalgo.<\/span><\/td>\r\n  <td class=xl6614226 style='border-top:none;border-left:none'>&nbsp;<\/td>\r\n  <td class=xl6614226 style='border-top:none;border-left:none'>&nbsp;<\/td>\r\n  <td class=xl6614226 style='border-top:none;border-left:none'>&nbsp;<\/td>\r\n  <td class=xl6614226 style='border-top:none;border-left:none'>&nbsp;<\/td>\r\n  <td class=xl6614226 style='border-top:none;border-left:none'>Tesoreria\r\n  Municipal<\/td>\r\n  <td class=xl6714226 align=right style='border-top:none;border-left:none'>04\/01\/2019<\/td>\r\n  <td class=xl6714226 align=right style='border-top:none;border-left:none'>01\/10\/2018<\/td>\r\n  <td class=xl6614226 style='border-top:none;border-left:none'>Hasta el momento\r\n  de informar este trimestre no se entregan recursos p\u00fablicos<span\r\n  style='mso-spacerun:yes'>\u00a0 <\/span>a sindicatos<span\r\n  style='mso-spacerun:yes'>\u00a0<\/span><\/td>\r\n <\/tr>\r\n <![if supportMisalignedColumns]>\r\n <tr height=0 style='display:none'>\r\n  <td width=56 style='width:42pt'><\/td>\r\n  <td width=255 style='width:191pt'><\/td>\r\n  <td width=270 style='width:203pt'><\/td>\r\n  <td width=218 style='width:164pt'><\/td>\r\n  <td width=544 style='width:408pt'><\/td>\r\n  <td width=264 style='width:198pt'><\/td>\r\n  <td width=253 style='width:190pt'><\/td>\r\n  <td width=169 style='width:127pt'><\/td>\r\n  <td width=378 style='width:284pt'><\/td>\r\n  <td width=327 style='width:245pt'><\/td>\r\n  <td width=588 style='width:441pt'><\/td>\r\n  <td width=290 style='width:218pt'><\/td>\r\n  <td width=512 style='width:384pt'><\/td>\r\n  <td width=123 style='width:92pt'><\/td>\r\n  <td width=141 style='width:106pt'><\/td>\r\n  <td width=584 style='width:438pt'><\/td>\r\n <\/tr>\r\n <![endif]>\r\n<\/table>\r\n\r\n<\/div>\r\n\r\n\r\n<!----------------------------->\r\n<!--FINAL DE LOS RESULTADOS DEL ASISTENTE PARA PUBLICAR COMO P\u00c1GINA WEB DE\r\nEXCEL-->\r\n<!----------------------------->\r\n<\/body>\r\n\r\n<\/html>\r\n\t\t\t\t<\/div>\n\t\t\t\t<\/div>\n\t\t\t\t\t<\/div>\n\t\t<\/div>\n\t\t\t\t\t<\/div>\n\t\t<\/section>\n\t\t\t\t<\/div>\n\t\t","protected":false},"excerpt":{"rendered":"<p>&nbsp; Fracci\u00f3n XVI b &nbsp; &lt;![if supportMisalignedColumns]&gt;&lt;![endif]&gt; 46572 T\u00cdTULO NOMBRE CORTO DESCRIPCI\u00d3N Condiciones generales de trabajo y sindicatos_Recursos p\u00fablicos entregados a sindicatos a69_f16_b Se publicar\u00e1 la informaci\u00f3n relacionada con los recursos p\u00fablicos econ\u00f3micos, en especie o donativos, que el sujeto obligado haya entregado a sindicatos 1 4 4 9 1 2 4 2 7 7 [&hellip;]<\/p>\n","protected":false},"author":1,"featured_media":0,"parent":4057,"menu_order":0,"comment_status":"closed","ping_status":"closed","template":"page-template-full.php","meta":{"footnotes":""},"class_list":["post-5591","page","type-page","status-publish","hentry"],"jetpack_sharing_enabled":true,"_links":{"self":[{"href":"https:\/\/apan.gob.mx\/portal\/wp-json\/wp\/v2\/pages\/5591","targetHints":{"allow":["GET"]}}],"collection":[{"href":"https:\/\/apan.gob.mx\/portal\/wp-json\/wp\/v2\/pages"}],"about":[{"href":"https:\/\/apan.gob.mx\/portal\/wp-json\/wp\/v2\/types\/page"}],"author":[{"embeddable":true,"href":"https:\/\/apan.gob.mx\/portal\/wp-json\/wp\/v2\/users\/1"}],"replies":[{"embeddable":true,"href":"https:\/\/apan.gob.mx\/portal\/wp-json\/wp\/v2\/comments?post=5591"}],"version-history":[{"count":3,"href":"https:\/\/apan.gob.mx\/portal\/wp-json\/wp\/v2\/pages\/5591\/revisions"}],"predecessor-version":[{"id":5595,"href":"https:\/\/apan.gob.mx\/portal\/wp-json\/wp\/v2\/pages\/5591\/revisions\/5595"}],"up":[{"embeddable":true,"href":"https:\/\/apan.gob.mx\/portal\/wp-json\/wp\/v2\/pages\/4057"}],"wp:attachment":[{"href":"https:\/\/apan.gob.mx\/portal\/wp-json\/wp\/v2\/media?parent=5591"}],"curies":[{"name":"wp","href":"https:\/\/api.w.org\/{rel}","templated":true}]}}