{"id":5995,"date":"2019-06-18T23:13:38","date_gmt":"2019-06-19T04:13:38","guid":{"rendered":"https:\/\/apan.gob.mx\/portal\/?page_id=5995"},"modified":"2019-06-18T23:18:56","modified_gmt":"2019-06-19T04:18:56","slug":"5995-2","status":"publish","type":"page","link":"https:\/\/apan.gob.mx\/portal\/4-trimestre-2018\/5995-2\/","title":{"rendered":"<!--tesoreria_45_2018_4-->"},"content":{"rendered":"\t\t<div data-elementor-type=\"wp-page\" data-elementor-id=\"5995\" class=\"elementor elementor-5995 elementor-bc-flex-widget\">\n\t\t\t\t\t\t<section class=\"has_ae_slider elementor-section elementor-top-section elementor-element elementor-element-jqnluas elementor-section-boxed elementor-section-height-default elementor-section-height-default ae-bg-gallery-type-default\" data-id=\"jqnluas\" data-element_type=\"section\" data-e-type=\"section\">\n\t\t\t\t\t\t<div class=\"elementor-container elementor-column-gap-default\">\n\t\t\t\t\t<div class=\"has_ae_slider elementor-column elementor-col-100 elementor-top-column elementor-element elementor-element-gnecrjc ae-bg-gallery-type-default\" data-id=\"gnecrjc\" data-element_type=\"column\" data-e-type=\"column\">\n\t\t\t<div class=\"elementor-widget-wrap elementor-element-populated\">\n\t\t\t\t\t\t<div class=\"elementor-element elementor-element-wniwpye elementor-widget elementor-widget-heading\" data-id=\"wniwpye\" data-element_type=\"widget\" data-e-type=\"widget\" data-widget_type=\"heading.default\">\n\t\t\t\t<div class=\"elementor-widget-container\">\n\t\t\t\t\t<h2 class=\"elementor-heading-title elementor-size-medium\">Fracci\u00f3n XLV<\/h2>\t\t\t\t<\/div>\n\t\t\t\t<\/div>\n\t\t\t\t<div class=\"elementor-element elementor-element-odclcsm elementor-widget elementor-widget-html\" data-id=\"odclcsm\" data-element_type=\"widget\" data-e-type=\"widget\" data-widget_type=\"html.default\">\n\t\t\t\t<div class=\"elementor-widget-container\">\n\t\t\t\t\t<html xmlns:o=\"urn:schemas-microsoft-com:office:office\"\r\nxmlns:x=\"urn:schemas-microsoft-com:office:excel\"\r\nxmlns=\"http:\/\/www.w3.org\/TR\/REC-html40\">\r\n\r\n<head>\r\n<meta http-equiv=Content-Type content=\"text\/html; charset=windows-1252\">\r\n<meta name=ProgId content=Excel.Sheet>\r\n<meta name=Generator content=\"Microsoft Excel 14\">\r\n<link rel=File-List href=\"a69_f45%20(11)_archivos\/filelist.xml\">\r\n<style id=\"a69_f45 (11)_32484_Styles\">\r\n<!--table\r\n\t{mso-displayed-decimal-separator:\"\\.\";\r\n\tmso-displayed-thousand-separator:\"\\,\";}\r\n.xl1532484\r\n\t{padding-top:1px;\r\n\tpadding-right:1px;\r\n\tpadding-left:1px;\r\n\tmso-ignore:padding;\r\n\tcolor:black;\r\n\tfont-size:11.0pt;\r\n\tfont-weight:400;\r\n\tfont-style:normal;\r\n\ttext-decoration:none;\r\n\tfont-family:Calibri, sans-serif;\r\n\tmso-font-charset:0;\r\n\tmso-number-format:General;\r\n\ttext-align:general;\r\n\tvertical-align:bottom;\r\n\tmso-background-source:auto;\r\n\tmso-pattern:auto;\r\n\twhite-space:nowrap;}\r\n.xl6532484\r\n\t{padding-top:1px;\r\n\tpadding-right:1px;\r\n\tpadding-left:1px;\r\n\tmso-ignore:padding;\r\n\tcolor:black;\r\n\tfont-size:10.0pt;\r\n\tfont-weight:400;\r\n\tfont-style:normal;\r\n\ttext-decoration:none;\r\n\tfont-family:Arial;\r\n\tmso-generic-font-family:auto;\r\n\tmso-font-charset:0;\r\n\tmso-number-format:General;\r\n\ttext-align:center;\r\n\tvertical-align:bottom;\r\n\tborder:.5pt solid windowtext;\r\n\tbackground:#E1E1E1;\r\n\tmso-pattern:black none;\r\n\twhite-space:normal;}\r\n.xl6632484\r\n\t{padding-top:1px;\r\n\tpadding-right:1px;\r\n\tpadding-left:1px;\r\n\tmso-ignore:padding;\r\n\tcolor:white;\r\n\tfont-size:11.0pt;\r\n\tfont-weight:700;\r\n\tfont-style:normal;\r\n\ttext-decoration:none;\r\n\tfont-family:Arial;\r\n\tmso-generic-font-family:auto;\r\n\tmso-font-charset:0;\r\n\tmso-number-format:General;\r\n\ttext-align:center;\r\n\tvertical-align:bottom;\r\n\tborder:.5pt solid windowtext;\r\n\tbackground:#333333;\r\n\tmso-pattern:black none;\r\n\twhite-space:normal;}\r\n.xl6732484\r\n\t{padding-top:1px;\r\n\tpadding-right:1px;\r\n\tpadding-left:1px;\r\n\tmso-ignore:padding;\r\n\tcolor:black;\r\n\tfont-size:10.0pt;\r\n\tfont-weight:400;\r\n\tfont-style:normal;\r\n\ttext-decoration:none;\r\n\tfont-family:Arial;\r\n\tmso-generic-font-family:auto;\r\n\tmso-font-charset:0;\r\n\tmso-number-format:General;\r\n\ttext-align:general;\r\n\tvertical-align:bottom;\r\n\tborder:.5pt solid windowtext;\r\n\tbackground:#E1E1E1;\r\n\tmso-pattern:black none;\r\n\twhite-space:nowrap;}\r\n.xl6832484\r\n\t{padding-top:1px;\r\n\tpadding-right:1px;\r\n\tpadding-left:1px;\r\n\tmso-ignore:padding;\r\n\tcolor:black;\r\n\tfont-size:11.0pt;\r\n\tfont-weight:400;\r\n\tfont-style:normal;\r\n\ttext-decoration:none;\r\n\tfont-family:Calibri, sans-serif;\r\n\tmso-font-charset:0;\r\n\tmso-number-format:General;\r\n\ttext-align:general;\r\n\tvertical-align:bottom;\r\n\tborder:.5pt solid windowtext;\r\n\tmso-background-source:auto;\r\n\tmso-pattern:auto;\r\n\twhite-space:nowrap;}\r\n.xl6932484\r\n\t{padding-top:1px;\r\n\tpadding-right:1px;\r\n\tpadding-left:1px;\r\n\tmso-ignore:padding;\r\n\tcolor:black;\r\n\tfont-size:11.0pt;\r\n\tfont-weight:400;\r\n\tfont-style:normal;\r\n\ttext-decoration:none;\r\n\tfont-family:Calibri, sans-serif;\r\n\tmso-font-charset:0;\r\n\tmso-number-format:\"Short Date\";\r\n\ttext-align:general;\r\n\tvertical-align:bottom;\r\n\tborder:.5pt solid windowtext;\r\n\tmso-background-source:auto;\r\n\tmso-pattern:auto;\r\n\twhite-space:nowrap;}\r\n.xl7032484\r\n\t{padding-top:1px;\r\n\tpadding-right:1px;\r\n\tpadding-left:1px;\r\n\tmso-ignore:padding;\r\n\tcolor:#0563C1;\r\n\tfont-size:11.0pt;\r\n\tfont-weight:400;\r\n\tfont-style:normal;\r\n\ttext-decoration:underline;\r\n\ttext-underline-style:single;\r\n\tfont-family:Calibri, sans-serif;\r\n\tmso-font-charset:0;\r\n\tmso-number-format:General;\r\n\ttext-align:general;\r\n\tvertical-align:bottom;\r\n\tborder:.5pt solid windowtext;\r\n\tmso-background-source:auto;\r\n\tmso-pattern:auto;\r\n\twhite-space:nowrap;}\r\n-->\r\n<\/style>\r\n<\/head>\r\n\r\n<body>\r\n<!--[if !excel]>&nbsp;&nbsp;<![endif]-->\r\n<!--La siguiente informaci\u00f3n se gener\u00f3 mediante el Asistente para publicar como\r\np\u00e1gina web de Microsoft Excel.-->\r\n<!--Si se vuelve a publicar el mismo elemento desde Excel, se reemplazar\u00e1 toda\r\nla informaci\u00f3n comprendida entre las etiquetas DIV.-->\r\n<!----------------------------->\r\n<!--INICIO DE LOS RESULTADOS DEL ASISTENTE PARA PUBLICAR COMO P\u00c1GINA WEB DE\r\nEXCEL -->\r\n<!----------------------------->\r\n\r\n<div id=\"a69_f45 (11)_32484\" align=center x:publishsource=\"Excel\">\r\n\r\n<table border=0 cellpadding=0 cellspacing=0 width=2943 style='border-collapse:\r\n collapse;table-layout:fixed;width:2208pt'>\r\n <col width=56 style='mso-width-source:userset;mso-width-alt:2048;width:42pt'>\r\n <col width=159 span=2 style='mso-width-source:userset;mso-width-alt:5814;\r\n width:119pt'>\r\n <col width=156 style='mso-width-source:userset;mso-width-alt:5705;width:117pt'>\r\n <col width=693 style='mso-width-source:userset;mso-width-alt:25344;width:520pt'>\r\n <col width=464 style='mso-width-source:userset;mso-width-alt:16969;width:348pt'>\r\n <col width=361 style='mso-width-source:userset;mso-width-alt:13202;width:271pt'>\r\n <col width=113 span=2 style='mso-width-source:userset;mso-width-alt:4132;\r\n width:85pt'>\r\n <col width=669 style='mso-width-source:userset;mso-width-alt:24466;width:502pt'>\r\n <tr height=0 style='display:none'>\r\n  <td class=xl1532484 width=56 style='width:42pt'>45771<\/td>\r\n  <td class=xl1532484 width=159 style='width:119pt'><\/td>\r\n  <td class=xl1532484 width=159 style='width:119pt'><\/td>\r\n  <td class=xl1532484 width=156 style='width:117pt'><\/td>\r\n  <td class=xl1532484 width=693 style='width:520pt'><\/td>\r\n  <td class=xl1532484 width=464 style='width:348pt'><\/td>\r\n  <td class=xl1532484 width=361 style='width:271pt'><\/td>\r\n  <td class=xl1532484 width=113 style='width:85pt'><\/td>\r\n  <td class=xl1532484 width=113 style='width:85pt'><\/td>\r\n  <td class=xl1532484 width=669 style='width:502pt'><\/td>\r\n <\/tr>\r\n <tr height=20 style='height:15.0pt'>\r\n  <td colspan=3 height=20 class=xl6632484 width=374 style='height:15.0pt;\r\n  width:280pt'>T\u00cdTULO<\/td>\r\n  <td colspan=3 class=xl6632484 width=1313 style='width:985pt'>NOMBRE CORTO<\/td>\r\n  <td colspan=3 class=xl6632484 width=587 style='width:441pt'>DESCRIPCI\u00d3N<\/td>\r\n  <td class=xl1532484><\/td>\r\n <\/tr>\r\n <tr height=20 style='height:15.0pt'>\r\n  <td colspan=3 height=20 class=xl6732484 style='height:15.0pt'>Cat\u00e1logo de\r\n  disposici\u00f3n documental y gu\u00eda simple de archivos<\/td>\r\n  <td colspan=3 class=xl6732484>a69_f45<\/td>\r\n  <td colspan=3 class=xl6732484>Se publicar\u00e1n los instrumentos de control y\r\n  consulta archiv\u00edstica que le permitan organizar, administrar, conservar y\r\n  localizar de manera expedita sus archivos<\/td>\r\n  <td class=xl1532484><\/td>\r\n <\/tr>\r\n <tr height=0 style='display:none'>\r\n  <td class=xl1532484>1<\/td>\r\n  <td class=xl1532484>4<\/td>\r\n  <td class=xl1532484>4<\/td>\r\n  <td class=xl1532484>9<\/td>\r\n  <td class=xl1532484>7<\/td>\r\n  <td class=xl1532484>10<\/td>\r\n  <td class=xl1532484>2<\/td>\r\n  <td class=xl1532484>4<\/td>\r\n  <td class=xl1532484>13<\/td>\r\n  <td class=xl1532484>14<\/td>\r\n <\/tr>\r\n <tr height=0 style='display:none'>\r\n  <td class=xl1532484>379152<\/td>\r\n  <td class=xl1532484>379160<\/td>\r\n  <td class=xl1532484>379161<\/td>\r\n  <td class=xl1532484>379155<\/td>\r\n  <td class=xl1532484>379154<\/td>\r\n  <td class=xl1532484>379156<\/td>\r\n  <td class=xl1532484>379159<\/td>\r\n  <td class=xl1532484>379153<\/td>\r\n  <td class=xl1532484>379157<\/td>\r\n  <td class=xl1532484>379158<\/td>\r\n <\/tr>\r\n <tr height=20 style='height:15.0pt'>\r\n  <td colspan=10 height=20 class=xl6632484 width=2943 style='height:15.0pt;\r\n  width:2208pt'>Tabla Campos<\/td>\r\n <\/tr>\r\n <tr height=35 style='height:26.25pt'>\r\n  <td height=35 class=xl6532484 width=56 style='height:26.25pt;width:42pt'>Ejercicio<\/td>\r\n  <td class=xl6532484 width=159 style='border-left:none;width:119pt'>Fecha de\r\n  inicio del periodo que se informa<\/td>\r\n  <td class=xl6532484 width=159 style='border-left:none;width:119pt'>Fecha de\r\n  t\u00e9rmino del periodo que se informa<\/td>\r\n  <td class=xl6532484 width=156 style='border-left:none;width:117pt'>Instrumento\r\n  archiv\u00edstico (cat\u00e1logo)<\/td>\r\n  <td class=xl6532484 width=693 style='border-left:none;width:520pt'>Hiperv\u00ednculo\r\n  a los documentos<\/td>\r\n  <td class=xl6532484 width=464 style='border-left:none;width:348pt'>Nombre\r\n  completo del (la) responsable e integrantes del \u00e1rea, cargo y puesto<span\r\n  style='mso-spacerun:yes'>\u00a0 <\/span><br>\r\n    Tabla_379156<\/td>\r\n  <td class=xl6532484 width=361 style='border-left:none;width:271pt'>\u00c1rea(s)\r\n  responsable(s) que genera(n), posee(n), publica(n) y actualizan la\r\n  informaci\u00f3n<\/td>\r\n  <td class=xl6532484 width=113 style='border-left:none;width:85pt'>Fecha de\r\n  validaci\u00f3n<\/td>\r\n  <td class=xl6532484 width=113 style='border-left:none;width:85pt'>Fecha de\r\n  actualizaci\u00f3n<\/td>\r\n  <td class=xl6532484 width=669 style='border-left:none;width:502pt'>Nota<\/td>\r\n <\/tr>\r\n <tr height=20 style='height:15.0pt'>\r\n  <td height=20 class=xl6832484 align=right style='height:15.0pt;border-top:\r\n  none'>2018<\/td>\r\n  <td class=xl6932484 align=right style='border-top:none;border-left:none'>01\/10\/2018<\/td>\r\n  <td class=xl6932484 align=right style='border-top:none;border-left:none'>31\/12\/2018<\/td>\r\n  <td class=xl6832484 style='border-top:none;border-left:none'>&nbsp;<\/td>\r\n  <td class=xl7032484 style='border-top:none;border-left:none'><a\r\n  href=\"https:\/\/www.apan.gob.mx\/descargables\/transparencia\/articulo69\/fraccion45\/2018_4\/secgral\/FrXLVa1_1.pdf\">https:\/\/www.apan.gob.mx\/descargables\/transparencia\/articulo69\/fraccion45\/2018_4\/secgral\/FrXLVa1_1.pdf<\/a><\/td>\r\n  <td class=xl6832484 style='border-top:none;border-left:none'>&nbsp;<\/td>\r\n  <td class=xl6832484 style='border-top:none;border-left:none'>Secretaria\r\n  General Municipal<span style='mso-spacerun:yes'>\u00a0<\/span><\/td>\r\n  <td class=xl6932484 align=right style='border-top:none;border-left:none'>11\/01\/2019<\/td>\r\n  <td class=xl6932484 align=right style='border-top:none;border-left:none'>01\/04\/2018<\/td>\r\n  <td class=xl6832484 style='border-top:none;border-left:none'>El catalogo de\r\n  disposicion documental y guia simple de archivos se encuentra en estatus\r\n  de<span style='mso-spacerun:yes'>\u00a0 <\/span>clasificaci\u00f3n.<\/td>\r\n <\/tr>\r\n <![if supportMisalignedColumns]>\r\n <tr height=0 style='display:none'>\r\n  <td width=56 style='width:42pt'><\/td>\r\n  <td width=159 style='width:119pt'><\/td>\r\n  <td width=159 style='width:119pt'><\/td>\r\n  <td width=156 style='width:117pt'><\/td>\r\n  <td width=693 style='width:520pt'><\/td>\r\n  <td width=464 style='width:348pt'><\/td>\r\n  <td width=361 style='width:271pt'><\/td>\r\n  <td width=113 style='width:85pt'><\/td>\r\n  <td width=113 style='width:85pt'><\/td>\r\n  <td width=669 style='width:502pt'><\/td>\r\n <\/tr>\r\n <![endif]>\r\n<\/table>\r\n\r\n<\/div>\r\n\r\n\r\n<!----------------------------->\r\n<!--FINAL DE LOS RESULTADOS DEL ASISTENTE PARA PUBLICAR COMO P\u00c1GINA WEB DE\r\nEXCEL-->\r\n<!----------------------------->\r\n<\/body>\r\n\r\n<\/html>\r\n\t\t\t\t<\/div>\n\t\t\t\t<\/div>\n\t\t\t\t\t<\/div>\n\t\t<\/div>\n\t\t\t\t\t<\/div>\n\t\t<\/section>\n\t\t\t\t<\/div>\n\t\t","protected":false},"excerpt":{"rendered":"<p>&nbsp; Fracci\u00f3n XLV &nbsp; &lt;![if supportMisalignedColumns]&gt;&lt;![endif]&gt; 45771 T\u00cdTULO NOMBRE CORTO DESCRIPCI\u00d3N Cat\u00e1logo de disposici\u00f3n documental y gu\u00eda simple de archivos a69_f45 Se publicar\u00e1n los instrumentos de control y consulta archiv\u00edstica que le permitan organizar, administrar, conservar y localizar de manera expedita sus archivos 1 4 4 9 7 10 2 4 13 14 379152 379160 [&hellip;]<\/p>\n","protected":false},"author":1,"featured_media":0,"parent":4057,"menu_order":0,"comment_status":"closed","ping_status":"closed","template":"page-template-full.php","meta":{"footnotes":""},"class_list":["post-5995","page","type-page","status-publish","hentry"],"jetpack_sharing_enabled":true,"_links":{"self":[{"href":"https:\/\/apan.gob.mx\/portal\/wp-json\/wp\/v2\/pages\/5995","targetHints":{"allow":["GET"]}}],"collection":[{"href":"https:\/\/apan.gob.mx\/portal\/wp-json\/wp\/v2\/pages"}],"about":[{"href":"https:\/\/apan.gob.mx\/portal\/wp-json\/wp\/v2\/types\/page"}],"author":[{"embeddable":true,"href":"https:\/\/apan.gob.mx\/portal\/wp-json\/wp\/v2\/users\/1"}],"replies":[{"embeddable":true,"href":"https:\/\/apan.gob.mx\/portal\/wp-json\/wp\/v2\/comments?post=5995"}],"version-history":[{"count":4,"href":"https:\/\/apan.gob.mx\/portal\/wp-json\/wp\/v2\/pages\/5995\/revisions"}],"predecessor-version":[{"id":6001,"href":"https:\/\/apan.gob.mx\/portal\/wp-json\/wp\/v2\/pages\/5995\/revisions\/6001"}],"up":[{"embeddable":true,"href":"https:\/\/apan.gob.mx\/portal\/wp-json\/wp\/v2\/pages\/4057"}],"wp:attachment":[{"href":"https:\/\/apan.gob.mx\/portal\/wp-json\/wp\/v2\/media?parent=5995"}],"curies":[{"name":"wp","href":"https:\/\/api.w.org\/{rel}","templated":true}]}}