{"id":6131,"date":"2019-07-01T16:01:14","date_gmt":"2019-07-01T21:01:14","guid":{"rendered":"https:\/\/apan.gob.mx\/portal\/?page_id=6131"},"modified":"2019-07-01T17:17:10","modified_gmt":"2019-07-01T22:17:10","slug":"6131-2","status":"publish","type":"page","link":"https:\/\/apan.gob.mx\/portal\/2-trimestre-2019\/6131-2\/","title":{"rendered":"<!--agrucultura_19_2019_2-->"},"content":{"rendered":"\t\t<div data-elementor-type=\"wp-page\" data-elementor-id=\"6131\" class=\"elementor elementor-6131 elementor-bc-flex-widget\">\n\t\t\t\t\t\t<section class=\"has_ae_slider elementor-section elementor-top-section elementor-element elementor-element-lvrkfzc elementor-section-boxed elementor-section-height-default elementor-section-height-default ae-bg-gallery-type-default\" data-id=\"lvrkfzc\" data-element_type=\"section\" data-e-type=\"section\">\n\t\t\t\t\t\t<div class=\"elementor-container elementor-column-gap-default\">\n\t\t\t\t\t<div class=\"has_ae_slider elementor-column elementor-col-100 elementor-top-column elementor-element elementor-element-nihxyiu ae-bg-gallery-type-default\" data-id=\"nihxyiu\" data-element_type=\"column\" data-e-type=\"column\">\n\t\t\t<div class=\"elementor-widget-wrap elementor-element-populated\">\n\t\t\t\t\t\t<div class=\"elementor-element elementor-element-upkmikm elementor-widget elementor-widget-heading\" data-id=\"upkmikm\" data-element_type=\"widget\" data-e-type=\"widget\" data-widget_type=\"heading.default\">\n\t\t\t\t<div class=\"elementor-widget-container\">\n\t\t\t\t\t<h2 class=\"elementor-heading-title elementor-size-medium\">Fracci\u00f3n XlX<\/h2>\t\t\t\t<\/div>\n\t\t\t\t<\/div>\n\t\t\t\t<div class=\"elementor-element elementor-element-yooeael elementor-widget elementor-widget-html\" data-id=\"yooeael\" data-element_type=\"widget\" data-e-type=\"widget\" data-widget_type=\"html.default\">\n\t\t\t\t<div class=\"elementor-widget-container\">\n\t\t\t\t\t<html xmlns:o=\"urn:schemas-microsoft-com:office:office\"\r\nxmlns:x=\"urn:schemas-microsoft-com:office:excel\"\r\nxmlns=\"http:\/\/www.w3.org\/TR\/REC-html40\">\r\n\r\n<head>\r\n<meta http-equiv=Content-Type content=\"text\/html; charset=windows-1252\">\r\n<meta name=ProgId content=Excel.Sheet>\r\n<meta name=Generator content=\"Microsoft Excel 14\">\r\n<link rel=File-List href=\"a69_f19_archivos\/filelist.xml\">\r\n<style id=\"a69_f19_178_Styles\">\r\n<!--table\r\n\t{mso-displayed-decimal-separator:\"\\.\";\r\n\tmso-displayed-thousand-separator:\"\\,\";}\r\n.xl15178\r\n\t{padding-top:1px;\r\n\tpadding-right:1px;\r\n\tpadding-left:1px;\r\n\tmso-ignore:padding;\r\n\tcolor:black;\r\n\tfont-size:11.0pt;\r\n\tfont-weight:400;\r\n\tfont-style:normal;\r\n\ttext-decoration:none;\r\n\tfont-family:Calibri, sans-serif;\r\n\tmso-font-charset:0;\r\n\tmso-number-format:General;\r\n\ttext-align:general;\r\n\tvertical-align:bottom;\r\n\tmso-background-source:auto;\r\n\tmso-pattern:auto;\r\n\twhite-space:nowrap;}\r\n.xl64178\r\n\t{padding-top:1px;\r\n\tpadding-right:1px;\r\n\tpadding-left:1px;\r\n\tmso-ignore:padding;\r\n\tcolor:black;\r\n\tfont-size:10.0pt;\r\n\tfont-weight:400;\r\n\tfont-style:normal;\r\n\ttext-decoration:none;\r\n\tfont-family:Arial;\r\n\tmso-generic-font-family:auto;\r\n\tmso-font-charset:0;\r\n\tmso-number-format:General;\r\n\ttext-align:center;\r\n\tvertical-align:bottom;\r\n\tborder:.5pt solid windowtext;\r\n\tbackground:#E1E1E1;\r\n\tmso-pattern:black none;\r\n\twhite-space:normal;}\r\n.xl65178\r\n\t{padding-top:1px;\r\n\tpadding-right:1px;\r\n\tpadding-left:1px;\r\n\tmso-ignore:padding;\r\n\tcolor:white;\r\n\tfont-size:11.0pt;\r\n\tfont-weight:700;\r\n\tfont-style:normal;\r\n\ttext-decoration:none;\r\n\tfont-family:Arial;\r\n\tmso-generic-font-family:auto;\r\n\tmso-font-charset:0;\r\n\tmso-number-format:General;\r\n\ttext-align:center;\r\n\tvertical-align:bottom;\r\n\tborder:.5pt solid windowtext;\r\n\tbackground:#333333;\r\n\tmso-pattern:black none;\r\n\twhite-space:normal;}\r\n.xl66178\r\n\t{padding-top:1px;\r\n\tpadding-right:1px;\r\n\tpadding-left:1px;\r\n\tmso-ignore:padding;\r\n\tcolor:black;\r\n\tfont-size:10.0pt;\r\n\tfont-weight:400;\r\n\tfont-style:normal;\r\n\ttext-decoration:none;\r\n\tfont-family:Arial;\r\n\tmso-generic-font-family:auto;\r\n\tmso-font-charset:0;\r\n\tmso-number-format:General;\r\n\ttext-align:general;\r\n\tvertical-align:bottom;\r\n\tborder:.5pt solid windowtext;\r\n\tbackground:#E1E1E1;\r\n\tmso-pattern:black none;\r\n\twhite-space:nowrap;}\r\n.xl67178\r\n\t{padding-top:1px;\r\n\tpadding-right:1px;\r\n\tpadding-left:1px;\r\n\tmso-ignore:padding;\r\n\tcolor:black;\r\n\tfont-size:11.0pt;\r\n\tfont-weight:400;\r\n\tfont-style:normal;\r\n\ttext-decoration:none;\r\n\tfont-family:Calibri, sans-serif;\r\n\tmso-font-charset:0;\r\n\tmso-number-format:General;\r\n\ttext-align:general;\r\n\tvertical-align:bottom;\r\n\tborder:.5pt solid windowtext;\r\n\tmso-background-source:auto;\r\n\tmso-pattern:auto;\r\n\twhite-space:nowrap;}\r\n.xl68178\r\n\t{padding-top:1px;\r\n\tpadding-right:1px;\r\n\tpadding-left:1px;\r\n\tmso-ignore:padding;\r\n\tcolor:black;\r\n\tfont-size:11.0pt;\r\n\tfont-weight:400;\r\n\tfont-style:normal;\r\n\ttext-decoration:none;\r\n\tfont-family:Calibri, sans-serif;\r\n\tmso-font-charset:0;\r\n\tmso-number-format:\"Short Date\";\r\n\ttext-align:general;\r\n\tvertical-align:bottom;\r\n\tborder:.5pt solid windowtext;\r\n\tmso-background-source:auto;\r\n\tmso-pattern:auto;\r\n\twhite-space:nowrap;}\r\n.xl69178\r\n\t{padding-top:1px;\r\n\tpadding-right:1px;\r\n\tpadding-left:1px;\r\n\tmso-ignore:padding;\r\n\tcolor:#0563C1;\r\n\tfont-size:11.0pt;\r\n\tfont-weight:400;\r\n\tfont-style:normal;\r\n\ttext-decoration:underline;\r\n\ttext-underline-style:single;\r\n\tfont-family:Calibri, sans-serif;\r\n\tmso-font-charset:0;\r\n\tmso-number-format:General;\r\n\ttext-align:general;\r\n\tvertical-align:bottom;\r\n\tborder:.5pt solid windowtext;\r\n\tmso-background-source:auto;\r\n\tmso-pattern:auto;\r\n\twhite-space:nowrap;}\r\n-->\r\n<\/style>\r\n<\/head>\r\n\r\n<body>\r\n<!--[if !excel]>&nbsp;&nbsp;<![endif]-->\r\n<!--La siguiente informaci\u00f3n se gener\u00f3 mediante el Asistente para publicar como\r\np\u00e1gina web de Microsoft Excel.-->\r\n<!--Si se vuelve a publicar el mismo elemento desde Excel, se reemplazar\u00e1 toda\r\nla informaci\u00f3n comprendida entre las etiquetas DIV.-->\r\n<!----------------------------->\r\n<!--INICIO DE LOS RESULTADOS DEL ASISTENTE PARA PUBLICAR COMO P\u00c1GINA WEB DE\r\nEXCEL -->\r\n<!----------------------------->\r\n\r\n<div id=\"a69_f19_178\" align=center x:publishsource=\"Excel\">\r\n\r\n<table border=0 cellpadding=0 cellspacing=0 width=6765 style='border-collapse:\r\n collapse;table-layout:fixed;width:5078pt'>\r\n <col width=56 style='mso-width-source:userset;mso-width-alt:2048;width:42pt'>\r\n <col width=255 style='mso-width-source:userset;mso-width-alt:9325;width:191pt'>\r\n <col width=270 style='mso-width-source:userset;mso-width-alt:9874;width:203pt'>\r\n <col width=161 style='mso-width-source:userset;mso-width-alt:5888;width:121pt'>\r\n <col width=162 style='mso-width-source:userset;mso-width-alt:5924;width:122pt'>\r\n <col width=229 style='mso-width-source:userset;mso-width-alt:8374;width:172pt'>\r\n <col width=217 style='mso-width-source:userset;mso-width-alt:7936;width:163pt'>\r\n <col width=137 style='mso-width-source:userset;mso-width-alt:5010;width:103pt'>\r\n <col width=209 style='mso-width-source:userset;mso-width-alt:7643;width:157pt'>\r\n <col width=216 style='mso-width-source:userset;mso-width-alt:7899;width:162pt'>\r\n <col width=419 style='mso-width-source:userset;mso-width-alt:15323;width:314pt'>\r\n <col width=130 style='mso-width-source:userset;mso-width-alt:4754;width:98pt'>\r\n <col width=389 style='mso-width-source:userset;mso-width-alt:14226;width:292pt'>\r\n <col width=269 style='mso-width-source:userset;mso-width-alt:9837;width:202pt'>\r\n <col width=174 style='mso-width-source:userset;mso-width-alt:6363;width:131pt'>\r\n <col width=205 style='mso-width-source:userset;mso-width-alt:7497;width:154pt'>\r\n <col width=286 style='mso-width-source:userset;mso-width-alt:10459;width:215pt'>\r\n <col width=284 style='mso-width-source:userset;mso-width-alt:10386;width:213pt'>\r\n <col width=322 style='mso-width-source:userset;mso-width-alt:11776;width:242pt'>\r\n <col width=279 style='mso-width-source:userset;mso-width-alt:10203;width:209pt'>\r\n <col width=269 style='mso-width-source:userset;mso-width-alt:9837;width:202pt'>\r\n <col width=512 style='mso-width-source:userset;mso-width-alt:18724;width:384pt'>\r\n <col width=123 style='mso-width-source:userset;mso-width-alt:4498;width:92pt'>\r\n <col width=140 style='mso-width-source:userset;mso-width-alt:5120;width:105pt'>\r\n <col width=1052 style='mso-width-source:userset;mso-width-alt:38473;\r\n width:789pt'>\r\n <tr height=0 style='display:none'>\r\n  <td class=xl15178 width=56 style='width:42pt'>44250<\/td>\r\n  <td class=xl15178 width=255 style='width:191pt'><\/td>\r\n  <td class=xl15178 width=270 style='width:203pt'><\/td>\r\n  <td class=xl15178 width=161 style='width:121pt'><\/td>\r\n  <td class=xl15178 width=162 style='width:122pt'><\/td>\r\n  <td class=xl15178 width=229 style='width:172pt'><\/td>\r\n  <td class=xl15178 width=217 style='width:163pt'><\/td>\r\n  <td class=xl15178 width=137 style='width:103pt'><\/td>\r\n  <td class=xl15178 width=209 style='width:157pt'><\/td>\r\n  <td class=xl15178 width=216 style='width:162pt'><\/td>\r\n  <td class=xl15178 width=419 style='width:314pt'><\/td>\r\n  <td class=xl15178 width=130 style='width:98pt'><\/td>\r\n  <td class=xl15178 width=389 style='width:292pt'><\/td>\r\n  <td class=xl15178 width=269 style='width:202pt'><\/td>\r\n  <td class=xl15178 width=174 style='width:131pt'><\/td>\r\n  <td class=xl15178 width=205 style='width:154pt'><\/td>\r\n  <td class=xl15178 width=286 style='width:215pt'><\/td>\r\n  <td class=xl15178 width=284 style='width:213pt'><\/td>\r\n  <td class=xl15178 width=322 style='width:242pt'><\/td>\r\n  <td class=xl15178 width=279 style='width:209pt'><\/td>\r\n  <td class=xl15178 width=269 style='width:202pt'><\/td>\r\n  <td class=xl15178 width=512 style='width:384pt'><\/td>\r\n  <td class=xl15178 width=123 style='width:92pt'><\/td>\r\n  <td class=xl15178 width=140 style='width:105pt'><\/td>\r\n  <td class=xl15178 width=1052 style='width:789pt'><\/td>\r\n <\/tr>\r\n <tr height=20 style='height:15.0pt'>\r\n  <td colspan=3 height=20 class=xl65178 width=581 style='height:15.0pt;\r\n  width:436pt'>T\u00cdTULO<\/td>\r\n  <td colspan=3 class=xl65178 width=552 style='width:415pt'>NOMBRE CORTO<\/td>\r\n  <td colspan=3 class=xl65178 width=563 style='width:423pt'>DESCRIPCI\u00d3N<\/td>\r\n  <td class=xl15178><\/td>\r\n  <td class=xl15178><\/td>\r\n  <td class=xl15178><\/td>\r\n  <td class=xl15178><\/td>\r\n  <td class=xl15178><\/td>\r\n  <td class=xl15178><\/td>\r\n  <td class=xl15178><\/td>\r\n  <td class=xl15178><\/td>\r\n  <td class=xl15178><\/td>\r\n  <td class=xl15178><\/td>\r\n  <td class=xl15178><\/td>\r\n  <td class=xl15178><\/td>\r\n  <td class=xl15178><\/td>\r\n  <td class=xl15178><\/td>\r\n  <td class=xl15178><\/td>\r\n  <td class=xl15178><\/td>\r\n <\/tr>\r\n <tr height=20 style='height:15.0pt'>\r\n  <td colspan=3 height=20 class=xl66178 style='height:15.0pt'>Servicios\r\n  ofrecidos<\/td>\r\n  <td colspan=3 class=xl66178>a69_f19<\/td>\r\n  <td colspan=3 class=xl66178>La informaci\u00f3n para dar a conocer los servicios\r\n  p\u00fablicos que presta el sujeto obligado, tanto de las actividades realizadas\r\n  por la administraci\u00f3n p\u00fablica para satisfacer necesidades de la poblaci\u00f3n,\r\n  como las realizadas por los sujetos obligados que no formen parte de la\r\n  Administraci\u00f3n P\u00fablica, pero que involucren el uso de recursos p\u00fablicos. Los\r\n  servicios deben estar al alcance de la poblaci\u00f3n sin necesidad de que el \u00e9sta\r\n  los exija, como es el caso de los tr\u00e1mites.<\/td>\r\n  <td class=xl15178><\/td>\r\n  <td class=xl15178><\/td>\r\n  <td class=xl15178><\/td>\r\n  <td class=xl15178><\/td>\r\n  <td class=xl15178><\/td>\r\n  <td class=xl15178><\/td>\r\n  <td class=xl15178><\/td>\r\n  <td class=xl15178><\/td>\r\n  <td class=xl15178><\/td>\r\n  <td class=xl15178><\/td>\r\n  <td class=xl15178><\/td>\r\n  <td class=xl15178><\/td>\r\n  <td class=xl15178><\/td>\r\n  <td class=xl15178><\/td>\r\n  <td class=xl15178><\/td>\r\n  <td class=xl15178><\/td>\r\n <\/tr>\r\n <tr height=0 style='display:none'>\r\n  <td class=xl15178>1<\/td>\r\n  <td class=xl15178>4<\/td>\r\n  <td class=xl15178>4<\/td>\r\n  <td class=xl15178>2<\/td>\r\n  <td class=xl15178>9<\/td>\r\n  <td class=xl15178>1<\/td>\r\n  <td class=xl15178>2<\/td>\r\n  <td class=xl15178>1<\/td>\r\n  <td class=xl15178>2<\/td>\r\n  <td class=xl15178>2<\/td>\r\n  <td class=xl15178>7<\/td>\r\n  <td class=xl15178>1<\/td>\r\n  <td class=xl15178>10<\/td>\r\n  <td class=xl15178>1<\/td>\r\n  <td class=xl15178>2<\/td>\r\n  <td class=xl15178>2<\/td>\r\n  <td class=xl15178>2<\/td>\r\n  <td class=xl15178>2<\/td>\r\n  <td class=xl15178>10<\/td>\r\n  <td class=xl15178>7<\/td>\r\n  <td class=xl15178>7<\/td>\r\n  <td class=xl15178>2<\/td>\r\n  <td class=xl15178>4<\/td>\r\n  <td class=xl15178>13<\/td>\r\n  <td class=xl15178>14<\/td>\r\n <\/tr>\r\n <tr height=0 style='display:none'>\r\n  <td class=xl15178>350704<\/td>\r\n  <td class=xl15178>350705<\/td>\r\n  <td class=xl15178>350706<\/td>\r\n  <td class=xl15178>350690<\/td>\r\n  <td class=xl15178>350709<\/td>\r\n  <td class=xl15178>350713<\/td>\r\n  <td class=xl15178>350692<\/td>\r\n  <td class=xl15178>350711<\/td>\r\n  <td class=xl15178>350693<\/td>\r\n  <td class=xl15178>350694<\/td>\r\n  <td class=xl15178>350700<\/td>\r\n  <td class=xl15178>350688<\/td>\r\n  <td class=xl15178>350710<\/td>\r\n  <td class=xl15178>350689<\/td>\r\n  <td class=xl15178>350695<\/td>\r\n  <td class=xl15178>350712<\/td>\r\n  <td class=xl15178>350691<\/td>\r\n  <td class=xl15178>350696<\/td>\r\n  <td class=xl15178>350701<\/td>\r\n  <td class=xl15178>350699<\/td>\r\n  <td class=xl15178>350698<\/td>\r\n  <td class=xl15178>350708<\/td>\r\n  <td class=xl15178>350697<\/td>\r\n  <td class=xl15178>350703<\/td>\r\n  <td class=xl15178>350707<\/td>\r\n <\/tr>\r\n <tr height=20 style='height:15.0pt'>\r\n  <td colspan=25 height=20 class=xl65178 width=6765 style='height:15.0pt;\r\n  width:5078pt'>Tabla Campos<\/td>\r\n <\/tr>\r\n <tr height=35 style='height:26.25pt'>\r\n  <td height=35 class=xl64178 width=56 style='height:26.25pt;width:42pt'>Ejercicio<\/td>\r\n  <td class=xl64178 width=255 style='border-left:none;width:191pt'>Fecha de\r\n  inicio del periodo que se informa<\/td>\r\n  <td class=xl64178 width=270 style='border-left:none;width:203pt'>Fecha de\r\n  t\u00e9rmino del periodo que se informa<\/td>\r\n  <td class=xl64178 width=161 style='border-left:none;width:121pt'>Denominaci\u00f3n\r\n  del servicio<\/td>\r\n  <td class=xl64178 width=162 style='border-left:none;width:122pt'>Tipo de\r\n  servicio (cat\u00e1logo)<\/td>\r\n  <td class=xl64178 width=229 style='border-left:none;width:172pt'>Tipo de\r\n  usuario y\/o poblaci\u00f3n objetivo<\/td>\r\n  <td class=xl64178 width=217 style='border-left:none;width:163pt'>Descripci\u00f3n\r\n  del objetivo del servicio<\/td>\r\n  <td class=xl64178 width=137 style='border-left:none;width:103pt'>Modalidad\r\n  del servicio<\/td>\r\n  <td class=xl64178 width=209 style='border-left:none;width:157pt'>Requisitos\r\n  para obtener el servicio<\/td>\r\n  <td class=xl64178 width=216 style='border-left:none;width:162pt'>Documentos\r\n  requeridos, en su caso<\/td>\r\n  <td class=xl64178 width=419 style='border-left:none;width:314pt'>Hiperv\u00ednculo\r\n  a los formatos respectivo(s) publicado(s) en medio oficial<\/td>\r\n  <td class=xl64178 width=130 style='border-left:none;width:98pt'>Tiempo de\r\n  respuesta<\/td>\r\n  <td class=xl64178 width=389 style='border-left:none;width:292pt'>\u00c1rea en la\r\n  que se proporciona el servicio y los datos de contacto <br>\r\n    Tabla_350710<\/td>\r\n  <td class=xl64178 width=269 style='border-left:none;width:202pt'>Costo, en su\r\n  caso especificar que es gratuito<\/td>\r\n  <td class=xl64178 width=174 style='border-left:none;width:131pt'>Sustento\r\n  legal para su cobro<\/td>\r\n  <td class=xl64178 width=205 style='border-left:none;width:154pt'>Lugares\r\n  donde se efect\u00faa el pago<\/td>\r\n  <td class=xl64178 width=286 style='border-left:none;width:215pt'>Fundamento\r\n  jur\u00eddico-administrativo del servicio<\/td>\r\n  <td class=xl64178 width=284 style='border-left:none;width:213pt'>Derechos del\r\n  usuario ante la negativa o la falta<\/td>\r\n  <td class=xl64178 width=322 style='border-left:none;width:242pt'>Lugar para\r\n  reportar presuntas anomalias <br>\r\n    Tabla_350701<\/td>\r\n  <td class=xl64178 width=279 style='border-left:none;width:209pt'>Hiperv\u00ednculo\r\n  informaci\u00f3n adicional del servicio<\/td>\r\n  <td class=xl64178 width=269 style='border-left:none;width:202pt'>Hiperv\u00ednculo\r\n  al cat\u00e1logo, manual o sistemas<span style='mso-spacerun:yes'>\u00a0<\/span><\/td>\r\n  <td class=xl64178 width=512 style='border-left:none;width:384pt'>\u00c1rea(s)\r\n  responsable(s) que genera(n), posee(n), publica(n) y actualizan la\r\n  informaci\u00f3n<\/td>\r\n  <td class=xl64178 width=123 style='border-left:none;width:92pt'>Fecha de\r\n  validaci\u00f3n<\/td>\r\n  <td class=xl64178 width=140 style='border-left:none;width:105pt'>Fecha de\r\n  actualizaci\u00f3n<\/td>\r\n  <td class=xl64178 width=1052 style='border-left:none;width:789pt'>Nota<\/td>\r\n <\/tr>\r\n <tr height=20 style='height:15.0pt'>\r\n  <td height=20 class=xl67178 align=right style='height:15.0pt;border-top:none'>2019<\/td>\r\n  <td class=xl68178 align=right style='border-top:none;border-left:none'>01\/04\/2019<\/td>\r\n  <td class=xl68178 align=right style='border-top:none;border-left:none'>30\/06\/2019<\/td>\r\n  <td class=xl67178 style='border-top:none;border-left:none'><span\r\n  style='mso-spacerun:yes'>\u00a0<\/span>Orientacion de Proyectos<span\r\n  style='display:none'> Productivos<\/span><\/td>\r\n  <td class=xl67178 style='border-top:none;border-left:none'>Directo<\/td>\r\n  <td class=xl67178 style='border-top:none;border-left:none'>A la poblacion\r\n  solicitante de proyect<span style='display:none'>os productivos<span\r\n  style='mso-spacerun:yes'>\u00a0<\/span><\/span><\/td>\r\n  <td class=xl67178 style='border-top:none;border-left:none'>obtener<span\r\n  style='mso-spacerun:yes'>\u00a0 <\/span>un proyecto productivo<\/td>\r\n  <td class=xl67178 style='border-top:none;border-left:none'>Presencial<\/td>\r\n  <td class=xl67178 style='border-top:none;border-left:none'>Asistir al area de\r\n  Desarrollo Agro<span style='display:none'>pecuario a solicitarlo<\/span><\/td>\r\n  <td class=xl67178 style='border-top:none;border-left:none'>INE,Curp,RFC,Comprobante\r\n  de do<span style='display:none'>micilio,Formato 32d<\/span><\/td>\r\n  <td class=xl69178 style='border-top:none;border-left:none'><a\r\n  href=\"https:\/\/www.apan.gob.mx\/descargables\/transparencia\/articulo69\/fraccion19\/2019_2\/agricultura\/FraXIXa1_1.pdf\">https:\/\/www.apan.gob.mx\/descargables\/transparencia\/articulo69\/<span\r\n  style='display:none'>fraccion19\/2019_2\/agricultura\/FraXIXa1_1.pdf<\/span><\/a><\/td>\r\n  <td class=xl67178 style='border-top:none;border-left:none'>ocho meses a un\r\n  a\u00f1o<\/td>\r\n  <td class=xl67178 align=right style='border-top:none;border-left:none'>1<\/td>\r\n  <td class=xl67178 style='border-top:none;border-left:none'>Gratuito<\/td>\r\n  <td class=xl67178 style='border-top:none;border-left:none'>Reglas de\r\n  Operaci\u00f3n de SAG<span style='display:none'>ARPA<\/span><\/td>\r\n  <td class=xl67178 style='border-top:none;border-left:none'>devido al que el\r\n  tramite es gratui<span style='display:none'>to no existe lugar de pago<\/span><\/td>\r\n  <td class=xl67178 style='border-top:none;border-left:none'>Reglas de\r\n  Operaci\u00f3n de SAGARPA<\/td>\r\n  <td class=xl67178 style='border-top:none;border-left:none'>Verificacion del\r\n  proyecto y Sondeo del mismo<\/td>\r\n  <td class=xl67178 align=right style='border-top:none;border-left:none'>1<\/td>\r\n  <td class=xl69178 style='border-top:none;border-left:none'><a\r\n  href=\"https:\/\/www.apan.gob.mx\/descargables\/transparencia\/articulo69\/fraccion19\/2019_2\/agricultura\/FraXIXa1_2.pdf\">https:\/\/www.apan.gob.mx\/descargables\/tra<span\r\n  style='display:none'>nsparencia\/articulo69\/fraccion19\/2019_2\/agricultura\/FraXIXa1_2.pdf<\/span><\/a><\/td>\r\n  <td class=xl69178 style='border-top:none;border-left:none'><a\r\n  href=\"https:\/\/www.apan.gob.mx\/descargables\/transparencia\/articulo69\/fraccion19\/2019_2\/agricultura\/FraXIXa1_3.pdf\">https:\/\/www.apan.gob.mx\/descargables\/tr<span\r\n  style='display:none'>ansparencia\/articulo69\/fraccion19\/2019_2\/agricultura\/FraXIXa1_3.pdf<\/span><\/a><\/td>\r\n  <td class=xl67178 style='border-top:none;border-left:none'><span\r\n  style='mso-spacerun:yes'>\u00a0<\/span>Desarrollo Agropecuario<\/td>\r\n  <td class=xl68178 align=right style='border-top:none;border-left:none'>01\/07\/2019<\/td>\r\n  <td class=xl68178 align=right style='border-top:none;border-left:none'>01\/01\/2019<\/td>\r\n  <td class=xl67178 style='border-top:none;border-left:none'>La direccion de\r\n  desarrollo agropecuario solo orienta y gestiona proyectos los costos dependen\r\n  de cada componente<span style='mso-spacerun:yes'>\u00a0 <\/span>y programa\r\n  contenido en las reglas de operaci\u00f3n<span style='mso-spacerun:yes'>\u00a0<\/span><\/td>\r\n <\/tr>\r\n <![if supportMisalignedColumns]>\r\n <tr height=0 style='display:none'>\r\n  <td width=56 style='width:42pt'><\/td>\r\n  <td width=255 style='width:191pt'><\/td>\r\n  <td width=270 style='width:203pt'><\/td>\r\n  <td width=161 style='width:121pt'><\/td>\r\n  <td width=162 style='width:122pt'><\/td>\r\n  <td width=229 style='width:172pt'><\/td>\r\n  <td width=217 style='width:163pt'><\/td>\r\n  <td width=137 style='width:103pt'><\/td>\r\n  <td width=209 style='width:157pt'><\/td>\r\n  <td width=216 style='width:162pt'><\/td>\r\n  <td width=419 style='width:314pt'><\/td>\r\n  <td width=130 style='width:98pt'><\/td>\r\n  <td width=389 style='width:292pt'><\/td>\r\n  <td width=269 style='width:202pt'><\/td>\r\n  <td width=174 style='width:131pt'><\/td>\r\n  <td width=205 style='width:154pt'><\/td>\r\n  <td width=286 style='width:215pt'><\/td>\r\n  <td width=284 style='width:213pt'><\/td>\r\n  <td width=322 style='width:242pt'><\/td>\r\n  <td width=279 style='width:209pt'><\/td>\r\n  <td width=269 style='width:202pt'><\/td>\r\n  <td width=512 style='width:384pt'><\/td>\r\n  <td width=123 style='width:92pt'><\/td>\r\n  <td width=140 style='width:105pt'><\/td>\r\n  <td width=1052 style='width:789pt'><\/td>\r\n <\/tr>\r\n <![endif]>\r\n<\/table>\r\n\r\n<\/div>\r\n\r\n\r\n<!----------------------------->\r\n<!--FINAL DE LOS RESULTADOS DEL ASISTENTE PARA PUBLICAR COMO P\u00c1GINA WEB DE\r\nEXCEL-->\r\n<!----------------------------->\r\n<\/body>\r\n\r\n<\/html>\r\n\t\t\t\t<\/div>\n\t\t\t\t<\/div>\n\t\t\t\t\t<\/div>\n\t\t<\/div>\n\t\t\t\t\t<\/div>\n\t\t<\/section>\n\t\t\t\t<\/div>\n\t\t","protected":false},"excerpt":{"rendered":"<p>&nbsp; Fracci\u00f3n XlX &nbsp; &lt;![if supportMisalignedColumns]&gt;&lt;![endif]&gt; 44250 T\u00cdTULO NOMBRE CORTO DESCRIPCI\u00d3N Servicios ofrecidos a69_f19 La informaci\u00f3n para dar a conocer los servicios p\u00fablicos que presta el sujeto obligado, tanto de las actividades realizadas por la administraci\u00f3n p\u00fablica para satisfacer necesidades de la poblaci\u00f3n, como las realizadas por los sujetos obligados que no formen parte de [&hellip;]<\/p>\n","protected":false},"author":1,"featured_media":0,"parent":6108,"menu_order":0,"comment_status":"closed","ping_status":"closed","template":"page-template-full.php","meta":{"footnotes":""},"class_list":["post-6131","page","type-page","status-publish","hentry"],"jetpack_sharing_enabled":true,"_links":{"self":[{"href":"https:\/\/apan.gob.mx\/portal\/wp-json\/wp\/v2\/pages\/6131","targetHints":{"allow":["GET"]}}],"collection":[{"href":"https:\/\/apan.gob.mx\/portal\/wp-json\/wp\/v2\/pages"}],"about":[{"href":"https:\/\/apan.gob.mx\/portal\/wp-json\/wp\/v2\/types\/page"}],"author":[{"embeddable":true,"href":"https:\/\/apan.gob.mx\/portal\/wp-json\/wp\/v2\/users\/1"}],"replies":[{"embeddable":true,"href":"https:\/\/apan.gob.mx\/portal\/wp-json\/wp\/v2\/comments?post=6131"}],"version-history":[{"count":3,"href":"https:\/\/apan.gob.mx\/portal\/wp-json\/wp\/v2\/pages\/6131\/revisions"}],"predecessor-version":[{"id":6135,"href":"https:\/\/apan.gob.mx\/portal\/wp-json\/wp\/v2\/pages\/6131\/revisions\/6135"}],"up":[{"embeddable":true,"href":"https:\/\/apan.gob.mx\/portal\/wp-json\/wp\/v2\/pages\/6108"}],"wp:attachment":[{"href":"https:\/\/apan.gob.mx\/portal\/wp-json\/wp\/v2\/media?parent=6131"}],"curies":[{"name":"wp","href":"https:\/\/api.w.org\/{rel}","templated":true}]}}