{"id":6170,"date":"2019-07-01T18:28:34","date_gmt":"2019-07-01T23:28:34","guid":{"rendered":"https:\/\/apan.gob.mx\/portal\/?page_id=6170"},"modified":"2019-07-01T18:42:34","modified_gmt":"2019-07-01T23:42:34","slug":"6170-2","status":"publish","type":"page","link":"https:\/\/apan.gob.mx\/portal\/2-trimestre-2019\/6170-2\/","title":{"rendered":"<!--transparencia_39a_2019_2-->"},"content":{"rendered":"\t\t<div data-elementor-type=\"wp-page\" data-elementor-id=\"6170\" class=\"elementor elementor-6170 elementor-bc-flex-widget\">\n\t\t\t\t\t\t<section class=\"has_ae_slider elementor-section elementor-top-section elementor-element elementor-element-biadbdm elementor-section-boxed elementor-section-height-default elementor-section-height-default ae-bg-gallery-type-default\" data-id=\"biadbdm\" data-element_type=\"section\" data-e-type=\"section\">\n\t\t\t\t\t\t<div class=\"elementor-container elementor-column-gap-default\">\n\t\t\t\t\t<div class=\"has_ae_slider elementor-column elementor-col-100 elementor-top-column elementor-element elementor-element-arzwkfm ae-bg-gallery-type-default\" data-id=\"arzwkfm\" data-element_type=\"column\" data-e-type=\"column\">\n\t\t\t<div class=\"elementor-widget-wrap elementor-element-populated\">\n\t\t\t\t\t\t<div class=\"elementor-element elementor-element-rwtskmt elementor-widget elementor-widget-heading\" data-id=\"rwtskmt\" data-element_type=\"widget\" data-e-type=\"widget\" data-widget_type=\"heading.default\">\n\t\t\t\t<div class=\"elementor-widget-container\">\n\t\t\t\t\t<h2 class=\"elementor-heading-title elementor-size-medium\">Fracci\u00f3n XXXIX a<\/h2>\t\t\t\t<\/div>\n\t\t\t\t<\/div>\n\t\t\t\t<div class=\"elementor-element elementor-element-edwwkpj elementor-widget elementor-widget-html\" data-id=\"edwwkpj\" data-element_type=\"widget\" data-e-type=\"widget\" data-widget_type=\"html.default\">\n\t\t\t\t<div class=\"elementor-widget-container\">\n\t\t\t\t\t<html xmlns:o=\"urn:schemas-microsoft-com:office:office\"\r\nxmlns:x=\"urn:schemas-microsoft-com:office:excel\"\r\nxmlns=\"http:\/\/www.w3.org\/TR\/REC-html40\">\r\n\r\n<head>\r\n<meta http-equiv=Content-Type content=\"text\/html; charset=windows-1252\">\r\n<meta name=ProgId content=Excel.Sheet>\r\n<meta name=Generator content=\"Microsoft Excel 14\">\r\n<link rel=File-List href=\"a69_f39a_archivos\/filelist.xml\">\r\n<style id=\"a69_f39a_27683_Styles\">\r\n<!--table\r\n\t{mso-displayed-decimal-separator:\"\\.\";\r\n\tmso-displayed-thousand-separator:\"\\,\";}\r\n.xl1527683\r\n\t{padding-top:1px;\r\n\tpadding-right:1px;\r\n\tpadding-left:1px;\r\n\tmso-ignore:padding;\r\n\tcolor:black;\r\n\tfont-size:11.0pt;\r\n\tfont-weight:400;\r\n\tfont-style:normal;\r\n\ttext-decoration:none;\r\n\tfont-family:Calibri, sans-serif;\r\n\tmso-font-charset:0;\r\n\tmso-number-format:General;\r\n\ttext-align:general;\r\n\tvertical-align:bottom;\r\n\tmso-background-source:auto;\r\n\tmso-pattern:auto;\r\n\twhite-space:nowrap;}\r\n.xl6427683\r\n\t{padding-top:1px;\r\n\tpadding-right:1px;\r\n\tpadding-left:1px;\r\n\tmso-ignore:padding;\r\n\tcolor:black;\r\n\tfont-size:10.0pt;\r\n\tfont-weight:400;\r\n\tfont-style:normal;\r\n\ttext-decoration:none;\r\n\tfont-family:Arial;\r\n\tmso-generic-font-family:auto;\r\n\tmso-font-charset:0;\r\n\tmso-number-format:General;\r\n\ttext-align:center;\r\n\tvertical-align:bottom;\r\n\tborder:.5pt solid windowtext;\r\n\tbackground:#E1E1E1;\r\n\tmso-pattern:black none;\r\n\twhite-space:normal;}\r\n.xl6527683\r\n\t{padding-top:1px;\r\n\tpadding-right:1px;\r\n\tpadding-left:1px;\r\n\tmso-ignore:padding;\r\n\tcolor:black;\r\n\tfont-size:11.0pt;\r\n\tfont-weight:400;\r\n\tfont-style:normal;\r\n\ttext-decoration:none;\r\n\tfont-family:Calibri, sans-serif;\r\n\tmso-font-charset:0;\r\n\tmso-number-format:General;\r\n\ttext-align:general;\r\n\tvertical-align:bottom;\r\n\tborder:.5pt solid windowtext;\r\n\tmso-background-source:auto;\r\n\tmso-pattern:auto;\r\n\twhite-space:nowrap;}\r\n.xl6627683\r\n\t{padding-top:1px;\r\n\tpadding-right:1px;\r\n\tpadding-left:1px;\r\n\tmso-ignore:padding;\r\n\tcolor:black;\r\n\tfont-size:11.0pt;\r\n\tfont-weight:400;\r\n\tfont-style:normal;\r\n\ttext-decoration:none;\r\n\tfont-family:Calibri, sans-serif;\r\n\tmso-font-charset:0;\r\n\tmso-number-format:\"Short Date\";\r\n\ttext-align:general;\r\n\tvertical-align:bottom;\r\n\tborder:.5pt solid windowtext;\r\n\tmso-background-source:auto;\r\n\tmso-pattern:auto;\r\n\twhite-space:nowrap;}\r\n.xl6727683\r\n\t{padding-top:1px;\r\n\tpadding-right:1px;\r\n\tpadding-left:1px;\r\n\tmso-ignore:padding;\r\n\tcolor:blue;\r\n\tfont-size:11.0pt;\r\n\tfont-weight:400;\r\n\tfont-style:normal;\r\n\ttext-decoration:underline;\r\n\ttext-underline-style:single;\r\n\tfont-family:Calibri, sans-serif;\r\n\tmso-font-charset:0;\r\n\tmso-number-format:General;\r\n\ttext-align:general;\r\n\tvertical-align:bottom;\r\n\tborder:.5pt solid windowtext;\r\n\tmso-background-source:auto;\r\n\tmso-pattern:auto;\r\n\twhite-space:nowrap;}\r\n.xl6827683\r\n\t{padding-top:1px;\r\n\tpadding-right:1px;\r\n\tpadding-left:1px;\r\n\tmso-ignore:padding;\r\n\tcolor:white;\r\n\tfont-size:11.0pt;\r\n\tfont-weight:700;\r\n\tfont-style:normal;\r\n\ttext-decoration:none;\r\n\tfont-family:Arial;\r\n\tmso-generic-font-family:auto;\r\n\tmso-font-charset:0;\r\n\tmso-number-format:General;\r\n\ttext-align:center;\r\n\tvertical-align:bottom;\r\n\tborder:.5pt solid windowtext;\r\n\tbackground:#333333;\r\n\tmso-pattern:black none;\r\n\twhite-space:nowrap;}\r\n.xl6927683\r\n\t{padding-top:1px;\r\n\tpadding-right:1px;\r\n\tpadding-left:1px;\r\n\tmso-ignore:padding;\r\n\tcolor:black;\r\n\tfont-size:10.0pt;\r\n\tfont-weight:400;\r\n\tfont-style:normal;\r\n\ttext-decoration:none;\r\n\tfont-family:Arial;\r\n\tmso-generic-font-family:auto;\r\n\tmso-font-charset:0;\r\n\tmso-number-format:General;\r\n\ttext-align:general;\r\n\tvertical-align:bottom;\r\n\tborder:.5pt solid windowtext;\r\n\tbackground:#E1E1E1;\r\n\tmso-pattern:black none;\r\n\twhite-space:nowrap;}\r\n-->\r\n<\/style>\r\n<\/head>\r\n\r\n<body>\r\n<!--[if !excel]>&nbsp;&nbsp;<![endif]-->\r\n<!--La siguiente informaci\u00f3n se gener\u00f3 mediante el Asistente para publicar como\r\np\u00e1gina web de Microsoft Excel.-->\r\n<!--Si se vuelve a publicar el mismo elemento desde Excel, se reemplazar\u00e1 toda\r\nla informaci\u00f3n comprendida entre las etiquetas DIV.-->\r\n<!----------------------------->\r\n<!--INICIO DE LOS RESULTADOS DEL ASISTENTE PARA PUBLICAR COMO P\u00c1GINA WEB DE\r\nEXCEL -->\r\n<!----------------------------->\r\n\r\n<div id=\"a69_f39a_27683\" align=center x:publishsource=\"Excel\">\r\n\r\n<table border=0 cellpadding=0 cellspacing=0 width=3170 style='border-collapse:\r\n collapse;table-layout:fixed;width:2378pt'>\r\n <col width=56 style='mso-width-source:userset;mso-width-alt:2048;width:42pt'>\r\n <col width=255 style='mso-width-source:userset;mso-width-alt:9325;width:191pt'>\r\n <col width=270 style='mso-width-source:userset;mso-width-alt:9874;width:203pt'>\r\n <col width=112 style='mso-width-source:userset;mso-width-alt:4096;width:84pt'>\r\n <col width=199 style='mso-width-source:userset;mso-width-alt:7277;width:149pt'>\r\n <col width=279 style='mso-width-source:userset;mso-width-alt:10203;width:209pt'>\r\n <col width=238 style='mso-width-source:userset;mso-width-alt:8704;width:179pt'>\r\n <col width=224 style='mso-width-source:userset;mso-width-alt:8192;width:168pt'>\r\n <col width=128 style='mso-width-source:userset;mso-width-alt:4681;width:96pt'>\r\n <col width=277 style='mso-width-source:userset;mso-width-alt:10130;width:208pt'>\r\n <col width=121 style='mso-width-source:userset;mso-width-alt:4425;width:91pt'>\r\n <col width=180 style='mso-width-source:userset;mso-width-alt:6582;width:135pt'>\r\n <col width=512 style='mso-width-source:userset;mso-width-alt:18724;width:384pt'>\r\n <col width=123 style='mso-width-source:userset;mso-width-alt:4498;width:92pt'>\r\n <col width=140 style='mso-width-source:userset;mso-width-alt:5120;width:105pt'>\r\n <col width=56 style='mso-width-source:userset;mso-width-alt:2048;width:42pt'>\r\n <tr height=0 style='display:none'>\r\n  <td class=xl1527683 width=56 style='width:42pt'>46775<\/td>\r\n  <td class=xl1527683 width=255 style='width:191pt'><\/td>\r\n  <td class=xl1527683 width=270 style='width:203pt'><\/td>\r\n  <td class=xl1527683 width=112 style='width:84pt'><\/td>\r\n  <td class=xl1527683 width=199 style='width:149pt'><\/td>\r\n  <td class=xl1527683 width=279 style='width:209pt'><\/td>\r\n  <td class=xl1527683 width=238 style='width:179pt'><\/td>\r\n  <td class=xl1527683 width=224 style='width:168pt'><\/td>\r\n  <td class=xl1527683 width=128 style='width:96pt'><\/td>\r\n  <td class=xl1527683 width=277 style='width:208pt'><\/td>\r\n  <td class=xl1527683 width=121 style='width:91pt'><\/td>\r\n  <td class=xl1527683 width=180 style='width:135pt'><\/td>\r\n  <td class=xl1527683 width=512 style='width:384pt'><\/td>\r\n  <td class=xl1527683 width=123 style='width:92pt'><\/td>\r\n  <td class=xl1527683 width=140 style='width:105pt'><\/td>\r\n  <td class=xl1527683 width=56 style='width:42pt'><\/td>\r\n <\/tr>\r\n <tr height=20 style='height:15.0pt'>\r\n  <td colspan=3 height=20 class=xl6827683 style='height:15.0pt'>T\u00cdTULO<\/td>\r\n  <td colspan=3 class=xl6827683>NOMBRE CORTO<\/td>\r\n  <td colspan=3 class=xl6827683>DESCRIPCI\u00d3N<\/td>\r\n  <td class=xl1527683><\/td>\r\n  <td class=xl1527683><\/td>\r\n  <td class=xl1527683><\/td>\r\n  <td class=xl1527683><\/td>\r\n  <td class=xl1527683><\/td>\r\n  <td class=xl1527683><\/td>\r\n  <td class=xl1527683><\/td>\r\n <\/tr>\r\n <tr height=20 style='height:15.0pt'>\r\n  <td colspan=3 height=20 class=xl6927683 style='height:15.0pt'>Actas y\r\n  resoluciones Comit\u00e9 de Transparencia_Informe de sesiones del Comit\u00e9 de\r\n  Transparencia<\/td>\r\n  <td colspan=3 class=xl6927683>a69_f39a<\/td>\r\n  <td colspan=3 class=xl6927683>En esta fracci\u00f3n se dar\u00e1 cuenta de las actas\r\n  que se deriven se las sesiones del Comit\u00e9 de Transparencia, por ejemplo en\r\n  materia de ampliaci\u00f3n del plazo de respuesta a las solicitudes de acceso a la\r\n  informaci\u00f3n, de clasificaci\u00f3n de la informaci\u00f3n, declaraci\u00f3n de inexistencia,\r\n  o de incompetencia, as\u00ed como para autorizar la ampliaci\u00f3n del plazo de\r\n  reserva de la informaci\u00f3n<\/td>\r\n  <td class=xl1527683><\/td>\r\n  <td class=xl1527683><\/td>\r\n  <td class=xl1527683><\/td>\r\n  <td class=xl1527683><\/td>\r\n  <td class=xl1527683><\/td>\r\n  <td class=xl1527683><\/td>\r\n  <td class=xl1527683><\/td>\r\n <\/tr>\r\n <tr height=0 style='display:none'>\r\n  <td class=xl1527683>1<\/td>\r\n  <td class=xl1527683>4<\/td>\r\n  <td class=xl1527683>4<\/td>\r\n  <td class=xl1527683>1<\/td>\r\n  <td class=xl1527683>4<\/td>\r\n  <td class=xl1527683>1<\/td>\r\n  <td class=xl1527683>1<\/td>\r\n  <td class=xl1527683>1<\/td>\r\n  <td class=xl1527683>9<\/td>\r\n  <td class=xl1527683>9<\/td>\r\n  <td class=xl1527683>9<\/td>\r\n  <td class=xl1527683>7<\/td>\r\n  <td class=xl1527683>2<\/td>\r\n  <td class=xl1527683>4<\/td>\r\n  <td class=xl1527683>13<\/td>\r\n  <td class=xl1527683>14<\/td>\r\n <\/tr>\r\n <tr height=0 style='display:none'>\r\n  <td class=xl1527683>397187<\/td>\r\n  <td class=xl1527683>397197<\/td>\r\n  <td class=xl1527683>397198<\/td>\r\n  <td class=xl1527683>397190<\/td>\r\n  <td class=xl1527683>397191<\/td>\r\n  <td class=xl1527683>397188<\/td>\r\n  <td class=xl1527683>397186<\/td>\r\n  <td class=xl1527683>397189<\/td>\r\n  <td class=xl1527683>397194<\/td>\r\n  <td class=xl1527683>397195<\/td>\r\n  <td class=xl1527683>397196<\/td>\r\n  <td class=xl1527683>397193<\/td>\r\n  <td class=xl1527683>397200<\/td>\r\n  <td class=xl1527683>397192<\/td>\r\n  <td class=xl1527683>397199<\/td>\r\n  <td class=xl1527683>397201<\/td>\r\n <\/tr>\r\n <tr height=20 style='height:15.0pt'>\r\n  <td colspan=16 height=20 class=xl6827683 style='height:15.0pt'>Tabla Campos<\/td>\r\n <\/tr>\r\n <tr height=35 style='height:26.25pt'>\r\n  <td height=35 class=xl6427683 width=56 style='height:26.25pt;width:42pt'>Ejercicio<\/td>\r\n  <td class=xl6427683 width=255 style='border-left:none;width:191pt'>Fecha de\r\n  inicio del periodo que se informa<\/td>\r\n  <td class=xl6427683 width=270 style='border-left:none;width:203pt'>Fecha de\r\n  t\u00e9rmino del periodo que se informa<\/td>\r\n  <td class=xl6427683 width=112 style='border-left:none;width:84pt'>N\u00famero de\r\n  sesi\u00f3n<\/td>\r\n  <td class=xl6427683 width=199 style='border-left:none;width:149pt'>Fecha de\r\n  la sesi\u00f3n (d\u00eda\/mes\/a\u00f1o)<\/td>\r\n  <td class=xl6427683 width=279 style='border-left:none;width:209pt'>Folio de\r\n  la solicitud de acceso a la informaci\u00f3n<\/td>\r\n  <td class=xl6427683 width=238 style='border-left:none;width:179pt'>N\u00famero o\r\n  clave del acuerdo del Comit\u00e9<\/td>\r\n  <td class=xl6427683 width=224 style='border-left:none;width:168pt'>\u00c1rea(s)\r\n  que presenta(n) la propuesta<\/td>\r\n  <td class=xl6427683 width=128 style='border-left:none;width:96pt'>Propuesta\r\n  (cat\u00e1logo)<\/td>\r\n  <td class=xl6427683 width=277 style='border-left:none;width:208pt'>Sentido de\r\n  la resoluci\u00f3n del Comit\u00e9 (cat\u00e1logo)<\/td>\r\n  <td class=xl6427683 width=121 style='border-left:none;width:91pt'>Votaci\u00f3n\r\n  (cat\u00e1logo)<\/td>\r\n  <td class=xl6427683 width=180 style='border-left:none;width:135pt'>Hiperv\u00ednculo\r\n  a la resoluci\u00f3n<\/td>\r\n  <td class=xl6427683 width=512 style='border-left:none;width:384pt'>\u00c1rea(s)\r\n  responsable(s) que genera(n), posee(n), publica(n) y actualizan la\r\n  informaci\u00f3n<\/td>\r\n  <td class=xl6427683 width=123 style='border-left:none;width:92pt'>Fecha de\r\n  validaci\u00f3n<\/td>\r\n  <td class=xl6427683 width=140 style='border-left:none;width:105pt'>Fecha de\r\n  actualizaci\u00f3n<\/td>\r\n  <td class=xl6427683 width=56 style='border-left:none;width:42pt'>Nota<\/td>\r\n <\/tr>\r\n <tr height=20 style='height:15.0pt'>\r\n  <td height=20 class=xl6527683 align=right style='height:15.0pt;border-top:\r\n  none'>2019<\/td>\r\n  <td class=xl6627683 align=right style='border-top:none;border-left:none'>01\/01\/2019<\/td>\r\n  <td class=xl6527683 style='border-top:none;border-left:none'>31\/06\/2019<\/td>\r\n  <td class=xl6527683 align=right style='border-top:none;border-left:none'>1<\/td>\r\n  <td class=xl6627683 align=right style='border-top:none;border-left:none'>20\/05\/2019<\/td>\r\n  <td class=xl6527683 style='border-top:none;border-left:none'>001-SCT-20-05\/2019<\/td>\r\n  <td class=xl6527683 style='border-top:none;border-left:none'>001-SCT-20-05\/2019<\/td>\r\n  <td class=xl6527683 style='border-top:none;border-left:none'>Registro del\r\n  estado familiar, Contral<span style='display:none'>or\u00eda, Unidad de\r\n  Transparencia<\/span><\/td>\r\n  <td class=xl6527683 style='border-top:none;border-left:none'>Incompetencia<\/td>\r\n  <td class=xl6527683 style='border-top:none;border-left:none'>Confirma<\/td>\r\n  <td class=xl6527683 style='border-top:none;border-left:none'>Por unanimidad\r\n  de <span style='display:none'>votos<\/span><\/td>\r\n  <td class=xl6727683 style='border-top:none;border-left:none'><a\r\n  href=\"https:\/\/www.apan.gob.mx\/descargables\/transparencia\/articulo69\/fraccion39\/2019_2\/transparencia\/a\/RESOLUCION-20052019_0.pdf\">https:\/\/www.apan.gob.mx\/d<span\r\n  style='display:none'>escargables\/transparencia\/articulo69\/fraccion39\/2019_2\/transparencia\/a\/RESOLUCION-20052019_0.pdf<\/span><\/a><\/td>\r\n  <td class=xl6527683 style='border-top:none;border-left:none'>Unidad de\r\n  Transparencia<\/td>\r\n  <td class=xl6627683 align=right style='border-top:none;border-left:none'>05\/07\/2019<\/td>\r\n  <td class=xl6627683 align=right style='border-top:none;border-left:none'>01\/01\/2019<\/td>\r\n  <td class=xl6527683 style='border-top:none;border-left:none'>&nbsp;<\/td>\r\n <\/tr>\r\n <![if supportMisalignedColumns]>\r\n <tr height=0 style='display:none'>\r\n  <td width=56 style='width:42pt'><\/td>\r\n  <td width=255 style='width:191pt'><\/td>\r\n  <td width=270 style='width:203pt'><\/td>\r\n  <td width=112 style='width:84pt'><\/td>\r\n  <td width=199 style='width:149pt'><\/td>\r\n  <td width=279 style='width:209pt'><\/td>\r\n  <td width=238 style='width:179pt'><\/td>\r\n  <td width=224 style='width:168pt'><\/td>\r\n  <td width=128 style='width:96pt'><\/td>\r\n  <td width=277 style='width:208pt'><\/td>\r\n  <td width=121 style='width:91pt'><\/td>\r\n  <td width=180 style='width:135pt'><\/td>\r\n  <td width=512 style='width:384pt'><\/td>\r\n  <td width=123 style='width:92pt'><\/td>\r\n  <td width=140 style='width:105pt'><\/td>\r\n  <td width=56 style='width:42pt'><\/td>\r\n <\/tr>\r\n <![endif]>\r\n<\/table>\r\n\r\n<\/div>\r\n\r\n\r\n<!----------------------------->\r\n<!--FINAL DE LOS RESULTADOS DEL ASISTENTE PARA PUBLICAR COMO P\u00c1GINA WEB DE\r\nEXCEL-->\r\n<!----------------------------->\r\n<\/body>\r\n\r\n<\/html>\r\n\t\t\t\t<\/div>\n\t\t\t\t<\/div>\n\t\t\t\t\t<\/div>\n\t\t<\/div>\n\t\t\t\t\t<\/div>\n\t\t<\/section>\n\t\t\t\t<\/div>\n\t\t","protected":false},"excerpt":{"rendered":"<p>&nbsp; Fracci\u00f3n XXXIX a &nbsp; &lt;![if supportMisalignedColumns]&gt;&lt;![endif]&gt; 46775 T\u00cdTULO NOMBRE CORTO DESCRIPCI\u00d3N Actas y resoluciones Comit\u00e9 de Transparencia_Informe de sesiones del Comit\u00e9 de Transparencia a69_f39a En esta fracci\u00f3n se dar\u00e1 cuenta de las actas que se deriven se las sesiones del Comit\u00e9 de Transparencia, por ejemplo en materia de ampliaci\u00f3n del plazo de respuesta a [&hellip;]<\/p>\n","protected":false},"author":1,"featured_media":0,"parent":6108,"menu_order":0,"comment_status":"closed","ping_status":"closed","template":"page-template-full.php","meta":{"footnotes":""},"class_list":["post-6170","page","type-page","status-publish","hentry"],"jetpack_sharing_enabled":true,"_links":{"self":[{"href":"https:\/\/apan.gob.mx\/portal\/wp-json\/wp\/v2\/pages\/6170","targetHints":{"allow":["GET"]}}],"collection":[{"href":"https:\/\/apan.gob.mx\/portal\/wp-json\/wp\/v2\/pages"}],"about":[{"href":"https:\/\/apan.gob.mx\/portal\/wp-json\/wp\/v2\/types\/page"}],"author":[{"embeddable":true,"href":"https:\/\/apan.gob.mx\/portal\/wp-json\/wp\/v2\/users\/1"}],"replies":[{"embeddable":true,"href":"https:\/\/apan.gob.mx\/portal\/wp-json\/wp\/v2\/comments?post=6170"}],"version-history":[{"count":3,"href":"https:\/\/apan.gob.mx\/portal\/wp-json\/wp\/v2\/pages\/6170\/revisions"}],"predecessor-version":[{"id":6174,"href":"https:\/\/apan.gob.mx\/portal\/wp-json\/wp\/v2\/pages\/6170\/revisions\/6174"}],"up":[{"embeddable":true,"href":"https:\/\/apan.gob.mx\/portal\/wp-json\/wp\/v2\/pages\/6108"}],"wp:attachment":[{"href":"https:\/\/apan.gob.mx\/portal\/wp-json\/wp\/v2\/media?parent=6170"}],"curies":[{"name":"wp","href":"https:\/\/api.w.org\/{rel}","templated":true}]}}