{"id":6180,"date":"2019-07-01T18:50:59","date_gmt":"2019-07-01T23:50:59","guid":{"rendered":"https:\/\/apan.gob.mx\/portal\/?page_id=6180"},"modified":"2019-07-01T18:53:28","modified_gmt":"2019-07-01T23:53:28","slug":"6180-2","status":"publish","type":"page","link":"https:\/\/apan.gob.mx\/portal\/2-trimestre-2019\/6180-2\/","title":{"rendered":"<!--transparencia_39c_2019_2-->"},"content":{"rendered":"\t\t<div data-elementor-type=\"wp-page\" data-elementor-id=\"6180\" class=\"elementor elementor-6180 elementor-bc-flex-widget\">\n\t\t\t\t\t\t<section class=\"has_ae_slider elementor-section elementor-top-section elementor-element elementor-element-gilgxqh elementor-section-boxed elementor-section-height-default elementor-section-height-default ae-bg-gallery-type-default\" data-id=\"gilgxqh\" data-element_type=\"section\" data-e-type=\"section\">\n\t\t\t\t\t\t<div class=\"elementor-container elementor-column-gap-default\">\n\t\t\t\t\t<div class=\"has_ae_slider elementor-column elementor-col-100 elementor-top-column elementor-element elementor-element-nyksfkq ae-bg-gallery-type-default\" data-id=\"nyksfkq\" data-element_type=\"column\" data-e-type=\"column\">\n\t\t\t<div class=\"elementor-widget-wrap elementor-element-populated\">\n\t\t\t\t\t\t<div class=\"elementor-element elementor-element-bhvewct elementor-widget elementor-widget-heading\" data-id=\"bhvewct\" data-element_type=\"widget\" data-e-type=\"widget\" data-widget_type=\"heading.default\">\n\t\t\t\t<div class=\"elementor-widget-container\">\n\t\t\t\t\t<h2 class=\"elementor-heading-title elementor-size-medium\">Fracci\u00f3n XXXIX c<\/h2>\t\t\t\t<\/div>\n\t\t\t\t<\/div>\n\t\t\t\t<div class=\"elementor-element elementor-element-xsiqtau elementor-widget elementor-widget-html\" data-id=\"xsiqtau\" data-element_type=\"widget\" data-e-type=\"widget\" data-widget_type=\"html.default\">\n\t\t\t\t<div class=\"elementor-widget-container\">\n\t\t\t\t\t<html xmlns:o=\"urn:schemas-microsoft-com:office:office\"\r\nxmlns:x=\"urn:schemas-microsoft-com:office:excel\"\r\nxmlns=\"http:\/\/www.w3.org\/TR\/REC-html40\">\r\n\r\n<head>\r\n<meta http-equiv=Content-Type content=\"text\/html; charset=windows-1252\">\r\n<meta name=ProgId content=Excel.Sheet>\r\n<meta name=Generator content=\"Microsoft Excel 14\">\r\n<link rel=File-List href=\"a69_f39c_archivos\/filelist.xml\">\r\n<style id=\"a69_f39c_6002_Styles\">\r\n<!--table\r\n\t{mso-displayed-decimal-separator:\"\\.\";\r\n\tmso-displayed-thousand-separator:\"\\,\";}\r\n.xl156002\r\n\t{padding-top:1px;\r\n\tpadding-right:1px;\r\n\tpadding-left:1px;\r\n\tmso-ignore:padding;\r\n\tcolor:black;\r\n\tfont-size:11.0pt;\r\n\tfont-weight:400;\r\n\tfont-style:normal;\r\n\ttext-decoration:none;\r\n\tfont-family:Calibri, sans-serif;\r\n\tmso-font-charset:0;\r\n\tmso-number-format:General;\r\n\ttext-align:general;\r\n\tvertical-align:bottom;\r\n\tmso-background-source:auto;\r\n\tmso-pattern:auto;\r\n\twhite-space:nowrap;}\r\n.xl646002\r\n\t{padding-top:1px;\r\n\tpadding-right:1px;\r\n\tpadding-left:1px;\r\n\tmso-ignore:padding;\r\n\tcolor:black;\r\n\tfont-size:10.0pt;\r\n\tfont-weight:400;\r\n\tfont-style:normal;\r\n\ttext-decoration:none;\r\n\tfont-family:Arial;\r\n\tmso-generic-font-family:auto;\r\n\tmso-font-charset:0;\r\n\tmso-number-format:General;\r\n\ttext-align:center;\r\n\tvertical-align:bottom;\r\n\tborder:.5pt solid windowtext;\r\n\tbackground:#E1E1E1;\r\n\tmso-pattern:black none;\r\n\twhite-space:normal;}\r\n.xl656002\r\n\t{padding-top:1px;\r\n\tpadding-right:1px;\r\n\tpadding-left:1px;\r\n\tmso-ignore:padding;\r\n\tcolor:white;\r\n\tfont-size:11.0pt;\r\n\tfont-weight:700;\r\n\tfont-style:normal;\r\n\ttext-decoration:none;\r\n\tfont-family:Arial;\r\n\tmso-generic-font-family:auto;\r\n\tmso-font-charset:0;\r\n\tmso-number-format:General;\r\n\ttext-align:center;\r\n\tvertical-align:bottom;\r\n\tborder:.5pt solid windowtext;\r\n\tbackground:#333333;\r\n\tmso-pattern:black none;\r\n\twhite-space:nowrap;}\r\n.xl666002\r\n\t{padding-top:1px;\r\n\tpadding-right:1px;\r\n\tpadding-left:1px;\r\n\tmso-ignore:padding;\r\n\tcolor:black;\r\n\tfont-size:10.0pt;\r\n\tfont-weight:400;\r\n\tfont-style:normal;\r\n\ttext-decoration:none;\r\n\tfont-family:Arial;\r\n\tmso-generic-font-family:auto;\r\n\tmso-font-charset:0;\r\n\tmso-number-format:General;\r\n\ttext-align:general;\r\n\tvertical-align:bottom;\r\n\tborder:.5pt solid windowtext;\r\n\tbackground:#E1E1E1;\r\n\tmso-pattern:black none;\r\n\twhite-space:nowrap;}\r\n.xl676002\r\n\t{padding-top:1px;\r\n\tpadding-right:1px;\r\n\tpadding-left:1px;\r\n\tmso-ignore:padding;\r\n\tcolor:black;\r\n\tfont-size:11.0pt;\r\n\tfont-weight:400;\r\n\tfont-style:normal;\r\n\ttext-decoration:none;\r\n\tfont-family:Calibri, sans-serif;\r\n\tmso-font-charset:0;\r\n\tmso-number-format:General;\r\n\ttext-align:general;\r\n\tvertical-align:bottom;\r\n\tborder:.5pt solid windowtext;\r\n\tmso-background-source:auto;\r\n\tmso-pattern:auto;\r\n\twhite-space:nowrap;}\r\n.xl686002\r\n\t{padding-top:1px;\r\n\tpadding-right:1px;\r\n\tpadding-left:1px;\r\n\tmso-ignore:padding;\r\n\tcolor:black;\r\n\tfont-size:11.0pt;\r\n\tfont-weight:400;\r\n\tfont-style:normal;\r\n\ttext-decoration:none;\r\n\tfont-family:Calibri, sans-serif;\r\n\tmso-font-charset:0;\r\n\tmso-number-format:\"Short Date\";\r\n\ttext-align:general;\r\n\tvertical-align:bottom;\r\n\tborder:.5pt solid windowtext;\r\n\tmso-background-source:auto;\r\n\tmso-pattern:auto;\r\n\twhite-space:nowrap;}\r\n.xl696002\r\n\t{padding-top:1px;\r\n\tpadding-right:1px;\r\n\tpadding-left:1px;\r\n\tmso-ignore:padding;\r\n\tcolor:black;\r\n\tfont-size:11.0pt;\r\n\tfont-weight:400;\r\n\tfont-style:normal;\r\n\ttext-decoration:none;\r\n\tfont-family:Calibri, sans-serif;\r\n\tmso-font-charset:0;\r\n\tmso-number-format:\"Short Date\";\r\n\ttext-align:right;\r\n\tvertical-align:bottom;\r\n\tborder:.5pt solid windowtext;\r\n\tmso-background-source:auto;\r\n\tmso-pattern:auto;\r\n\twhite-space:nowrap;}\r\n.xl706002\r\n\t{padding-top:1px;\r\n\tpadding-right:1px;\r\n\tpadding-left:1px;\r\n\tmso-ignore:padding;\r\n\tcolor:blue;\r\n\tfont-size:11.0pt;\r\n\tfont-weight:400;\r\n\tfont-style:normal;\r\n\ttext-decoration:underline;\r\n\ttext-underline-style:single;\r\n\tfont-family:Calibri, sans-serif;\r\n\tmso-font-charset:0;\r\n\tmso-number-format:General;\r\n\ttext-align:general;\r\n\tvertical-align:bottom;\r\n\tborder:.5pt solid windowtext;\r\n\tmso-background-source:auto;\r\n\tmso-pattern:auto;\r\n\twhite-space:nowrap;}\r\n-->\r\n<\/style>\r\n<\/head>\r\n\r\n<body>\r\n<!--[if !excel]>&nbsp;&nbsp;<![endif]-->\r\n<!--La siguiente informaci\u00f3n se gener\u00f3 mediante el Asistente para publicar como\r\np\u00e1gina web de Microsoft Excel.-->\r\n<!--Si se vuelve a publicar el mismo elemento desde Excel, se reemplazar\u00e1 toda\r\nla informaci\u00f3n comprendida entre las etiquetas DIV.-->\r\n<!----------------------------->\r\n<!--INICIO DE LOS RESULTADOS DEL ASISTENTE PARA PUBLICAR COMO P\u00c1GINA WEB DE\r\nEXCEL -->\r\n<!----------------------------->\r\n\r\n<div id=\"a69_f39c_6002\" align=center x:publishsource=\"Excel\">\r\n\r\n<table border=0 cellpadding=0 cellspacing=0 width=2525 style='border-collapse:\r\n collapse;table-layout:fixed;width:1895pt'>\r\n <col width=56 style='mso-width-source:userset;mso-width-alt:2048;width:42pt'>\r\n <col width=255 style='mso-width-source:userset;mso-width-alt:9325;width:191pt'>\r\n <col width=210 style='mso-width-source:userset;mso-width-alt:7680;width:158pt'>\r\n <col width=138 style='mso-width-source:userset;mso-width-alt:5046;width:104pt'>\r\n <col width=95 style='mso-width-source:userset;mso-width-alt:3474;width:71pt'>\r\n <col width=108 style='mso-width-source:userset;mso-width-alt:3949;width:81pt'>\r\n <col width=286 style='mso-width-source:userset;mso-width-alt:10459;width:215pt'>\r\n <col width=390 style='mso-width-source:userset;mso-width-alt:14262;width:293pt'>\r\n <col width=156 style='mso-width-source:userset;mso-width-alt:5705;width:117pt'>\r\n <col width=512 style='mso-width-source:userset;mso-width-alt:18724;width:384pt'>\r\n <col width=123 style='mso-width-source:userset;mso-width-alt:4498;width:92pt'>\r\n <col width=140 style='mso-width-source:userset;mso-width-alt:5120;width:105pt'>\r\n <col width=56 style='mso-width-source:userset;mso-width-alt:2048;width:42pt'>\r\n <tr height=0 style='display:none'>\r\n  <td class=xl156002 width=56 style='width:42pt'>46778<\/td>\r\n  <td class=xl156002 width=255 style='width:191pt'><\/td>\r\n  <td class=xl156002 width=210 style='width:158pt'><\/td>\r\n  <td class=xl156002 width=138 style='width:104pt'><\/td>\r\n  <td class=xl156002 width=95 style='width:71pt'><\/td>\r\n  <td class=xl156002 width=108 style='width:81pt'><\/td>\r\n  <td class=xl156002 width=286 style='width:215pt'><\/td>\r\n  <td class=xl156002 width=390 style='width:293pt'><\/td>\r\n  <td class=xl156002 width=156 style='width:117pt'><\/td>\r\n  <td class=xl156002 width=512 style='width:384pt'><\/td>\r\n  <td class=xl156002 width=123 style='width:92pt'><\/td>\r\n  <td class=xl156002 width=140 style='width:105pt'><\/td>\r\n  <td class=xl156002 width=56 style='width:42pt'><\/td>\r\n <\/tr>\r\n <tr height=20 style='height:15.0pt'>\r\n  <td colspan=3 height=20 class=xl656002 style='height:15.0pt'>T\u00cdTULO<\/td>\r\n  <td colspan=3 class=xl656002>NOMBRE CORTO<\/td>\r\n  <td colspan=3 class=xl656002>DESCRIPCI\u00d3N<\/td>\r\n  <td class=xl156002><\/td>\r\n  <td class=xl156002><\/td>\r\n  <td class=xl156002><\/td>\r\n  <td class=xl156002><\/td>\r\n <\/tr>\r\n <tr height=20 style='height:15.0pt'>\r\n  <td colspan=3 height=20 class=xl666002 style='height:15.0pt'>Actas y\r\n  resoluciones Comit\u00e9 de Transparencia_Integrantes del Comit\u00e9 de Transparencia<\/td>\r\n  <td colspan=3 class=xl666002>a69_f39c<\/td>\r\n  <td colspan=3 class=xl666002>Se detallar\u00e1n los datos del presidente y los\r\n  dem\u00e1s integrantes del Comit\u00e9 de Transparencia, del sujeto obligado para\r\n  cumplir con las funciones establecidas en el Cap\u00edtulo III, T\u00edtulo Segundo de\r\n  la Ley General, independientemente de que su nivel sea menor al de jefe de\r\n  departamento u hom\u00f3logo<\/td>\r\n  <td class=xl156002><\/td>\r\n  <td class=xl156002><\/td>\r\n  <td class=xl156002><\/td>\r\n  <td class=xl156002><\/td>\r\n <\/tr>\r\n <tr height=0 style='display:none'>\r\n  <td class=xl156002>1<\/td>\r\n  <td class=xl156002>4<\/td>\r\n  <td class=xl156002>4<\/td>\r\n  <td class=xl156002>1<\/td>\r\n  <td class=xl156002>1<\/td>\r\n  <td class=xl156002>1<\/td>\r\n  <td class=xl156002>1<\/td>\r\n  <td class=xl156002>1<\/td>\r\n  <td class=xl156002>1<\/td>\r\n  <td class=xl156002>2<\/td>\r\n  <td class=xl156002>4<\/td>\r\n  <td class=xl156002>13<\/td>\r\n  <td class=xl156002>14<\/td>\r\n <\/tr>\r\n <tr height=0 style='display:none'>\r\n  <td class=xl156002>397227<\/td>\r\n  <td class=xl156002>397228<\/td>\r\n  <td class=xl156002>397229<\/td>\r\n  <td class=xl156002>397232<\/td>\r\n  <td class=xl156002>397233<\/td>\r\n  <td class=xl156002>397234<\/td>\r\n  <td class=xl156002>397222<\/td>\r\n  <td class=xl156002>397223<\/td>\r\n  <td class=xl156002>397226<\/td>\r\n  <td class=xl156002>397230<\/td>\r\n  <td class=xl156002>397224<\/td>\r\n  <td class=xl156002>397225<\/td>\r\n  <td class=xl156002>397231<\/td>\r\n <\/tr>\r\n <tr height=20 style='height:15.0pt'>\r\n  <td colspan=13 height=20 class=xl656002 style='height:15.0pt'>Tabla Campos<\/td>\r\n <\/tr>\r\n <tr height=35 style='height:26.25pt'>\r\n  <td height=35 class=xl646002 width=56 style='height:26.25pt;width:42pt'>Ejercicio<\/td>\r\n  <td class=xl646002 width=255 style='border-left:none;width:191pt'>Fecha de\r\n  inicio del periodo que se informa<\/td>\r\n  <td class=xl646002 width=210 style='border-left:none;width:158pt'>Fecha de\r\n  t\u00e9rmino del periodo que se informa<\/td>\r\n  <td class=xl646002 width=138 style='border-left:none;width:104pt'>Nombre(s)<\/td>\r\n  <td class=xl646002 width=95 style='border-left:none;width:71pt'>Primer\r\n  apellido<\/td>\r\n  <td class=xl646002 width=108 style='border-left:none;width:81pt'>Segundo\r\n  apellido<\/td>\r\n  <td class=xl646002 width=286 style='border-left:none;width:215pt'>Cargo o\r\n  puesto que ocupa en el sujeto obligado<\/td>\r\n  <td class=xl646002 width=390 style='border-left:none;width:293pt'>Cargo y\/o\r\n  funci\u00f3n que desempe\u00f1a en el Comit\u00e9 de Transparencia<\/td>\r\n  <td class=xl646002 width=156 style='border-left:none;width:117pt'>Correo\r\n  electr\u00f3nico oficial<span style='mso-spacerun:yes'>\u00a0<\/span><\/td>\r\n  <td class=xl646002 width=512 style='border-left:none;width:384pt'>\u00c1rea(s)\r\n  responsable(s) que genera(n), posee(n), publica(n) y actualizan la\r\n  informaci\u00f3n<\/td>\r\n  <td class=xl646002 width=123 style='border-left:none;width:92pt'>Fecha de\r\n  validaci\u00f3n<\/td>\r\n  <td class=xl646002 width=140 style='border-left:none;width:105pt'>Fecha de\r\n  actualizaci\u00f3n<\/td>\r\n  <td class=xl646002 width=56 style='border-left:none;width:42pt'>Nota<\/td>\r\n <\/tr>\r\n <tr height=20 style='height:15.0pt'>\r\n  <td height=20 class=xl676002 align=right style='height:15.0pt;border-top:\r\n  none'>2019<\/td>\r\n  <td class=xl686002 align=right style='border-top:none;border-left:none'>01\/01\/2019<\/td>\r\n  <td class=xl696002 style='border-top:none;border-left:none'>31\/06\/2019<\/td>\r\n  <td class=xl676002 style='border-top:none;border-left:none'>Vicente<span\r\n  style='mso-spacerun:yes'>\u00a0<\/span><\/td>\r\n  <td class=xl676002 style='border-top:none;border-left:none'>Mu\u00f1oz<span\r\n  style='mso-spacerun:yes'>\u00a0<\/span><\/td>\r\n  <td class=xl676002 style='border-top:none;border-left:none'>Fern\u00e1ndez<\/td>\r\n  <td class=xl676002 style='border-top:none;border-left:none'>Titular de la\r\n  Unidad de Transparencia<\/td>\r\n  <td class=xl676002 style='border-top:none;border-left:none'>Presidente del\r\n  Comit\u00e9 de Transparencia<\/td>\r\n  <td class=xl706002 style='border-top:none;border-left:none'><a\r\n  href=\"mailto:transparencia@apan.gob.mx\">transparencia@apan.gob<span\r\n  style='display:none'>.mx<\/span><\/a><\/td>\r\n  <td class=xl676002 style='border-top:none;border-left:none'>Unidad de\r\n  Transparencia<\/td>\r\n  <td class=xl686002 align=right style='border-top:none;border-left:none'>05\/07\/2019<\/td>\r\n  <td class=xl686002 align=right style='border-top:none;border-left:none'>01\/01\/2019<\/td>\r\n  <td class=xl676002 style='border-top:none;border-left:none'>&nbsp;<\/td>\r\n <\/tr>\r\n <tr height=20 style='height:15.0pt'>\r\n  <td height=20 class=xl676002 align=right style='height:15.0pt;border-top:\r\n  none'>2019<\/td>\r\n  <td class=xl686002 align=right style='border-top:none;border-left:none'>01\/01\/2019<\/td>\r\n  <td class=xl676002 style='border-top:none;border-left:none'>31\/06\/2019<\/td>\r\n  <td class=xl676002 style='border-top:none;border-left:none'>Jes\u00fas Edwin<span\r\n  style='mso-spacerun:yes'>\u00a0<\/span><\/td>\r\n  <td class=xl676002 style='border-top:none;border-left:none'>Contreras<span\r\n  style='mso-spacerun:yes'>\u00a0<\/span><\/td>\r\n  <td class=xl676002 style='border-top:none;border-left:none'>Amador<\/td>\r\n  <td class=xl676002 style='border-top:none;border-left:none'>Contralor\r\n  Municipal<\/td>\r\n  <td class=xl676002 style='border-top:none;border-left:none'>Integrante del\r\n  Comit\u00e9 de Transparencia<\/td>\r\n  <td class=xl706002 style='border-top:none;border-left:none'><a\r\n  href=\"mailto:contraloria@apan.gob.mx\">contraloria@apan.gob.m<span\r\n  style='display:none'>x<\/span><\/a><\/td>\r\n  <td class=xl676002 style='border-top:none;border-left:none'>Unidad de\r\n  Transparencia<\/td>\r\n  <td class=xl686002 align=right style='border-top:none;border-left:none'>05\/07\/2019<\/td>\r\n  <td class=xl686002 align=right style='border-top:none;border-left:none'>01\/01\/2019<\/td>\r\n  <td class=xl676002 style='border-top:none;border-left:none'>&nbsp;<\/td>\r\n <\/tr>\r\n <tr height=20 style='height:15.0pt'>\r\n  <td height=20 class=xl676002 align=right style='height:15.0pt;border-top:\r\n  none'>2019<\/td>\r\n  <td class=xl686002 align=right style='border-top:none;border-left:none'>01\/01\/2019<\/td>\r\n  <td class=xl676002 style='border-top:none;border-left:none'>31\/06\/2019<\/td>\r\n  <td class=xl676002 style='border-top:none;border-left:none'>Rodr\u00edgo<span\r\n  style='mso-spacerun:yes'>\u00a0<\/span><\/td>\r\n  <td class=xl676002 style='border-top:none;border-left:none'>Jim\u00e9nez<span\r\n  style='mso-spacerun:yes'>\u00a0<\/span><\/td>\r\n  <td class=xl676002 style='border-top:none;border-left:none'>Rodr\u00edguez<\/td>\r\n  <td class=xl676002 style='border-top:none;border-left:none'>Oficial del\r\n  Registro del Estado Familiar<\/td>\r\n  <td class=xl676002 style='border-top:none;border-left:none'>Integrante del\r\n  Comit\u00e9 de Transparencia<\/td>\r\n  <td class=xl706002 style='border-top:none;border-left:none'><a\r\n  href=\"mailto:regestadofamiliarapan@gmail.com\">regestadofamiliarapan@<span\r\n  style='display:none'>gmail.com<\/span><\/a><\/td>\r\n  <td class=xl676002 style='border-top:none;border-left:none'>Unidad de\r\n  Transparencia<\/td>\r\n  <td class=xl686002 align=right style='border-top:none;border-left:none'>05\/07\/2019<\/td>\r\n  <td class=xl686002 align=right style='border-top:none;border-left:none'>01\/01\/2019<\/td>\r\n  <td class=xl676002 style='border-top:none;border-left:none'>&nbsp;<\/td>\r\n <\/tr>\r\n <![if supportMisalignedColumns]>\r\n <tr height=0 style='display:none'>\r\n  <td width=56 style='width:42pt'><\/td>\r\n  <td width=255 style='width:191pt'><\/td>\r\n  <td width=210 style='width:158pt'><\/td>\r\n  <td width=138 style='width:104pt'><\/td>\r\n  <td width=95 style='width:71pt'><\/td>\r\n  <td width=108 style='width:81pt'><\/td>\r\n  <td width=286 style='width:215pt'><\/td>\r\n  <td width=390 style='width:293pt'><\/td>\r\n  <td width=156 style='width:117pt'><\/td>\r\n  <td width=512 style='width:384pt'><\/td>\r\n  <td width=123 style='width:92pt'><\/td>\r\n  <td width=140 style='width:105pt'><\/td>\r\n  <td width=56 style='width:42pt'><\/td>\r\n <\/tr>\r\n <![endif]>\r\n<\/table>\r\n\r\n<\/div>\r\n\r\n\r\n<!----------------------------->\r\n<!--FINAL DE LOS RESULTADOS DEL ASISTENTE PARA PUBLICAR COMO P\u00c1GINA WEB DE\r\nEXCEL-->\r\n<!----------------------------->\r\n<\/body>\r\n\r\n<\/html>\r\n\t\t\t\t<\/div>\n\t\t\t\t<\/div>\n\t\t\t\t\t<\/div>\n\t\t<\/div>\n\t\t\t\t\t<\/div>\n\t\t<\/section>\n\t\t\t\t<\/div>\n\t\t","protected":false},"excerpt":{"rendered":"<p>&nbsp; Fracci\u00f3n XXXIX c &nbsp; &lt;![if supportMisalignedColumns]&gt;&lt;![endif]&gt; 46778 T\u00cdTULO NOMBRE CORTO DESCRIPCI\u00d3N Actas y resoluciones Comit\u00e9 de Transparencia_Integrantes del Comit\u00e9 de Transparencia a69_f39c Se detallar\u00e1n los datos del presidente y los dem\u00e1s integrantes del Comit\u00e9 de Transparencia, del sujeto obligado para cumplir con las funciones establecidas en el Cap\u00edtulo III, T\u00edtulo Segundo de la Ley [&hellip;]<\/p>\n","protected":false},"author":1,"featured_media":0,"parent":6108,"menu_order":0,"comment_status":"closed","ping_status":"closed","template":"page-template-full.php","meta":{"footnotes":""},"class_list":["post-6180","page","type-page","status-publish","hentry"],"jetpack_sharing_enabled":true,"_links":{"self":[{"href":"https:\/\/apan.gob.mx\/portal\/wp-json\/wp\/v2\/pages\/6180","targetHints":{"allow":["GET"]}}],"collection":[{"href":"https:\/\/apan.gob.mx\/portal\/wp-json\/wp\/v2\/pages"}],"about":[{"href":"https:\/\/apan.gob.mx\/portal\/wp-json\/wp\/v2\/types\/page"}],"author":[{"embeddable":true,"href":"https:\/\/apan.gob.mx\/portal\/wp-json\/wp\/v2\/users\/1"}],"replies":[{"embeddable":true,"href":"https:\/\/apan.gob.mx\/portal\/wp-json\/wp\/v2\/comments?post=6180"}],"version-history":[{"count":3,"href":"https:\/\/apan.gob.mx\/portal\/wp-json\/wp\/v2\/pages\/6180\/revisions"}],"predecessor-version":[{"id":6186,"href":"https:\/\/apan.gob.mx\/portal\/wp-json\/wp\/v2\/pages\/6180\/revisions\/6186"}],"up":[{"embeddable":true,"href":"https:\/\/apan.gob.mx\/portal\/wp-json\/wp\/v2\/pages\/6108"}],"wp:attachment":[{"href":"https:\/\/apan.gob.mx\/portal\/wp-json\/wp\/v2\/media?parent=6180"}],"curies":[{"name":"wp","href":"https:\/\/api.w.org\/{rel}","templated":true}]}}