{"id":6187,"date":"2019-07-01T18:54:04","date_gmt":"2019-07-01T23:54:04","guid":{"rendered":"https:\/\/apan.gob.mx\/portal\/?page_id=6187"},"modified":"2019-07-01T18:56:39","modified_gmt":"2019-07-01T23:56:39","slug":"6187-2","status":"publish","type":"page","link":"https:\/\/apan.gob.mx\/portal\/2-trimestre-2019\/6187-2\/","title":{"rendered":"<!--transparencia_39d_2019_2-->"},"content":{"rendered":"\t\t<div data-elementor-type=\"wp-page\" data-elementor-id=\"6187\" class=\"elementor elementor-6187 elementor-bc-flex-widget\">\n\t\t\t\t\t\t<section class=\"has_ae_slider elementor-section elementor-top-section elementor-element elementor-element-gxjgyoy elementor-section-boxed elementor-section-height-default elementor-section-height-default ae-bg-gallery-type-default\" data-id=\"gxjgyoy\" data-element_type=\"section\" data-e-type=\"section\">\n\t\t\t\t\t\t<div class=\"elementor-container elementor-column-gap-default\">\n\t\t\t\t\t<div class=\"has_ae_slider elementor-column elementor-col-100 elementor-top-column elementor-element elementor-element-iiokdgk ae-bg-gallery-type-default\" data-id=\"iiokdgk\" data-element_type=\"column\" data-e-type=\"column\">\n\t\t\t<div class=\"elementor-widget-wrap elementor-element-populated\">\n\t\t\t\t\t\t<div class=\"elementor-element elementor-element-tgykjgh elementor-widget elementor-widget-heading\" data-id=\"tgykjgh\" data-element_type=\"widget\" data-e-type=\"widget\" data-widget_type=\"heading.default\">\n\t\t\t\t<div class=\"elementor-widget-container\">\n\t\t\t\t\t<h2 class=\"elementor-heading-title elementor-size-medium\">Fracci\u00f3n XXXIX d<\/h2>\t\t\t\t<\/div>\n\t\t\t\t<\/div>\n\t\t\t\t<div class=\"elementor-element elementor-element-zipvvjy elementor-widget elementor-widget-html\" data-id=\"zipvvjy\" data-element_type=\"widget\" data-e-type=\"widget\" data-widget_type=\"html.default\">\n\t\t\t\t<div class=\"elementor-widget-container\">\n\t\t\t\t\t<html xmlns:o=\"urn:schemas-microsoft-com:office:office\"\r\nxmlns:x=\"urn:schemas-microsoft-com:office:excel\"\r\nxmlns=\"http:\/\/www.w3.org\/TR\/REC-html40\">\r\n\r\n<head>\r\n<meta http-equiv=Content-Type content=\"text\/html; charset=windows-1252\">\r\n<meta name=ProgId content=Excel.Sheet>\r\n<meta name=Generator content=\"Microsoft Excel 14\">\r\n<link rel=File-List href=\"a69_f39d_archivos\/filelist.xml\">\r\n<style id=\"a69_f39d_16693_Styles\">\r\n<!--table\r\n\t{mso-displayed-decimal-separator:\"\\.\";\r\n\tmso-displayed-thousand-separator:\"\\,\";}\r\n.xl1516693\r\n\t{padding-top:1px;\r\n\tpadding-right:1px;\r\n\tpadding-left:1px;\r\n\tmso-ignore:padding;\r\n\tcolor:black;\r\n\tfont-size:11.0pt;\r\n\tfont-weight:400;\r\n\tfont-style:normal;\r\n\ttext-decoration:none;\r\n\tfont-family:Calibri, sans-serif;\r\n\tmso-font-charset:0;\r\n\tmso-number-format:General;\r\n\ttext-align:general;\r\n\tvertical-align:bottom;\r\n\tmso-background-source:auto;\r\n\tmso-pattern:auto;\r\n\twhite-space:nowrap;}\r\n.xl6316693\r\n\t{padding-top:1px;\r\n\tpadding-right:1px;\r\n\tpadding-left:1px;\r\n\tmso-ignore:padding;\r\n\tcolor:black;\r\n\tfont-size:10.0pt;\r\n\tfont-weight:400;\r\n\tfont-style:normal;\r\n\ttext-decoration:none;\r\n\tfont-family:Arial;\r\n\tmso-generic-font-family:auto;\r\n\tmso-font-charset:0;\r\n\tmso-number-format:General;\r\n\ttext-align:center;\r\n\tvertical-align:bottom;\r\n\tborder:.5pt solid windowtext;\r\n\tbackground:#E1E1E1;\r\n\tmso-pattern:black none;\r\n\twhite-space:normal;}\r\n.xl6416693\r\n\t{padding-top:1px;\r\n\tpadding-right:1px;\r\n\tpadding-left:1px;\r\n\tmso-ignore:padding;\r\n\tcolor:black;\r\n\tfont-size:11.0pt;\r\n\tfont-weight:400;\r\n\tfont-style:normal;\r\n\ttext-decoration:none;\r\n\tfont-family:Calibri, sans-serif;\r\n\tmso-font-charset:0;\r\n\tmso-number-format:General;\r\n\ttext-align:general;\r\n\tvertical-align:bottom;\r\n\tborder:.5pt solid windowtext;\r\n\tmso-background-source:auto;\r\n\tmso-pattern:auto;\r\n\twhite-space:nowrap;}\r\n.xl6516693\r\n\t{padding-top:1px;\r\n\tpadding-right:1px;\r\n\tpadding-left:1px;\r\n\tmso-ignore:padding;\r\n\tcolor:black;\r\n\tfont-size:11.0pt;\r\n\tfont-weight:400;\r\n\tfont-style:normal;\r\n\ttext-decoration:none;\r\n\tfont-family:Calibri, sans-serif;\r\n\tmso-font-charset:0;\r\n\tmso-number-format:\"Short Date\";\r\n\ttext-align:general;\r\n\tvertical-align:bottom;\r\n\tborder:.5pt solid windowtext;\r\n\tmso-background-source:auto;\r\n\tmso-pattern:auto;\r\n\twhite-space:nowrap;}\r\n.xl6616693\r\n\t{padding-top:1px;\r\n\tpadding-right:1px;\r\n\tpadding-left:1px;\r\n\tmso-ignore:padding;\r\n\tcolor:white;\r\n\tfont-size:11.0pt;\r\n\tfont-weight:700;\r\n\tfont-style:normal;\r\n\ttext-decoration:none;\r\n\tfont-family:Arial;\r\n\tmso-generic-font-family:auto;\r\n\tmso-font-charset:0;\r\n\tmso-number-format:General;\r\n\ttext-align:center;\r\n\tvertical-align:bottom;\r\n\tborder:.5pt solid windowtext;\r\n\tbackground:#333333;\r\n\tmso-pattern:black none;\r\n\twhite-space:nowrap;}\r\n.xl6716693\r\n\t{padding-top:1px;\r\n\tpadding-right:1px;\r\n\tpadding-left:1px;\r\n\tmso-ignore:padding;\r\n\tcolor:black;\r\n\tfont-size:10.0pt;\r\n\tfont-weight:400;\r\n\tfont-style:normal;\r\n\ttext-decoration:none;\r\n\tfont-family:Arial;\r\n\tmso-generic-font-family:auto;\r\n\tmso-font-charset:0;\r\n\tmso-number-format:General;\r\n\ttext-align:general;\r\n\tvertical-align:bottom;\r\n\tborder:.5pt solid windowtext;\r\n\tbackground:#E1E1E1;\r\n\tmso-pattern:black none;\r\n\twhite-space:nowrap;}\r\n-->\r\n<\/style>\r\n<\/head>\r\n\r\n<body>\r\n<!--[if !excel]>&nbsp;&nbsp;<![endif]-->\r\n<!--La siguiente informaci\u00f3n se gener\u00f3 mediante el Asistente para publicar como\r\np\u00e1gina web de Microsoft Excel.-->\r\n<!--Si se vuelve a publicar el mismo elemento desde Excel, se reemplazar\u00e1 toda\r\nla informaci\u00f3n comprendida entre las etiquetas DIV.-->\r\n<!----------------------------->\r\n<!--INICIO DE LOS RESULTADOS DEL ASISTENTE PARA PUBLICAR COMO P\u00c1GINA WEB DE\r\nEXCEL -->\r\n<!----------------------------->\r\n\r\n<div id=\"a69_f39d_16693\" align=center x:publishsource=\"Excel\">\r\n\r\n<table border=0 cellpadding=0 cellspacing=0 width=2783 style='border-collapse:\r\n collapse;table-layout:fixed;width:2087pt'>\r\n <col width=56 style='mso-width-source:userset;mso-width-alt:2048;width:42pt'>\r\n <col width=290 style='mso-width-source:userset;mso-width-alt:10605;width:218pt'>\r\n <col width=307 style='mso-width-source:userset;mso-width-alt:11227;width:230pt'>\r\n <col width=112 style='mso-width-source:userset;mso-width-alt:4096;width:84pt'>\r\n <col width=56 span=2 style='mso-width-source:userset;mso-width-alt:2048;\r\n width:42pt'>\r\n <col width=200 style='mso-width-source:userset;mso-width-alt:7314;width:150pt'>\r\n <col width=512 style='mso-width-source:userset;mso-width-alt:18724;width:384pt'>\r\n <col width=123 style='mso-width-source:userset;mso-width-alt:4498;width:92pt'>\r\n <col width=140 style='mso-width-source:userset;mso-width-alt:5120;width:105pt'>\r\n <col width=931 style='mso-width-source:userset;mso-width-alt:34048;width:698pt'>\r\n <tr height=0 style='display:none'>\r\n  <td class=xl1516693 width=56 style='width:42pt'>46779<\/td>\r\n  <td class=xl1516693 width=290 style='width:218pt'><\/td>\r\n  <td class=xl1516693 width=307 style='width:230pt'><\/td>\r\n  <td class=xl1516693 width=112 style='width:84pt'><\/td>\r\n  <td class=xl1516693 width=56 style='width:42pt'><\/td>\r\n  <td class=xl1516693 width=56 style='width:42pt'><\/td>\r\n  <td class=xl1516693 width=200 style='width:150pt'><\/td>\r\n  <td class=xl1516693 width=512 style='width:384pt'><\/td>\r\n  <td class=xl1516693 width=123 style='width:92pt'><\/td>\r\n  <td class=xl1516693 width=140 style='width:105pt'><\/td>\r\n  <td class=xl1516693 width=931 style='width:698pt'><\/td>\r\n <\/tr>\r\n <tr height=20 style='height:15.0pt'>\r\n  <td colspan=3 height=20 class=xl6616693 style='height:15.0pt'>T\u00cdTULO<\/td>\r\n  <td colspan=3 class=xl6616693>NOMBRE CORTO<\/td>\r\n  <td colspan=3 class=xl6616693>DESCRIPCI\u00d3N<\/td>\r\n  <td class=xl1516693><\/td>\r\n  <td class=xl1516693><\/td>\r\n <\/tr>\r\n <tr height=20 style='height:15.0pt'>\r\n  <td colspan=3 height=20 class=xl6716693 style='height:15.0pt'>Actas y\r\n  resoluciones Comit\u00e9 de Transparencia_Calendario de sesiones ordinarias del\r\n  Comit\u00e9 de Transparencia<\/td>\r\n  <td colspan=3 class=xl6716693>a69_f39d<\/td>\r\n  <td colspan=3 class=xl6716693>Se publicar\u00e1 la informaci\u00f3n relacionada con el\r\n  calendario de sesiones ordinarias del Comit\u00e9 de Transparencia<\/td>\r\n  <td class=xl1516693><\/td>\r\n  <td class=xl1516693><\/td>\r\n <\/tr>\r\n <tr height=0 style='display:none'>\r\n  <td class=xl1516693>1<\/td>\r\n  <td class=xl1516693>4<\/td>\r\n  <td class=xl1516693>4<\/td>\r\n  <td class=xl1516693>1<\/td>\r\n  <td class=xl1516693>1<\/td>\r\n  <td class=xl1516693>1<\/td>\r\n  <td class=xl1516693>7<\/td>\r\n  <td class=xl1516693>2<\/td>\r\n  <td class=xl1516693>4<\/td>\r\n  <td class=xl1516693>13<\/td>\r\n  <td class=xl1516693>14<\/td>\r\n <\/tr>\r\n <tr height=0 style='display:none'>\r\n  <td class=xl1516693>397235<\/td>\r\n  <td class=xl1516693>397241<\/td>\r\n  <td class=xl1516693>397242<\/td>\r\n  <td class=xl1516693>397236<\/td>\r\n  <td class=xl1516693>397237<\/td>\r\n  <td class=xl1516693>397238<\/td>\r\n  <td class=xl1516693>397240<\/td>\r\n  <td class=xl1516693>397243<\/td>\r\n  <td class=xl1516693>397239<\/td>\r\n  <td class=xl1516693>397244<\/td>\r\n  <td class=xl1516693>397245<\/td>\r\n <\/tr>\r\n <tr height=20 style='height:15.0pt'>\r\n  <td colspan=11 height=20 class=xl6616693 style='height:15.0pt'>Tabla Campos<\/td>\r\n <\/tr>\r\n <tr height=35 style='height:26.25pt'>\r\n  <td height=35 class=xl6316693 width=56 style='height:26.25pt;width:42pt'>Ejercicio<\/td>\r\n  <td class=xl6316693 width=290 style='border-left:none;width:218pt'>Fecha de\r\n  inicio del periodo que se informa<\/td>\r\n  <td class=xl6316693 width=307 style='border-left:none;width:230pt'>Fecha de\r\n  t\u00e9rmino del periodo que se informa<\/td>\r\n  <td class=xl6316693 width=112 style='border-left:none;width:84pt'>N\u00famero de\r\n  sesi\u00f3n<\/td>\r\n  <td class=xl6316693 width=56 style='border-left:none;width:42pt'>Mes<\/td>\r\n  <td class=xl6316693 width=56 style='border-left:none;width:42pt'>D\u00eda<\/td>\r\n  <td class=xl6316693 width=200 style='border-left:none;width:150pt'>Hiperv\u00ednculo\r\n  al acta de la sesi\u00f3n<span style='mso-spacerun:yes'>\u00a0<\/span><\/td>\r\n  <td class=xl6316693 width=512 style='border-left:none;width:384pt'>\u00c1rea(s)\r\n  responsable(s) que genera(n), posee(n), publica(n) y actualizan la\r\n  informaci\u00f3n<\/td>\r\n  <td class=xl6316693 width=123 style='border-left:none;width:92pt'>Fecha de\r\n  validaci\u00f3n<\/td>\r\n  <td class=xl6316693 width=140 style='border-left:none;width:105pt'>Fecha de\r\n  actualizaci\u00f3n<\/td>\r\n  <td class=xl6316693 width=931 style='border-left:none;width:698pt'>Nota<\/td>\r\n <\/tr>\r\n <tr height=20 style='height:15.0pt'>\r\n  <td height=20 class=xl6416693 align=right style='height:15.0pt;border-top:\r\n  none'>2019<\/td>\r\n  <td class=xl6516693 align=right style='border-top:none;border-left:none'>01\/01\/2019<\/td>\r\n  <td class=xl6516693 align=right style='border-top:none;border-left:none'>01\/06\/2019<\/td>\r\n  <td class=xl6416693 align=right style='border-top:none;border-left:none'>0<\/td>\r\n  <td class=xl6416693 align=right style='border-top:none;border-left:none'>0<\/td>\r\n  <td class=xl6416693 align=right style='border-top:none;border-left:none'>0<\/td>\r\n  <td class=xl6416693 style='border-top:none;border-left:none'>&nbsp;<\/td>\r\n  <td class=xl6416693 style='border-top:none;border-left:none'>Unidad de\r\n  transparencia<span style='mso-spacerun:yes'>\u00a0<\/span><\/td>\r\n  <td class=xl6516693 align=right style='border-top:none;border-left:none'>05\/07\/2019<\/td>\r\n  <td class=xl6516693 align=right style='border-top:none;border-left:none'>01\/01\/2019<\/td>\r\n  <td class=xl6416693 style='border-top:none;border-left:none'>en los campo:\r\n  numero de sesio, me, dia e hipervinculo carecen de informacion ya que no se\r\n  ha generado aun el calendario de sesiones ordinarias.<span\r\n  style='mso-spacerun:yes'>\u00a0<\/span><\/td>\r\n <\/tr>\r\n <![if supportMisalignedColumns]>\r\n <tr height=0 style='display:none'>\r\n  <td width=56 style='width:42pt'><\/td>\r\n  <td width=290 style='width:218pt'><\/td>\r\n  <td width=307 style='width:230pt'><\/td>\r\n  <td width=112 style='width:84pt'><\/td>\r\n  <td width=56 style='width:42pt'><\/td>\r\n  <td width=56 style='width:42pt'><\/td>\r\n  <td width=200 style='width:150pt'><\/td>\r\n  <td width=512 style='width:384pt'><\/td>\r\n  <td width=123 style='width:92pt'><\/td>\r\n  <td width=140 style='width:105pt'><\/td>\r\n  <td width=931 style='width:698pt'><\/td>\r\n <\/tr>\r\n <![endif]>\r\n<\/table>\r\n\r\n<\/div>\r\n\r\n\r\n<!----------------------------->\r\n<!--FINAL DE LOS RESULTADOS DEL ASISTENTE PARA PUBLICAR COMO P\u00c1GINA WEB DE\r\nEXCEL-->\r\n<!----------------------------->\r\n<\/body>\r\n\r\n<\/html>\r\n\t\t\t\t<\/div>\n\t\t\t\t<\/div>\n\t\t\t\t\t<\/div>\n\t\t<\/div>\n\t\t\t\t\t<\/div>\n\t\t<\/section>\n\t\t\t\t<\/div>\n\t\t","protected":false},"excerpt":{"rendered":"<p>&nbsp; Fracci\u00f3n XXXIX d &nbsp; &lt;![if supportMisalignedColumns]&gt;&lt;![endif]&gt; 46779 T\u00cdTULO NOMBRE CORTO DESCRIPCI\u00d3N Actas y resoluciones Comit\u00e9 de Transparencia_Calendario de sesiones ordinarias del Comit\u00e9 de Transparencia a69_f39d Se publicar\u00e1 la informaci\u00f3n relacionada con el calendario de sesiones ordinarias del Comit\u00e9 de Transparencia 1 4 4 1 1 1 7 2 4 13 14 397235 397241 397242 [&hellip;]<\/p>\n","protected":false},"author":1,"featured_media":0,"parent":6108,"menu_order":0,"comment_status":"closed","ping_status":"closed","template":"page-template-full.php","meta":{"footnotes":""},"class_list":["post-6187","page","type-page","status-publish","hentry"],"jetpack_sharing_enabled":true,"_links":{"self":[{"href":"https:\/\/apan.gob.mx\/portal\/wp-json\/wp\/v2\/pages\/6187","targetHints":{"allow":["GET"]}}],"collection":[{"href":"https:\/\/apan.gob.mx\/portal\/wp-json\/wp\/v2\/pages"}],"about":[{"href":"https:\/\/apan.gob.mx\/portal\/wp-json\/wp\/v2\/types\/page"}],"author":[{"embeddable":true,"href":"https:\/\/apan.gob.mx\/portal\/wp-json\/wp\/v2\/users\/1"}],"replies":[{"embeddable":true,"href":"https:\/\/apan.gob.mx\/portal\/wp-json\/wp\/v2\/comments?post=6187"}],"version-history":[{"count":3,"href":"https:\/\/apan.gob.mx\/portal\/wp-json\/wp\/v2\/pages\/6187\/revisions"}],"predecessor-version":[{"id":6191,"href":"https:\/\/apan.gob.mx\/portal\/wp-json\/wp\/v2\/pages\/6187\/revisions\/6191"}],"up":[{"embeddable":true,"href":"https:\/\/apan.gob.mx\/portal\/wp-json\/wp\/v2\/pages\/6108"}],"wp:attachment":[{"href":"https:\/\/apan.gob.mx\/portal\/wp-json\/wp\/v2\/media?parent=6187"}],"curies":[{"name":"wp","href":"https:\/\/api.w.org\/{rel}","templated":true}]}}